{"id":16656,"date":"2025-01-21T05:44:39","date_gmt":"2025-01-21T05:44:39","guid":{"rendered":"https:\/\/www.hydraulic-cylinders.net\/product\/arm-cylinder-for-case-large-excavator-cx300b\/"},"modified":"2025-01-21T05:44:41","modified_gmt":"2025-01-21T05:44:41","slug":"arm-cylinder-for-case-large-excavator-cx300b","status":"publish","type":"product","link":"https:\/\/www.hydraulic-cylinders.net\/sv\/produkt\/arm-cylinder-for-case-large-excavator-cx300b\/","title":{"rendered":"Armcylinder f\u00f6r Case Large Excavator CX300B"},"content":{"rendered":"<h1>Armcylinder f\u00f6r Case Large Excavator CX300B<\/h1>\n<h2>Introduktion<\/h2>\n<p>Armcylindern f\u00f6r Case Large Excavator CX300B \u00e4r en specialiserad hydraulcylinder konstruerad f\u00f6r att ge linj\u00e4r r\u00f6relse och kraft till armen p\u00e5 olika maskiner, s\u00e5som gr\u00e4vmaskiner, kranar och robotarmar. Armcylindern spelar en avg\u00f6rande roll i hydraulsystem och m\u00f6jligg\u00f6r effektiv r\u00f6relse och styrning av ytterligare verktyg eller redskap. Dessa cylindrar s\u00e4kerst\u00e4ller inte bara j\u00e4mn r\u00f6relse utan t\u00e5l \u00e4ven tunga belastningar, vilket s\u00e4kerst\u00e4ller h\u00f6g driftseffektivitet och tillf\u00f6rlitlighet hos maskineriet under olika arbetsf\u00f6rh\u00e5llanden.<\/p>\n<p><img decoding=\"async\" src=\"https:\/\/www.hydraulic-cylinders.net\/wp-content\/uploads\/2025\/01\/songte-company-2.webp\" alt=\"Bild av armcylinder\"><\/p>\n<h2>Drag<\/h2>\n<ul>\n<li><strong>H\u00f6geffektiv transmission:<\/strong> Armcylindern ger kraftfull linj\u00e4r r\u00f6relse och kraft, vilket s\u00e4kerst\u00e4ller maskineriets h\u00f6ga prestanda under olika operationer.<\/li>\n<li><strong>Exakt kontroll:<\/strong> Genom hydrauliska system m\u00f6jligg\u00f6r armcylindern exakt r\u00f6relsekontroll, vilket g\u00f6r man\u00f6vreringen av anslutna verktyg mer flexibel och exakt.<\/li>\n<li><strong>Varaktighet:<\/strong> Armcylindrar tillverkas vanligtvis av h\u00f6gh\u00e5llfasta material, vilket ger utm\u00e4rkt slitage- och korrosionsbest\u00e4ndighet, vilket g\u00f6r dem l\u00e4mpliga f\u00f6r l\u00e5ngvarig anv\u00e4ndning i tuffa milj\u00f6er.<\/li>\n<li><strong>Multifunktionell anpassningsf\u00f6rm\u00e5ga:<\/strong> Dessa cylindrar hittar breda till\u00e4mpningar i olika typer av maskiner, s\u00e5som gr\u00e4vmaskiner, kranar och robotarmar, och anpassar sig till olika arbetskrav.<\/li>\n<li><strong>Enkelt underh\u00e5ll:<\/strong> Armcylindrarna \u00e4r konstruerade med enkelt underh\u00e5ll och utbyte i \u00e5tanke, och underl\u00e4ttar bekv\u00e4ma regelbundna inspektioner och underh\u00e5ll, vilket minimerar stillest\u00e5ndstiden f\u00f6r utrustningen.<\/li>\n<\/ul>\n<p><img decoding=\"async\" src=\"https:\/\/www.hydraulic-cylinders.net\/wp-content\/uploads\/2025\/01\/songte-oil-pipes-and-spare-parts.webp\" alt=\"Bild f\u00f6r utbyte av armcylinder\"><\/p>\n<h2>Applikationer<\/h2>\n<p>Armcylindern anv\u00e4nds inom olika branscher:<\/p>\n<h3>1. Byggteknik<\/h3>\n<p>I gr\u00e4vmaskiner och kranar styr armcylindern skopans eller bommens r\u00f6relse f\u00f6r uppgifter som schaktning, materialhantering och strukturell installation.<\/p>\n<h3>2. Tillverkning<\/h3>\n<p>I automatiserade produktionslinjer underl\u00e4ttar armcylindern robotarmarnas r\u00f6relse f\u00f6r montering, svetsning och materialhanteringsprocesser, vilket f\u00f6rb\u00e4ttrar produktionseffektiviteten och precisionen.<\/p>\n<h3>3. Jordbruksmaskiner<\/h3>\n<p>I jordbruksutrustning som sk\u00f6rdemaskiner och s\u00e5maskiner styr armcylindern r\u00f6relsen hos arbetsarmarna f\u00f6r uppgifter som s\u00e5dd, g\u00f6dsling och sk\u00f6rd.<\/p>\n<h3>4. Gruvdrift<\/h3>\n<p>I gruvutrustning anv\u00e4nds armcylindern f\u00f6r att styra armr\u00f6relsen hos gruvmaskiner f\u00f6r malmutvinning och transport.<\/p>\n<h3>5. Logistik och transport<\/h3>\n<p>I gaffeltruckar och hanteringsrobotar styr armcylindern lyftningen och r\u00f6relsen av gafflarna, vilket m\u00f6jligg\u00f6r materialhantering och stapling.<\/p>\n<p><img decoding=\"async\" src=\"https:\/\/www.hydraulic-cylinders.net\/wp-content\/uploads\/2025\/01\/songte-cylinder-head-with-all-kinds-excavator-models.webp\" alt=\"Bild av armcylinderapplikation\"><\/p>\n<h2>Design\u00f6verv\u00e4ganden och urvalskriterier<\/h2>\n<p>N\u00e4r man \u00f6verv\u00e4ger design och val av armcylindrar \u00e4r f\u00f6ljande faktorer avg\u00f6rande:<\/p>\n<h3>1. B\u00e4rf\u00f6rm\u00e5ga<\/h3>\n<p>Armcylindrar m\u00e5ste kunna motst\u00e5 de maximala belastningarna som uts\u00e4tts f\u00f6r under drift f\u00f6r att s\u00e4kerst\u00e4lla s\u00e4ker och tillf\u00f6rlitlig prestanda.<\/p>\n<h3>2. T\u00e4tning<\/h3>\n<p>Olika t\u00e4tningar, s\u00e5som kolvt\u00e4tningar och kolvst\u00e5ngst\u00e4tningar, anv\u00e4nds f\u00f6r att f\u00f6rhindra l\u00e4ckage och s\u00e4kerst\u00e4lla effektiv drift. T\u00e4tningar tillverkade av slitstarka material som polyuretan och nitrilgummi anv\u00e4nds ofta.<\/p>\n<h3>3. H\u00e5llbarhet<\/h3>\n<p>Armcylindrar \u00e4r tillverkade av h\u00f6gkvalitativa material och genomg\u00e5r precisionsytbehandling f\u00f6r att f\u00f6rb\u00e4ttra slitstyrkan, vilket s\u00e4kerst\u00e4ller l\u00e5ngvarig prestanda i kr\u00e4vande milj\u00f6er.<\/p>\n<h3>4. S\u00e4kerhet<\/h3>\n<p>S\u00e4kerhetsfunktioner, s\u00e5som tryckavlastningsventiler och \u00f6verbelastningsskydd, b\u00f6r inf\u00f6rlivas f\u00f6r att skydda mot potentiella faror under drift.<\/p>\n<h3>5. Underh\u00e5llbarhet<\/h3>\n<p>Enkel \u00e5tkomst f\u00f6r underh\u00e5ll, inklusive regelbunden sm\u00f6rjning och utbyte av slitna delar, b\u00f6r beaktas under designfasen f\u00f6r att minimera driftstopp och s\u00e4kerst\u00e4lla optimal prestanda.<\/p>\n<p><img decoding=\"async\" src=\"https:\/\/www.hydraulic-cylinders.net\/wp-content\/uploads\/2025\/01\/songte-chushion-collar.webp\" alt=\"Bild av armcylinderdesign\"><\/p>\n<h2>T\u00e4tning och sm\u00f6rjning<\/h2>\n<p>Armcylindrar anv\u00e4nder olika t\u00e4tningselement, s\u00e5som kolvt\u00e4tningar och st\u00e5ngt\u00e4tningar, tillverkade av slitstarka material som polyuretan och nitrilgummi. Cylinderhuset och de g\u00e4ngade \u00e4ndytorna genomg\u00e5r noggrann behandling f\u00f6r att f\u00f6rb\u00e4ttra slitstyrkan. Regelbunden sm\u00f6rjning med l\u00e4mplig hydraulv\u00e4tska \u00e4r n\u00f6dv\u00e4ndig f\u00f6r att s\u00e4kerst\u00e4lla smidig drift och l\u00e5ng livsl\u00e4ngd.<\/p>\n<h2>Regelbunden inspektion och f\u00f6rebyggande underh\u00e5lls\u00e5tg\u00e4rder<\/h2>\n<p>F\u00f6r att s\u00e4kerst\u00e4lla optimal prestanda och l\u00e5ng livsl\u00e4ngd b\u00f6r f\u00f6ljande \u00e5tg\u00e4rder vidtas:<\/p>\n<ul>\n<li>Inspektera regelbundet armcylindern f\u00f6r tecken p\u00e5 slitage, skador eller l\u00e4ckage.<\/li>\n<li>Reng\u00f6r cylindern och dess komponenter f\u00f6r att avl\u00e4gsna smuts och skr\u00e4p.<\/li>\n<li>Kontrollera och justera cylinderns montering och inriktning och s\u00e4kerst\u00e4ll att installationen \u00e4r korrekt.<\/li>\n<li>\u00d6vervaka hydraulv\u00e4tskeniv\u00e5er och kvalitet, fyll p\u00e5 eller byt ut vid behov.<\/li>\n<li>F\u00f6lj tillverkarens anvisningar f\u00f6r underh\u00e5ll och sm\u00f6rjning.<\/li>\n<\/ul>\n<h2>Produktinstallationsguide<\/h2>\n<p>F\u00f6lj dessa steg f\u00f6r korrekt installation av armcylindern:<\/p>\n<ol>\n<li>Se till att maskineriet \u00e4r avst\u00e4ngt och att allt tryck \u00e4r utsl\u00e4ppt fr\u00e5n hydraulsystemet.<\/li>\n<li>F\u00e4st armcylindern ordentligt vid de avsedda monteringspunkterna med l\u00e4mpliga f\u00e4stelement.<\/li>\n<li>Anslut hydraulslangarna till cylinderns inlopps- och utloppsportar och se till att de \u00e4r ordentligt t\u00e4tade.<\/li>\n<li>Kontrollera installationen f\u00f6r eventuella l\u00e4ckor eller feljusteringar.<\/li>\n<li>Testa armcylinderns funktion genom att utf\u00f6ra en kontrollerad operation.<\/li>\n<\/ol>\n<p><img decoding=\"async\" src=\"https:\/\/www.hydraulic-cylinders.net\/wp-content\/uploads\/2025\/01\/songte-bushings-with-all-kinds-of-excavator-models.webp\" alt=\"Bild f\u00f6r installation av armcylinder\"><\/p>\n<h2>S\u00e4kerhetsaspekter och milj\u00f6faktorer<\/h2>\n<p>Vid anv\u00e4ndning av armcylindrar \u00e4r det viktigt att prioritera s\u00e4kerhets\u00e5tg\u00e4rder f\u00f6r att f\u00f6rhindra olyckor och s\u00e4kerst\u00e4lla personalskydd. S\u00e4kerhets\u00e5tg\u00e4rder inkluderar korrekt utbildning, att f\u00f6lja bruksanvisningen och anv\u00e4nda l\u00e4mplig personlig skyddsutrustning. Milj\u00f6faktorer, s\u00e5som temperatur och exponering f\u00f6r kemikalier, b\u00f6r ocks\u00e5 beaktas f\u00f6r att v\u00e4lja l\u00e4mpliga material och s\u00e4kerst\u00e4lla korrekt cylinderprestanda.<\/p>\n<h2>Fels\u00f6kning och vanliga problem<\/h2>\n<p>N\u00e5gra vanliga problem som kan uppst\u00e5 med armcylindrar inkluderar:<\/p>\n<ul>\n<li>L\u00e4ckage fr\u00e5n t\u00e4tningar eller anslutningar<\/li>\n<li>Grov eller ryckig r\u00f6relse under drift<\/li>\n<li>Otillr\u00e4cklig kraft eller r\u00f6relse<\/li>\n<li>\u00d6verdrivet buller eller vibrationer<\/li>\n<\/ul>\n<p>F\u00f6r att \u00e5tg\u00e4rda dessa problem, \u00f6verv\u00e4g f\u00f6ljande fels\u00f6kningssteg:<\/p>\n<ul>\n<li>Inspektera och byt ut slitna eller skadade t\u00e4tningar eller anslutningar.<\/li>\n<li>Kontrollera hydraulv\u00e4tskeniv\u00e5er och kvalitet, fyll p\u00e5 eller byt ut vid behov.<\/li>\n<li>S\u00e4kerst\u00e4ll korrekt inriktning och montering av armcylindern.<\/li>\n<li>Inspektera andra hydrauliska komponenter f\u00f6r potentiella problem.<\/li>\n<\/ul>\n<p>Genom att implementera f\u00f6rebyggande \u00e5tg\u00e4rder, s\u00e5som regelbundet underh\u00e5ll och inspektion, kan potentiella problem minimeras och armcylinderns \u00f6vergripande prestanda f\u00f6rb\u00e4ttras.<\/p>\n<p><img decoding=\"async\" src=\"https:\/\/www.hydraulic-cylinders.net\/wp-content\/uploads\/2025\/01\/songte-chushion-collar.webp\" alt=\"Fels\u00f6kningsbild f\u00f6r armcylinder\"><\/p>\n<h2>Om v\u00e5rt f\u00f6retag<\/h2>\n<p>Vi \u00e4r en professionell tillverkare av hydraulcylindrar f\u00f6r reservdelar och erbjuder ett brett utbud av produkter. Vi har blivit en av de ledande tillverkarna och grossistdistribut\u00f6rerna p\u00e5 den inhemska och internationella marknaden. V\u00e5rt engagemang f\u00f6r excellens driver oss att kontinuerligt f\u00f6rb\u00e4ttra v\u00e5r tekniska kapacitet och produktionseffektivitet genom branschstandardiserade tillverkningsmetoder och anv\u00e4ndning av avancerad digital tillverkningsutrustning och professionella testsystem. Vi str\u00e4var efter att tillhandah\u00e5lla h\u00f6gkvalitativa och anpassade l\u00f6sningar f\u00f6r att m\u00f6ta v\u00e5ra kunders olika behov.<\/p>\n<p>Viktiga aspekter av v\u00e5rt f\u00f6retag:<\/p>\n<ul>\n<li>Professionalism och expertis inom tillverkning av hydraulcylindrar<\/li>\n<li>Internationella certifieringar som s\u00e4kerst\u00e4ller produktkvalitet<\/li>\n<li>Anpassningstj\u00e4nster skr\u00e4ddarsydda efter specifika krav<\/li>\n<li>Toppmodern produktionsutrustning<\/li>","protected":false},"excerpt":{"rendered":"<p>Arm Cylinder For Case Large Excavator CX300B Introduction The Arm Cylinder for Case Large Excavator CX300B is a specialized hydraulic cylinder designed to provide linear motion and power to the arm of various machinery, such as excavators, cranes, and robotic arms. The arm cylinder plays a crucial role in hydraulic systems, enabling efficient movement and [&hellip;]<\/p>","protected":false},"featured_media":14759,"comment_status":"open","ping_status":"closed","template":"","meta":{"_et_pb_use_builder":"","_et_pb_old_content":"","_et_gb_content_width":""},"product_brand":[],"product_cat":[1497],"product_tag":[1498,1496],"class_list":{"0":"post-16656","1":"product","2":"type-product","3":"status-publish","4":"has-post-thumbnail","6":"product_cat-arm-cylinders","7":"product_tag-arm-cylinders","8":"product_tag-hydraulic-cylinders","10":"first","11":"instock","12":"shipping-taxable","13":"product-type-simple"},"amp_enabled":true,"_links":{"self":[{"href":"https:\/\/www.hydraulic-cylinders.net\/sv\/wp-json\/wp\/v2\/product\/16656","targetHints":{"allow":["GET"]}}],"collection":[{"href":"https:\/\/www.hydraulic-cylinders.net\/sv\/wp-json\/wp\/v2\/product"}],"about":[{"href":"https:\/\/www.hydraulic-cylinders.net\/sv\/wp-json\/wp\/v2\/types\/product"}],"replies":[{"embeddable":true,"href":"https:\/\/www.hydraulic-cylinders.net\/sv\/wp-json\/wp\/v2\/comments?post=16656"}],"wp:featuredmedia":[{"embeddable":true,"href":"https:\/\/www.hydraulic-cylinders.net\/sv\/wp-json\/wp\/v2\/media\/14759"}],"wp:attachment":[{"href":"https:\/\/www.hydraulic-cylinders.net\/sv\/wp-json\/wp\/v2\/media?parent=16656"}],"wp:term":[{"taxonomy":"product_brand","embeddable":true,"href":"https:\/\/www.hydraulic-cylinders.net\/sv\/wp-json\/wp\/v2\/product_brand?post=16656"},{"taxonomy":"product_cat","embeddable":true,"href":"https:\/\/www.hydraulic-cylinders.net\/sv\/wp-json\/wp\/v2\/product_cat?post=16656"},{"taxonomy":"product_tag","embeddable":true,"href":"https:\/\/www.hydraulic-cylinders.net\/sv\/wp-json\/wp\/v2\/product_tag?post=16656"}],"curies":[{"name":"wp","href":"https:\/\/api.w.org\/{rel}","templated":true}]}}