{"id":16710,"date":"2025-01-21T05:48:43","date_gmt":"2025-01-21T05:48:43","guid":{"rendered":"https:\/\/www.hydraulic-cylinders.net\/product\/arm-cylinder-for-tck-hd1533lc-8h\/"},"modified":"2025-01-21T05:48:45","modified_gmt":"2025-01-21T05:48:45","slug":"arm-cylinder-for-tck-hd1533lc-8h","status":"publish","type":"product","link":"https:\/\/www.hydraulic-cylinders.net\/sv\/produkt\/arm-cylinder-for-tck-hd1533lc-8h\/","title":{"rendered":"Armcylinder f\u00f6r TCK HD1533LC-8H"},"content":{"rendered":"<h2>Armcylinder f\u00f6r TCK HD1533LC-8H<\/h2>\n<h3>Introduktion<\/h3>\n<p>Armcylindern \u00e4r en specialdesignad hydraulcylinder som anv\u00e4nds f\u00f6r att ge linj\u00e4r r\u00f6relse och kraft \u00e5t armar p\u00e5 olika maskiner, s\u00e5som gr\u00e4vmaskiner, kranar och robotarmar. Armcylindern spelar en avg\u00f6rande roll i hydraulsystem och m\u00f6jligg\u00f6r effektiv r\u00f6relse och kontroll av ytterligare verktyg eller redskap. Dessa cylindrar uppn\u00e5r inte bara j\u00e4mn r\u00f6relse utan t\u00e5l \u00e4ven tunga belastningar, vilket s\u00e4kerst\u00e4ller effektiv drift och tillf\u00f6rlitlighet hos maskiner under olika arbetsf\u00f6rh\u00e5llanden.<\/p>\n<p><img decoding=\"async\" src=\"https:\/\/www.hydraulic-cylinders.net\/wp-content\/uploads\/2025\/01\/songte-company-2.webp\" alt=\"Armcylinder\"><\/p>\n<h3>Drag<\/h3>\n<ul>\n<li><strong>Effektiv kraft\u00f6verf\u00f6ring:<\/strong> Armcylindern ger kraftfull linj\u00e4r r\u00f6relse och kraft, vilket s\u00e4kerst\u00e4ller h\u00f6g prestanda f\u00f6r robotarmen i olika operationer.<\/li>\n<li><strong>Exakt kontroll:<\/strong> Med hj\u00e4lp av hydrauliska system kan armcylindern uppn\u00e5 exakt r\u00f6relsekontroll, vilket g\u00f6r man\u00f6vreringen av ytterligare verktyg mer flexibel och exakt.<\/li>\n<li><strong>H\u00e5llbar:<\/strong> Armcylindern \u00e4r vanligtvis tillverkad av h\u00f6gh\u00e5llfasta material och har god slitstyrka och korrosionsbest\u00e4ndighet, vilket g\u00f6r den l\u00e4mplig f\u00f6r l\u00e5ngvarig anv\u00e4ndning i tuffa milj\u00f6er.<\/li>\n<li><strong>Multifunktionell anpassningsf\u00f6rm\u00e5ga:<\/strong> Dessa cylindrar kan anv\u00e4ndas i stor utstr\u00e4ckning i olika typer av maskiner, s\u00e5som gr\u00e4vmaskiner, kranar och robotarmar, f\u00f6r att m\u00f6ta olika arbetskrav.<\/li>\n<li><strong>Enkelt underh\u00e5ll:<\/strong> I konstruktionen har h\u00e4nsyn tagits till enkelt underh\u00e5ll och utbyte, vilket g\u00f6r regelbunden inspektion och underh\u00e5ll enklare och minskar stillest\u00e5ndstiden f\u00f6r utrustningen.<\/li>\n<\/ul>\n<p>Vi kan producera den h\u00e4r produkten, och v\u00e5r produkt kan perfekt ers\u00e4tta dessa hydraulcylindrar.<\/p>\n<p><img decoding=\"async\" src=\"https:\/\/www.hydraulic-cylinders.net\/wp-content\/uploads\/2025\/01\/songte-oil-pipes-and-spare-parts.webp\" alt=\"Hydrauliska cylindrar\"><\/p>\n<h3>Applikationer<\/h3>\n<p>Armcylindern har ett brett anv\u00e4ndningsomr\u00e5de, inklusive men inte begr\u00e4nsat till:<\/p>\n<ul>\n<li><strong>Byggteknik:<\/strong> I gr\u00e4vmaskiner och kranar anv\u00e4nds armcylindern f\u00f6r att styra skopans eller bommens r\u00f6relse vid markarbete, materialhantering och konstruktionsinstallation.<\/li>\n<li><strong>Tillverkning:<\/strong> I automatiserade produktionslinjer anv\u00e4nds armcylindern f\u00f6r att f\u00f6rflytta robotarmar f\u00f6r montering, svetsning och hantering, vilket f\u00f6rb\u00e4ttrar produktionseffektiviteten och noggrannheten.<\/li>\n<li><strong>Jordbruksmaskiner:<\/strong> I jordbruksmaskiner som sk\u00f6rdetr\u00f6skor och planteringsmaskiner styr armcylindern r\u00f6relsen hos man\u00f6verarmen f\u00f6r att utf\u00f6ra uppgifter som plantering, g\u00f6dsling och sk\u00f6rd.<\/li>\n<li><strong>Brytning:<\/strong> I gruvutrustning anv\u00e4nds armcylindern f\u00f6r att styra armr\u00f6relsen hos gruvutrustning f\u00f6r gruvdrift och transport av malmer.<\/li>\n<li><strong>Logistik och transport:<\/strong> I gaffeltruckar och hanteringsrobotar anv\u00e4nds armcylindern f\u00f6r att styra lyftning och r\u00f6relse av gafflar, vilket m\u00f6jligg\u00f6r materialhantering och stapling.<\/li>\n<\/ul>\n<h3>Design\u00f6verv\u00e4ganden och urvalskriterier<\/h3>\n<p>Ur ett designperspektiv b\u00f6r armcylindern kunna hantera lastkapaciteten, ha god t\u00e4tning, h\u00e5llbarhet, s\u00e4kerhet och underh\u00e5llbarhet. F\u00f6ljande punkter b\u00f6r beaktas:<\/p>\n<ul>\n<li><strong>Lastkapacitet:<\/strong> Armcylindern ska kunna hantera maskineriets och redskapens vikt.<\/li>\n<li><strong>T\u00e4tning:<\/strong> Olika t\u00e4tningselement s\u00e5som kolvt\u00e4tningar och kolvst\u00e5ngst\u00e4tningar b\u00f6r anv\u00e4ndas, och slitstarka material s\u00e5som polyuretan och nitrilgummi b\u00f6r v\u00e4ljas.<\/li>\n<li><strong>Varaktighet:<\/strong> Cylinderhuset och den g\u00e4ngade \u00e4ndytan b\u00f6r finbehandlas f\u00f6r att f\u00f6rb\u00e4ttra slitstyrkan.<\/li>\n<li><strong>S\u00e4kerhet:<\/strong> Cylindern b\u00f6r konstrueras f\u00f6r att f\u00f6rhindra fel som oljel\u00e4ckage och skador p\u00e5 cylinderhuset, vilket kan orsaka skador p\u00e5 m\u00e4nniskor och maskiner.<\/li>\n<li><strong>Underh\u00e5llbarhet:<\/strong> Konstruktionen b\u00f6r ta h\u00e4nsyn till enkelt underh\u00e5ll och utbyte av komponenter, vilket minskar stillest\u00e5ndstiden f\u00f6r utrustningen.<\/li>\n<\/ul>\n<p><img decoding=\"async\" src=\"https:\/\/www.hydraulic-cylinders.net\/wp-content\/uploads\/2025\/01\/songte-cylinder-head-with-all-kinds-excavator-models.webp\" alt=\"Topplock\"><\/p>\n<h3>T\u00e4tning och sm\u00f6rjning<\/h3>\n<p>Olika t\u00e4tningselement som kolvt\u00e4tningar och st\u00e5ngt\u00e4tningar b\u00f6r anv\u00e4ndas, och slitstarka material som polyuretan och nitrilgummi b\u00f6r v\u00e4ljas. Cylinderhuset och den g\u00e4ngade \u00e4ndytan b\u00f6r finbehandlas f\u00f6r att f\u00f6rb\u00e4ttra slitstyrkan. Regelbunden sm\u00f6rjning med l\u00e4mplig m\u00e4ngd hydraulolja kr\u00e4vs.<\/p>\n<h3>Underh\u00e5ll och f\u00f6rebyggande \u00e5tg\u00e4rder<\/h3>\n<ul>\n<li>Regelbunden inspektion och underh\u00e5ll b\u00f6r utf\u00f6ras f\u00f6r att f\u00f6rhindra potentiella fel och s\u00e4kerst\u00e4lla cylinderns prestanda.<\/li>\n<li>Utslitna t\u00e4tningselement och andra komponenter b\u00f6r bytas ut i tid.<\/li>\n<\/ul>\n<p><img decoding=\"async\" src=\"https:\/\/www.hydraulic-cylinders.net\/wp-content\/uploads\/2025\/01\/songte-chushion-collar.webp\" alt=\"Kuddekrage\"><\/p>\n<h3>Installationsguide<\/h3>\n<ul>\n<li>S\u00e4kerst\u00e4ll att cylindern \u00e4r korrekt och s\u00e4kert monterad, och att oljeportarna \u00e4r korrekt anslutna.<\/li>\n<li>Reng\u00f6r cylindern och installationsplatsen f\u00f6re installation f\u00f6r att f\u00f6rhindra att kontaminering kommer in i hydraulsystemet.<\/li>\n<li>Applicera l\u00e4mplig m\u00e4ngd hydraulolja p\u00e5 cylindern f\u00f6re drift.<\/li>\n<\/ul>\n<h3>S\u00e4kerhetsaspekter och milj\u00f6faktorer<\/h3>\n<p>S\u00e4kerhets\u00e5tg\u00e4rder \u00e4r viktiga vid hantering av armcylindern p\u00e5 grund av det hydrauliska trycket som anv\u00e4nds. Operat\u00f6rer b\u00f6r utbildas och f\u00f6lja l\u00e4mpliga s\u00e4kerhetsrutiner. Korrekt kassering av anv\u00e4nd hydraulolja och andra komponenter \u00e4r n\u00f6dv\u00e4ndig f\u00f6r att undvika milj\u00f6f\u00f6rorening.<\/p>\n<h3>Vanlig feldiagnos och fels\u00f6kning<\/h3>\n<p>Vanliga fel p\u00e5 armcylindern kan inkludera oljel\u00e4ckage, deformation av cylinderhuset och onormalt ljud under drift. Fels\u00f6kningsmetoder kan inkludera kontroll av t\u00e4tningselementen, inspektion av kolvst\u00e5ngen f\u00f6r slitage och kontroll av f\u00f6roreningar i hydrauloljan. Korrekt underh\u00e5ll och snabb utbyte av slitna komponenter kan bidra till att f\u00f6rhindra potentiella fel.<\/p>\n<p><img decoding=\"async\" src=\"https:\/\/www.hydraulic-cylinders.net\/wp-content\/uploads\/2025\/01\/songte-bushings-with-all-kinds-of-excavator-models.webp\" alt=\"Bussningar\"><\/p>\n<h3>Om oss<\/h3>\n<p>Vi \u00e4r en professionell tillverkare av hydraulcylindrar f\u00f6r reservdelar, med ett brett produktsortiment, och har blivit en av de ledande tillverkarna och grossistdistribut\u00f6rerna av hydraulcylindrar p\u00e5 inhemska och internationella marknader. Vi f\u00f6ljer alltid principen om utm\u00e4rkt kvalitet och f\u00f6rlitar oss p\u00e5 industrialiserade produktionsledningsstrategier i fina tillverkningsverkst\u00e4der f\u00f6r att kontinuerligt f\u00f6rb\u00e4ttra v\u00e5r tekniska niv\u00e5 och produktionseffektivitet. Genom att introducera avancerad digital tillverkningsutrustning och professionella testsystem optimerar vi st\u00e4ndigt v\u00e5r tillverkningsplattform, f\u00f6rb\u00e4ttrar v\u00e5r produktkvalitetskontrollprocess och har starka innovationsm\u00f6jligheter. V\u00e5rt m\u00e5l \u00e4r att m\u00f6ta kundernas varierande behov med h\u00f6g effektivitet, precision och h\u00f6gkvalitativa principer.<\/p>\n<p>Vi erbjuder professionella, certifierade och kundanpassade tj\u00e4nster, avancerad produktionsutrustning och professionell eftermarknadsservice f\u00f6r att f\u00f6rse v\u00e5ra kunder med h\u00f6gkvalitativa och p\u00e5litliga produkter.<\/p>\n<p><img decoding=\"async\" src=\"https:\/\/www.hydraulic-cylinders.net\/wp-content\/uploads\/2025\/01\/songte-company-4.webp\" alt=\"F\u00f6retagsbild\"><br \/>\n<img decoding=\"async\" src=\"https:\/\/www.hydraulic-cylinders.net\/wp-content\/uploads\/2025\/01\/songte-company-3.webp\" alt=\"F\u00f6retagsbild\"><\/p>\n<p>F\u00f6rfattare: lyl.<\/p>","protected":false},"excerpt":{"rendered":"<p>Arm Cylinder For TCK HD1533LC-8H Introduction The arm cylinder is a specifically designed hydraulic cylinder used to provide linear motion and power for arms of various machinery such as excavators, cranes, and robotic arms. The arm cylinder plays a crucial role in hydraulic systems, allowing for effective movement and control of additional tools or attachments. [&hellip;]<\/p>","protected":false},"featured_media":14777,"comment_status":"open","ping_status":"closed","template":"","meta":{"_et_pb_use_builder":"","_et_pb_old_content":"","_et_gb_content_width":""},"product_brand":[],"product_cat":[1497],"product_tag":[1498,1496],"class_list":{"0":"post-16710","1":"product","2":"type-product","3":"status-publish","4":"has-post-thumbnail","6":"product_cat-arm-cylinders","7":"product_tag-arm-cylinders","8":"product_tag-hydraulic-cylinders","10":"first","11":"instock","12":"shipping-taxable","13":"product-type-simple"},"amp_enabled":true,"_links":{"self":[{"href":"https:\/\/www.hydraulic-cylinders.net\/sv\/wp-json\/wp\/v2\/product\/16710","targetHints":{"allow":["GET"]}}],"collection":[{"href":"https:\/\/www.hydraulic-cylinders.net\/sv\/wp-json\/wp\/v2\/product"}],"about":[{"href":"https:\/\/www.hydraulic-cylinders.net\/sv\/wp-json\/wp\/v2\/types\/product"}],"replies":[{"embeddable":true,"href":"https:\/\/www.hydraulic-cylinders.net\/sv\/wp-json\/wp\/v2\/comments?post=16710"}],"wp:featuredmedia":[{"embeddable":true,"href":"https:\/\/www.hydraulic-cylinders.net\/sv\/wp-json\/wp\/v2\/media\/14777"}],"wp:attachment":[{"href":"https:\/\/www.hydraulic-cylinders.net\/sv\/wp-json\/wp\/v2\/media?parent=16710"}],"wp:term":[{"taxonomy":"product_brand","embeddable":true,"href":"https:\/\/www.hydraulic-cylinders.net\/sv\/wp-json\/wp\/v2\/product_brand?post=16710"},{"taxonomy":"product_cat","embeddable":true,"href":"https:\/\/www.hydraulic-cylinders.net\/sv\/wp-json\/wp\/v2\/product_cat?post=16710"},{"taxonomy":"product_tag","embeddable":true,"href":"https:\/\/www.hydraulic-cylinders.net\/sv\/wp-json\/wp\/v2\/product_tag?post=16710"}],"curies":[{"name":"wp","href":"https:\/\/api.w.org\/{rel}","templated":true}]}}