{"id":16711,"date":"2025-01-21T05:48:47","date_gmt":"2025-01-21T05:48:47","guid":{"rendered":"https:\/\/www.hydraulic-cylinders.net\/product\/arm-cylinder-for-tck-hd1636lc-8h\/"},"modified":"2025-01-21T05:48:49","modified_gmt":"2025-01-21T05:48:49","slug":"arm-cylinder-for-tck-hd1636lc-8h","status":"publish","type":"product","link":"https:\/\/www.hydraulic-cylinders.net\/sv\/produkt\/arm-cylinder-for-tck-hd1636lc-8h\/","title":{"rendered":"Armcylinder f\u00f6r TCK HD1636LC-8H"},"content":{"rendered":"<h1>Armcylinder f\u00f6r TCK HD1636LC-8H<\/h1>\n<h2>Introduktion<\/h2>\n<p>Armcylindern \u00e4r en typ av hydraulcylinder som \u00e4r specifikt utformad f\u00f6r att ge linj\u00e4r r\u00f6relse och kraft till armarna p\u00e5 olika typer av maskiner, s\u00e5som gr\u00e4vmaskiner, kranar och robotarmar. I ett hydraulsystem spelar armcylindern en avg\u00f6rande roll f\u00f6r att m\u00f6jligg\u00f6ra r\u00f6relse och styrning av anslutna verktyg eller tillbeh\u00f6r. Dessa cylindrar ger inte bara j\u00e4mn r\u00f6relse utan t\u00e5l \u00e4ven tunga belastningar, vilket s\u00e4kerst\u00e4ller effektiv drift och tillf\u00f6rlitlighet hos maskineriet under olika driftsf\u00f6rh\u00e5llanden. <\/p>\n<p><img decoding=\"async\" src=\"https:\/\/www.hydraulic-cylinders.net\/wp-content\/uploads\/2025\/01\/songte-company-2.webp\"><\/p>\n<h2>Drag<\/h2>\n<ul>\n<li>\n<h3>H\u00f6geffektiv transmission<\/h3>\n<p>Armcylindern kan ge kraftfull linj\u00e4r r\u00f6relse och kraft, vilket s\u00e4kerst\u00e4ller effektiv prestanda hos den mekaniska armen i olika operationer.<\/p>\n<\/li>\n<li>\n<h3>Exakt kontroll<\/h3>\n<p>Genom det hydrauliska systemet kan armcylindern uppn\u00e5 exakt r\u00f6relsekontroll, vilket g\u00f6r man\u00f6vreringen av anslutna verktyg mer flexibel och exakt.<\/p>\n<\/li>\n<li>\n<h3>Stark h\u00e5llbarhet<\/h3>\n<p>Armcylindern \u00e4r vanligtvis tillverkad av h\u00f6gh\u00e5llfasta material och har god slitage- och korrosionsbest\u00e4ndighet, vilket g\u00f6r den l\u00e4mplig f\u00f6r l\u00e5ngvarig anv\u00e4ndning i tuffa milj\u00f6er.<\/p>\n<\/li>\n<li>\n<h3>Multifunktionell anpassningsf\u00f6rm\u00e5ga<\/h3>\n<p>Dessa cylindrar kan anv\u00e4ndas i stor utstr\u00e4ckning i olika typer av maskiner, s\u00e5som gr\u00e4vmaskiner, kranar och robotarmar, f\u00f6r att anpassa sig till olika arbetskrav.<\/p>\n<\/li>\n<li>\n<h3>Enkelt underh\u00e5ll<\/h3>\n<p>Konstruktionen tar h\u00e4nsyn till enkelt underh\u00e5ll och utbyte, vilket g\u00f6r regelbunden inspektion och underh\u00e5ll enklare och minskar stillest\u00e5ndstiden f\u00f6r utrustningen.<\/p>\n<\/li>\n<\/ul>\n<p>Vi kan producera denna produkt och v\u00e5r produkt kan perfekt ers\u00e4tta dessa hydraulcylindrar.<\/p>\n<p><img decoding=\"async\" src=\"https:\/\/www.hydraulic-cylinders.net\/wp-content\/uploads\/2025\/01\/songte-oil-pipes-and-spare-parts.webp\"><\/p>\n<h2>Applikationer<\/h2>\n<p>Armcylindern anv\u00e4nds ofta inom olika branscher, inklusive:<\/p>\n<ul>\n<li>\n<h3>Byggteknik<\/h3>\n<p>I gr\u00e4vmaskiner och kranar anv\u00e4nds armcylindrar f\u00f6r att styra r\u00f6relsen av skopor eller bommar f\u00f6r markarbeten, materialhantering och konstruktionsinstallation.<\/p>\n<\/li>\n<li>\n<h3>Tillverkning<\/h3>\n<p>I automatiserade produktionslinjer anv\u00e4nds armcylindrar f\u00f6r r\u00f6relse av robotarmar, f\u00f6r montering, svetsning och materialhantering, vilket f\u00f6rb\u00e4ttrar produktionseffektivitet och noggrannhet.<\/p>\n<\/li>\n<li>\n<h3>Jordbruksmaskiner<\/h3>\n<p>I jordbruksmaskiner som sk\u00f6rdetr\u00f6skor och s\u00e5maskiner styr armcylindrar r\u00f6relsen hos man\u00f6verarmarna och utf\u00f6r uppgifter som plantering, g\u00f6dsling och sk\u00f6rd.<\/p>\n<\/li>\n<li>\n<h3>Brytning<\/h3>\n<p>I gruvutrustning anv\u00e4nds armcylindrar f\u00f6r att styra armr\u00f6relsen hos gruvutrustning, f\u00f6r utgr\u00e4vning och transport av malmer.<\/p>\n<\/li>\n<li>\n<h3>Logistik och transport<\/h3>\n<p>I gaffeltruckar och hanteringsrobotar anv\u00e4nds armcylindrar f\u00f6r att styra lyftning och r\u00f6relse av gafflar f\u00f6r att hantera och stapla gods.<\/p>\n<\/li>\n<\/ul>\n<h2>Design\u00f6verv\u00e4ganden och urvalskriterier<\/h2>\n<p>Ur ett designperspektiv b\u00f6r armcylindrar beakta f\u00f6ljande faktorer:<\/p>\n<ul>\n<li>\n<h3>B\u00e4rkraft<\/h3>\n<p>Armcylindern b\u00f6r ha tillr\u00e4cklig b\u00e4rkapacitet f\u00f6r att m\u00f6ta behoven vid olika operationer.<\/p>\n<\/li>\n<li>\n<h3>T\u00e4tningsprestanda<\/h3>\n<p>Anv\u00e4ndningen av olika t\u00e4tningskomponenter, s\u00e5som kolvt\u00e4tningsringar och st\u00e5ngt\u00e4tningsringar, tillverkade av slitstarka material som polyuretan och nitrilgummi, kan effektivt f\u00f6rb\u00e4ttra cylinderns t\u00e4tningsprestanda.<\/p>\n<\/li>\n<li>\n<h3>Varaktighet<\/h3>\n<p>Cylinderkroppen och den g\u00e4ngade \u00e4ndytan b\u00f6r genomg\u00e5 finbearbetning f\u00f6r att f\u00f6rb\u00e4ttra slitstyrkan, och h\u00f6gh\u00e5llfasta material b\u00f6r anv\u00e4ndas f\u00f6r att s\u00e4kerst\u00e4lla cylinderns h\u00e5llbarhet.<\/p>\n<\/li>\n<li>\n<h3>S\u00e4kerhet<\/h3>\n<p>Armcylindern b\u00f6r utformas med s\u00e4kerhet i \u00e5tanke, med \u00e5tg\u00e4rder som att f\u00f6rhindra pl\u00f6tsliga fall och kontrollera r\u00f6relsehastigheten.<\/p>\n<\/li>\n<li>\n<h3>Underh\u00e5llbarhet<\/h3>\n<p>Armcylindern b\u00f6r vara konstruerad f\u00f6r enkelt underh\u00e5ll och utbyte av komponenter, s\u00e5som t\u00e4tningar och packningar, f\u00f6r att minska underh\u00e5llstid och -kostnader.<\/p>\n<\/li>\n<\/ul>\n<p><img decoding=\"async\" src=\"https:\/\/www.hydraulic-cylinders.net\/wp-content\/uploads\/2025\/01\/songte-cylinder-head-with-all-kinds-excavator-models.webp\"><\/p>\n<h2>T\u00e4tning och sm\u00f6rjning<\/h2>\n<p>Anv\u00e4ndningen av olika t\u00e4tningskomponenter, s\u00e5som kolvt\u00e4tningsringar och st\u00e5ngt\u00e4tningsringar, kan effektivt f\u00f6rb\u00e4ttra cylinderns t\u00e4tningsprestanda. Slitstarka material som polyuretan och nitrilgummi anv\u00e4nds ofta f\u00f6r t\u00e4tningsringar. Dessutom b\u00f6r cylinderhuset och den g\u00e4ngade \u00e4ndytan genomg\u00e5 finbearbetning f\u00f6r att f\u00f6rb\u00e4ttra slitstyrkan. Regelbunden sm\u00f6rjning med en l\u00e4mplig m\u00e4ngd hydraulolja \u00e4r ocks\u00e5 n\u00f6dv\u00e4ndig f\u00f6r att s\u00e4kerst\u00e4lla korrekt drift och f\u00f6rl\u00e4nga cylinderns livsl\u00e4ngd.<\/p>\n<h2>Underh\u00e5ll och f\u00f6rsiktighets\u00e5tg\u00e4rder<\/h2>\n<ul>\n<li>\n<h3>Regelbunden inspektion<\/h3>\n<p>Regelbunden inspektion och underh\u00e5ll av armcylindern kan hj\u00e4lpa till att identifiera potentiella problem och minska driftstopp. Det rekommenderas att regelbundet inspektera cylindern f\u00f6r l\u00e4ckor, slitage och skador.<\/p>\n<\/li>\n<li>\n<h3>F\u00f6rebyggande underh\u00e5ll<\/h3>\n<p>L\u00e4mpliga f\u00f6rebyggande underh\u00e5lls\u00e5tg\u00e4rder, s\u00e5som att byta ut slitna t\u00e4tningar och packningar, kan bidra till att f\u00f6rl\u00e4nga cylinderns livsl\u00e4ngd och minska underh\u00e5llskostnaderna.<\/p>\n<\/li>\n<\/ul>\n<p><img decoding=\"async\" src=\"https:\/\/www.hydraulic-cylinders.net\/wp-content\/uploads\/2025\/01\/songte-chushion-collar.webp\"><\/p>\n<h2>Installationsguide<\/h2>\n<p>Before installation, ensure that the arm cylinder is suitable for the specific application and meets the requirements of the machinery. The installation process should be carried out by professional personnel with relevant qualifications and experience. The installation should follow the manufacturer&#8217;s instructions and ensure that all components are installed correctly and securely.<\/p>\n<h2>S\u00e4kerhets- och milj\u00f6h\u00e4nsyn<\/h2>\n<p>N\u00e4r man anv\u00e4nder armcylindern \u00e4r det viktigt att f\u00f6lja standard s\u00e4kerhetsrutiner f\u00f6r att f\u00f6rhindra olyckor eller skador. Det \u00e4r ocks\u00e5 viktigt att beakta milj\u00f6p\u00e5verkan av hydrauloljel\u00e4ckage och vidta \u00e5tg\u00e4rder f\u00f6r att f\u00f6rhindra oljespill och kassera anv\u00e4nd olja och andra komponenter p\u00e5 r\u00e4tt s\u00e4tt.<\/p>\n<h2>Vanliga problem och fels\u00f6kning<\/h2>\n<ul>\n<li>\n<h3>L\u00e4ckande olja<\/h3>\n<p>Detta \u00e4r ett vanligt problem som kan orsakas av slitna t\u00e4tningar eller skadade cylinderkomponenter. Kontrollera cylindern f\u00f6r l\u00e4ckor och byt ut alla slitna eller skadade komponenter.<\/p>\n<\/li>\n<li>\n<h3>L\u00e5ngsam r\u00f6relse<\/h3>\n<p>L\u00e5ngsam r\u00f6relse kan orsakas av l\u00e5gt hydraultryck eller blockering i hydraulsystemet. Kontrollera hydraultrycket och \u00e5tg\u00e4rda eventuella blockeringar vid behov.<\/p>\n<\/li>\n<li>\n<h3>Bullrig drift<\/h3>\n<p>Bullrig drift kan orsakas av slitna komponenter eller luft i hydraulsystemet. Kontrollera cylindern f\u00f6r slitna komponenter och lufta systemet f\u00f6r att avl\u00e4gsna eventuell luft.<\/p>\n<\/li>\n<\/ul>\n<p>Proper troubleshooting requires a thorough understanding of the cylinder&#8217;s operation and components. Always refer to the manufacturer&#8217;s instructions and seek professional assistance if necessary.<\/p>\n<p><img decoding=\"async\" src=\"https:\/\/www.hydraulic-cylinders.net\/wp-content\/uploads\/2025\/01\/songte-bushings-with-all-kinds-of-excavator-models.webp\"><\/p>\n<h2>Om oss<\/h2>\n<p>Vi \u00e4r en professionell tillverkare av hydraulcylindrar f\u00f6r reservdelar, med ett brett produktsortiment. Vi har blivit en av de ledande tillverkarna och grossistdistribut\u00f6rerna av hydraulcylindrar p\u00e5 inhemska och internationella marknader. Vi f\u00f6ljer alltid principen om utm\u00e4rkt kvalitet och f\u00f6rlitar oss p\u00e5 den industrialiserade produktionsstrategin hos fintillverkningsverkst\u00e4der f\u00f6r att kontinuerligt f\u00f6rb\u00e4ttra v\u00e5r teknik och produktionseffektivitet. Genom att introducera avancerad digital tillverkningsutrustning och professionella testsystem optimerar vi kontinuerligt v\u00e5r tillverkningsplattform, f\u00f6rb\u00e4ttrar v\u00e5r produktkvalitetskontrollprocess och har stark innovationsf\u00f6rm\u00e5ga. V\u00e5rt m\u00e5l \u00e4r att m\u00f6ta v\u00e5ra kunders olika behov med h\u00f6g effektivitet, noggrannhet och h\u00f6gkvalitativa principer.<\/p>\n<p>Vi \u00e4r engagerade i att tillhandah\u00e5lla professionella, internationellt certifierade och kundanpassade tj\u00e4nster, anv\u00e4nda avancerad produktionsutrustning och tillhandah\u00e5lla omfattande eftermarknadsservice, och vi \u00e4r dedikerade till att tillhandah\u00e5lla h\u00f6gkvalitativa produkter till v\u00e5ra kunder.<\/p>\n<p><img decoding=\"async\" src=\"https:\/\/www.hydraulic-cylinders.net\/wp-content\/uploads\/2025\/01\/songte-company-4.webp\"><\/p>\n<p><img decoding=\"async\" src=\"https:\/\/www.hydraulic-cylinders.net\/wp-content\/uploads\/2025\/01\/songte-company-3.webp\"><\/p>\n<p>F\u00f6rfattare: lyl<\/p>","protected":false},"excerpt":{"rendered":"<p>Arm Cylinder For TCK HD1636LC-8H Introduction The arm cylinder is a type of hydraulic cylinder designed specifically to provide linear motion and power to the arms of various types of machinery, such as excavators, cranes, and robotic arms. In a hydraulic system, the arm cylinder plays a critical role in enabling the movement and control [&hellip;]<\/p>","protected":false},"featured_media":14774,"comment_status":"open","ping_status":"closed","template":"","meta":{"_et_pb_use_builder":"","_et_pb_old_content":"","_et_gb_content_width":""},"product_brand":[],"product_cat":[1497],"product_tag":[1498,1496],"class_list":{"0":"post-16711","1":"product","2":"type-product","3":"status-publish","4":"has-post-thumbnail","6":"product_cat-arm-cylinders","7":"product_tag-arm-cylinders","8":"product_tag-hydraulic-cylinders","10":"first","11":"instock","12":"shipping-taxable","13":"product-type-simple"},"amp_enabled":true,"_links":{"self":[{"href":"https:\/\/www.hydraulic-cylinders.net\/sv\/wp-json\/wp\/v2\/product\/16711","targetHints":{"allow":["GET"]}}],"collection":[{"href":"https:\/\/www.hydraulic-cylinders.net\/sv\/wp-json\/wp\/v2\/product"}],"about":[{"href":"https:\/\/www.hydraulic-cylinders.net\/sv\/wp-json\/wp\/v2\/types\/product"}],"replies":[{"embeddable":true,"href":"https:\/\/www.hydraulic-cylinders.net\/sv\/wp-json\/wp\/v2\/comments?post=16711"}],"wp:featuredmedia":[{"embeddable":true,"href":"https:\/\/www.hydraulic-cylinders.net\/sv\/wp-json\/wp\/v2\/media\/14774"}],"wp:attachment":[{"href":"https:\/\/www.hydraulic-cylinders.net\/sv\/wp-json\/wp\/v2\/media?parent=16711"}],"wp:term":[{"taxonomy":"product_brand","embeddable":true,"href":"https:\/\/www.hydraulic-cylinders.net\/sv\/wp-json\/wp\/v2\/product_brand?post=16711"},{"taxonomy":"product_cat","embeddable":true,"href":"https:\/\/www.hydraulic-cylinders.net\/sv\/wp-json\/wp\/v2\/product_cat?post=16711"},{"taxonomy":"product_tag","embeddable":true,"href":"https:\/\/www.hydraulic-cylinders.net\/sv\/wp-json\/wp\/v2\/product_tag?post=16711"}],"curies":[{"name":"wp","href":"https:\/\/api.w.org\/{rel}","templated":true}]}}