{"id":16723,"date":"2025-01-21T05:49:38","date_gmt":"2025-01-21T05:49:38","guid":{"rendered":"https:\/\/www.hydraulic-cylinders.net\/product\/arm-cylinder-for-carter-ct60-8a-8b\/"},"modified":"2025-01-21T05:49:40","modified_gmt":"2025-01-21T05:49:40","slug":"arm-cylinder-for-carter-ct60-8a-8b","status":"publish","type":"product","link":"https:\/\/www.hydraulic-cylinders.net\/sv\/produkt\/arm-cylinder-for-carter-ct60-8a-8b\/","title":{"rendered":"Armcylinder f\u00f6r Carter CT60-8A-8B"},"content":{"rendered":"<h2>Armcylinder f\u00f6r Carter CT60-8A-8B<\/h2>\n<p>Armcylindern \u00e4r en specialdesignad hydraulcylinder som fr\u00e4mst anv\u00e4nds f\u00f6r att ge linj\u00e4r r\u00f6relse och kraft till armen p\u00e5 olika typer av maskiner, s\u00e5som gr\u00e4vmaskiner, kranar och robotarmar. Armcylindern spelar en avg\u00f6rande roll i hydrauliska system och m\u00f6jligg\u00f6r effektiv f\u00f6rflyttning och styrning av ytterligare verktyg eller redskap. Dessa cylindrar uppn\u00e5r inte bara j\u00e4mn r\u00f6relse utan t\u00e5l \u00e4ven tunga belastningar, vilket s\u00e4kerst\u00e4ller effektiv drift och tillf\u00f6rlitlighet hos maskineriet under olika arbetsf\u00f6rh\u00e5llanden.<\/p>\n<p><img decoding=\"async\" src=\"https:\/\/www.hydraulic-cylinders.net\/wp-content\/uploads\/2025\/01\/songte-company-2.webp\" alt=\"Bild av armcylinder\"><\/p>\n<h2>Funktioner hos armcylinder f\u00f6r Carter CT60-8A-8B<\/h2>\n<ul>\n<li><strong>H\u00f6geffektiv transmission:<\/strong> Armcylindern ger kraftfull linj\u00e4r r\u00f6relse och kraft, vilket s\u00e4kerst\u00e4ller h\u00f6g prestanda f\u00f6r robotarmen i olika operationer.<\/li>\n<li><strong>Exakt kontroll:<\/strong> Genom det hydrauliska systemet m\u00f6jligg\u00f6r armcylindern exakt r\u00f6relsekontroll, vilket g\u00f6r man\u00f6vreringen av ytterligare verktyg mer flexibel och exakt.<\/li>\n<li><strong>Varaktighet:<\/strong> Armcylindrar tillverkas vanligtvis av h\u00f6gh\u00e5llfasta material och har utm\u00e4rkt slitage- och korrosionsbest\u00e4ndighet, vilket g\u00f6r dem l\u00e4mpliga f\u00f6r l\u00e5ngvarig anv\u00e4ndning i tuffa milj\u00f6er.<\/li>\n<li><strong>Multifunktionell anpassningsf\u00f6rm\u00e5ga:<\/strong> Dessa cylindrar kan anv\u00e4ndas i stor utstr\u00e4ckning p\u00e5 olika typer av maskiner, s\u00e5som gr\u00e4vmaskiner, kranar och robotarmar, f\u00f6r att tillgodose olika arbetskrav.<\/li>\n<li><strong>Enkelt underh\u00e5ll:<\/strong> Designaspekterna f\u00f6r enkelt underh\u00e5ll och utbyte g\u00f6r regelbunden inspektion och underh\u00e5ll enklare, vilket minskar stillest\u00e5ndstiden f\u00f6r utrustningen.<\/li>\n<\/ul>\n<p><img decoding=\"async\" src=\"https:\/\/www.hydraulic-cylinders.net\/wp-content\/uploads\/2025\/01\/songte-oil-pipes-and-spare-parts.webp\" alt=\"Bild av reservdelar till armcylinder\"><\/p>\n<h2>Anv\u00e4ndningsomr\u00e5den f\u00f6r armcylinder f\u00f6r Carter CT60-8A-8B<\/h2>\n<p>Armcylindern hittar sina till\u00e4mpningar inom olika branscher:<\/p>\n<ol>\n<li><strong>Byggteknik:<\/strong> I gr\u00e4vmaskiner och kranar styr armcylindern skopans eller bommens r\u00f6relse f\u00f6r schaktning, materialhantering och strukturell installation.<\/li>\n<li><strong>Tillverkning:<\/strong> I automatiserade produktionslinjer anv\u00e4nds armcylindern f\u00f6r r\u00f6relse av robotarmar vid montering, svetsning och materialhantering, vilket \u00f6kar produktionseffektiviteten och precisionen.<\/li>\n<li><strong>Jordbruksmaskiner:<\/strong> I jordbruksutrustning som sk\u00f6rdetr\u00f6skor och s\u00e5maskiner styr armcylindern r\u00f6relsen hos man\u00f6verarmarna f\u00f6r uppgifter som s\u00e5dd, g\u00f6dsling och sk\u00f6rd.<\/li>\n<li><strong>Brytning:<\/strong> I gruvutrustning styr armcylindern armr\u00f6relsen hos gruvmaskiner f\u00f6r malmutvinning och transport.<\/li>\n<li><strong>Logistik och transport:<\/strong> I gaffeltruckar och hanteringsrobotar styr armcylindern lyftningen och r\u00f6relsen av gafflarna, vilket m\u00f6jligg\u00f6r materialhantering och stapling.<\/li>\n<\/ol>\n<h2>Design\u00f6verv\u00e4ganden och urvalskriterier<\/h2>\n<p>N\u00e4r det g\u00e4ller design\u00f6verv\u00e4ganden och urvalskriterier f\u00f6r armcylindrar b\u00f6r flera viktiga faktorer beaktas:<\/p>\n<ol>\n<li><strong>B\u00e4rf\u00f6rm\u00e5ga:<\/strong> Armcylindern b\u00f6r vara konstruerad f\u00f6r att motst\u00e5 den avsedda belastningen f\u00f6r att s\u00e4kerst\u00e4lla s\u00e4ker och tillf\u00f6rlitlig drift.<\/li>\n<li><strong>T\u00e4tning:<\/strong> Olika t\u00e4tningskomponenter, s\u00e5som kolvt\u00e4tningar och kolvst\u00e5ngst\u00e4tningar, b\u00f6r anv\u00e4ndas. Dessa t\u00e4tningar \u00e4r tillverkade av slitstarka material som polyuretan och nitrilgummi. Cylinderhuset och den g\u00e4ngade \u00e4ndytan b\u00f6r genomg\u00e5 en finbehandling f\u00f6r att f\u00f6rb\u00e4ttra slitstyrkan.<\/li>\n<li><strong>Varaktighet:<\/strong> Armcylindern b\u00f6r vara konstruerad av h\u00f6gkvalitativa material som uppvisar utm\u00e4rkt h\u00e5llbarhet, vilket s\u00e4kerst\u00e4ller l\u00e5ng livsl\u00e4ngd \u00e4ven i kr\u00e4vande milj\u00f6er.<\/li>\n<li><strong>S\u00e4kerhet:<\/strong> S\u00e4kerhetsfunktioner b\u00f6r inf\u00f6rlivas i konstruktionen f\u00f6r att f\u00f6rhindra olyckor och s\u00e4kerst\u00e4lla operat\u00f6rens skydd under drift.<\/li>\n<li><strong>Underh\u00e5llbarhet:<\/strong> Konstruktionen b\u00f6r beakta enkelt underh\u00e5ll och reparation, vilket m\u00f6jligg\u00f6r bekv\u00e4ma regelbundna inspektioner och minimerar stillest\u00e5ndstider.<\/li>\n<\/ol>\n<p><img decoding=\"async\" src=\"https:\/\/www.hydraulic-cylinders.net\/wp-content\/uploads\/2025\/01\/songte-cylinder-head-with-all-kinds-excavator-models.webp\" alt=\"Bild av armcylinderkomponenter\"><\/p>\n<h2>T\u00e4tning och sm\u00f6rjning<\/h2>\n<p>Armcylindern anv\u00e4nder olika t\u00e4tningskomponenter f\u00f6r att s\u00e4kerst\u00e4lla korrekt funktion:<\/p>\n<ul>\n<li>Kolvt\u00e4tningar, st\u00e5ngt\u00e4tningar etc., tillverkade av slitstarka material som polyuretan och nitrilgummi.<\/li>\n<li>Cylinderhuset och den g\u00e4ngade \u00e4ndytan genomg\u00e5r en finbehandling f\u00f6r att f\u00f6rb\u00e4ttra slitstyrkan.<\/li>\n<li>Regelbunden sm\u00f6rjning med l\u00e4mplig m\u00e4ngd hydraulolja \u00e4r n\u00f6dv\u00e4ndig f\u00f6r att s\u00e4kerst\u00e4lla problemfri drift.<\/li>\n<\/ul>\n<h2>Regelbunden inspektion och f\u00f6rebyggande underh\u00e5ll<\/h2>\n<p>Regelbunden inspektion och f\u00f6rebyggande underh\u00e5lls\u00e5tg\u00e4rder bidrar till att s\u00e4kerst\u00e4lla optimal prestanda och livsl\u00e4ngd f\u00f6r armcylindern:<\/p>\n<ul>\n<li>Kontrollera cylindern f\u00f6r tecken p\u00e5 skador, l\u00e4ckage eller slitage.<\/li>\n<li>Kontrollera t\u00e4tningens skick och byt ut den vid behov.<\/li>\n<li>\u00d6vervaka och uppr\u00e4tth\u00e5ll r\u00e4tt hydraulv\u00e4tskeniv\u00e5 och kvalitet.<\/li>\n<li>Dra \u00e5t alla l\u00f6sa anslutningar.<\/li>\n<li>F\u00f6lj tillverkarens riktlinjer f\u00f6r underh\u00e5llsintervall och procedurer.<\/li>\n<\/ul>\n<h2>Produktinstallationsguide<\/h2>\n<p>Korrekt installation av armcylindern \u00e4r avg\u00f6rande f\u00f6r dess effektiva funktion:<\/p>\n<ul>\n<li>Se till att monteringsytan \u00e4r ren och fri fr\u00e5n skr\u00e4p.<\/li>\n<li>F\u00f6lj de medf\u00f6ljande installationsanvisningarna noggrant.<\/li>\n<li>Dra \u00e5t alla f\u00e4stelement enligt rekommenderade \u00e5tdragningsmomentspecifikationer.<\/li>\n<li>Kontrollera om det finns n\u00e5gra feljusteringar eller st\u00f6rningar under installationsprocessen.<\/li>\n<\/ul>\n<p><img decoding=\"async\" src=\"https:\/\/www.hydraulic-cylinders.net\/wp-content\/uploads\/2025\/01\/songte-bushings-with-all-kinds-of-excavator-models.webp\" alt=\"Bild p\u00e5 armcylinderbussningar\"><\/p>\n<h2>S\u00e4kerhetsaspekter och milj\u00f6faktorer<\/h2>\n<p>Vid anv\u00e4ndning av armcylindrar \u00e4r det avg\u00f6rande att prioritera s\u00e4kerhets\u00e5tg\u00e4rder:<\/p>\n<ul>\n<li>F\u00f6lj alla s\u00e4kerhetsriktlinjer och f\u00f6reskrifter som tillhandah\u00e5lls av tillverkaren.<\/li>\n<li>S\u00e4kerst\u00e4ll korrekt utbildning och certifiering av operat\u00f6rer.<\/li>\n<li>Inspektera regelbundet maskineriet och tillh\u00f6rande komponenter f\u00f6r att uppt\u00e4cka eventuella s\u00e4kerhetsrisker.<\/li>\n<li>F\u00f6lj milj\u00f6f\u00f6reskrifterna och kassera allt avfall eller v\u00e4tskor p\u00e5 l\u00e4mpligt s\u00e4tt.<\/li>\n<\/ul>\n<h2>Fels\u00f6kning och vanliga problem<\/h2>\n<p>N\u00e5gra vanliga problem och fels\u00f6kningstips f\u00f6r armcylindrar inkluderar:<\/p>\n<ul>\n<li>Om cylindern l\u00e4cker, kontrollera t\u00e4tningarna och byt ut dem vid behov.<\/li>\n<li>Om cylindern inte r\u00f6r sig smidigt, kontrollera om det finns n\u00e5gra hinder eller feljustering.<\/li>\n<li>Om cylindern inte ger tillr\u00e4cklig kraft, kontrollera hydraulv\u00e4tsketrycket och fl\u00f6deshastigheten.<\/li>\n<li>Om cylindern avger mycket ljud, kontrollera om det finns l\u00f6sa beslag eller skadade komponenter.<\/li>\n<\/ul>\n<p><img decoding=\"async\" src=\"https:\/\/www.hydraulic-cylinders.net\/wp-content\/uploads\/2025\/01\/songte-chushion-collar.webp\" alt=\"Bild av armcylinderkrage\"><\/p>\n<p>Kom ih\u00e5g att organisera artikeln logiskt, anv\u00e4nda underrubriker f\u00f6r enkel navigering, inkludera relevanta bilder eller diagram f\u00f6r \u00f6kad f\u00f6rst\u00e5else och se till att inneh\u00e5llet \u00e4r tydligt och koncist och passar l\u00e4sare med varierande niv\u00e5er av teknisk kunskap.<\/p>\n<h2>Om v\u00e5rt f\u00f6retag<\/h2>\n<p>Vi \u00e4r en professionell tillverkare av hydraulcylindrar f\u00f6r reservdelar och erbjuder ett brett utbud av produkter. Vi har blivit en av de ledande tillverkarna och grossistdistribut\u00f6rerna av hydraulcylindrar p\u00e5 b\u00e5de inhemska och internationella marknader. Vi uppr\u00e4tth\u00e5ller alltid principen om h\u00f6gsta kvalitet och f\u00f6rb\u00e4ttrar kontinuerligt v\u00e5r tekniska kapacitet och produktionseffektivitet genom industrialiserad produktionshantering i v\u00e5r sofistikerade tillverkningsverkstad. Genom att introducera avancerad digital tillverkningsutrustning och professionella testsystem optimerar vi v\u00e5r tillverkningsplattform och f\u00f6rb\u00e4ttrar v\u00e5r produktkvalitetskontrollprocess, vilket visar p\u00e5 stark innovationsf\u00f6rm\u00e5ga. V\u00e5rt m\u00e5l \u00e4r att m\u00f6ta v\u00e5ra kunders olika behov med effektivitet, precision och h\u00f6gkvalitativa produkter.<\/p>\n<p><img decoding=\"async\" src=\"https:\/\/www.hydraulic-cylinders.net\/wp-content\/uploads\/2025\/01\/songte-company-4.webp\" alt=\"F\u00f6retagsbild\"><br \/>\n<img decoding=\"async\" src=\"https:\/\/www.hydraulic-cylinders.net\/wp-content\/uploads\/2025\/01\/songte-company-3.webp\" alt=\"F\u00f6retagsbild\"><\/p>\n<p><em>F\u00f6rfattare: lyl<\/em><\/p>","protected":false},"excerpt":{"rendered":"<p>Arm Cylinder For Carter CT60-8A-8B The arm cylinder is a specially designed hydraulic cylinder that is primarily used to provide linear motion and power to the arm of various types of machinery, such as excavators, cranes, and robotic arms. The arm cylinder plays a crucial role in hydraulic systems, enabling the effective movement and control [&hellip;]<\/p>","protected":false},"featured_media":14770,"comment_status":"open","ping_status":"closed","template":"","meta":{"_et_pb_use_builder":"","_et_pb_old_content":"","_et_gb_content_width":""},"product_brand":[],"product_cat":[1497],"product_tag":[1498,1496],"class_list":{"0":"post-16723","1":"product","2":"type-product","3":"status-publish","4":"has-post-thumbnail","6":"product_cat-arm-cylinders","7":"product_tag-arm-cylinders","8":"product_tag-hydraulic-cylinders","10":"first","11":"instock","12":"shipping-taxable","13":"product-type-simple"},"amp_enabled":true,"_links":{"self":[{"href":"https:\/\/www.hydraulic-cylinders.net\/sv\/wp-json\/wp\/v2\/product\/16723","targetHints":{"allow":["GET"]}}],"collection":[{"href":"https:\/\/www.hydraulic-cylinders.net\/sv\/wp-json\/wp\/v2\/product"}],"about":[{"href":"https:\/\/www.hydraulic-cylinders.net\/sv\/wp-json\/wp\/v2\/types\/product"}],"replies":[{"embeddable":true,"href":"https:\/\/www.hydraulic-cylinders.net\/sv\/wp-json\/wp\/v2\/comments?post=16723"}],"wp:featuredmedia":[{"embeddable":true,"href":"https:\/\/www.hydraulic-cylinders.net\/sv\/wp-json\/wp\/v2\/media\/14770"}],"wp:attachment":[{"href":"https:\/\/www.hydraulic-cylinders.net\/sv\/wp-json\/wp\/v2\/media?parent=16723"}],"wp:term":[{"taxonomy":"product_brand","embeddable":true,"href":"https:\/\/www.hydraulic-cylinders.net\/sv\/wp-json\/wp\/v2\/product_brand?post=16723"},{"taxonomy":"product_cat","embeddable":true,"href":"https:\/\/www.hydraulic-cylinders.net\/sv\/wp-json\/wp\/v2\/product_cat?post=16723"},{"taxonomy":"product_tag","embeddable":true,"href":"https:\/\/www.hydraulic-cylinders.net\/sv\/wp-json\/wp\/v2\/product_tag?post=16723"}],"curies":[{"name":"wp","href":"https:\/\/api.w.org\/{rel}","templated":true}]}}