{"id":1674,"date":"2023-10-11T02:36:33","date_gmt":"2023-10-11T02:36:33","guid":{"rendered":"https:\/\/hydraulic-cylinders.net\/?post_type=product&#038;p=1674"},"modified":"2025-04-11T03:46:16","modified_gmt":"2025-04-11T03:46:16","slug":"press-centering-cylinder","status":"publish","type":"product","link":"https:\/\/www.hydraulic-cylinders.net\/sv\/produkt\/press-centering-cylinder\/","title":{"rendered":"Presscentreringscylinder"},"content":{"rendered":"<h1 style=\"text-align: center;\"><strong>Presscentreringscylinder<\/strong><\/h1>\n<p><img loading=\"lazy\" decoding=\"async\" class=\"alignnone size-medium wp-image-1675 aligncenter\" src=\"https:\/\/hydraulic-cylinders.net\/wp-content\/uploads\/2023\/10\/centering-cylinder-1-300x300.webp\" alt=\"\" width=\"300\" height=\"300\" \/><\/p>\n<p>Presscentreringscylindern \u00e4r ett banbrytande verktyg utformat f\u00f6r att f\u00f6rb\u00e4ttra precision och effektivitet inom en m\u00e4ngd olika pressapplikationer. Denna innovativa cylinder \u00e4r noggrant konstruerad f\u00f6r att ge exakt centrering av arbetsstycken, vilket s\u00e4kerst\u00e4ller optimal uppriktning och minskar st\u00e4lltiden.<\/p>\n<p>Presscentreringscylindern \u00e4r oumb\u00e4rlig f\u00f6r att uppn\u00e5 exakta och effektiva pressoperationer. Med sin exakta centrering, justerbara prestanda, snabba responstid och robusta konstruktion ger denna cylinder operat\u00f6rerna m\u00f6jlighet att rikta in arbetsstycken med st\u00f6rsta precision, vilket minskar uppst\u00e4llningstiden och f\u00f6rb\u00e4ttrar den totala produktiviteten. Genom att f\u00f6lja de rekommenderade anv\u00e4ndningsmetoderna och underh\u00e5llspraxisen kan du maximera prestandan, livsl\u00e4ngden och s\u00e4kerheten hos presscentreringscylindern i dina pressoperationer. V\u00e4lj denna cylinder f\u00f6r att h\u00f6ja dina presskapaciteter och uppleva \u00f6verl\u00e4gsen uppriktning och effektivitet.<\/p>\n<p>Egenskaper f\u00f6r presscentreringscylinderns nyckel:<\/p>\n<ul>\n<li>Noggrann centrering:\n<ul>\n<li>Presscentreringscylindern \u00e4r speciellt utformad f\u00f6r att exakt centrera arbetsstycken under pressningsoperationer.<\/li>\n<li>Dess avancerade mekanism s\u00e4kerst\u00e4ller att arbetsstycket \u00e4r exakt uppriktat, vilket minimerar risken f\u00f6r feljustering eller fel.<\/li>\n<\/ul>\n<\/li>\n<li>Justerbar prestanda:\n<ul>\n<li>Denna cylinder erbjuder justerbara centreringsm\u00f6jligheter, vilket g\u00f6r det m\u00f6jligt f\u00f6r operat\u00f6rer att finjustera uppriktningen baserat p\u00e5 de specifika kraven f\u00f6r varje applikation.<\/li>\n<li>Genom att anpassa centreringsinst\u00e4llningarna kan du uppn\u00e5 optimala resultat f\u00f6r olika arbetsstyckens storlekar, former och material.<\/li>\n<\/ul>\n<\/li>\n<li>Snabb svarstid:\n<ul>\n<li>Presscentreringscylindern har en snabb reaktionstid, vilket m\u00f6jligg\u00f6r snabb och effektiv centrering av arbetsstycken.<\/li>\n<li>Den snabba \u00e5tg\u00e4rden minskar den totala cykeltiden, vilket \u00f6kar produktiviteten och genomstr\u00f6mningen i pressningsoperationer.<\/li>\n<\/ul>\n<\/li>\n<li>Robust konstruktion:\n<ul>\n<li>Denna cylinder \u00e4r byggd med h\u00e5llbarhet i \u00e5tanke, med h\u00f6gkvalitativa material och precisionsteknik.<\/li>\n<li>Dess robusta konstruktion s\u00e4kerst\u00e4ller l\u00e5ngvarig prestanda, \u00e4ven i kr\u00e4vande industriella milj\u00f6er.<\/li>\n<\/ul>\n<\/li>\n<\/ul>\n<h2><strong>Parameter f\u00f6r presscentreringscylinder:<\/strong><\/h2>\n<table border=\"1\" cellspacing=\"0\" cellpadding=\"0\">\n<tbody>\n<tr>\n<td>Produktnamn<\/td>\n<td>Hydraulisk presscentreringscylinder<\/td>\n<\/tr>\n<tr>\n<td>Drag:<\/td>\n<td>Se till att kl\u00e4mhuvudet \u00e4r i mittenposition<\/td>\n<\/tr>\n<tr>\n<td>Borrdiameter:<\/td>\n<td>50 mm\uff5e190 mm<\/td>\n<\/tr>\n<tr>\n<td>St\u00e5ngdiameter:<\/td>\n<td>35 mm\uff5e150 mm<br \/>\nSlagl\u00e4ngd \u22641200 mm<\/td>\n<\/tr>\n<tr>\n<td>Tryckkraft:<\/td>\n<td>Maximalt 441 kN<br \/>\n(Cylinderdiameter 190 mm\/tryck 25 MPa)<\/td>\n<\/tr>\n<tr>\n<td>Centreringscylinderapplikationer:<\/td>\n<td>Hydraulisk press<\/td>\n<\/tr>\n<\/tbody>\n<\/table>\n<div><\/div>\n<div>\n<div class=\"txtboxL\">Drag:<\/div>\n<div class=\"txtboxR\">Se till att kl\u00e4mhuvudet \u00e4r i mittenposition<\/div>\n<div class=\"txtboxL\">Specifikation:<\/div>\n<div class=\"txtboxR\">Borrdiameter: 50 mm ~ 190 mm<br \/>\nSt\u00e5ngdiameter: 35 mm ~ 150 mm<br \/>\nSlagl\u00e4ngd \u22641200 mm<\/div>\n<div class=\"txtboxL\">Tryckkraft:<\/div>\n<div class=\"txtboxR\">Maximalt 441 kN<br \/>\n(Cylinderdiameter 190 mm\/tryck 25 MPa)<\/div>\n<\/div>\n<h2><strong>Presscylinderfabrik:<\/strong><\/h2>\n<p><img loading=\"lazy\" decoding=\"async\" class=\"alignnone wp-image-1619 size-full\" src=\"https:\/\/hydraulic-cylinders.net\/wp-content\/uploads\/2023\/10\/press-cylinder.webp\" alt=\"\" width=\"1418\" height=\"946\" srcset=\"https:\/\/hydraulic-cylinders.net\/wp-content\/uploads\/2023\/10\/press-cylinder.webp 1418w, https:\/\/hydraulic-cylinders.net\/wp-content\/uploads\/2023\/10\/press-cylinder-1280x854.webp 1280w, https:\/\/hydraulic-cylinders.net\/wp-content\/uploads\/2023\/10\/press-cylinder-980x654.webp 980w, https:\/\/hydraulic-cylinders.net\/wp-content\/uploads\/2023\/10\/press-cylinder-480x320.webp 480w\" sizes=\"(min-width: 0px) and (max-width: 480px) 480px, (min-width: 481px) and (max-width: 980px) 980px, (min-width: 981px) and (max-width: 1280px) 1280px, (min-width: 1281px) 1418px, 100vw\" \/><\/p>\n<h2><strong>Anv\u00e4ndningsmetod f\u00f6r presscentreringscylinder<\/strong><strong>:<\/strong><\/h2>\n<ul>\n<li><strong>Installation:<\/strong>\n<ul>\n<li>Montera presscentreringscylindern s\u00e4kert p\u00e5 \u00f6nskad plats och se till att den \u00e4r korrekt inriktad mot pressutrustningen.<\/li>\n<li>Connect the hydraulic lines according to the manufacturer&#8217;s instructions, ensuring correct fluid flow and avoiding leaks.<\/li>\n<\/ul>\n<\/li>\n<li><strong>Centreringsjustering:<\/strong>\n<ul>\n<li>Bekanta dig med centreringsjusteringsmekanismen som cylindern tillhandah\u00e5ller.<\/li>\n<li>Vanligtvis kan justeringar g\u00f6ras med hj\u00e4lp av kontrollvred, handrattar eller digitala kontroller.<\/li>\n<li>Follow the manufacturer&#8217;s guidelines to make precise centering adjustments based on the workpiece dimensions and alignment requirements.<\/li>\n<\/ul>\n<\/li>\n<li><strong>Arbetsstyckesjustering:<\/strong>\n<ul>\n<li>Placera arbetsstycket p\u00e5 pressb\u00e4dden och se till att det \u00e4r i linje med centreringscylindern.<\/li>\n<li>Aktivera cylindern f\u00f6r att aktivera centreringsmekanismen och s\u00e4kra arbetsstycket i \u00f6nskad position.<\/li>\n<li>Verifiera uppriktningen visuellt eller med hj\u00e4lp av m\u00e4tverktyg f\u00f6r att s\u00e4kerst\u00e4lla korrekt centrering.<\/li>\n<\/ul>\n<\/li>\n<li><strong>Tryckning:<\/strong>\n<ul>\n<li>N\u00e4r arbetsstycket \u00e4r korrekt justerat, forts\u00e4tt med pressningen enligt dina standardprocedurer.<\/li>\n<li>Presscentreringscylindern bibeh\u00e5ller arbetsstyckets uppriktning och stabilitet under hela pressningsprocessen, vilket minimerar risken f\u00f6r feljustering eller skador.<\/li>\n<\/ul>\n<\/li>\n<\/ul>\n<h2><strong>Hur man luftar en hydraulcylinder?<\/strong><\/h2>\n<p>Bleeding a hydraulic cylinder is an essential maintenance task that helps remove air or trapped gases from the system. Here&#8217;s a step-by-step guide on how to bleed a hydraulic cylinder:<\/p>\n<p>Obs: Innan du forts\u00e4tter med luftningsprocessen, se till att du har n\u00f6dv\u00e4ndiga verktyg och s\u00e4kerhetsutrustning och f\u00f6lj alla specifika instruktioner fr\u00e5n tillverkaren av ditt hydraulsystem.<\/p>\n<ol>\n<li><strong>S\u00e4kerhets\u00e5tg\u00e4rder:<\/strong>\n<ul>\n<li>Anv\u00e4nd l\u00e4mplig skyddsutrustning, s\u00e5som handskar och skyddsglas\u00f6gon, f\u00f6r att skydda dig mot potentiella l\u00e4ckor eller st\u00e4nk av hydraulv\u00e4tska.<\/li>\n<li>Se till att hydraulsystemet \u00e4r tryckavlastat genom att st\u00e4nga av str\u00f6mk\u00e4llan och sl\u00e4ppa ut eventuellt lagrat tryck.<\/li>\n<\/ul>\n<\/li>\n<li><strong>Lokalisera avluftningsventilen:<\/strong>\n<ul>\n<li>Identifiera luftningsventilen p\u00e5 hydraulcylindern. Luftningsventilen \u00e4r vanligtvis en liten, skruvliknande ventil som \u00e4r placerad p\u00e5 cylinderhuset eller n\u00e4ra de hydrauliska ledningar som \u00e4r anslutna till cylindern.<\/li>\n<li>If you are unsure about the location of the bleeder valve, consult the manufacturer&#8217;s documentation or seek professional assistance.<\/li>\n<\/ul>\n<\/li>\n<li><strong>F\u00f6rberedelser f\u00f6r v\u00e4tskeinsamling:<\/strong>\n<ul>\n<li>Placera en l\u00e4mplig beh\u00e5llare eller absorberande material under avluftningsventilen f\u00f6r att samla upp eventuell v\u00e4tska som kan sl\u00e4ppas ut under avluftningsprocessen. Detta f\u00f6rhindrar spill och milj\u00f6f\u00f6roreningar.<\/li>\n<\/ul>\n<\/li>\n<li><strong>\u00d6ppna avluftningsventilen:<\/strong>\n<ul>\n<li>Anv\u00e4nd en l\u00e4mplig skiftnyckel eller ett l\u00e4mpligt verktyg och lossa f\u00f6rsiktigt avluftningsventilen moturs. Var f\u00f6rsiktig s\u00e5 att du inte tar bort ventilen helt i detta skede.<\/li>\n<li>Genom att \u00f6ppna avluftningsventilen skapas ett utlopp f\u00f6r den inst\u00e4ngda luften eller gaserna i cylindern att sl\u00e4ppas ut.<\/li>\n<\/ul>\n<\/li>\n<li><strong>Aktivera hydraulsystemet:<\/strong>\n<ul>\n<li>Sl\u00e5 p\u00e5 eller aktivera hydraulsystemet med hj\u00e4lp av den metod som rekommenderas av tillverkaren. Detta kan inneb\u00e4ra att starta kraftenheten eller man\u00f6vrera den hydrauliska utrustning som anv\u00e4nder cylindern.<\/li>\n<\/ul>\n<\/li>\n<li><strong>Observera v\u00e4tskefl\u00f6det:<\/strong>\n<ul>\n<li>N\u00e4r hydraulsystemet \u00e4r i drift kommer du att m\u00e4rka att v\u00e4tska str\u00f6mmar genom avluftningsventilen.<\/li>\n<li>L\u00e5t v\u00e4tskan fl\u00f6da fritt under tillr\u00e4ckligt l\u00e5ng tid f\u00f6r att s\u00e4kerst\u00e4lla att all luft och inst\u00e4ngda gaser rensas ut ur cylindern.<\/li>\n<li>H\u00e5ll noga koll p\u00e5 v\u00e4tskeniv\u00e5n i beh\u00e5llaren och var beredd att st\u00e4nga avluftningsventilen n\u00e4r v\u00e4tskefl\u00f6det blir j\u00e4mnt och fritt fr\u00e5n luftbubblor.<\/li>\n<\/ul>\n<\/li>\n<li><strong>St\u00e4ng avluftningsventilen:<\/strong>\n<ul>\n<li>N\u00e4r v\u00e4tskefl\u00f6det stabiliserats och \u00e4r fritt fr\u00e5n luftbubblor, dra f\u00f6rsiktigt \u00e5t avluftningsventilen medurs. Se till att den sitter t\u00e4tt men undvik att dra \u00e5t f\u00f6r h\u00e5rt f\u00f6r att f\u00f6rhindra skador p\u00e5 ventilen eller cylindern.<\/li>\n<\/ul>\n<\/li>\n<li><strong>Verifiera systemdrift:<\/strong>\n<ul>\n<li>Efter att avluftningsventilen st\u00e4ngts, kontrollera att cylindern fungerar korrekt med hydraulsystemet.<\/li>\n<li>Monitor the cylinder&#8217;s movement, responsiveness, and overall performance to ensure that the bleeding process was successful.<\/li>\n<\/ul>\n<\/li>\n<li><strong>Reng\u00f6ring och s\u00e4kerhet:<\/strong>\n<ul>\n<li>Torka upp eventuell utspilld hydraulv\u00e4tska och se till att arbetsomr\u00e5det \u00e4r rent och fritt fr\u00e5n potentiella faror.<\/li>\n<li>Kassera den uppsamlade v\u00e4tskan i enlighet med lokala f\u00f6reskrifter och milj\u00f6riktlinjer.<\/li>\n<\/ul>\n<\/li>\n<\/ol>\n<h2><strong>Fabrikens kapacitet och kapacitet:<\/strong><\/h2>\n<h3>(1) Montering<\/h3>\n<p>Vi har en f\u00f6rstklassig oberoende forsknings- och utvecklingsplattform. Verkstaden f\u00f6r tillverkning av hydraulcylindrar har fyra halvautomatiska monteringslinjer f\u00f6r lyftcylindrar och en automatisk monteringslinje f\u00f6r tiltcylindrar, med en planerad \u00e5rlig produktionskapacitet p\u00e5 1 miljon enheter. Specialcylinderverkstaden \u00e4r utrustad med olika specifikationer f\u00f6r ett halvautomatiskt reng\u00f6ringsmonteringssystem med en planerad \u00e5rlig produktionskapacitet p\u00e5 200 000 och utrustad med k\u00e4nd CNC-bearbetningsutrustning, ett fleroperationscenter, en specialutrustning f\u00f6r h\u00f6gprecisionscylindrar, en robotsvetsmaskin, en automatisk reng\u00f6ringsmaskin, en automatisk cylindermonteringsmaskin och en automatisk produktionslinje f\u00f6r m\u00e5lning. Befintlig kritisk utrustning p\u00e5 mer \u00e4n 300 set (set). Optimal allokering och effektiv anv\u00e4ndning av utrustningsresurser s\u00e4kerst\u00e4ller produkternas noggrannhetskrav och uppfyller produkternas h\u00f6ga kvalitetsbehov.<\/p>\n<p><img loading=\"lazy\" decoding=\"async\" class=\"alignnone wp-image-626\" src=\"https:\/\/hydraulic-cylinders.net\/wp-content\/uploads\/2023\/08\/hydraulic-cylinder-product-1-300x158.webp\" alt=\"\" width=\"495\" height=\"260\" srcset=\"https:\/\/hydraulic-cylinders.net\/wp-content\/uploads\/2023\/08\/hydraulic-cylinder-product-1-300x158.webp 495w, https:\/\/hydraulic-cylinders.net\/wp-content\/uploads\/2023\/08\/hydraulic-cylinder-product-1-480x252.webp 480w\" sizes=\"(min-width: 0px) and (max-width: 480px) 480px, (min-width: 481px) 495px, 100vw\" \/> <img loading=\"lazy\" decoding=\"async\" class=\"alignnone wp-image-627\" src=\"https:\/\/hydraulic-cylinders.net\/wp-content\/uploads\/2023\/08\/hydraulic-cylinder-product-2-300x189.webp\" alt=\"\" width=\"413\" height=\"260\" \/><\/p>\n<h3>(2) Maskinbearbetning<\/h3>\n<p>Bearbetningsverkstaden \u00e4r utrustad med en specialanpassad svarvcentral f\u00f6r lutande r\u00e4ls, bearbetningscenter, h\u00f6ghastighetsh\u00f6nsmaskin, svetsrobot och annan relaterad utrustning, som kan hantera bearbetning av cylinderr\u00f6r med en maximal innerdiameter p\u00e5 400 mm och en maximal l\u00e4ngd p\u00e5 6 meter.<\/p>\n<p><img loading=\"lazy\" decoding=\"async\" class=\"alignnone wp-image-628 size-large\" src=\"https:\/\/hydraulic-cylinders.net\/wp-content\/uploads\/2023\/08\/hydraulic-cylinder-product-3-1024x391.webp\" alt=\"\" width=\"1024\" height=\"391\" srcset=\"https:\/\/hydraulic-cylinders.net\/wp-content\/uploads\/2023\/08\/hydraulic-cylinder-product-3-980x374.webp 980w, https:\/\/hydraulic-cylinders.net\/wp-content\/uploads\/2023\/08\/hydraulic-cylinder-product-3-480x183.webp 480w\" sizes=\"(min-width: 0px) and (max-width: 480px) 480px, (min-width: 481px) and (max-width: 980px) 980px, (min-width: 981px) 1024px, 100vw\" \/><\/p>\n<h3>(3) Svetsning<\/h3>\n<p><img loading=\"lazy\" decoding=\"async\" class=\"alignnone wp-image-629 size-large\" src=\"https:\/\/hydraulic-cylinders.net\/wp-content\/uploads\/2023\/08\/hydraulic-cylinder-product-4-1024x510.webp\" alt=\"\" width=\"1024\" height=\"510\" srcset=\"https:\/\/hydraulic-cylinders.net\/wp-content\/uploads\/2023\/08\/hydraulic-cylinder-product-4-980x488.webp 980w, https:\/\/hydraulic-cylinders.net\/wp-content\/uploads\/2023\/08\/hydraulic-cylinder-product-4-480x239.webp 480w\" sizes=\"(min-width: 0px) and (max-width: 480px) 480px, (min-width: 481px) and (max-width: 980px) 980px, (min-width: 981px) 1024px, 100vw\" \/><\/p>\n<h3>(4) M\u00e5lning och ytbehandling<\/h3>\n<p>Med sm\u00e5 och medelstora cylindriska automatiska vattenbaserade f\u00e4rgbel\u00e4ggningslinjer, f\u00f6r att uppn\u00e5 automatisk robotlastning och lossning samt automatisk sprutning, \u00e4r den designade kapaciteten 4000 stycken per skift;<br \/>\nVi har \u00e4ven en halvautomatisk f\u00e4rgproduktionslinje f\u00f6r stora cylindrar som drivs av en sl\u00e4pkedja, med en designkapacitet p\u00e5 60 l\u00e5dor per skift.<\/p>\n<p><img loading=\"lazy\" decoding=\"async\" class=\"alignnone wp-image-630\" src=\"https:\/\/hydraulic-cylinders.net\/wp-content\/uploads\/2023\/08\/hydraulic-cylinder-product-5-300x213.webp\" alt=\"\" width=\"366\" height=\"260\" \/> <img loading=\"lazy\" decoding=\"async\" class=\"alignnone wp-image-631\" src=\"https:\/\/hydraulic-cylinders.net\/wp-content\/uploads\/2023\/08\/hydraulic-cylinder-product-6-300x225.webp\" alt=\"\" width=\"347\" height=\"260\" \/><\/p>\n<h3>(5) Testning<\/h3>\n<p>Vi har f\u00f6rstklassiga inspektionsanl\u00e4ggningar och testb\u00e4ddar f\u00f6r att s\u00e4kerst\u00e4lla att cylinderns prestanda uppfyller kraven.<\/p>\n<p><img loading=\"lazy\" decoding=\"async\" class=\"alignnone wp-image-632\" src=\"https:\/\/hydraulic-cylinders.net\/wp-content\/uploads\/2023\/08\/hydraulic-cylinder-product-8-300x200.webp\" alt=\"\" width=\"389\" height=\"260\" \/><\/p>\n<p>&nbsp;<\/p>\n<p>&nbsp;<\/p>\n<p>Vi \u00e4r en av de b\u00e4sta tillverkarna av hydraulcylindrar. Vi kan erbjuda ett helt\u00e4ckande utbud av hydraulcylindrar. Vi tillhandah\u00e5ller \u00e4ven motsvarande <a href=\"https:\/\/hzpt.com\/agricultural-pto-gearbox\/\" target=\"_blank\" rel=\"noopener\">jordbruksv\u00e4xell\u00e5dor<\/a>Vi har exporterat v\u00e5ra produkter till kunder \u00f6ver hela v\u00e4rlden och f\u00e5tt ett gott rykte tack vare v\u00e5r \u00f6verl\u00e4gsna produktkvalitet och kundservice. Vi v\u00e4lkomnar kunder b\u00e5de hemma och utomlands att kontakta oss f\u00f6r att f\u00f6rhandla aff\u00e4rer, utbyta information och <a href=\"https:\/\/www.hydraulic-cylinders.net\/sv\/contact-us\/\">samarbeta med oss<\/a>!<\/p>","protected":false},"excerpt":{"rendered":"<p>Press Centering Cylinder The press centering cylinder is a cutting-edge tool designed to enhance precision and efficiency in a wide range of pressing applications. This innovative cylinder is meticulously engineered to provide accurate centering of workpieces, ensuring optimal alignment and reducing setup time. The press centering cylinder is indispensable for achieving precise and efficient pressing [&hellip;]<\/p>","protected":false},"featured_media":1676,"comment_status":"open","ping_status":"closed","template":"","meta":{"_et_pb_use_builder":"","_et_pb_old_content":"","_et_gb_content_width":""},"product_brand":[],"product_cat":[1550,1522,1376],"product_tag":[1380],"class_list":{"0":"post-1674","1":"product","2":"type-product","3":"status-publish","4":"has-post-thumbnail","6":"product_cat-double-acting-hydraulic-cylinder","7":"product_cat-press-hydraulic-cylinders","8":"product_cat-hydraulic-cylinder","9":"product_tag-hydraulic-cylinder","11":"first","12":"instock","13":"shipping-taxable","14":"product-type-simple"},"amp_enabled":true,"_links":{"self":[{"href":"https:\/\/www.hydraulic-cylinders.net\/sv\/wp-json\/wp\/v2\/product\/1674","targetHints":{"allow":["GET"]}}],"collection":[{"href":"https:\/\/www.hydraulic-cylinders.net\/sv\/wp-json\/wp\/v2\/product"}],"about":[{"href":"https:\/\/www.hydraulic-cylinders.net\/sv\/wp-json\/wp\/v2\/types\/product"}],"replies":[{"embeddable":true,"href":"https:\/\/www.hydraulic-cylinders.net\/sv\/wp-json\/wp\/v2\/comments?post=1674"}],"wp:featuredmedia":[{"embeddable":true,"href":"https:\/\/www.hydraulic-cylinders.net\/sv\/wp-json\/wp\/v2\/media\/1676"}],"wp:attachment":[{"href":"https:\/\/www.hydraulic-cylinders.net\/sv\/wp-json\/wp\/v2\/media?parent=1674"}],"wp:term":[{"taxonomy":"product_brand","embeddable":true,"href":"https:\/\/www.hydraulic-cylinders.net\/sv\/wp-json\/wp\/v2\/product_brand?post=1674"},{"taxonomy":"product_cat","embeddable":true,"href":"https:\/\/www.hydraulic-cylinders.net\/sv\/wp-json\/wp\/v2\/product_cat?post=1674"},{"taxonomy":"product_tag","embeddable":true,"href":"https:\/\/www.hydraulic-cylinders.net\/sv\/wp-json\/wp\/v2\/product_tag?post=1674"}],"curies":[{"name":"wp","href":"https:\/\/api.w.org\/{rel}","templated":true}]}}