{"id":16743,"date":"2025-01-21T05:51:07","date_gmt":"2025-01-21T05:51:07","guid":{"rendered":"https:\/\/www.hydraulic-cylinders.net\/product\/arm-cylinder-for-pengpu-sw210e\/"},"modified":"2025-01-21T05:51:08","modified_gmt":"2025-01-21T05:51:08","slug":"arm-cylinder-for-pengpu-sw210e","status":"publish","type":"product","link":"https:\/\/www.hydraulic-cylinders.net\/sv\/produkt\/arm-cylinder-for-pengpu-sw210e\/","title":{"rendered":"Armcylinder f\u00f6r Pengpu SW210E"},"content":{"rendered":"<p><!DOCTYPE html><br \/>\n<html><br \/>\n<head><br \/>\n<title>Armcylinder f\u00f6r Pengpu SW210E<\/title><br \/>\n<\/head><br \/>\n<body><\/p>\n<h1>Armcylinder f\u00f6r Pengpu SW210E<\/h1>\n<h2>Definition och f\u00f6rklaring<\/h2>\n<p>En armcylinder \u00e4r en specialdesignad hydraulcylinder som ger linj\u00e4r r\u00f6relse och kraft till armen p\u00e5 olika typer av maskiner, s\u00e5som gr\u00e4vmaskiner, kranar och robotarmar. Armcylindern spelar en avg\u00f6rande roll i hydrauliska system och m\u00f6jligg\u00f6r effektiv f\u00f6rflyttning och styrning av ytterligare verktyg eller redskap. Dessa cylindrar s\u00e4kerst\u00e4ller inte bara j\u00e4mn r\u00f6relse utan t\u00e5l \u00e4ven tunga belastningar, vilket s\u00e4kerst\u00e4ller maskineriets effektiva drift och tillf\u00f6rlitlighet under olika arbetsf\u00f6rh\u00e5llanden.<\/p>\n<p><img decoding=\"async\" src=\"https:\/\/www.hydraulic-cylinders.net\/wp-content\/uploads\/2025\/01\/songte-company-2.webp\" alt=\"Bild av armcylinder\"><\/p>\n<h2>Funktioner hos armcylindern f\u00f6r Pengpu SW210E<\/h2>\n<ul>\n<li><strong>H\u00f6geffektiv kraft\u00f6verf\u00f6ring:<\/strong> Armcylindern ger kraftfull linj\u00e4r r\u00f6relse och kraft, vilket s\u00e4kerst\u00e4ller robotarmens h\u00f6gpresterande kapacitet under olika operationer.<\/li>\n<li><strong>Exakt kontroll:<\/strong> Genom det hydrauliska systemet m\u00f6jligg\u00f6r armcylindern exakt r\u00f6relsekontroll, vilket g\u00f6r man\u00f6vreringen av anslutna verktyg mer flexibel och exakt.<\/li>\n<li><strong>Varaktighet:<\/strong> Armcylindrar tillverkas vanligtvis av h\u00f6gh\u00e5llfasta material, som har utm\u00e4rkt slitage- och korrosionsbest\u00e4ndighet, vilket g\u00f6r dem l\u00e4mpliga f\u00f6r l\u00e5ngvarig anv\u00e4ndning i tuffa milj\u00f6er.<\/li>\n<li><strong>Multifunktionell anpassningsf\u00f6rm\u00e5ga:<\/strong> Dessa cylindrar kan anv\u00e4ndas i stor utstr\u00e4ckning p\u00e5 olika typer av maskiner, s\u00e5som gr\u00e4vmaskiner, kranar och robotarmar, och anpassas till olika arbetskrav.<\/li>\n<li><strong>Enkelt underh\u00e5ll:<\/strong> Armcylindrarna \u00e4r konstruerade med underh\u00e5ll och utbyte i \u00e5tanke och underl\u00e4ttar bekv\u00e4ma regelbundna inspektioner och underh\u00e5ll, vilket minskar stillest\u00e5ndstiden f\u00f6r utrustningen.<\/li>\n<\/ul>\n<p><img decoding=\"async\" src=\"https:\/\/www.hydraulic-cylinders.net\/wp-content\/uploads\/2025\/01\/songte-oil-pipes-and-spare-parts.webp\" alt=\"Bild av reservdelar till armcylinder\"><\/p>\n<h2>Anv\u00e4ndningsomr\u00e5den f\u00f6r armcylinder f\u00f6r Pengpu SW210E<\/h2>\n<p>Armcylindrar har omfattande till\u00e4mpningar inom olika branscher:<\/p>\n<h3>1. Byggteknik<\/h3>\n<p>I gr\u00e4vmaskiner och kranar styr armcylindrar r\u00f6relsen av skopor eller bommar f\u00f6r markarbete, materialhantering och strukturell installation.<\/p>\n<h3>2. Tillverkningsindustrin<\/h3>\n<p>I automatiserade produktionslinjer m\u00f6jligg\u00f6r armcylindrar r\u00f6relsen av robotarmar f\u00f6r montering, svetsning och materialhanteringsprocesser, vilket f\u00f6rb\u00e4ttrar produktionseffektiviteten och noggrannheten.<\/p>\n<h3>3. Jordbruksmaskiner<\/h3>\n<p>I jordbruksmaskiner som sk\u00f6rdetr\u00f6skor och s\u00e5maskiner styr armcylindrar r\u00f6relsen hos man\u00f6verarmarna f\u00f6r uppgifter som s\u00e5dd, g\u00f6dsling och sk\u00f6rd.<\/p>\n<h3>4. Gruvdrift<\/h3>\n<p>I gruvutrustning anv\u00e4nds armcylindrar f\u00f6r att styra armr\u00f6relsen hos gruvmaskiner, vilket underl\u00e4ttar malmutvinning och transport.<\/p>\n<h3>5. Logistik och transport<\/h3>\n<p>I gaffeltruckar och hanteringsrobotar styr armcylindrar lyftningen och r\u00f6relsen av gafflarna, vilket m\u00f6jligg\u00f6r transport och stapling av material.<\/p>\n<p><img decoding=\"async\" src=\"https:\/\/www.hydraulic-cylinders.net\/wp-content\/uploads\/2025\/01\/songte-chushion-collar.webp\" alt=\"Bild av armcylinderapplikation\"><\/p>\n<h2>Design\u00f6verv\u00e4ganden och urvalskriterier<\/h2>\n<ul>\n<li><strong>B\u00e4rf\u00f6rm\u00e5ga:<\/strong> Armcylindrar \u00e4r konstruerade f\u00f6r att motst\u00e5 specifika belastningar, vilket s\u00e4kerst\u00e4ller s\u00e4ker och effektiv drift.<\/li>\n<li><strong>T\u00e4tning:<\/strong> Olika t\u00e4tningselement, s\u00e5som kolvt\u00e4tningar och kolvst\u00e5ngst\u00e4tningar, anv\u00e4nds. Dessa t\u00e4tningar \u00e4r tillverkade av slitstarka material som polyuretan och nitrilgummi. Cylinderhuset och de g\u00e4ngade \u00e4ndarna \u00e4r fint bearbetade f\u00f6r att f\u00f6rb\u00e4ttra slitstyrkan.<\/li>\n<li><strong>Varaktighet:<\/strong> Armcylindrar \u00e4r konstruerade f\u00f6r att motst\u00e5 tuffa driftsf\u00f6rh\u00e5llanden och har h\u00f6g h\u00e5llbarhet, vilket s\u00e4kerst\u00e4ller deras l\u00e5nga livsl\u00e4ngd.<\/li>\n<li><strong>S\u00e4kerhet:<\/strong> S\u00e4kerhetsfunktioner \u00e4r inf\u00f6rlivade i konstruktionen, s\u00e5som tryckavlastningsventiler och s\u00e4kerhetsmekanismer, f\u00f6r att f\u00f6rhindra olyckor och s\u00e4kerst\u00e4lla operat\u00f6rens s\u00e4kerhet.<\/li>\n<li><strong>Underh\u00e5llbarhet:<\/strong> Armcylindrar \u00e4r konstruerade f\u00f6r enkelt underh\u00e5ll och utbyte, vilket minskar stillest\u00e5ndstiden och underl\u00e4ttar effektiv service.<\/li>\n<\/ul>\n<p><img decoding=\"async\" src=\"https:\/\/www.hydraulic-cylinders.net\/wp-content\/uploads\/2025\/01\/songte-cylinder-head-with-all-kinds-excavator-models.webp\" alt=\"Bild av armcylinderdesign\"><\/p>\n<h2>T\u00e4tning och sm\u00f6rjning av armcylinder<\/h2>\n<p>Armcylindrarna anv\u00e4nder olika t\u00e4tningskomponenter, s\u00e5som kolvt\u00e4tningar, st\u00e5ngt\u00e4tningar etc., vilka \u00e4r tillverkade av slitstarka material som polyuretan och nitrilgummi. Cylinderhuset och de g\u00e4ngade \u00e4ndarna genomg\u00e5r noggrann behandling f\u00f6r att f\u00f6rb\u00e4ttra slitstyrkan. Regelbunden sm\u00f6rjning med l\u00e4mplig m\u00e4ngd hydraulolja kr\u00e4vs f\u00f6r att s\u00e4kerst\u00e4lla smidig drift.<\/p>\n<h2>Regelbunden inspektion och f\u00f6rebyggande underh\u00e5lls\u00e5tg\u00e4rder<\/h2>\n<ul>\n<li>Inspektera regelbundet armcylindern f\u00f6r tecken p\u00e5 l\u00e4ckage, skador eller slitage.<\/li>\n<li>\u00d6vervaka och underh\u00e5ll hydraulv\u00e4tskeniv\u00e5erna.<\/li>\n<li>Kontrollera och reng\u00f6r t\u00e4tningarna regelbundet f\u00f6r att s\u00e4kerst\u00e4lla deras funktion.<\/li>\n<li>H\u00e5ll armcylindern v\u00e4lsmord enligt tillverkarens anvisningar.<\/li>\n<\/ul>\n<h2>Produktinstallationsguide<\/h2>\n<p>Korrekt installation av armcylindern \u00e4r avg\u00f6rande f\u00f6r att s\u00e4kerst\u00e4lla optimal prestanda och livsl\u00e4ngd. F\u00f6lj dessa steg:<\/p>\n<ol>\n<li>F\u00f6rbered monteringsomr\u00e5det och se till att det \u00e4r rent och fritt fr\u00e5n skr\u00e4p.<\/li>\n<li>F\u00e4st armcylindern ordentligt vid de avsedda monteringspunkterna med l\u00e4mpliga bultar, muttrar eller andra f\u00e4stelement.<\/li>\n<li>Se till att alla hydrauliska anslutningar \u00e4r korrekt justerade och \u00e5tdragna.<\/li>\n<li>S\u00e4kerst\u00e4ll att armcylindern fungerar smidigt och utan ovanliga ljud.<\/li>\n<li>Utf\u00f6r ett funktionstest f\u00f6r att kontrollera att det fungerar korrekt innan det tas i bruk.<\/li>\n<\/ol>\n<p><img decoding=\"async\" src=\"https:\/\/www.hydraulic-cylinders.net\/wp-content\/uploads\/2025\/01\/songte-bushings-with-all-kinds-of-excavator-models.webp\" alt=\"Bild f\u00f6r installation av armcylinder\"><\/p>\n<h2>S\u00e4kerhetsaspekter och milj\u00f6faktorer<\/h2>\n<p>Vikten av s\u00e4kerhets\u00e5tg\u00e4rder vid anv\u00e4ndning av armcylindrar kan inte nog betonas. Korrekt utbildning och efterlevnad av s\u00e4kerhetsriktlinjer \u00e4r avg\u00f6rande f\u00f6r att f\u00f6rhindra olyckor och s\u00e4kerst\u00e4lla operat\u00f6rers och \u00e5sk\u00e5dares v\u00e4lbefinnande. Dessutom \u00e4r det viktigt att beakta milj\u00f6faktorer som temperatur, fuktighet och exponering f\u00f6r fr\u00e4tande \u00e4mnen f\u00f6r att s\u00e4kerst\u00e4lla armcylinderns livsl\u00e4ngd och prestanda.<\/p>\n<h2>Fels\u00f6kning och vanliga problem<\/h2>\n<p>H\u00e4r \u00e4r n\u00e5gra vanliga problem som kan uppst\u00e5 med armcylindrar:<\/p>\n<ol>\n<li>L\u00e4ckage av hydraulv\u00e4tska<\/li>\n<li>Oregelbunden eller ryckig r\u00f6relse<\/li>\n<li>Otillr\u00e4cklig kraft eller kraft<\/li>\n<li>\u00d6verdrivet buller under drift<\/li>\n<li>Oresponsiv eller tr\u00f6g r\u00f6relse<\/li>\n<\/ol>\n<p>F\u00f6r att \u00e5tg\u00e4rda dessa problem, f\u00f6lj dessa fels\u00f6kningstips och l\u00f6sningar:<\/p>\n<ul>\n<li>Kontrollera om det finns n\u00e5gra l\u00f6sa eller skadade hydrauliska anslutningar och dra \u00e5t eller byt ut dem vid behov.<\/li>\n<li>Kontrollera t\u00e4tningarna och byt ut dem om de \u00e4r slitna eller skadade.<\/li>\n<li>S\u00e4kerst\u00e4ll att hydraulv\u00e4tskeniv\u00e5n \u00e4r tillr\u00e4cklig och byt ut eller fyll p\u00e5 vid behov.<\/li>\n<li>Sm\u00f6rj armcylindern enligt tillverkarens anvisningar.<\/li>\n<li>Kontakta tillverkaren eller en kvalificerad tekniker f\u00f6r ytterligare hj\u00e4lp om problemet kvarst\u00e5r.<\/li>\n<\/ul>\n<p><img decoding=\"async\" src=\"https:\/\/www.hydraulic-cylinders.net\/wp-content\/uploads\/2025\/01\/songte-chushion-collar.webp\" alt=\"Fels\u00f6kningsbild f\u00f6r armcylinder\"><\/p>\n<h2>Om oss<\/h2>\n<p>Vi \u00e4r en professionell tillverkare av hydraulcylindrar f\u00f6r reservdelar och erbjuder ett brett utbud av produkter. Vi har blivit en av de ledande tillverkarna och grossistdistribut\u00f6rerna av hydraulcylindrar p\u00e5 b\u00e5de inhemska och internationella marknader. Med ett engagemang f\u00f6r excellens f\u00f6rlitar vi oss p\u00e5 den industriella produktionshanteringsstrategin i v\u00e5r sofistikerade tillverkningsverkstad f\u00f6r att kontinuerligt f\u00f6rb\u00e4ttra v\u00e5r tekniska niv\u00e5 och produktionseffektivitet. Genom att introducera avancerad digital tillverkningsutrustning och professionella testsystem optimerar vi v\u00e5r tillverkningsplattform och f\u00f6rb\u00e4ttrar v\u00e5ra produktkvalitetskontrollprocesser, vilket visar p\u00e5 stark innovationsf\u00f6rm\u00e5ga. V\u00e5rt m\u00e5l \u00e4r att m\u00f6ta kundernas olika behov med principer om effektivitet, precision och h\u00f6g kvalitet.<\/p>\n<p><img decoding=\"async\" src=\"https:\/\/www.hydraulic-cylinders.net\/wp-content\/uploads\/2025\/01\/songte-company-4.webp\" alt=\"F\u00f6retagsbild\"><br \/>\n<img","protected":false},"excerpt":{"rendered":"<p>Arm Cylinder For Pengpu SW210E Arm Cylinder For Pengpu SW210E Definition and Explanation An arm cylinder is a specially designed hydraulic cylinder that provides linear motion and power to the arm of various types of machinery, such as excavators, cranes, and robotic arms. The arm cylinder plays a crucial role in hydraulic systems, enabling the [&hellip;]<\/p>","protected":false},"featured_media":14770,"comment_status":"open","ping_status":"closed","template":"","meta":{"_et_pb_use_builder":"","_et_pb_old_content":"","_et_gb_content_width":""},"product_brand":[],"product_cat":[1497],"product_tag":[1498,1496],"class_list":{"0":"post-16743","1":"product","2":"type-product","3":"status-publish","4":"has-post-thumbnail","6":"product_cat-arm-cylinders","7":"product_tag-arm-cylinders","8":"product_tag-hydraulic-cylinders","10":"first","11":"instock","12":"shipping-taxable","13":"product-type-simple"},"amp_enabled":true,"_links":{"self":[{"href":"https:\/\/www.hydraulic-cylinders.net\/sv\/wp-json\/wp\/v2\/product\/16743","targetHints":{"allow":["GET"]}}],"collection":[{"href":"https:\/\/www.hydraulic-cylinders.net\/sv\/wp-json\/wp\/v2\/product"}],"about":[{"href":"https:\/\/www.hydraulic-cylinders.net\/sv\/wp-json\/wp\/v2\/types\/product"}],"replies":[{"embeddable":true,"href":"https:\/\/www.hydraulic-cylinders.net\/sv\/wp-json\/wp\/v2\/comments?post=16743"}],"wp:featuredmedia":[{"embeddable":true,"href":"https:\/\/www.hydraulic-cylinders.net\/sv\/wp-json\/wp\/v2\/media\/14770"}],"wp:attachment":[{"href":"https:\/\/www.hydraulic-cylinders.net\/sv\/wp-json\/wp\/v2\/media?parent=16743"}],"wp:term":[{"taxonomy":"product_brand","embeddable":true,"href":"https:\/\/www.hydraulic-cylinders.net\/sv\/wp-json\/wp\/v2\/product_brand?post=16743"},{"taxonomy":"product_cat","embeddable":true,"href":"https:\/\/www.hydraulic-cylinders.net\/sv\/wp-json\/wp\/v2\/product_cat?post=16743"},{"taxonomy":"product_tag","embeddable":true,"href":"https:\/\/www.hydraulic-cylinders.net\/sv\/wp-json\/wp\/v2\/product_tag?post=16743"}],"curies":[{"name":"wp","href":"https:\/\/api.w.org\/{rel}","templated":true}]}}