{"id":1677,"date":"2023-10-11T05:47:57","date_gmt":"2023-10-11T05:47:57","guid":{"rendered":"https:\/\/hydraulic-cylinders.net\/?post_type=product&#038;p=1677"},"modified":"2025-04-11T03:46:12","modified_gmt":"2025-04-11T03:46:12","slug":"press-front-side-shift-cylinder","status":"publish","type":"product","link":"https:\/\/www.hydraulic-cylinders.net\/sv\/produkt\/press-front-side-shift-cylinder\/","title":{"rendered":"Tryck p\u00e5 framsidans skiftcylinder"},"content":{"rendered":"<h1 style=\"text-align: center;\"><strong>Tryck p\u00e5 framsidans skiftcylinder<\/strong><\/h1>\n<p><img loading=\"lazy\" decoding=\"async\" class=\"wp-image-1683 aligncenter\" src=\"https:\/\/hydraulic-cylinders.net\/wp-content\/uploads\/2023\/10\/front-side-shift-cylinder-1-2-300x300.webp\" alt=\"\" width=\"400\" height=\"400\" \/><\/p>\n<p>Pressens framsidaf\u00f6rskjutningscylinder \u00e4r ett innovativt verktyg utformat f\u00f6r att h\u00f6ja precisionen och effektiviteten vid pressningsoperationer. Denna avancerade cylinder \u00e4r speciellt konstruerad f\u00f6r att underl\u00e4tta framsidans f\u00f6rskjutning av arbetsstycken under pressning, vilket s\u00e4kerst\u00e4ller noggrann uppriktning och minskar uppst\u00e4llningstiden.<\/p>\n<p>Pressens framsidaf\u00f6rskjutningscylinder \u00e4r banbrytande inom pressoperationer. Med sin framsidaf\u00f6rskjutningskapacitet, exakta uppriktning, justerbara v\u00e4xlingsomr\u00e5de och snabba respons ger denna cylinder operat\u00f6rerna m\u00f6jlighet att uppn\u00e5 exakta och effektiva pressresultat. Genom att f\u00f6lja de rekommenderade anv\u00e4ndningsmetoderna och underh\u00e5llspraxisen kan du maximera prestandan, livsl\u00e4ngden och s\u00e4kerheten hos pressens framsidaf\u00f6rskjutningscylinder i dina pressapplikationer. \u00d6ka dina pressm\u00f6jligheter och upplev \u00f6verl\u00e4gsen uppriktning och effektivitet med denna banbrytande cylinder.<\/p>\n<p>Egenskaper f\u00f6r nyckelcylindern f\u00f6r tryck p\u00e5 framsidan:<\/p>\n<ol>\n<li>F\u00f6rskjutningsf\u00f6rm\u00e5ga framtill:\n<ul>\n<li>Pressens framsidaf\u00f6rskjutningscylinder \u00e4r konstruerad f\u00f6r att m\u00f6jligg\u00f6ra exakt framsidaf\u00f6rskjutning av arbetsstycken under pressningsoperationer.<\/li>\n<li>Det g\u00f6r det m\u00f6jligt f\u00f6r operat\u00f6rer att enkelt justera arbetsstyckets position, vilket s\u00e4kerst\u00e4ller optimal uppriktning och minskar behovet av manuella justeringar.<\/li>\n<\/ul>\n<\/li>\n<li>Noggrann justering:\n<ul>\n<li>Denna cylinder s\u00e4kerst\u00e4ller noggrann uppriktning av arbetsstycket, vilket minimerar risken f\u00f6r feljustering och f\u00f6rb\u00e4ttrar den totala precisionen.<\/li>\n<li>Den exakta inriktningen som uppn\u00e5s av pressens fr\u00e4mre sidof\u00f6rskjutningscylinder resulterar i f\u00f6rb\u00e4ttrad produktkvalitet och minskade kassationsniv\u00e5er.<\/li>\n<\/ul>\n<\/li>\n<li>Justerbart v\u00e4xlingsomr\u00e5de:\n<ul>\n<li>Cylindern erbjuder ett justerbart v\u00e4xlingsomr\u00e5de, vilket g\u00f6r det m\u00f6jligt f\u00f6r f\u00f6rarna att anpassa graden av framv\u00e4xling baserat p\u00e5 de specifika kraven f\u00f6r varje applikation.<\/li>\n<li>Flexibiliteten att justera v\u00e4xlingsomr\u00e5det s\u00e4kerst\u00e4ller kompatibilitet med olika arbetsstyckens storlekar, former och pressbehov.<\/li>\n<\/ul>\n<\/li>\n<li>Snabb och responsiv:\n<ul>\n<li>Pressens fr\u00e4mre sidof\u00f6rskjutningscylinder har en snabb och responsiv v\u00e4xlingsmekanism, vilket s\u00e4kerst\u00e4ller snabba justeringar under pressningsoperationer.<\/li>\n<li>Den snabba v\u00e4xlingsfunktionen minskar den totala cykeltiden, vilket maximerar produktiviteten och genomstr\u00f6mningen i pressapplikationer.<\/li>\n<\/ul>\n<\/li>\n<\/ol>\n<h2><strong>Parameter f\u00f6r tryck p\u00e5 framsidans skiftcylinder:<\/strong><\/h2>\n<table border=\"1\" cellspacing=\"0\" cellpadding=\"0\">\n<tbody>\n<tr>\n<td>Produktnamn<\/td>\n<td>Hydraulisk press framsida f\u00f6rskjutningscylinder<\/td>\n<\/tr>\n<tr>\n<td>Drag:<\/td>\n<td>Flytta \u00e4mnet eller arbetsstycket horisontellt<\/td>\n<\/tr>\n<tr>\n<td>Kolv:<\/td>\n<td>80 mm\uff5e240 mm<br \/>\nSlagl\u00e4ngd \u2264300 mm<\/td>\n<\/tr>\n<tr>\n<td>Tryckkraft:<\/td>\n<td>Maximalt 1130 kN<br \/>\n(Kolv 240 mm\/tryck 25 MPa)<\/td>\n<\/tr>\n<tr>\n<td>Applikationer f\u00f6r framv\u00e4xlingscylinder:<\/td>\n<td>Hydraulisk press<\/td>\n<\/tr>\n<\/tbody>\n<\/table>\n<div><\/div>\n<div>\n<div class=\"txtboxL\">\n<div class=\"txtboxL\">Drag:<\/div>\n<div class=\"txtboxR\">Flytta \u00e4mnet eller arbetsstycket horisontellt<\/div>\n<div class=\"txtboxL\">Specifikation:<\/div>\n<div class=\"txtboxR\">Kolv: 80 mm ~ 240 mm<br \/>\nSlagl\u00e4ngd \u2264300 mm<\/div>\n<div class=\"txtboxL\">Tryckkraft:<\/div>\n<div class=\"txtboxR\">Maximalt 1130 kN<br \/>\n(Kolv 240 mm\/tryck 25 MPa)<\/div>\n<\/div>\n<\/div>\n<h2><strong>Presscylinderfabrik:<\/strong><\/h2>\n<p><img loading=\"lazy\" decoding=\"async\" class=\"alignnone wp-image-1619 size-full\" src=\"https:\/\/hydraulic-cylinders.net\/wp-content\/uploads\/2023\/10\/press-cylinder.webp\" alt=\"\" width=\"1418\" height=\"946\" srcset=\"https:\/\/hydraulic-cylinders.net\/wp-content\/uploads\/2023\/10\/press-cylinder.webp 1418w, https:\/\/hydraulic-cylinders.net\/wp-content\/uploads\/2023\/10\/press-cylinder-1280x854.webp 1280w, https:\/\/hydraulic-cylinders.net\/wp-content\/uploads\/2023\/10\/press-cylinder-980x654.webp 980w, https:\/\/hydraulic-cylinders.net\/wp-content\/uploads\/2023\/10\/press-cylinder-480x320.webp 480w\" sizes=\"(min-width: 0px) and (max-width: 480px) 480px, (min-width: 481px) and (max-width: 980px) 980px, (min-width: 981px) and (max-width: 1280px) 1280px, (min-width: 1281px) 1418px, 100vw\" \/><\/p>\n<h2><strong>Anv\u00e4ndningsmetod f\u00f6r presscylinder f\u00f6r framsida<\/strong><strong>:<\/strong><\/h2>\n<ol>\n<li><strong>Installation:<\/strong>\n<ul>\n<li>Montera pressens fr\u00e4mre sidof\u00f6rskjutningscylinder ordentligt p\u00e5 \u00f6nskad plats och se till att den \u00e4r korrekt inriktad mot pressutrustningen.<\/li>\n<li>Anslut hydraulledningarna enligt tillverkarens anvisningar, s\u00e4kerst\u00e4ll korrekt v\u00e4tskefl\u00f6de och undvik l\u00e4ckor.<\/li>\n<\/ul>\n<\/li>\n<li><strong>V\u00e4xlingsjustering:<\/strong>\n<ul>\n<li>Bekanta dig med v\u00e4xlingsjusteringsmekanismen som medf\u00f6ljer cylindern.<\/li>\n<li>Vanligtvis kan justeringar g\u00f6ras med hj\u00e4lp av kontrollvred, handrattar eller digitala kontroller.<\/li>\n<li>F\u00f6lj tillverkarens riktlinjer f\u00f6r att g\u00f6ra exakta justeringar av framsidans f\u00f6rskjutning baserat p\u00e5 arbetsstyckets dimensioner och uppriktningskrav.<\/li>\n<\/ul>\n<\/li>\n<li><strong>Arbetsstyckesjustering och f\u00f6rskjutning:<\/strong>\n<ul>\n<li>Placera arbetsstycket p\u00e5 pressb\u00e4dden och se till att det \u00e4r i linje med cylindern fr\u00e5n b\u00f6rjan.<\/li>\n<li>Aktivera cylindern f\u00f6r att aktivera v\u00e4xlingsmekanismen och justera arbetsstycket smidigt till \u00f6nskad framsida.<\/li>\n<li>Verifiera inriktningen visuellt eller med hj\u00e4lp av m\u00e4tverktyg f\u00f6r att s\u00e4kerst\u00e4lla korrekt fram\u00e5triktad f\u00f6rskjutning.<\/li>\n<\/ul>\n<\/li>\n<li><strong>Tryckning:<\/strong>\n<ul>\n<li>N\u00e4r arbetsstycket \u00e4r korrekt justerat och f\u00f6rskjutet, forts\u00e4tt med pressningen enligt dina standardprocedurer.<\/li>\n<li>Pressens fr\u00e4mre sidof\u00f6rskjutningscylinder bibeh\u00e5ller arbetsstyckets inriktning och stabilitet under hela pressningsprocessen, vilket s\u00e4kerst\u00e4ller konsekventa resultat.<\/li>\n<\/ul>\n<\/li>\n<\/ol>\n<h2><strong>Hur man renoverar en hydraulcylinder?<\/strong><\/h2>\n<p>Att renovera en hydraulcylinder inneb\u00e4r att demontera cylindern, inspektera och byta ut slitna eller skadade komponenter, och montera ihop cylindern igen f\u00f6r att \u00e5terst\u00e4lla funktionaliteten. H\u00e4r \u00e4r en steg-f\u00f6r-steg-guide om hur man renoverar en hydraulcylinder:<\/p>\n<p>Obs: Att renovera en hydraulcylinder kan vara komplicerat och kr\u00e4ver mekanisk kunskap och erfarenhet. Om du \u00e4r os\u00e4ker eller saknar n\u00f6dv\u00e4ndig expertis rekommenderas det att du s\u00f6ker hj\u00e4lp fr\u00e5n en professionell hydraultekniker.<\/p>\n<ol>\n<li><strong>S\u00e4kerhets\u00e5tg\u00e4rder:<\/strong>\n<ul>\n<li>S\u00e4kerst\u00e4ll att hydraulsystemet \u00e4r tryckavlastat genom att st\u00e4nga av str\u00f6mk\u00e4llan och sl\u00e4ppa ut eventuellt lagrat tryck.<\/li>\n<li>Anv\u00e4nd l\u00e4mplig skyddsutrustning, s\u00e5som handskar och skyddsglas\u00f6gon, f\u00f6r att skydda dig mot potentiella l\u00e4ckor eller st\u00e4nk av hydraulv\u00e4tska.<\/li>\n<\/ul>\n<\/li>\n<li><strong>Demontering av cylinder:<\/strong>\n<ul>\n<li>Koppla bort hydraulledningarna fr\u00e5n cylindern. Anv\u00e4nd l\u00e4mpliga skiftnycklar eller verktyg f\u00f6r att lossa och koppla bort kopplingarna.<\/li>\n<li>St\u00f6d cylinderns vikt med hj\u00e4lp av en lyftanordning eller l\u00e4mplig lyftutrustning.<\/li>\n<li>Ta bort alla monteringsf\u00e4sten eller h\u00e5rdvara som f\u00e4ster cylindern vid utrustningen.<\/li>\n<\/ul>\n<\/li>\n<li><strong>Demontering:<\/strong>\n<ul>\n<li>Placera cylindern p\u00e5 en ren arbetsb\u00e4nk eller yta.<\/li>\n<li>Ta f\u00f6rsiktigt bort cylinderns \u00e4ndk\u00e5por med l\u00e4mpliga verktyg, s\u00e5som en skiftnyckel eller hylsnyckelsats. Var f\u00f6rsiktig s\u00e5 att du inte skadar cylindern eller dess komponenter under denna process.<\/li>\n<li>N\u00e4r \u00e4ndk\u00e5porna har tagits bort, skjut ut kolv- och st\u00e5ngenheten ur cylindercylindern.<\/li>\n<li>Kontrollera och dokumentera komponenternas ordning och orientering n\u00e4r du demonterar dem. Detta kommer att vara till hj\u00e4lp vid \u00e5termonteringen.<\/li>\n<\/ul>\n<\/li>\n<li><strong>Komponentinspektion:<\/strong>\n<ul>\n<li>Kontrollera noggrant alla komponenter f\u00f6r tecken p\u00e5 slitage, skador eller korrosion. Var noga med kolv, st\u00e5ng, t\u00e4tningar, lager och andra inre delar.<\/li>\n<li>M\u00e4t kritiska dimensioner, s\u00e5som kolvdiameter, st\u00e5ngdiameter och t\u00e4tningssp\u00e5rens dimensioner. J\u00e4mf\u00f6r dessa m\u00e5tt med tillverkarens specifikationer f\u00f6r att avg\u00f6ra om n\u00e5gra komponenter beh\u00f6ver bytas ut.<\/li>\n<\/ul>\n<\/li>\n<li><strong>Komponentbyte:<\/strong>\n<ul>\n<li>Byt ut alla slitna, skadade eller komponenter som inte uppfyller specifikationerna. Se till att reservdelarna \u00e4r kompatibla med hydraulcylinderns specifika m\u00e4rke och modell.<\/li>\n<li>Vanliga komponenter som ofta beh\u00f6ver bytas ut inkluderar t\u00e4tningar, O-ringar, lager, kolvringar och slitband.<\/li>\n<li>Sm\u00f6rj nya t\u00e4tningar och O-ringar med hydraulv\u00e4tska eller ett kompatibelt sm\u00f6rjmedel f\u00f6re montering.<\/li>\n<\/ul>\n<\/li>\n<li><strong>\u00c5termontering:<\/strong>\n<ul>\n<li>B\u00f6rja monteringen genom att f\u00f6rsiktigt s\u00e4tta tillbaka kolv- och st\u00e5ngenheten i cylinderr\u00f6ret.<\/li>\n<li>Montera nya t\u00e4tningar och O-ringar i respektive sp\u00e5r och se till att de \u00e4r korrekt uppriktade och orienterade.<\/li>\n<li>Applicera ett tunt lager hydraulv\u00e4tska eller monteringssm\u00f6rjmedel p\u00e5 t\u00e4tningarna och andra r\u00f6rliga delar n\u00e4r du monterar ihop cylindern igen.<\/li>\n<li>F\u00f6lj omv\u00e4nd ordning mot demonteringen f\u00f6r att montera tillbaka \u00e4ndk\u00e5porna och se till att alla bultar eller f\u00e4stelement \u00e4r ordentligt \u00e5tdragna enligt tillverkarens specifikationer.<\/li>\n<\/ul>\n<\/li>\n<li><strong>Testning och installation:<\/strong>\n<ul>\n<li>N\u00e4r cylindern \u00e4r monterad igen \u00e4r det viktigt att testa dess funktion innan den installeras tillbaka i utrustningen.<\/li>\n<li>Anslut hydraulledningarna och trycks\u00e4tt systemet p\u00e5 nytt enligt tillverkarens anvisningar.<\/li>\n<li>K\u00f6r cylindern flera g\u00e5nger f\u00f6r att kontrollera att den fungerar smidigt, \u00e4r t\u00e4t och att det finns n\u00e5gra l\u00e4ckor.<\/li>\n<li>Om cylindern fungerar korrekt under testningen, montera den tillbaka i utrustningen och se till att hydraulledningarna \u00e4r korrekt inriktade och anslutna.<\/li>\n<\/ul>\n<\/li>\n<\/ol>\n<h2><strong>Fabrikens kapacitet och kapacitet:<\/strong><\/h2>\n<h3>(1) Montering<\/h3>\n<p>Vi har en f\u00f6rstklassig oberoende forsknings- och utvecklingsplattform. Verkstaden f\u00f6r tillverkning av hydraulcylindrar har fyra halvautomatiska monteringslinjer f\u00f6r lyftcylindrar och en automatisk monteringslinje f\u00f6r tiltcylindrar, med en planerad \u00e5rlig produktionskapacitet p\u00e5 1 miljon enheter. Specialcylinderverkstaden \u00e4r utrustad med olika specifikationer f\u00f6r ett halvautomatiskt reng\u00f6ringsmonteringssystem med en planerad \u00e5rlig produktionskapacitet p\u00e5 200 000 och utrustad med k\u00e4nd CNC-bearbetningsutrustning, ett fleroperationscenter, en specialutrustning f\u00f6r h\u00f6gprecisionscylindrar, en robotsvetsmaskin, en automatisk reng\u00f6ringsmaskin, en automatisk cylindermonteringsmaskin och en automatisk produktionslinje f\u00f6r m\u00e5lning. Befintlig kritisk utrustning p\u00e5 mer \u00e4n 300 set (set). Optimal allokering och effektiv anv\u00e4ndning av utrustningsresurser s\u00e4kerst\u00e4ller produkternas noggrannhetskrav och uppfyller produkternas h\u00f6ga kvalitetsbehov.<\/p>\n<p><img loading=\"lazy\" decoding=\"async\" class=\"alignnone wp-image-626\" src=\"https:\/\/hydraulic-cylinders.net\/wp-content\/uploads\/2023\/08\/hydraulic-cylinder-product-1-300x158.webp\" alt=\"\" width=\"495\" height=\"260\" srcset=\"https:\/\/hydraulic-cylinders.net\/wp-content\/uploads\/2023\/08\/hydraulic-cylinder-product-1-300x158.webp 495w, https:\/\/hydraulic-cylinders.net\/wp-content\/uploads\/2023\/08\/hydraulic-cylinder-product-1-480x252.webp 480w\" sizes=\"(min-width: 0px) and (max-width: 480px) 480px, (min-width: 481px) 495px, 100vw\" \/> <img loading=\"lazy\" decoding=\"async\" class=\"alignnone wp-image-627\" src=\"https:\/\/hydraulic-cylinders.net\/wp-content\/uploads\/2023\/08\/hydraulic-cylinder-product-2-300x189.webp\" alt=\"\" width=\"413\" height=\"260\" \/><\/p>\n<h3>(2) Maskinbearbetning<\/h3>\n<p>Bearbetningsverkstaden \u00e4r utrustad med en specialanpassad svarvcentral f\u00f6r lutande r\u00e4ls, bearbetningscenter, h\u00f6ghastighetsh\u00f6nsmaskin, svetsrobot och annan relaterad utrustning, som kan hantera bearbetning av cylinderr\u00f6r med en maximal innerdiameter p\u00e5 400 mm och en maximal l\u00e4ngd p\u00e5 6 meter.<\/p>\n<p><img loading=\"lazy\" decoding=\"async\" class=\"alignnone wp-image-628 size-large\" src=\"https:\/\/hydraulic-cylinders.net\/wp-content\/uploads\/2023\/08\/hydraulic-cylinder-product-3-1024x391.webp\" alt=\"\" width=\"1024\" height=\"391\" srcset=\"https:\/\/hydraulic-cylinders.net\/wp-content\/uploads\/2023\/08\/hydraulic-cylinder-product-3-980x374.webp 980w, https:\/\/hydraulic-cylinders.net\/wp-content\/uploads\/2023\/08\/hydraulic-cylinder-product-3-480x183.webp 480w\" sizes=\"(min-width: 0px) and (max-width: 480px) 480px, (min-width: 481px) and (max-width: 980px) 980px, (min-width: 981px) 1024px, 100vw\" \/><\/p>\n<h3>(3) Svetsning<\/h3>\n<p><img loading=\"lazy\" decoding=\"async\" class=\"alignnone wp-image-629 size-large\" src=\"https:\/\/hydraulic-cylinders.net\/wp-content\/uploads\/2023\/08\/hydraulic-cylinder-product-4-1024x510.webp\" alt=\"\" width=\"1024\" height=\"510\" srcset=\"https:\/\/hydraulic-cylinders.net\/wp-content\/uploads\/2023\/08\/hydraulic-cylinder-product-4-980x488.webp 980w, https:\/\/hydraulic-cylinders.net\/wp-content\/uploads\/2023\/08\/hydraulic-cylinder-product-4-480x239.webp 480w\" sizes=\"(min-width: 0px) and (max-width: 480px) 480px, (min-width: 481px) and (max-width: 980px) 980px, (min-width: 981px) 1024px, 100vw\" \/><\/p>\n<h3>(4) M\u00e5lning och ytbehandling<\/h3>\n<p>Med sm\u00e5 och medelstora cylindriska automatiska vattenbaserade f\u00e4rgbel\u00e4ggningslinjer, f\u00f6r att uppn\u00e5 automatisk robotlastning och lossning samt automatisk sprutning, \u00e4r den designade kapaciteten 4000 stycken per skift;<br \/>\nVi har \u00e4ven en halvautomatisk f\u00e4rgproduktionslinje f\u00f6r stora cylindrar som drivs av en sl\u00e4pkedja, med en designkapacitet p\u00e5 60 l\u00e5dor per skift.<\/p>\n<p><img loading=\"lazy\" decoding=\"async\" class=\"alignnone wp-image-630\" src=\"https:\/\/hydraulic-cylinders.net\/wp-content\/uploads\/2023\/08\/hydraulic-cylinder-product-5-300x213.webp\" alt=\"\" width=\"366\" height=\"260\" \/> <img loading=\"lazy\" decoding=\"async\" class=\"alignnone wp-image-631\" src=\"https:\/\/hydraulic-cylinders.net\/wp-content\/uploads\/2023\/08\/hydraulic-cylinder-product-6-300x225.webp\" alt=\"\" width=\"347\" height=\"260\" \/><\/p>\n<h3>(5) Testning<\/h3>\n<p>Vi har f\u00f6rstklassiga inspektionsanl\u00e4ggningar och testb\u00e4ddar f\u00f6r att s\u00e4kerst\u00e4lla att cylinderns prestanda uppfyller kraven.<\/p>\n<p><img loading=\"lazy\" decoding=\"async\" class=\"alignnone wp-image-632\" src=\"https:\/\/hydraulic-cylinders.net\/wp-content\/uploads\/2023\/08\/hydraulic-cylinder-product-8-300x200.webp\" alt=\"\" width=\"389\" height=\"260\" \/><\/p>\n<p>&nbsp;<\/p>\n<p>&nbsp;<\/p>\n<p>Vi \u00e4r en av de b\u00e4sta tillverkarna av hydraulcylindrar. Vi kan erbjuda ett helt\u00e4ckande utbud av hydraulcylindrar. Vi tillhandah\u00e5ller \u00e4ven motsvarande <a href=\"https:\/\/hzpt.com\/agricultural-pto-gearbox\/\" target=\"_blank\" rel=\"noopener\">jordbruksv\u00e4xell\u00e5dor<\/a>Vi har exporterat v\u00e5ra produkter till kunder \u00f6ver hela v\u00e4rlden och f\u00e5tt ett gott rykte tack vare v\u00e5r \u00f6verl\u00e4gsna produktkvalitet och kundservice. Vi v\u00e4lkomnar kunder b\u00e5de hemma och utomlands att kontakta oss f\u00f6r att f\u00f6rhandla aff\u00e4rer, utbyta information och <a href=\"https:\/\/www.hydraulic-cylinders.net\/sv\/contact-us\/\">samarbeta med oss<\/a>!<\/p>","protected":false},"excerpt":{"rendered":"<p>Press Front Side Shift Cylinder The press front side shift cylinder is an innovative tool designed to elevate the precision and efficiency of pressing operations. This advanced cylinder is specifically engineered to facilitate the front side shifting of workpieces during pressing, ensuring accurate alignment and reducing setup time. The press front side shift cylinder is [&hellip;]<\/p>","protected":false},"featured_media":1678,"comment_status":"open","ping_status":"closed","template":"","meta":{"_et_pb_use_builder":"","_et_pb_old_content":"","_et_gb_content_width":""},"product_brand":[],"product_cat":[1550,1522,1376],"product_tag":[1380],"class_list":{"0":"post-1677","1":"product","2":"type-product","3":"status-publish","4":"has-post-thumbnail","6":"product_cat-double-acting-hydraulic-cylinder","7":"product_cat-press-hydraulic-cylinders","8":"product_cat-hydraulic-cylinder","9":"product_tag-hydraulic-cylinder","11":"first","12":"instock","13":"shipping-taxable","14":"product-type-simple"},"amp_enabled":true,"_links":{"self":[{"href":"https:\/\/www.hydraulic-cylinders.net\/sv\/wp-json\/wp\/v2\/product\/1677","targetHints":{"allow":["GET"]}}],"collection":[{"href":"https:\/\/www.hydraulic-cylinders.net\/sv\/wp-json\/wp\/v2\/product"}],"about":[{"href":"https:\/\/www.hydraulic-cylinders.net\/sv\/wp-json\/wp\/v2\/types\/product"}],"replies":[{"embeddable":true,"href":"https:\/\/www.hydraulic-cylinders.net\/sv\/wp-json\/wp\/v2\/comments?post=1677"}],"wp:featuredmedia":[{"embeddable":true,"href":"https:\/\/www.hydraulic-cylinders.net\/sv\/wp-json\/wp\/v2\/media\/1678"}],"wp:attachment":[{"href":"https:\/\/www.hydraulic-cylinders.net\/sv\/wp-json\/wp\/v2\/media?parent=1677"}],"wp:term":[{"taxonomy":"product_brand","embeddable":true,"href":"https:\/\/www.hydraulic-cylinders.net\/sv\/wp-json\/wp\/v2\/product_brand?post=1677"},{"taxonomy":"product_cat","embeddable":true,"href":"https:\/\/www.hydraulic-cylinders.net\/sv\/wp-json\/wp\/v2\/product_cat?post=1677"},{"taxonomy":"product_tag","embeddable":true,"href":"https:\/\/www.hydraulic-cylinders.net\/sv\/wp-json\/wp\/v2\/product_tag?post=1677"}],"curies":[{"name":"wp","href":"https:\/\/api.w.org\/{rel}","templated":true}]}}