{"id":16778,"date":"2025-01-21T05:53:42","date_gmt":"2025-01-21T05:53:42","guid":{"rendered":"https:\/\/www.hydraulic-cylinders.net\/product\/arm-cylinder-for-john-deere-e210lc\/"},"modified":"2025-01-21T05:53:44","modified_gmt":"2025-01-21T05:53:44","slug":"arm-cylinder-for-john-deere-e210lc","status":"publish","type":"product","link":"https:\/\/www.hydraulic-cylinders.net\/sv\/produkt\/arm-cylinder-for-john-deere-e210lc\/","title":{"rendered":"Armcylinder f\u00f6r John Deere E210LC"},"content":{"rendered":"<div>\n<h1>Armcylinder f\u00f6r John Deere E210LC<\/h1>\n<h2>Introduktion<\/h2>\n<p>En armcylinder \u00e4r en specialdesignad hydraulcylinder som fr\u00e4mst anv\u00e4nds f\u00f6r att ge linj\u00e4r r\u00f6relse och kraft till armarna p\u00e5 olika typer av maskiner, s\u00e5som gr\u00e4vmaskiner, kranar och robotarmar. Armcylindern spelar en avg\u00f6rande roll i hydraulsystem och m\u00f6jligg\u00f6r effektiv f\u00f6rflyttning och kontroll av ytterligare verktyg eller redskap. Dessa cylindrar s\u00e4kerst\u00e4ller inte bara smidig r\u00f6relse, utan kan ocks\u00e5 motst\u00e5 tunga belastningar, vilket s\u00e4kerst\u00e4ller effektiv drift och tillf\u00f6rlitlighet hos maskineriet under olika driftsf\u00f6rh\u00e5llanden.<\/p>\n<p>    <img decoding=\"async\" src=\"https:\/\/www.hydraulic-cylinders.net\/wp-content\/uploads\/2025\/01\/songte-company-2.webp\" alt=\"Bild av armcylinder\"><\/p>\n<h2>Drag<\/h2>\n<ul>\n<li>\n<h3>H\u00f6geffektiv transmission<\/h3>\n<p>Armcylindrar ger kraftfull linj\u00e4r r\u00f6relse och kraft, vilket s\u00e4kerst\u00e4ller h\u00f6g effektivitet hos maskinarmarna i olika operationer.<\/li>\n<li>\n<h3>Exakt kontroll<\/h3>\n<p>Genom det hydrauliska systemet kan armcylindrar uppn\u00e5 exakt r\u00f6relsekontroll, vilket g\u00f6r man\u00f6vreringen av ytterligare verktyg mer flexibel och exakt.<\/li>\n<li>\n<h3>Varaktighet<\/h3>\n<p>Armcylindrar \u00e4r vanligtvis tillverkade av h\u00f6gh\u00e5llfasta material, med god slitstyrka och korrosionsbest\u00e4ndighet, l\u00e4mpliga f\u00f6r l\u00e5ngvarig anv\u00e4ndning i tuffa milj\u00f6er.<\/li>\n<li>\n<h3>Multifunktionell anpassningsf\u00f6rm\u00e5ga<\/h3>\n<p>Dessa cylindrar kan anv\u00e4ndas i stor utstr\u00e4ckning i olika mekaniska utrustningar, s\u00e5som gr\u00e4vmaskiner, kranar och robotarmar, och anpassas till olika arbetskrav.<\/li>\n<li>\n<h3>Enkelt underh\u00e5ll<\/h3>\n<p>Designh\u00e4nsyn f\u00f6r enkelt underh\u00e5ll och utbyte m\u00f6jligg\u00f6r bekv\u00e4ma regelbundna inspektioner och underh\u00e5ll, vilket minskar stillest\u00e5ndstiden f\u00f6r utrustningen.<\/li>\n<\/ul>\n<p>Vi kan tillverka denna produkt och v\u00e5r produkt kan perfekt ers\u00e4tta dessa hydraulcylindrar.<\/p>\n<p>    <img decoding=\"async\" src=\"https:\/\/www.hydraulic-cylinders.net\/wp-content\/uploads\/2025\/01\/songte-oil-pipes-and-spare-parts.webp\" alt=\"Bild av oljer\u00f6r och reservdelar\"><\/p>\n<h2>Applikationer<\/h2>\n<ul>\n<li>\n<h3>Byggteknik<\/h3>\n<p>I gr\u00e4vmaskiner och kranar anv\u00e4nds armcylindrar f\u00f6r att styra r\u00f6relsen av skopor eller bommar f\u00f6r schaktning, materialhantering och strukturell installation.<\/li>\n<li>\n<h3>Tillverkning<\/h3>\n<p>I automatiserade produktionslinjer anv\u00e4nds armcylindrar f\u00f6r f\u00f6rflyttning av robotarmar, montering, svetsning och hanteringsprocesser f\u00f6r att f\u00f6rb\u00e4ttra produktionseffektivitet och noggrannhet.<\/li>\n<li>\n<h3>Jordbruksmaskiner<\/h3>\n<p>I jordbruksmaskiner som sk\u00f6rdetr\u00f6skor och planteringsmaskiner styr armcylindrar r\u00f6relsen hos arbetsarmarna och utf\u00f6r uppgifter som s\u00e5dd, g\u00f6dsling och sk\u00f6rd.<\/li>\n<li>\n<h3>Brytning<\/h3>\n<p>I gruvutrustning anv\u00e4nds armcylindrar f\u00f6r att styra r\u00f6relsen hos gruvutrustningens armar f\u00f6r gruvdrift och materialhantering.<\/li>\n<li>\n<h3>Logistik och transport<\/h3>\n<p>I gaffeltruckar och hanteringsrobotar anv\u00e4nds armcylindrar f\u00f6r att styra lyft och r\u00f6relse av gafflar, vilket m\u00f6jligg\u00f6r materialhantering och stapling.<\/li>\n<\/ul>\n<h2>Design\u00f6verv\u00e4ganden och urvalskriterier<\/h2>\n<ul>\n<li>\n<h3>B\u00e4rkraft<\/h3>\n<p>Armcylindrar m\u00e5ste ha tillr\u00e4cklig b\u00e4rf\u00f6rm\u00e5ga f\u00f6r att motst\u00e5 den maximala belastning som maskinen kan uts\u00e4ttas f\u00f6r under drift.<\/li>\n<li>\n<h3>T\u00e4tning<\/h3>\n<p>Olika t\u00e4tningskomponenter, s\u00e5som kolvt\u00e4tningar och st\u00e5ngt\u00e4tningar, b\u00f6r anv\u00e4ndas f\u00f6r att f\u00f6rhindra l\u00e4ckage av hydraulolja.<\/li>\n<li>\n<h3>Varaktighet<\/h3>\n<p>Armcylindern b\u00f6r vara tillverkad av h\u00f6gh\u00e5llfasta material med god slitage- och korrosionsbest\u00e4ndighet f\u00f6r att s\u00e4kerst\u00e4lla h\u00e5llbarhet i tuffa driftsmilj\u00f6er.<\/li>\n<li>\n<h3>S\u00e4kerhet<\/h3>\n<p>Armcylindrar b\u00f6r konstrueras och tillverkas med s\u00e4kerhet i \u00e5tanke, inklusive s\u00e4kerhetsanordningar som \u00f6verbelastningsskydd.<\/li>\n<li>\n<h3>Underh\u00e5ll<\/h3>\n<p>Komponenterna i armcylindern b\u00f6r vara konstruerade f\u00f6r enkelt underh\u00e5ll och utbyte.<\/li>\n<\/ul>\n<p>    <img decoding=\"async\" src=\"https:\/\/www.hydraulic-cylinders.net\/wp-content\/uploads\/2025\/01\/songte-cylinder-head-with-all-kinds-excavator-models.webp\" alt=\"Bild p\u00e5 topplock\"><\/p>\n<h2>T\u00e4tning och sm\u00f6rjning<\/h2>\n<p>Olika t\u00e4tningskomponenter som kolvt\u00e4tningar och kolvst\u00e5ngst\u00e4tningar anv\u00e4nds f\u00f6r att f\u00f6rhindra l\u00e4ckage av hydraulolja. Dessa t\u00e4tningskomponenter \u00e4r tillverkade av slitstarka material som polyuretan och nitrilgummi. Cylinderhuset och g\u00e4ngornas \u00e4ndar \u00e4r fint bearbetade f\u00f6r att f\u00f6rb\u00e4ttra slitstyrkan och kr\u00e4ver regelbunden tillsats av l\u00e4mplig hydraulolja f\u00f6r sm\u00f6rjning.<\/p>\n<h2>Regelbunden inspektion och f\u00f6rebyggande underh\u00e5ll<\/h2>\n<ul>\n<li>\n<h3>Inspektion av komponenter<\/h3>\n<p>Kontrollera regelbundet kolvst\u00e5ngen, kolven och cylinderhuset f\u00f6r repor, korrosion och skador och byt ut vid behov.<\/li>\n<li>\n<h3>Inspektion av t\u00e4tningar<\/h3>\n<p>Kontrollera t\u00e4tningens skick och byt ut den vid behov f\u00f6r att undvika l\u00e4ckage av hydraulolja.<\/li>\n<li>\n<h3>F\u00f6rebyggande underh\u00e5ll<\/h3>\n<p>Underh\u00e5ll regelbundet hydraulsystemet, inklusive byte av hydraulolja, reng\u00f6ring av oljefiltret och kontroll av oljeniv\u00e5n.<\/li>\n<\/ul>\n<p>    <img decoding=\"async\" src=\"https:\/\/www.hydraulic-cylinders.net\/wp-content\/uploads\/2025\/01\/songte-chushion-collar.webp\" alt=\"Bild av kuddekrage\"><\/p>\n<h2>Produktinstallationsguide<\/h2>\n<p>Under installationen, se till att cylindern \u00e4r ordentligt fastsatt och att kolvst\u00e5ngen \u00e4r i r\u00e4tt position. Var uppm\u00e4rksam p\u00e5 riktningen n\u00e4r du ansluter hydrauloljeledningen och undvik felkoppling eller luftl\u00e5sning. Vid p\u00e5fyllning av hydraulolja, se till att oljeniv\u00e5n \u00e4r korrekt och att hydrauloljan \u00e4r ren och fri fr\u00e5n f\u00f6roreningar. Efter installationen, utf\u00f6r en provk\u00f6rning f\u00f6r att bekr\u00e4fta normal drift.<\/p>\n<p>    <img decoding=\"async\" src=\"https:\/\/www.hydraulic-cylinders.net\/wp-content\/uploads\/2025\/01\/songte-bushings-with-all-kinds-of-excavator-models.webp\" alt=\"Bussningar Bild\"><\/p>\n<h2>S\u00e4kerhets- och milj\u00f6h\u00e4nsyn<\/h2>\n<p>Under anv\u00e4ndning, se till att maskinen anv\u00e4nds inom det nominella belastningsomr\u00e5det och f\u00f6lj maskinens s\u00e4kerhetsf\u00f6reskrifter. Korrekt hantering av hydraulolja och implementering av milj\u00f6skydds\u00e5tg\u00e4rder b\u00f6r vidtas f\u00f6r att f\u00f6rhindra milj\u00f6f\u00f6rorening.<\/p>\n<h2>Fels\u00f6kning och vanliga problem<\/h2>\n<ul>\n<li>\n<h3>L\u00e4ckage av hydraulolja<\/h3>\n<p>Orsaken kan vara slitage eller skador p\u00e5 t\u00e4tningskomponenterna eller skador p\u00e5 cylinderhuset. Byt ut de skadade delarna i tid.<\/li>\n<li>\n<h3>Onormalt brus<\/h3>\n<p>Orsaken kan vara luft som tr\u00e4ngt in i hydraulsystemet eller skador p\u00e5 kolven eller cylinderhuset. Kontrollera och reparera de ber\u00f6rda delarna i tid.<\/li>\n<li>\n<h3>L\u00e5gt tryck<\/h3>\n<p>Orsaken kan vara ett blockering i hydraulledningen eller ett problem med hydraulpumpen. Kontrollera och reparera de ber\u00f6rda delarna i tid.<\/li>\n<\/ul>\n<h2>Fels\u00f6kningstips och l\u00f6sningar<\/h2>\n<ul>\n<li>\n<h3>L\u00e4ckage av hydraulolja<\/h3>\n<p>Byt ut de skadade t\u00e4tningskomponenterna eller cylinderhuset och s\u00e4kerst\u00e4ll korrekt installation.<\/li>\n<li>\n<h3>Onormalt brus<\/h3>\n<p>Kontrollera och reparera de ber\u00f6rda delarna, till exempel genom att avl\u00e4gsna luft fr\u00e5n hydraulsystemet eller byta ut skadade delar.<\/li>\n<li>\n<h3>L\u00e5gt tryck<\/h3>\n<p>Kontrollera och \u00e5tg\u00e4rda blockeringen i hydraulledningen eller reparera hydraulpumpen.<\/li>\n<\/ul>\n<p>    <img decoding=\"async\" src=\"https:\/\/www.hydraulic-cylinders.net\/wp-content\/uploads\/2025\/01\/songte-company-4.webp\" alt=\"F\u00f6retagsbild\"><br \/>\n    <img decoding=\"async\" src=\"https:\/\/www.hydraulic-cylinders.net\/wp-content\/uploads\/2025\/01\/songte-company-3.webp\" alt=\"F\u00f6retagsbild\"><\/p>\n<h2>Om oss<\/h2>\n<p>Vi \u00e4r en professionell tillverkare av hydraulcylindrar f\u00f6r ers\u00e4ttning med ett brett produktsortiment, och vi har blivit en av de ledande tillverkarna och grossistdistribut\u00f6rerna av hydraulcylindrar p\u00e5 den inhemska och internationella marknaden. Vi f\u00f6ljer alltid principen om utm\u00e4rkt kvalitet och f\u00f6rlitar oss p\u00e5 industrialiserade produktionshanteringsstrategier i noggrant utformade tillverkningsverkst\u00e4der f\u00f6r att kontinuerligt f\u00f6rb\u00e4ttra v\u00e5r teknik och produktionseffektivitet. Genom att introducera avancerad digital tillverkningsutrustning och professionella testsystem optimerar vi kontinuerligt v\u00e5r tillverkningsplattform och f\u00f6rb\u00e4ttrar v\u00e5r produktkvalitetskontrollprocess, med stark innovationsf\u00f6rm\u00e5ga. V\u00e5rt m\u00e5l \u00e4r att m\u00f6ta v\u00e5ra kunders varierande behov med h\u00f6g effektivitet, noggrannhet och h\u00f6gkvalitativa principer.<\/p>\n<ul>\n<li>\n<h3>Professionalism<\/h3>\n<p>Vi har ett professionellt team med stor erfarenhet av design och tillverkning av hydraulcylindrar, vilket s\u00e4kerst\u00e4ller att v\u00e5ra produkter uppfyller kundernas behov.<\/li>\n<li>\n<h3>Internationell certifiering<\/h3>\n<p>Alla v\u00e5ra produkter har godk\u00e4nts enligt ISO9001-certifiering f\u00f6r kvalitetsledningssystem och exporteras till mer \u00e4n 50 l\u00e4nder och regioner runt om i v\u00e4rlden.<\/li>\n<li>\n<h3>Anpassningstj\u00e4nst<\/h3>\n<p>Vi tillhandah\u00e5ller kundanpassade hydraulcylindrar f\u00f6r att m\u00f6ta olika kundbehov och erbjuder en komplett tj\u00e4nst fr\u00e5n design till produktion.<\/li>\n<li>\n<h3>Produktionsutrustning<\/h3>\n<p>Vi har avancerad produktionsutrustning, inklusive CNC-bearbetningscentraler, automatiska svetsmaskiner och automatiska m\u00e5lningslinjer.<\/li>\n<li>\n<h3>Eftermarknadsservice<\/h3>\n<p>Vi erbjuder kundservice dygnet runt, inklusive teknisk support, underh\u00e5ll och reparation.<\/li>\n<\/ul>\n<p>F\u00f6rfattare: lyl.<\/p>\n<\/div>","protected":false},"excerpt":{"rendered":"<p>Arm Cylinder For John Deere E210LC Introduction An arm cylinder is a specially designed hydraulic cylinder that is primarily used to provide linear motion and power to the arms of various types of machinery such as excavators, cranes, and robotic arms. The arm cylinder plays a crucial role in hydraulic systems, allowing for the effective [&hellip;]<\/p>","protected":false},"featured_media":14783,"comment_status":"open","ping_status":"closed","template":"","meta":{"_et_pb_use_builder":"","_et_pb_old_content":"","_et_gb_content_width":""},"product_brand":[],"product_cat":[1497],"product_tag":[1498,1496],"class_list":{"0":"post-16778","1":"product","2":"type-product","3":"status-publish","4":"has-post-thumbnail","6":"product_cat-arm-cylinders","7":"product_tag-arm-cylinders","8":"product_tag-hydraulic-cylinders","10":"first","11":"instock","12":"shipping-taxable","13":"product-type-simple"},"amp_enabled":true,"_links":{"self":[{"href":"https:\/\/www.hydraulic-cylinders.net\/sv\/wp-json\/wp\/v2\/product\/16778","targetHints":{"allow":["GET"]}}],"collection":[{"href":"https:\/\/www.hydraulic-cylinders.net\/sv\/wp-json\/wp\/v2\/product"}],"about":[{"href":"https:\/\/www.hydraulic-cylinders.net\/sv\/wp-json\/wp\/v2\/types\/product"}],"replies":[{"embeddable":true,"href":"https:\/\/www.hydraulic-cylinders.net\/sv\/wp-json\/wp\/v2\/comments?post=16778"}],"wp:featuredmedia":[{"embeddable":true,"href":"https:\/\/www.hydraulic-cylinders.net\/sv\/wp-json\/wp\/v2\/media\/14783"}],"wp:attachment":[{"href":"https:\/\/www.hydraulic-cylinders.net\/sv\/wp-json\/wp\/v2\/media?parent=16778"}],"wp:term":[{"taxonomy":"product_brand","embeddable":true,"href":"https:\/\/www.hydraulic-cylinders.net\/sv\/wp-json\/wp\/v2\/product_brand?post=16778"},{"taxonomy":"product_cat","embeddable":true,"href":"https:\/\/www.hydraulic-cylinders.net\/sv\/wp-json\/wp\/v2\/product_cat?post=16778"},{"taxonomy":"product_tag","embeddable":true,"href":"https:\/\/www.hydraulic-cylinders.net\/sv\/wp-json\/wp\/v2\/product_tag?post=16778"}],"curies":[{"name":"wp","href":"https:\/\/api.w.org\/{rel}","templated":true}]}}