{"id":1682,"date":"2023-10-11T06:14:39","date_gmt":"2023-10-11T06:14:39","guid":{"rendered":"https:\/\/hydraulic-cylinders.net\/?post_type=product&#038;p=1682"},"modified":"2025-04-11T03:46:09","modified_gmt":"2025-04-11T03:46:09","slug":"press-rear-side-shift-cylinder","status":"publish","type":"product","link":"https:\/\/www.hydraulic-cylinders.net\/sv\/produkt\/press-rear-side-shift-cylinder\/","title":{"rendered":"Tryck p\u00e5 bakre sidof\u00f6rskjutningscylindern"},"content":{"rendered":"<h1 style=\"text-align: center;\"><strong>Tryck p\u00e5 bakre sidof\u00f6rskjutningscylindern<\/strong><\/h1>\n<p><img loading=\"lazy\" decoding=\"async\" class=\"aligncenter wp-image-1684\" src=\"https:\/\/hydraulic-cylinders.net\/wp-content\/uploads\/2023\/10\/rear-side-shift-cylinder-1-300x300.webp\" alt=\"\" width=\"400\" height=\"400\" \/><\/p>\n<p>Pressens bakre sidof\u00f6rskjutningscylinder \u00e4r ett banbrytande verktyg utformat f\u00f6r att f\u00f6rb\u00e4ttra effektivitet och precision vid pressningsoperationer. Med sin innovativa bakre sidof\u00f6rskjutningsfunktion m\u00f6jligg\u00f6r denna cylinder s\u00f6ml\u00f6s justering av arbetsstycken under pressning, vilket s\u00e4kerst\u00e4ller noggrann uppriktning och minskar uppst\u00e4llningstiden.<\/p>\n<p>Pressens bakre sidof\u00f6rskjutningscylinder \u00e4r banbrytande inom pressoperationer. Med sin bakre sidof\u00f6rskjutningskapacitet, exakta uppriktning, justerbara v\u00e4xlingsomr\u00e5de och snabba respons ger denna cylinder operat\u00f6rerna m\u00f6jlighet att uppn\u00e5 exakta och effektiva pressresultat. Genom att f\u00f6lja de rekommenderade anv\u00e4ndningsmetoderna och underh\u00e5llspraxisen kan du maximera prestandan, livsl\u00e4ngden och s\u00e4kerheten hos pressens bakre sidof\u00f6rskjutningscylinder i dina pressapplikationer. \u00d6ka dina presskapaciteter och upplev \u00f6verl\u00e4gsen uppriktning och effektivitet med denna toppmoderna cylinder.<\/p>\n<p>Egenskaper f\u00f6r trycknyckeln f\u00f6r bakre sidov\u00e4xlingscylinder:<\/p>\n<ol>\n<li>Bakre sidof\u00f6rskjutningskapacitet:\n<ul>\n<li>Pressens bakre sidof\u00f6rskjutningscylinder \u00e4r speciellt konstruerad f\u00f6r att underl\u00e4tta exakt bak\u00e5tf\u00f6rskjutning av arbetsstycken under pressningsoperationer.<\/li>\n<li>Det g\u00f6r det m\u00f6jligt f\u00f6r operat\u00f6rer att enkelt justera arbetsstyckets position, vilket s\u00e4kerst\u00e4ller optimal uppriktning och minimerar behovet av manuella justeringar.<\/li>\n<\/ul>\n<\/li>\n<li>Noggrann justering:\n<ul>\n<li>Denna cylinder s\u00e4kerst\u00e4ller noggrann uppriktning av arbetsstycket, vilket minskar risken f\u00f6r feljustering och f\u00f6rb\u00e4ttrar den totala precisionen.<\/li>\n<li>Den exakta inriktningen som uppn\u00e5s av pressens bakre sidof\u00f6rskjutningscylinder resulterar i f\u00f6rb\u00e4ttrad produktkvalitet och minskad kassationsgrad.<\/li>\n<\/ul>\n<\/li>\n<li>Justerbart v\u00e4xlingsomr\u00e5de:\n<ul>\n<li>Cylindern erbjuder ett justerbart v\u00e4xlingsomr\u00e5de, vilket g\u00f6r det m\u00f6jligt f\u00f6r f\u00f6rarna att anpassa graden av bakre sidov\u00e4xling baserat p\u00e5 specifika till\u00e4mpningskrav.<\/li>\n<li>Flexibiliteten att justera v\u00e4xlingsomr\u00e5det s\u00e4kerst\u00e4ller kompatibilitet med olika arbetsstyckens storlekar, former och pressbehov.<\/li>\n<\/ul>\n<\/li>\n<li>Snabb och responsiv:\n<ul>\n<li>Pressens bakre sidof\u00f6rskjutningscylinder har en snabb och responsiv v\u00e4xlingsmekanism, vilket m\u00f6jligg\u00f6r snabba justeringar under pressningsoperationer.<\/li>\n<li>Den snabba v\u00e4xlingsfunktionen minskar den totala cykeltiden, vilket maximerar produktivitet och genomstr\u00f6mning i pressapplikationer.<\/li>\n<\/ul>\n<\/li>\n<\/ol>\n<h2><strong>Parameter f\u00f6r tryck p\u00e5 bakre sidof\u00f6rskjutningscylinder:<\/strong><\/h2>\n<table border=\"1\" cellspacing=\"0\" cellpadding=\"0\">\n<tbody>\n<tr>\n<td>Produktnamn<\/td>\n<td>Hydraulisk press framsida f\u00f6rskjutningscylinder<\/td>\n<\/tr>\n<tr>\n<td>Drag:<\/td>\n<td>Flytta \u00e4mnet eller arbetsstycket horisontellt<\/td>\n<\/tr>\n<tr>\n<td>Kolv:<\/td>\n<td>80 mm\uff5e240 mm<br \/>\nSlagl\u00e4ngd \u2264300 mm<\/td>\n<\/tr>\n<tr>\n<td>Tryckkraft:<\/td>\n<td>Maximalt 1130 kN<br \/>\n(Kolv 240 mm\/tryck 25 MPa)<\/td>\n<\/tr>\n<tr>\n<td>Applikationer f\u00f6r framv\u00e4xlingscylinder:<\/td>\n<td>Hydraulisk press<\/td>\n<\/tr>\n<\/tbody>\n<\/table>\n<div><\/div>\n<div>\n<div class=\"txtboxL\">\n<div class=\"txtboxL\">\n<div class=\"txtboxL\">Drag:<\/div>\n<div class=\"txtboxR\">Samarbeta f\u00f6r att lyfta manipulatorns kl\u00e4mhuvud<\/div>\n<div class=\"txtboxL\">Specifikation:<\/div>\n<div class=\"txtboxR\">Kolv: 70 mm ~ 180 mm<br \/>\nSlagl\u00e4ngd \u2264300 mm<\/div>\n<div class=\"txtboxL\">Tryckkraft:<\/div>\n<div class=\"txtboxR\">Maximalt 636 kN<br \/>\n(Kolv 180 mm\/tryck 25 MPa)<\/div>\n<\/div>\n<\/div>\n<\/div>\n<h2><strong>Presscylinderfabrik:<\/strong><\/h2>\n<p><img loading=\"lazy\" decoding=\"async\" class=\"alignnone wp-image-1619 size-full\" src=\"https:\/\/hydraulic-cylinders.net\/wp-content\/uploads\/2023\/10\/press-cylinder.webp\" alt=\"\" width=\"1418\" height=\"946\" srcset=\"https:\/\/hydraulic-cylinders.net\/wp-content\/uploads\/2023\/10\/press-cylinder.webp 1418w, https:\/\/hydraulic-cylinders.net\/wp-content\/uploads\/2023\/10\/press-cylinder-1280x854.webp 1280w, https:\/\/hydraulic-cylinders.net\/wp-content\/uploads\/2023\/10\/press-cylinder-980x654.webp 980w, https:\/\/hydraulic-cylinders.net\/wp-content\/uploads\/2023\/10\/press-cylinder-480x320.webp 480w\" sizes=\"(min-width: 0px) and (max-width: 480px) 480px, (min-width: 481px) and (max-width: 980px) 980px, (min-width: 981px) and (max-width: 1280px) 1280px, (min-width: 1281px) 1418px, 100vw\" \/><\/p>\n<h2><strong>Anv\u00e4ndningsmetod f\u00f6r att trycka p\u00e5 bakre sidof\u00f6rskjutningscylindern<\/strong><strong>:<\/strong><\/h2>\n<ul>\n<li><strong>Installation:<\/strong>\n<ul>\n<li>Montera pressens bakre sidof\u00f6rskjutningscylinder ordentligt p\u00e5 \u00f6nskad plats och se till att den \u00e4r korrekt inriktad mot pressutrustningen.<\/li>\n<li>Connect the hydraulic lines according to the manufacturer&#8217;s instructions, ensuring correct fluid flow and preventing any leaks.<\/li>\n<\/ul>\n<\/li>\n<li><strong>V\u00e4xlingsjustering:<\/strong>\n<ul>\n<li>Bekanta dig med v\u00e4xlingsjusteringsmekanismen som cylindern tillhandah\u00e5ller.<\/li>\n<li>Vanligtvis kan justeringar g\u00f6ras med hj\u00e4lp av kontrollvred, handrattar eller digitala kontroller.<\/li>\n<li>Follow the manufacturer&#8217;s guidelines to make precise rear-side shifting adjustments based on the workpiece dimensions and alignment requirements.<\/li>\n<\/ul>\n<\/li>\n<li><strong>Arbetsstyckesjustering och f\u00f6rskjutning:<\/strong>\n<ul>\n<li>Placera arbetsstycket p\u00e5 pressb\u00e4dden och se till att det \u00e4r i linje med cylindern fr\u00e5n b\u00f6rjan.<\/li>\n<li>Aktivera cylindern f\u00f6r att aktivera v\u00e4xlingsmekanismen och justera arbetsstycket smidigt till \u00f6nskad bakre sidoposition.<\/li>\n<li>Verifiera inriktningen visuellt eller med hj\u00e4lp av m\u00e4tverktyg f\u00f6r att s\u00e4kerst\u00e4lla korrekt bak\u00e5tv\u00e4xling.<\/li>\n<\/ul>\n<\/li>\n<li><strong>Tryckning:<\/strong>\n<ul>\n<li>N\u00e4r arbetsstycket \u00e4r korrekt justerat och f\u00f6rskjutet, forts\u00e4tt med pressningen enligt dina standardprocedurer.<\/li>\n<li>Pressens bakre sidof\u00f6rskjutningscylinder bibeh\u00e5ller arbetsstyckets inriktning och stabilitet under hela pressningsprocessen, vilket s\u00e4kerst\u00e4ller j\u00e4mna resultat.<\/li>\n<\/ul>\n<\/li>\n<\/ul>\n<h2><strong>Hur hittar man t\u00e4tningssats f\u00f6r hydraulcylinder?<\/strong><\/h2>\n<p>Finding a seal kit for a hydraulic cylinder involves identifying the make and model of the cylinder, researching reputable suppliers or manufacturers, and obtaining the correct seal kit based on the cylinder&#8217;s specifications. Here&#8217;s a step-by-step guide on how to find a seal kit for a hydraulic cylinder:<\/p>\n<ol>\n<li><strong>Identifiera cylinderinformationen:<\/strong>\n<ul>\n<li>Best\u00e4m m\u00e4rke och modell p\u00e5 den hydraulcylinder som du beh\u00f6ver en t\u00e4tningssats f\u00f6r.<\/li>\n<li>Leta efter eventuella identifieringsm\u00e4rken, etiketter eller graverad information p\u00e5 sj\u00e4lva cylindern.<\/li>\n<li>Om du har dokumentationen eller artikelnumret fr\u00e5n originalutrustningstillverkaren (OEM) kan det vara till hj\u00e4lp i s\u00f6kprocessen.<\/li>\n<\/ul>\n<\/li>\n<li><strong>Unders\u00f6k v\u00e4lrenommerade leverant\u00f6rer:<\/strong>\n<ul>\n<li>B\u00f6rja med att unders\u00f6ka v\u00e4lrenommerade leverant\u00f6rer eller tillverkare av hydrauliska t\u00e4tningar.<\/li>\n<li>Leta efter leverant\u00f6rer som specialiserar sig p\u00e5 hydrauliska t\u00e4tningar och har ett brett utbud av produkter tillg\u00e4ngliga.<\/li>\n<li>Online s\u00f6kmotorer, branschkataloger och forum f\u00f6r hydraulisk utrustning kan vara v\u00e4rdefulla resurser f\u00f6r att hitta v\u00e4lrenommerade leverant\u00f6rer.<\/li>\n<\/ul>\n<\/li>\n<li><strong>Kontakta cylindertillverkaren eller OEM:<\/strong>\n<ul>\n<li>Om m\u00f6jligt, kontakta tillverkaren av hydraulcylindern eller originalutrustningstillverkaren (OEM) f\u00f6r v\u00e4gledning.<\/li>\n<li>Kontakta deras kundtj\u00e4nstavdelning eller tekniska support f\u00f6r att fr\u00e5ga om tillg\u00e4ngligheten av t\u00e4tningssatser f\u00f6r din specifika cylindermodell.<\/li>\n<li>Ge dem m\u00e4rke, modell och annan relevant information om din cylinder f\u00f6r att hj\u00e4lpa dem att identifiera r\u00e4tt t\u00e4tningssats.<\/li>\n<\/ul>\n<\/li>\n<li><strong>Specifikationer f\u00f6r Gather-cylindern:<\/strong>\n<ul>\n<li>Best\u00e4m de specifika specifikationerna f\u00f6r den hydraulcylinder som du beh\u00f6ver en t\u00e4tningssats f\u00f6r.<\/li>\n<li>Anteckna detaljer som cylinderborrningens diameter, st\u00e5ngens diameter samt antalet och typerna av t\u00e4tningar som kr\u00e4vs.<\/li>\n<li>M\u00e4t m\u00e5tten p\u00e5 de befintliga t\u00e4tningarna, om m\u00f6jligt, f\u00f6r att s\u00e4kerst\u00e4lla korrekt identifiering och val av t\u00e4tningssats.<\/li>\n<\/ul>\n<\/li>\n<li><strong>S\u00f6k efter leverant\u00f6rer av t\u00e4tningar online:<\/strong>\n<ul>\n<li>Anv\u00e4nd webbplatser f\u00f6r t\u00e4tningsleverant\u00f6rer online och s\u00f6k efter t\u00e4tningssatser baserat p\u00e5 specifikationerna f\u00f6r din hydraulcylinder.<\/li>\n<li>Ange cylinderns m\u00e4rke, modell eller dimensioner i s\u00f6kfiltret f\u00f6r att begr\u00e4nsa de tillg\u00e4ngliga alternativen.<\/li>\n<li>Utforska produktbeskrivningar, specifikationer och kompatibilitetsinformation som tillhandah\u00e5lls av leverant\u00f6rerna f\u00f6r att s\u00e4kerst\u00e4lla en korrekt matchning.<\/li>\n<\/ul>\n<\/li>\n<li><strong>Verifiera kompatibilitet:<\/strong>\n<ul>\n<li>N\u00e4r du har identifierat en potentiell t\u00e4tningssats, kontrollera dess kompatibilitet med din hydraulcylinder.<\/li>\n<li>J\u00e4mf\u00f6r specifikationerna och dimensionerna f\u00f6r t\u00e4tningssatsen med informationen som samlats in fr\u00e5n din cylinder.<\/li>\n<li>Ensure that the seal kit includes all the necessary seals required for your cylinder&#8217;s specific configuration.<\/li>\n<\/ul>\n<\/li>\n<li><strong>Best\u00e4ll och installera t\u00e4tningssatsen:<\/strong>\n<ul>\n<li>Best\u00e4ll t\u00e4tningssatsen fr\u00e5n vald leverant\u00f6r eller tillverkare.<\/li>\n<li>Tillhandah\u00e5ll korrekt information, inklusive cylinderspecifikationer och andra n\u00f6dv\u00e4ndiga detaljer, f\u00f6r att s\u00e4kerst\u00e4lla att r\u00e4tt t\u00e4tningssats tillhandah\u00e5lls.<\/li>\n<li>Follow the supplier&#8217;s instructions for payment, shipping, and delivery.<\/li>\n<li>N\u00e4r t\u00e4tningssatsen anl\u00e4nder, f\u00f6lj noggrant installationsanvisningarna fr\u00e5n leverant\u00f6ren eller tillverkaren f\u00f6r att byta ut t\u00e4tningarna i din hydraulcylinder.<\/li>\n<\/ul>\n<\/li>\n<\/ol>\n<h2><strong>Fabrikens kapacitet och kapacitet:<\/strong><\/h2>\n<h3>(1) Montering<\/h3>\n<p>Vi har en f\u00f6rstklassig oberoende forsknings- och utvecklingsplattform. Verkstaden f\u00f6r tillverkning av hydraulcylindrar har fyra halvautomatiska monteringslinjer f\u00f6r lyftcylindrar och en automatisk monteringslinje f\u00f6r tiltcylindrar, med en planerad \u00e5rlig produktionskapacitet p\u00e5 1 miljon enheter. Specialcylinderverkstaden \u00e4r utrustad med olika specifikationer f\u00f6r ett halvautomatiskt reng\u00f6ringsmonteringssystem med en planerad \u00e5rlig produktionskapacitet p\u00e5 200 000 och utrustad med k\u00e4nd CNC-bearbetningsutrustning, ett fleroperationscenter, en specialutrustning f\u00f6r h\u00f6gprecisionscylindrar, en robotsvetsmaskin, en automatisk reng\u00f6ringsmaskin, en automatisk cylindermonteringsmaskin och en automatisk produktionslinje f\u00f6r m\u00e5lning. Befintlig kritisk utrustning p\u00e5 mer \u00e4n 300 set (set). Optimal allokering och effektiv anv\u00e4ndning av utrustningsresurser s\u00e4kerst\u00e4ller produkternas noggrannhetskrav och uppfyller produkternas h\u00f6ga kvalitetsbehov.<\/p>\n<p><img loading=\"lazy\" decoding=\"async\" class=\"alignnone wp-image-626\" src=\"https:\/\/hydraulic-cylinders.net\/wp-content\/uploads\/2023\/08\/hydraulic-cylinder-product-1-300x158.webp\" alt=\"\" width=\"495\" height=\"260\" srcset=\"https:\/\/hydraulic-cylinders.net\/wp-content\/uploads\/2023\/08\/hydraulic-cylinder-product-1-300x158.webp 495w, https:\/\/hydraulic-cylinders.net\/wp-content\/uploads\/2023\/08\/hydraulic-cylinder-product-1-480x252.webp 480w\" sizes=\"(min-width: 0px) and (max-width: 480px) 480px, (min-width: 481px) 495px, 100vw\" \/> <img loading=\"lazy\" decoding=\"async\" class=\"alignnone wp-image-627\" src=\"https:\/\/hydraulic-cylinders.net\/wp-content\/uploads\/2023\/08\/hydraulic-cylinder-product-2-300x189.webp\" alt=\"\" width=\"413\" height=\"260\" \/><\/p>\n<h3>(2) Maskinbearbetning<\/h3>\n<p>Bearbetningsverkstaden \u00e4r utrustad med en specialanpassad svarvcentral f\u00f6r lutande r\u00e4ls, bearbetningscenter, h\u00f6ghastighetsh\u00f6nsmaskin, svetsrobot och annan relaterad utrustning, som kan hantera bearbetning av cylinderr\u00f6r med en maximal innerdiameter p\u00e5 400 mm och en maximal l\u00e4ngd p\u00e5 6 meter.<\/p>\n<p><img loading=\"lazy\" decoding=\"async\" class=\"alignnone wp-image-628 size-large\" src=\"https:\/\/hydraulic-cylinders.net\/wp-content\/uploads\/2023\/08\/hydraulic-cylinder-product-3-1024x391.webp\" alt=\"\" width=\"1024\" height=\"391\" srcset=\"https:\/\/hydraulic-cylinders.net\/wp-content\/uploads\/2023\/08\/hydraulic-cylinder-product-3-980x374.webp 980w, https:\/\/hydraulic-cylinders.net\/wp-content\/uploads\/2023\/08\/hydraulic-cylinder-product-3-480x183.webp 480w\" sizes=\"(min-width: 0px) and (max-width: 480px) 480px, (min-width: 481px) and (max-width: 980px) 980px, (min-width: 981px) 1024px, 100vw\" \/><\/p>\n<h3>(3) Svetsning<\/h3>\n<p><img loading=\"lazy\" decoding=\"async\" class=\"alignnone wp-image-629 size-large\" src=\"https:\/\/hydraulic-cylinders.net\/wp-content\/uploads\/2023\/08\/hydraulic-cylinder-product-4-1024x510.webp\" alt=\"\" width=\"1024\" height=\"510\" srcset=\"https:\/\/hydraulic-cylinders.net\/wp-content\/uploads\/2023\/08\/hydraulic-cylinder-product-4-980x488.webp 980w, https:\/\/hydraulic-cylinders.net\/wp-content\/uploads\/2023\/08\/hydraulic-cylinder-product-4-480x239.webp 480w\" sizes=\"(min-width: 0px) and (max-width: 480px) 480px, (min-width: 481px) and (max-width: 980px) 980px, (min-width: 981px) 1024px, 100vw\" \/><\/p>\n<h3>(4) M\u00e5lning och ytbehandling<\/h3>\n<p>Med sm\u00e5 och medelstora cylindriska automatiska vattenbaserade f\u00e4rgbel\u00e4ggningslinjer, f\u00f6r att uppn\u00e5 automatisk robotlastning och lossning samt automatisk sprutning, \u00e4r den designade kapaciteten 4000 stycken per skift;<br \/>\nVi har \u00e4ven en halvautomatisk f\u00e4rgproduktionslinje f\u00f6r stora cylindrar som drivs av en sl\u00e4pkedja, med en designkapacitet p\u00e5 60 l\u00e5dor per skift.<\/p>\n<p><img loading=\"lazy\" decoding=\"async\" class=\"alignnone wp-image-630\" src=\"https:\/\/hydraulic-cylinders.net\/wp-content\/uploads\/2023\/08\/hydraulic-cylinder-product-5-300x213.webp\" alt=\"\" width=\"366\" height=\"260\" \/> <img loading=\"lazy\" decoding=\"async\" class=\"alignnone wp-image-631\" src=\"https:\/\/hydraulic-cylinders.net\/wp-content\/uploads\/2023\/08\/hydraulic-cylinder-product-6-300x225.webp\" alt=\"\" width=\"347\" height=\"260\" \/><\/p>\n<h3>(5) Testning<\/h3>\n<p>Vi har f\u00f6rstklassiga inspektionsanl\u00e4ggningar och testb\u00e4ddar f\u00f6r att s\u00e4kerst\u00e4lla att cylinderns prestanda uppfyller kraven.<\/p>\n<p><img loading=\"lazy\" decoding=\"async\" class=\"alignnone wp-image-632\" src=\"https:\/\/hydraulic-cylinders.net\/wp-content\/uploads\/2023\/08\/hydraulic-cylinder-product-8-300x200.webp\" alt=\"\" width=\"389\" height=\"260\" \/><\/p>\n<p>&nbsp;<\/p>\n<p>&nbsp;<\/p>\n<p>Vi \u00e4r en av de b\u00e4sta tillverkarna av hydraulcylindrar. Vi kan erbjuda ett helt\u00e4ckande utbud av hydraulcylindrar. Vi tillhandah\u00e5ller \u00e4ven motsvarande <a href=\"https:\/\/hzpt.com\/agricultural-pto-gearbox\/\" target=\"_blank\" rel=\"noopener\">jordbruksv\u00e4xell\u00e5dor<\/a>Vi har exporterat v\u00e5ra produkter till kunder \u00f6ver hela v\u00e4rlden och f\u00e5tt ett gott rykte tack vare v\u00e5r \u00f6verl\u00e4gsna produktkvalitet och kundservice. Vi v\u00e4lkomnar kunder b\u00e5de hemma och utomlands att kontakta oss f\u00f6r att f\u00f6rhandla aff\u00e4rer, utbyta information och <a href=\"https:\/\/www.hydraulic-cylinders.net\/sv\/contact-us\/\">samarbeta med oss<\/a>!<\/p>","protected":false},"excerpt":{"rendered":"<p>Press Rear Side Shift Cylinder The press rear side shift cylinder is a cutting-edge tool designed to enhance efficiency and precision in pressing operations. With its innovative rear side shifting capability, this cylinder allows for seamless adjustment of workpieces during pressing, ensuring accurate alignment and reducing setup time. The press rear side shift cylinder is [&hellip;]<\/p>","protected":false},"featured_media":1685,"comment_status":"open","ping_status":"closed","template":"","meta":{"_et_pb_use_builder":"","_et_pb_old_content":"","_et_gb_content_width":""},"product_brand":[],"product_cat":[1550,1522,1376],"product_tag":[1380],"class_list":{"0":"post-1682","1":"product","2":"type-product","3":"status-publish","4":"has-post-thumbnail","6":"product_cat-double-acting-hydraulic-cylinder","7":"product_cat-press-hydraulic-cylinders","8":"product_cat-hydraulic-cylinder","9":"product_tag-hydraulic-cylinder","11":"first","12":"instock","13":"shipping-taxable","14":"product-type-simple"},"amp_enabled":true,"_links":{"self":[{"href":"https:\/\/www.hydraulic-cylinders.net\/sv\/wp-json\/wp\/v2\/product\/1682","targetHints":{"allow":["GET"]}}],"collection":[{"href":"https:\/\/www.hydraulic-cylinders.net\/sv\/wp-json\/wp\/v2\/product"}],"about":[{"href":"https:\/\/www.hydraulic-cylinders.net\/sv\/wp-json\/wp\/v2\/types\/product"}],"replies":[{"embeddable":true,"href":"https:\/\/www.hydraulic-cylinders.net\/sv\/wp-json\/wp\/v2\/comments?post=1682"}],"wp:featuredmedia":[{"embeddable":true,"href":"https:\/\/www.hydraulic-cylinders.net\/sv\/wp-json\/wp\/v2\/media\/1685"}],"wp:attachment":[{"href":"https:\/\/www.hydraulic-cylinders.net\/sv\/wp-json\/wp\/v2\/media?parent=1682"}],"wp:term":[{"taxonomy":"product_brand","embeddable":true,"href":"https:\/\/www.hydraulic-cylinders.net\/sv\/wp-json\/wp\/v2\/product_brand?post=1682"},{"taxonomy":"product_cat","embeddable":true,"href":"https:\/\/www.hydraulic-cylinders.net\/sv\/wp-json\/wp\/v2\/product_cat?post=1682"},{"taxonomy":"product_tag","embeddable":true,"href":"https:\/\/www.hydraulic-cylinders.net\/sv\/wp-json\/wp\/v2\/product_tag?post=1682"}],"curies":[{"name":"wp","href":"https:\/\/api.w.org\/{rel}","templated":true}]}}