{"id":16832,"date":"2025-01-21T05:57:43","date_gmt":"2025-01-21T05:57:43","guid":{"rendered":"https:\/\/www.hydraulic-cylinders.net\/product\/arm-cylinder-for-volwa-cane-unloader-dls880-9ag\/"},"modified":"2025-01-21T05:57:45","modified_gmt":"2025-01-21T05:57:45","slug":"arm-cylinder-for-volwa-cane-unloader-dls880-9ag","status":"publish","type":"product","link":"https:\/\/www.hydraulic-cylinders.net\/sv\/produkt\/arm-cylinder-for-volwa-cane-unloader-dls880-9ag\/","title":{"rendered":"Armcylinder f\u00f6r Volwa-r\u00f6ravlastare DLS880-9AG"},"content":{"rendered":"<p>Armcylinder f\u00f6r Volwa sockerr\u00f6rsavlastare DLS880-9AG<\/p>\n<p>Armcylindern f\u00f6r Volwa Cane Unloader DLS880-9AG \u00e4r en specialiserad hydraulcylinder som \u00e4r konstruerad f\u00f6r att ge linj\u00e4r r\u00f6relse och kraft till olika maskinarmar, s\u00e5som gr\u00e4vmaskiner, kranar och mekaniska armar. Armcylindrar spelar en avg\u00f6rande roll i hydraulsystem, vilket g\u00f6r att ytterligare verktyg eller redskap kan r\u00f6ra sig och styras effektivt. Dessa cylindrar ger inte bara smidig r\u00f6relse utan t\u00e5l \u00e4ven tunga belastningar, vilket s\u00e4kerst\u00e4ller effektiv drift och tillf\u00f6rlitlighet hos maskiner under olika driftsf\u00f6rh\u00e5llanden.<\/p>\n<p>Definition och f\u00f6rklaring<\/p>\n<p>Armcylindrar \u00e4r hydraulcylindrar som ger direkt linj\u00e4r r\u00f6relse och kraft till olika typer av maskinarmar. Dessa cylindrar spelar en avg\u00f6rande roll f\u00f6r smidig drift av alla maskiner som kr\u00e4ver linj\u00e4r r\u00f6relse, inklusive kranar, gr\u00e4vmaskiner och mekaniska armar. De kan klassificeras i olika typer baserat p\u00e5 deras funktionalitet, s\u00e5som enkelverkande, dubbelverkande och teleskopiska cylindrar.<\/p>\n<p>Armcylindrar \u00e4r generellt tillverkade av h\u00f6gh\u00e5llfasta material, s\u00e5som st\u00e5l, och \u00e4r konstruerade f\u00f6r att motst\u00e5 tunga belastningar. De kr\u00e4ver minimalt underh\u00e5ll, vilket g\u00f6r dem idealiska f\u00f6r anv\u00e4ndning i tuffa milj\u00f6er. Dessutom \u00e4r de otroligt m\u00e5ngsidiga och kan anv\u00e4ndas med olika typer av maskiner, vilket g\u00f6r dem till ett popul\u00e4rt val inom olika branscher.<\/p>\n<p>Drag<\/p>\n<p>Armcylindern f\u00f6r Volwa-r\u00f6ravlastare DLS880-9AG har m\u00e5nga funktioner som g\u00f6r den till ett idealiskt val f\u00f6r olika branscher. N\u00e5gra av dess viktiga funktioner \u00e4r:<\/p>\n<p>1. H\u00f6geffektiv transmission: Armcylindern ger kraftfull linj\u00e4r r\u00f6relse och kraft, vilket s\u00e4kerst\u00e4ller h\u00f6g effektivitet och prestanda hos maskinarmen under drift.<\/p>\n<p>2. Exakt styrning: Med hj\u00e4lp av hydrauliska system kan armcylindrar uppn\u00e5 exakt r\u00f6relsestyrning, vilket g\u00f6r man\u00f6vreringen av ytterligare verktyg mer flexibel och exakt.<\/p>\n<p>3. H\u00f6g h\u00e5llbarhet: Armcylindrar \u00e4r vanligtvis tillverkade av h\u00f6gh\u00e5llfasta material, vilket g\u00f6r dem mycket motst\u00e5ndskraftiga mot slitage och korrosion och l\u00e4mpliga f\u00f6r l\u00e5ngvarig anv\u00e4ndning i tuffa milj\u00f6er.<\/p>\n<p>4. Multifunktionell anpassningsf\u00f6rm\u00e5ga: Dessa cylindrar kan anv\u00e4ndas i en m\u00e4ngd olika maskiner och utrustning, s\u00e5som gr\u00e4vmaskiner, kranar och mekaniska armar, f\u00f6r att m\u00f6ta olika arbetskrav.<\/p>\n<p>5. Enkelt underh\u00e5ll: Armcylindrarnas design s\u00e4kerst\u00e4ller enkelt underh\u00e5ll och utbyte, vilket g\u00f6r det bekv\u00e4mt f\u00f6r regelbundna kontroller och underh\u00e5ll f\u00f6r att minska utrustningens stillest\u00e5ndstid.<\/p>\n<p>Produktion<\/p>\n<p>V\u00e5rt f\u00f6retag kan producera armcylindern f\u00f6r Volwa Cane Unloader DLS880-9AG med h\u00f6gsta kvalitet och till ett \u00f6verkomligt pris. V\u00e5ra produkter kan perfekt ers\u00e4tta olika hydraulcylindrar, vilket g\u00f6r oss till ett p\u00e5litligt val f\u00f6r kunderna.<\/p>\n<p>Applikationer<\/p>\n<p>Armcylindrar hittar olika till\u00e4mpningar inom olika branscher, varav n\u00e5gra \u00e4r:<\/p>\n<p>1. Byggbranschen: Armcylindrar styr r\u00f6relsen hos skopan eller bommen p\u00e5 gr\u00e4vmaskiner och kranar, vilket g\u00f6r att de kan utf\u00f6ra markarbeten, materialhantering och strukturella installationer.<\/p>\n<p>2. Tillverkningsindustri: Armcylindrar anv\u00e4nds i automatiserade produktionslinjer f\u00f6r att styra r\u00f6relsen hos mekaniska armar, vilket f\u00f6rb\u00e4ttrar produktionseffektiviteten och noggrannheten.<\/p>\n<p>3. Jordbruksmaskiner: Armcylindrar styr r\u00f6relsen hos man\u00f6verarmen i jordbruksmaskiner som sk\u00f6rdemaskiner och s\u00e5maskiner, vilket g\u00f6r att de kan utf\u00f6ra uppgifter som s\u00e5dd, g\u00f6dsling och sk\u00f6rd.<\/p>\n<p>4. Gruvindustrin: Armcylindrar styr armr\u00f6relsen hos gruvutrustning, vilket g\u00f6r att den kan utf\u00f6ra uppgifter som gruvdrift och transport av malm.<\/p>\n<p>5. Logistik och transport: Armcylindrar styr r\u00f6relsen hos gaffeltruckens gafflar, vilket g\u00f6r att de kan transportera och stapla material.<\/p>\n<p>Design- och urvalsstandarder<\/p>\n<p>N\u00e4r det g\u00e4ller att designa och v\u00e4lja armcylindrar m\u00e5ste flera faktorer beaktas, inklusive b\u00e4rf\u00f6rm\u00e5ga, t\u00e4tning, h\u00e5llbarhet, s\u00e4kerhet och underh\u00e5llsv\u00e4nlighet.<\/p>\n<p>1. B\u00e4rf\u00f6rm\u00e5ga: Armcylindrar m\u00e5ste kunna b\u00e4ra vikten av den utrustning de st\u00f6der.<\/p>\n<p>2. T\u00e4tning: Armcylindrar m\u00e5ste ha ordentlig t\u00e4tning f\u00f6r att f\u00f6rhindra v\u00e4tskel\u00e4ckage och bibeh\u00e5lla trycket.<\/p>\n<p>3. H\u00e5llbarhet: Armcylindrar b\u00f6r vara tillr\u00e4ckligt h\u00e5llbara f\u00f6r att motst\u00e5 tuffa arbetsf\u00f6rh\u00e5llanden och fungera effektivt under en l\u00e4ngre tid.<\/p>\n<p>4. S\u00e4kerhet: Armcylindrar m\u00e5ste uppfylla n\u00f6dv\u00e4ndiga s\u00e4kerhetsstandarder f\u00f6r att undvika olyckor eller skador.<\/p>\n<p>5. Enkelt underh\u00e5ll: Armcylindrar b\u00f6r vara enkla att underh\u00e5lla och byta ut f\u00f6r att minska utrustningens stillest\u00e5ndstid och s\u00e4kerst\u00e4lla maximal effektivitet.<\/p>\n<p>T\u00e4tning och sm\u00f6rjning<\/p>\n<p>Armcylindrar kr\u00e4ver en m\u00e4ngd olika t\u00e4tningar, s\u00e5som kolvt\u00e4tningar och st\u00e5ngt\u00e4tningar, f\u00f6r att f\u00f6rhindra v\u00e4tskel\u00e4ckage. Dessa t\u00e4tningar \u00e4r tillverkade av slitstarka material som polyuretan och nitrilgummi. Cylinderhuset och den g\u00e4ngade \u00e4ndytan \u00e4r noggrant bearbetade f\u00f6r att f\u00f6rb\u00e4ttra slitstyrkan, och vanlig hydraulolja m\u00e5ste tills\u00e4ttas f\u00f6r sm\u00f6rjning.<\/p>\n<p>Underh\u00e5lls- och f\u00f6rebyggande \u00e5tg\u00e4rder<\/p>\n<p>Regelbundna inspektioner och f\u00f6rebyggande underh\u00e5ll \u00e4r avg\u00f6rande f\u00f6r effektiv drift av armcylindrar. N\u00e5gra av de f\u00f6rebyggande \u00e5tg\u00e4rderna inkluderar:<\/p>\n<p>1. Regelbunden inspektion och underh\u00e5ll av armcylindern f\u00f6r att f\u00f6rhindra slitage.<\/p>\n<p>2. Anv\u00e4ndning av h\u00f6gkvalitativ hydraulolja f\u00f6r sm\u00f6rjning.<\/p>\n<p>3. Regelbundet byte av t\u00e4tningar f\u00f6r att f\u00f6rhindra v\u00e4tskel\u00e4ckage.<\/p>\n<p>4. Korrekt f\u00f6rvaring av armcylindern n\u00e4r den inte anv\u00e4nds f\u00f6r att f\u00f6rhindra skador.<\/p>\n<p>Installationsguide<\/p>\n<p>F\u00f6lj installationsguiden nedan f\u00f6r att s\u00e4kerst\u00e4lla korrekt installation av armcylindern f\u00f6r Volwa sockerr\u00f6rsavlastare DLS880-9AG:<\/p>\n<p>1. Montera cylindern enligt maskinens specifikationer.<\/p>\n<p>2. S\u00e4kerst\u00e4ll korrekt uppriktning av cylindern under installationen.<\/p>\n<p>3. Kontrollera cylinderns monteringsytor f\u00f6r att s\u00e4kerst\u00e4lla att de \u00e4r fria fr\u00e5n smuts och skr\u00e4p.<\/p>\n<p>4. Dra \u00e5t monteringsbultarna enligt rekommenderat \u00e5tdragningsmoment.<\/p>\n<p>S\u00e4kerhetsaspekter och milj\u00f6faktorer<\/p>\n<p>S\u00e4kerhet \u00e4r en viktig faktor vid anv\u00e4ndning av armcylindrar. Operat\u00f6rer m\u00e5ste f\u00f6lja n\u00f6dv\u00e4ndiga s\u00e4kerhetsriktlinjer f\u00f6r att undvika olyckor och skador. Dessutom kan milj\u00f6faktorer som temperatur, fukt och fr\u00e4tande \u00e4mnen p\u00e5verka armcylindrarnas prestanda och b\u00f6r \u00e5tg\u00e4rdas p\u00e5 l\u00e4mpligt s\u00e4tt.<\/p>\n<p>Feldiagnos och vanliga problem<\/p>\n<p>N\u00e5gra vanliga problem med armcylindrar inkluderar v\u00e4tskel\u00e4ckage, l\u00e5ngsam drift och brist p\u00e5 kraft. Operat\u00f6rer b\u00f6r utf\u00f6ra regelbundna inspektioner f\u00f6r att uppt\u00e4cka eventuella fel och omedelbart \u00e5tg\u00e4rda dem. Feldiagnos och fels\u00f6kning b\u00f6r utf\u00f6ras av kvalificerade tekniker.<\/p>\n<p>Slutsats<\/p>\n<p>Vi \u00e4r en specialiserad tillverkare av hydraulcylindrar med ett brett utbud av h\u00f6gkvalitativa produkter. V\u00e5ra produkter har anv\u00e4nts flitigt inom olika branscher, och v\u00e5rt engagemang f\u00f6r excellens har gjort oss till en av de ledande tillverkarna p\u00e5 den globala marknaden. Vi anv\u00e4nder toppmoderna tillverknings- och kvalitetskontrollprocesser f\u00f6r att s\u00e4kerst\u00e4lla att v\u00e5ra produkter uppfyller de h\u00f6gsta standarderna.<\/p>\n<p>V\u00e5rt f\u00f6retag \u00e4r h\u00f6gt specialiserat p\u00e5 internationell certifiering, kundanpassad service, produktionsutrustning och eftermarknadsservice, vilket s\u00e4kerst\u00e4ller kundn\u00f6jdhet. V\u00e5rt m\u00e5l \u00e4r att tillhandah\u00e5lla h\u00f6gkvalitativa produkter som uppfyller v\u00e5ra kunders olika behov. <\/p>\n<p>F\u00f6rfattare: lyl<\/p>","protected":false},"excerpt":{"rendered":"<p>Arm Cylinder for Volwa Cane Unloader DLS880-9AG The Arm Cylinder for Volwa Cane Unloader DLS880-9AG is a specialized hydraulic cylinder designed to provide linear motion and power to various machine arms, such as excavators, cranes, and mechanical arms. Arm cylinders play a critical role in hydraulic systems, allowing additional tools or attachments to move and [&hellip;]<\/p>","protected":false},"featured_media":14772,"comment_status":"open","ping_status":"closed","template":"","meta":{"_et_pb_use_builder":"","_et_pb_old_content":"","_et_gb_content_width":""},"product_brand":[],"product_cat":[1497],"product_tag":[1498,1496],"class_list":{"0":"post-16832","1":"product","2":"type-product","3":"status-publish","4":"has-post-thumbnail","6":"product_cat-arm-cylinders","7":"product_tag-arm-cylinders","8":"product_tag-hydraulic-cylinders","10":"first","11":"instock","12":"shipping-taxable","13":"product-type-simple"},"amp_enabled":true,"_links":{"self":[{"href":"https:\/\/www.hydraulic-cylinders.net\/sv\/wp-json\/wp\/v2\/product\/16832","targetHints":{"allow":["GET"]}}],"collection":[{"href":"https:\/\/www.hydraulic-cylinders.net\/sv\/wp-json\/wp\/v2\/product"}],"about":[{"href":"https:\/\/www.hydraulic-cylinders.net\/sv\/wp-json\/wp\/v2\/types\/product"}],"replies":[{"embeddable":true,"href":"https:\/\/www.hydraulic-cylinders.net\/sv\/wp-json\/wp\/v2\/comments?post=16832"}],"wp:featuredmedia":[{"embeddable":true,"href":"https:\/\/www.hydraulic-cylinders.net\/sv\/wp-json\/wp\/v2\/media\/14772"}],"wp:attachment":[{"href":"https:\/\/www.hydraulic-cylinders.net\/sv\/wp-json\/wp\/v2\/media?parent=16832"}],"wp:term":[{"taxonomy":"product_brand","embeddable":true,"href":"https:\/\/www.hydraulic-cylinders.net\/sv\/wp-json\/wp\/v2\/product_brand?post=16832"},{"taxonomy":"product_cat","embeddable":true,"href":"https:\/\/www.hydraulic-cylinders.net\/sv\/wp-json\/wp\/v2\/product_cat?post=16832"},{"taxonomy":"product_tag","embeddable":true,"href":"https:\/\/www.hydraulic-cylinders.net\/sv\/wp-json\/wp\/v2\/product_tag?post=16832"}],"curies":[{"name":"wp","href":"https:\/\/api.w.org\/{rel}","templated":true}]}}