{"id":16845,"date":"2025-01-21T05:58:44","date_gmt":"2025-01-21T05:58:44","guid":{"rendered":"https:\/\/www.hydraulic-cylinders.net\/product\/arm-cylinder-for-aotai-at180e-9\/"},"modified":"2025-01-21T05:58:46","modified_gmt":"2025-01-21T05:58:46","slug":"arm-cylinder-for-aotai-at180e-9","status":"publish","type":"product","link":"https:\/\/www.hydraulic-cylinders.net\/sv\/produkt\/arm-cylinder-for-aotai-at180e-9\/","title":{"rendered":"Armcylinder f\u00f6r Aotai AT180E-9"},"content":{"rendered":"<h2>Armcylinder f\u00f6r Aotai AT180E-9<\/h2>\n<p>Armcylindern till Aotai AT180E-9 \u00e4r en specialdesignad hydraulcylinder som ger linj\u00e4r r\u00f6relse och kraft till armen p\u00e5 olika maskiner, s\u00e5som gr\u00e4vmaskiner, kranar och robotarmar. Armcylindern spelar en avg\u00f6rande roll i hydraulsystem och m\u00f6jligg\u00f6r effektiv r\u00f6relse och styrning av ytterligare verktyg eller redskap. Dessa cylindrar uppn\u00e5r inte bara j\u00e4mn r\u00f6relse utan t\u00e5l \u00e4ven tunga belastningar, vilket s\u00e4kerst\u00e4ller effektiv drift och tillf\u00f6rlitlighet hos maskineriet under olika arbetsf\u00f6rh\u00e5llanden.<\/p>\n<p><img decoding=\"async\" src=\"https:\/\/www.hydraulic-cylinders.net\/wp-content\/uploads\/2025\/01\/songte-company-2.webp\"><\/p>\n<h2>Drag<\/h2>\n<ul>\n<li><strong>H\u00f6geffektiv transmission:<\/strong> Armcylindern ger kraftfull linj\u00e4r r\u00f6relse och kraft, vilket s\u00e4kerst\u00e4ller h\u00f6g prestanda under olika operationer.<\/li>\n<li><strong>Precisionskontroll:<\/strong> Genom det hydrauliska systemet m\u00f6jligg\u00f6r armcylindern exakt r\u00f6relsekontroll, vilket f\u00f6rb\u00e4ttrar flexibiliteten och noggrannheten i verktygets operationer.<\/li>\n<li><strong>Varaktighet:<\/strong> Armcylindrar \u00e4r vanligtvis tillverkade av h\u00f6gh\u00e5llfasta material, vilket ger utm\u00e4rkt slitage- och korrosionsbest\u00e4ndighet, vilket g\u00f6r dem l\u00e4mpliga f\u00f6r l\u00e5ngvarig anv\u00e4ndning i tuffa milj\u00f6er.<\/li>\n<li><strong>Multifunktionell anpassningsf\u00f6rm\u00e5ga:<\/strong> Dessa cylindrar finner bred till\u00e4mpning i olika maskiner, inklusive gr\u00e4vmaskiner, kranar och robotarmar, och tillgodoser olika arbetskrav.<\/li>\n<li><strong>Enkelt underh\u00e5ll:<\/strong> Designaspekterna f\u00f6r enkelt underh\u00e5ll och utbyte g\u00f6r regelbundna inspektioner och underh\u00e5ll bekv\u00e4mt, vilket minimerar stillest\u00e5ndstiden f\u00f6r utrustningen.<\/li>\n<\/ul>\n<p><img decoding=\"async\" src=\"https:\/\/www.hydraulic-cylinders.net\/wp-content\/uploads\/2025\/01\/songte-oil-pipes-and-spare-parts.webp\"><\/p>\n<h2>Applikationer<\/h2>\n<p>Armcylindern anv\u00e4nds inom f\u00f6ljande branscher:<\/p>\n<h3>1. Byggteknik<\/h3>\n<p>I gr\u00e4vmaskiner och kranar styr armcylindern r\u00f6relsen av skopor eller bommar f\u00f6r markarbete, materialhantering och strukturell installation.<\/p>\n<h3>2. Tillverkning<\/h3>\n<p>I automatiserade produktionslinjer underl\u00e4ttar armcylindern robotarmarnas r\u00f6relse f\u00f6r montering, svetsning och materialhanteringsprocesser, vilket f\u00f6rb\u00e4ttrar produktionseffektiviteten och precisionen.<\/p>\n<h3>3. Jordbruksmaskiner<\/h3>\n<p>I jordbruksmaskiner som sk\u00f6rdemaskiner och s\u00e5maskiner styr armcylindern r\u00f6relsen hos man\u00f6verarmarna f\u00f6r uppgifter som s\u00e5dd, g\u00f6dsling och sk\u00f6rd.<\/p>\n<h3>4. Gruvdrift<\/h3>\n<p>I gruvutrustning styr armcylindern armr\u00f6relserna hos gruvmaskiner f\u00f6r malmutvinning och transport.<\/p>\n<h3>5. Logistik och transport<\/h3>\n<p>I gaffeltruckar och hanteringsrobotar styr armcylindern lyftningen och r\u00f6relsen av gafflarna, vilket m\u00f6jligg\u00f6r materialhantering och stapling.<\/p>\n<p><img decoding=\"async\" src=\"https:\/\/www.hydraulic-cylinders.net\/wp-content\/uploads\/2025\/01\/songte-cylinder-head-with-all-kinds-excavator-models.webp\"><\/p>\n<h2>Design\u00f6verv\u00e4ganden och urvalskriterier<\/h2>\n<p>N\u00e4r det g\u00e4ller design\u00f6verv\u00e4ganden spelar armcylinderns b\u00e4rf\u00f6rm\u00e5ga, t\u00e4tning, h\u00e5llbarhet, s\u00e4kerhet och underh\u00e5llbarhet en avg\u00f6rande roll:<\/p>\n<h3>1. B\u00e4rf\u00f6rm\u00e5ga<\/h3>\n<p>Armcylindern b\u00f6r vara konstruerad f\u00f6r att hantera de specifika belastningar den kommer att uts\u00e4ttas f\u00f6r under drift, vilket s\u00e4kerst\u00e4ller optimal prestanda och s\u00e4kerhet.<\/p>\n<h3>2. T\u00e4tning<\/h3>\n<p>Olika t\u00e4tningskomponenter, s\u00e5som kolvt\u00e4tningar och kolvst\u00e5ngst\u00e4tningar, tillverkade av slitstarka material som polyuretan och nitrilgummi, s\u00e4kerst\u00e4ller effektiv t\u00e4tning. Cylinderhuset och de g\u00e4ngade \u00e4ndarna genomg\u00e5r en noggrann ytbehandling f\u00f6r att f\u00f6rb\u00e4ttra slitstyrkan.<\/p>\n<h3>3. H\u00e5llbarhet<\/h3>\n<p>Armcylindern \u00e4r tillverkad av h\u00f6gh\u00e5llfasta material f\u00f6r att klara de kr\u00e4vande f\u00f6rh\u00e5llandena i dess applikationer, vilket s\u00e4kerst\u00e4ller l\u00e5ngvarig prestanda och tillf\u00f6rlitlighet.<\/p>\n<h3>4. S\u00e4kerhet<\/h3>\n<p>Att beakta s\u00e4kerhetsfunktioner och f\u00f6rsiktighets\u00e5tg\u00e4rder, s\u00e5som tryckavlastningsventiler och n\u00f6dstoppssystem, \u00e4r avg\u00f6rande f\u00f6r att skydda b\u00e5de maskiner och operat\u00f6rer.<\/p>\n<h3>5. Underh\u00e5llbarhet<\/h3>\n<p>Konstruktionen b\u00f6r underl\u00e4tta enkelt underh\u00e5ll och utbyte, s\u00e4kerst\u00e4lla bekv\u00e4ma regelbundna inspektioner och minska driftstopp f\u00f6r utrustningen.<\/p>\n<p><img decoding=\"async\" src=\"https:\/\/www.hydraulic-cylinders.net\/wp-content\/uploads\/2025\/01\/songte-chushion-collar.webp\"><\/p>\n<h2>T\u00e4tning och sm\u00f6rjning<\/h2>\n<p>Armcylindern anv\u00e4nder olika t\u00e4tningskomponenter f\u00f6r att s\u00e4kerst\u00e4lla effektiv drift. Dessa inkluderar kolvt\u00e4tningar, kolvst\u00e5ngst\u00e4tningar och andra t\u00e4tningar tillverkade av slitstarka material som polyuretan och nitrilgummi. Cylinderhuset och de g\u00e4ngade \u00e4ndarna genomg\u00e5r en noggrann ytbehandling f\u00f6r att f\u00f6rb\u00e4ttra slitstyrkan. Regelbunden sm\u00f6rjning med l\u00e4mplig hydraulolja \u00e4r n\u00f6dv\u00e4ndig f\u00f6r att s\u00e4kerst\u00e4lla korrekt prestanda och livsl\u00e4ngd hos cylindern.<\/p>\n<h2>Regelbunden inspektion och f\u00f6rebyggande underh\u00e5ll<\/h2>\n<p>F\u00f6r att bibeh\u00e5lla optimal prestanda \u00e4r regelbundna inspektioner och f\u00f6rebyggande underh\u00e5lls\u00e5tg\u00e4rder avg\u00f6rande:<\/p>\n<ul>\n<li>Kontrollera cylindern f\u00f6r tecken p\u00e5 l\u00e4ckage, skador eller slitage.<\/li>\n<li>Kontrollera och byt ut t\u00e4tningar vid behov.<\/li>\n<li>Kontrollera korrekta v\u00e4tskeniv\u00e5er och fyll p\u00e5 hydraulolja vid behov.<\/li>\n<li>Se till att alla anslutningar och kopplingar \u00e4r s\u00e4krade.<\/li>\n<li>Reng\u00f6r cylindern och omgivande omr\u00e5den f\u00f6r att f\u00f6rhindra att skr\u00e4p samlas.<\/li>\n<\/ul>\n<h2>Produktinstallationsguide<\/h2>\n<p>F\u00f6lj dessa steg f\u00f6r korrekt installation av armcylindern:<\/p>\n<ol>\n<li>F\u00f6rbered installationsomr\u00e5det och se till att det \u00e4r rent och fritt fr\u00e5n skr\u00e4p.<\/li>\n<li>Placera cylindern korrekt och justera den med monteringspunkterna.<\/li>\n<li>Dra \u00e5t monteringsbultarna ordentligt med angivet \u00e5tdragningsmoment.<\/li>\n<li>Anslut hydraulslangarna eller r\u00f6ren till l\u00e4mpliga portar.<\/li>\n<li>Kontrollera eventuella l\u00e4ckor och se till att alla anslutningar \u00e4r \u00e5tdragna.<\/li>\n<\/ol>\n<p><img decoding=\"async\" src=\"https:\/\/www.hydraulic-cylinders.net\/wp-content\/uploads\/2025\/01\/songte-bushings-with-all-kinds-of-excavator-models.webp\"><\/p>\n<h2>S\u00e4kerhetsaspekter och milj\u00f6faktorer<\/h2>\n<p>Vid hantering av armcylindern \u00e4r det avg\u00f6rande att prioritera s\u00e4kerhets\u00e5tg\u00e4rder. Dessa inkluderar:<\/p>\n<ul>\n<li>F\u00f6lja korrekta driftsprocedurer och s\u00e4kerhetsriktlinjer.<\/li>\n<li>Anv\u00e4nd l\u00e4mplig personlig skyddsutrustning (PPE) vid behov.<\/li>\n<li>S\u00e4kerst\u00e4lla att maskinerna underh\u00e5lls och kontrolleras korrekt med avseende p\u00e5 s\u00e4kerhetsfunktioner.<\/li>\n<li>F\u00f6lja milj\u00f6f\u00f6reskrifter och hantera allt avfall p\u00e5 ett ansvarsfullt s\u00e4tt.<\/li>\n<\/ul>\n<h2>Fels\u00f6kning och vanliga problem<\/h2>\n<p>H\u00e4r \u00e4r n\u00e5gra vanliga fels\u00f6kningstips och l\u00f6sningar f\u00f6r problem relaterade till armcylindern:<\/p>\n<ul>\n<li>Om det finns ett l\u00e4ckage av hydraulv\u00e4tska, inspektera och byt ut skadade t\u00e4tningar eller dra \u00e5t anslutningar.<\/li>\n<li>Om det finns oj\u00e4mna eller ryckiga r\u00f6relser, kontrollera om det finns igensatta eller strypta hydraulledningar och reng\u00f6r eller byt ut dem vid behov.<\/li>\n<li>Om armcylindern inte fungerar som f\u00f6rv\u00e4ntat, kontrollera hydraulsystemets tryck och fl\u00f6deshastighet och justera dem vid behov.<\/li>\n<\/ul>\n<p>Genomf\u00f6rande av f\u00f6rebyggande \u00e5tg\u00e4rder kan minimera potentiella problem:<\/p>\n<ul>\n<li>Inspektera och underh\u00e5ll regelbundet armcylindern och hydraulsystemet.<\/li>\n<li>F\u00f6lj korrekta driftsprocedurer och undvik att \u00f6verbelasta cylindern.<\/li>\n<li>Se till att hydraulv\u00e4tskan \u00e4r ren och p\u00e5 r\u00e4tt niv\u00e5.<\/li>\n<li>H\u00e5ll cylindern och omgivningen ren f\u00f6r att f\u00f6rhindra att skr\u00e4p orsakar skador.<\/li>\n<\/ul>\n<p><img decoding=\"async\" src=\"https:\/\/www.hydraulic-cylinders.net\/wp-content\/uploads\/2025\/01\/songte-chushion-collar.webp\"><\/p>\n<p>Kom ih\u00e5g att organisera artikeln logiskt, anv\u00e4nda underrubriker f\u00f6r enkel navigering, inkludera relevanta bilder eller diagram f\u00f6r b\u00e4ttre f\u00f6rst\u00e5else och se till att inneh\u00e5llet \u00e4r tydligt och koncist och passar l\u00e4sare med varierande tekniska kunskapsniv\u00e5er.<\/p>\n<h2>Om oss<\/h2>\n<p>Vi \u00e4r en professionell tillverkare av hydraulcylindrar f\u00f6r reservdelar och erbjuder ett brett utbud av produkter. Vi har blivit en av de ledande tillverkarna och grossistdistribut\u00f6rerna av hydraulcylindrar p\u00e5 b\u00e5de inhemska och internationella marknader. Genom att uppr\u00e4tth\u00e5lla principerna om excellens f\u00f6rb\u00e4ttrar vi kontinuerligt v\u00e5r tekniska kapacitet och produktionseffektivitet genom finjusterade tillverkningsverkst\u00e4der och strategier f\u00f6r industriell produktionshantering. Genom att introducera avancerad digital tillverkningsutrustning och professionella testsystem optimerar vi v\u00e5r tillverkningsplattform och f\u00f6rfinar v\u00e5ra produktkvalitetskontrollprocesser, vilket visar stark innovationsf\u00f6rm\u00e5ga. V\u00e5rt m\u00e5l \u00e4r att m\u00f6ta olika kundkrav med h\u00f6g effektivitet, precision och kvalitet.<\/p>\n<p><img decoding=\"async\" src=\"https:\/\/www.hydraulic-cylinders.net\/wp-content\/uploads\/2025\/01\/songte-company-4.webp\"><br \/>\n<img\n<\/p>","protected":false},"excerpt":{"rendered":"<p>Arm Cylinder For Aotai AT180E-9 The Arm Cylinder for Aotai AT180E-9 is a specially designed hydraulic cylinder that provides linear motion and power to the arm of various machinery, such as excavators, cranes, and robotic arms. The arm cylinder plays a crucial role in hydraulic systems, enabling the effective movement and control of additional tools [&hellip;]<\/p>","protected":false},"featured_media":14763,"comment_status":"open","ping_status":"closed","template":"","meta":{"_et_pb_use_builder":"","_et_pb_old_content":"","_et_gb_content_width":""},"product_brand":[],"product_cat":[1497],"product_tag":[1498,1496],"class_list":{"0":"post-16845","1":"product","2":"type-product","3":"status-publish","4":"has-post-thumbnail","6":"product_cat-arm-cylinders","7":"product_tag-arm-cylinders","8":"product_tag-hydraulic-cylinders","10":"first","11":"instock","12":"shipping-taxable","13":"product-type-simple"},"amp_enabled":true,"_links":{"self":[{"href":"https:\/\/www.hydraulic-cylinders.net\/sv\/wp-json\/wp\/v2\/product\/16845","targetHints":{"allow":["GET"]}}],"collection":[{"href":"https:\/\/www.hydraulic-cylinders.net\/sv\/wp-json\/wp\/v2\/product"}],"about":[{"href":"https:\/\/www.hydraulic-cylinders.net\/sv\/wp-json\/wp\/v2\/types\/product"}],"replies":[{"embeddable":true,"href":"https:\/\/www.hydraulic-cylinders.net\/sv\/wp-json\/wp\/v2\/comments?post=16845"}],"wp:featuredmedia":[{"embeddable":true,"href":"https:\/\/www.hydraulic-cylinders.net\/sv\/wp-json\/wp\/v2\/media\/14763"}],"wp:attachment":[{"href":"https:\/\/www.hydraulic-cylinders.net\/sv\/wp-json\/wp\/v2\/media?parent=16845"}],"wp:term":[{"taxonomy":"product_brand","embeddable":true,"href":"https:\/\/www.hydraulic-cylinders.net\/sv\/wp-json\/wp\/v2\/product_brand?post=16845"},{"taxonomy":"product_cat","embeddable":true,"href":"https:\/\/www.hydraulic-cylinders.net\/sv\/wp-json\/wp\/v2\/product_cat?post=16845"},{"taxonomy":"product_tag","embeddable":true,"href":"https:\/\/www.hydraulic-cylinders.net\/sv\/wp-json\/wp\/v2\/product_tag?post=16845"}],"curies":[{"name":"wp","href":"https:\/\/api.w.org\/{rel}","templated":true}]}}