{"id":16868,"date":"2025-01-21T06:09:15","date_gmt":"2025-01-21T06:09:15","guid":{"rendered":"https:\/\/www.hydraulic-cylinders.net\/product\/arm-cylinder-for-bonny-ctd460-6\/"},"modified":"2025-01-21T06:09:17","modified_gmt":"2025-01-21T06:09:17","slug":"arm-cylinder-for-bonny-ctd460-6","status":"publish","type":"product","link":"https:\/\/www.hydraulic-cylinders.net\/sv\/produkt\/arm-cylinder-for-bonny-ctd460-6\/","title":{"rendered":"Armcylinder f\u00f6r Bonny CTD460-6"},"content":{"rendered":"<h1>Armcylinder f\u00f6r Bonny CTD460-6<\/h1>\n<h2>Introduktion<\/h2>\n<p>En armcylinder \u00e4r en specialiserad hydraulcylinder som fr\u00e4mst anv\u00e4nds f\u00f6r att ge linj\u00e4r r\u00f6relse och kraft till armarna p\u00e5 olika typer av maskiner, s\u00e5som gr\u00e4vmaskiner, kranar och robotarmar. Armcylindern spelar en avg\u00f6rande roll i hydrauliska system och m\u00f6jligg\u00f6r effektiv r\u00f6relse och kontroll av anslutna verktyg eller tillbeh\u00f6r. Dessa cylindrar ger inte bara j\u00e4mn r\u00f6relse, utan t\u00e5l \u00e4ven tunga belastningar, vilket s\u00e4kerst\u00e4ller effektiv drift och tillf\u00f6rlitlighet hos maskineriet under olika arbetsf\u00f6rh\u00e5llanden.<\/p>\n<p><img decoding=\"async\" src=\"https:\/\/www.hydraulic-cylinders.net\/wp-content\/uploads\/2025\/01\/songte-company-2.webp\"><\/p>\n<h2>Drag<\/h2>\n<ul>\n<li>\n<h3>Effektiv kraft\u00f6verf\u00f6ring:<\/h3>\n<p> Armcylindern ger stark linj\u00e4r r\u00f6relse och kraft, vilket s\u00e4kerst\u00e4ller maskineriets h\u00f6ga effektivitet.<\/li>\n<li>\n<h3>Exakt kontroll:<\/h3>\n<p> Genom det hydrauliska systemet kan armcylindern uppn\u00e5 exakt r\u00f6relsekontroll, vilket g\u00f6r man\u00f6vreringen av anslutna verktyg mer flexibel och exakt.<\/li>\n<li>\n<h3>H\u00f6g h\u00e5llbarhet:<\/h3>\n<p> Armcylindrar \u00e4r vanligtvis tillverkade av h\u00f6gh\u00e5llfasta material som har god slitage- och korrosionsbest\u00e4ndighet, vilket g\u00f6r dem l\u00e4mpliga f\u00f6r l\u00e5ngvarig anv\u00e4ndning i tuffa milj\u00f6er.<\/li>\n<li>\n<h3>Multifunktionell anpassningsf\u00f6rm\u00e5ga:<\/h3>\n<p> Dessa cylindrar kan anv\u00e4ndas i stor utstr\u00e4ckning i olika typer av maskiner s\u00e5som gr\u00e4vmaskiner, kranar och robotarmar, och anpassas till olika arbetskrav.<\/li>\n<li>\n<h3>Enkelt underh\u00e5ll:<\/h3>\n<p> Konstruktionen tar h\u00e4nsyn till enkelt underh\u00e5ll och utbyte, vilket g\u00f6r regelbunden inspektion och underh\u00e5ll enklare och minskar stillest\u00e5ndstiden f\u00f6r utrustningen.<\/li>\n<\/ul>\n<p>Vi kan producera denna produkt och v\u00e5ra produkter kan perfekt ers\u00e4tta dessa hydraulcylindrar.<\/p>\n<p><img decoding=\"async\" src=\"https:\/\/www.hydraulic-cylinders.net\/wp-content\/uploads\/2025\/01\/songte-oil-pipes-and-spare-parts.webp\"><\/p>\n<h2>Applikationer<\/h2>\n<p>Armcylindrar anv\u00e4nds i olika industrier och till\u00e4mpningar, inklusive:<\/p>\n<ul>\n<li>\n<h3>Konstruktion:<\/h3>\n<p> I gr\u00e4vmaskiner och kranar anv\u00e4nds armcylindrar f\u00f6r att styra r\u00f6relsen av skopor eller bommar f\u00f6r schaktning, materialhantering och strukturell installation.<\/li>\n<li>\n<h3>Tillverkning:<\/h3>\n<p> I automatiserade produktionslinjer anv\u00e4nds armcylindrar f\u00f6r att f\u00f6rflytta robotarmar vid montering, svetsning och hantering, vilket f\u00f6rb\u00e4ttrar produktionseffektiviteten och precisionen.<\/li>\n<li>\n<h3>Jordbruksmaskiner:<\/h3>\n<p> I jordbruksmaskiner som sk\u00f6rdetr\u00f6skor och planteringsmaskiner styr armcylindrar r\u00f6relsen hos man\u00f6verarmarna och utf\u00f6r uppgifter som s\u00e5dd, g\u00f6dsling och sk\u00f6rd.<\/li>\n<li>\n<h3>Brytning:<\/h3>\n<p> I gruvutrustning anv\u00e4nds armcylindrar f\u00f6r att styra armr\u00f6relsen hos gruvutrustning f\u00f6r malmbrytning och hantering.<\/li>\n<li>\n<h3>Logistik och transport:<\/h3>\n<p> I gaffeltruckar och hanteringsrobotar anv\u00e4nds armcylindrar f\u00f6r att styra lyftning och r\u00f6relse av gafflar, vilket m\u00f6jligg\u00f6r materialhantering och stapling.<\/li>\n<\/ul>\n<h2>Design\u00f6verv\u00e4ganden och urvalskriterier<\/h2>\n<p>Armcylinderns konstruktion tar h\u00e4nsyn till viktiga faktorer som b\u00e4rf\u00f6rm\u00e5ga, t\u00e4tning, h\u00e5llbarhet, s\u00e4kerhet och underh\u00e5llbarhet. <\/p>\n<ul>\n<li>\n<h3>B\u00e4rf\u00f6rm\u00e5ga:<\/h3>\n<p> Armcylindern m\u00e5ste kunna hantera de belastningar den uts\u00e4tts f\u00f6r under drift, vilket s\u00e4kerst\u00e4ller att den fungerar smidigt och effektivt.<\/li>\n<li>\n<h3>T\u00e4tning:<\/h3>\n<p> Cylindern m\u00e5ste vara effektivt t\u00e4tad f\u00f6r att f\u00f6rhindra l\u00e4ckage av hydraulv\u00e4tska och kontaminering fr\u00e5n externt skr\u00e4p.<\/li>\n<li>\n<h3>Varaktighet:<\/h3>\n<p> Armcylindern b\u00f6r vara tillverkad av h\u00f6gkvalitativa material som t\u00e5l den tuffa driftsmilj\u00f6n.<\/li>\n<li>\n<h3>S\u00e4kerhet:<\/h3>\n<p> Armcylindern m\u00e5ste vara konstruerad f\u00f6r att f\u00f6rhindra olyckor och skador p\u00e5 personal och maskiner.<\/li>\n<li>\n<h3>Underh\u00e5llbarhet:<\/h3>\n<p> Konstruktionen m\u00e5ste beakta enkelt underh\u00e5ll och utbyte, minskad driftstopp och maximera produktiviteten.<\/li>\n<\/ul>\n<p><img decoding=\"async\" src=\"https:\/\/www.hydraulic-cylinders.net\/wp-content\/uploads\/2025\/01\/songte-cylinder-head-with-all-kinds-excavator-models.webp\"><\/p>\n<h2>T\u00e4tning och sm\u00f6rjning<\/h2>\n<p>Olika t\u00e4tningskomponenter som kolvt\u00e4tningar och st\u00e5ngt\u00e4tningar anv\u00e4nds i armcylindrar, tillverkade av slitstarka material som polyuretan och nitrilgummi. Cylinderhuset och de g\u00e4ngade \u00e4ndytorna \u00e4r fint bearbetade f\u00f6r att f\u00f6rb\u00e4ttra slitstyrkan. Regelbundet underh\u00e5ll inkluderar tillsats av en l\u00e4mplig m\u00e4ngd hydraulolja f\u00f6r sm\u00f6rjning.<\/p>\n<h2>F\u00f6rebyggande underh\u00e5ll och fels\u00f6kning<\/h2>\n<p>Regelbunden inspektion och f\u00f6rebyggande underh\u00e5ll \u00e4r avg\u00f6rande f\u00f6r att s\u00e4kerst\u00e4lla att armcylindern fungerar smidigt. Vanliga problem som hydraulv\u00e4tskel\u00e4ckage, cylinderdrift och minskad effektivitet kan diagnostiseras och l\u00f6sas med l\u00e4mpliga fels\u00f6kningsmetoder. \u00c5tg\u00e4rder f\u00f6r att f\u00f6rebygga potentiella problem inkluderar att h\u00e5lla cylindern ren, s\u00e4kerst\u00e4lla korrekt installation och fasts\u00e4ttning samt f\u00f6lja rekommenderade underh\u00e5llsscheman.<\/p>\n<p><img decoding=\"async\" src=\"https:\/\/www.hydraulic-cylinders.net\/wp-content\/uploads\/2025\/01\/songte-chushion-collar.webp\"><\/p>\n<h2>Installationsguide<\/h2>\n<p>F\u00f6r korrekt installation av armcylindern, f\u00f6lj tillverkarens instruktioner och vidta relevanta s\u00e4kerhets\u00e5tg\u00e4rder. Kontrollera utrustningens kompatibilitet och se till att alla f\u00e4stpunkter \u00e4r s\u00e4kra och i gott skick. Utf\u00f6r ett funktionstest f\u00f6re drift f\u00f6r att s\u00e4kerst\u00e4lla att cylindern fungerar korrekt.<\/p>\n<h2>Om oss<\/h2>\n<p>Vi \u00e4r en professionell tillverkare av hydraulcylindrar f\u00f6r ers\u00e4ttning, med ett brett produktsortiment och en av de ledande tillverkarna och grossistdistribut\u00f6rerna av hydraulcylindrar p\u00e5 den inhemska och internationella marknaden. Vi uppr\u00e4tth\u00e5ller alltid principen om excellens och f\u00f6rlitar oss p\u00e5 industrialiserade produktionsstrategier i fint tillverkade verkst\u00e4der f\u00f6r att kontinuerligt f\u00f6rb\u00e4ttra v\u00e5r tekniska niv\u00e5 och produktionseffektivitet. Genom att introducera avancerad digital tillverkningsutrustning och professionella testsystem optimerar vi tillverkningsplattformen och f\u00f6rb\u00e4ttrar produktkvalitetskontrollprocessen, med stark innovationsf\u00f6rm\u00e5ga. V\u00e5rt m\u00e5l \u00e4r att m\u00f6ta kundernas varierande behov med effektivitet, noggrannhet och h\u00f6g kvalitet.<\/p>\n<ul>\n<li>\n<h3>Professionalism:<\/h3>\n<p> Vi har ett team av erfarna och professionella ingenj\u00f6rer och tekniker som specialiserar sig p\u00e5 design, tillverkning och kvalitetskontroll av hydraulcylindrar.<\/li>\n<li>\n<h3>Internationell certifiering:<\/h3>\n<p> V\u00e5ra produkter har klarat olika nationella och internationella kvalitetscertifieringar som ISO9001:2015, CE och SGS.<\/li>\n<li>\n<h3>Anpassningstj\u00e4nster:<\/h3>\n<p> Vi erbjuder skr\u00e4ddarsydda tj\u00e4nster f\u00f6r att m\u00f6ta kundernas specifika krav.<\/li>\n<li>\n<h3>Produktionsutrustning:<\/h3>\n<p> Vi anv\u00e4nder avancerad och h\u00f6gkvalitativ digital tillverkningsutrustning som CNC-svarvar och fleroperationsmaskiner f\u00f6r att s\u00e4kerst\u00e4lla h\u00f6g precision och enhetlighet i v\u00e5ra produkter.<\/li>\n<li>\n<h3>Eftermarknadsservice:<\/h3>\n<p> Vi erbjuder omfattande och professionella eftermarknadstj\u00e4nster s\u00e5som teknisk support, produktunderh\u00e5ll och garanti.<\/li>\n<\/ul>\n<p><img decoding=\"async\" src=\"https:\/\/www.hydraulic-cylinders.net\/wp-content\/uploads\/2025\/01\/songte-company-4.webp\"><\/p>\n<p><img decoding=\"async\" src=\"https:\/\/www.hydraulic-cylinders.net\/wp-content\/uploads\/2025\/01\/songte-company-3.webp\"><\/p>\n<footer>F\u00f6rfattare: lyl.<\/footer>","protected":false},"excerpt":{"rendered":"<p>Arm Cylinder For Bonny CTD460-6 Introduction An arm cylinder is a specialized hydraulic cylinder that is primarily used to provide linear motion and power to the arms of various types of machinery such as excavators, cranes, and robotic arms. The arm cylinder plays a critical role in hydraulic systems, allowing for effective movement and control [&hellip;]<\/p>","protected":false},"featured_media":14786,"comment_status":"open","ping_status":"closed","template":"","meta":{"_et_pb_use_builder":"","_et_pb_old_content":"","_et_gb_content_width":""},"product_brand":[],"product_cat":[1497],"product_tag":[1498,1496],"class_list":{"0":"post-16868","1":"product","2":"type-product","3":"status-publish","4":"has-post-thumbnail","6":"product_cat-arm-cylinders","7":"product_tag-arm-cylinders","8":"product_tag-hydraulic-cylinders","10":"first","11":"instock","12":"shipping-taxable","13":"product-type-simple"},"amp_enabled":true,"_links":{"self":[{"href":"https:\/\/www.hydraulic-cylinders.net\/sv\/wp-json\/wp\/v2\/product\/16868","targetHints":{"allow":["GET"]}}],"collection":[{"href":"https:\/\/www.hydraulic-cylinders.net\/sv\/wp-json\/wp\/v2\/product"}],"about":[{"href":"https:\/\/www.hydraulic-cylinders.net\/sv\/wp-json\/wp\/v2\/types\/product"}],"replies":[{"embeddable":true,"href":"https:\/\/www.hydraulic-cylinders.net\/sv\/wp-json\/wp\/v2\/comments?post=16868"}],"wp:featuredmedia":[{"embeddable":true,"href":"https:\/\/www.hydraulic-cylinders.net\/sv\/wp-json\/wp\/v2\/media\/14786"}],"wp:attachment":[{"href":"https:\/\/www.hydraulic-cylinders.net\/sv\/wp-json\/wp\/v2\/media?parent=16868"}],"wp:term":[{"taxonomy":"product_brand","embeddable":true,"href":"https:\/\/www.hydraulic-cylinders.net\/sv\/wp-json\/wp\/v2\/product_brand?post=16868"},{"taxonomy":"product_cat","embeddable":true,"href":"https:\/\/www.hydraulic-cylinders.net\/sv\/wp-json\/wp\/v2\/product_cat?post=16868"},{"taxonomy":"product_tag","embeddable":true,"href":"https:\/\/www.hydraulic-cylinders.net\/sv\/wp-json\/wp\/v2\/product_tag?post=16868"}],"curies":[{"name":"wp","href":"https:\/\/api.w.org\/{rel}","templated":true}]}}