{"id":1690,"date":"2023-10-11T06:56:41","date_gmt":"2023-10-11T06:56:41","guid":{"rendered":"https:\/\/hydraulic-cylinders.net\/?post_type=product&#038;p=1690"},"modified":"2025-04-11T02:59:53","modified_gmt":"2025-04-11T02:59:53","slug":"electric-furnace-cover-lifting-cylinder","status":"publish","type":"product","link":"https:\/\/www.hydraulic-cylinders.net\/sv\/produkt\/electric-furnace-cover-lifting-cylinder\/","title":{"rendered":"Lyftcylinder f\u00f6r elektrisk ugnsskydd"},"content":{"rendered":"<h1 style=\"text-align: center;\"><strong>Elektrisk ugn <\/strong><strong>T\u00e4cka <\/strong><strong>Lyftcylinder<\/strong><\/h1>\n<p><img loading=\"lazy\" decoding=\"async\" class=\"aligncenter wp-image-1691\" src=\"https:\/\/hydraulic-cylinders.net\/wp-content\/uploads\/2023\/10\/lifting-cylinder-of-furnace-cover-1-300x300.webp\" alt=\"\" width=\"400\" height=\"400\" \/><\/p>\n<p>Den elektriska lyftcylindern f\u00f6r ugnslocket \u00e4r en banbrytande l\u00f6sning utformad f\u00f6r att f\u00f6rb\u00e4ttra s\u00e4kerheten och effektiviteten i industriell ugnsdrift. Som en viktig komponent i ugnsutrustningen underl\u00e4ttar denna cylinder lyftning och s\u00e4nkning av ugnslocket med precision och enkelhet.<\/p>\n<p>Lyftcylindern f\u00f6r elektrisk ugnsskydd \u00e4r avg\u00f6rande f\u00f6r industriell ugnsdrift och erbjuder f\u00f6rb\u00e4ttrad s\u00e4kerhet, effektivitet och kontroll vid lyftning och s\u00e4nkning av ugnsskyddet. Med sin robusta konstruktion, effektiva lyftkapacitet, elkraftsystem och avancerade s\u00e4kerhetsfunktioner h\u00f6jer denna cylinder prestandan och tillf\u00f6rlitligheten hos ugnsutrustningen. Genom att f\u00f6lja de rekommenderade anv\u00e4ndningsmetoderna och underh\u00e5llspraxisen kan du s\u00e4kerst\u00e4lla optimal drift och livsl\u00e4ngd f\u00f6r lyftcylindern f\u00f6r elektrisk ugnsskyddet, vilket bidrar till en s\u00e4ker och produktiv ugnsmilj\u00f6.<\/p>\n<p>Lyftcylinder f\u00f6r elektrisk ugnsskydd, viktiga egenskaper:<\/p>\n<ol>\n<li>Robust konstruktion:\n<ul>\n<li>Lyftcylinderlocket till den elektriska ugnen \u00e4r tillverkat av h\u00f6gkvalitativa material, vilket s\u00e4kerst\u00e4ller h\u00e5llbarhet och livsl\u00e4ngd \u00e4ven under kr\u00e4vande driftsf\u00f6rh\u00e5llanden.<\/li>\n<li>Dess robusta konstruktion g\u00f6r att den klarar de extrema temperaturer och tuffa milj\u00f6er som vanligtvis f\u00f6rekommer i ugnsdrift.<\/li>\n<\/ul>\n<\/li>\n<li>Effektiv lyftkapacitet:\n<ul>\n<li>Denna cylinder har en kraftfull lyftkapacitet, vilket g\u00f6r att den enkelt kan h\u00f6ja och s\u00e4nka ugnslocket.<\/li>\n<li>Det ger exakt kontroll och smidig drift, vilket minimerar risken f\u00f6r olyckor och maximerar driftseffektiviteten.<\/li>\n<\/ul>\n<\/li>\n<li>Eldriven:\n<ul>\n<li>Den elektriska ugnslyftcylindern drivs med en elektrisk kraftk\u00e4lla, vilket eliminerar behovet av manuell eller hydraulisk hj\u00e4lp.<\/li>\n<li>Detta eldrivna system erbjuder bekv\u00e4mlighet, hastighet och tillf\u00f6rlitlighet, vilket effektiviserar lyftprocessen f\u00f6r ugnslocket.<\/li>\n<\/ul>\n<\/li>\n<li>S\u00e4kerhetsfunktioner:\n<ul>\n<li>Cylindern har avancerade s\u00e4kerhetsfunktioner som \u00f6verbelastningsskydd och n\u00f6dstoppsmekanismer.<\/li>\n<li>Dessa s\u00e4kerhetsfunktioner s\u00e4kerst\u00e4ller skyddet av personal och utrustning, vilket minskar risken f\u00f6r olyckor och potentiella skador.<\/li>\n<\/ul>\n<\/li>\n<\/ol>\n<h2><strong>Parameter f\u00f6r lyftcylinder f\u00f6r elektrisk ugnsskydd:<\/strong><\/h2>\n<table border=\"1\" cellspacing=\"0\" cellpadding=\"0\">\n<tbody>\n<tr>\n<td>Produktnamn<\/td>\n<td>Roterande cylinder f\u00f6r elektrisk ugnsskydd<\/td>\n<\/tr>\n<tr>\n<td>Borrdiameter:<\/td>\n<td>210 mm<\/td>\n<\/tr>\n<tr>\n<td>St\u00e5ngdiameter:<\/td>\n<td>125 mm<\/td>\n<\/tr>\n<tr>\n<td>Tryck:<\/td>\n<td>14 MPa<\/td>\n<\/tr>\n<tr>\n<td>Tryckkraft:<\/td>\n<td>Maximalt 484 kN<\/td>\n<\/tr>\n<tr>\n<td>Anv\u00e4ndningsomr\u00e5den f\u00f6r roterande cylinder f\u00f6r ugnsskydd:<\/td>\n<td>Elektrisk ugn<\/td>\n<\/tr>\n<\/tbody>\n<\/table>\n<div><\/div>\n<div class=\"txtboxR\">\n<div class=\"txtboxL\">\n<div class=\"txtboxL\">Tryckkraft:<\/div>\n<div class=\"txtboxR\">Maximalt 3448 kN<br \/>\n(Borrdiameter: 580 mm\/St\u00e5ngdiameter: 560\/tryck 14 MPa)<\/div>\n<\/div>\n<\/div>\n<h2><strong>Elektrisk ugn <\/strong><strong> Cylinderfabrik:<\/strong><\/h2>\n<p><img loading=\"lazy\" decoding=\"async\" class=\"alignnone wp-image-1697 size-full\" src=\"https:\/\/hydraulic-cylinders.net\/wp-content\/uploads\/2023\/10\/filter-press-cylinder-1.webp\" alt=\"\" width=\"1418\" height=\"946\" srcset=\"https:\/\/hydraulic-cylinders.net\/wp-content\/uploads\/2023\/10\/filter-press-cylinder-1.webp 1418w, https:\/\/hydraulic-cylinders.net\/wp-content\/uploads\/2023\/10\/filter-press-cylinder-1-1280x854.webp 1280w, https:\/\/hydraulic-cylinders.net\/wp-content\/uploads\/2023\/10\/filter-press-cylinder-1-980x654.webp 980w, https:\/\/hydraulic-cylinders.net\/wp-content\/uploads\/2023\/10\/filter-press-cylinder-1-480x320.webp 480w\" sizes=\"(min-width: 0px) and (max-width: 480px) 480px, (min-width: 481px) and (max-width: 980px) 980px, (min-width: 981px) and (max-width: 1280px) 1280px, (min-width: 1281px) 1418px, 100vw\" \/><\/p>\n<h2><strong>Anv\u00e4ndningsmetod f\u00f6r lyftcylinder f\u00f6r elektrisk ugnsskydd<\/strong><strong>:<\/strong><\/h2>\n<ol>\n<li><strong>Installation:<\/strong>\n<ul>\n<li>S\u00e4kerst\u00e4ll att ugnsk\u00e5pans lyftmekanism \u00e4r tillr\u00e4ckligt f\u00f6rberedd f\u00f6r installation.<\/li>\n<li>Placera den elektriska ugnens lyftcylinder i det angivna omr\u00e5det och rikta in den mot lyftmekanismen.<\/li>\n<li>F\u00e4st cylindern ordentligt vid lyftmekanismen med l\u00e4mpliga bultar eller monteringsf\u00e4sten.<\/li>\n<\/ul>\n<\/li>\n<li><strong>Elektrisk anslutning:<\/strong>\n<ul>\n<li>Anslut den elektriska ugnens lyftcylinder till str\u00f6mk\u00e4llan med den medf\u00f6ljande kablarna.<\/li>\n<li>Kontrollera att alla elektriska anslutningar \u00e4r s\u00e4kra och fria fr\u00e5n l\u00f6sa anslutningar eller exponerade ledningar.<\/li>\n<li>Follow the manufacturer&#8217;s instructions for proper electrical connection and grounding.<\/li>\n<\/ul>\n<\/li>\n<li><strong>Kontrollpanelens funktion:<\/strong>\n<ul>\n<li>Bekanta dig med kontrollpanelen och dess funktioner.<\/li>\n<li>Aktivera kontrollpanelen och se till att systemet \u00e4r p\u00e5slaget.<\/li>\n<li>Anv\u00e4nd kontrollknapparna eller omkopplarna f\u00f6r att man\u00f6vrera den elektriska ugnens lyftcylinder och h\u00f6j eller s\u00e4nk ugnslocket efter behov.<\/li>\n<\/ul>\n<\/li>\n<li><strong>S\u00e4kerhets\u00e5tg\u00e4rder:<\/strong>\n<ul>\n<li>F\u00f6lj alla s\u00e4kerhetsriktlinjer och protokoll n\u00e4r du anv\u00e4nder den elektriska ugnens lyftcylinder.<\/li>\n<li>Se till att personalen inte befinner sig i lyftomr\u00e5det under drift.<\/li>\n<li>Inspektera regelbundet systemet f\u00f6r tecken p\u00e5 slitage, skador eller funktionsfel och \u00e5tg\u00e4rda eventuella problem omedelbart.<\/li>\n<\/ul>\n<\/li>\n<\/ol>\n<h2><strong>Hur man luftar en hydraulcylinder utan luftningsventil?<\/strong><\/h2>\n<p>Att lufta en hydraulcylinder utan luftningsventil kan vara mer utmanande, men det \u00e4r fortfarande m\u00f6jligt. H\u00e4r \u00e4r en steg-f\u00f6r-steg-guide om hur man luftar en hydraulcylinder utan luftningsventil:<\/p>\n<ol>\n<li><strong>F\u00f6rbered arbetsomr\u00e5det:<\/strong>\n<ul>\n<li>Se till att du har en ren och v\u00e4l upplyst arbetsyta f\u00f6r att arbeta med hydraulcylindern.<\/li>\n<li>L\u00e4gg ut ett skyddande \u00f6verdrag f\u00f6r att f\u00e5nga upp eventuella spill eller skr\u00e4p.<\/li>\n<\/ul>\n<\/li>\n<li><strong>Sl\u00e4pp ut hydraultrycket:<\/strong>\n<ul>\n<li>St\u00e4ng av hydraulsystemet och avlasta trycket i cylindern genom att aktivera styrventilen eller ta bort hydraulslangen.<\/li>\n<li>Aktivera eventuella s\u00e4kerhetsl\u00e5s eller block f\u00f6r att f\u00f6rhindra oavsiktlig cylinderr\u00f6relse under luftningsprocessen.<\/li>\n<\/ul>\n<\/li>\n<li><strong>Placera cylindern:<\/strong>\n<ul>\n<li>Placera hydraulcylindern s\u00e5 att luftbubblor kan stiga till den h\u00f6gsta punkten.<\/li>\n<li>Om m\u00f6jligt, rikta cylindern s\u00e5 att luften kan komma ut fr\u00e5n cylinderns \u00f6vre \u00e4nde.<\/li>\n<\/ul>\n<\/li>\n<li><strong>Tryck p\u00e5 cylindern:<\/strong>\n<ul>\n<li>Anv\u00e4nd ett icke-metalliskt verktyg, till exempel en gummiklubba eller en tr\u00e4bit, f\u00f6r att knacka p\u00e5 cylinderns sidor.<\/li>\n<li>B\u00f6rja nedifr\u00e5n och arbeta dig upp\u00e5t, knacka f\u00f6rsiktigt f\u00f6r att uppmuntra eventuell inst\u00e4ngd luft att stiga upp till toppen av cylindern.<\/li>\n<\/ul>\n<\/li>\n<li><strong>Slagl\u00e4ngd f\u00f6r cylindern:<\/strong>\n<ul>\n<li>Man\u00f6vrera hydraulsystemet f\u00f6r att f\u00f6rflytta cylindern genom hela dess r\u00f6relseomr\u00e5de.<\/li>\n<li>Dra ut och in cylindern flera g\u00e5nger f\u00f6r att underl\u00e4tta r\u00f6relsen av eventuell inst\u00e4ngd luft mot den h\u00f6gsta punkten.<\/li>\n<\/ul>\n<\/li>\n<li><strong>Applicera kontinuerligt tryck:<\/strong>\n<ul>\n<li>Dra ut hydraulcylindern helt och applicera kontinuerligt tryck f\u00f6r att h\u00e5lla den i utf\u00e4llt l\u00e4ge.<\/li>\n<li>Detta konstanta tryck kan hj\u00e4lpa till att tvinga eventuella luftbubblor mot toppen av cylindern.<\/li>\n<\/ul>\n<\/li>\n<li><strong>\u00d6vervaka f\u00f6r luftutsl\u00e4pp:<\/strong>\n<ul>\n<li>H\u00e5ll noga koll p\u00e5 cylindern under luftningsprocessen.<\/li>\n<li>Leta efter tecken p\u00e5 luftbubblor som l\u00e4cker ut fr\u00e5n cylindern, s\u00e4rskilt fr\u00e5n den \u00f6vre \u00e4nden.<\/li>\n<\/ul>\n<\/li>\n<li><strong>Upprepa processen:<\/strong>\n<ul>\n<li>Om du observerar luftbubblor som l\u00e4cker ut, forts\u00e4tt att knacka p\u00e5 cylindern och cirkulera den genom hela dess r\u00f6relseomf\u00e5ng.<\/li>\n<li>Upprepa steg 4 till 7 tills inga fler luftbubblor sl\u00e4pps ut, vilket indikerar att cylindern \u00e4r korrekt luftad.<\/li>\n<\/ul>\n<\/li>\n<li><strong>Kontrollera att det g\u00e5r smidigt:<\/strong>\n<ul>\n<li>N\u00e4r du har luftat hydraulcylindern, man\u00f6vrera systemet f\u00f6r att s\u00e4kerst\u00e4lla en j\u00e4mn och j\u00e4mn r\u00f6relse.<\/li>\n<li>Kontrollera att det inte f\u00f6rekommer n\u00e5gra onormala ljud eller vibrationer under drift.<\/li>\n<\/ul>\n<\/li>\n<li><strong>\u00c5terintegrera cylindern:<\/strong>\n<ul>\n<li>N\u00e4r du har bekr\u00e4ftat att hydraulcylindern \u00e4r korrekt luftad och fungerar smidigt, montera tillbaka den i utrustningen eller maskinen.<\/li>\n<li>Se till att cylindern \u00e4r korrekt justerad och ordentligt fastsatt.<\/li>\n<\/ul>\n<\/li>\n<\/ol>\n<h2><strong>Fabrikens kapacitet och kapacitet:<\/strong><\/h2>\n<h3>(1) Montering<\/h3>\n<p>Vi har en f\u00f6rstklassig oberoende forsknings- och utvecklingsplattform. Verkstaden f\u00f6r tillverkning av hydraulcylindrar har fyra halvautomatiska monteringslinjer f\u00f6r lyftcylindrar och en automatisk monteringslinje f\u00f6r tiltcylindrar, med en planerad \u00e5rlig produktionskapacitet p\u00e5 1 miljon enheter. Specialcylinderverkstaden \u00e4r utrustad med olika specifikationer f\u00f6r ett halvautomatiskt reng\u00f6ringsmonteringssystem med en planerad \u00e5rlig produktionskapacitet p\u00e5 200 000 och utrustad med k\u00e4nd CNC-bearbetningsutrustning, ett fleroperationscenter, en specialutrustning f\u00f6r h\u00f6gprecisionscylindrar, en robotsvetsmaskin, en automatisk reng\u00f6ringsmaskin, en automatisk cylindermonteringsmaskin och en automatisk produktionslinje f\u00f6r m\u00e5lning. Befintlig kritisk utrustning p\u00e5 mer \u00e4n 300 set (set). Optimal allokering och effektiv anv\u00e4ndning av utrustningsresurser s\u00e4kerst\u00e4ller produkternas noggrannhetskrav och uppfyller produkternas h\u00f6ga kvalitetsbehov.<\/p>\n<p><img loading=\"lazy\" decoding=\"async\" class=\"alignnone wp-image-626\" src=\"https:\/\/hydraulic-cylinders.net\/wp-content\/uploads\/2023\/08\/hydraulic-cylinder-product-1-300x158.webp\" alt=\"\" width=\"495\" height=\"260\" srcset=\"https:\/\/hydraulic-cylinders.net\/wp-content\/uploads\/2023\/08\/hydraulic-cylinder-product-1-300x158.webp 495w, https:\/\/hydraulic-cylinders.net\/wp-content\/uploads\/2023\/08\/hydraulic-cylinder-product-1-480x252.webp 480w\" sizes=\"(min-width: 0px) and (max-width: 480px) 480px, (min-width: 481px) 495px, 100vw\" \/> <img loading=\"lazy\" decoding=\"async\" class=\"alignnone wp-image-627\" src=\"https:\/\/hydraulic-cylinders.net\/wp-content\/uploads\/2023\/08\/hydraulic-cylinder-product-2-300x189.webp\" alt=\"\" width=\"413\" height=\"260\" \/><\/p>\n<h3>(2) Maskinbearbetning<\/h3>\n<p>Bearbetningsverkstaden \u00e4r utrustad med en specialanpassad svarvcentral f\u00f6r lutande r\u00e4ls, bearbetningscenter, h\u00f6ghastighetsh\u00f6nsmaskin, svetsrobot och annan relaterad utrustning, som kan hantera bearbetning av cylinderr\u00f6r med en maximal innerdiameter p\u00e5 400 mm och en maximal l\u00e4ngd p\u00e5 6 meter.<\/p>\n<p><img loading=\"lazy\" decoding=\"async\" class=\"alignnone wp-image-628 size-large\" src=\"https:\/\/hydraulic-cylinders.net\/wp-content\/uploads\/2023\/08\/hydraulic-cylinder-product-3-1024x391.webp\" alt=\"\" width=\"1024\" height=\"391\" srcset=\"https:\/\/hydraulic-cylinders.net\/wp-content\/uploads\/2023\/08\/hydraulic-cylinder-product-3-980x374.webp 980w, https:\/\/hydraulic-cylinders.net\/wp-content\/uploads\/2023\/08\/hydraulic-cylinder-product-3-480x183.webp 480w\" sizes=\"(min-width: 0px) and (max-width: 480px) 480px, (min-width: 481px) and (max-width: 980px) 980px, (min-width: 981px) 1024px, 100vw\" \/><\/p>\n<h3>(3) Svetsning<\/h3>\n<p><img loading=\"lazy\" decoding=\"async\" class=\"alignnone wp-image-629 size-large\" src=\"https:\/\/hydraulic-cylinders.net\/wp-content\/uploads\/2023\/08\/hydraulic-cylinder-product-4-1024x510.webp\" alt=\"\" width=\"1024\" height=\"510\" srcset=\"https:\/\/hydraulic-cylinders.net\/wp-content\/uploads\/2023\/08\/hydraulic-cylinder-product-4-980x488.webp 980w, https:\/\/hydraulic-cylinders.net\/wp-content\/uploads\/2023\/08\/hydraulic-cylinder-product-4-480x239.webp 480w\" sizes=\"(min-width: 0px) and (max-width: 480px) 480px, (min-width: 481px) and (max-width: 980px) 980px, (min-width: 981px) 1024px, 100vw\" \/><\/p>\n<h3>(4) M\u00e5lning och ytbehandling<\/h3>\n<p>Med sm\u00e5 och medelstora cylindriska automatiska vattenbaserade f\u00e4rgbel\u00e4ggningslinjer, f\u00f6r att uppn\u00e5 automatisk robotlastning och lossning samt automatisk sprutning, \u00e4r den designade kapaciteten 4000 stycken per skift;<br \/>\nVi har \u00e4ven en halvautomatisk f\u00e4rgproduktionslinje f\u00f6r stora cylindrar som drivs av en sl\u00e4pkedja, med en designkapacitet p\u00e5 60 l\u00e5dor per skift.<\/p>\n<p><img loading=\"lazy\" decoding=\"async\" class=\"alignnone wp-image-630\" src=\"https:\/\/hydraulic-cylinders.net\/wp-content\/uploads\/2023\/08\/hydraulic-cylinder-product-5-300x213.webp\" alt=\"\" width=\"366\" height=\"260\" \/> <img loading=\"lazy\" decoding=\"async\" class=\"alignnone wp-image-631\" src=\"https:\/\/hydraulic-cylinders.net\/wp-content\/uploads\/2023\/08\/hydraulic-cylinder-product-6-300x225.webp\" alt=\"\" width=\"347\" height=\"260\" \/><\/p>\n<h3>(5) Testning<\/h3>\n<p>Vi har f\u00f6rstklassiga inspektionsanl\u00e4ggningar och testb\u00e4ddar f\u00f6r att s\u00e4kerst\u00e4lla att cylinderns prestanda uppfyller kraven.<\/p>\n<p><img loading=\"lazy\" decoding=\"async\" class=\"alignnone wp-image-632\" src=\"https:\/\/hydraulic-cylinders.net\/wp-content\/uploads\/2023\/08\/hydraulic-cylinder-product-8-300x200.webp\" alt=\"\" width=\"389\" height=\"260\" \/><\/p>\n<p>&nbsp;<\/p>\n<p>&nbsp;<\/p>\n<p>Vi \u00e4r en av de b\u00e4sta tillverkarna av hydraulcylindrar. Vi kan erbjuda ett helt\u00e4ckande utbud av hydraulcylindrar. Vi tillhandah\u00e5ller \u00e4ven motsvarande <a href=\"https:\/\/hzpt.com\/agricultural-pto-gearbox\/\" target=\"_blank\" rel=\"noopener\">jordbruksv\u00e4xell\u00e5dor<\/a>Vi har exporterat v\u00e5ra produkter till kunder \u00f6ver hela v\u00e4rlden och f\u00e5tt ett gott rykte tack vare v\u00e5r \u00f6verl\u00e4gsna produktkvalitet och kundservice. Vi v\u00e4lkomnar kunder b\u00e5de hemma och utomlands att kontakta oss f\u00f6r att f\u00f6rhandla aff\u00e4rer, utbyta information och <a href=\"https:\/\/www.hydraulic-cylinders.net\/sv\/contact-us\/\">samarbeta med oss<\/a>!<\/p>","protected":false},"excerpt":{"rendered":"<p>Electric Furnace Cover Lifting Cylinder The electric furnace cover lifting cylinder is a cutting-edge solution designed to enhance safety and efficiency in industrial furnace operations. As a crucial component of furnace equipment, this cylinder facilitates the lifting and lowering of the furnace cover with precision and ease. The electric furnace cover lifting cylinder is vital [&hellip;]<\/p>","protected":false},"featured_media":1692,"comment_status":"open","ping_status":"closed","template":"","meta":{"_et_pb_use_builder":"","_et_pb_old_content":"","_et_gb_content_width":""},"product_brand":[],"product_cat":[1549,1524,1376],"product_tag":[1380],"class_list":{"0":"post-1690","1":"product","2":"type-product","3":"status-publish","4":"has-post-thumbnail","6":"product_cat-single-acting-hydraulic-cylinder","7":"product_cat-steel-mill-hydraulic-cylinders","8":"product_cat-hydraulic-cylinder","9":"product_tag-hydraulic-cylinder","11":"first","12":"instock","13":"shipping-taxable","14":"product-type-simple"},"amp_enabled":true,"_links":{"self":[{"href":"https:\/\/www.hydraulic-cylinders.net\/sv\/wp-json\/wp\/v2\/product\/1690","targetHints":{"allow":["GET"]}}],"collection":[{"href":"https:\/\/www.hydraulic-cylinders.net\/sv\/wp-json\/wp\/v2\/product"}],"about":[{"href":"https:\/\/www.hydraulic-cylinders.net\/sv\/wp-json\/wp\/v2\/types\/product"}],"replies":[{"embeddable":true,"href":"https:\/\/www.hydraulic-cylinders.net\/sv\/wp-json\/wp\/v2\/comments?post=1690"}],"wp:featuredmedia":[{"embeddable":true,"href":"https:\/\/www.hydraulic-cylinders.net\/sv\/wp-json\/wp\/v2\/media\/1692"}],"wp:attachment":[{"href":"https:\/\/www.hydraulic-cylinders.net\/sv\/wp-json\/wp\/v2\/media?parent=1690"}],"wp:term":[{"taxonomy":"product_brand","embeddable":true,"href":"https:\/\/www.hydraulic-cylinders.net\/sv\/wp-json\/wp\/v2\/product_brand?post=1690"},{"taxonomy":"product_cat","embeddable":true,"href":"https:\/\/www.hydraulic-cylinders.net\/sv\/wp-json\/wp\/v2\/product_cat?post=1690"},{"taxonomy":"product_tag","embeddable":true,"href":"https:\/\/www.hydraulic-cylinders.net\/sv\/wp-json\/wp\/v2\/product_tag?post=1690"}],"curies":[{"name":"wp","href":"https:\/\/api.w.org\/{rel}","templated":true}]}}