{"id":16909,"date":"2025-01-21T06:12:13","date_gmt":"2025-01-21T06:12:13","guid":{"rendered":"https:\/\/www.hydraulic-cylinders.net\/product\/arm-cylinder-for-sinomach-zg3365lc-9c\/"},"modified":"2025-01-21T06:12:15","modified_gmt":"2025-01-21T06:12:15","slug":"arm-cylinder-for-sinomach-zg3365lc-9c","status":"publish","type":"product","link":"https:\/\/www.hydraulic-cylinders.net\/sv\/produkt\/arm-cylinder-for-sinomach-zg3365lc-9c\/","title":{"rendered":"Armcylinder f\u00f6r Sinomach ZG3365LC-9C"},"content":{"rendered":"<h1>Armcylinder f\u00f6r Sinomach ZG3365LC-9C<\/h1>\n<h2>Introduktion<\/h2>\n<p>En armcylinder \u00e4r en specialiserad hydraulcylinder som \u00e4r konstruerad f\u00f6r att ge linj\u00e4r r\u00f6relse och kraft till armarna p\u00e5 olika maskiner, s\u00e5som gr\u00e4vmaskiner, kranar och mekaniska armar. I hydrauliska system spelar armcylindrar en avg\u00f6rande roll f\u00f6r att redskap eller tillbeh\u00f6r ska kunna r\u00f6ra sig och styras effektivt. Dessa cylindrar uppn\u00e5r inte bara j\u00e4mn r\u00f6relse utan t\u00e5l \u00e4ven tunga belastningar, vilket s\u00e4kerst\u00e4ller effektiv drift och tillf\u00f6rlitlighet hos maskineriet under olika driftsf\u00f6rh\u00e5llanden.<\/p>\n<p><img decoding=\"async\" src=\"https:\/\/www.hydraulic-cylinders.net\/wp-content\/uploads\/2025\/01\/songte-company-2.webp\" alt=\"Bild av armcylinder\"><\/p>\n<h3>Drag<\/h3>\n<ul>\n<li>H\u00f6geffektiv transmission: Armcylindrar ger kraftfull linj\u00e4r r\u00f6relse och kraft, vilket s\u00e4kerst\u00e4ller h\u00f6g effektivitet hos den mekaniska armen i olika operationer.<\/li>\n<li>Exakt styrning: Genom hydrauliska system kan armcylindrar uppn\u00e5 exakt r\u00f6relsestyrning, vilket g\u00f6r driften av anslutna verktyg mer flexibel och exakt.<\/li>\n<li>Stark h\u00e5llbarhet: Armcylindrar \u00e4r vanligtvis tillverkade av h\u00f6gh\u00e5llfasta material, har god slitstyrka och korrosionsbest\u00e4ndighet och \u00e4r l\u00e4mpliga f\u00f6r l\u00e5ngvarig anv\u00e4ndning i tuffa milj\u00f6er.<\/li>\n<li>Multifunktionell anpassningsf\u00f6rm\u00e5ga: Dessa cylindrar kan anv\u00e4ndas i stor utstr\u00e4ckning i olika typer av maskiner, s\u00e5som gr\u00e4vmaskiner, kranar och mekaniska armar, f\u00f6r att m\u00f6ta olika arbetskrav.<\/li>\n<li>Enkelt underh\u00e5ll: Konstruktionen tar h\u00e4nsyn till enkelt underh\u00e5ll och utbyte, vilket g\u00f6r regelbunden inspektion och underh\u00e5ll enklare och minskar utrustningens stillest\u00e5ndstid.<\/li>\n<\/ul>\n<p>Vi kan producera den h\u00e4r produkten, och v\u00e5r produkt kan perfekt ers\u00e4tta dessa hydraulcylindrar.<\/p>\n<p><img decoding=\"async\" src=\"https:\/\/www.hydraulic-cylinders.net\/wp-content\/uploads\/2025\/01\/songte-oil-pipes-and-spare-parts.webp\" alt=\"Bild av reservdelar\"><\/p>\n<h2>Applikationer<\/h2>\n<p>Armcylindern har ett brett anv\u00e4ndningsomr\u00e5de inom olika branscher, s\u00e5som:<\/p>\n<ul>\n<li><strong>Byggteknik:<\/strong> I gr\u00e4vmaskiner och kranar anv\u00e4nds armcylindern f\u00f6r att styra skopans eller bommens r\u00f6relse, f\u00f6r schaktning, materialhantering och strukturell installation.<\/li>\n<li><strong>Tillverkningsindustri:<\/strong> I automatiserade produktionslinjer anv\u00e4nds armcylindern f\u00f6r att f\u00f6rflytta den mekaniska armen, f\u00f6r montering, svetsning och hanteringsprocesser, vilket f\u00f6rb\u00e4ttrar produktionseffektiviteten och noggrannheten.<\/li>\n<li><strong>Jordbruksmaskiner:<\/strong> I jordbruksmaskiner som sk\u00f6rdetr\u00f6skor och planteringsmaskiner styr armcylindern r\u00f6relsen hos man\u00f6verarmen och utf\u00f6r uppgifter som s\u00e5dd, g\u00f6dsling och sk\u00f6rd.<\/li>\n<li><strong>Gruvindustri:<\/strong> I gruvutrustning anv\u00e4nds armcylindern f\u00f6r att styra r\u00f6relsen hos gruvutrustningens arm, f\u00f6r gruvdrift och materialhantering.<\/li>\n<li><strong>Logistik och transport:<\/strong> I gaffeltruckar och hanteringsrobotar anv\u00e4nds armcylindern f\u00f6r att styra lyftning och r\u00f6relse av gaffeln, vilket m\u00f6jligg\u00f6r hantering och stapling av material.<\/li>\n<\/ul>\n<h2>Design\u00f6verv\u00e4ganden och urvalskriterier<\/h2>\n<p>N\u00e4r det g\u00e4ller design\u00f6verv\u00e4ganden \u00e4r det viktigt att s\u00e4kerst\u00e4lla att armcylindern har f\u00f6ljande egenskaper:<\/p>\n<h3>B\u00e4rf\u00f6rm\u00e5ga<\/h3>\n<p>Armcylinderns b\u00e4rf\u00f6rm\u00e5ga \u00e4r en avg\u00f6rande faktor n\u00e4r man v\u00e4ljer l\u00e4mplig cylinder f\u00f6r en specifik till\u00e4mpning. Den m\u00e5ste kunna motst\u00e5 den maximala belastning som maskinen kommer att uts\u00e4ttas f\u00f6r under drift.<\/p>\n<h3>T\u00e4tning<\/h3>\n<p>T\u00e4tningarna som anv\u00e4nds i armcylindern b\u00f6r v\u00e4ljas noggrant f\u00f6r att s\u00e4kerst\u00e4lla att de kan motst\u00e5 det h\u00f6ga trycket och den h\u00e5rda milj\u00f6n i hydraulsystemet. Kolvt\u00e4tningsringen, st\u00e5ngt\u00e4tningsringen och andra t\u00e4tningar b\u00f6r vara tillverkade av slitstarka material som polyuretan och nitrilgummi.<\/p>\n<h3>Varaktighet<\/h3>\n<p>Armcylindern b\u00f6r vara tillverkad av h\u00f6gh\u00e5llfasta material f\u00f6r att s\u00e4kerst\u00e4lla dess h\u00e5llbarhet. Cylinderkroppen och st\u00e5ngen b\u00f6r genomg\u00e5 en noggrann ytbehandling f\u00f6r att f\u00f6rb\u00e4ttra slitstyrka och korrosionsbest\u00e4ndighet.<\/p>\n<h3>S\u00e4kerhet<\/h3>\n<p>Armcylindern b\u00f6r ha s\u00e4kerhetsfunktioner utformade f\u00f6r att f\u00f6rhindra olyckor orsakade av systemfel eller andra faktorer. Denna funktion inkluderar s\u00e4kerhetsventiler, tryckavlastningsventiler och andra s\u00e4kerhetsanordningar.<\/p>\n<h3>Underh\u00e5ll<\/h3>\n<p>Armcylindern b\u00f6r vara utformad f\u00f6r att underl\u00e4tta underh\u00e5ll och utbyte av delar. Regelbunden inspektion och underh\u00e5ll kan f\u00f6rhindra potentiella problem och f\u00f6rl\u00e4nga cylinderns livsl\u00e4ngd.<\/p>\n<p><img decoding=\"async\" src=\"https:\/\/www.hydraulic-cylinders.net\/wp-content\/uploads\/2025\/01\/songte-cylinder-head-with-all-kinds-excavator-models.webp\" alt=\"Bild p\u00e5 topplock\"><\/p>\n<h2>T\u00e4tning och sm\u00f6rjning<\/h2>\n<p>F\u00f6r att s\u00e4kerst\u00e4lla att armcylindern fungerar tillf\u00f6rlitligt m\u00e5ste olika t\u00e4tningskomponenter, s\u00e5som kolvt\u00e4tningsringar, st\u00e5ngt\u00e4tningsringar och t\u00e4tningar i andra delar, installeras och underh\u00e5llas korrekt. Cylinderhuset och st\u00e5ngens yta b\u00f6r genomg\u00e5 noggrann ytbehandling f\u00f6r att f\u00f6rb\u00e4ttra slitstyrka och korrosionsbest\u00e4ndighet. Regelbunden sm\u00f6rjning med l\u00e4mplig hydraulolja kan minimera friktion och f\u00f6rb\u00e4ttra cylinderns livsl\u00e4ngd.<\/p>\n<h2>Underh\u00e5ll och f\u00f6rebyggande \u00e5tg\u00e4rder<\/h2>\n<p>Regelbunden inspektion och underh\u00e5ll av armcylindern kan f\u00f6rl\u00e4nga dess livsl\u00e4ngd och f\u00f6rhindra potentiella problem. F\u00f6ljande \u00e5tg\u00e4rder b\u00f6r vidtas:<\/p>\n<ul>\n<li>Kontrollera cylinderns t\u00e4tningsprestanda regelbundet.<\/li>\n<li>Kontrollera cylinderhuset och st\u00e5ngen f\u00f6r skador och slitage.<\/li>\n<li>Fyll regelbundet med l\u00e4mplig hydraulolja f\u00f6r sm\u00f6rjning av cylindern.<\/li>\n<li>S\u00e4kerst\u00e4ll att s\u00e4kerhetsanordningarna fungerar korrekt.<\/li>\n<\/ul>\n<p><img decoding=\"async\" src=\"https:\/\/www.hydraulic-cylinders.net\/wp-content\/uploads\/2025\/01\/songte-chushion-collar.webp\" alt=\"Bild av kuddekrage\"><\/p>\n<h2>Installationsguide<\/h2>\n<p>F\u00f6ljande steg b\u00f6r f\u00f6ljas vid montering av armcylindern:<\/p>\n<ol>\n<li>Ta bort den gamla cylindern och reng\u00f6r monteringsplatsen.<\/li>\n<li>Montera den nya cylindern och se till att alla anslutningar \u00e4r korrekt \u00e5tdragna.<\/li>\n<li>Fyll p\u00e5 l\u00e4mplig hydraulolja och kontrollera om det finns l\u00e4ckor.<\/li>\n<li>G\u00f6r flera testk\u00f6rningar f\u00f6r att s\u00e4kerst\u00e4lla att cylindern fungerar korrekt.<\/li>\n<\/ol>\n<h2>S\u00e4kerhetsaspekter och milj\u00f6faktorer<\/h2>\n<p>N\u00e4r man anv\u00e4nder armcylindern \u00e4r det viktigt att f\u00f6lja s\u00e4kerhetsf\u00f6reskrifterna f\u00f6r att f\u00f6rhindra olyckor. S\u00e4kerhets\u00e5tg\u00e4rder kan innefatta installation av s\u00e4kerhetsanordningar, korrekt utbildning och att s\u00e4kerst\u00e4lla att utrustningen underh\u00e5lls korrekt. Milj\u00f6faktorer som temperatur, fuktighet och fr\u00e4tande \u00e4mnen kan p\u00e5verka cylinderns prestanda, och l\u00e4mpliga \u00e5tg\u00e4rder b\u00f6r vidtas f\u00f6r att s\u00e4kerst\u00e4lla att cylindern kan fungera korrekt under dessa f\u00f6rh\u00e5llanden.<\/p>\n<h2>Fels\u00f6kning och vanliga problem<\/h2>\n<p>F\u00f6ljande \u00e4r n\u00e5gra av de vanliga problem som kan uppst\u00e5 med armcylindern:<\/p>\n<ul>\n<li>L\u00e4ckande hydraulolja<\/li>\n<li>Misslyckades med att f\u00f6rl\u00e4nga eller dra in<\/li>\n<li>Onormalt ljud under drift<\/li>\n<li>\u00d6verdrivet slitage<\/li>\n<\/ul>\n<p>F\u00f6r att diagnostisera och l\u00f6sa dessa problem \u00e4r det viktigt att ha en god f\u00f6rst\u00e5else f\u00f6r cylinderns struktur och funktionsprinciper. Regelbunden inspektion och underh\u00e5ll kan ofta f\u00f6rhindra att dessa problem uppst\u00e5r.<\/p>\n<p>Om problem uppst\u00e5r kan f\u00f6ljande tips hj\u00e4lpa till att diagnostisera och l\u00f6sa dem:<\/p>\n<ul>\n<li>Kontrollera hydrauloljeniv\u00e5n och kvaliteten.<\/li>\n<li>Kontrollera cylindert\u00e4tningarna f\u00f6r skador eller slitage.<\/li>\n<li>Kontrollera cylinderhuset och st\u00e5ngen f\u00f6r skador eller slitage.<\/li>\n<li>Kontrollera hydraulsystemet f\u00f6r l\u00e4ckor eller tryckproblem.<\/li>\n<\/ul>\n<p>F\u00f6rebyggande \u00e5tg\u00e4rder kan innefatta regelbunden inspektion och underh\u00e5ll, korrekt sm\u00f6rjning och l\u00e4mplig anv\u00e4ndning av cylindern.<\/p>\n<p><img decoding=\"async\" src=\"https:\/\/www.hydraulic-cylinders.net\/wp-content\/uploads\/2025\/01\/songte-bushings-with-all-kinds-of-excavator-models.webp\" alt=\"Bussningar Bild\"><\/p>\n<h2>Om oss<\/h2>\n<p>Vi \u00e4r en professionell tillverkare av hydraulcylindrar f\u00f6r ers\u00e4ttning med ett brett produktsortiment, och vi har blivit en av de ledande tillverkarna och grossistdistribut\u00f6rerna av hydraulcylindrar p\u00e5 den inhemska och internationella marknaden. Vi f\u00f6ljer alltid principen om utm\u00e4rkt kvalitet, f\u00f6rlitar oss p\u00e5 industrialiserade produktionshanteringsstrategier i den f\u00f6rfinade tillverkningsverkstaden, och f\u00f6rb\u00e4ttrar kontinuerligt teknik och produktionseffektivitet. Genom att introducera avancerad digital tillverkningsutrustning och professionella testsystem optimerar vi kontinuerligt tillverkningsplattformen, f\u00f6rb\u00e4ttrar kvalitetskontrollprocessen och har starka innovationsm\u00f6jligheter. V\u00e5rt m\u00e5l \u00e4r att m\u00f6ta kundernas diversifierade behov med h\u00f6g effektivitet, precision och h\u00f6gkvalitativa principer.<\/p>\n<h3>Professionalism<\/h3>\n<p>Vi har ett team av professionella ingenj\u00f6rer och tekniker som kan erbjuda skr\u00e4ddarsydda tj\u00e4nster f\u00f6r att m\u00f6ta kundernas specifika behov. Vi anv\u00e4nder ocks\u00e5 avancerad teknik och utrustning f\u00f6r att producera h\u00f6gkvalitativa produkter.<\/p>\n<h3>Internationell certifiering<\/h3>\n<p>Vi har erh\u00e5llit olika internationella certifieringar, s\u00e5som ISO9001, CE och SGS, vilket \u00e5terspeglar v\u00e5rt engagemang f\u00f6r produktkvalitet och s\u00e4kerhet.<\/p>\n<h3>Anpassade tj\u00e4nster<\/h3>\n<p>Vi erbjuder en personlig service som kan anpassa produkter efter kundernas specifika behov, inklusive design, produktion och f\u00f6rpackning.<\/p>\n<h3>Produktionsutrustning<\/h3>\n<p>Vi har avancerad produktionsutrustning, s\u00e5som CNC-bearbetningscentraler, CNC-svarvar och annan precisionstillverkningsutrustning, vilket kan s\u00e4kerst\u00e4lla produkternas noggrannhet och kvalitet.<\/p>\n<h3>Eftermarknadsservice<\/h3>\n<p>Vi erbjuder en omfattande eftermarknadsservice, inklusive teknisk support, installationsv\u00e4gledning och underh\u00e5llsutbildning, f\u00f6r att s\u00e4kerst\u00e4lla att kunderna kan anv\u00e4nda v\u00e5ra produkter med f\u00f6rtroende.<\/p>\n<p><img decoding=\"async\" src=\"https:\/\/www.hydraulic-cylinders.net\/wp-content\/uploads\/2025\/01\/songte-company-4.webp\" alt=\"F\u00f6retagsbild\"><br \/>\n<img decoding=\"async\" src=\"https:\/\/www.hydraulic-cylinders.net\/wp-content\/uploads\/2025\/01\/songte-company-3.webp\" alt=\"F\u00f6retagsbild\"><\/p>\n<p>F\u00f6rfattare: lyl.<\/p>","protected":false},"excerpt":{"rendered":"<p>Arm Cylinder For Sinomach ZG3365LC-9C Introduction An arm cylinder is a specialized hydraulic cylinder designed to provide linear movement and power to the arms of various machinery, such as excavators, cranes, and mechanical arms. In hydraulic systems, arm cylinders play a critical role in allowing attachments or accessories to move and control effectively. These cylinders [&hellip;]<\/p>","protected":false},"featured_media":14783,"comment_status":"open","ping_status":"closed","template":"","meta":{"_et_pb_use_builder":"","_et_pb_old_content":"","_et_gb_content_width":""},"product_brand":[],"product_cat":[1497],"product_tag":[1498,1496],"class_list":{"0":"post-16909","1":"product","2":"type-product","3":"status-publish","4":"has-post-thumbnail","6":"product_cat-arm-cylinders","7":"product_tag-arm-cylinders","8":"product_tag-hydraulic-cylinders","10":"first","11":"instock","12":"shipping-taxable","13":"product-type-simple"},"amp_enabled":true,"_links":{"self":[{"href":"https:\/\/www.hydraulic-cylinders.net\/sv\/wp-json\/wp\/v2\/product\/16909","targetHints":{"allow":["GET"]}}],"collection":[{"href":"https:\/\/www.hydraulic-cylinders.net\/sv\/wp-json\/wp\/v2\/product"}],"about":[{"href":"https:\/\/www.hydraulic-cylinders.net\/sv\/wp-json\/wp\/v2\/types\/product"}],"replies":[{"embeddable":true,"href":"https:\/\/www.hydraulic-cylinders.net\/sv\/wp-json\/wp\/v2\/comments?post=16909"}],"wp:featuredmedia":[{"embeddable":true,"href":"https:\/\/www.hydraulic-cylinders.net\/sv\/wp-json\/wp\/v2\/media\/14783"}],"wp:attachment":[{"href":"https:\/\/www.hydraulic-cylinders.net\/sv\/wp-json\/wp\/v2\/media?parent=16909"}],"wp:term":[{"taxonomy":"product_brand","embeddable":true,"href":"https:\/\/www.hydraulic-cylinders.net\/sv\/wp-json\/wp\/v2\/product_brand?post=16909"},{"taxonomy":"product_cat","embeddable":true,"href":"https:\/\/www.hydraulic-cylinders.net\/sv\/wp-json\/wp\/v2\/product_cat?post=16909"},{"taxonomy":"product_tag","embeddable":true,"href":"https:\/\/www.hydraulic-cylinders.net\/sv\/wp-json\/wp\/v2\/product_tag?post=16909"}],"curies":[{"name":"wp","href":"https:\/\/api.w.org\/{rel}","templated":true}]}}