{"id":16922,"date":"2025-01-21T06:13:08","date_gmt":"2025-01-21T06:13:08","guid":{"rendered":"https:\/\/www.hydraulic-cylinders.net\/product\/arm-cylinder-for-hengte-wheel-excavator-htl106\/"},"modified":"2025-01-21T06:13:10","modified_gmt":"2025-01-21T06:13:10","slug":"arm-cylinder-for-hengte-wheel-excavator-htl106","status":"publish","type":"product","link":"https:\/\/www.hydraulic-cylinders.net\/sv\/produkt\/arm-cylinder-for-hengte-wheel-excavator-htl106\/","title":{"rendered":"Armcylinder f\u00f6r Hengte hjulgr\u00e4vmaskin HTL106"},"content":{"rendered":"<h1>Armcylinder f\u00f6r Hengte hjulgr\u00e4vmaskin HTL106<\/h1>\n<h2>Definition<\/h2>\n<p>En armcylinder \u00e4r en specialiserad hydraulcylinder som \u00e4r konstruerad f\u00f6r att ge linj\u00e4r r\u00f6relse och kraft till armen p\u00e5 olika maskiner, s\u00e5som gr\u00e4vmaskiner, kranar och robotarmar. Armcylindern spelar en avg\u00f6rande roll i hydrauliska system och m\u00f6jligg\u00f6r effektiv r\u00f6relse och kontroll av anslutna verktyg eller redskap. Dessa cylindrar s\u00e4kerst\u00e4ller inte bara j\u00e4mn r\u00f6relse utan t\u00e5l \u00e4ven tunga belastningar, vilket s\u00e4kerst\u00e4ller h\u00f6g effektivitet och tillf\u00f6rlitlighet hos maskineriet under olika driftsf\u00f6rh\u00e5llanden.<\/p>\n<p><img decoding=\"async\" src=\"https:\/\/www.hydraulic-cylinders.net\/wp-content\/uploads\/2025\/01\/songte-company-2.webp\"><\/p>\n<h2>Drag<\/h2>\n<ul>\n<li><strong>H\u00f6geffektiv transmission:<\/strong> Armcylindern ger kraftfull linj\u00e4r r\u00f6relse och kraft, vilket s\u00e4kerst\u00e4ller h\u00f6gpresterande kapacitet f\u00f6r den mekaniska armen i olika operationer.<\/li>\n<li><strong>Exakt kontroll:<\/strong> Genom det hydrauliska systemet m\u00f6jligg\u00f6r armcylindern exakt r\u00f6relsekontroll, vilket g\u00f6r man\u00f6vreringen av anslutna verktyg mer flexibel och exakt.<\/li>\n<li><strong>Varaktighet:<\/strong> Armcylindrar tillverkas vanligtvis av h\u00f6gh\u00e5llfasta material, vilket ger utm\u00e4rkt slitstyrka och korrosionsbest\u00e4ndighet, vilket g\u00f6r dem l\u00e4mpliga f\u00f6r l\u00e5ngvarig anv\u00e4ndning i tuffa milj\u00f6er.<\/li>\n<li><strong>Multifunktionell anpassningsf\u00f6rm\u00e5ga:<\/strong> Dessa cylindrar kan anv\u00e4ndas i stor utstr\u00e4ckning p\u00e5 olika maskiner och utrustning, s\u00e5som gr\u00e4vmaskiner, kranar och robotarmar, och tillgodose olika arbetskrav.<\/li>\n<li><strong>Enkelt underh\u00e5ll:<\/strong> Utformade med enkelt underh\u00e5ll och utbyte i \u00e5tanke, blir regelbunden inspektion och service bekv\u00e4mt, vilket minskar stillest\u00e5ndstiden f\u00f6r utrustningen.<\/li>\n<\/ul>\n<p><img decoding=\"async\" src=\"https:\/\/www.hydraulic-cylinders.net\/wp-content\/uploads\/2025\/01\/songte-oil-pipes-and-spare-parts.webp\"><\/p>\n<h2>Applikationer<\/h2>\n<p>Armcylindern anv\u00e4nds inom olika branscher:<\/p>\n<ul>\n<li><strong>Byggteknik:<\/strong> I gr\u00e4vmaskiner och kranar styr armcylindern skopans eller bommens r\u00f6relse f\u00f6r markarbete, materialhantering och strukturell installation.<\/li>\n<li><strong>Tillverkning:<\/strong> I automatiserade produktionslinjer underl\u00e4ttar armcylindern robotarmarnas r\u00f6relse f\u00f6r montering, svetsning och materialhanteringsprocesser, vilket f\u00f6rb\u00e4ttrar produktionseffektiviteten och precisionen.<\/li>\n<li><strong>Jordbruksmaskiner:<\/strong> I jordbruksutrustning som sk\u00f6rdetr\u00f6skor och s\u00e5maskiner styr armcylindern r\u00f6relsen hos man\u00f6verarmarna och utf\u00f6r uppgifter som s\u00e5dd, g\u00f6dsling och sk\u00f6rd.<\/li>\n<li><strong>Brytning:<\/strong> I gruvutrustning styr armcylindern armr\u00f6relsen hos gruvmaskineriet, vilket underl\u00e4ttar malmutvinning och transport.<\/li>\n<li><strong>Logistik och transport:<\/strong> I gaffeltruckar och hanteringsrobotar styr armcylindern lyftningen och r\u00f6relsen av gafflarna, vilket m\u00f6jligg\u00f6r materialhantering och stapling.<\/li>\n<\/ul>\n<h2>Design\u00f6verv\u00e4ganden och urvalskriterier<\/h2>\n<ul>\n<li><strong>B\u00e4rkraft:<\/strong> Armcylindern ska ha den erforderliga b\u00e4rf\u00f6rm\u00e5gan f\u00f6r att motst\u00e5 de krafter som genereras under drift.<\/li>\n<li><strong>T\u00e4tning:<\/strong> Olika t\u00e4tningskomponenter, s\u00e5som kolvt\u00e4tningar och kolvst\u00e5ngst\u00e4tningar, b\u00f6r anv\u00e4ndas, med slitstarka material som polyuretan och nitrilgummi. Cylinderhuset och de g\u00e4ngade \u00e4ndarna b\u00f6r genomg\u00e5 noggrann behandling f\u00f6r att f\u00f6rb\u00e4ttra slitstyrkan.<\/li>\n<li><strong>Varaktighet:<\/strong> Armcylindern b\u00f6r vara konstruerad f\u00f6r att motst\u00e5 de avsedda driftsf\u00f6rh\u00e5llandena och ha l\u00e5ng livsl\u00e4ngd vad g\u00e4ller slitstyrka och korrosionsbest\u00e4ndighet.<\/li>\n<li><strong>S\u00e4kerhet:<\/strong> S\u00e4kerhetsaspekter som tryckavlastningsventiler och s\u00e4kerhetsl\u00e5s b\u00f6r integreras i konstruktionen f\u00f6r att f\u00f6rhindra olyckor och s\u00e4kerst\u00e4lla operat\u00f6rens s\u00e4kerhet.<\/li>\n<li><strong>Underh\u00e5llbarhet:<\/strong> Armcylinderns design ska underl\u00e4tta underh\u00e5ll och utbyte, vilket minimerar stillest\u00e5ndstiden f\u00f6r utrustningen vid regelbunden inspektion och service.<\/li>\n<\/ul>\n<p><img decoding=\"async\" src=\"https:\/\/www.hydraulic-cylinders.net\/wp-content\/uploads\/2025\/01\/songte-cylinder-head-with-all-kinds-excavator-models.webp\"><\/p>\n<h2>T\u00e4tning och sm\u00f6rjning<\/h2>\n<p>Armcylindern anv\u00e4nder olika t\u00e4tningskomponenter, s\u00e5som kolvt\u00e4tningar och st\u00e5ngt\u00e4tningar, tillverkade av slitstarka material som polyuretan och nitrilgummi. Cylinderhuset och de g\u00e4ngade \u00e4ndarna genomg\u00e5r noggrann behandling f\u00f6r att f\u00f6rb\u00e4ttra slitstyrkan. Regelbunden sm\u00f6rjning med en l\u00e4mplig m\u00e4ngd hydraulolja kr\u00e4vs f\u00f6r smidig drift.<\/p>\n<h2>Regelbunden inspektion och f\u00f6rebyggande underh\u00e5ll<\/h2>\n<ul>\n<li>Inspektera regelbundet armcylindern f\u00f6r tecken p\u00e5 slitage, l\u00e4ckage eller skador.<\/li>\n<li>Kontrollera och byt ut slitna eller skadade t\u00e4tningar och andra komponenter vid behov.<\/li>\n<li>Bibeh\u00e5ll korrekt sm\u00f6rjning genom att regelbundet tills\u00e4tta den rekommenderade m\u00e4ngden hydraulolja.<\/li>\n<li>Se till att alla f\u00e4stelement \u00e4r ordentligt \u00e5tdragna.<\/li>\n<li>F\u00f6lj tillverkarens riktlinjer f\u00f6r f\u00f6rebyggande underh\u00e5ll f\u00f6r att maximera armcylinderns livsl\u00e4ngd.<\/li>\n<\/ul>\n<h2>Produktinstallationsguide<\/h2>\n<p>Korrekt installation av armcylindern \u00e4r avg\u00f6rande f\u00f6r optimal prestanda. F\u00f6lj dessa steg:<\/p>\n<ol>\n<li>L\u00e4s installationsmanualen som tillhandah\u00e5lls av tillverkaren.<\/li>\n<li>Kontrollera noggrant cylindern och tillh\u00f6rande komponenter f\u00f6r eventuella transportskador eller defekter.<\/li>\n<li>Se till att monteringsytan \u00e4r ren och fri fr\u00e5n skr\u00e4p.<\/li>\n<li>Rikta in cylindern och f\u00e4st den med l\u00e4mpliga bultar enligt tillverkarens specifikationer.<\/li>\n<li>Anslut hydraulslangarna eller r\u00f6ren enligt de medf\u00f6ljande instruktionerna och se till att de \u00e4r ordentligt t\u00e4tade.<\/li>\n<li>Utf\u00f6r en testk\u00f6rning f\u00f6r att kontrollera att armcylindern fungerar korrekt.<\/li>\n<\/ol>\n<p><img decoding=\"async\" src=\"https:\/\/www.hydraulic-cylinders.net\/wp-content\/uploads\/2025\/01\/songte-bushings-with-all-kinds-of-excavator-models.webp\"><\/p>\n<h2>S\u00e4kerhetsaspekter och milj\u00f6faktorer<\/h2>\n<p>Vid anv\u00e4ndning av armcylindrar \u00e4r det avg\u00f6rande att s\u00e4kerhets\u00e5tg\u00e4rderna f\u00f6ljs f\u00f6r att f\u00f6rhindra olyckor och s\u00e4kerst\u00e4lla operat\u00f6rernas v\u00e4lbefinnande. Faktorer som korrekt utbildning, regelbundna inspektioner av utrustningen och anv\u00e4ndning av s\u00e4kerhetsanordningar spelar en viktig roll f\u00f6r att uppr\u00e4tth\u00e5lla en s\u00e4ker arbetsmilj\u00f6.<\/p>\n<h2>Fels\u00f6kning och vanliga problem<\/h2>\n<p>Nedan f\u00f6ljer n\u00e5gra vanliga problem som kan uppst\u00e5 med armcylindrar:<\/p>\n<ul>\n<li>L\u00e4ckage i cylindern<\/li>\n<li>L\u00e5ngsam eller oregelbunden r\u00f6relse av armen<\/li>\n<li>Minskad lyftkapacitet<\/li>\n<li>\u00d6verdrivet buller eller vibrationer<\/li>\n<li>Misslyckades med att h\u00e5lla positionen<\/li>\n<\/ul>\n<p>F\u00f6r att \u00e5tg\u00e4rda dessa problem:<\/p>\n<ul>\n<li>Inspektera och byt ut skadade t\u00e4tningar eller andra felaktiga komponenter.<\/li>\n<li>Kontrollera hydraulv\u00e4tskeniv\u00e5erna och byt ut eller fyll p\u00e5 vid behov.<\/li>\n<li>S\u00e4kerst\u00e4ll korrekt sm\u00f6rjning av r\u00f6rliga delar.<\/li>\n<li>Kontrollera och dra \u00e5t alla f\u00e4stelement.<\/li>\n<li>Om problemet kvarst\u00e5r, kontakta en professionell tekniker f\u00f6r vidare diagnos och reparation.<\/li>\n<\/ul>\n<p><img decoding=\"async\" src=\"https:\/\/www.hydraulic-cylinders.net\/wp-content\/uploads\/2025\/01\/songte-chushion-collar.webp\"><\/p>\n<p>Kom ih\u00e5g att organisera artikeln logiskt, anv\u00e4nda underrubriker f\u00f6r enkel navigering, inkludera relevanta bilder eller diagram f\u00f6r att f\u00f6rb\u00e4ttra f\u00f6rst\u00e5elsen och se till att inneh\u00e5llet \u00e4r tydligt, koncist och l\u00e4mpligt f\u00f6r l\u00e4sare med olika niv\u00e5er av teknisk kunskap.<\/p>\n<p><em>F\u00f6rfattare: lyl<\/em><\/p>\n<h2>Om v\u00e5rt f\u00f6retag<\/h2>\n<p>Vi \u00e4r en professionell tillverkare av hydraulcylindrar f\u00f6r reservdelar med ett brett produktsortiment. Vi har blivit en av de ledande tillverkarna och grossistdistribut\u00f6rerna av hydraulcylindrar p\u00e5 inhemska och internationella marknader. Genom att f\u00f6lja principen om h\u00f6gsta kvalitet f\u00f6rb\u00e4ttrar vi kontinuerligt v\u00e5r tekniska niv\u00e5 och produktionseffektivitet genom att f\u00f6rlita oss p\u00e5 de industrialiserade produktionshanteringsstrategierna i v\u00e5r sofistikerade tillverkningsverkstad. Genom att introducera avancerad digital tillverkningsutrustning och professionella testsystem optimerar vi v\u00e5r tillverkningsplattform, f\u00f6rb\u00e4ttrar produktkvalitetskontrollprocesserna och har stark innovationsf\u00f6rm\u00e5ga. V\u00e5rt m\u00e5l \u00e4r att m\u00f6ta olika kundbehov med h\u00f6g effektivitet, precision och h\u00f6gkvalitativa produkter.<\/p>\n<p><img decoding=\"async\" src=\"https:\/\/www.hydraulic-cylinders.net\/wp-content\/uploads\/2025\/01\/songte-company-4.webp\"><br \/>\n<img decoding=\"async\" src=\"https:\/\/www.hydraulic-cylinders.net\/wp-content\/uploads\/2025\/01\/songte-company-3.webp\"><\/p>","protected":false},"excerpt":{"rendered":"<p>Arm Cylinder For Hengte Wheel Excavator HTL106 Definition An arm cylinder is a specialized hydraulic cylinder designed for providing linear motion and power to the arm of various machinery, such as excavators, cranes, and robotic arms. The arm cylinder plays a crucial role in hydraulic systems, enabling efficient movement and control of attached tools or [&hellip;]<\/p>","protected":false},"featured_media":14774,"comment_status":"open","ping_status":"closed","template":"","meta":{"_et_pb_use_builder":"","_et_pb_old_content":"","_et_gb_content_width":""},"product_brand":[],"product_cat":[1497],"product_tag":[1498,1496],"class_list":{"0":"post-16922","1":"product","2":"type-product","3":"status-publish","4":"has-post-thumbnail","6":"product_cat-arm-cylinders","7":"product_tag-arm-cylinders","8":"product_tag-hydraulic-cylinders","10":"first","11":"instock","12":"shipping-taxable","13":"product-type-simple"},"amp_enabled":true,"_links":{"self":[{"href":"https:\/\/www.hydraulic-cylinders.net\/sv\/wp-json\/wp\/v2\/product\/16922","targetHints":{"allow":["GET"]}}],"collection":[{"href":"https:\/\/www.hydraulic-cylinders.net\/sv\/wp-json\/wp\/v2\/product"}],"about":[{"href":"https:\/\/www.hydraulic-cylinders.net\/sv\/wp-json\/wp\/v2\/types\/product"}],"replies":[{"embeddable":true,"href":"https:\/\/www.hydraulic-cylinders.net\/sv\/wp-json\/wp\/v2\/comments?post=16922"}],"wp:featuredmedia":[{"embeddable":true,"href":"https:\/\/www.hydraulic-cylinders.net\/sv\/wp-json\/wp\/v2\/media\/14774"}],"wp:attachment":[{"href":"https:\/\/www.hydraulic-cylinders.net\/sv\/wp-json\/wp\/v2\/media?parent=16922"}],"wp:term":[{"taxonomy":"product_brand","embeddable":true,"href":"https:\/\/www.hydraulic-cylinders.net\/sv\/wp-json\/wp\/v2\/product_brand?post=16922"},{"taxonomy":"product_cat","embeddable":true,"href":"https:\/\/www.hydraulic-cylinders.net\/sv\/wp-json\/wp\/v2\/product_cat?post=16922"},{"taxonomy":"product_tag","embeddable":true,"href":"https:\/\/www.hydraulic-cylinders.net\/sv\/wp-json\/wp\/v2\/product_tag?post=16922"}],"curies":[{"name":"wp","href":"https:\/\/api.w.org\/{rel}","templated":true}]}}