{"id":16929,"date":"2025-01-21T06:13:34","date_gmt":"2025-01-21T06:13:34","guid":{"rendered":"https:\/\/www.hydraulic-cylinders.net\/product\/arm-cylinder-for-yigong-cy210\/"},"modified":"2025-01-21T06:13:36","modified_gmt":"2025-01-21T06:13:36","slug":"arm-cylinder-for-yigong-cy210","status":"publish","type":"product","link":"https:\/\/www.hydraulic-cylinders.net\/sv\/produkt\/arm-cylinder-for-yigong-cy210\/","title":{"rendered":"Armcylinder f\u00f6r Yigong CY210"},"content":{"rendered":"<h2>Armcylinder f\u00f6r Yigong CY210<\/h2>\n<h3>Introduktion<\/h3>\n<p>Armcylindern \u00e4r en specialiserad hydraulcylinder som \u00e4r konstruerad f\u00f6r att ge linj\u00e4r r\u00f6relse och kraft f\u00f6r olika typer av maskiner s\u00e5som gr\u00e4vmaskiner, kranar och mekaniska armar. Armcylindern spelar en avg\u00f6rande roll i hydrauliska system och m\u00f6jligg\u00f6r effektiv f\u00f6rflyttning och kontroll av ytterligare verktyg eller redskap. Dessa cylindrar ger inte bara smidig r\u00f6relse utan t\u00e5l \u00e4ven tunga belastningar, vilket s\u00e4kerst\u00e4ller effektiv drift och tillf\u00f6rlitlighet hos maskiner under olika driftsf\u00f6rh\u00e5llanden.<\/p>\n<p><img decoding=\"async\" src=\"https:\/\/www.hydraulic-cylinders.net\/wp-content\/uploads\/2025\/01\/songte-company-2.webp\" alt=\"Bild av armcylinder\"><\/p>\n<h3>Drag<\/h3>\n<ul>\n<li><strong>Effektiv kraft\u00f6verf\u00f6ring:<\/strong> Armcylindern ger kraftfull linj\u00e4r r\u00f6relse och kraft, vilket s\u00e4kerst\u00e4ller h\u00f6gpresterande effektivitet hos den mekaniska armen i olika operationer.<\/li>\n<li><strong>Exakt kontroll:<\/strong> Armcylindern kan uppn\u00e5 exakt r\u00f6relsekontroll genom hydrauliska system, vilket g\u00f6r man\u00f6vreringen av ytterligare verktyg mer flexibel och exakt.<\/li>\n<li><strong>H\u00e5llbar:<\/strong> Armcylindern \u00e4r vanligtvis tillverkad av h\u00f6gh\u00e5llfasta material som har god slitage- och korrosionsbest\u00e4ndighet, vilket g\u00f6r den l\u00e4mplig f\u00f6r l\u00e5ngvarig anv\u00e4ndning i tuffa milj\u00f6er.<\/li>\n<li><strong>Multifunktionell anpassningsf\u00f6rm\u00e5ga:<\/strong> Dessa cylindrar kan anv\u00e4ndas i stor utstr\u00e4ckning i olika typer av maskiner s\u00e5som gr\u00e4vmaskiner, kranar och mekaniska armar, och anpassas till olika arbetsbehov.<\/li>\n<li><strong>Enkelt underh\u00e5ll:<\/strong> Konstruktionen tar h\u00e4nsyn till enkelt underh\u00e5ll och utbyte, vilket g\u00f6r regelbunden inspektion och underh\u00e5ll enklare och minskar stillest\u00e5ndstiden f\u00f6r utrustningen.<\/li>\n<\/ul>\n<p>Vi kan producera denna produkt och v\u00e5r produkt kan perfekt ers\u00e4tta dessa hydraulcylindrar.<\/p>\n<p><img decoding=\"async\" src=\"https:\/\/www.hydraulic-cylinders.net\/wp-content\/uploads\/2025\/01\/songte-oil-pipes-and-spare-parts.webp\" alt=\"Bild av hydrauliska cylinderdelar\"><\/p>\n<h3>Applikationer<\/h3>\n<p>Armcylindern har olika till\u00e4mpningar inom olika branscher. H\u00e4r \u00e4r n\u00e5gra exempel:<\/p>\n<ul>\n<li><strong>Konstruktion:<\/strong> I gr\u00e4vmaskiner och kranar anv\u00e4nds armcylindern f\u00f6r att styra skopans eller bommens r\u00f6relse vid schaktning, materialhantering och strukturell installation.<\/li>\n<li><strong>Tillverkning:<\/strong> I automatiserade produktionslinjer anv\u00e4nds armcylindern f\u00f6r att f\u00f6rflytta mekaniska armar i processer som montering, svetsning och materialhantering, vilket f\u00f6rb\u00e4ttrar produktionseffektiviteten och noggrannheten.<\/li>\n<li><strong>Jordbruksmaskiner:<\/strong> I jordbruksmaskiner som sk\u00f6rdetr\u00f6skor och planteringsmaskiner styr armcylindern r\u00f6relsen hos man\u00f6verarmen och utf\u00f6r uppgifter som s\u00e5dd, g\u00f6dsling och sk\u00f6rd.<\/li>\n<li><strong>Brytning:<\/strong> I gruvutrustning styr armcylindern r\u00f6relsen hos gruvutrustningens arm och utf\u00f6r uppgifter som malmbrytning och transport.<\/li>\n<li><strong>Logistik och transport:<\/strong> I gaffeltruckar och hanteringsrobotar anv\u00e4nds armcylindern f\u00f6r att styra gaffelns lyft och r\u00f6relse, vilket m\u00f6jligg\u00f6r materialhantering och stapling.<\/li>\n<\/ul>\n<h3>Design\u00f6verv\u00e4ganden och urvalskriterier<\/h3>\n<p>Ur ett designperspektiv \u00e4r armcylinderns b\u00e4rf\u00f6rm\u00e5ga, t\u00e4tningsprestanda, h\u00e5llbarhet, s\u00e4kerhet och underh\u00e5llbarhet viktiga faktorer att beakta. H\u00e4r \u00e4r n\u00e5gra punkter att diskutera:<\/p>\n<ul>\n<li><strong>B\u00e4rf\u00f6rm\u00e5ga:<\/strong> Armcylindern ska kunna motst\u00e5 den maximala belastningen fr\u00e5n den maskin den anv\u00e4nds i.<\/li>\n<li><strong>T\u00e4tningsprestanda:<\/strong> Olika t\u00e4tningar, s\u00e5som kolv- och st\u00e5ngt\u00e4tningar, b\u00f6r v\u00e4ljas f\u00f6r att s\u00e4kerst\u00e4lla en p\u00e5litlig och l\u00e5ngvarig t\u00e4tning, vilket minskar risken f\u00f6r v\u00e4tskel\u00e4ckage.<\/li>\n<li><strong>Varaktighet:<\/strong> H\u00f6gh\u00e5llfasta material och ytbehandlingar b\u00f6r v\u00e4ljas f\u00f6r att f\u00f6rb\u00e4ttra cylinderns slitstyrka och korrosionsbest\u00e4ndighet, vilket s\u00e4kerst\u00e4ller l\u00e5ngvarig anv\u00e4ndning i tuffa milj\u00f6er.<\/li>\n<li><strong>S\u00e4kerhet:<\/strong> Armcylindern b\u00f6r vara konstruerad f\u00f6r att f\u00f6rhindra pl\u00f6tsliga fel eller olyckor, vilket s\u00e4kerst\u00e4ller operat\u00f6rernas och maskinernas s\u00e4kerhet.<\/li>\n<li><strong>Underh\u00e5llbarhet:<\/strong> Konstruktionen b\u00f6r beakta enkelt underh\u00e5ll och utbyte, vilket minskar stillest\u00e5ndstid och underh\u00e5llskostnader f\u00f6r utrustning.<\/li>\n<\/ul>\n<p><img decoding=\"async\" src=\"https:\/\/www.hydraulic-cylinders.net\/wp-content\/uploads\/2025\/01\/songte-cylinder-head-with-all-kinds-excavator-models.webp\" alt=\"Bild av hydraulcylinderdesign\"><\/p>\n<h3>T\u00e4tning och sm\u00f6rjning<\/h3>\n<p>Olika t\u00e4tningar, s\u00e5som kolvt\u00e4tningar och kolvst\u00e5ngst\u00e4tningar, b\u00f6r v\u00e4ljas f\u00f6r att s\u00e4kerst\u00e4lla tillf\u00f6rlitlig och l\u00e5ngvarig t\u00e4tningsprestanda. T\u00e4tningar av slitstarka material som polyuretan och nitrilgummi rekommenderas. Ytan p\u00e5 cylinderhuset och den g\u00e4ngade \u00e4nden b\u00f6r finbearbetas f\u00f6r att f\u00f6rb\u00e4ttra slitstyrkan. Regelbunden sm\u00f6rjning med l\u00e4mplig hydraulolja \u00e4r n\u00f6dv\u00e4ndig f\u00f6r att uppr\u00e4tth\u00e5lla tillr\u00e4cklig sm\u00f6rjning.<\/p>\n<h3>Underh\u00e5ll och f\u00f6rebyggande \u00e5tg\u00e4rder<\/h3>\n<p>Regelbunden inspektion och underh\u00e5ll av armcylindern \u00e4r avg\u00f6rande f\u00f6r att s\u00e4kerst\u00e4lla att den fungerar korrekt och f\u00f6rl\u00e4nga dess livsl\u00e4ngd. H\u00e4r \u00e4r n\u00e5gra \u00e5tg\u00e4rder att \u00f6verv\u00e4ga:<\/p>\n<ul>\n<li><strong>Regelbunden inspektion:<\/strong> Kontrollera regelbundet cylinderns, t\u00e4tningarnas och monteringspunkternas skick och byt ut slitna eller skadade delar omedelbart.<\/li>\n<li><strong>Renlighet:<\/strong> H\u00e5ll cylindern och dess omgivningar rena f\u00f6r att f\u00f6rhindra att fr\u00e4mmande partiklar tr\u00e4nger in som kan skada t\u00e4tningarna eller andra komponenter.<\/li>\n<li><strong>Korrekt f\u00f6rvaring:<\/strong> F\u00f6rvara cylindern i en torr och ren milj\u00f6 f\u00f6r att f\u00f6rhindra korrosion eller skador.<\/li>\n<\/ul>\n<p><img decoding=\"async\" src=\"https:\/\/www.hydraulic-cylinders.net\/wp-content\/uploads\/2025\/01\/songte-chushion-collar.webp\" alt=\"Bild f\u00f6r underh\u00e5ll av hydraulcylinder\"><\/p>\n<h3>Installationsguide<\/h3>\n<p>H\u00e4r \u00e4r n\u00e5gra steg att f\u00f6lja n\u00e4r du installerar armcylindern:<\/p>\n<ul>\n<li><strong>Urval:<\/strong> V\u00e4lj l\u00e4mplig cylinder f\u00f6r den maskin och det arbete som kr\u00e4vs.<\/li>\n<li><strong>Montering:<\/strong> Montera cylindern s\u00e4kert med l\u00e4mpliga beslag och i enlighet med tillverkarens anvisningar.<\/li>\n<li><strong>Anslutningar:<\/strong> Anslut cylindern till hydraulsystemet och se till att den \u00e4r korrekt t\u00e4tad och ansluten.<\/li>\n<li><strong>Testning:<\/strong> Testa cylindern och systemet f\u00f6r korrekt funktion f\u00f6re drifts\u00e4ttning.<\/li>\n<\/ul>\n<p><img decoding=\"async\" src=\"https:\/\/www.hydraulic-cylinders.net\/wp-content\/uploads\/2025\/01\/songte-bushings-with-all-kinds-of-excavator-models.webp\" alt=\"Bild f\u00f6r installation av hydraulcylinder\"><\/p>\n<h3>S\u00e4kerhetsaspekter och milj\u00f6faktorer<\/h3>\n<p>L\u00e4mpliga s\u00e4kerhets\u00e5tg\u00e4rder b\u00f6r iakttas vid anv\u00e4ndning av maskiner med armcylindern. Cylindern b\u00f6r regelbundet inspekteras och underh\u00e5llas f\u00f6r att f\u00f6rhindra pl\u00f6tsliga fel eller olyckor som kan skada operat\u00f6rer eller maskiner. Milj\u00f6faktorer som temperatur, fuktighet och fr\u00e4tande \u00e4mnen b\u00f6r ocks\u00e5 beaktas f\u00f6r att s\u00e4kerst\u00e4lla cylinderns korrekta funktion och livsl\u00e4ngd.<\/p>\n<h3>Fels\u00f6kning och vanliga problem<\/h3>\n<p>H\u00e4r \u00e4r n\u00e5gra vanliga problem som kan uppst\u00e5 med armcylindern:<\/p>\n<ul>\n<li><strong>V\u00e4tskel\u00e4ckage:<\/strong> Detta kan orsakas av slitna eller skadade t\u00e4tningar eller l\u00f6sa anslutningar.<\/li>\n<li><strong>Minskad prestanda:<\/strong> Detta kan orsakas av l\u00e5ga v\u00e4tskeniv\u00e5er, slitna komponenter eller felaktig installation.<\/li>\n<li><strong>Onormalt buller:<\/strong> Detta kan orsakas av skadade eller feljusterade komponenter eller felaktig sm\u00f6rjning.<\/li>\n<\/ul>\n<p>H\u00e4r \u00e4r n\u00e5gra tips f\u00f6r fels\u00f6kning och l\u00f6sning av dessa problem:<\/p>\n<ul>\n<li><strong>V\u00e4tskel\u00e4ckage:<\/strong> Byt ut slitna eller skadade t\u00e4tningar eller dra \u00e5t anslutningar vid behov.<\/li>\n<li><strong>Minskad prestanda:<\/strong> Kontrollera v\u00e4tskeniv\u00e5erna, inspektera och byt ut slitna komponenter och s\u00e4kerst\u00e4ll korrekt installation.<\/li>\n<li><strong>Onormalt buller:<\/strong> Inspektera och byt ut skadade eller feljusterade komponenter och s\u00e4kerst\u00e4ll korrekt sm\u00f6rjning.<\/li>\n<\/ul>\n<p>F\u00f6rebyggande \u00e5tg\u00e4rder som regelbunden inspektion och underh\u00e5ll kan bidra till att minska risken f\u00f6r att dessa problem uppst\u00e5r.<\/p>\n<p><img decoding=\"async\" src=\"https:\/\/www.hydraulic-cylinders.net\/wp-content\/uploads\/2025\/01\/songte-company-4.webp\" alt=\"Songte Company Image\"><\/p>\n<h3>Om v\u00e5rt f\u00f6retag<\/h3>\n<p>Vi \u00e4r en professionell tillverkare av hydraulcylindrar f\u00f6r ers\u00e4ttning med ett brett produktsortiment. Vi har blivit en av de ledande tillverkarna och grossistdistribut\u00f6rerna av hydraulcylindrar p\u00e5 inhemska och internationella marknader. Vi f\u00f6ljer alltid principen om utm\u00e4rkt kvalitet, f\u00f6rlitar oss p\u00e5 den industrialiserade produktionsstrategin fr\u00e5n f\u00f6rfinade tillverkningsverkst\u00e4der och f\u00f6rb\u00e4ttrar st\u00e4ndigt v\u00e5r tekniska niv\u00e5 och produktionseffektivitet. Genom att introducera avancerad digital tillverkningsutrustning och professionella testsystem optimerar vi kontinuerligt v\u00e5r tillverkningsplattform och f\u00f6rb\u00e4ttrar v\u00e5r produktkvalitetskontrollprocess, med stark innovationsf\u00f6rm\u00e5ga. V\u00e5rt m\u00e5l \u00e4r att m\u00f6ta kundernas olika behov med h\u00f6g effektivitet, precision och h\u00f6gkvalitativa principer.<\/p>\n<h3>Professionalism, internationell certifiering, anpassningstj\u00e4nster, produktionsutrustning och eftermarknadsservice<\/h3>\n<p>Vi \u00e4r en professionell tillverkare med m\u00e5nga \u00e5rs erfarenhet av tillverkning av hydraulcylindrar. Vi har erh\u00e5llit olika internationella certifieringar som ISO9001 och CE. Vi erbjuder anpassningstj\u00e4nster f\u00f6r att m\u00f6ta specifika kundkrav. Vi anv\u00e4nder avancerad digital tillverkningsutrustning f\u00f6r att f\u00f6rb\u00e4ttra produktionseffektiviteten och produktkvaliteten. Vi erbjuder \u00e4ven professionell eftermarknadsservice, inklusive teknisk support och reparationstj\u00e4nster.<\/p>\n<p><img decoding=\"async\" src=\"https:\/\/www.hydraulic-cylinders.net\/wp-content\/uploads\/2025\/01\/songte-company-3.webp\" alt=\"Songte Company Image\"><\/p>\n<p>F\u00f6rfattare: lyl<\/p>","protected":false},"excerpt":{"rendered":"<p>Arm Cylinder For Yigong CY210 Introduction The arm cylinder is a specialized hydraulic cylinder designed to provide linear motion and power for various types of machinery such as excavators, cranes, and mechanical arms. The arm cylinder plays a critical role in hydraulic systems, enabling the effective movement and control of additional tools or attachments. These [&hellip;]<\/p>","protected":false},"featured_media":14783,"comment_status":"open","ping_status":"closed","template":"","meta":{"_et_pb_use_builder":"","_et_pb_old_content":"","_et_gb_content_width":""},"product_brand":[],"product_cat":[1497],"product_tag":[1498,1496],"class_list":{"0":"post-16929","1":"product","2":"type-product","3":"status-publish","4":"has-post-thumbnail","6":"product_cat-arm-cylinders","7":"product_tag-arm-cylinders","8":"product_tag-hydraulic-cylinders","10":"first","11":"instock","12":"shipping-taxable","13":"product-type-simple"},"amp_enabled":true,"_links":{"self":[{"href":"https:\/\/www.hydraulic-cylinders.net\/sv\/wp-json\/wp\/v2\/product\/16929","targetHints":{"allow":["GET"]}}],"collection":[{"href":"https:\/\/www.hydraulic-cylinders.net\/sv\/wp-json\/wp\/v2\/product"}],"about":[{"href":"https:\/\/www.hydraulic-cylinders.net\/sv\/wp-json\/wp\/v2\/types\/product"}],"replies":[{"embeddable":true,"href":"https:\/\/www.hydraulic-cylinders.net\/sv\/wp-json\/wp\/v2\/comments?post=16929"}],"wp:featuredmedia":[{"embeddable":true,"href":"https:\/\/www.hydraulic-cylinders.net\/sv\/wp-json\/wp\/v2\/media\/14783"}],"wp:attachment":[{"href":"https:\/\/www.hydraulic-cylinders.net\/sv\/wp-json\/wp\/v2\/media?parent=16929"}],"wp:term":[{"taxonomy":"product_brand","embeddable":true,"href":"https:\/\/www.hydraulic-cylinders.net\/sv\/wp-json\/wp\/v2\/product_brand?post=16929"},{"taxonomy":"product_cat","embeddable":true,"href":"https:\/\/www.hydraulic-cylinders.net\/sv\/wp-json\/wp\/v2\/product_cat?post=16929"},{"taxonomy":"product_tag","embeddable":true,"href":"https:\/\/www.hydraulic-cylinders.net\/sv\/wp-json\/wp\/v2\/product_tag?post=16929"}],"curies":[{"name":"wp","href":"https:\/\/api.w.org\/{rel}","templated":true}]}}