{"id":16942,"date":"2025-01-21T06:14:29","date_gmt":"2025-01-21T06:14:29","guid":{"rendered":"https:\/\/www.hydraulic-cylinders.net\/product\/arm-cylinder-for-kato-small-excavator-hd820-3\/"},"modified":"2025-01-21T06:14:31","modified_gmt":"2025-01-21T06:14:31","slug":"arm-cylinder-for-kato-small-excavator-hd820-3","status":"publish","type":"product","link":"https:\/\/www.hydraulic-cylinders.net\/sv\/produkt\/arm-cylinder-for-kato-small-excavator-hd820-3\/","title":{"rendered":"Armcylinder f\u00f6r Kato liten gr\u00e4vmaskin HD820-3"},"content":{"rendered":"<h2>Armcylinder f\u00f6r Kato liten gr\u00e4vmaskin HD820-3<\/h2>\n<h3>Introduktion<\/h3>\n<p>Armcylindern \u00e4r en specialdesignad hydraulcylinder som fr\u00e4mst anv\u00e4nds f\u00f6r att ge linj\u00e4r r\u00f6relse och kraft \u00e5t armarna p\u00e5 olika typer av maskiner, s\u00e5som gr\u00e4vmaskiner, kranar och robotarmar. Armcylindern spelar en avg\u00f6rande roll i hydraulsystemet och m\u00f6jligg\u00f6r effektiv r\u00f6relse och styrning av ytterligare verktyg eller redskap. Dessa cylindrar uppn\u00e5r inte bara j\u00e4mn r\u00f6relse utan t\u00e5l \u00e4ven tunga belastningar, vilket s\u00e4kerst\u00e4ller effektiv drift och tillf\u00f6rlitlighet hos maskiner under olika driftsf\u00f6rh\u00e5llanden.<\/p>\n<p><img decoding=\"async\" src=\"https:\/\/www.hydraulic-cylinders.net\/wp-content\/uploads\/2025\/01\/songte-company-2.webp\" alt=\"Bild av armcylinder\"><\/p>\n<h3>Drag<\/h3>\n<ul>\n<li>Effektiv kraft\u00f6verf\u00f6ring: Armcylindern ger stark linj\u00e4r r\u00f6relse och kraft, vilket s\u00e4kerst\u00e4ller h\u00f6g effektivitet i olika operationer av den mekaniska armen.<\/li>\n<li>Exakt kontroll: Genom det hydrauliska systemet kan armcylindern uppn\u00e5 exakt r\u00f6relsekontroll, vilket g\u00f6r man\u00f6vreringen av ytterligare verktyg mer flexibel och precis.<\/li>\n<li>Stark h\u00e5llbarhet: Armcylindrar \u00e4r vanligtvis tillverkade av h\u00f6gh\u00e5llfasta material, har god slitstyrka och korrosionsbest\u00e4ndighet och \u00e4r l\u00e4mpliga f\u00f6r l\u00e5ngvarig anv\u00e4ndning i tuffa milj\u00f6er.<\/li>\n<li>Multifunktionell anpassningsf\u00f6rm\u00e5ga: Dessa cylindrar kan anv\u00e4ndas i stor utstr\u00e4ckning i olika mekaniska utrustningar, s\u00e5som gr\u00e4vmaskiner, kranar och robotarmar, f\u00f6r att anpassa sig till olika arbetsbehov.<\/li>\n<li>Enkelt underh\u00e5ll: Konstruktionen tar h\u00e4nsyn till enkelt underh\u00e5ll och utbyte, vilket g\u00f6r regelbundna inspektioner och underh\u00e5ll enklare och minskar utrustningens stillest\u00e5ndstid.<\/li>\n<\/ul>\n<p>Vi kan producera denna produkt och v\u00e5r produkt kan perfekt ers\u00e4tta dessa hydraulcylindrar.<\/p>\n<p><img decoding=\"async\" src=\"https:\/\/www.hydraulic-cylinders.net\/wp-content\/uploads\/2025\/01\/songte-oil-pipes-and-spare-parts.webp\" alt=\"Bild av reservdelar till hydraulcylinder\"><\/p>\n<h3>Applikationer<\/h3>\n<p>Armcylindern anv\u00e4nds ofta inom olika industrier och omr\u00e5den, s\u00e5som:<\/p>\n<ul>\n<li>Byggteknik: I gr\u00e4vmaskiner och kranar anv\u00e4nds armcylindern f\u00f6r att styra r\u00f6relsen av skopor eller bommar f\u00f6r markarbeten, materialhantering och strukturell installation.<\/li>\n<li>Tillverkning: I automatiserade produktionslinjer anv\u00e4nds armcylindern f\u00f6r f\u00f6rflyttning av robotarmar, montering, svetsning och hantering f\u00f6r att f\u00f6rb\u00e4ttra produktionseffektiviteten och noggrannheten.<\/li>\n<li>Jordbruksmaskiner: I jordbruksmaskiner som sk\u00f6rdetr\u00f6skor och planteringsmaskiner styr armcylindern r\u00f6relsen hos man\u00f6verarmen f\u00f6r att utf\u00f6ra uppgifter som s\u00e5dd, g\u00f6dsling och sk\u00f6rd.<\/li>\n<li>Gruvdrift: I gruvutrustning anv\u00e4nds armcylindern f\u00f6r att styra armen p\u00e5 gruvutrustningen f\u00f6r gruvdrift och transport av malmer.<\/li>\n<li>Logistik och transport: I gaffeltruckar och hanteringsrobotar anv\u00e4nds armcylindern f\u00f6r att styra lyftning och r\u00f6relse av gafflarna f\u00f6r att hantera och stapla material.<\/li>\n<\/ul>\n<h3>Design\u00f6verv\u00e4ganden och urvalskriterier<\/h3>\n<p>N\u00e4r det g\u00e4ller design\u00f6verv\u00e4ganden \u00e4r armcylinderns b\u00e4rf\u00f6rm\u00e5ga, t\u00e4tning, h\u00e5llbarhet, s\u00e4kerhet och underh\u00e5llbarhet de viktigaste faktorerna att beakta.<\/p>\n<ul>\n<li>B\u00e4rf\u00f6rm\u00e5ga: Armcylindern ska vara konstruerad f\u00f6r att motst\u00e5 den maximala belastning den kommer att uts\u00e4ttas f\u00f6r under drift.<\/li>\n<li>T\u00e4tning: Olika t\u00e4tningskomponenter som kolvt\u00e4tningar och st\u00e5ngt\u00e4tningar b\u00f6r v\u00e4ljas f\u00f6r att s\u00e4kerst\u00e4lla tillf\u00f6rlitlig t\u00e4tningsprestanda och f\u00f6rhindra oljel\u00e4ckage.<\/li>\n<li>H\u00e5llbarhet: Armcylindern b\u00f6r vara tillverkad av h\u00f6gh\u00e5llfasta material f\u00f6r att s\u00e4kerst\u00e4lla god slitage- och korrosionsbest\u00e4ndighet och l\u00e5ngvarig anv\u00e4ndning i tuffa milj\u00f6er.<\/li>\n<li>S\u00e4kerhet: Armcylindern b\u00f6r vara konstruerad f\u00f6r att f\u00f6rhindra olyckor orsakade av \u00f6verbelastning, st\u00f6tar eller andra onormala f\u00f6rh\u00e5llanden.<\/li>\n<li>Underh\u00e5llbarhet: Armcylindern b\u00f6r vara konstruerad f\u00f6r enkelt underh\u00e5ll och utbyte av skadade komponenter, vilket minskar utrustningens stillest\u00e5ndstid.<\/li>\n<\/ul>\n<p><img decoding=\"async\" src=\"https:\/\/www.hydraulic-cylinders.net\/wp-content\/uploads\/2025\/01\/songte-cylinder-head-with-all-kinds-excavator-models.webp\" alt=\"Bild p\u00e5 topplock\"><\/p>\n<h3>T\u00e4tning och sm\u00f6rjning<\/h3>\n<p>Armcylindern anv\u00e4nder olika t\u00e4tningskomponenter som kolvt\u00e4tningar och st\u00e5ngt\u00e4tningar f\u00f6r att s\u00e4kerst\u00e4lla tillf\u00f6rlitlig t\u00e4tningsprestanda och f\u00f6rhindra oljel\u00e4ckage. Dessa komponenter \u00e4r tillverkade av slitstarka material som polyuretan och nitrilgummi. Cylinderhuset och g\u00e4ng\u00e4nden \u00e4r fint bearbetade f\u00f6r att f\u00f6rb\u00e4ttra slitstyrkan. Regelbunden tillsats av l\u00e4mplig hydraulolja kr\u00e4vs f\u00f6r sm\u00f6rjning.<\/p>\n<h3>Underh\u00e5ll och fels\u00f6kning<\/h3>\n<p>Regelbunden inspektion och f\u00f6rebyggande underh\u00e5ll \u00e4r viktigt f\u00f6r att s\u00e4kerst\u00e4lla s\u00e4ker och tillf\u00f6rlitlig drift av armcylindern. Vid problem \u00e4r snabb fels\u00f6kning och reparations\u00e5tg\u00e4rder n\u00f6dv\u00e4ndiga f\u00f6r att minimera driftstopp. N\u00e5gra vanliga problem och l\u00f6sningar inkluderar:<\/p>\n<ul>\n<li>Oljel\u00e4ckage: Byt ut skadade t\u00e4tningskomponenter eller dra \u00e5t l\u00f6sa anslutningar f\u00f6r att f\u00f6rhindra oljel\u00e4ckage.<\/li>\n<li>D\u00e5lig prestanda: Kontrollera hydrauloljeniv\u00e5n och kvaliteten, reng\u00f6r eller byt ut filterelementet och justera trycket f\u00f6r att s\u00e4kerst\u00e4lla normal drift.<\/li>\n<li>Skador eller deformationer: Byt ut skadade eller deformerade komponenter i tid f\u00f6r att undvika skador p\u00e5 andra komponenter och s\u00e4kerst\u00e4lla s\u00e4ker drift.<\/li>\n<\/ul>\n<p><img decoding=\"async\" src=\"https:\/\/www.hydraulic-cylinders.net\/wp-content\/uploads\/2025\/01\/songte-chushion-collar.webp\" alt=\"Bild av kuddekrage\"><\/p>\n<h3>Installationsguide<\/h3>\n<p>Installationen av armcylindern ska f\u00f6lja tillverkarens instruktioner och utf\u00f6ras av utbildad personal. Installationsprocessen inkluderar kontroll av installationsl\u00e4ge och vinkel, \u00e5tdragning av anslutningsbultar och anslutning av hydraulslangar och kopplingar. Efter installationen, kontrollera om det finns l\u00e4ckor och utf\u00f6r ett trycktest f\u00f6r att s\u00e4kerst\u00e4lla korrekt funktion.<\/p>\n<h3>Om oss<\/h3>\n<p>Vi \u00e4r en professionell tillverkare av hydraulcylindrar med ett brett produktsortiment och har blivit en av de ledande tillverkarna och grossistdistribut\u00f6rerna av hydraulcylindrar p\u00e5 inhemska och internationella marknader. Vi f\u00f6ljer alltid principen om utm\u00e4rkt kvalitet, f\u00f6rlitar oss p\u00e5 den industrialiserade produktionsstrategin i sofistikerade tillverkningsverkst\u00e4der och f\u00f6rb\u00e4ttrar kontinuerligt v\u00e5r tekniska niv\u00e5 och produktionseffektivitet. Genom inf\u00f6randet av avancerad digital tillverkningsutrustning och professionella testsystem optimerar vi kontinuerligt tillverkningsplattformen, f\u00f6rb\u00e4ttrar produktkvalitetskontrollprocessen och har en stark innovationsf\u00f6rm\u00e5ga. V\u00e5rt m\u00e5l \u00e4r att m\u00f6ta kundernas varierande behov med h\u00f6g effektivitet, noggrannhet och h\u00f6g kvalitet.<\/p>\n<h3>V\u00e5ra specialiteter<\/h3>\n<ul>\n<li>Professionalism: V\u00e5rt team best\u00e5r av erfarna ingenj\u00f6rer, tekniker och s\u00e4ljare som erbjuder professionella och omfattande tj\u00e4nster.<\/li>\n<li>Internationella certifieringar: V\u00e5ra produkter har klarat olika internationella certifieringar som ISO9001, CE och RoHS.<\/li>\n<li>Anpassningstj\u00e4nster: Vi erbjuder kundanpassade hydraulcylinderl\u00f6sningar f\u00f6r att m\u00f6ta kundernas specifika behov och krav.<\/li>\n<li>Produktionsutrustning: Vi har avancerad produktionsutrustning som CNC-bearbetningscentraler, automatiska svetsmaskiner och testutrustning f\u00f6r att s\u00e4kerst\u00e4lla h\u00f6g effektivitet och precision.<\/li>\n<li>Eftermarknadsservice: Vi erbjuder snabb och effektiv eftermarknadsservice, inklusive teknisk support, underh\u00e5ll och reparation.<\/li>\n<\/ul>\n<p><img decoding=\"async\" src=\"https:\/\/www.hydraulic-cylinders.net\/wp-content\/uploads\/2025\/01\/songte-company-4.webp\" alt=\"F\u00f6retagsbild 1\"><br \/>\n<img decoding=\"async\" src=\"https:\/\/www.hydraulic-cylinders.net\/wp-content\/uploads\/2025\/01\/songte-company-3.webp\" alt=\"F\u00f6retagsbild 2\"><\/p>\n<p>F\u00f6rfattare: lyl.<\/p>","protected":false},"excerpt":{"rendered":"<p>Arm Cylinder For Kato Small Excavator HD820-3 Introduction The arm cylinder is a specially designed hydraulic cylinder that is primarily used to provide linear motion and power for the arms of various types of machinery, such as excavators, cranes, and robotic arms. The arm cylinder plays a crucial role in the hydraulic system, allowing for [&hellip;]<\/p>","protected":false},"featured_media":14774,"comment_status":"open","ping_status":"closed","template":"","meta":{"_et_pb_use_builder":"","_et_pb_old_content":"","_et_gb_content_width":""},"product_brand":[],"product_cat":[1497],"product_tag":[1498,1496],"class_list":{"0":"post-16942","1":"product","2":"type-product","3":"status-publish","4":"has-post-thumbnail","6":"product_cat-arm-cylinders","7":"product_tag-arm-cylinders","8":"product_tag-hydraulic-cylinders","10":"first","11":"instock","12":"shipping-taxable","13":"product-type-simple"},"amp_enabled":true,"_links":{"self":[{"href":"https:\/\/www.hydraulic-cylinders.net\/sv\/wp-json\/wp\/v2\/product\/16942","targetHints":{"allow":["GET"]}}],"collection":[{"href":"https:\/\/www.hydraulic-cylinders.net\/sv\/wp-json\/wp\/v2\/product"}],"about":[{"href":"https:\/\/www.hydraulic-cylinders.net\/sv\/wp-json\/wp\/v2\/types\/product"}],"replies":[{"embeddable":true,"href":"https:\/\/www.hydraulic-cylinders.net\/sv\/wp-json\/wp\/v2\/comments?post=16942"}],"wp:featuredmedia":[{"embeddable":true,"href":"https:\/\/www.hydraulic-cylinders.net\/sv\/wp-json\/wp\/v2\/media\/14774"}],"wp:attachment":[{"href":"https:\/\/www.hydraulic-cylinders.net\/sv\/wp-json\/wp\/v2\/media?parent=16942"}],"wp:term":[{"taxonomy":"product_brand","embeddable":true,"href":"https:\/\/www.hydraulic-cylinders.net\/sv\/wp-json\/wp\/v2\/product_brand?post=16942"},{"taxonomy":"product_cat","embeddable":true,"href":"https:\/\/www.hydraulic-cylinders.net\/sv\/wp-json\/wp\/v2\/product_cat?post=16942"},{"taxonomy":"product_tag","embeddable":true,"href":"https:\/\/www.hydraulic-cylinders.net\/sv\/wp-json\/wp\/v2\/product_tag?post=16942"}],"curies":[{"name":"wp","href":"https:\/\/api.w.org\/{rel}","templated":true}]}}