{"id":16960,"date":"2025-01-21T08:27:32","date_gmt":"2025-01-21T08:27:32","guid":{"rendered":"https:\/\/www.hydraulic-cylinders.net\/?post_type=product&#038;p=16960"},"modified":"2025-04-11T01:44:58","modified_gmt":"2025-04-11T01:44:58","slug":"hcyy11112000-forklift-lifting-cylinder","status":"publish","type":"product","link":"https:\/\/www.hydraulic-cylinders.net\/sv\/produkt\/hcyy11112000-forklift-lifting-cylinder\/","title":{"rendered":"HCYY11112000 Gaffeltruckslyftcylinder"},"content":{"rendered":"<h1 style=\"text-align: center;\"><strong>HCYY11112000 Gaffeltruckslyftcylinder<\/strong><\/h1>\n<p><img loading=\"lazy\" decoding=\"async\" class=\"alignnone wp-image-16964\" src=\"https:\/\/www.hydraulic-cylinders.net\/wp-content\/uploads\/2025\/01\/hcyy11112000-forklift-lifting-cylinder-1.webp\" alt=\"\" width=\"1000\" height=\"345\" srcset=\"https:\/\/www.hydraulic-cylinders.net\/wp-content\/uploads\/2025\/01\/hcyy11112000-forklift-lifting-cylinder-1-980x338.webp 980w, https:\/\/www.hydraulic-cylinders.net\/wp-content\/uploads\/2025\/01\/hcyy11112000-forklift-lifting-cylinder-1-480x166.webp 480w\" sizes=\"(min-width: 0px) and (max-width: 480px) 480px, (min-width: 481px) and (max-width: 980px) 980px, (min-width: 981px) 1000px, 100vw\" \/><\/p>\n<p>Gaffeltruckslyftcylindern HCYY11112000 \u00e4r en viktig komponent f\u00f6r gaffeltrucksdrift och underl\u00e4ttar effektiv lyftning och s\u00e4nkning av tunga laster. Denna hydraulcylinder \u00e4r konstruerad f\u00f6r h\u00e5llbarhet och h\u00f6g prestanda och \u00f6kar produktiviteten avsev\u00e4rt i olika industriella milj\u00f6er.<\/p>\n<p>Som en viktig tillg\u00e5ng f\u00f6r all gaffeltrucksoperation har HCYY11112000 en robust design och h\u00f6g lastkapacitet, vilket g\u00f6r den till ett idealiskt val f\u00f6r industrier som lager och bygg. Genom att bekanta sig med dess funktioner, korrekt anv\u00e4ndning och underh\u00e5llskrav kan operat\u00f6rer s\u00e4kerst\u00e4lla att denna hydraulcylinder ger tillf\u00f6rlitlig service och f\u00f6rb\u00e4ttrar produktiviteten i m\u00e5nga \u00e5r.<\/p>\n<h2><strong>HCYY11112000 Gaffeltruckens lyftcylinderparameter:<\/strong><\/h2>\n<h2><img loading=\"lazy\" decoding=\"async\" class=\"alignnone size-full wp-image-16968\" src=\"https:\/\/www.hydraulic-cylinders.net\/wp-content\/uploads\/2025\/01\/hcyy11112000-forklift-lifting-cylinder-5.webp\" alt=\"\" width=\"1517\" height=\"144\" srcset=\"https:\/\/www.hydraulic-cylinders.net\/wp-content\/uploads\/2025\/01\/hcyy11112000-forklift-lifting-cylinder-5.webp 1517w, https:\/\/www.hydraulic-cylinders.net\/wp-content\/uploads\/2025\/01\/hcyy11112000-forklift-lifting-cylinder-5-1280x122.webp 1280w, https:\/\/www.hydraulic-cylinders.net\/wp-content\/uploads\/2025\/01\/hcyy11112000-forklift-lifting-cylinder-5-980x93.webp 980w, https:\/\/www.hydraulic-cylinders.net\/wp-content\/uploads\/2025\/01\/hcyy11112000-forklift-lifting-cylinder-5-480x46.webp 480w\" sizes=\"(min-width: 0px) and (max-width: 480px) 480px, (min-width: 481px) and (max-width: 980px) 980px, (min-width: 981px) and (max-width: 1280px) 1280px, (min-width: 1281px) 1517px, 100vw\" \/><img loading=\"lazy\" decoding=\"async\" class=\"alignnone wp-image-16965\" style=\"color: #666666; font-size: 14px;\" src=\"https:\/\/www.hydraulic-cylinders.net\/wp-content\/uploads\/2025\/01\/hcyy11112000-forklift-lifting-cylinder-2.webp\" alt=\"\" width=\"1000\" height=\"482\" srcset=\"https:\/\/www.hydraulic-cylinders.net\/wp-content\/uploads\/2025\/01\/hcyy11112000-forklift-lifting-cylinder-2-980x472.webp 980w, https:\/\/www.hydraulic-cylinders.net\/wp-content\/uploads\/2025\/01\/hcyy11112000-forklift-lifting-cylinder-2-480x231.webp 480w\" sizes=\"(min-width: 0px) and (max-width: 480px) 480px, (min-width: 481px) and (max-width: 980px) 980px, (min-width: 981px) 1000px, 100vw\" \/><span style=\"color: #666666; font-size: 14px;\">\u00a0<\/span><img loading=\"lazy\" decoding=\"async\" class=\"alignnone wp-image-16966\" style=\"color: #666666; font-size: 14px;\" src=\"https:\/\/www.hydraulic-cylinders.net\/wp-content\/uploads\/2025\/01\/hcyy11112000-forklift-lifting-cylinder-3.webp\" alt=\"\" width=\"1000\" height=\"482\" srcset=\"https:\/\/www.hydraulic-cylinders.net\/wp-content\/uploads\/2025\/01\/hcyy11112000-forklift-lifting-cylinder-3-980x473.webp 980w, https:\/\/www.hydraulic-cylinders.net\/wp-content\/uploads\/2025\/01\/hcyy11112000-forklift-lifting-cylinder-3-480x232.webp 480w\" sizes=\"(min-width: 0px) and (max-width: 480px) 480px, (min-width: 481px) and (max-width: 980px) 980px, (min-width: 981px) 1000px, 100vw\" \/><img loading=\"lazy\" decoding=\"async\" class=\"alignnone size-full wp-image-16967\" src=\"https:\/\/www.hydraulic-cylinders.net\/wp-content\/uploads\/2025\/01\/hcyy11112000-forklift-lifting-cylinder-4.webp\" alt=\"\" width=\"1496\" height=\"774\" srcset=\"https:\/\/www.hydraulic-cylinders.net\/wp-content\/uploads\/2025\/01\/hcyy11112000-forklift-lifting-cylinder-4.webp 1496w, https:\/\/www.hydraulic-cylinders.net\/wp-content\/uploads\/2025\/01\/hcyy11112000-forklift-lifting-cylinder-4-1280x662.webp 1280w, https:\/\/www.hydraulic-cylinders.net\/wp-content\/uploads\/2025\/01\/hcyy11112000-forklift-lifting-cylinder-4-980x507.webp 980w, https:\/\/www.hydraulic-cylinders.net\/wp-content\/uploads\/2025\/01\/hcyy11112000-forklift-lifting-cylinder-4-480x248.webp 480w\" sizes=\"(min-width: 0px) and (max-width: 480px) 480px, (min-width: 481px) and (max-width: 980px) 980px, (min-width: 981px) and (max-width: 1280px) 1280px, (min-width: 1281px) 1496px, 100vw\" \/><\/h2>\n<h2><strong>Gaffeltruckcylinderserie:\u00a0<\/strong><\/h2>\n<h2><img loading=\"lazy\" decoding=\"async\" class=\"alignnone size-full wp-image-16971\" src=\"https:\/\/www.hydraulic-cylinders.net\/wp-content\/uploads\/2025\/01\/fork-lift-cylinder.webp\" alt=\"\" width=\"2004\" height=\"2529\" srcset=\"https:\/\/www.hydraulic-cylinders.net\/wp-content\/uploads\/2025\/01\/fork-lift-cylinder.webp 2004w, https:\/\/www.hydraulic-cylinders.net\/wp-content\/uploads\/2025\/01\/fork-lift-cylinder-1280x1615.webp 1280w, https:\/\/www.hydraulic-cylinders.net\/wp-content\/uploads\/2025\/01\/fork-lift-cylinder-980x1237.webp 980w, https:\/\/www.hydraulic-cylinders.net\/wp-content\/uploads\/2025\/01\/fork-lift-cylinder-480x606.webp 480w\" sizes=\"(min-width: 0px) and (max-width: 480px) 480px, (min-width: 481px) and (max-width: 980px) 980px, (min-width: 981px) and (max-width: 1280px) 1280px, (min-width: 1281px) 2004px, 100vw\" \/><\/h2>\n<h2><strong>Viktiga funktioner hos HCYY11112000 gaffeltruckslyftcylinder:<\/strong><\/h2>\n<p>Gaffeltruckslyftcylindern HCYY11112000 \u00e4r konstruerad med flera framst\u00e5ende funktioner som f\u00f6rb\u00e4ttrar dess prestanda och tillf\u00f6rlitlighet i kr\u00e4vande industriella milj\u00f6er.<\/p>\n<h4><strong>H\u00f6g lastkapacitet<\/strong><\/h4>\n<p>HCYY11112000 \u00e4r konstruerad f\u00f6r tunga till\u00e4mpningar och kan enkelt hantera stora vikter. Denna h\u00f6ga lastkapacitet s\u00e4kerst\u00e4ller att operat\u00f6rer kan lyfta och transportera stora material med tillf\u00f6rsikt, vilket g\u00f6r den till ett ov\u00e4rderligt verktyg i lager, byggarbetsplatser och tillverkningsanl\u00e4ggningar.<\/p>\n<h4><strong>H\u00e5llbar konstruktion<\/strong><\/h4>\n<p>Denna cylinder \u00e4r tillverkad av h\u00f6gh\u00e5llfasta material och har exceptionell h\u00e5llbarhet. Dess robusta design \u00e4r slitstark, vilket g\u00f6r att den klarar av daglig anv\u00e4ndning. Denna h\u00e5llbarhet leder till l\u00e4ngre livsl\u00e4ngd, vilket minskar behovet av frekventa byten och minimerar driftskostnaderna.<\/p>\n<h4><strong>Precisionsteknik<\/strong><\/h4>\n<p>HCYY11112000 har en innovativ design som fr\u00e4mjar smidiga och exakta lyft. Denna precisionsteknik minimerar risken f\u00f6r lastf\u00f6rskjutning, vilket \u00f6kar s\u00e4kerheten under arbetet. Operat\u00f6rer kan lita p\u00e5 att cylindern bibeh\u00e5ller stabiliteten, \u00e4ven vid lyft av oj\u00e4mna eller skrymmande laster.<\/p>\n<h4><strong>Korrosionsbest\u00e4ndighet<\/strong><\/h4>\n<p>I kr\u00e4vande milj\u00f6er kan exponering f\u00f6r fukt och starka kemikalier leda till f\u00f6r tidig f\u00f6rs\u00e4mring. HCYY11112000 \u00e4r utrustad med speciella bel\u00e4ggningar som ger effektivt skydd mot rost och korrosion. Denna funktion s\u00e4kerst\u00e4ller tillf\u00f6rlitlig drift och f\u00f6rl\u00e4nger cylinderns livsl\u00e4ngd, oavsett vilka f\u00f6rh\u00e5llanden den uts\u00e4tts f\u00f6r.<\/p>\n<h4><strong>Effektiv drift<\/strong><\/h4>\n<p>En optimerad hydraulisk fl\u00f6desdesign f\u00f6rb\u00e4ttrar lyfthastigheten och effektiviteten hos HCYY11112000. Denna genomt\u00e4nkta konstruktion minskar stillest\u00e5ndstiden, vilket g\u00f6r att operat\u00f6rerna kan slutf\u00f6ra uppgifter snabbare och mer effektivt. Den f\u00f6rb\u00e4ttrade prestandan sparar inte bara tid utan f\u00f6rb\u00e4ttrar ocks\u00e5 den totala produktiviteten i snabba arbetsmilj\u00f6er.<\/p>\n<h4><strong>M\u00e5ngsidig till\u00e4mpning<\/strong><\/h4>\n<p>HCYY11112000 \u00e4r m\u00e5ngsidig nog att anv\u00e4ndas i en m\u00e4ngd olika till\u00e4mpningar, fr\u00e5n att lyfta tunga industrikomponenter till att hantera pallar i ett lager. Dess anpassningsf\u00f6rm\u00e5ga g\u00f6r den till ett f\u00f6redraget val inom flera branscher, vilket s\u00e4kerst\u00e4ller att den m\u00f6ter operat\u00f6rernas olika behov.<\/p>\n<h4><strong>Enkel installation och underh\u00e5ll<\/strong><\/h4>\n<p>HCYY11112000 \u00e4r utformad med anv\u00e4ndarv\u00e4nlighet i \u00e5tanke och m\u00f6jligg\u00f6r enkel installation och underh\u00e5ll. Operat\u00f6rer kan snabbt konfigurera den och utf\u00f6ra regelbundna kontroller, vilket s\u00e4kerst\u00e4ller problemfri funktion utan omfattande driftstopp.<\/p>\n<p>Med sina imponerande funktioner f\u00f6rb\u00e4ttrar inte bara lyfteffektiviteten hos gaffeltruckslyftcylindern HCYY11112000 utan h\u00f6jer \u00e4ven s\u00e4kerhets- och h\u00e5llbarhetsstandarderna. Genom att investera i denna h\u00f6gpresterande cylinder kan industrier \u00f6ka produktiviteten och s\u00e4kerst\u00e4lla tillf\u00f6rlitlig drift i m\u00e5nga \u00e5r.<\/p>\n<h2><strong>Vilka viktiga underh\u00e5llsmetoder hj\u00e4lper till att f\u00f6rl\u00e4nga livsl\u00e4ngden p\u00e5 en gaffeltrucks lyftcylinder?<\/strong><\/h2>\n<p>F\u00f6r att avsev\u00e4rt f\u00f6rl\u00e4nga livsl\u00e4ngden p\u00e5 en gaffeltrucks lyftcylinder \u00e4r det viktigt att anta en proaktiv underh\u00e5llsmetod. H\u00e4r \u00e4r n\u00e5gra viktiga metoder som inte bara f\u00f6rb\u00e4ttrar livsl\u00e4ngden utan ocks\u00e5 s\u00e4kerst\u00e4ller s\u00e4ker och effektiv drift:<\/p>\n<h4><strong>1. Regelbundna inspektioner<\/strong><\/h4>\n<ul>\n<li><strong>Varf\u00f6r det spelar roll<\/strong>Regelbundna inspektioner \u00e4r avg\u00f6rande f\u00f6r att identifiera slitage, l\u00e4ckor eller skador tidigt. Att uppt\u00e4cka dessa problem innan de eskalerar kan spara p\u00e5 kostsamma reparationer och driftstopp.<\/li>\n<li><strong>Dricks<\/strong>Skapa en checklista f\u00f6r att systematiskt inspektera alla komponenter, inklusive slangar, t\u00e4tningar och sj\u00e4lva cylindern.<\/li>\n<\/ul>\n<h4><strong>2. Kontroller av hydraulv\u00e4tska<\/strong><\/h4>\n<ul>\n<li><strong>Varf\u00f6r det spelar roll<\/strong>Hydraulv\u00e4tskan fungerar som lyftcylinderns livsnerv och m\u00f6jligg\u00f6r smidig drift. Att uppr\u00e4tth\u00e5lla r\u00e4tt v\u00e4tskeniv\u00e5er och kvalitet \u00e4r avg\u00f6rande f\u00f6r optimal prestanda.<\/li>\n<li><strong>Dricks<\/strong>Kontrollera regelbundet om det finns f\u00f6roreningar och byt v\u00e4tska enligt tillverkarens rekommendationer.<\/li>\n<\/ul>\n<h4><strong>3. T\u00e4tningsunderh\u00e5ll<\/strong><\/h4>\n<ul>\n<li><strong>Varf\u00f6r det spelar roll<\/strong>T\u00e4tningar spelar en avg\u00f6rande roll f\u00f6r att f\u00f6rhindra l\u00e4ckor och uppr\u00e4tth\u00e5lla trycket i cylindern. Slitna eller skadade t\u00e4tningar kan leda till prestandaproblem och s\u00e4kerhetsrisker.<\/li>\n<li><strong>Dricks<\/strong>Kontrollera t\u00e4tningarna vid regelbundna kontroller och byt ut dem omedelbart f\u00f6r att undvika st\u00f6rre problem.<\/li>\n<\/ul>\n<h4><strong>4. Reng\u00f6ring<\/strong><\/h4>\n<ul>\n<li><strong>Varf\u00f6r det spelar roll<\/strong>Att h\u00e5lla cylindern och omgivande omr\u00e5den fria fr\u00e5n smuts och skr\u00e4p \u00e4r viktigt f\u00f6r att f\u00f6rhindra kontaminering och s\u00e4kerst\u00e4lla problemfri drift.<\/li>\n<li><strong>Dricks<\/strong>Anv\u00e4nd en mjuk trasa och l\u00e4mpliga reng\u00f6ringsmedel f\u00f6r att undvika att skada ytan samtidigt som omr\u00e5det f\u00f6rblir rent.<\/li>\n<\/ul>\n<h4><strong>5. Sm\u00f6rjning<\/strong><\/h4>\n<ul>\n<li><strong>Varf\u00f6r det spelar roll<\/strong>Korrekt sm\u00f6rjning av r\u00f6rliga delar minskar friktion och slitage, vilket kan f\u00f6rl\u00e4nga cylinderns livsl\u00e4ngd.<\/li>\n<li><strong>Dricks<\/strong>F\u00f6lj tillverkarens anvisningar f\u00f6r sm\u00f6rjmedel och se till att alla r\u00f6rliga delar \u00e4r ordentligt underh\u00e5llna.<\/li>\n<\/ul>\n<h4><strong>6. Lasthantering<\/strong><\/h4>\n<ul>\n<li><strong>Varf\u00f6r det spelar roll<\/strong>Att arbeta inom den angivna lastkapaciteten \u00e4r avg\u00f6rande f\u00f6r s\u00e4kerhet och effektivitet. \u00d6verbelastning kan leda till mekaniskt fel och \u00f6kat slitage.<\/li>\n<li><strong>Dricks<\/strong>Var alltid medveten om lastgr\u00e4nserna och utbilda operat\u00f6rerna att inse vikten av att f\u00f6lja dem.<\/li>\n<\/ul>\n<h4><strong>7. Professionell service<\/strong><\/h4>\n<ul>\n<li><strong>Varf\u00f6r det spelar roll<\/strong>Att anlita fackm\u00e4n f\u00f6r regelbundna underh\u00e5llskontroller kan hj\u00e4lpa till att identifiera potentiella problem som kanske inte \u00e4r uppenbara vid rutininspektioner.<\/li>\n<li><strong>Dricks<\/strong>Uppr\u00e4tta ett underh\u00e5llsschema med en certifierad tekniker f\u00f6r att s\u00e4kerst\u00e4lla att alla komponenter \u00e4r i toppskick.<\/li>\n<\/ul>\n<p>Genom att integrera dessa viktiga underh\u00e5llsrutiner i din rutin f\u00f6rl\u00e4nger du livsl\u00e4ngden p\u00e5 din gaffeltrucks lyftcylinder och f\u00f6rb\u00e4ttrar s\u00e4kerheten och effektiviteten i hela din verksamhet. En v\u00e4l underh\u00e5llen lyftcylinder kan leda till \u00f6kad produktivitet, minskade driftskostnader och en s\u00e4krare arbetsplats, vilket g\u00f6r dessa rutiner v\u00e4l v\u00e4rda anstr\u00e4ngningen!<\/p>\n<h2><strong>Produktionsomr\u00e5de f\u00f6r gaffeltruckcylinder:<\/strong><\/h2>\n<h2><img loading=\"lazy\" decoding=\"async\" class=\"alignnone size-full wp-image-16972\" src=\"https:\/\/www.hydraulic-cylinders.net\/wp-content\/uploads\/2025\/01\/hydraulic-cylinder-factory-1-scaled.webp\" alt=\"\" width=\"2016\" height=\"2560\" srcset=\"https:\/\/www.hydraulic-cylinders.net\/wp-content\/uploads\/2025\/01\/hydraulic-cylinder-factory-1-scaled.webp 2016w, https:\/\/www.hydraulic-cylinders.net\/wp-content\/uploads\/2025\/01\/hydraulic-cylinder-factory-1-1280x1625.webp 1280w, https:\/\/www.hydraulic-cylinders.net\/wp-content\/uploads\/2025\/01\/hydraulic-cylinder-factory-1-980x1244.webp 980w, https:\/\/www.hydraulic-cylinders.net\/wp-content\/uploads\/2025\/01\/hydraulic-cylinder-factory-1-480x610.webp 480w\" sizes=\"(min-width: 0px) and (max-width: 480px) 480px, (min-width: 481px) and (max-width: 980px) 980px, (min-width: 981px) and (max-width: 1280px) 1280px, (min-width: 1281px) 2016px, 100vw\" \/><\/h2>\n<p>Vi har en f\u00f6rstklassig oberoende FoU-plattform f\u00f6r montering. Verkstaden f\u00f6r tillverkning av gaffeltruckcylindrar har fyra halvautomatiska monteringslinjer f\u00f6r lyftcylindrar och en helautomatisk monteringslinje f\u00f6r tippcylindrar med en planerad \u00e5rlig produktionskapacitet p\u00e5 en miljon stycken. Specialcylinderverkstaden har halvautomatiska reng\u00f6rings- och monteringssystem med olika specifikationer med en planerad \u00e5rlig produktionskapacitet p\u00e5 200 000 stycken. Den \u00e4r utrustad med CNC-bearbetningsutrustning av k\u00e4nda m\u00e4rkesm\u00e4rken, fleroperationscentra, specialutrustning f\u00f6r h\u00f6gprecisionscylindrar, robotsvetsmaskiner, automatiska reng\u00f6ringsmaskiner, automatiska cylindermonteringsmaskiner och automatiska f\u00e4rgproduktionslinjer. Vi har mer \u00e4n 300 upps\u00e4ttningar nyckelutrustning i drift. Optimerad allokering och effektiv anv\u00e4ndning av utrustningsresurser s\u00e4kerst\u00e4ller produkternas precisionskrav och uppfyller produkternas h\u00f6ga kvalitetskrav.<\/p>\n<p>Bearbetningsverkstaden \u00e4r utrustad med specialtillverkade svarvcentra f\u00f6r tiltstyrningsskenor, bearbetningscentra, h\u00f6ghastighetsh\u00f6nsmaskiner, svetsrobotar och annan relevant utrustning, som kan hantera bearbetning av cylinderr\u00f6r med en maximal innerdiameter p\u00e5 400 mm och en maximal l\u00e4ngd p\u00e5 6 meter.<\/p>\n<h2><img loading=\"lazy\" decoding=\"async\" class=\"alignnone size-full wp-image-16973\" src=\"https:\/\/www.hydraulic-cylinders.net\/wp-content\/uploads\/2025\/01\/hydraulic-cylinder-factory-2-scaled.webp\" alt=\"\" width=\"2011\" height=\"2560\" srcset=\"https:\/\/www.hydraulic-cylinders.net\/wp-content\/uploads\/2025\/01\/hydraulic-cylinder-factory-2-scaled.webp 2011w, https:\/\/www.hydraulic-cylinders.net\/wp-content\/uploads\/2025\/01\/hydraulic-cylinder-factory-2-1280x1629.webp 1280w, https:\/\/www.hydraulic-cylinders.net\/wp-content\/uploads\/2025\/01\/hydraulic-cylinder-factory-2-980x1248.webp 980w, https:\/\/www.hydraulic-cylinders.net\/wp-content\/uploads\/2025\/01\/hydraulic-cylinder-factory-2-480x611.webp 480w\" sizes=\"(min-width: 0px) and (max-width: 480px) 480px, (min-width: 481px) and (max-width: 980px) 980px, (min-width: 981px) and (max-width: 1280px) 1280px, (min-width: 1281px) 2011px, 100vw\" \/><\/h2>\n<p>Vi har en helautomatisk vattenbaserad f\u00e4rglinje f\u00f6r sm\u00e5 och medelstora cylindrar, som m\u00f6jligg\u00f6r automatisk lastning och lossning samt automatiska sprutrobotar med en konstruerad produktionskapacitet p\u00e5 4000 platser per skift. Vi har ytterligare en halvautomatisk m\u00e5lningslinje f\u00f6r storskaliga cylindrar som drivs av en sl\u00e4pkedja, och den konstruerade kapaciteten \u00e4r 60 l\u00e5dor per skift.<\/p>\n<p>F\u00f6r att ytterligare f\u00f6rb\u00e4ttra produkternas prestanda och etablera en ledande position f\u00f6r v\u00e5ra hydraulcylindrar i branschen har v\u00e5rt f\u00f6retag och zjimee gemensamt etablerat ett omfattande prestandalaboratorium f\u00f6r hydraulcylindrar, hydraulventiler och hydraulpumpar. Labbet utf\u00f6r datorst\u00f6dd testning med elektrohydraulisk teknik, testf\u00f6rh\u00e5llandena f\u00f6rinst\u00e4lls av en dator vilket f\u00f6rb\u00e4ttrar testnoggrannheten och systemets m\u00e5ngsidighet, samt de experimentella data.<\/p>\n<p>Den automatiska insamlingen sker genom anv\u00e4ndning av sensorer, och utdata, s\u00e5som internt l\u00e4ckage och lasteffektivitet hos cylindern eller ventilen, bearbetas direkt av datorn och konverteras till standardenheter (ml\/min%). Samtidigt, f\u00f6r att s\u00e4kerst\u00e4lla hydraulsystemets arbetss\u00e4kerhet, utf\u00f6rs tillst\u00e5nds\u00f6vervakningsfunktionen f\u00f6r viktiga prestandaparametrar som \"oljetemperatur\u00f6vervakning, v\u00e4tskeniv\u00e5\u00f6vervakning, filterenhets\u00f6vervakning\" etc. Bland dessa kan hydraulcylinderns testb\u00e4nk testa prestandan hos \"lasten\".<br \/>\neffektivitet \"och\" internt l\u00e4ckage\" genom avl\u00e4sningar. Samtidigt \u00e4r den utrustad med ett gitterlinjalm\u00e4tinstrument som uppfyller kraven f\u00f6r alla testartiklar av hydraulcylinderprodukter enligt den nationella standarden.<\/p>","protected":false},"excerpt":{"rendered":"<p>HCYY11112000 Forklift Lifting Cylinder The HCYY11112000 Forklift Lifting Cylinder is a crucial component for forklift operations, facilitating the efficient lifting and lowering of heavy loads. Engineered for durability and high performance, this hydraulic cylinder significantly boosts productivity across various industrial environments. As an essential asset for any forklift operation, the HCYY11112000 features a robust design [&hellip;]<\/p>","protected":false},"featured_media":16974,"comment_status":"open","ping_status":"closed","template":"","meta":{"_et_pb_use_builder":"","_et_pb_old_content":"","_et_gb_content_width":""},"product_brand":[],"product_cat":[1484,1549],"product_tag":[],"class_list":{"0":"post-16960","1":"product","2":"type-product","3":"status-publish","4":"has-post-thumbnail","6":"product_cat-forklift-hydraulic-cylinders","7":"product_cat-single-acting-hydraulic-cylinder","9":"first","10":"instock","11":"shipping-taxable","12":"product-type-simple"},"amp_enabled":true,"_links":{"self":[{"href":"https:\/\/www.hydraulic-cylinders.net\/sv\/wp-json\/wp\/v2\/product\/16960","targetHints":{"allow":["GET"]}}],"collection":[{"href":"https:\/\/www.hydraulic-cylinders.net\/sv\/wp-json\/wp\/v2\/product"}],"about":[{"href":"https:\/\/www.hydraulic-cylinders.net\/sv\/wp-json\/wp\/v2\/types\/product"}],"replies":[{"embeddable":true,"href":"https:\/\/www.hydraulic-cylinders.net\/sv\/wp-json\/wp\/v2\/comments?post=16960"}],"wp:featuredmedia":[{"embeddable":true,"href":"https:\/\/www.hydraulic-cylinders.net\/sv\/wp-json\/wp\/v2\/media\/16974"}],"wp:attachment":[{"href":"https:\/\/www.hydraulic-cylinders.net\/sv\/wp-json\/wp\/v2\/media?parent=16960"}],"wp:term":[{"taxonomy":"product_brand","embeddable":true,"href":"https:\/\/www.hydraulic-cylinders.net\/sv\/wp-json\/wp\/v2\/product_brand?post=16960"},{"taxonomy":"product_cat","embeddable":true,"href":"https:\/\/www.hydraulic-cylinders.net\/sv\/wp-json\/wp\/v2\/product_cat?post=16960"},{"taxonomy":"product_tag","embeddable":true,"href":"https:\/\/www.hydraulic-cylinders.net\/sv\/wp-json\/wp\/v2\/product_tag?post=16960"}],"curies":[{"name":"wp","href":"https:\/\/api.w.org\/{rel}","templated":true}]}}