{"id":17038,"date":"2025-01-23T08:39:26","date_gmt":"2025-01-23T08:39:26","guid":{"rendered":"https:\/\/www.hydraulic-cylinders.net\/?post_type=product&#038;p=17038"},"modified":"2025-04-15T05:47:49","modified_gmt":"2025-04-15T05:47:49","slug":"hcyy11112015-telescopic-cylinder-for-environmental-protection","status":"publish","type":"product","link":"https:\/\/www.hydraulic-cylinders.net\/sv\/produkt\/hcyy11112015-telescopic-cylinder-for-environmental-protection\/","title":{"rendered":"HCYY11112015 Teleskopcylinder f\u00f6r milj\u00f6skydd"},"content":{"rendered":"<h1 style=\"text-align: center;\"><strong>HCYY11112015 Teleskopcylinder f\u00f6r milj\u00f6skydd<\/strong><\/h1>\n<h1 style=\"text-align: center;\"><img loading=\"lazy\" decoding=\"async\" class=\"alignnone size-full wp-image-17040\" src=\"https:\/\/www.hydraulic-cylinders.net\/wp-content\/uploads\/2025\/01\/hcyy11112015-telescopic-cylinder-2.webp\" alt=\"\" width=\"1497\" height=\"514\" srcset=\"https:\/\/www.hydraulic-cylinders.net\/wp-content\/uploads\/2025\/01\/hcyy11112015-telescopic-cylinder-2.webp 1497w, https:\/\/www.hydraulic-cylinders.net\/wp-content\/uploads\/2025\/01\/hcyy11112015-telescopic-cylinder-2-1280x439.webp 1280w, https:\/\/www.hydraulic-cylinders.net\/wp-content\/uploads\/2025\/01\/hcyy11112015-telescopic-cylinder-2-980x336.webp 980w, https:\/\/www.hydraulic-cylinders.net\/wp-content\/uploads\/2025\/01\/hcyy11112015-telescopic-cylinder-2-480x165.webp 480w\" sizes=\"(min-width: 0px) and (max-width: 480px) 480px, (min-width: 481px) and (max-width: 980px) 980px, (min-width: 981px) and (max-width: 1280px) 1280px, (min-width: 1281px) 1497px, 100vw\" \/><\/h1>\n<p>Teleskopcylindern HCYY11112015 \u00e4r expertutvecklad f\u00f6r industrier som kr\u00e4ver b\u00e5de h\u00f6g effektivitet och ett engagemang f\u00f6r milj\u00f6m\u00e4ssig h\u00e5llbarhet. Denna banbrytande cylinder levererar exceptionell prestanda samtidigt som den inneh\u00e5ller milj\u00f6v\u00e4nliga funktioner, vilket g\u00f6r den till en idealisk l\u00f6sning f\u00f6r en m\u00e4ngd olika till\u00e4mpningar, inklusive bygg, tillverkning och avfallshantering.<\/p>\n<p>F\u00f6rest\u00e4ll dig en produkt som inte bara uppfyller de h\u00f6ga kraven i din verksamhet utan ocks\u00e5 bidrar till en h\u00e4lsosammare planet. HCYY11112015 uppn\u00e5r denna balans utan anstr\u00e4ngning. Dess innovativa design m\u00f6jligg\u00f6r maximal styrka och h\u00e5llbarhet, vilket s\u00e4kerst\u00e4ller att den enkelt kan hantera tunga belastningar och utmanande f\u00f6rh\u00e5llanden.<\/p>\n<p>Oavsett om du lyfter material p\u00e5 en byggarbetsplats, effektiviserar processer i en tillverkningsanl\u00e4ggning eller hanterar avfall effektivt, utm\u00e4rker sig denna teleskopcylinder som det b\u00e4sta valet. Den g\u00f6r det m\u00f6jligt f\u00f6r industrier att arbeta effektivt samtidigt som de minimerar sitt koldioxidavtryck, vilket passar perfekt in i dagens gr\u00f6na initiativ.<\/p>\n<p>V\u00e4lj teleskopcylindern HCYY11112015 och upplev den perfekta blandningen av kraft och h\u00e5llbarhet, som revolutionerar hur du hanterar industriella utmaningar. Omfamna en framtid d\u00e4r prestanda och milj\u00f6ansvar g\u00e5r hand i hand.<\/p>\n<h2><strong>HCYY11112015 Teleskopcylinder f\u00f6r milj\u00f6skydd Parameter:<\/strong><\/h2>\n<h1 style=\"text-align: center;\"><img loading=\"lazy\" decoding=\"async\" class=\"alignnone size-full wp-image-17039\" src=\"https:\/\/www.hydraulic-cylinders.net\/wp-content\/uploads\/2025\/01\/hcyy11112015-telescopic-cylinder-1.webp\" alt=\"\" width=\"1512\" height=\"142\" srcset=\"https:\/\/www.hydraulic-cylinders.net\/wp-content\/uploads\/2025\/01\/hcyy11112015-telescopic-cylinder-1.webp 1512w, https:\/\/www.hydraulic-cylinders.net\/wp-content\/uploads\/2025\/01\/hcyy11112015-telescopic-cylinder-1-1280x120.webp 1280w, https:\/\/www.hydraulic-cylinders.net\/wp-content\/uploads\/2025\/01\/hcyy11112015-telescopic-cylinder-1-980x92.webp 980w, https:\/\/www.hydraulic-cylinders.net\/wp-content\/uploads\/2025\/01\/hcyy11112015-telescopic-cylinder-1-480x45.webp 480w\" sizes=\"(min-width: 0px) and (max-width: 480px) 480px, (min-width: 481px) and (max-width: 980px) 980px, (min-width: 981px) and (max-width: 1280px) 1280px, (min-width: 1281px) 1512px, 100vw\" \/><\/h1>\n<h1 style=\"text-align: center;\"><img loading=\"lazy\" decoding=\"async\" class=\"alignnone size-full wp-image-17041\" src=\"https:\/\/www.hydraulic-cylinders.net\/wp-content\/uploads\/2025\/01\/hcyy11112015-telescopic-cylinder-3.webp\" alt=\"\" width=\"1477\" height=\"711\" srcset=\"https:\/\/www.hydraulic-cylinders.net\/wp-content\/uploads\/2025\/01\/hcyy11112015-telescopic-cylinder-3.webp 1477w, https:\/\/www.hydraulic-cylinders.net\/wp-content\/uploads\/2025\/01\/hcyy11112015-telescopic-cylinder-3-1280x616.webp 1280w, https:\/\/www.hydraulic-cylinders.net\/wp-content\/uploads\/2025\/01\/hcyy11112015-telescopic-cylinder-3-980x472.webp 980w, https:\/\/www.hydraulic-cylinders.net\/wp-content\/uploads\/2025\/01\/hcyy11112015-telescopic-cylinder-3-480x231.webp 480w\" sizes=\"(min-width: 0px) and (max-width: 480px) 480px, (min-width: 481px) and (max-width: 980px) 980px, (min-width: 981px) and (max-width: 1280px) 1280px, (min-width: 1281px) 1477px, 100vw\" \/> <img loading=\"lazy\" decoding=\"async\" class=\"alignnone size-full wp-image-17042\" src=\"https:\/\/www.hydraulic-cylinders.net\/wp-content\/uploads\/2025\/01\/hcyy11112015-telescopic-cylinder-4.webp\" alt=\"\" width=\"1479\" height=\"707\" srcset=\"https:\/\/www.hydraulic-cylinders.net\/wp-content\/uploads\/2025\/01\/hcyy11112015-telescopic-cylinder-4.webp 1479w, https:\/\/www.hydraulic-cylinders.net\/wp-content\/uploads\/2025\/01\/hcyy11112015-telescopic-cylinder-4-1280x612.webp 1280w, https:\/\/www.hydraulic-cylinders.net\/wp-content\/uploads\/2025\/01\/hcyy11112015-telescopic-cylinder-4-980x468.webp 980w, https:\/\/www.hydraulic-cylinders.net\/wp-content\/uploads\/2025\/01\/hcyy11112015-telescopic-cylinder-4-480x229.webp 480w\" sizes=\"(min-width: 0px) and (max-width: 480px) 480px, (min-width: 481px) and (max-width: 980px) 980px, (min-width: 981px) and (max-width: 1280px) 1280px, (min-width: 1281px) 1479px, 100vw\" \/> <img loading=\"lazy\" decoding=\"async\" class=\"alignnone size-full wp-image-17043\" src=\"https:\/\/www.hydraulic-cylinders.net\/wp-content\/uploads\/2025\/01\/hcyy11112015-telescopic-cylinder-5.webp\" alt=\"\" width=\"1465\" height=\"754\" srcset=\"https:\/\/www.hydraulic-cylinders.net\/wp-content\/uploads\/2025\/01\/hcyy11112015-telescopic-cylinder-5.webp 1465w, https:\/\/www.hydraulic-cylinders.net\/wp-content\/uploads\/2025\/01\/hcyy11112015-telescopic-cylinder-5-1280x659.webp 1280w, https:\/\/www.hydraulic-cylinders.net\/wp-content\/uploads\/2025\/01\/hcyy11112015-telescopic-cylinder-5-980x504.webp 980w, https:\/\/www.hydraulic-cylinders.net\/wp-content\/uploads\/2025\/01\/hcyy11112015-telescopic-cylinder-5-480x247.webp 480w\" sizes=\"(min-width: 0px) and (max-width: 480px) 480px, (min-width: 481px) and (max-width: 980px) 980px, (min-width: 981px) and (max-width: 1280px) 1280px, (min-width: 1281px) 1465px, 100vw\" \/><\/h1>\n<h2><strong>Cylinderserie f\u00f6r milj\u00f6skydd:<\/strong><\/h2>\n<h2><img loading=\"lazy\" decoding=\"async\" class=\"alignnone size-full wp-image-17030\" src=\"https:\/\/www.hydraulic-cylinders.net\/wp-content\/uploads\/2025\/01\/cylinder-series-for-environmental-protection-scaled.webp\" alt=\"\" width=\"2044\" height=\"2560\" srcset=\"https:\/\/www.hydraulic-cylinders.net\/wp-content\/uploads\/2025\/01\/cylinder-series-for-environmental-protection-scaled.webp 2044w, https:\/\/www.hydraulic-cylinders.net\/wp-content\/uploads\/2025\/01\/cylinder-series-for-environmental-protection-1280x1603.webp 1280w, https:\/\/www.hydraulic-cylinders.net\/wp-content\/uploads\/2025\/01\/cylinder-series-for-environmental-protection-980x1227.webp 980w, https:\/\/www.hydraulic-cylinders.net\/wp-content\/uploads\/2025\/01\/cylinder-series-for-environmental-protection-480x601.webp 480w\" sizes=\"(min-width: 0px) and (max-width: 480px) 480px, (min-width: 481px) and (max-width: 980px) 980px, (min-width: 981px) and (max-width: 1280px) 1280px, (min-width: 1281px) 2044px, 100vw\" \/><\/h2>\n<h2><strong>Viktiga funktioner hos HCYY11112015 teleskopcylinder f\u00f6r milj\u00f6skydd:<\/strong><\/h2>\n<h4><strong>Milj\u00f6v\u00e4nliga material<\/strong><\/h4>\n<p>Teleskopcylindern HCYY11112015 \u00e4r tillverkad av h\u00f6gkvalitativa, \u00e5tervinningsbara komponenter. Denna genomt\u00e4nkta design minskar inte bara milj\u00f6p\u00e5verkan avsev\u00e4rt utan st\u00f6der \u00e4ven en cirkul\u00e4r ekonomi. Genom att v\u00e4lja denna cylinder v\u00e4ljer du medvetet att anv\u00e4nda material som kan \u00e5teranv\u00e4ndas, vilket bidrar till en h\u00e5llbar framtid.<\/p>\n<h4><strong>Energieffektivitet<\/strong><\/h4>\n<p>Med anm\u00e4rkningsv\u00e4rt l\u00e5g energif\u00f6rbrukning hj\u00e4lper HCYY11112015 f\u00f6retag att minska driftskostnaderna samtidigt som de minimerar sina koldioxidavtryck. Denna energieffektiva design m\u00f6jligg\u00f6r \u00f6kad produktivitet utan att offra milj\u00f6ansvar, vilket g\u00f6r den till ett idealiskt val f\u00f6r f\u00f6retag som vill optimera sin verksamhet samtidigt som de h\u00e5ller sig trogna sina h\u00e5llbarhetsm\u00e5l.<\/p>\n<h4><strong>Avancerad t\u00e4tningsteknik<\/strong><\/h4>\n<p>S\u00e4kerhet och efterlevnad \u00e4r av st\u00f6rsta vikt inom industriell verksamhet. HCYY11112015 har ett avancerat t\u00e4tningssystem som effektivt f\u00f6rhindrar l\u00e4ckage, vilket skyddar dina processer och milj\u00f6n. Denna innovation s\u00e4kerst\u00e4ller att strikta milj\u00f6f\u00f6reskrifter f\u00f6ljs, vilket g\u00f6r att du kan arbeta tryggt och konsekvent.<\/p>\n<h4><strong>H\u00e5llbar konstruktion<\/strong><\/h4>\n<p>HCYY11112015 \u00e4r byggd f\u00f6r att klara \u00e4ven de mest extrema f\u00f6rh\u00e5llandena och har en l\u00e5ng livsl\u00e4ngd som avsev\u00e4rt minskar behovet av frekventa byten. Denna h\u00e5llbarhet \u00f6kar inte bara tillf\u00f6rlitligheten utan leder ocks\u00e5 till l\u00e4gre underh\u00e5llskostnader \u00f6ver tid. Att investera i denna cylinder inneb\u00e4r att investera i en l\u00f6sning som h\u00e5ller i l\u00e4ngden.<\/p>\n<h4><strong>Kompakt design<\/strong><\/h4>\n<p>Den teleskopiska funktionen hos HCYY11112015 m\u00f6jligg\u00f6r s\u00f6ml\u00f6s integration i tr\u00e5nga utrymmen, vilket maximerar funktionaliteten utan att kompromissa med effektiviteten. Denna kompakta design g\u00f6r den till ett m\u00e5ngsidigt alternativ f\u00f6r olika till\u00e4mpningar, vilket g\u00f6r det m\u00f6jligt f\u00f6r f\u00f6retag att optimera sina arbetsfl\u00f6den och utnyttja utrymmet effektivt.<\/p>\n<p>Sammanfattningsvis \u00e4r HCYY11112015 teleskopcylinder inte bara en utrustningsdel; det \u00e4r en fram\u00e5tt\u00e4nkande l\u00f6sning som f\u00f6rkroppsligar styrka, effektivitet och milj\u00f6medvetenhet. Genom att v\u00e4lja denna cylinder st\u00e4rker du din verksamhet samtidigt som du g\u00f6r en positiv inverkan p\u00e5 planeten. Upplev skillnaden med en produkt som utm\u00e4rker sig i prestanda och h\u00e5llbarhet, och lyft dina industriella metoder till nya h\u00f6jder.<\/p>\n<h2><strong>Vad g\u00f6r Hcyy11112014 sv\u00e4ngarmscylinder milj\u00f6v\u00e4nlig?<\/strong><\/h2>\n<p>Teleskopcylindern HCYY11112015 utm\u00e4rker sig som en anm\u00e4rkningsv\u00e4rd l\u00f6sning f\u00f6r att fr\u00e4mja milj\u00f6skydd i industriella milj\u00f6er. S\u00e5 h\u00e4r g\u00f6r den en betydande skillnad:<\/p>\n<h4><strong>1. \u00c5tervinningsbara material<\/strong><\/h4>\n<p>HCYY11112015 \u00e4r tillverkad av h\u00f6gkvalitativa \u00e5tervinningsbara komponenter och minskar effektivt avfall och st\u00f6der en cirkul\u00e4r ekonomi. Genom att v\u00e4lja denna cylinder f\u00f6rb\u00e4ttrar f\u00f6retag sin verksamhet och bidrar till en h\u00e5llbar framtid. Varje anv\u00e4ndning av denna produkt inneb\u00e4r att mindre material hamnar p\u00e5 soptippar, vilket g\u00f6r en positiv skillnad f\u00f6r planeten.<\/p>\n<h4><strong>2. Energieffektivitet<\/strong><\/h4>\n<p>En av de mest imponerande egenskaperna hos denna teleskopcylinder \u00e4r dess energieffektivitet. Att arbeta med avsev\u00e4rt minskad energif\u00f6rbrukning bidrar till att s\u00e4nka driftskostnaderna och minimera koldioxidavtrycket. Detta \u00e4r en win-win-situation f\u00f6r f\u00f6retag: de sparar pengar samtidigt som de uppfyller sitt h\u00e5llbarhets\u00e5tagande. T\u00e4nk dig den positiva inverkan p\u00e5 ditt resultat och milj\u00f6n!<\/p>\n<h4><strong>3. L\u00e4ckagef\u00f6rebyggande<\/strong><\/h4>\n<p>S\u00e4kerhet och efterlevnad \u00e4r avg\u00f6rande i all industriell verksamhet, och HCYY11112015 utm\u00e4rker sig inom detta omr\u00e5de. Dess avancerade t\u00e4tningsteknik f\u00f6rhindrar effektivt l\u00e4ckor och s\u00e4kerst\u00e4ller att farliga material f\u00f6rblir inneslutna. Detta skyddar milj\u00f6n och hj\u00e4lper f\u00f6retag att f\u00f6lja strikta regler, vilket fr\u00e4mjar en kultur av ansvar och omsorg.<\/p>\n<h4><strong>4. H\u00e5llbarhet<\/strong><\/h4>\n<p>HCYY11112015 \u00e4r byggd f\u00f6r att klara de tuffaste f\u00f6rh\u00e5llandena och har en imponerande livsl\u00e4ngd. Denna h\u00e5llbarhet inneb\u00e4r f\u00e4rre byten och mindre avfall \u00f6ver tid, vilket g\u00f6r det m\u00f6jligt f\u00f6r f\u00f6retag att investera i h\u00e5llbar utrustning. Genom att minska utbytesfrekvensen kan f\u00f6retag ocks\u00e5 minska resursf\u00f6rbrukningen, vilket ytterligare bidrar till milj\u00f6v\u00e5rden.<\/p>\n<h4><strong>5. Rymdeffektivitet<\/strong><\/h4>\n<p>Den teleskopiska funktionen hos HCYY11112015 m\u00f6jligg\u00f6r s\u00f6ml\u00f6s integration i tr\u00e5nga utrymmen, vilket maximerar funktionaliteten utan att offra effektiviteten. Denna kompakta design g\u00f6r det m\u00f6jligt f\u00f6r f\u00f6retag att optimera sina arbetsfl\u00f6den och utnyttja utrymmet effektivt, vilket visar att h\u00e5llbarhet kan g\u00e5 hand i hand med innovation.<\/p>\n<p>Sammanfattningsvis \u00e4r HCYY11112015 teleskopcylinder mer \u00e4n bara ett industriellt verktyg; den \u00e4r en katalysator f\u00f6r positiv f\u00f6r\u00e4ndring. Genom att anv\u00e4nda milj\u00f6v\u00e4nliga material, fr\u00e4mja energieffektivitet, s\u00e4kerst\u00e4lla l\u00e4ckagef\u00f6rebyggande \u00e5tg\u00e4rder och ge h\u00e5llbarhet, ger den industrier m\u00f6jlighet att arbeta h\u00e5llbart. Att v\u00e4lja denna cylinder inneb\u00e4r att man satsar p\u00e5 b\u00e5de prestanda och milj\u00f6v\u00e4nlighet. F\u00f6rb\u00e4ttra din verksamhet samtidigt som du skyddar v\u00e5r planet \u2013 upplev de transformerande f\u00f6rdelarna med HCYY11112015 idag!<\/p>\n<h2><strong>Produktionsomr\u00e5de f\u00f6r gaffeltruckcylinder:<\/strong><\/h2>\n<h2><img loading=\"lazy\" decoding=\"async\" class=\"alignnone size-full wp-image-16972\" src=\"https:\/\/www.hydraulic-cylinders.net\/wp-content\/uploads\/2025\/01\/hydraulic-cylinder-factory-1-scaled.webp\" alt=\"\" width=\"2016\" height=\"2560\" srcset=\"https:\/\/www.hydraulic-cylinders.net\/wp-content\/uploads\/2025\/01\/hydraulic-cylinder-factory-1-scaled.webp 2016w, https:\/\/www.hydraulic-cylinders.net\/wp-content\/uploads\/2025\/01\/hydraulic-cylinder-factory-1-1280x1625.webp 1280w, https:\/\/www.hydraulic-cylinders.net\/wp-content\/uploads\/2025\/01\/hydraulic-cylinder-factory-1-980x1244.webp 980w, https:\/\/www.hydraulic-cylinders.net\/wp-content\/uploads\/2025\/01\/hydraulic-cylinder-factory-1-480x610.webp 480w\" sizes=\"(min-width: 0px) and (max-width: 480px) 480px, (min-width: 481px) and (max-width: 980px) 980px, (min-width: 981px) and (max-width: 1280px) 1280px, (min-width: 1281px) 2016px, 100vw\" \/><\/h2>\n<p>Vi har en toppmodern oberoende FoU-plattform dedikerad till montering, vilket s\u00e4kerst\u00e4ller innovation och kvalitet i v\u00e5ra tillverkningsprocesser. V\u00e5r verkstad f\u00f6r produktion av gaffeltruckcylindrar har fyra halvautomatiska monteringslinjer f\u00f6r lyftcylindrar och en helautomatisk monteringslinje f\u00f6r tippcylindrar, tillsammans utformade f\u00f6r att producera upp till en miljon enheter \u00e5rligen.<\/p>\n<p>Dessutom \u00e4r v\u00e5r specialiserade cylinderverkstad utrustad med halvautomatiska reng\u00f6rings- och monteringssystem skr\u00e4ddarsydda f\u00f6r olika specifikationer, med en \u00e5rlig produktionskapacitet p\u00e5 200 000 enheter. Vi anv\u00e4nder v\u00e4lk\u00e4nd CNC-utrustning, fleroperationsmaskiner och specialverktyg f\u00f6r h\u00f6gprecisionsbearbetning av cylinder. V\u00e5r anl\u00e4ggning inkluderar \u00e4ven avancerade robotsvetsmaskiner, automatiska reng\u00f6ringssystem och helautomatiska cylindermonterings- och m\u00e5lningslinjer. Med \u00f6ver 300 viktiga utrustningsdelar i drift optimerar vi resursallokeringen och s\u00e4kerst\u00e4ller effektiv anv\u00e4ndning, samtidigt som vi uppfyller str\u00e4nga precisions- och kvalitetsstandarder.<\/p>\n<p>V\u00e5r bearbetningsverkstad har specialanpassade svarvcentra f\u00f6r styrskenor, bearbetningscentra, h\u00f6ghastighetsh\u00f6nsmaskiner, svetsrobotar och annan viktig utrustning. Denna uppst\u00e4llning g\u00f6r det m\u00f6jligt f\u00f6r oss att hantera bearbetning av cylinderr\u00f6r med en maximal innerdiameter p\u00e5 400 mm och l\u00e4ngder p\u00e5 upp till 6 meter, vilket ytterligare f\u00f6rb\u00e4ttrar v\u00e5r produktionskapacitet.<\/p>\n<h2><img loading=\"lazy\" decoding=\"async\" class=\"alignnone size-full wp-image-16973\" src=\"https:\/\/www.hydraulic-cylinders.net\/wp-content\/uploads\/2025\/01\/hydraulic-cylinder-factory-2-scaled.webp\" alt=\"\" width=\"2011\" height=\"2560\" srcset=\"https:\/\/www.hydraulic-cylinders.net\/wp-content\/uploads\/2025\/01\/hydraulic-cylinder-factory-2-scaled.webp 2011w, https:\/\/www.hydraulic-cylinders.net\/wp-content\/uploads\/2025\/01\/hydraulic-cylinder-factory-2-1280x1629.webp 1280w, https:\/\/www.hydraulic-cylinders.net\/wp-content\/uploads\/2025\/01\/hydraulic-cylinder-factory-2-980x1248.webp 980w, https:\/\/www.hydraulic-cylinders.net\/wp-content\/uploads\/2025\/01\/hydraulic-cylinder-factory-2-480x611.webp 480w\" sizes=\"(min-width: 0px) and (max-width: 480px) 480px, (min-width: 481px) and (max-width: 980px) 980px, (min-width: 981px) and (max-width: 1280px) 1280px, (min-width: 1281px) 2011px, 100vw\" \/><\/h2>\n<p>Vi driver en helautomatisk vattenbaserad f\u00e4rglinje speciellt utformad f\u00f6r sm\u00e5 och medelstora cylindrar, med automatiserade lastnings-, lossnings- och sprutrobotar. Detta toppmoderna system har en produktionskapacitet p\u00e5 4 000 enheter per skift. Dessutom har vi en halvautomatisk m\u00e5lningslinje f\u00f6r storskaliga cylindrar, driven av en kedjedrift, med en designkapacitet p\u00e5 60 l\u00e5dor per skift.<\/p>\n<p>F\u00f6r att f\u00f6rb\u00e4ttra produkternas prestanda och bef\u00e4sta v\u00e5rt ledarskap inom hydraulcylinderbranschen har vi samarbetat med ZJIMEE f\u00f6r att etablera ett omfattande prestandalaboratorium dedikerat till hydraulcylindrar, ventiler och pumpar. Detta avancerade laboratorium anv\u00e4nder datorst\u00f6dd testning med elektrohydraulisk teknik, vilket m\u00f6jligg\u00f6r f\u00f6rinst\u00e4llda testf\u00f6rh\u00e5llanden som f\u00f6rb\u00e4ttrar noggrannhet och systemm\u00e5ngsidighet. Den automatiserade datainsamlingsprocessen anv\u00e4nder sensorer f\u00f6r att samla in utdata, s\u00e5som internt l\u00e4ckage och lasteffektivitet, som sedan bearbetas av en dator och omvandlas till standardenheter (ml\/min%).<\/p>\n<p>F\u00f6r att s\u00e4kerst\u00e4lla s\u00e4kerheten i v\u00e5ra hydrauliska system implementerar vi dessutom tillst\u00e5nds\u00f6vervakning f\u00f6r viktiga prestandaparametrar, inklusive oljetemperatur, v\u00e4tskeniv\u00e5 och filterenhetens status. V\u00e5rt testst\u00e4ll f\u00f6r hydraulcylindrar kan bed\u00f6ma \"lasteffektivitet\" och \"internt l\u00e4ckage\" genom exakta avl\u00e4sningar. Det \u00e4r ocks\u00e5 utrustat med ett m\u00e4tinstrument med gitterlinjal som uppfyller nationella standarder, vilket s\u00e4kerst\u00e4ller att alla testkrav f\u00f6r hydraulcylindrar uppfylls.<\/p>\n<p>&nbsp;<\/p>","protected":false},"excerpt":{"rendered":"<p>HCYY11112015 Telescopic Cylinder For Environmental Protection The HCYY11112015 Telescopic Cylinder is expertly designed for industries that demand both high efficiency and a commitment to environmental sustainability. This cutting-edge cylinder delivers exceptional performance while incorporating eco-friendly features, making it an ideal solution for a wide range of applications, including construction, manufacturing, and waste management. Imagine a [&hellip;]<\/p>","protected":false},"featured_media":17045,"comment_status":"open","ping_status":"closed","template":"","meta":{"_et_pb_use_builder":"","_et_pb_old_content":"","_et_gb_content_width":""},"product_brand":[],"product_cat":[1550,1486,1552,1376,1393],"product_tag":[],"class_list":{"0":"post-17038","1":"product","2":"type-product","3":"status-publish","4":"has-post-thumbnail","6":"product_cat-double-acting-hydraulic-cylinder","7":"product_cat-sanitation-machinery-hydraulic-cylinders","8":"product_cat-stainless-steel-hydraulic-cylinder","9":"product_cat-hydraulic-cylinder","10":"product_cat-telescopic-hydraulic-cylinder","12":"first","13":"instock","14":"shipping-taxable","15":"product-type-simple"},"amp_enabled":true,"_links":{"self":[{"href":"https:\/\/www.hydraulic-cylinders.net\/sv\/wp-json\/wp\/v2\/product\/17038","targetHints":{"allow":["GET"]}}],"collection":[{"href":"https:\/\/www.hydraulic-cylinders.net\/sv\/wp-json\/wp\/v2\/product"}],"about":[{"href":"https:\/\/www.hydraulic-cylinders.net\/sv\/wp-json\/wp\/v2\/types\/product"}],"replies":[{"embeddable":true,"href":"https:\/\/www.hydraulic-cylinders.net\/sv\/wp-json\/wp\/v2\/comments?post=17038"}],"wp:featuredmedia":[{"embeddable":true,"href":"https:\/\/www.hydraulic-cylinders.net\/sv\/wp-json\/wp\/v2\/media\/17045"}],"wp:attachment":[{"href":"https:\/\/www.hydraulic-cylinders.net\/sv\/wp-json\/wp\/v2\/media?parent=17038"}],"wp:term":[{"taxonomy":"product_brand","embeddable":true,"href":"https:\/\/www.hydraulic-cylinders.net\/sv\/wp-json\/wp\/v2\/product_brand?post=17038"},{"taxonomy":"product_cat","embeddable":true,"href":"https:\/\/www.hydraulic-cylinders.net\/sv\/wp-json\/wp\/v2\/product_cat?post=17038"},{"taxonomy":"product_tag","embeddable":true,"href":"https:\/\/www.hydraulic-cylinders.net\/sv\/wp-json\/wp\/v2\/product_tag?post=17038"}],"curies":[{"name":"wp","href":"https:\/\/api.w.org\/{rel}","templated":true}]}}