{"id":17047,"date":"2025-02-05T02:02:28","date_gmt":"2025-02-05T02:02:28","guid":{"rendered":"https:\/\/www.hydraulic-cylinders.net\/?post_type=product&#038;p=17047"},"modified":"2025-04-02T08:28:41","modified_gmt":"2025-04-02T08:28:41","slug":"lift-cylinder-for-crawler-crane","status":"publish","type":"product","link":"https:\/\/www.hydraulic-cylinders.net\/sv\/produkt\/lift-cylinder-for-crawler-crane\/","title":{"rendered":"Lyftcylinder f\u00f6r bandkran"},"content":{"rendered":"<h1 style=\"text-align: center;\"><strong>Lyftcylinder f\u00f6r bandkran<\/strong><\/h1>\n<h1 style=\"text-align: center;\"><img loading=\"lazy\" decoding=\"async\" class=\"alignnone size-full wp-image-17048\" src=\"https:\/\/www.hydraulic-cylinders.net\/wp-content\/uploads\/2025\/02\/hcyy11112018-lift-cylinder-2.webp\" alt=\"\" width=\"1524\" height=\"539\" srcset=\"https:\/\/www.hydraulic-cylinders.net\/wp-content\/uploads\/2025\/02\/hcyy11112018-lift-cylinder-2.webp 1524w, https:\/\/www.hydraulic-cylinders.net\/wp-content\/uploads\/2025\/02\/hcyy11112018-lift-cylinder-2-1280x453.webp 1280w, https:\/\/www.hydraulic-cylinders.net\/wp-content\/uploads\/2025\/02\/hcyy11112018-lift-cylinder-2-980x347.webp 980w, https:\/\/www.hydraulic-cylinders.net\/wp-content\/uploads\/2025\/02\/hcyy11112018-lift-cylinder-2-480x170.webp 480w\" sizes=\"(min-width: 0px) and (max-width: 480px) 480px, (min-width: 481px) and (max-width: 980px) 980px, (min-width: 981px) and (max-width: 1280px) 1280px, (min-width: 1281px) 1524px, 100vw\" \/><\/h1>\n<p>V\u00e5ra lyftcylindrar f\u00f6r bandg\u00e5ende kranar \u00e4r konstruerade f\u00f6r att leverera kraftfulla och p\u00e5litliga lyftprestanda f\u00f6r tunga applikationer. Dessa hydraulcylindrar \u00e4r speciellt konstruerade f\u00f6r bandg\u00e5ende kranar och ger den kraft som beh\u00f6vs f\u00f6r att lyfta kranarmar (bommar) med precision, och st\u00f6der laster upp till 590 ton i kr\u00e4vande milj\u00f6er som byggarbetsplatser, brobyggen och gruvdrift. V\u00e5ra lyftcylindrar \u00e4r konstruerade av h\u00f6gh\u00e5llfast legerat st\u00e5l och har avancerade t\u00e4tningssystem, vilket s\u00e4kerst\u00e4ller h\u00e5llbarhet och l\u00e4ckagefri drift, \u00e4ven under extrema dynamiska belastningar och h\u00e5rda f\u00f6rh\u00e5llanden.<\/p>\n<p>Med ett tryck p\u00e5 upp till 35 MPa och valfria korrosionsbest\u00e4ndiga bel\u00e4ggningar \u00e4r de byggda f\u00f6r l\u00e5ngsiktig tillf\u00f6rlitlighet i tuff terr\u00e4ng. Oavsett om du lyfter st\u00e5lbalkar eller positionerar tung utrustning garanterar v\u00e5ra lyftcylindrar f\u00f6r bandg\u00e5ende kranar s\u00e4kerhet, effektivitet och o\u00f6vertr\u00e4ffad prestanda f\u00f6r dina lyftbehov.<\/p>\n<h2><strong>Lyftcylinder f\u00f6r bandkranparameter:<\/strong><\/h2>\n<h1 style=\"text-align: center;\"><img loading=\"lazy\" decoding=\"async\" class=\"alignnone size-full wp-image-17049\" src=\"https:\/\/www.hydraulic-cylinders.net\/wp-content\/uploads\/2025\/02\/hcyy11112018-lift-cylinder-1.webp\" alt=\"\" width=\"1515\" height=\"147\" srcset=\"https:\/\/www.hydraulic-cylinders.net\/wp-content\/uploads\/2025\/02\/hcyy11112018-lift-cylinder-1.webp 1515w, https:\/\/www.hydraulic-cylinders.net\/wp-content\/uploads\/2025\/02\/hcyy11112018-lift-cylinder-1-1280x124.webp 1280w, https:\/\/www.hydraulic-cylinders.net\/wp-content\/uploads\/2025\/02\/hcyy11112018-lift-cylinder-1-980x95.webp 980w, https:\/\/www.hydraulic-cylinders.net\/wp-content\/uploads\/2025\/02\/hcyy11112018-lift-cylinder-1-480x47.webp 480w\" sizes=\"(min-width: 0px) and (max-width: 480px) 480px, (min-width: 481px) and (max-width: 980px) 980px, (min-width: 981px) and (max-width: 1280px) 1280px, (min-width: 1281px) 1515px, 100vw\" \/> <img loading=\"lazy\" decoding=\"async\" class=\"alignnone size-full wp-image-17051\" src=\"https:\/\/www.hydraulic-cylinders.net\/wp-content\/uploads\/2025\/02\/hcyy11112018-lift-cylinder-3.webp\" alt=\"\" width=\"1477\" height=\"707\" srcset=\"https:\/\/www.hydraulic-cylinders.net\/wp-content\/uploads\/2025\/02\/hcyy11112018-lift-cylinder-3.webp 1477w, https:\/\/www.hydraulic-cylinders.net\/wp-content\/uploads\/2025\/02\/hcyy11112018-lift-cylinder-3-1280x613.webp 1280w, https:\/\/www.hydraulic-cylinders.net\/wp-content\/uploads\/2025\/02\/hcyy11112018-lift-cylinder-3-980x469.webp 980w, https:\/\/www.hydraulic-cylinders.net\/wp-content\/uploads\/2025\/02\/hcyy11112018-lift-cylinder-3-480x230.webp 480w\" sizes=\"(min-width: 0px) and (max-width: 480px) 480px, (min-width: 481px) and (max-width: 980px) 980px, (min-width: 981px) and (max-width: 1280px) 1280px, (min-width: 1281px) 1477px, 100vw\" \/> <img loading=\"lazy\" decoding=\"async\" class=\"alignnone size-full wp-image-17052\" src=\"https:\/\/www.hydraulic-cylinders.net\/wp-content\/uploads\/2025\/02\/hcyy11112018-lift-cylinder-4.webp\" alt=\"\" width=\"1475\" height=\"711\" srcset=\"https:\/\/www.hydraulic-cylinders.net\/wp-content\/uploads\/2025\/02\/hcyy11112018-lift-cylinder-4.webp 1475w, https:\/\/www.hydraulic-cylinders.net\/wp-content\/uploads\/2025\/02\/hcyy11112018-lift-cylinder-4-1280x617.webp 1280w, https:\/\/www.hydraulic-cylinders.net\/wp-content\/uploads\/2025\/02\/hcyy11112018-lift-cylinder-4-980x472.webp 980w, https:\/\/www.hydraulic-cylinders.net\/wp-content\/uploads\/2025\/02\/hcyy11112018-lift-cylinder-4-480x231.webp 480w\" sizes=\"(min-width: 0px) and (max-width: 480px) 480px, (min-width: 481px) and (max-width: 980px) 980px, (min-width: 981px) and (max-width: 1280px) 1280px, (min-width: 1281px) 1475px, 100vw\" \/> <img loading=\"lazy\" decoding=\"async\" class=\"alignnone size-full wp-image-17053\" src=\"https:\/\/www.hydraulic-cylinders.net\/wp-content\/uploads\/2025\/02\/hcyy11112018-lift-cylinder-5.webp\" alt=\"\" width=\"1451\" height=\"696\" srcset=\"https:\/\/www.hydraulic-cylinders.net\/wp-content\/uploads\/2025\/02\/hcyy11112018-lift-cylinder-5.webp 1451w, https:\/\/www.hydraulic-cylinders.net\/wp-content\/uploads\/2025\/02\/hcyy11112018-lift-cylinder-5-1280x614.webp 1280w, https:\/\/www.hydraulic-cylinders.net\/wp-content\/uploads\/2025\/02\/hcyy11112018-lift-cylinder-5-980x470.webp 980w, https:\/\/www.hydraulic-cylinders.net\/wp-content\/uploads\/2025\/02\/hcyy11112018-lift-cylinder-5-480x230.webp 480w\" sizes=\"(min-width: 0px) and (max-width: 480px) 480px, (min-width: 481px) and (max-width: 980px) 980px, (min-width: 981px) and (max-width: 1280px) 1280px, (min-width: 1281px) 1451px, 100vw\" \/><\/h1>\n<h2><strong>Cylinderserie av bandkran:<\/strong><\/h2>\n<h2><img loading=\"lazy\" decoding=\"async\" class=\"alignnone size-full wp-image-17054 aligncenter\" src=\"https:\/\/www.hydraulic-cylinders.net\/wp-content\/uploads\/2025\/02\/cylinder-series-of-crawler-crane-1.webp\" alt=\"\" width=\"709\" height=\"791\" srcset=\"https:\/\/www.hydraulic-cylinders.net\/wp-content\/uploads\/2025\/02\/cylinder-series-of-crawler-crane-1.webp 709w, https:\/\/www.hydraulic-cylinders.net\/wp-content\/uploads\/2025\/02\/cylinder-series-of-crawler-crane-1-480x536.webp 480w\" sizes=\"(min-width: 0px) and (max-width: 480px) 480px, (min-width: 481px) 709px, 100vw\" \/><\/h2>\n<h2><strong>Viktiga funktioner hos lyftcylinder f\u00f6r bandkran:<\/strong><\/h2>\n<h4><strong>H\u00f6g h\u00e5llbarhet<\/strong><\/h4>\n<p>Lyftcylindern \u00e4r tillverkad av h\u00f6gkvalitativa material som \u00e4r speciellt utvalda f\u00f6r sin styrka och motst\u00e5ndskraft. Denna robusta design g\u00f6r att cylindern t\u00e5l tuffa arbetsf\u00f6rh\u00e5llanden och tunga belastningar, vilket g\u00f6r den till ett idealiskt val f\u00f6r kr\u00e4vande byggmilj\u00f6er. Anv\u00e4ndare kan lita p\u00e5 dess l\u00e5ngvariga prestanda, vilket minskar behovet av frekventa byten och s\u00e4kerst\u00e4ller oavbruten drift, \u00e4ven i de mest utmanande situationerna.<\/p>\n<h4><strong>Precisionsteknik<\/strong><\/h4>\n<p>Konstruerad med noggrann uppm\u00e4rksamhet p\u00e5 detaljer, har den exakta tillverkningstoleranser. Denna precisionsniv\u00e5 m\u00f6jligg\u00f6r smidig drift och f\u00f6rb\u00e4ttrar lyftnoggrannheten, vilket g\u00f6r att operat\u00f6rerna kan hantera laster med s\u00e4kerhet. Oavsett om man lyfter \u00f6mt\u00e5liga material eller tunga maskiner, s\u00e4kerst\u00e4ller denna cylinder att varje r\u00f6relse \u00e4r kontrollerad och tillf\u00f6rlitlig, vilket minimerar risken f\u00f6r olyckor och f\u00f6rb\u00e4ttrar den totala effektiviteten.<\/p>\n<h4><strong>Korrosionsbest\u00e4ndighet<\/strong><\/h4>\n<p>F\u00f6r att motverka effekterna av exponering f\u00f6r fukt och h\u00e5rda v\u00e4derf\u00f6rh\u00e5llanden genomg\u00e5r lyftcylindern en specialiserad ytbehandling. Detta skyddande lager skyddar mot rost och korrosion, vilket avsev\u00e4rt f\u00f6rl\u00e4nger cylinderns livsl\u00e4ngd. Genom att bibeh\u00e5lla optimal prestanda \u00f6ver tid f\u00f6rb\u00e4ttrar denna funktion inte bara cylinderns tillf\u00f6rlitlighet utan bidrar ocks\u00e5 till l\u00e4gre underh\u00e5llskostnader och \u00f6kad driftseffektivitet.<\/p>\n<h4><strong>Kompakt design<\/strong><\/h4>\n<p>Lyftcylinderns kompakta design skiljer den fr\u00e5n m\u00e4ngden och m\u00f6jligg\u00f6r enkel installation och s\u00f6ml\u00f6s integration i olika bandg\u00e5ende kranmodeller. Dess platsbesparande dimensioner g\u00f6r det m\u00f6jligt f\u00f6r operat\u00f6rer att maximera effektiviteten hos sina maskiner utan att offra kraft. Denna m\u00e5ngsidighet g\u00f6r den till ett utm\u00e4rkt val f\u00f6r projekt med begr\u00e4nsat utrymme, vilket s\u00e4kerst\u00e4ller att tunga lyftkapaciteter aldrig kompromissas.<\/p>\n<h4><strong>H\u00f6gtryckskapacitet<\/strong><\/h4>\n<p>Lyftcylindern \u00e4r konstruerad f\u00f6r att hantera h\u00f6ga hydrauliska tryck och utm\u00e4rker sig i att leverera effektiva lyftoperationer. Denna kapacitet s\u00e4kerst\u00e4ller att cylindern kan hantera stora laster s\u00e4kert och effektivt, vilket ger operat\u00f6rerna sinnesro. Genom att prioritera s\u00e4kerhet samtidigt som prestandan maximeras, st\u00f6der denna cylinder ett brett spektrum av applikationer, fr\u00e5n byggnation till industriella lyftuppgifter, vilket g\u00f6r den till ett p\u00e5litligt val f\u00f6r alla tunga operationer.<\/p>\n<h2><strong>Vad g\u00f6r lyftcylindern l\u00e4mplig f\u00f6r tunga lyft?<\/strong><\/h2>\n<p>H\u00e4r \u00e4r en utf\u00f6rligare f\u00f6rklaring av varf\u00f6r lyftcylindern \u00e4r l\u00e4mplig f\u00f6r tunga lyft:<\/p>\n<ol>\n<li><strong>Exceptionell h\u00e5llbarhet<\/strong>:<br \/>\nLyftcylindern \u00e4r tillverkad av h\u00f6gkvalitativa material som \u00e4r speciellt utvalda f\u00f6r sin styrka och motst\u00e5ndskraft. Denna robusthet g\u00f6r att cylindern kan motst\u00e5 extrema f\u00f6rh\u00e5llanden, s\u00e5som kraftiga vibrationer, st\u00f6tar och h\u00e5rda milj\u00f6faktorer som \u00e4r typiska f\u00f6r bygg- och industrimilj\u00f6er. H\u00e5llbarheten minimerar slitage, vilket leder till f\u00e4rre haverier och minskad stillest\u00e5ndstid, vilket \u00e4r avg\u00f6rande f\u00f6r att uppr\u00e4tth\u00e5lla produktiviteten p\u00e5 arbetsplatsen.<\/li>\n<li><strong>H\u00f6gtryckskapacitet<\/strong>:<br \/>\nDenna lyftcylinder \u00e4r konstruerad f\u00f6r att hantera h\u00f6ga hydrauliska tryck, vilket \u00e4r avg\u00f6rande f\u00f6r att lyfta betydande vikter s\u00e4kert och effektivt. Dess design anv\u00e4nder avancerade tekniska principer som g\u00f6r att den kan fungera under intensiv belastning utan att kompromissa med den strukturella integriteten. Denna h\u00f6ga tryckkapacitet s\u00e4kerst\u00e4ller att cylindern kan lyfta tunga maskiner och material tillf\u00f6rlitligt, vilket g\u00f6r den l\u00e4mplig f\u00f6r olika till\u00e4mpningar, fr\u00e5n byggnation till tung tillverkning.<\/li>\n<li><strong>Precisionsteknik<\/strong>:<br \/>\nFunktionerna har toppmoderna tillverkningstoleranser som s\u00e4kerst\u00e4ller exakt uppriktning och drift. Denna precisionsniv\u00e5 \u00e4r avg\u00f6rande f\u00f6r uppgifter som kr\u00e4ver k\u00e4nslig hantering eller exakt positionering, eftersom den minimerar risken f\u00f6r olyckor och f\u00f6rb\u00e4ttrar den totala lyftnoggrannheten. Operat\u00f6rer kan lita p\u00e5 att cylindern kommer att fungera konsekvent, vilket leder till \u00f6kat f\u00f6rtroende f\u00f6r lyftoperationer och f\u00f6rb\u00e4ttrad s\u00e4kerhet f\u00f6r b\u00e5de personal och utrustning.<\/li>\n<li><strong>\u00d6verl\u00e4gsen korrosionsbest\u00e4ndighet<\/strong>:<br \/>\nF\u00f6r att motverka effekterna av fukt, kemikalier och andra korrosiva \u00e4mnen genomg\u00e5r den en specialiserad ytbehandling. Detta skyddande lager minskar avsev\u00e4rt risken f\u00f6r rost och korrosion, vilket annars kan leda till mekaniska fel. Genom att f\u00f6rb\u00e4ttra cylinderns motst\u00e5ndskraft mot milj\u00f6faktorer s\u00e4kerst\u00e4ller denna funktion l\u00e5ngsiktig tillf\u00f6rlitlighet och prestanda, vilket i slut\u00e4ndan s\u00e4nker underh\u00e5llskostnaderna och f\u00f6rl\u00e4nger utrustningens livsl\u00e4ngd.<\/li>\n<li><strong>Kompakt design<\/strong>:<br \/>\nLyftcylinderns kompakta design m\u00f6jligg\u00f6r enkel installation och integration i olika bandg\u00e5ende kranmodeller. Denna platsbesparande funktion \u00e4r s\u00e4rskilt f\u00f6rdelaktig i milj\u00f6er med begr\u00e4nsat utrymme, d\u00e4r det \u00e4r viktigt att maximera kranens driftskapacitet. Den str\u00f6mlinjeformade designen kompromissar inte med lyftkraften, vilket s\u00e4kerst\u00e4ller att operat\u00f6rerna effektivt kan hantera tunga laster utan den skrymmande vikt som traditionella cylindrar f\u00f6rknippar med.<\/li>\n<\/ol>\n<p>Dessa f\u00f6rb\u00e4ttrade funktioner g\u00f6r tillsammans lyftcylindern till ett utm\u00e4rkt val f\u00f6r tunga lyftapplikationer, vilket s\u00e4kerst\u00e4ller tillf\u00f6rlitlighet, effektivitet och s\u00e4kerhet p\u00e5 jobbet.<\/p>\n<h2><strong>Produktionsomr\u00e5de f\u00f6r gaffeltruckcylinder:<\/strong><\/h2>\n<h2><img loading=\"lazy\" decoding=\"async\" class=\"alignnone size-full wp-image-16972\" src=\"https:\/\/www.hydraulic-cylinders.net\/wp-content\/uploads\/2025\/01\/hydraulic-cylinder-factory-1-scaled.webp\" alt=\"\" width=\"2016\" height=\"2560\" srcset=\"https:\/\/www.hydraulic-cylinders.net\/wp-content\/uploads\/2025\/01\/hydraulic-cylinder-factory-1-scaled.webp 2016w, https:\/\/www.hydraulic-cylinders.net\/wp-content\/uploads\/2025\/01\/hydraulic-cylinder-factory-1-1280x1625.webp 1280w, https:\/\/www.hydraulic-cylinders.net\/wp-content\/uploads\/2025\/01\/hydraulic-cylinder-factory-1-980x1244.webp 980w, https:\/\/www.hydraulic-cylinders.net\/wp-content\/uploads\/2025\/01\/hydraulic-cylinder-factory-1-480x610.webp 480w\" sizes=\"(min-width: 0px) and (max-width: 480px) 480px, (min-width: 481px) and (max-width: 980px) 980px, (min-width: 981px) and (max-width: 1280px) 1280px, (min-width: 1281px) 2016px, 100vw\" \/><\/h2>\n<p>Vi har en toppmodern oberoende FoU-plattform dedikerad till montering, vilket s\u00e4kerst\u00e4ller innovation och kvalitet i v\u00e5ra tillverkningsprocesser. V\u00e5r verkstad f\u00f6r produktion av gaffeltruckcylindrar har fyra halvautomatiska monteringslinjer f\u00f6r lyftcylindrar och en helautomatisk monteringslinje f\u00f6r tippcylindrar, tillsammans utformade f\u00f6r att producera upp till en miljon enheter \u00e5rligen.<\/p>\n<p>Dessutom \u00e4r v\u00e5r specialiserade cylinderverkstad utrustad med halvautomatiska reng\u00f6rings- och monteringssystem skr\u00e4ddarsydda f\u00f6r olika specifikationer, med en \u00e5rlig produktionskapacitet p\u00e5 200 000 enheter. Vi anv\u00e4nder v\u00e4lk\u00e4nd CNC-utrustning, fleroperationsmaskiner och specialverktyg f\u00f6r h\u00f6gprecisionsbearbetning av cylinder. V\u00e5r anl\u00e4ggning inkluderar \u00e4ven avancerade robotsvetsmaskiner, automatiska reng\u00f6ringssystem och helautomatiska cylindermonterings- och m\u00e5lningslinjer. Med \u00f6ver 300 viktiga utrustningsdelar i drift optimerar vi resursallokeringen och s\u00e4kerst\u00e4ller effektiv anv\u00e4ndning, samtidigt som vi uppfyller str\u00e4nga precisions- och kvalitetsstandarder.<\/p>\n<p>V\u00e5r bearbetningsverkstad har specialanpassade svarvcentra f\u00f6r styrskenor, bearbetningscentra, h\u00f6ghastighetsh\u00f6nsmaskiner, svetsrobotar och annan viktig utrustning. Denna uppst\u00e4llning g\u00f6r det m\u00f6jligt f\u00f6r oss att hantera bearbetning av cylinderr\u00f6r med en maximal innerdiameter p\u00e5 400 mm och l\u00e4ngder p\u00e5 upp till 6 meter, vilket ytterligare f\u00f6rb\u00e4ttrar v\u00e5r produktionskapacitet.<\/p>\n<h2><img loading=\"lazy\" decoding=\"async\" class=\"alignnone size-full wp-image-16973\" src=\"https:\/\/www.hydraulic-cylinders.net\/wp-content\/uploads\/2025\/01\/hydraulic-cylinder-factory-2-scaled.webp\" alt=\"\" width=\"2011\" height=\"2560\" srcset=\"https:\/\/www.hydraulic-cylinders.net\/wp-content\/uploads\/2025\/01\/hydraulic-cylinder-factory-2-scaled.webp 2011w, https:\/\/www.hydraulic-cylinders.net\/wp-content\/uploads\/2025\/01\/hydraulic-cylinder-factory-2-1280x1629.webp 1280w, https:\/\/www.hydraulic-cylinders.net\/wp-content\/uploads\/2025\/01\/hydraulic-cylinder-factory-2-980x1248.webp 980w, https:\/\/www.hydraulic-cylinders.net\/wp-content\/uploads\/2025\/01\/hydraulic-cylinder-factory-2-480x611.webp 480w\" sizes=\"(min-width: 0px) and (max-width: 480px) 480px, (min-width: 481px) and (max-width: 980px) 980px, (min-width: 981px) and (max-width: 1280px) 1280px, (min-width: 1281px) 2011px, 100vw\" \/><\/h2>\n<p>Vi driver en helautomatisk vattenbaserad f\u00e4rglinje speciellt utformad f\u00f6r sm\u00e5 och medelstora cylindrar, med automatiserade lastnings-, lossnings- och sprutrobotar. Detta toppmoderna system har en produktionskapacitet p\u00e5 4 000 enheter per skift. Dessutom har vi en halvautomatisk m\u00e5lningslinje f\u00f6r storskaliga cylindrar, driven av en kedjedrift, med en designkapacitet p\u00e5 60 l\u00e5dor per skift.<\/p>\n<p>F\u00f6r att f\u00f6rb\u00e4ttra produkternas prestanda och bef\u00e4sta v\u00e5rt ledarskap inom hydraulcylinderbranschen har vi samarbetat med ZJIMEE f\u00f6r att etablera ett omfattande prestandalaboratorium dedikerat till hydraulcylindrar, ventiler och pumpar. Detta avancerade laboratorium anv\u00e4nder datorst\u00f6dd testning med elektrohydraulisk teknik, vilket m\u00f6jligg\u00f6r f\u00f6rinst\u00e4llda testf\u00f6rh\u00e5llanden som f\u00f6rb\u00e4ttrar noggrannhet och systemm\u00e5ngsidighet. Den automatiserade datainsamlingsprocessen anv\u00e4nder sensorer f\u00f6r att samla in utdata, s\u00e5som internt l\u00e4ckage och lasteffektivitet, som sedan bearbetas av en dator och omvandlas till standardenheter (ml\/min%).<\/p>\n<p>F\u00f6r att s\u00e4kerst\u00e4lla s\u00e4kerheten i v\u00e5ra hydrauliska system implementerar vi dessutom tillst\u00e5nds\u00f6vervakning f\u00f6r viktiga prestandaparametrar, inklusive oljetemperatur, v\u00e4tskeniv\u00e5 och filterenhetens status. V\u00e5rt testst\u00e4ll f\u00f6r hydraulcylindrar kan bed\u00f6ma \"lasteffektivitet\" och \"internt l\u00e4ckage\" genom exakta avl\u00e4sningar. Det \u00e4r ocks\u00e5 utrustat med ett m\u00e4tinstrument med gitterlinjal som uppfyller nationella standarder, vilket s\u00e4kerst\u00e4ller att alla testkrav f\u00f6r hydraulcylindrar uppfylls.<\/p>\n<p>&nbsp;<\/p>","protected":false},"excerpt":{"rendered":"<p>Lift Cylinder For Crawler Crane Our Lift Cylinders for Crawler Cranes are designed to deliver powerful and reliable lifting performance for heavy-duty applications. Engineered specifically for crawler cranes, these hydraulic cylinders provide the force needed to elevate crane arms (booms) with precision, supporting loads up to 590 tons in demanding environments such as construction sites, [&hellip;]<\/p>","protected":false},"featured_media":17055,"comment_status":"open","ping_status":"closed","template":"","meta":{"_et_pb_use_builder":"","_et_pb_old_content":"","_et_gb_content_width":""},"product_brand":[],"product_cat":[1376,1514],"product_tag":[],"class_list":{"0":"post-17047","1":"product","2":"type-product","3":"status-publish","4":"has-post-thumbnail","6":"product_cat-hydraulic-cylinder","7":"product_cat-mobile-crane-hydraulic-cylinders","9":"first","10":"instock","11":"shipping-taxable","12":"product-type-simple"},"amp_enabled":true,"_links":{"self":[{"href":"https:\/\/www.hydraulic-cylinders.net\/sv\/wp-json\/wp\/v2\/product\/17047","targetHints":{"allow":["GET"]}}],"collection":[{"href":"https:\/\/www.hydraulic-cylinders.net\/sv\/wp-json\/wp\/v2\/product"}],"about":[{"href":"https:\/\/www.hydraulic-cylinders.net\/sv\/wp-json\/wp\/v2\/types\/product"}],"replies":[{"embeddable":true,"href":"https:\/\/www.hydraulic-cylinders.net\/sv\/wp-json\/wp\/v2\/comments?post=17047"}],"wp:featuredmedia":[{"embeddable":true,"href":"https:\/\/www.hydraulic-cylinders.net\/sv\/wp-json\/wp\/v2\/media\/17055"}],"wp:attachment":[{"href":"https:\/\/www.hydraulic-cylinders.net\/sv\/wp-json\/wp\/v2\/media?parent=17047"}],"wp:term":[{"taxonomy":"product_brand","embeddable":true,"href":"https:\/\/www.hydraulic-cylinders.net\/sv\/wp-json\/wp\/v2\/product_brand?post=17047"},{"taxonomy":"product_cat","embeddable":true,"href":"https:\/\/www.hydraulic-cylinders.net\/sv\/wp-json\/wp\/v2\/product_cat?post=17047"},{"taxonomy":"product_tag","embeddable":true,"href":"https:\/\/www.hydraulic-cylinders.net\/sv\/wp-json\/wp\/v2\/product_tag?post=17047"}],"curies":[{"name":"wp","href":"https:\/\/api.w.org\/{rel}","templated":true}]}}