{"id":17074,"date":"2025-02-05T08:31:40","date_gmt":"2025-02-05T08:31:40","guid":{"rendered":"https:\/\/www.hydraulic-cylinders.net\/?post_type=product&#038;p=17074"},"modified":"2025-04-11T03:00:55","modified_gmt":"2025-04-11T03:00:55","slug":"hcyy11112016-grain-tank-lifting-cylinder-for-agricultural-machinery","status":"publish","type":"product","link":"https:\/\/www.hydraulic-cylinders.net\/sv\/produkt\/hcyy11112016-grain-tank-lifting-cylinder-for-agricultural-machinery\/","title":{"rendered":"HCYY11112016 Lyftcylinder f\u00f6r spannm\u00e5lstank f\u00f6r jordbruksmaskiner"},"content":{"rendered":"<h1 style=\"text-align: center;\"><strong>HCYY11112016 Lyftcylinder f\u00f6r spannm\u00e5lstank f\u00f6r jordbruksmaskiner<\/strong><\/h1>\n<h1 style=\"text-align: center;\"><img loading=\"lazy\" decoding=\"async\" class=\"alignnone size-full wp-image-17077\" src=\"https:\/\/www.hydraulic-cylinders.net\/wp-content\/uploads\/2025\/02\/hcyy11112016-grain-tank-lifting-cylinder-2.webp\" alt=\"\" width=\"1500\" height=\"515\" srcset=\"https:\/\/www.hydraulic-cylinders.net\/wp-content\/uploads\/2025\/02\/hcyy11112016-grain-tank-lifting-cylinder-2.webp 1500w, https:\/\/www.hydraulic-cylinders.net\/wp-content\/uploads\/2025\/02\/hcyy11112016-grain-tank-lifting-cylinder-2-1280x439.webp 1280w, https:\/\/www.hydraulic-cylinders.net\/wp-content\/uploads\/2025\/02\/hcyy11112016-grain-tank-lifting-cylinder-2-980x336.webp 980w, https:\/\/www.hydraulic-cylinders.net\/wp-content\/uploads\/2025\/02\/hcyy11112016-grain-tank-lifting-cylinder-2-480x165.webp 480w\" sizes=\"(min-width: 0px) and (max-width: 480px) 480px, (min-width: 481px) and (max-width: 980px) 980px, (min-width: 981px) and (max-width: 1280px) 1280px, (min-width: 1281px) 1500px, 100vw\" \/><\/h1>\n<p>De <strong>HCYY11112016 Lyftcylinder f\u00f6r spannm\u00e5lstank<\/strong> spelar en avg\u00f6rande roll i jordbruksmaskiner och \u00e4r utformade f\u00f6r att \u00f6ka effektiviteten och \u00e4ndam\u00e5lsenligheten vid spannm\u00e5lshantering. Denna hydraulcylinder ger den kraft och precision som kr\u00e4vs f\u00f6r att h\u00f6ja och s\u00e4nka spannm\u00e5lstankar smidigt, vilket s\u00e4kerst\u00e4ller optimal prestanda under b\u00e5de sk\u00f6rd och transport.<\/p>\n<p>Som ett viktigt verktyg f\u00f6r alla jordbruksf\u00f6retag som prioriterar effektivitet och tillf\u00f6rlitlighet utm\u00e4rker sig HCYY11112016 f\u00f6r sina robusta funktioner och anv\u00e4ndarv\u00e4nliga design. Dess enkla underh\u00e5llskrav g\u00f6r den till ett f\u00f6redraget val bland jordbrukare och jordbruksproffs. Genom att investera i denna h\u00f6gkvalitativa lyftcylinder f\u00f6rb\u00e4ttrar du avsev\u00e4rt dina maskiners prestanda och effektiviserar spannm\u00e5lshanteringsprocesserna, vilket leder till en mer produktiv och framg\u00e5ngsrik jordbruksverksamhet.<\/p>\n<h2><strong>HCYY11112016 Lyftcylinder f\u00f6r spannm\u00e5lstank f\u00f6r jordbruksmaskiner Parameter:<\/strong><\/h2>\n<h1 style=\"text-align: center;\"><img loading=\"lazy\" decoding=\"async\" class=\"alignnone size-full wp-image-17076\" src=\"https:\/\/www.hydraulic-cylinders.net\/wp-content\/uploads\/2025\/02\/hcyy11112016-grain-tank-lifting-cylinder-1.webp\" alt=\"\" width=\"1510\" height=\"146\" srcset=\"https:\/\/www.hydraulic-cylinders.net\/wp-content\/uploads\/2025\/02\/hcyy11112016-grain-tank-lifting-cylinder-1.webp 1510w, https:\/\/www.hydraulic-cylinders.net\/wp-content\/uploads\/2025\/02\/hcyy11112016-grain-tank-lifting-cylinder-1-1280x124.webp 1280w, https:\/\/www.hydraulic-cylinders.net\/wp-content\/uploads\/2025\/02\/hcyy11112016-grain-tank-lifting-cylinder-1-980x95.webp 980w, https:\/\/www.hydraulic-cylinders.net\/wp-content\/uploads\/2025\/02\/hcyy11112016-grain-tank-lifting-cylinder-1-480x46.webp 480w\" sizes=\"(min-width: 0px) and (max-width: 480px) 480px, (min-width: 481px) and (max-width: 980px) 980px, (min-width: 981px) and (max-width: 1280px) 1280px, (min-width: 1281px) 1510px, 100vw\" \/><img loading=\"lazy\" decoding=\"async\" class=\"alignnone size-full wp-image-17078\" src=\"https:\/\/www.hydraulic-cylinders.net\/wp-content\/uploads\/2025\/02\/hcyy11112016-grain-tank-lifting-cylinder-3.webp\" alt=\"\" width=\"1477\" height=\"710\" srcset=\"https:\/\/www.hydraulic-cylinders.net\/wp-content\/uploads\/2025\/02\/hcyy11112016-grain-tank-lifting-cylinder-3.webp 1477w, https:\/\/www.hydraulic-cylinders.net\/wp-content\/uploads\/2025\/02\/hcyy11112016-grain-tank-lifting-cylinder-3-1280x615.webp 1280w, https:\/\/www.hydraulic-cylinders.net\/wp-content\/uploads\/2025\/02\/hcyy11112016-grain-tank-lifting-cylinder-3-980x471.webp 980w, https:\/\/www.hydraulic-cylinders.net\/wp-content\/uploads\/2025\/02\/hcyy11112016-grain-tank-lifting-cylinder-3-480x231.webp 480w\" sizes=\"(min-width: 0px) and (max-width: 480px) 480px, (min-width: 481px) and (max-width: 980px) 980px, (min-width: 981px) and (max-width: 1280px) 1280px, (min-width: 1281px) 1477px, 100vw\" \/> <img loading=\"lazy\" decoding=\"async\" class=\"alignnone size-full wp-image-17079\" src=\"https:\/\/www.hydraulic-cylinders.net\/wp-content\/uploads\/2025\/02\/hcyy11112016-grain-tank-lifting-cylinder-4.webp\" alt=\"\" width=\"1476\" height=\"711\" srcset=\"https:\/\/www.hydraulic-cylinders.net\/wp-content\/uploads\/2025\/02\/hcyy11112016-grain-tank-lifting-cylinder-4.webp 1476w, https:\/\/www.hydraulic-cylinders.net\/wp-content\/uploads\/2025\/02\/hcyy11112016-grain-tank-lifting-cylinder-4-1280x617.webp 1280w, https:\/\/www.hydraulic-cylinders.net\/wp-content\/uploads\/2025\/02\/hcyy11112016-grain-tank-lifting-cylinder-4-980x472.webp 980w, https:\/\/www.hydraulic-cylinders.net\/wp-content\/uploads\/2025\/02\/hcyy11112016-grain-tank-lifting-cylinder-4-480x231.webp 480w\" sizes=\"(min-width: 0px) and (max-width: 480px) 480px, (min-width: 481px) and (max-width: 980px) 980px, (min-width: 981px) and (max-width: 1280px) 1280px, (min-width: 1281px) 1476px, 100vw\" \/> <img loading=\"lazy\" decoding=\"async\" class=\"alignnone size-full wp-image-17080\" src=\"https:\/\/www.hydraulic-cylinders.net\/wp-content\/uploads\/2025\/02\/hcyy11112016-grain-tank-lifting-cylinder-5.webp\" alt=\"\" width=\"1419\" height=\"765\" srcset=\"https:\/\/www.hydraulic-cylinders.net\/wp-content\/uploads\/2025\/02\/hcyy11112016-grain-tank-lifting-cylinder-5.webp 1419w, https:\/\/www.hydraulic-cylinders.net\/wp-content\/uploads\/2025\/02\/hcyy11112016-grain-tank-lifting-cylinder-5-1280x690.webp 1280w, https:\/\/www.hydraulic-cylinders.net\/wp-content\/uploads\/2025\/02\/hcyy11112016-grain-tank-lifting-cylinder-5-980x528.webp 980w, https:\/\/www.hydraulic-cylinders.net\/wp-content\/uploads\/2025\/02\/hcyy11112016-grain-tank-lifting-cylinder-5-480x259.webp 480w\" sizes=\"(min-width: 0px) and (max-width: 480px) 480px, (min-width: 481px) and (max-width: 980px) 980px, (min-width: 981px) and (max-width: 1280px) 1280px, (min-width: 1281px) 1419px, 100vw\" \/><\/h1>\n<h2><strong>Cylinderserie av bandkran:<\/strong><\/h2>\n<h2><img loading=\"lazy\" decoding=\"async\" class=\"alignnone size-full wp-image-17082\" src=\"https:\/\/www.hydraulic-cylinders.net\/wp-content\/uploads\/2025\/02\/cylinder-series-for-agricultural-machinery-1-1-scaled.webp\" alt=\"\" width=\"2066\" height=\"2560\" srcset=\"https:\/\/www.hydraulic-cylinders.net\/wp-content\/uploads\/2025\/02\/cylinder-series-for-agricultural-machinery-1-1-scaled.webp 2066w, https:\/\/www.hydraulic-cylinders.net\/wp-content\/uploads\/2025\/02\/cylinder-series-for-agricultural-machinery-1-1-1280x1586.webp 1280w, https:\/\/www.hydraulic-cylinders.net\/wp-content\/uploads\/2025\/02\/cylinder-series-for-agricultural-machinery-1-1-980x1214.webp 980w, https:\/\/www.hydraulic-cylinders.net\/wp-content\/uploads\/2025\/02\/cylinder-series-for-agricultural-machinery-1-1-480x595.webp 480w\" sizes=\"(min-width: 0px) and (max-width: 480px) 480px, (min-width: 481px) and (max-width: 980px) 980px, (min-width: 981px) and (max-width: 1280px) 1280px, (min-width: 1281px) 2066px, 100vw\" \/><\/h2>\n<h2><strong>Viktiga funktioner hos HCYY11112016 lyftcylinder f\u00f6r spannm\u00e5lstankar f\u00f6r jordbruksmaskiner:<\/strong><\/h2>\n<h4><strong>H\u00f6g lastkapacitet<\/strong><\/h4>\n<p>De <strong>HCYY11112016 Lyftcylinder f\u00f6r spannm\u00e5lstank<\/strong> \u00e4r expertkonstruerad f\u00f6r att hantera betydande vikter, vilket g\u00f6r att den enkelt kan lyfta fullastade spannm\u00e5lstankar. Denna h\u00f6ga lastkapacitet s\u00e4kerst\u00e4ller inte bara s\u00e4ker drift utan \u00f6kar \u00e4ven effektiviteten under viktiga sk\u00f6rde- och transportperioder. Lantbrukare kan lita p\u00e5 att denna cylinder kommer att fungera tillf\u00f6rlitligt under tryck, vilket g\u00f6r att de kan fokusera p\u00e5 sina uppgifter utan att oroa sig f\u00f6r utrustningsfel.<\/p>\n<h4><strong>H\u00e5llbar konstruktion<\/strong><\/h4>\n<p>HCYY11112016 \u00e4r tillverkad av h\u00f6gh\u00e5llfasta material och \u00e4r byggd f\u00f6r att motst\u00e5 p\u00e5frestningarna i kr\u00e4vande jordbruksmilj\u00f6er. Dess h\u00e5llbara konstruktion motst\u00e5r slitage, vilket s\u00e4kerst\u00e4ller l\u00e5ng livsl\u00e4ngd och j\u00e4mn prestanda \u00f6ver tid. Denna motst\u00e5ndskraft \u00e4r avg\u00f6rande f\u00f6r jordbrukare som f\u00f6rlitar sig p\u00e5 sin utrustning dag ut och dag in, eftersom den minimerar stillest\u00e5ndstid och underh\u00e5llskostnader.<\/p>\n<h4><strong>Korrosionsbest\u00e4ndighet<\/strong><\/h4>\n<p>Utrustad med avancerade ytbehandlingar erbjuder HCYY11112016 exceptionellt skydd mot rost och korrosion. Denna funktion f\u00f6rb\u00e4ttrar cylinderns h\u00e5llbarhet och g\u00f6r att den kan bibeh\u00e5lla topprestanda \u00e4ven i kr\u00e4vande v\u00e4derf\u00f6rh\u00e5llanden. Genom att investera i denna korrosionsbest\u00e4ndiga cylinder kan lantbrukare vara s\u00e4kra p\u00e5 att deras utrustning kommer att klara elementen, vilket bidrar till en l\u00e4ngre livsl\u00e4ngd och b\u00e4ttre avkastning p\u00e5 investeringen.<\/p>\n<h4><strong>Kompakt design<\/strong><\/h4>\n<p>En av de mest framst\u00e5ende egenskaperna hos HCYY11112016 \u00e4r dess kompakta design, vilket underl\u00e4ttar s\u00f6ml\u00f6s integration i en m\u00e4ngd olika jordbruksmaskiner. Denna utrymmeseffektiva design maximerar tillg\u00e4ngligt utrymme, vilket m\u00f6jligg\u00f6r en mer effektiv anv\u00e4ndning av utrustningen utan att kompromissa med funktionaliteten. Lantbrukare drar nytta av en str\u00f6mlinjeformad installation som f\u00f6rb\u00e4ttrar man\u00f6vrerbarheten och den totala driftseffektiviteten.<\/p>\n<h4><strong>Precisionsteknik<\/strong><\/h4>\n<p>HCYY11112016 \u00e4r tillverkad med sn\u00e4va toleranser och s\u00e4kerst\u00e4ller smidig drift och exakt lastpositionering, vilket \u00e4r avg\u00f6rande f\u00f6r att f\u00f6rhindra olyckor vid spannm\u00e5lshantering. Denna precisionsniv\u00e5 g\u00f6r det m\u00f6jligt f\u00f6r f\u00f6rare att hantera laster med tillf\u00f6rsikt, vilket minskar riskerna i samband med att lyfta och transportera tunga material. Cylinderns tillf\u00f6rlitliga prestanda leder till s\u00e4krare arbetsf\u00f6rh\u00e5llanden, vilket \u00e4r h\u00f6gsta prioritet f\u00f6r jordbruksproffs.<\/p>\n<p>Genom att v\u00e4lja HCYY11112016-lyftcylindern f\u00f6r spannm\u00e5lstankar utrustar sig lantbrukare med ett verktyg som inte bara uppfyller utan \u00f6vertr\u00e4ffar kraven inom modernt jordbruk. Dess kombination av h\u00f6g lastkapacitet, h\u00e5llbarhet, korrosionsbest\u00e4ndighet, kompakt design och precisionsteknik g\u00f6r den till en viktig tillg\u00e5ng f\u00f6r alla jordbruksf\u00f6retag.<\/p>\n<h2><strong>Hur f\u00f6rb\u00e4ttrar den kompakta designen hos Hcyy11112016-lyftcylindern f\u00f6r spannm\u00e5lstanken dess integration med jordbruksmaskiner?<\/strong><\/h2>\n<p>Den kompakta designen av <strong>HCYY11112016 Lyftcylinder f\u00f6r spannm\u00e5lstank<\/strong> spelar en viktig roll i dess s\u00f6ml\u00f6sa integration med jordbruksmaskiner, vilket erbjuder m\u00e5nga f\u00f6rdelar som f\u00f6rb\u00e4ttrar den totala prestandan:<\/p>\n<h4><strong>Rymdeffektivitet<\/strong><\/h4>\n<ul>\n<li><strong>Maximerat utrymme<\/strong>Cylinderns str\u00f6mlinjeformade profil \u00e4r konstruerad f\u00f6r optimal anv\u00e4ndning av tillg\u00e4ngligt utrymme, vilket m\u00f6jligg\u00f6r enkel integrering i olika maskinkonfigurationer. Denna effektiva anv\u00e4ndning av utrymmet effektiviserar inte bara designen utan minskar \u00e4ven r\u00f6ran, vilket g\u00f6r utrustningen mer anv\u00e4ndarv\u00e4nlig och tillg\u00e4nglig.<\/li>\n<\/ul>\n<h4><strong>F\u00f6rb\u00e4ttrad man\u00f6vrerbarhet<\/strong><\/h4>\n<ul>\n<li><strong>F\u00f6rb\u00e4ttrad r\u00f6rlighet<\/strong>En kompakt design f\u00f6rb\u00e4ttrar man\u00f6vrerbarheten avsev\u00e4rt, vilket g\u00f6r det m\u00f6jligt f\u00f6r lantbrukare att navigera i tr\u00e5nga utrymmen p\u00e5 f\u00e4lt, i lador eller i lagerutrymmen. Denna smidighet \u00e4r avg\u00f6rande under hektiska sk\u00f6rdeperioder n\u00e4r snabba justeringar \u00e4r n\u00f6dv\u00e4ndiga, vilket i slut\u00e4ndan sparar tid och \u00f6kar produktiviteten.<\/li>\n<\/ul>\n<h4><strong>F\u00f6renklad installation<\/strong><\/h4>\n<ul>\n<li><strong>Enkel integration<\/strong>Cylinderns mindre storlek f\u00f6renklar installationsprocessen f\u00f6r en m\u00e4ngd olika jordbruksmaskiner. Denna enkla integration minimerar installationstiden, vilket g\u00f6r att f\u00f6rarna snabbt kan drifts\u00e4tta utrustning och \u00e5terg\u00e5 till arbetet, vilket \u00e4r s\u00e4rskilt v\u00e4rdefullt under h\u00f6gs\u00e4song.<\/li>\n<\/ul>\n<h4><strong>Balanserad viktf\u00f6rdelning<\/strong><\/h4>\n<ul>\n<li><strong>L\u00e4gre tyngdpunkt<\/strong>Den kompakta ytan bidrar till att bibeh\u00e5lla en l\u00e4gre tyngdpunkt, vilket \u00e4r avg\u00f6rande f\u00f6r att f\u00f6rb\u00e4ttra stabiliteten under drift. Denna konstruktionsfunktion minimerar risken f\u00f6r tippning vid lyft av tunga spannm\u00e5lstankar, vilket s\u00e4kerst\u00e4ller s\u00e4krare hantering och drift under varierande f\u00e4ltf\u00f6rh\u00e5llanden.<\/li>\n<\/ul>\n<h4><strong>M\u00e5ngsidig kompatibilitet<\/strong><\/h4>\n<ul>\n<li><strong>Anpassningsf\u00f6rm\u00e5ga<\/strong>HCYY11112016:s kompakta design s\u00e4kerst\u00e4ller kompatibilitet med ett brett utbud av jordbruksmaskiner, fr\u00e5n traktorer till spannm\u00e5lsvagnar. Denna m\u00e5ngsidighet g\u00f6r det m\u00f6jligt f\u00f6r lantbrukare att v\u00e4xla mellan olika utrustningsdelar utan behov av omfattande modifieringar, vilket sparar b\u00e5de tid och resurser.<\/li>\n<\/ul>\n<h4><strong>F\u00f6rb\u00e4ttrad driftseffektivitet<\/strong><\/h4>\n<ul>\n<li><strong>Str\u00f6mlinjeformad prestanda<\/strong>Genom att integreras s\u00f6ml\u00f6st med olika maskiner bidrar den kompakta cylindern till den \u00f6vergripande driftseffektiviteten. Dess f\u00f6rm\u00e5ga att fungera harmoniskt med andra komponenter minskar slitage p\u00e5 maskiner, vilket f\u00f6rl\u00e4nger livsl\u00e4ngden p\u00e5 b\u00e5de cylindern och den utrustning den st\u00f6der.<\/li>\n<\/ul>\n<h4><strong>S\u00e4kerhets\u00f6verv\u00e4ganden<\/strong><\/h4>\n<ul>\n<li><strong>Riskreducering<\/strong>Kombinationen av en l\u00e4gre tyngdpunkt och f\u00f6rb\u00e4ttrad stabilitet minskar sannolikheten f\u00f6r olyckor vid spannm\u00e5lshantering. Jordbrukare kan arbeta med tillf\u00f6rsikt, i vetskap om att deras utrustning \u00e4r utformad f\u00f6r att prioritera s\u00e4kerhet vid hantering av tunga laster.<\/li>\n<\/ul>\n<p>Sammanfattningsvis f\u00f6rb\u00e4ttrar den kompakta designen hos HCYY11112016-lyftcylindern f\u00f6r spannm\u00e5lstanken inte bara dess integration med jordbruksmaskiner utan bidrar ocks\u00e5 till f\u00f6rb\u00e4ttrad effektivitet, s\u00e4kerhet och anpassningsf\u00f6rm\u00e5ga. Genom att v\u00e4lja denna innovativa cylinder investerar lantbrukare i ett verktyg som maximerar prestanda och tillf\u00f6rlitlighet, vilket g\u00f6r den till en viktig tillg\u00e5ng f\u00f6r moderna jordbruksverksamheter.<\/p>\n<h2><strong>Produktionsomr\u00e5de f\u00f6r gaffeltruckcylinder:<\/strong><\/h2>\n<h2><img loading=\"lazy\" decoding=\"async\" class=\"alignnone size-full wp-image-16972\" src=\"https:\/\/www.hydraulic-cylinders.net\/wp-content\/uploads\/2025\/01\/hydraulic-cylinder-factory-1-scaled.webp\" alt=\"\" width=\"2016\" height=\"2560\" srcset=\"https:\/\/www.hydraulic-cylinders.net\/wp-content\/uploads\/2025\/01\/hydraulic-cylinder-factory-1-scaled.webp 2016w, https:\/\/www.hydraulic-cylinders.net\/wp-content\/uploads\/2025\/01\/hydraulic-cylinder-factory-1-1280x1625.webp 1280w, https:\/\/www.hydraulic-cylinders.net\/wp-content\/uploads\/2025\/01\/hydraulic-cylinder-factory-1-980x1244.webp 980w, https:\/\/www.hydraulic-cylinders.net\/wp-content\/uploads\/2025\/01\/hydraulic-cylinder-factory-1-480x610.webp 480w\" sizes=\"(min-width: 0px) and (max-width: 480px) 480px, (min-width: 481px) and (max-width: 980px) 980px, (min-width: 981px) and (max-width: 1280px) 1280px, (min-width: 1281px) 2016px, 100vw\" \/><\/h2>\n<p>Vi har en toppmodern oberoende FoU-plattform dedikerad till montering, vilket s\u00e4kerst\u00e4ller innovation och kvalitet i v\u00e5ra tillverkningsprocesser. V\u00e5r verkstad f\u00f6r produktion av gaffeltruckcylindrar har fyra halvautomatiska monteringslinjer f\u00f6r lyftcylindrar och en helautomatisk monteringslinje f\u00f6r tippcylindrar, tillsammans utformade f\u00f6r att producera upp till en miljon enheter \u00e5rligen.<\/p>\n<p>Dessutom \u00e4r v\u00e5r specialiserade cylinderverkstad utrustad med halvautomatiska reng\u00f6rings- och monteringssystem skr\u00e4ddarsydda f\u00f6r olika specifikationer, med en \u00e5rlig produktionskapacitet p\u00e5 200 000 enheter. Vi anv\u00e4nder v\u00e4lk\u00e4nd CNC-utrustning, fleroperationsmaskiner och specialverktyg f\u00f6r h\u00f6gprecisionsbearbetning av cylinder. V\u00e5r anl\u00e4ggning inkluderar \u00e4ven avancerade robotsvetsmaskiner, automatiska reng\u00f6ringssystem och helautomatiska cylindermonterings- och m\u00e5lningslinjer. Med \u00f6ver 300 viktiga utrustningsdelar i drift optimerar vi resursallokeringen och s\u00e4kerst\u00e4ller effektiv anv\u00e4ndning, samtidigt som vi uppfyller str\u00e4nga precisions- och kvalitetsstandarder.<\/p>\n<p>V\u00e5r bearbetningsverkstad har specialanpassade svarvcentra f\u00f6r styrskenor, bearbetningscentra, h\u00f6ghastighetsh\u00f6nsmaskiner, svetsrobotar och annan viktig utrustning. Denna uppst\u00e4llning g\u00f6r det m\u00f6jligt f\u00f6r oss att hantera bearbetning av cylinderr\u00f6r med en maximal innerdiameter p\u00e5 400 mm och l\u00e4ngder p\u00e5 upp till 6 meter, vilket ytterligare f\u00f6rb\u00e4ttrar v\u00e5r produktionskapacitet.<\/p>\n<h2><img loading=\"lazy\" decoding=\"async\" class=\"alignnone size-full wp-image-16973\" src=\"https:\/\/www.hydraulic-cylinders.net\/wp-content\/uploads\/2025\/01\/hydraulic-cylinder-factory-2-scaled.webp\" alt=\"\" width=\"2011\" height=\"2560\" srcset=\"https:\/\/www.hydraulic-cylinders.net\/wp-content\/uploads\/2025\/01\/hydraulic-cylinder-factory-2-scaled.webp 2011w, https:\/\/www.hydraulic-cylinders.net\/wp-content\/uploads\/2025\/01\/hydraulic-cylinder-factory-2-1280x1629.webp 1280w, https:\/\/www.hydraulic-cylinders.net\/wp-content\/uploads\/2025\/01\/hydraulic-cylinder-factory-2-980x1248.webp 980w, https:\/\/www.hydraulic-cylinders.net\/wp-content\/uploads\/2025\/01\/hydraulic-cylinder-factory-2-480x611.webp 480w\" sizes=\"(min-width: 0px) and (max-width: 480px) 480px, (min-width: 481px) and (max-width: 980px) 980px, (min-width: 981px) and (max-width: 1280px) 1280px, (min-width: 1281px) 2011px, 100vw\" \/><\/h2>\n<p>Vi driver en helautomatisk vattenbaserad f\u00e4rglinje speciellt utformad f\u00f6r sm\u00e5 och medelstora cylindrar, med automatiserade lastnings-, lossnings- och sprutrobotar. Detta toppmoderna system har en produktionskapacitet p\u00e5 4 000 enheter per skift. Dessutom har vi en halvautomatisk m\u00e5lningslinje f\u00f6r storskaliga cylindrar, driven av en kedjedrift, med en designkapacitet p\u00e5 60 l\u00e5dor per skift.<\/p>\n<p>F\u00f6r att f\u00f6rb\u00e4ttra produkternas prestanda och bef\u00e4sta v\u00e5rt ledarskap inom hydraulcylinderbranschen har vi samarbetat med ZJIMEE f\u00f6r att etablera ett omfattande prestandalaboratorium dedikerat till hydraulcylindrar, ventiler och pumpar. Detta avancerade laboratorium anv\u00e4nder datorst\u00f6dd testning med elektrohydraulisk teknik, vilket m\u00f6jligg\u00f6r f\u00f6rinst\u00e4llda testf\u00f6rh\u00e5llanden som f\u00f6rb\u00e4ttrar noggrannhet och systemm\u00e5ngsidighet. Den automatiserade datainsamlingsprocessen anv\u00e4nder sensorer f\u00f6r att samla in utdata, s\u00e5som internt l\u00e4ckage och lasteffektivitet, som sedan bearbetas av en dator och omvandlas till standardenheter (ml\/min%).<\/p>\n<p>F\u00f6r att s\u00e4kerst\u00e4lla s\u00e4kerheten i v\u00e5ra hydrauliska system implementerar vi dessutom tillst\u00e5nds\u00f6vervakning f\u00f6r viktiga prestandaparametrar, inklusive oljetemperatur, v\u00e4tskeniv\u00e5 och filterenhetens status. V\u00e5rt testst\u00e4ll f\u00f6r hydraulcylindrar kan bed\u00f6ma \"lasteffektivitet\" och \"internt l\u00e4ckage\" genom exakta avl\u00e4sningar. Det \u00e4r ocks\u00e5 utrustat med ett m\u00e4tinstrument med gitterlinjal som uppfyller nationella standarder, vilket s\u00e4kerst\u00e4ller att alla testkrav f\u00f6r hydraulcylindrar uppfylls.<\/p>\n<p>&nbsp;<\/p>","protected":false},"excerpt":{"rendered":"<p>HCYY11112016 Grain Tank Lifting Cylinder For Agricultural Machinery The HCYY11112016 Grain Tank Lifting Cylinder plays a crucial role in agricultural machinery, designed to boost the efficiency and effectiveness of grain handling operations. This hydraulic cylinder provides the power and precision required to raise and lower grain tanks smoothly, ensuring optimal performance during both harvest and [&hellip;]<\/p>","protected":false},"featured_media":17083,"comment_status":"open","ping_status":"closed","template":"","meta":{"_et_pb_use_builder":"","_et_pb_old_content":"","_et_gb_content_width":""},"product_brand":[],"product_cat":[1528,1549,1376],"product_tag":[],"class_list":{"0":"post-17074","1":"product","2":"type-product","3":"status-publish","4":"has-post-thumbnail","6":"product_cat-harvesting-machinery-hydraulic-cylinders","7":"product_cat-single-acting-hydraulic-cylinder","8":"product_cat-hydraulic-cylinder","10":"first","11":"instock","12":"shipping-taxable","13":"product-type-simple"},"amp_enabled":true,"_links":{"self":[{"href":"https:\/\/www.hydraulic-cylinders.net\/sv\/wp-json\/wp\/v2\/product\/17074","targetHints":{"allow":["GET"]}}],"collection":[{"href":"https:\/\/www.hydraulic-cylinders.net\/sv\/wp-json\/wp\/v2\/product"}],"about":[{"href":"https:\/\/www.hydraulic-cylinders.net\/sv\/wp-json\/wp\/v2\/types\/product"}],"replies":[{"embeddable":true,"href":"https:\/\/www.hydraulic-cylinders.net\/sv\/wp-json\/wp\/v2\/comments?post=17074"}],"wp:featuredmedia":[{"embeddable":true,"href":"https:\/\/www.hydraulic-cylinders.net\/sv\/wp-json\/wp\/v2\/media\/17083"}],"wp:attachment":[{"href":"https:\/\/www.hydraulic-cylinders.net\/sv\/wp-json\/wp\/v2\/media?parent=17074"}],"wp:term":[{"taxonomy":"product_brand","embeddable":true,"href":"https:\/\/www.hydraulic-cylinders.net\/sv\/wp-json\/wp\/v2\/product_brand?post=17074"},{"taxonomy":"product_cat","embeddable":true,"href":"https:\/\/www.hydraulic-cylinders.net\/sv\/wp-json\/wp\/v2\/product_cat?post=17074"},{"taxonomy":"product_tag","embeddable":true,"href":"https:\/\/www.hydraulic-cylinders.net\/sv\/wp-json\/wp\/v2\/product_tag?post=17074"}],"curies":[{"name":"wp","href":"https:\/\/api.w.org\/{rel}","templated":true}]}}