{"id":17084,"date":"2025-02-05T08:51:31","date_gmt":"2025-02-05T08:51:31","guid":{"rendered":"https:\/\/www.hydraulic-cylinders.net\/?post_type=product&#038;p=17084"},"modified":"2025-04-11T05:30:22","modified_gmt":"2025-04-11T05:30:22","slug":"hcyy11112017-towing-and-lifting-cylinder-for-agricultural-machinery","status":"publish","type":"product","link":"https:\/\/www.hydraulic-cylinders.net\/sv\/produkt\/hcyy11112017-towing-and-lifting-cylinder-for-agricultural-machinery\/","title":{"rendered":"HCYY11112017 Bogserings- och lyftcylinder f\u00f6r jordbruksmaskiner"},"content":{"rendered":"<h1 style=\"text-align: center;\"><strong>HCYY11112017 Bogserings- och lyftcylinder f\u00f6r jordbruksmaskiner<\/strong><\/h1>\n<h1 style=\"text-align: center;\"><img loading=\"lazy\" decoding=\"async\" class=\"alignnone size-full wp-image-17086\" src=\"https:\/\/www.hydraulic-cylinders.net\/wp-content\/uploads\/2025\/02\/hcyy11112017-towing-and-lifting-cylinder-2.webp\" alt=\"\" width=\"1495\" height=\"517\" srcset=\"https:\/\/www.hydraulic-cylinders.net\/wp-content\/uploads\/2025\/02\/hcyy11112017-towing-and-lifting-cylinder-2.webp 1495w, https:\/\/www.hydraulic-cylinders.net\/wp-content\/uploads\/2025\/02\/hcyy11112017-towing-and-lifting-cylinder-2-1280x443.webp 1280w, https:\/\/www.hydraulic-cylinders.net\/wp-content\/uploads\/2025\/02\/hcyy11112017-towing-and-lifting-cylinder-2-980x339.webp 980w, https:\/\/www.hydraulic-cylinders.net\/wp-content\/uploads\/2025\/02\/hcyy11112017-towing-and-lifting-cylinder-2-480x166.webp 480w\" sizes=\"(min-width: 0px) and (max-width: 480px) 480px, (min-width: 481px) and (max-width: 980px) 980px, (min-width: 981px) and (max-width: 1280px) 1280px, (min-width: 1281px) 1495px, 100vw\" \/><\/h1>\n<p>De <strong>HCYY11112017 Bogserings- och lyftcylinder<\/strong> \u00e4r en avg\u00f6rande komponent f\u00f6r jordbruks- och industritill\u00e4mpningar, konstruerad f\u00f6r exceptionell prestanda vid bogsering av tunga laster och lyftutrustning. Dess m\u00e5ngsidighet g\u00f6r den till ett oumb\u00e4rligt verktyg f\u00f6r yrkesverksamma inom omr\u00e5det.<\/p>\n<p>Denna cylinder utm\u00e4rker sig som en p\u00e5litlig och effektiv l\u00f6sning f\u00f6r olika bogserings- och lyftuppgifter. Med h\u00f6g lastkapacitet, h\u00e5llbar konstruktion och kompakt design f\u00f6rb\u00e4ttrar den alla maskinparkers kapacitet. Genom att f\u00f6lja de rekommenderade anv\u00e4ndnings- och underh\u00e5llsriktlinjerna kan anv\u00e4ndare optimera cylinderns prestanda och f\u00f6rl\u00e4nga dess livsl\u00e4ngd, vilket s\u00e4kerst\u00e4ller maximal effektivitet i driften.<\/p>\n<p>Investera i HCYY11112017 f\u00f6r en p\u00e5litlig l\u00f6sning som effektivt uppfyller alla dina bogserings- och lyftbehov.<\/p>\n<h2><strong>HCYY11112017 Bogserings- och lyftcylinderparameter:<\/strong><\/h2>\n<h1 style=\"text-align: center;\"><img loading=\"lazy\" decoding=\"async\" class=\"alignnone size-full wp-image-17085\" src=\"https:\/\/www.hydraulic-cylinders.net\/wp-content\/uploads\/2025\/02\/hcyy11112017-towing-and-lifting-cylinder-1.webp\" alt=\"\" width=\"1519\" height=\"151\" srcset=\"https:\/\/www.hydraulic-cylinders.net\/wp-content\/uploads\/2025\/02\/hcyy11112017-towing-and-lifting-cylinder-1.webp 1519w, https:\/\/www.hydraulic-cylinders.net\/wp-content\/uploads\/2025\/02\/hcyy11112017-towing-and-lifting-cylinder-1-1280x127.webp 1280w, https:\/\/www.hydraulic-cylinders.net\/wp-content\/uploads\/2025\/02\/hcyy11112017-towing-and-lifting-cylinder-1-980x97.webp 980w, https:\/\/www.hydraulic-cylinders.net\/wp-content\/uploads\/2025\/02\/hcyy11112017-towing-and-lifting-cylinder-1-480x48.webp 480w\" sizes=\"(min-width: 0px) and (max-width: 480px) 480px, (min-width: 481px) and (max-width: 980px) 980px, (min-width: 981px) and (max-width: 1280px) 1280px, (min-width: 1281px) 1519px, 100vw\" \/><img loading=\"lazy\" decoding=\"async\" class=\"alignnone size-full wp-image-17087\" src=\"https:\/\/www.hydraulic-cylinders.net\/wp-content\/uploads\/2025\/02\/hcyy11112017-towing-and-lifting-cylinder-3.webp\" alt=\"\" width=\"1474\" height=\"710\" srcset=\"https:\/\/www.hydraulic-cylinders.net\/wp-content\/uploads\/2025\/02\/hcyy11112017-towing-and-lifting-cylinder-3.webp 1474w, https:\/\/www.hydraulic-cylinders.net\/wp-content\/uploads\/2025\/02\/hcyy11112017-towing-and-lifting-cylinder-3-1280x617.webp 1280w, https:\/\/www.hydraulic-cylinders.net\/wp-content\/uploads\/2025\/02\/hcyy11112017-towing-and-lifting-cylinder-3-980x472.webp 980w, https:\/\/www.hydraulic-cylinders.net\/wp-content\/uploads\/2025\/02\/hcyy11112017-towing-and-lifting-cylinder-3-480x231.webp 480w\" sizes=\"(min-width: 0px) and (max-width: 480px) 480px, (min-width: 481px) and (max-width: 980px) 980px, (min-width: 981px) and (max-width: 1280px) 1280px, (min-width: 1281px) 1474px, 100vw\" \/> <img loading=\"lazy\" decoding=\"async\" class=\"alignnone size-full wp-image-17088\" src=\"https:\/\/www.hydraulic-cylinders.net\/wp-content\/uploads\/2025\/02\/hcyy11112017-towing-and-lifting-cylinder-4.webp\" alt=\"\" width=\"1480\" height=\"705\" srcset=\"https:\/\/www.hydraulic-cylinders.net\/wp-content\/uploads\/2025\/02\/hcyy11112017-towing-and-lifting-cylinder-4.webp 1480w, https:\/\/www.hydraulic-cylinders.net\/wp-content\/uploads\/2025\/02\/hcyy11112017-towing-and-lifting-cylinder-4-1280x610.webp 1280w, https:\/\/www.hydraulic-cylinders.net\/wp-content\/uploads\/2025\/02\/hcyy11112017-towing-and-lifting-cylinder-4-980x467.webp 980w, https:\/\/www.hydraulic-cylinders.net\/wp-content\/uploads\/2025\/02\/hcyy11112017-towing-and-lifting-cylinder-4-480x229.webp 480w\" sizes=\"(min-width: 0px) and (max-width: 480px) 480px, (min-width: 481px) and (max-width: 980px) 980px, (min-width: 981px) and (max-width: 1280px) 1280px, (min-width: 1281px) 1480px, 100vw\" \/> <img loading=\"lazy\" decoding=\"async\" class=\"alignnone size-full wp-image-17089\" src=\"https:\/\/www.hydraulic-cylinders.net\/wp-content\/uploads\/2025\/02\/hcyy11112017-towing-and-lifting-cylinder-5.webp\" alt=\"\" width=\"1394\" height=\"691\" srcset=\"https:\/\/www.hydraulic-cylinders.net\/wp-content\/uploads\/2025\/02\/hcyy11112017-towing-and-lifting-cylinder-5.webp 1394w, https:\/\/www.hydraulic-cylinders.net\/wp-content\/uploads\/2025\/02\/hcyy11112017-towing-and-lifting-cylinder-5-1280x634.webp 1280w, https:\/\/www.hydraulic-cylinders.net\/wp-content\/uploads\/2025\/02\/hcyy11112017-towing-and-lifting-cylinder-5-980x486.webp 980w, https:\/\/www.hydraulic-cylinders.net\/wp-content\/uploads\/2025\/02\/hcyy11112017-towing-and-lifting-cylinder-5-480x238.webp 480w\" sizes=\"(min-width: 0px) and (max-width: 480px) 480px, (min-width: 481px) and (max-width: 980px) 980px, (min-width: 981px) and (max-width: 1280px) 1280px, (min-width: 1281px) 1394px, 100vw\" \/><\/h1>\n<h2><strong>Cylinderserie av bandkran:<\/strong><\/h2>\n<h2><img loading=\"lazy\" decoding=\"async\" class=\"alignnone size-full wp-image-17082\" src=\"https:\/\/www.hydraulic-cylinders.net\/wp-content\/uploads\/2025\/02\/cylinder-series-for-agricultural-machinery-1-1-scaled.webp\" alt=\"\" width=\"2066\" height=\"2560\" srcset=\"https:\/\/www.hydraulic-cylinders.net\/wp-content\/uploads\/2025\/02\/cylinder-series-for-agricultural-machinery-1-1-scaled.webp 2066w, https:\/\/www.hydraulic-cylinders.net\/wp-content\/uploads\/2025\/02\/cylinder-series-for-agricultural-machinery-1-1-1280x1586.webp 1280w, https:\/\/www.hydraulic-cylinders.net\/wp-content\/uploads\/2025\/02\/cylinder-series-for-agricultural-machinery-1-1-980x1214.webp 980w, https:\/\/www.hydraulic-cylinders.net\/wp-content\/uploads\/2025\/02\/cylinder-series-for-agricultural-machinery-1-1-480x595.webp 480w\" sizes=\"(min-width: 0px) and (max-width: 480px) 480px, (min-width: 481px) and (max-width: 980px) 980px, (min-width: 981px) and (max-width: 1280px) 1280px, (min-width: 1281px) 2066px, 100vw\" \/><\/h2>\n<h2><strong>Viktiga funktioner hos HCYY11112017 bogserings- och lyftcylinder:<\/strong><\/h2>\n<p>De <strong>HCYY11112017 Bogserings- och lyftcylinder<\/strong> har flera viktiga funktioner som avsev\u00e4rt f\u00f6rb\u00e4ttrar dess funktionalitet och attraktionskraft:<\/p>\n<h4><strong>H\u00f6g lastkapacitet<\/strong><\/h4>\n<p>Denna cylinder \u00e4r konstruerad f\u00f6r att hantera stora vikter utan anstr\u00e4ngning, vilket g\u00f6r den idealisk f\u00f6r tunga till\u00e4mpningar. Dess imponerande lastkapacitet s\u00e4kerst\u00e4ller s\u00e4kra och effektiva bogserings- och lyftoperationer, vilket g\u00f6r att anv\u00e4ndarna kan ta itu med kr\u00e4vande uppgifter utan att tveka. Oavsett om man lyfter stora jordbruksmaskiner eller bogserar tunga sl\u00e4pvagnar, ger denna cylinder den styrka som beh\u00f6vs f\u00f6r att f\u00e5 jobbet gjort effektivt.<\/p>\n<h4><strong>H\u00e5llbar konstruktion<\/strong><\/h4>\n<p>HCYY11112017 \u00e4r tillverkad av h\u00f6gh\u00e5llfasta material och \u00e4r utformad f\u00f6r att motst\u00e5 slitage \u00e4ven i de mest kr\u00e4vande milj\u00f6er. Dess robusta konstruktion skyddar mot p\u00e5frestningarna vid daglig anv\u00e4ndning och s\u00e4kerst\u00e4ller l\u00e5ng livsl\u00e4ngd. Denna h\u00e5llbarhet inneb\u00e4r f\u00e4rre utbyten och reparationer, vilket ger anv\u00e4ndarna sinnesro och sparar kostnader i l\u00e4ngden.<\/p>\n<h4><strong>Korrosionsbest\u00e4ndighet<\/strong><\/h4>\n<p>Cylindern har avancerade ytbehandlingar som skyddar den mot rost och korrosion. Denna viktiga egenskap \u00e4r s\u00e4rskilt f\u00f6rdelaktig i jordbruks- och industrimilj\u00f6er d\u00e4r exponering f\u00f6r fukt och starka kemikalier \u00e4r vanlig. Genom att f\u00f6rl\u00e4nga cylinderns livsl\u00e4ngd och bibeh\u00e5lla tillf\u00f6rlitligheten s\u00e4kerst\u00e4ller denna korrosionsbest\u00e4ndighet att HCYY11112017 f\u00f6rblir ett p\u00e5litligt verktyg \u00f6ver tid.<\/p>\n<h4><strong>Kompakt design<\/strong><\/h4>\n<p>Dess utrymmeseffektiva struktur m\u00f6jligg\u00f6r enkel integration i befintlig maskinpark utan att kompromissa med prestandan. Denna kompakta design \u00e4r s\u00e4rskilt f\u00f6rdelaktig f\u00f6r verksamheter d\u00e4r utrymmet \u00e4r begr\u00e4nsat, vilket g\u00f6r det m\u00f6jligt f\u00f6r anv\u00e4ndare att maximera sin utrustnings kapacitet. Cylinderns lilla format minskar inte kraften, vilket g\u00f6r den till ett praktiskt val f\u00f6r olika till\u00e4mpningar.<\/p>\n<h4><strong>Precisionsteknik<\/strong><\/h4>\n<p>HCYY11112017 \u00e4r tillverkad med sn\u00e4va toleranser och garanterar smidig drift och exakt lastpositionering. Denna precisionsteknik f\u00f6rb\u00e4ttrar den totala prestandan och s\u00e4kerst\u00e4ller att laster lyfts och bogseras med exceptionell kontroll. Anv\u00e4ndare kan lita p\u00e5 denna noggrannhet f\u00f6r att uppn\u00e5 optimala resultat i sina uppgifter, vilket fr\u00e4mjar effektivitet och s\u00e4kerhet i driften.<\/p>\n<p>Sammanfattningsvis kombinerar drag- och lyftcylindern HCYY11112017 h\u00f6g lastkapacitet, h\u00e5llbar konstruktion, korrosionsbest\u00e4ndighet, kompakt design och precisionsteknik. Dessa funktioner f\u00f6rb\u00e4ttrar inte bara dess funktionalitet utan g\u00f6r den ocks\u00e5 till en p\u00e5litlig tillg\u00e5ng f\u00f6r alla jordbruks- eller industriella till\u00e4mpningar, vilket s\u00e4kerst\u00e4ller att anv\u00e4ndarna med s\u00e4kerhet kan ta sig an de tuffaste utmaningarna.<\/p>\n<h2><strong>Hur f\u00f6rb\u00e4ttrar den kompakta designen hos drag- och lyftcylindern HCYY11112017 dess anv\u00e4ndbarhet i tr\u00e5nga utrymmen?<\/strong><\/h2>\n<p>De <strong>kompakt design<\/strong> av <strong>HCYY11112017 Bogserings- och lyftcylinder<\/strong> f\u00f6rb\u00e4ttrar dess anv\u00e4ndbarhet i tr\u00e5nga utrymmen avsev\u00e4rt, vilket ger flera viktiga f\u00f6rdelar:<\/p>\n<h4><strong>Rymdeffektivitet<\/strong><\/h4>\n<ul>\n<li><strong>Minimalt fotavtryck<\/strong>Cylinderns mindre dimensioner g\u00f6r att den passar i tr\u00e5nga utrymmen d\u00e4r st\u00f6rre modeller skulle vara opraktiska. Denna utrymmeseffektivitet maximerar anv\u00e4ndningen av tillg\u00e4ngligt utrymme i maskinupps\u00e4ttningar, vilket g\u00f6r den till ett utm\u00e4rkt val f\u00f6r kompakt utrustning.<\/li>\n<\/ul>\n<h4><strong>F\u00f6rb\u00e4ttrad man\u00f6vrerbarhet<\/strong><\/h4>\n<ul>\n<li><strong>Smidighet i drift<\/strong>Dess l\u00e4tta och kompakta struktur underl\u00e4ttar f\u00f6rflyttning och justeringar i tr\u00e5nga milj\u00f6er. F\u00f6rare kan navigera runt hinder med st\u00f6rre l\u00e4tthet, vilket m\u00f6jligg\u00f6r mer flexibel drift i tr\u00e5nga eller begr\u00e4nsade utrymmen.<\/li>\n<\/ul>\n<h4><strong>M\u00e5ngsidig integration<\/strong><\/h4>\n<ul>\n<li><strong>S\u00f6ml\u00f6s kompatibilitet<\/strong>HCYY11112017 \u00e4r utformad f\u00f6r att enkelt integreras med en m\u00e4ngd olika utrustningar. Denna m\u00e5ngsidighet g\u00f6r det m\u00f6jligt f\u00f6r anv\u00e4ndare att integrera cylindern i befintliga maskinupps\u00e4ttningar utan behov av omfattande modifieringar, vilket sparar tid och anstr\u00e4ngning under installationen.<\/li>\n<\/ul>\n<h4><strong>F\u00f6rb\u00e4ttrad stabilitet<\/strong><\/h4>\n<ul>\n<li><strong>L\u00e4gre tyngdpunkt<\/strong>Den kompakta designen bidrar till en l\u00e4gre tyngdpunkt, vilket f\u00f6rb\u00e4ttrar stabiliteten under drift. Detta \u00e4r s\u00e4rskilt f\u00f6rdelaktigt i tr\u00e5nga eller oj\u00e4mna terr\u00e4nger, vilket minskar risken f\u00f6r tippning och s\u00e4kerst\u00e4ller s\u00e4krare lyft- och bogseringsprocesser.<\/li>\n<\/ul>\n<h4><strong>F\u00f6renklad drift<\/strong><\/h4>\n<ul>\n<li><strong>Enkel \u00e5tkomst<\/strong>Operat\u00f6rer kan enkelt n\u00e5 och anv\u00e4nda cylindern \u00e4ven i tr\u00e5nga arbetsf\u00f6rh\u00e5llanden. Denna tillg\u00e4nglighet fr\u00e4mjar s\u00e4kerhet och effektivitet, vilket g\u00f6r att anv\u00e4ndarna kan utf\u00f6ra uppgifter utan on\u00f6dig anstr\u00e4ngning eller sv\u00e5righeter.<\/li>\n<\/ul>\n<h4><strong>\u00d6kad produktivitet<\/strong><\/h4>\n<ul>\n<li><strong>Snabbare leveranstid<\/strong>Kombinationen av man\u00f6vrerbarhet, stabilitet och enkel \u00e5tkomst m\u00f6jligg\u00f6r snabbare installation och utf\u00f6rande av uppgifter. Denna \u00f6kade produktivitet \u00e4r avg\u00f6rande i hektiska milj\u00f6er d\u00e4r tid \u00e4r av avg\u00f6rande betydelse.<\/li>\n<\/ul>\n<h4><strong>Anpassningsf\u00f6rm\u00e5ga till olika till\u00e4mpningar<\/strong><\/h4>\n<ul>\n<li><strong>Multifunktionell anv\u00e4ndning<\/strong>Den kompakta designen g\u00f6r den l\u00e4mplig f\u00f6r en m\u00e4ngd olika till\u00e4mpningar, fr\u00e5n jordbruksmilj\u00f6er till industriella milj\u00f6er. Denna anpassningsf\u00f6rm\u00e5ga inneb\u00e4r att HCYY11112017 kan anv\u00e4ndas i olika projekt utan att kompromissa med prestandan.<\/li>\n<\/ul>\n<p>Sammanfattningsvis f\u00f6rb\u00e4ttrar den kompakta designen hos HCYY11112017 bogserings- och lyftcylinder inte bara anv\u00e4ndbarheten i tr\u00e5nga utrymmen utan bidrar ocks\u00e5 till den \u00f6vergripande driftseffektiviteten. Genom att kombinera utrymmeseffektivitet, f\u00f6rb\u00e4ttrad man\u00f6vrerbarhet, m\u00e5ngsidig integration, f\u00f6rb\u00e4ttrad stabilitet och enkel \u00e5tkomst visar sig denna cylinder vara en ov\u00e4rderlig tillg\u00e5ng f\u00f6r yrkesverksamma som arbetar i tr\u00e5nga milj\u00f6er.<\/p>\n<h2><strong>Produktionsomr\u00e5de f\u00f6r gaffeltruckcylinder:<\/strong><\/h2>\n<h2><img loading=\"lazy\" decoding=\"async\" class=\"alignnone size-full wp-image-16972\" src=\"https:\/\/www.hydraulic-cylinders.net\/wp-content\/uploads\/2025\/01\/hydraulic-cylinder-factory-1-scaled.webp\" alt=\"\" width=\"2016\" height=\"2560\" srcset=\"https:\/\/www.hydraulic-cylinders.net\/wp-content\/uploads\/2025\/01\/hydraulic-cylinder-factory-1-scaled.webp 2016w, https:\/\/www.hydraulic-cylinders.net\/wp-content\/uploads\/2025\/01\/hydraulic-cylinder-factory-1-1280x1625.webp 1280w, https:\/\/www.hydraulic-cylinders.net\/wp-content\/uploads\/2025\/01\/hydraulic-cylinder-factory-1-980x1244.webp 980w, https:\/\/www.hydraulic-cylinders.net\/wp-content\/uploads\/2025\/01\/hydraulic-cylinder-factory-1-480x610.webp 480w\" sizes=\"(min-width: 0px) and (max-width: 480px) 480px, (min-width: 481px) and (max-width: 980px) 980px, (min-width: 981px) and (max-width: 1280px) 1280px, (min-width: 1281px) 2016px, 100vw\" \/><\/h2>\n<p>Vi har en toppmodern oberoende FoU-plattform dedikerad till montering, vilket s\u00e4kerst\u00e4ller innovation och kvalitet i v\u00e5ra tillverkningsprocesser. V\u00e5r verkstad f\u00f6r produktion av gaffeltruckcylindrar har fyra halvautomatiska monteringslinjer f\u00f6r lyftcylindrar och en helautomatisk monteringslinje f\u00f6r tippcylindrar, tillsammans utformade f\u00f6r att producera upp till en miljon enheter \u00e5rligen.<\/p>\n<p>Dessutom \u00e4r v\u00e5r specialiserade cylinderverkstad utrustad med halvautomatiska reng\u00f6rings- och monteringssystem skr\u00e4ddarsydda f\u00f6r olika specifikationer, med en \u00e5rlig produktionskapacitet p\u00e5 200 000 enheter. Vi anv\u00e4nder v\u00e4lk\u00e4nd CNC-utrustning, fleroperationsmaskiner och specialverktyg f\u00f6r h\u00f6gprecisionsbearbetning av cylinder. V\u00e5r anl\u00e4ggning inkluderar \u00e4ven avancerade robotsvetsmaskiner, automatiska reng\u00f6ringssystem och helautomatiska cylindermonterings- och m\u00e5lningslinjer. Med \u00f6ver 300 viktiga utrustningsdelar i drift optimerar vi resursallokeringen och s\u00e4kerst\u00e4ller effektiv anv\u00e4ndning, samtidigt som vi uppfyller str\u00e4nga precisions- och kvalitetsstandarder.<\/p>\n<p>V\u00e5r bearbetningsverkstad har specialanpassade svarvcentra f\u00f6r styrskenor, bearbetningscentra, h\u00f6ghastighetsh\u00f6nsmaskiner, svetsrobotar och annan viktig utrustning. Denna uppst\u00e4llning g\u00f6r det m\u00f6jligt f\u00f6r oss att hantera bearbetning av cylinderr\u00f6r med en maximal innerdiameter p\u00e5 400 mm och l\u00e4ngder p\u00e5 upp till 6 meter, vilket ytterligare f\u00f6rb\u00e4ttrar v\u00e5r produktionskapacitet.<\/p>\n<h2><img loading=\"lazy\" decoding=\"async\" class=\"alignnone size-full wp-image-16973\" src=\"https:\/\/www.hydraulic-cylinders.net\/wp-content\/uploads\/2025\/01\/hydraulic-cylinder-factory-2-scaled.webp\" alt=\"\" width=\"2011\" height=\"2560\" srcset=\"https:\/\/www.hydraulic-cylinders.net\/wp-content\/uploads\/2025\/01\/hydraulic-cylinder-factory-2-scaled.webp 2011w, https:\/\/www.hydraulic-cylinders.net\/wp-content\/uploads\/2025\/01\/hydraulic-cylinder-factory-2-1280x1629.webp 1280w, https:\/\/www.hydraulic-cylinders.net\/wp-content\/uploads\/2025\/01\/hydraulic-cylinder-factory-2-980x1248.webp 980w, https:\/\/www.hydraulic-cylinders.net\/wp-content\/uploads\/2025\/01\/hydraulic-cylinder-factory-2-480x611.webp 480w\" sizes=\"(min-width: 0px) and (max-width: 480px) 480px, (min-width: 481px) and (max-width: 980px) 980px, (min-width: 981px) and (max-width: 1280px) 1280px, (min-width: 1281px) 2011px, 100vw\" \/><\/h2>\n<p>Vi driver en helautomatisk vattenbaserad f\u00e4rglinje speciellt utformad f\u00f6r sm\u00e5 och medelstora cylindrar, med automatiserade lastnings-, lossnings- och sprutrobotar. Detta toppmoderna system har en produktionskapacitet p\u00e5 4 000 enheter per skift. Dessutom har vi en halvautomatisk m\u00e5lningslinje f\u00f6r storskaliga cylindrar, driven av en kedjedrift, med en designkapacitet p\u00e5 60 l\u00e5dor per skift.<\/p>\n<p>F\u00f6r att f\u00f6rb\u00e4ttra produkternas prestanda och bef\u00e4sta v\u00e5rt ledarskap inom hydraulcylinderbranschen har vi samarbetat med ZJIMEE f\u00f6r att etablera ett omfattande prestandalaboratorium dedikerat till hydraulcylindrar, ventiler och pumpar. Detta avancerade laboratorium anv\u00e4nder datorst\u00f6dd testning med elektrohydraulisk teknik, vilket m\u00f6jligg\u00f6r f\u00f6rinst\u00e4llda testf\u00f6rh\u00e5llanden som f\u00f6rb\u00e4ttrar noggrannhet och systemm\u00e5ngsidighet. Den automatiserade datainsamlingsprocessen anv\u00e4nder sensorer f\u00f6r att samla in utdata, s\u00e5som internt l\u00e4ckage och lasteffektivitet, som sedan bearbetas av en dator och omvandlas till standardenheter (ml\/min%).<\/p>\n<p>F\u00f6r att s\u00e4kerst\u00e4lla s\u00e4kerheten i v\u00e5ra hydrauliska system implementerar vi dessutom tillst\u00e5nds\u00f6vervakning f\u00f6r viktiga prestandaparametrar, inklusive oljetemperatur, v\u00e4tskeniv\u00e5 och filterenhetens status. V\u00e5rt testst\u00e4ll f\u00f6r hydraulcylindrar kan bed\u00f6ma \"lasteffektivitet\" och \"internt l\u00e4ckage\" genom exakta avl\u00e4sningar. Det \u00e4r ocks\u00e5 utrustat med ett m\u00e4tinstrument med gitterlinjal som uppfyller nationella standarder, vilket s\u00e4kerst\u00e4ller att alla testkrav f\u00f6r hydraulcylindrar uppfylls.<\/p>\n<p>&nbsp;<\/p>","protected":false},"excerpt":{"rendered":"<p>HCYY11112017 Towing And Lifting Cylinder For Agricultural Machinery The HCYY11112017 Towing and Lifting Cylinder is a crucial component for agricultural and industrial applications, designed for exceptional performance in towing heavy loads and lifting equipment. Its versatility makes it an indispensable tool for professionals in the field. This cylinder excels as a reliable and efficient solution [&hellip;]<\/p>","protected":false},"featured_media":17090,"comment_status":"open","ping_status":"closed","template":"","meta":{"_et_pb_use_builder":"","_et_pb_old_content":"","_et_gb_content_width":""},"product_brand":[],"product_cat":[1550,1529],"product_tag":[],"class_list":{"0":"post-17084","1":"product","2":"type-product","3":"status-publish","4":"has-post-thumbnail","6":"product_cat-double-acting-hydraulic-cylinder","7":"product_cat-tractor-hydraulic-cylinders","9":"first","10":"instock","11":"shipping-taxable","12":"product-type-simple"},"amp_enabled":true,"_links":{"self":[{"href":"https:\/\/www.hydraulic-cylinders.net\/sv\/wp-json\/wp\/v2\/product\/17084","targetHints":{"allow":["GET"]}}],"collection":[{"href":"https:\/\/www.hydraulic-cylinders.net\/sv\/wp-json\/wp\/v2\/product"}],"about":[{"href":"https:\/\/www.hydraulic-cylinders.net\/sv\/wp-json\/wp\/v2\/types\/product"}],"replies":[{"embeddable":true,"href":"https:\/\/www.hydraulic-cylinders.net\/sv\/wp-json\/wp\/v2\/comments?post=17084"}],"wp:featuredmedia":[{"embeddable":true,"href":"https:\/\/www.hydraulic-cylinders.net\/sv\/wp-json\/wp\/v2\/media\/17090"}],"wp:attachment":[{"href":"https:\/\/www.hydraulic-cylinders.net\/sv\/wp-json\/wp\/v2\/media?parent=17084"}],"wp:term":[{"taxonomy":"product_brand","embeddable":true,"href":"https:\/\/www.hydraulic-cylinders.net\/sv\/wp-json\/wp\/v2\/product_brand?post=17084"},{"taxonomy":"product_cat","embeddable":true,"href":"https:\/\/www.hydraulic-cylinders.net\/sv\/wp-json\/wp\/v2\/product_cat?post=17084"},{"taxonomy":"product_tag","embeddable":true,"href":"https:\/\/www.hydraulic-cylinders.net\/sv\/wp-json\/wp\/v2\/product_tag?post=17084"}],"curies":[{"name":"wp","href":"https:\/\/api.w.org\/{rel}","templated":true}]}}