{"id":17093,"date":"2025-02-06T06:35:22","date_gmt":"2025-02-06T06:35:22","guid":{"rendered":"https:\/\/www.hydraulic-cylinders.net\/?post_type=product&#038;p=17093"},"modified":"2025-04-11T03:28:17","modified_gmt":"2025-04-11T03:28:17","slug":"hcyy11112021-main-boom-angle-cylinder-for-truck-cranes","status":"publish","type":"product","link":"https:\/\/www.hydraulic-cylinders.net\/sv\/produkt\/hcyy11112021-main-boom-angle-cylinder-for-truck-cranes\/","title":{"rendered":"HCYY11112021 Vinkelcylinder f\u00f6r huvudbom f\u00f6r lastbilskranar"},"content":{"rendered":"<h1 style=\"text-align: center;\"><strong>HCYY11112021 Vinkelcylinder f\u00f6r huvudbom f\u00f6r lastbilskranar<\/strong><\/h1>\n<h1 style=\"text-align: center;\"><img loading=\"lazy\" decoding=\"async\" class=\"alignnone size-full wp-image-17095\" src=\"https:\/\/www.hydraulic-cylinders.net\/wp-content\/uploads\/2025\/02\/hcyy11112021-main-boom-angle-cylinder-2.webp\" alt=\"\" width=\"1496\" height=\"520\" srcset=\"https:\/\/www.hydraulic-cylinders.net\/wp-content\/uploads\/2025\/02\/hcyy11112021-main-boom-angle-cylinder-2.webp 1496w, https:\/\/www.hydraulic-cylinders.net\/wp-content\/uploads\/2025\/02\/hcyy11112021-main-boom-angle-cylinder-2-1280x445.webp 1280w, https:\/\/www.hydraulic-cylinders.net\/wp-content\/uploads\/2025\/02\/hcyy11112021-main-boom-angle-cylinder-2-980x341.webp 980w, https:\/\/www.hydraulic-cylinders.net\/wp-content\/uploads\/2025\/02\/hcyy11112021-main-boom-angle-cylinder-2-480x167.webp 480w\" sizes=\"(min-width: 0px) and (max-width: 480px) 480px, (min-width: 481px) and (max-width: 980px) 980px, (min-width: 981px) and (max-width: 1280px) 1280px, (min-width: 1281px) 1496px, 100vw\" \/><\/h1>\n<p>De <strong>HCYY11112021 Vinkelcylinder f\u00f6r huvudbom<\/strong> \u00e4r en viktig komponent speciellt utformad f\u00f6r lastbilskranar, vilket avsev\u00e4rt f\u00f6rb\u00e4ttrar deras lyftkapacitet och driftseffektivitet. Denna cylinder styr huvudbommens vinkel och s\u00e4kerst\u00e4ller exakt man\u00f6vrerbarhet \u00f6ver en rad lyftuppgifter. HCYY11112021 \u00e4r konstruerad f\u00f6r att klara av kraven fr\u00e5n tunga applikationer och ger o\u00f6vertr\u00e4ffad tillf\u00f6rlitlighet och h\u00e5llbarhet, vilket g\u00f6r den till ett viktigt tillskott till alla kranar.<\/p>\n<p>HCYY11112021 utm\u00e4rker sig i prestanda och l\u00e5ng livsl\u00e4ngd inom tunga lyftoperationer. Med sin imponerande lastkapacitet, robusta konstruktion och precisa konstruktion \u00f6kar denna cylinder b\u00e5de effektiviteten och s\u00e4kerheten vid kranoperationer. Genom att f\u00f6lja korrekta anv\u00e4ndnings- och underh\u00e5llsprotokoll kan anv\u00e4ndare lita p\u00e5 att HCYY11112021 levererar konsekvent och p\u00e5litlig service i \u00e5ratal. Att investera i denna viktiga komponent optimerar inte bara din lastbilskrans kapacitet utan s\u00e4kerst\u00e4ller ocks\u00e5 \u00f6verl\u00e4gsen lyftprestanda i varje uppgift.<\/p>\n<h2><strong>HCYY11112021 Huvudbomvinkelcylinder f\u00f6r lastbilskranar Parameter:<\/strong><\/h2>\n<h1 style=\"text-align: center;\"><img loading=\"lazy\" decoding=\"async\" class=\"alignnone size-full wp-image-17094\" src=\"https:\/\/www.hydraulic-cylinders.net\/wp-content\/uploads\/2025\/02\/hcyy11112021-main-boom-angle-cylinder-1.webp\" alt=\"\" width=\"1516\" height=\"145\" srcset=\"https:\/\/www.hydraulic-cylinders.net\/wp-content\/uploads\/2025\/02\/hcyy11112021-main-boom-angle-cylinder-1.webp 1516w, https:\/\/www.hydraulic-cylinders.net\/wp-content\/uploads\/2025\/02\/hcyy11112021-main-boom-angle-cylinder-1-1280x122.webp 1280w, https:\/\/www.hydraulic-cylinders.net\/wp-content\/uploads\/2025\/02\/hcyy11112021-main-boom-angle-cylinder-1-980x94.webp 980w, https:\/\/www.hydraulic-cylinders.net\/wp-content\/uploads\/2025\/02\/hcyy11112021-main-boom-angle-cylinder-1-480x46.webp 480w\" sizes=\"(min-width: 0px) and (max-width: 480px) 480px, (min-width: 481px) and (max-width: 980px) 980px, (min-width: 981px) and (max-width: 1280px) 1280px, (min-width: 1281px) 1516px, 100vw\" \/><img loading=\"lazy\" decoding=\"async\" class=\"alignnone size-full wp-image-17096\" src=\"https:\/\/www.hydraulic-cylinders.net\/wp-content\/uploads\/2025\/02\/hcyy11112021-main-boom-angle-cylinder-3.webp\" alt=\"\" width=\"1476\" height=\"705\" srcset=\"https:\/\/www.hydraulic-cylinders.net\/wp-content\/uploads\/2025\/02\/hcyy11112021-main-boom-angle-cylinder-3.webp 1476w, https:\/\/www.hydraulic-cylinders.net\/wp-content\/uploads\/2025\/02\/hcyy11112021-main-boom-angle-cylinder-3-1280x611.webp 1280w, https:\/\/www.hydraulic-cylinders.net\/wp-content\/uploads\/2025\/02\/hcyy11112021-main-boom-angle-cylinder-3-980x468.webp 980w, https:\/\/www.hydraulic-cylinders.net\/wp-content\/uploads\/2025\/02\/hcyy11112021-main-boom-angle-cylinder-3-480x229.webp 480w\" sizes=\"(min-width: 0px) and (max-width: 480px) 480px, (min-width: 481px) and (max-width: 980px) 980px, (min-width: 981px) and (max-width: 1280px) 1280px, (min-width: 1281px) 1476px, 100vw\" \/> <img loading=\"lazy\" decoding=\"async\" class=\"alignnone size-full wp-image-17097\" src=\"https:\/\/www.hydraulic-cylinders.net\/wp-content\/uploads\/2025\/02\/hcyy11112021-main-boom-angle-cylinder-4.webp\" alt=\"\" width=\"1474\" height=\"710\" srcset=\"https:\/\/www.hydraulic-cylinders.net\/wp-content\/uploads\/2025\/02\/hcyy11112021-main-boom-angle-cylinder-4.webp 1474w, https:\/\/www.hydraulic-cylinders.net\/wp-content\/uploads\/2025\/02\/hcyy11112021-main-boom-angle-cylinder-4-1280x617.webp 1280w, https:\/\/www.hydraulic-cylinders.net\/wp-content\/uploads\/2025\/02\/hcyy11112021-main-boom-angle-cylinder-4-980x472.webp 980w, https:\/\/www.hydraulic-cylinders.net\/wp-content\/uploads\/2025\/02\/hcyy11112021-main-boom-angle-cylinder-4-480x231.webp 480w\" sizes=\"(min-width: 0px) and (max-width: 480px) 480px, (min-width: 481px) and (max-width: 980px) 980px, (min-width: 981px) and (max-width: 1280px) 1280px, (min-width: 1281px) 1474px, 100vw\" \/> <img loading=\"lazy\" decoding=\"async\" class=\"alignnone size-full wp-image-17098\" src=\"https:\/\/www.hydraulic-cylinders.net\/wp-content\/uploads\/2025\/02\/hcyy11112021-main-boom-angle-cylinder-5.webp\" alt=\"\" width=\"1401\" height=\"666\" srcset=\"https:\/\/www.hydraulic-cylinders.net\/wp-content\/uploads\/2025\/02\/hcyy11112021-main-boom-angle-cylinder-5.webp 1401w, https:\/\/www.hydraulic-cylinders.net\/wp-content\/uploads\/2025\/02\/hcyy11112021-main-boom-angle-cylinder-5-1280x608.webp 1280w, https:\/\/www.hydraulic-cylinders.net\/wp-content\/uploads\/2025\/02\/hcyy11112021-main-boom-angle-cylinder-5-980x466.webp 980w, https:\/\/www.hydraulic-cylinders.net\/wp-content\/uploads\/2025\/02\/hcyy11112021-main-boom-angle-cylinder-5-480x228.webp 480w\" sizes=\"(min-width: 0px) and (max-width: 480px) 480px, (min-width: 481px) and (max-width: 980px) 980px, (min-width: 981px) and (max-width: 1280px) 1280px, (min-width: 1281px) 1401px, 100vw\" \/><\/h1>\n<h2><strong>Cylinderserie f\u00f6r lastbilskranar:<\/strong><\/h2>\n<h2><img loading=\"lazy\" decoding=\"async\" class=\"alignnone size-full wp-image-17099\" src=\"https:\/\/www.hydraulic-cylinders.net\/wp-content\/uploads\/2025\/02\/cylinder-series-for-truck-cranes-1.webp\" alt=\"\" width=\"1246\" height=\"671\" srcset=\"https:\/\/www.hydraulic-cylinders.net\/wp-content\/uploads\/2025\/02\/cylinder-series-for-truck-cranes-1.webp 1246w, https:\/\/www.hydraulic-cylinders.net\/wp-content\/uploads\/2025\/02\/cylinder-series-for-truck-cranes-1-980x528.webp 980w, https:\/\/www.hydraulic-cylinders.net\/wp-content\/uploads\/2025\/02\/cylinder-series-for-truck-cranes-1-480x258.webp 480w\" sizes=\"(min-width: 0px) and (max-width: 480px) 480px, (min-width: 481px) and (max-width: 980px) 980px, (min-width: 981px) 1246px, 100vw\" \/><\/h2>\n<h2><strong>Viktiga funktioner hos HCYY11112021 huvudbomvinkelcylinder f\u00f6r lastbilskranar:<\/strong><\/h2>\n<p>De <strong>HCYY11112021 Vinkelcylinder f\u00f6r huvudbom<\/strong> \u00e4r en oumb\u00e4rlig komponent speciellt konstruerad f\u00f6r lastbilskranar och spelar en avg\u00f6rande roll f\u00f6r att avsev\u00e4rt f\u00f6rb\u00e4ttra deras lyftkapacitet och driftseffektivitet. Denna avancerade cylinder styr expertm\u00e4ssigt huvudbommens vinkel, vilket ger operat\u00f6rerna exakt man\u00f6vrerbarhet som \u00e4r avg\u00f6rande f\u00f6r en m\u00e4ngd olika lyftuppgifter. HCYY11112021 \u00e4r konstruerad f\u00f6r att klara de str\u00e4nga kraven fr\u00e5n tunga applikationer och ger o\u00f6vertr\u00e4ffad tillf\u00f6rlitlighet och h\u00e5llbarhet, vilket g\u00f6r den till en viktig tillg\u00e5ng f\u00f6r alla kranflottor.<\/p>\n<h4><strong>Exceptionell prestanda<\/strong><\/h4>\n<p>HCYY11112021 utm\u00e4rker sig i prestanda och l\u00e5ng livsl\u00e4ngd, s\u00e4rskilt vid kr\u00e4vande tunga lyft. Dess imponerande lastkapacitet g\u00f6r att den kan hantera stora vikter med l\u00e4tthet, vilket s\u00e4kerst\u00e4ller att operat\u00f6rer kan ta itu med utmanande jobb utan att tveka. Denna robusta konstruktion f\u00f6rb\u00e4ttrar inte bara cylinderns styrka utan minskar ocks\u00e5 risken f\u00f6r fel, vilket \u00f6kar s\u00e4kerheten under drift.<\/p>\n<h4><strong>Precisionsteknik<\/strong><\/h4>\n<p>HCYY11112021 \u00e4r konstruerad med noggrann uppm\u00e4rksamhet p\u00e5 detaljer och har avancerade designelement som bidrar till dess totala effektivitet. Den exakta konstruktionen s\u00e4kerst\u00e4ller smidig drift och korrekt bompositionering, vilket m\u00f6jligg\u00f6r komplicerade man\u00f6vrer i tr\u00e5nga utrymmen. Denna precisionsniv\u00e5 \u00f6kar b\u00e5de effektiviteten och s\u00e4kerheten, vilket ger operat\u00f6rerna f\u00f6rtroendet att utf\u00f6ra komplexa lyft med precision.<\/p>\n<h4><strong>P\u00e5litlig service<\/strong><\/h4>\n<p>Genom att f\u00f6lja rekommenderade anv\u00e4ndnings- och underh\u00e5llsprotokoll kan anv\u00e4ndare lita p\u00e5 att HCYY11112021 ger konsekvent och p\u00e5litlig service i \u00e5ratal. Regelbundna inspektioner och korrekt sk\u00f6tsel hj\u00e4lper till att bibeh\u00e5lla dess prestanda och s\u00e4kerst\u00e4lla att den fungerar optimalt n\u00e4r du beh\u00f6ver den som mest. Denna tillf\u00f6rlitlighet leder till minskad driftstopp och \u00f6kad produktivitet, vilket g\u00f6r den till en klok investering f\u00f6r all kranoperation.<\/p>\n<h4><strong>Optimal investering<\/strong><\/h4>\n<p>Att investera i HCYY11112021 \u00e4r mer \u00e4n att bara l\u00e4gga till en komponent till din kran; det handlar om att optimera hela din lyftoperation. Denna viktiga cylinder f\u00f6rb\u00e4ttrar din lastbilskrans \u00f6vergripande kapacitet och ger dig m\u00f6jlighet att hantera ett bredare spektrum av uppgifter med sj\u00e4lvf\u00f6rtroende. Med \u00f6verl\u00e4gsen lyftprestanda n\u00e4ra till hands kan du ta dig an projekt som kr\u00e4ver precision och styrka, vilket i slut\u00e4ndan driver din framg\u00e5ng i branschen.<\/p>\n<p>Sammanfattningsvis \u00e4r HCYY11112021-huvudbomvinkelcylindern inte bara en komponent \u2013 \u200b\u200bden \u00e4r banbrytande f\u00f6r lastbilskranoperationer. Dess kombination av exceptionell prestanda, robust konstruktion och exakt ingenj\u00f6rskonst g\u00f6r den till ett viktigt element f\u00f6r att uppn\u00e5 \u00f6verl\u00e4gsna lyftresultat. Med r\u00e4tt sk\u00f6tsel kommer denna cylinder att forts\u00e4tta att fungera tillf\u00f6rlitligt, omvandla dina lyftm\u00f6jligheter och s\u00e4kerst\u00e4lla att varje uppgift utf\u00f6rs med utm\u00e4rkt resultat.<\/p>\n<h2><strong>Hur f\u00f6rb\u00e4ttrar huvudbomvinkelcylindern man\u00f6vrerbarheten hos lastbilskranar?<\/strong><\/h2>\n<p>De <strong>Huvudbomvinkelcylinder<\/strong> f\u00f6rb\u00e4ttrar avsev\u00e4rt man\u00f6vrerbarheten hos lastbilskranar genom flera viktiga mekanismer, som var och en bidrar till s\u00e4krare och effektivare drift.<\/p>\n<h4><strong>1. Exakt bomkontroll<\/strong><\/h4>\n<p>Cylindern g\u00f6r det m\u00f6jligt f\u00f6r operat\u00f6rer att justera vinkeln p\u00e5 huvudbommen med anm\u00e4rkningsv\u00e4rd noggrannhet. Denna precision inneb\u00e4r att \u00e4ven de mest komplicerade lyften kan utf\u00f6ras med s\u00e4kerhet, vilket minimerar risken f\u00f6r fel. Oavsett om man placerar en last p\u00e5 en tr\u00e5ng arbetsplats eller man\u00f6vrerar runt hinder, s\u00e4kerst\u00e4ller m\u00f6jligheten att finjustera bomvinkeln att varje r\u00f6relse \u00e4r avsiktlig och kontrollerad.<\/p>\n<h4><strong>2. F\u00f6rb\u00e4ttrat r\u00f6relseomf\u00e5ng<\/strong><\/h4>\n<p>Genom att m\u00f6jligg\u00f6ra ett bredare utbud av bomvinklar ut\u00f6kar huvudbomvinkelcylindern kranens driftskapacitet. Denna m\u00e5ngsidighet \u00e4r avg\u00f6rande vid arbete i utmanande milj\u00f6er, s\u00e5som byggarbetsplatser med hinder ovanf\u00f6r eller tr\u00e5nga utrymmen. F\u00f6rare kan enkelt n\u00e5 upph\u00f6jda omr\u00e5den eller navigera runt hinder, vilket g\u00f6r tidigare komplexa uppgifter mer hanterbara och effektiva.<\/p>\n<h4><strong>3. Stabilitet under drift<\/strong><\/h4>\n<p>En av de viktigaste aspekterna av krandrift \u00e4r stabilitet. Huvudbomvinkelcylindern hj\u00e4lper till att uppr\u00e4tth\u00e5lla kranens balans vid justering av bommen, vilket avsev\u00e4rt minskar risken f\u00f6r tippning. Denna stabilitet \u00e4r s\u00e4rskilt viktig vid lyft av tunga laster eller arbete p\u00e5 oj\u00e4mn mark, eftersom den s\u00e4kerst\u00e4ller s\u00e4kerheten f\u00f6r b\u00e5de f\u00f6raren och omgivande personal.<\/p>\n<h4><strong>4. Responsiv \u00e5tg\u00e4rd<\/strong><\/h4>\n<p>Snabba justeringar av bomvinkeln leder till snabbare responstider, vilket g\u00f6r att f\u00f6rarna kan anpassa sig s\u00f6ml\u00f6st till f\u00f6r\u00e4ndrade f\u00f6rh\u00e5llanden p\u00e5 arbetsplatsen. Denna respons \u00e4r avg\u00f6rande i dynamiska milj\u00f6er d\u00e4r f\u00f6rh\u00e5llandena kan f\u00f6r\u00e4ndras snabbt. Med huvudbomvinkelcylindern kan f\u00f6rarna reagera snabbt, vilket \u00f6kar produktiviteten och minimerar stillest\u00e5ndstiden.<\/p>\n<h4><strong>5. F\u00f6rb\u00e4ttrad synlighet<\/strong><\/h4>\n<p>B\u00e4ttre kontroll \u00f6ver bomvinkeln kan avsev\u00e4rt f\u00f6rb\u00e4ttra f\u00f6rarens siktlinje. Denna tydlighet g\u00f6r det m\u00f6jligt f\u00f6r f\u00f6rare att man\u00f6vrera laster med st\u00f6rre noggrannhet, vilket s\u00e4kerst\u00e4ller att varje lyft utf\u00f6rs s\u00e4kert. F\u00f6rb\u00e4ttrad sikt \u00f6kar inte bara sj\u00e4lvf\u00f6rtroendet utan fr\u00e4mjar ocks\u00e5 en s\u00e4krare arbetsmilj\u00f6, eftersom f\u00f6rare b\u00e4ttre kan bed\u00f6ma sin omgivning medan de utf\u00f6r lyft.<\/p>\n<p>Sammanfattningsvis \u00e4r huvudbomvinkelcylindern en revolutionerande komponent f\u00f6r lastbilskranar, som f\u00f6rb\u00e4ttrar deras man\u00f6vrerbarhet och driftseffektivitet. Med sin f\u00f6rm\u00e5ga att ge exakt kontroll, ut\u00f6ka r\u00f6relseomf\u00e5nget, f\u00f6rb\u00e4ttra stabiliteten, s\u00e4kerst\u00e4lla responsivitet och f\u00f6rb\u00e4ttra sikten, ger denna cylinder f\u00f6rare m\u00f6jlighet att hantera \u00e4ven de mest utmanande lyftuppgifterna med l\u00e4tthet och tillf\u00f6rsikt. Att investera i denna teknik optimerar inte bara kranens prestanda utan f\u00f6rb\u00e4ttrar ocks\u00e5 den \u00f6vergripande s\u00e4kerheten och produktiviteten p\u00e5 arbetsplatsen.<\/p>\n<h2><strong>Produktionsomr\u00e5de f\u00f6r gaffeltruckcylinder:<\/strong><\/h2>\n<h2><img loading=\"lazy\" decoding=\"async\" class=\"alignnone size-full wp-image-16972\" src=\"https:\/\/www.hydraulic-cylinders.net\/wp-content\/uploads\/2025\/01\/hydraulic-cylinder-factory-1-scaled.webp\" alt=\"\" width=\"2016\" height=\"2560\" srcset=\"https:\/\/www.hydraulic-cylinders.net\/wp-content\/uploads\/2025\/01\/hydraulic-cylinder-factory-1-scaled.webp 2016w, https:\/\/www.hydraulic-cylinders.net\/wp-content\/uploads\/2025\/01\/hydraulic-cylinder-factory-1-1280x1625.webp 1280w, https:\/\/www.hydraulic-cylinders.net\/wp-content\/uploads\/2025\/01\/hydraulic-cylinder-factory-1-980x1244.webp 980w, https:\/\/www.hydraulic-cylinders.net\/wp-content\/uploads\/2025\/01\/hydraulic-cylinder-factory-1-480x610.webp 480w\" sizes=\"(min-width: 0px) and (max-width: 480px) 480px, (min-width: 481px) and (max-width: 980px) 980px, (min-width: 981px) and (max-width: 1280px) 1280px, (min-width: 1281px) 2016px, 100vw\" \/><\/h2>\n<p>Vi har en toppmodern oberoende FoU-plattform dedikerad till montering, vilket s\u00e4kerst\u00e4ller innovation och kvalitet i v\u00e5ra tillverkningsprocesser. V\u00e5r verkstad f\u00f6r produktion av gaffeltruckcylindrar har fyra halvautomatiska monteringslinjer f\u00f6r lyftcylindrar och en helautomatisk monteringslinje f\u00f6r tippcylindrar, tillsammans utformade f\u00f6r att producera upp till en miljon enheter \u00e5rligen.<\/p>\n<p>Dessutom \u00e4r v\u00e5r specialiserade cylinderverkstad utrustad med halvautomatiska reng\u00f6rings- och monteringssystem skr\u00e4ddarsydda f\u00f6r olika specifikationer, med en \u00e5rlig produktionskapacitet p\u00e5 200 000 enheter. Vi anv\u00e4nder v\u00e4lk\u00e4nd CNC-utrustning, fleroperationsmaskiner och specialverktyg f\u00f6r h\u00f6gprecisionsbearbetning av cylinder. V\u00e5r anl\u00e4ggning inkluderar \u00e4ven avancerade robotsvetsmaskiner, automatiska reng\u00f6ringssystem och helautomatiska cylindermonterings- och m\u00e5lningslinjer. Med \u00f6ver 300 viktiga utrustningsdelar i drift optimerar vi resursallokeringen och s\u00e4kerst\u00e4ller effektiv anv\u00e4ndning, samtidigt som vi uppfyller str\u00e4nga precisions- och kvalitetsstandarder.<\/p>\n<p>V\u00e5r bearbetningsverkstad har specialanpassade svarvcentra f\u00f6r styrskenor, bearbetningscentra, h\u00f6ghastighetsh\u00f6nsmaskiner, svetsrobotar och annan viktig utrustning. Denna uppst\u00e4llning g\u00f6r det m\u00f6jligt f\u00f6r oss att hantera bearbetning av cylinderr\u00f6r med en maximal innerdiameter p\u00e5 400 mm och l\u00e4ngder p\u00e5 upp till 6 meter, vilket ytterligare f\u00f6rb\u00e4ttrar v\u00e5r produktionskapacitet.<\/p>\n<h2><img loading=\"lazy\" decoding=\"async\" class=\"alignnone size-full wp-image-16973\" src=\"https:\/\/www.hydraulic-cylinders.net\/wp-content\/uploads\/2025\/01\/hydraulic-cylinder-factory-2-scaled.webp\" alt=\"\" width=\"2011\" height=\"2560\" srcset=\"https:\/\/www.hydraulic-cylinders.net\/wp-content\/uploads\/2025\/01\/hydraulic-cylinder-factory-2-scaled.webp 2011w, https:\/\/www.hydraulic-cylinders.net\/wp-content\/uploads\/2025\/01\/hydraulic-cylinder-factory-2-1280x1629.webp 1280w, https:\/\/www.hydraulic-cylinders.net\/wp-content\/uploads\/2025\/01\/hydraulic-cylinder-factory-2-980x1248.webp 980w, https:\/\/www.hydraulic-cylinders.net\/wp-content\/uploads\/2025\/01\/hydraulic-cylinder-factory-2-480x611.webp 480w\" sizes=\"(min-width: 0px) and (max-width: 480px) 480px, (min-width: 481px) and (max-width: 980px) 980px, (min-width: 981px) and (max-width: 1280px) 1280px, (min-width: 1281px) 2011px, 100vw\" \/><\/h2>\n<p>Vi driver en helautomatisk vattenbaserad f\u00e4rglinje speciellt utformad f\u00f6r sm\u00e5 och medelstora cylindrar, med automatiserade lastnings-, lossnings- och sprutrobotar. Detta toppmoderna system har en produktionskapacitet p\u00e5 4 000 enheter per skift. Dessutom har vi en halvautomatisk m\u00e5lningslinje f\u00f6r storskaliga cylindrar, driven av en kedjedrift, med en designkapacitet p\u00e5 60 l\u00e5dor per skift.<\/p>\n<p>F\u00f6r att f\u00f6rb\u00e4ttra produkternas prestanda och bef\u00e4sta v\u00e5rt ledarskap inom hydraulcylinderbranschen har vi samarbetat med ZJIMEE f\u00f6r att etablera ett omfattande prestandalaboratorium dedikerat till hydraulcylindrar, ventiler och pumpar. Detta avancerade laboratorium anv\u00e4nder datorst\u00f6dd testning med elektrohydraulisk teknik, vilket m\u00f6jligg\u00f6r f\u00f6rinst\u00e4llda testf\u00f6rh\u00e5llanden som f\u00f6rb\u00e4ttrar noggrannhet och systemm\u00e5ngsidighet. Den automatiserade datainsamlingsprocessen anv\u00e4nder sensorer f\u00f6r att samla in utdata, s\u00e5som internt l\u00e4ckage och lasteffektivitet, som sedan bearbetas av en dator och omvandlas till standardenheter (ml\/min%).<\/p>\n<p>F\u00f6r att s\u00e4kerst\u00e4lla s\u00e4kerheten i v\u00e5ra hydrauliska system implementerar vi dessutom tillst\u00e5nds\u00f6vervakning f\u00f6r viktiga prestandaparametrar, inklusive oljetemperatur, v\u00e4tskeniv\u00e5 och filterenhetens status. V\u00e5rt testst\u00e4ll f\u00f6r hydraulcylindrar kan bed\u00f6ma \"lasteffektivitet\" och \"internt l\u00e4ckage\" genom exakta avl\u00e4sningar. Det \u00e4r ocks\u00e5 utrustat med ett m\u00e4tinstrument med gitterlinjal som uppfyller nationella standarder, vilket s\u00e4kerst\u00e4ller att alla testkrav f\u00f6r hydraulcylindrar uppfylls.<\/p>\n<p>&nbsp;<\/p>","protected":false},"excerpt":{"rendered":"<p>HCYY11112021 Main Boom Angle Cylinder For Truck Cranes The HCYY11112021 Main Boom Angle Cylinder is an essential component specifically designed for truck cranes, significantly enhancing their lifting capabilities and operational efficiency. This cylinder controls the angle of the main boom, ensuring precise maneuverability across a range of lifting tasks. Engineered to endure the demands of [&hellip;]<\/p>","protected":false},"featured_media":17100,"comment_status":"open","ping_status":"closed","template":"","meta":{"_et_pb_use_builder":"","_et_pb_old_content":"","_et_gb_content_width":""},"product_brand":[],"product_cat":[1550,1514,1376],"product_tag":[],"class_list":{"0":"post-17093","1":"product","2":"type-product","3":"status-publish","4":"has-post-thumbnail","6":"product_cat-double-acting-hydraulic-cylinder","7":"product_cat-mobile-crane-hydraulic-cylinders","8":"product_cat-hydraulic-cylinder","10":"first","11":"instock","12":"shipping-taxable","13":"product-type-simple"},"amp_enabled":true,"_links":{"self":[{"href":"https:\/\/www.hydraulic-cylinders.net\/sv\/wp-json\/wp\/v2\/product\/17093","targetHints":{"allow":["GET"]}}],"collection":[{"href":"https:\/\/www.hydraulic-cylinders.net\/sv\/wp-json\/wp\/v2\/product"}],"about":[{"href":"https:\/\/www.hydraulic-cylinders.net\/sv\/wp-json\/wp\/v2\/types\/product"}],"replies":[{"embeddable":true,"href":"https:\/\/www.hydraulic-cylinders.net\/sv\/wp-json\/wp\/v2\/comments?post=17093"}],"wp:featuredmedia":[{"embeddable":true,"href":"https:\/\/www.hydraulic-cylinders.net\/sv\/wp-json\/wp\/v2\/media\/17100"}],"wp:attachment":[{"href":"https:\/\/www.hydraulic-cylinders.net\/sv\/wp-json\/wp\/v2\/media?parent=17093"}],"wp:term":[{"taxonomy":"product_brand","embeddable":true,"href":"https:\/\/www.hydraulic-cylinders.net\/sv\/wp-json\/wp\/v2\/product_brand?post=17093"},{"taxonomy":"product_cat","embeddable":true,"href":"https:\/\/www.hydraulic-cylinders.net\/sv\/wp-json\/wp\/v2\/product_cat?post=17093"},{"taxonomy":"product_tag","embeddable":true,"href":"https:\/\/www.hydraulic-cylinders.net\/sv\/wp-json\/wp\/v2\/product_tag?post=17093"}],"curies":[{"name":"wp","href":"https:\/\/api.w.org\/{rel}","templated":true}]}}