{"id":17102,"date":"2025-02-06T08:41:36","date_gmt":"2025-02-06T08:41:36","guid":{"rendered":"https:\/\/www.hydraulic-cylinders.net\/?post_type=product&#038;p=17102"},"modified":"2025-04-11T01:52:16","modified_gmt":"2025-04-11T01:52:16","slug":"hcyy11112023-cylinder-for-frame-support-for-truck-cranes","status":"publish","type":"product","link":"https:\/\/www.hydraulic-cylinders.net\/sv\/produkt\/hcyy11112023-cylinder-for-frame-support-for-truck-cranes\/","title":{"rendered":"HCYY11112023 Cylinder f\u00f6r ramst\u00f6d f\u00f6r lastbilskranar"},"content":{"rendered":"<h1 style=\"text-align: center;\"><strong>HCYY11112023 Cylinder f\u00f6r ramst\u00f6d f\u00f6r lastbilskranar<\/strong><\/h1>\n<h1 style=\"text-align: center;\"><img loading=\"lazy\" decoding=\"async\" class=\"alignnone size-full wp-image-17111\" src=\"https:\/\/www.hydraulic-cylinders.net\/wp-content\/uploads\/2025\/02\/hcyy11112023-cylinder-for-frame-support-2.webp\" alt=\"\" width=\"1492\" height=\"511\" srcset=\"https:\/\/www.hydraulic-cylinders.net\/wp-content\/uploads\/2025\/02\/hcyy11112023-cylinder-for-frame-support-2.webp 1492w, https:\/\/www.hydraulic-cylinders.net\/wp-content\/uploads\/2025\/02\/hcyy11112023-cylinder-for-frame-support-2-1280x438.webp 1280w, https:\/\/www.hydraulic-cylinders.net\/wp-content\/uploads\/2025\/02\/hcyy11112023-cylinder-for-frame-support-2-980x336.webp 980w, https:\/\/www.hydraulic-cylinders.net\/wp-content\/uploads\/2025\/02\/hcyy11112023-cylinder-for-frame-support-2-480x164.webp 480w\" sizes=\"(min-width: 0px) and (max-width: 480px) 480px, (min-width: 481px) and (max-width: 980px) 980px, (min-width: 981px) and (max-width: 1280px) 1280px, (min-width: 1281px) 1492px, 100vw\" \/><\/h1>\n<p>De <strong>HCYY11112023 Cylinder f\u00f6r ramst\u00f6d<\/strong> \u00e4r avg\u00f6rande f\u00f6r att f\u00f6rb\u00e4ttra stabiliteten och s\u00e4kerheten hos lastbilskranar. Denna cylinder \u00e4r konstruerad f\u00f6r robust prestanda och st\u00f6der kranens ram under drift, vilket s\u00e4kerst\u00e4ller att den bibeh\u00e5ller sin strukturella integritet under olika belastningar. Dess tillf\u00f6rlitlighet g\u00f6r den till en viktig komponent f\u00f6r alla kranflottor.<\/p>\n<p>Denna cylinder utm\u00e4rker sig f\u00f6r sin f\u00f6rm\u00e5ga att ge stabilitet och s\u00e4kerhet under lyftoperationer. Dess h\u00e5llbara design, enkla installation och l\u00e5ga underh\u00e5llskrav g\u00f6r den till ett utm\u00e4rkt val f\u00f6r operat\u00f6rer som s\u00f6ker b\u00e5de tillf\u00f6rlitlighet och effektivitet. Genom att f\u00f6lja rekommenderade anv\u00e4ndnings- och underh\u00e5llspraxis kan anv\u00e4ndarna maximera prestandan och livsl\u00e4ngden f\u00f6r denna viktiga komponent, vilket s\u00e4kerst\u00e4ller att deras lastbilskranar fungerar smidigt och s\u00e4kert i m\u00e5nga \u00e5r fram\u00f6ver.<\/p>\n<h2><strong>HCYY11112023 Cylinder f\u00f6r ramst\u00f6d f\u00f6r lastbilskranar Parameter:<\/strong><\/h2>\n<h1 style=\"text-align: center;\"><img loading=\"lazy\" decoding=\"async\" class=\"alignnone size-full wp-image-17110\" src=\"https:\/\/www.hydraulic-cylinders.net\/wp-content\/uploads\/2025\/02\/hcyy11112023-cylinder-for-frame-support-1.webp\" alt=\"\" width=\"1512\" height=\"146\" srcset=\"https:\/\/www.hydraulic-cylinders.net\/wp-content\/uploads\/2025\/02\/hcyy11112023-cylinder-for-frame-support-1.webp 1512w, https:\/\/www.hydraulic-cylinders.net\/wp-content\/uploads\/2025\/02\/hcyy11112023-cylinder-for-frame-support-1-1280x124.webp 1280w, https:\/\/www.hydraulic-cylinders.net\/wp-content\/uploads\/2025\/02\/hcyy11112023-cylinder-for-frame-support-1-980x95.webp 980w, https:\/\/www.hydraulic-cylinders.net\/wp-content\/uploads\/2025\/02\/hcyy11112023-cylinder-for-frame-support-1-480x46.webp 480w\" sizes=\"(min-width: 0px) and (max-width: 480px) 480px, (min-width: 481px) and (max-width: 980px) 980px, (min-width: 981px) and (max-width: 1280px) 1280px, (min-width: 1281px) 1512px, 100vw\" \/><img loading=\"lazy\" decoding=\"async\" class=\"alignnone size-full wp-image-17112\" src=\"https:\/\/www.hydraulic-cylinders.net\/wp-content\/uploads\/2025\/02\/hcyy11112023-cylinder-for-frame-support-3.webp\" alt=\"\" width=\"1480\" height=\"705\" srcset=\"https:\/\/www.hydraulic-cylinders.net\/wp-content\/uploads\/2025\/02\/hcyy11112023-cylinder-for-frame-support-3.webp 1480w, https:\/\/www.hydraulic-cylinders.net\/wp-content\/uploads\/2025\/02\/hcyy11112023-cylinder-for-frame-support-3-1280x610.webp 1280w, https:\/\/www.hydraulic-cylinders.net\/wp-content\/uploads\/2025\/02\/hcyy11112023-cylinder-for-frame-support-3-980x467.webp 980w, https:\/\/www.hydraulic-cylinders.net\/wp-content\/uploads\/2025\/02\/hcyy11112023-cylinder-for-frame-support-3-480x229.webp 480w\" sizes=\"(min-width: 0px) and (max-width: 480px) 480px, (min-width: 481px) and (max-width: 980px) 980px, (min-width: 981px) and (max-width: 1280px) 1280px, (min-width: 1281px) 1480px, 100vw\" \/> <img loading=\"lazy\" decoding=\"async\" class=\"alignnone size-full wp-image-17113\" src=\"https:\/\/www.hydraulic-cylinders.net\/wp-content\/uploads\/2025\/02\/hcyy11112023-cylinder-for-frame-support-4.webp\" alt=\"\" width=\"1471\" height=\"711\" srcset=\"https:\/\/www.hydraulic-cylinders.net\/wp-content\/uploads\/2025\/02\/hcyy11112023-cylinder-for-frame-support-4.webp 1471w, https:\/\/www.hydraulic-cylinders.net\/wp-content\/uploads\/2025\/02\/hcyy11112023-cylinder-for-frame-support-4-1280x619.webp 1280w, https:\/\/www.hydraulic-cylinders.net\/wp-content\/uploads\/2025\/02\/hcyy11112023-cylinder-for-frame-support-4-980x474.webp 980w, https:\/\/www.hydraulic-cylinders.net\/wp-content\/uploads\/2025\/02\/hcyy11112023-cylinder-for-frame-support-4-480x232.webp 480w\" sizes=\"(min-width: 0px) and (max-width: 480px) 480px, (min-width: 481px) and (max-width: 980px) 980px, (min-width: 981px) and (max-width: 1280px) 1280px, (min-width: 1281px) 1471px, 100vw\" \/> <img loading=\"lazy\" decoding=\"async\" class=\"alignnone size-full wp-image-17114\" src=\"https:\/\/www.hydraulic-cylinders.net\/wp-content\/uploads\/2025\/02\/hcyy11112023-cylinder-for-frame-support-5.webp\" alt=\"\" width=\"1146\" height=\"541\" srcset=\"https:\/\/www.hydraulic-cylinders.net\/wp-content\/uploads\/2025\/02\/hcyy11112023-cylinder-for-frame-support-5.webp 1146w, https:\/\/www.hydraulic-cylinders.net\/wp-content\/uploads\/2025\/02\/hcyy11112023-cylinder-for-frame-support-5-980x463.webp 980w, https:\/\/www.hydraulic-cylinders.net\/wp-content\/uploads\/2025\/02\/hcyy11112023-cylinder-for-frame-support-5-480x227.webp 480w\" sizes=\"(min-width: 0px) and (max-width: 480px) 480px, (min-width: 481px) and (max-width: 980px) 980px, (min-width: 981px) 1146px, 100vw\" \/><\/h1>\n<h2><strong>Cylinderserie f\u00f6r lastbilskranar:<\/strong><\/h2>\n<h2><img loading=\"lazy\" decoding=\"async\" class=\"alignnone size-full wp-image-17099\" src=\"https:\/\/www.hydraulic-cylinders.net\/wp-content\/uploads\/2025\/02\/cylinder-series-for-truck-cranes-1.webp\" alt=\"\" width=\"1246\" height=\"671\" srcset=\"https:\/\/www.hydraulic-cylinders.net\/wp-content\/uploads\/2025\/02\/cylinder-series-for-truck-cranes-1.webp 1246w, https:\/\/www.hydraulic-cylinders.net\/wp-content\/uploads\/2025\/02\/cylinder-series-for-truck-cranes-1-980x528.webp 980w, https:\/\/www.hydraulic-cylinders.net\/wp-content\/uploads\/2025\/02\/cylinder-series-for-truck-cranes-1-480x258.webp 480w\" sizes=\"(min-width: 0px) and (max-width: 480px) 480px, (min-width: 481px) and (max-width: 980px) 980px, (min-width: 981px) 1246px, 100vw\" \/><\/h2>\n<h2><strong>Viktiga funktioner hos HCYY11112023 cylinder f\u00f6r ramst\u00f6d f\u00f6r lastbilskranar:<\/strong><\/h2>\n<h4><strong>H\u00f6g lastkapacitet<\/strong><\/h4>\n<p>De <strong>HCYY11112023 Cylinder<\/strong> \u00e4r konstruerad f\u00f6r att hantera betydande vikt, vilket g\u00f6r den idealisk f\u00f6r tunga lyftuppgifter. Dess robusta design g\u00f6r att den kan b\u00e4ra lasten utan att kompromissa med s\u00e4kerhet eller prestanda. Oavsett om man lyfter byggmaterial, utrustning eller andra tunga f\u00f6rem\u00e5l, s\u00e4kerst\u00e4ller denna cylinder att driften g\u00e5r smidigt, vilket ger operat\u00f6rerna sinnesro och f\u00f6rb\u00e4ttrar den totala produktiviteten.<\/p>\n<h4><strong>H\u00e5llbar konstruktion<\/strong><\/h4>\n<p>HCYY11112023-cylindern \u00e4r tillverkad av h\u00f6gkvalitativa material och \u00e4r byggd f\u00f6r att motst\u00e5 p\u00e5frestningarna i kr\u00e4vande arbetsmilj\u00f6er. Dess h\u00e5llbara konstruktion motst\u00e5r slitage, vilket s\u00e4kerst\u00e4ller l\u00e5ng livsl\u00e4ngd \u00e4ven vid extrema f\u00f6rh\u00e5llanden. Denna motst\u00e5ndskraft leder till f\u00e4rre utbyten och reparationer, vilket leder till kostnadsbesparingar och oavbruten drift \u00f6ver tid.<\/p>\n<h4><strong>Korrosionsbest\u00e4ndighet<\/strong><\/h4>\n<p>HCYY11112023-cylindern \u00e4r utrustad med en skyddande bel\u00e4ggning och f\u00f6rhindrar effektivt rost och korrosion. Denna egenskap \u00e4r avg\u00f6rande f\u00f6r att bibeh\u00e5lla prestandan och f\u00f6rl\u00e4nga cylinderns livsl\u00e4ngd, s\u00e4rskilt i tuffa v\u00e4derf\u00f6rh\u00e5llanden eller milj\u00f6er d\u00e4r fukt f\u00f6rekommer. Genom att motst\u00e5 korrosion beh\u00e5ller cylindern sin strukturella integritet, vilket s\u00e4kerst\u00e4ller tillf\u00f6rlitlig funktion under hela sin livsl\u00e4ngd.<\/p>\n<h4><strong>Enkel installation<\/strong><\/h4>\n<p>HCYY11112023-cylindern \u00e4r konstruerad f\u00f6r enkel integration i befintliga kransystem, vilket avsev\u00e4rt minimerar driftstopp under installationen. Dess anv\u00e4ndarv\u00e4nliga design g\u00f6r det m\u00f6jligt f\u00f6r operat\u00f6rer att snabbt installera den utan att beh\u00f6va omfattande modifieringar eller specialverktyg. Denna enkla installation inneb\u00e4r att kranarna snabbt kan vara i drift igen, vilket maximerar produktiviteten och minskar f\u00f6rseningar i projekt.<\/p>\n<h4><strong>Precisionsteknik<\/strong><\/h4>\n<p>HCYY11112023-cylindern \u00e4r tillverkad med exakta specifikationer och garanterar optimal prestanda och kompatibilitet med olika lastbilskranar. Denna precisionsteknik s\u00e4kerst\u00e4ller att cylindern fungerar effektivt och \u00e4ndam\u00e5lsenligt, vilket minimerar risken f\u00f6r mekaniska fel. Genom att v\u00e4lja denna cylinder kan operat\u00f6rerna lita p\u00e5 att de anv\u00e4nder en produkt som \u00e4r utformad f\u00f6r att uppfylla h\u00f6gsta m\u00f6jliga standard f\u00f6r kvalitet och tillf\u00f6rlitlighet, vilket f\u00f6rb\u00e4ttrar den totala driftseffektiviteten.<\/p>\n<h2><strong>Hur f\u00f6rb\u00e4ttrar Hcyy11112023-cylindern stabiliteten hos lastbilskranar under drift?<\/strong><\/h2>\n<p>De <strong>HCYY11112023 Cylinder<\/strong> f\u00f6rb\u00e4ttrar avsev\u00e4rt stabiliteten hos lastbilskranar under drift genom flera viktiga mekanismer:<\/p>\n<h4><strong>1. Viktf\u00f6rdelning<\/strong><\/h4>\n<p>Cylindern spelar en avg\u00f6rande roll f\u00f6r att f\u00f6rdela lasten j\u00e4mnt \u00f6ver kranens ram. Denna balanserade viktf\u00f6rdelning \u00e4r avg\u00f6rande f\u00f6r att f\u00f6rhindra tippning, s\u00e4rskilt vid lyft av tunga eller oj\u00e4mnt f\u00f6rdelade laster. Genom att s\u00e4kerst\u00e4lla att tyngdpunkten f\u00f6rblir l\u00e5g och stabil, g\u00f6r cylindern det m\u00f6jligt f\u00f6r operat\u00f6rer att utf\u00f6ra komplexa man\u00f6vrar med tillf\u00f6rsikt, i vetskap om att kranen \u00e4r s\u00e4ker och mindre ben\u00e4gen att tippa. Denna funktion f\u00f6rb\u00e4ttrar inte bara s\u00e4kerheten utan \u00f6kar ocks\u00e5 driftseffektiviteten, vilket m\u00f6jligg\u00f6r mer ambiti\u00f6sa lyftuppgifter.<\/p>\n<h4><strong>2. Robust design<\/strong><\/h4>\n<p>HCYY11112023-cylindern \u00e4r konstruerad f\u00f6r h\u00f6g prestanda och har en robust design som t\u00e5l betydande belastning och p\u00e5frestningar. Denna h\u00e5llbarhet inneb\u00e4r att cylindern kan hantera tunga lyftuppgifter utan att b\u00f6jas eller g\u00e5 s\u00f6nder, vilket \u00e4r avg\u00f6rande f\u00f6r att bibeh\u00e5lla kranens stabilitet under kr\u00e4vande operationer. Cylinderns f\u00f6rm\u00e5ga att klara h\u00e5rda f\u00f6rh\u00e5llanden och tunga belastningar minimerar risken f\u00f6r mekaniska fel, vilket s\u00e4kerst\u00e4ller att driften kan forts\u00e4tta smidigt. Operat\u00f6rerna drar nytta av minskad stillest\u00e5ndstid och l\u00e4gre underh\u00e5llskostnader, vilket g\u00f6r den till en smart investering.<\/p>\n<h4><strong>3. Motst\u00e5ndskraft mot milj\u00f6faktorer<\/strong><\/h4>\n<p>Cylindern har avancerad korrosionsbest\u00e4ndighet, vilket \u00e4r avg\u00f6rande f\u00f6r att bibeh\u00e5lla strukturell integritet under olika v\u00e4derf\u00f6rh\u00e5llanden. Genom att f\u00f6rhindra rost och f\u00f6rslitning s\u00e4kerst\u00e4ller cylindern att den f\u00f6rblir tillf\u00f6rlitlig och effektiv, oavsett om den uts\u00e4tts f\u00f6r regn, sn\u00f6 eller extrema temperaturer. Denna motst\u00e5ndskraft \u00e4r s\u00e4rskilt viktig f\u00f6r kranar som arbetar i kr\u00e4vande milj\u00f6er, eftersom den garanterar konsekvent prestanda och s\u00e4kerhet. Operat\u00f6rer kan lita p\u00e5 att deras utrustning kommer att fungera optimalt, oavsett externa faktorer, vilket leder till \u00f6kat f\u00f6rtroende f\u00f6r deras lyftoperationer.<\/p>\n<h4><strong>4. Precisionsteknik<\/strong><\/h4>\n<p>HCYY11112023-cylindern \u00e4r tillverkad med noggrann uppm\u00e4rksamhet p\u00e5 detaljer och \u00e4r konstruerad f\u00f6r exakt kompatibilitet med olika lastbilskranmodeller. Denna precisionsteknik s\u00e4kerst\u00e4ller att cylindern passar s\u00f6ml\u00f6st in i kranens system, vilket minskar eventuella glapp eller r\u00f6relser som kan \u00e4ventyra stabiliteten. En v\u00e4lmonterad cylinder minimerar risken f\u00f6r instabilitet orsakad av l\u00f6sa eller feljusterade komponenter, vilket m\u00f6jligg\u00f6r smidigare drift. Denna noggrannhet f\u00f6rb\u00e4ttrar kranens \u00f6vergripande prestanda, vilket g\u00f6r den till ett p\u00e5litligt val f\u00f6r operat\u00f6rer som kr\u00e4ver effektivitet och s\u00e4kerhet.<\/p>\n<h4><strong>5. St\u00f6d under r\u00f6relse<\/strong><\/h4>\n<p>N\u00e4r lastbilskranar man\u00f6vrerar och justerar vinklar under lyft, ger HCYY11112023-cylindern kontinuerligt st\u00f6d och motverkar eventuella krafter som kan leda till instabilitet. Detta dynamiska st\u00f6d \u00e4r avg\u00f6rande f\u00f6r s\u00e4kra lyftoperationer, s\u00e4rskilt vid navigering i tr\u00e5nga utrymmen eller \u00e4ndring av lastpositioner. Genom att erbjuda konsekvent stabilitet under hela lyftprocessen g\u00f6r cylindern det m\u00f6jligt f\u00f6r operat\u00f6rer att utf\u00f6ra komplexa uppgifter med precision och l\u00e4tthet. Denna funktion f\u00f6rb\u00e4ttrar inte bara s\u00e4kerheten utan \u00f6kar ocks\u00e5 produktiviteten, vilket m\u00f6jligg\u00f6r snabbare slutf\u00f6rande av projekt.<\/p>\n<p>Sammanfattningsvis f\u00f6rb\u00e4ttrar HCYY11112023-cylindern lastbilskranens stabilitet genom balanserad viktf\u00f6rdelning, robust design, milj\u00f6best\u00e4ndighet, precisionsteknik och dynamiskt st\u00f6d under f\u00f6rflyttning. Dessa funktioner samverkar f\u00f6r att s\u00e4kerst\u00e4lla s\u00e4ker, effektiv och tillf\u00f6rlitlig drift, vilket g\u00f6r den till en oumb\u00e4rlig komponent i alla kransystem.<\/p>\n<h2><strong>Produktionsomr\u00e5de f\u00f6r gaffeltruckcylinder:<\/strong><\/h2>\n<h2><img loading=\"lazy\" decoding=\"async\" class=\"alignnone size-full wp-image-16972\" src=\"https:\/\/www.hydraulic-cylinders.net\/wp-content\/uploads\/2025\/01\/hydraulic-cylinder-factory-1-scaled.webp\" alt=\"\" width=\"2016\" height=\"2560\" srcset=\"https:\/\/www.hydraulic-cylinders.net\/wp-content\/uploads\/2025\/01\/hydraulic-cylinder-factory-1-scaled.webp 2016w, https:\/\/www.hydraulic-cylinders.net\/wp-content\/uploads\/2025\/01\/hydraulic-cylinder-factory-1-1280x1625.webp 1280w, https:\/\/www.hydraulic-cylinders.net\/wp-content\/uploads\/2025\/01\/hydraulic-cylinder-factory-1-980x1244.webp 980w, https:\/\/www.hydraulic-cylinders.net\/wp-content\/uploads\/2025\/01\/hydraulic-cylinder-factory-1-480x610.webp 480w\" sizes=\"(min-width: 0px) and (max-width: 480px) 480px, (min-width: 481px) and (max-width: 980px) 980px, (min-width: 981px) and (max-width: 1280px) 1280px, (min-width: 1281px) 2016px, 100vw\" \/><\/h2>\n<p>Vi har en toppmodern oberoende FoU-plattform dedikerad till montering, vilket s\u00e4kerst\u00e4ller innovation och kvalitet i v\u00e5ra tillverkningsprocesser. V\u00e5r verkstad f\u00f6r produktion av gaffeltruckcylindrar har fyra halvautomatiska monteringslinjer f\u00f6r lyftcylindrar och en helautomatisk monteringslinje f\u00f6r tippcylindrar, tillsammans utformade f\u00f6r att producera upp till en miljon enheter \u00e5rligen.<\/p>\n<p>Dessutom \u00e4r v\u00e5r specialiserade cylinderverkstad utrustad med halvautomatiska reng\u00f6rings- och monteringssystem skr\u00e4ddarsydda f\u00f6r olika specifikationer, med en \u00e5rlig produktionskapacitet p\u00e5 200 000 enheter. Vi anv\u00e4nder v\u00e4lk\u00e4nd CNC-utrustning, fleroperationsmaskiner och specialverktyg f\u00f6r h\u00f6gprecisionsbearbetning av cylinder. V\u00e5r anl\u00e4ggning inkluderar \u00e4ven avancerade robotsvetsmaskiner, automatiska reng\u00f6ringssystem och helautomatiska cylindermonterings- och m\u00e5lningslinjer. Med \u00f6ver 300 viktiga utrustningsdelar i drift optimerar vi resursallokeringen och s\u00e4kerst\u00e4ller effektiv anv\u00e4ndning, samtidigt som vi uppfyller str\u00e4nga precisions- och kvalitetsstandarder.<\/p>\n<p>V\u00e5r bearbetningsverkstad har specialanpassade svarvcentra f\u00f6r styrskenor, bearbetningscentra, h\u00f6ghastighetsh\u00f6nsmaskiner, svetsrobotar och annan viktig utrustning. Denna uppst\u00e4llning g\u00f6r det m\u00f6jligt f\u00f6r oss att hantera bearbetning av cylinderr\u00f6r med en maximal innerdiameter p\u00e5 400 mm och l\u00e4ngder p\u00e5 upp till 6 meter, vilket ytterligare f\u00f6rb\u00e4ttrar v\u00e5r produktionskapacitet.<\/p>\n<h2><img loading=\"lazy\" decoding=\"async\" class=\"alignnone size-full wp-image-16973\" src=\"https:\/\/www.hydraulic-cylinders.net\/wp-content\/uploads\/2025\/01\/hydraulic-cylinder-factory-2-scaled.webp\" alt=\"\" width=\"2011\" height=\"2560\" srcset=\"https:\/\/www.hydraulic-cylinders.net\/wp-content\/uploads\/2025\/01\/hydraulic-cylinder-factory-2-scaled.webp 2011w, https:\/\/www.hydraulic-cylinders.net\/wp-content\/uploads\/2025\/01\/hydraulic-cylinder-factory-2-1280x1629.webp 1280w, https:\/\/www.hydraulic-cylinders.net\/wp-content\/uploads\/2025\/01\/hydraulic-cylinder-factory-2-980x1248.webp 980w, https:\/\/www.hydraulic-cylinders.net\/wp-content\/uploads\/2025\/01\/hydraulic-cylinder-factory-2-480x611.webp 480w\" sizes=\"(min-width: 0px) and (max-width: 480px) 480px, (min-width: 481px) and (max-width: 980px) 980px, (min-width: 981px) and (max-width: 1280px) 1280px, (min-width: 1281px) 2011px, 100vw\" \/><\/h2>\n<p>Vi driver en helautomatisk vattenbaserad f\u00e4rglinje speciellt utformad f\u00f6r sm\u00e5 och medelstora cylindrar, med automatiserade lastnings-, lossnings- och sprutrobotar. Detta toppmoderna system har en produktionskapacitet p\u00e5 4 000 enheter per skift. Dessutom har vi en halvautomatisk m\u00e5lningslinje f\u00f6r storskaliga cylindrar, driven av en kedjedrift, med en designkapacitet p\u00e5 60 l\u00e5dor per skift.<\/p>\n<p>F\u00f6r att f\u00f6rb\u00e4ttra produkternas prestanda och bef\u00e4sta v\u00e5rt ledarskap inom hydraulcylinderbranschen har vi samarbetat med ZJIMEE f\u00f6r att etablera ett omfattande prestandalaboratorium dedikerat till hydraulcylindrar, ventiler och pumpar. Detta avancerade laboratorium anv\u00e4nder datorst\u00f6dd testning med elektrohydraulisk teknik, vilket m\u00f6jligg\u00f6r f\u00f6rinst\u00e4llda testf\u00f6rh\u00e5llanden som f\u00f6rb\u00e4ttrar noggrannhet och systemm\u00e5ngsidighet. Den automatiserade datainsamlingsprocessen anv\u00e4nder sensorer f\u00f6r att samla in utdata, s\u00e5som internt l\u00e4ckage och lasteffektivitet, som sedan bearbetas av en dator och omvandlas till standardenheter (ml\/min%).<\/p>\n<p>F\u00f6r att s\u00e4kerst\u00e4lla s\u00e4kerheten i v\u00e5ra hydrauliska system implementerar vi dessutom tillst\u00e5nds\u00f6vervakning f\u00f6r viktiga prestandaparametrar, inklusive oljetemperatur, v\u00e4tskeniv\u00e5 och filterenhetens status. V\u00e5rt testst\u00e4ll f\u00f6r hydraulcylindrar kan bed\u00f6ma \"lasteffektivitet\" och \"internt l\u00e4ckage\" genom exakta avl\u00e4sningar. Det \u00e4r ocks\u00e5 utrustat med ett m\u00e4tinstrument med gitterlinjal som uppfyller nationella standarder, vilket s\u00e4kerst\u00e4ller att alla testkrav f\u00f6r hydraulcylindrar uppfylls.<\/p>\n<p>&nbsp;<\/p>","protected":false},"excerpt":{"rendered":"<p>HCYY11112023 Cylinder For Frame Support For Truck Cranes The HCYY11112023 Cylinder for Frame Support is vital for enhancing the stability and safety of truck cranes. Engineered for robust performance, this cylinder supports the crane&#8217;s frame during operations, ensuring it maintains structural integrity under various loads. Its reliability makes it an essential component for any fleet [&hellip;]<\/p>","protected":false},"featured_media":17115,"comment_status":"open","ping_status":"closed","template":"","meta":{"_et_pb_use_builder":"","_et_pb_old_content":"","_et_gb_content_width":""},"product_brand":[],"product_cat":[1514,1549,1376],"product_tag":[],"class_list":{"0":"post-17102","1":"product","2":"type-product","3":"status-publish","4":"has-post-thumbnail","6":"product_cat-mobile-crane-hydraulic-cylinders","7":"product_cat-single-acting-hydraulic-cylinder","8":"product_cat-hydraulic-cylinder","10":"first","11":"instock","12":"shipping-taxable","13":"product-type-simple"},"amp_enabled":true,"_links":{"self":[{"href":"https:\/\/www.hydraulic-cylinders.net\/sv\/wp-json\/wp\/v2\/product\/17102","targetHints":{"allow":["GET"]}}],"collection":[{"href":"https:\/\/www.hydraulic-cylinders.net\/sv\/wp-json\/wp\/v2\/product"}],"about":[{"href":"https:\/\/www.hydraulic-cylinders.net\/sv\/wp-json\/wp\/v2\/types\/product"}],"replies":[{"embeddable":true,"href":"https:\/\/www.hydraulic-cylinders.net\/sv\/wp-json\/wp\/v2\/comments?post=17102"}],"wp:featuredmedia":[{"embeddable":true,"href":"https:\/\/www.hydraulic-cylinders.net\/sv\/wp-json\/wp\/v2\/media\/17115"}],"wp:attachment":[{"href":"https:\/\/www.hydraulic-cylinders.net\/sv\/wp-json\/wp\/v2\/media?parent=17102"}],"wp:term":[{"taxonomy":"product_brand","embeddable":true,"href":"https:\/\/www.hydraulic-cylinders.net\/sv\/wp-json\/wp\/v2\/product_brand?post=17102"},{"taxonomy":"product_cat","embeddable":true,"href":"https:\/\/www.hydraulic-cylinders.net\/sv\/wp-json\/wp\/v2\/product_cat?post=17102"},{"taxonomy":"product_tag","embeddable":true,"href":"https:\/\/www.hydraulic-cylinders.net\/sv\/wp-json\/wp\/v2\/product_tag?post=17102"}],"curies":[{"name":"wp","href":"https:\/\/api.w.org\/{rel}","templated":true}]}}