{"id":17133,"date":"2025-02-06T09:25:20","date_gmt":"2025-02-06T09:25:20","guid":{"rendered":"https:\/\/www.hydraulic-cylinders.net\/?post_type=product&#038;p=17133"},"modified":"2025-04-11T01:52:05","modified_gmt":"2025-04-11T01:52:05","slug":"hcyy11112026-behind-cylinder-for-opening-rack-support-for-truck-cranes","status":"publish","type":"product","link":"https:\/\/www.hydraulic-cylinders.net\/sv\/produkt\/hcyy11112026-behind-cylinder-for-opening-rack-support-for-truck-cranes\/","title":{"rendered":"HCYY11112026 Bakom cylinder f\u00f6r \u00f6ppningsst\u00e4llst\u00f6d f\u00f6r lastbilskranar"},"content":{"rendered":"<h1 style=\"text-align: center;\"><strong>HCYY11112026 Bakom cylinder f\u00f6r \u00f6ppningsst\u00e4llst\u00f6d f\u00f6r lastbilskranar<\/strong><\/h1>\n<h1 style=\"text-align: center;\"><img loading=\"lazy\" decoding=\"async\" class=\"alignnone size-full wp-image-17135\" src=\"https:\/\/www.hydraulic-cylinders.net\/wp-content\/uploads\/2025\/02\/hcyy11112026-behind-cylinder-for-opening-rack-support-2.webp\" alt=\"\" width=\"1496\" height=\"510\" srcset=\"https:\/\/www.hydraulic-cylinders.net\/wp-content\/uploads\/2025\/02\/hcyy11112026-behind-cylinder-for-opening-rack-support-2.webp 1496w, https:\/\/www.hydraulic-cylinders.net\/wp-content\/uploads\/2025\/02\/hcyy11112026-behind-cylinder-for-opening-rack-support-2-1280x436.webp 1280w, https:\/\/www.hydraulic-cylinders.net\/wp-content\/uploads\/2025\/02\/hcyy11112026-behind-cylinder-for-opening-rack-support-2-980x334.webp 980w, https:\/\/www.hydraulic-cylinders.net\/wp-content\/uploads\/2025\/02\/hcyy11112026-behind-cylinder-for-opening-rack-support-2-480x164.webp 480w\" sizes=\"(min-width: 0px) and (max-width: 480px) 480px, (min-width: 481px) and (max-width: 980px) 980px, (min-width: 981px) and (max-width: 1280px) 1280px, (min-width: 1281px) 1496px, 100vw\" \/><\/h1>\n<p>De <strong>HCYY11112026 Bakom cylindern<\/strong> \u00e4r en viktig komponent speciellt utformad f\u00f6r lastbilskranar och ger robust st\u00f6d f\u00f6r \u00f6ppningsst\u00e4llet. Denna h\u00f6gpresterande cylinder f\u00f6rb\u00e4ttrar kranens stabilitet och driftseffektivitet avsev\u00e4rt under lyftuppgifter, vilket g\u00f6r den till en ov\u00e4rderlig tillg\u00e5ng inom olika industriella till\u00e4mpningar.<\/p>\n<p>Med sin imponerande lastkapacitet, h\u00e5llbara konstruktion och korrosionsbest\u00e4ndighet utm\u00e4rker sig HCYY11112026 i kr\u00e4vande lyftsituationer. Genom att f\u00f6lja korrekta anv\u00e4ndningsmetoder och underh\u00e5llsriktlinjer kan operat\u00f6rer s\u00e4kerst\u00e4lla att denna cylinder levererar p\u00e5litlig prestanda i \u00e5ratal.<\/p>\n<p>Att investera i HCYY11112026 \u00f6kar inte bara den operativa effektiviteten utan f\u00f6rb\u00e4ttrar \u00e4ven s\u00e4kerheten p\u00e5 arbetsplatsen, vilket g\u00f6r den till ett utm\u00e4rkt val f\u00f6r alla typer av kranoperationer.<\/p>\n<h2><strong>HCYY11112026 Bakom cylinder f\u00f6r \u00f6ppningsst\u00e4llst\u00f6d f\u00f6r lastbilskranar Parameter:<\/strong><\/h2>\n<h1 style=\"text-align: center;\"><img loading=\"lazy\" decoding=\"async\" class=\"alignnone size-full wp-image-17134\" src=\"https:\/\/www.hydraulic-cylinders.net\/wp-content\/uploads\/2025\/02\/hcyy11112026-behind-cylinder-for-opening-rack-support-1.webp\" alt=\"\" width=\"1516\" height=\"147\" srcset=\"https:\/\/www.hydraulic-cylinders.net\/wp-content\/uploads\/2025\/02\/hcyy11112026-behind-cylinder-for-opening-rack-support-1.webp 1516w, https:\/\/www.hydraulic-cylinders.net\/wp-content\/uploads\/2025\/02\/hcyy11112026-behind-cylinder-for-opening-rack-support-1-1280x124.webp 1280w, https:\/\/www.hydraulic-cylinders.net\/wp-content\/uploads\/2025\/02\/hcyy11112026-behind-cylinder-for-opening-rack-support-1-980x95.webp 980w, https:\/\/www.hydraulic-cylinders.net\/wp-content\/uploads\/2025\/02\/hcyy11112026-behind-cylinder-for-opening-rack-support-1-480x47.webp 480w\" sizes=\"(min-width: 0px) and (max-width: 480px) 480px, (min-width: 481px) and (max-width: 980px) 980px, (min-width: 981px) and (max-width: 1280px) 1280px, (min-width: 1281px) 1516px, 100vw\" \/><img loading=\"lazy\" decoding=\"async\" class=\"alignnone size-full wp-image-17136\" src=\"https:\/\/www.hydraulic-cylinders.net\/wp-content\/uploads\/2025\/02\/hcyy11112026-behind-cylinder-for-opening-rack-support-3.webp\" alt=\"\" width=\"1476\" height=\"701\" srcset=\"https:\/\/www.hydraulic-cylinders.net\/wp-content\/uploads\/2025\/02\/hcyy11112026-behind-cylinder-for-opening-rack-support-3.webp 1476w, https:\/\/www.hydraulic-cylinders.net\/wp-content\/uploads\/2025\/02\/hcyy11112026-behind-cylinder-for-opening-rack-support-3-1280x608.webp 1280w, https:\/\/www.hydraulic-cylinders.net\/wp-content\/uploads\/2025\/02\/hcyy11112026-behind-cylinder-for-opening-rack-support-3-980x465.webp 980w, https:\/\/www.hydraulic-cylinders.net\/wp-content\/uploads\/2025\/02\/hcyy11112026-behind-cylinder-for-opening-rack-support-3-480x228.webp 480w\" sizes=\"(min-width: 0px) and (max-width: 480px) 480px, (min-width: 481px) and (max-width: 980px) 980px, (min-width: 981px) and (max-width: 1280px) 1280px, (min-width: 1281px) 1476px, 100vw\" \/> <img loading=\"lazy\" decoding=\"async\" class=\"alignnone size-full wp-image-17137\" src=\"https:\/\/www.hydraulic-cylinders.net\/wp-content\/uploads\/2025\/02\/hcyy11112026-behind-cylinder-for-opening-rack-support-4.webp\" alt=\"\" width=\"1475\" height=\"709\" srcset=\"https:\/\/www.hydraulic-cylinders.net\/wp-content\/uploads\/2025\/02\/hcyy11112026-behind-cylinder-for-opening-rack-support-4.webp 1475w, https:\/\/www.hydraulic-cylinders.net\/wp-content\/uploads\/2025\/02\/hcyy11112026-behind-cylinder-for-opening-rack-support-4-1280x615.webp 1280w, https:\/\/www.hydraulic-cylinders.net\/wp-content\/uploads\/2025\/02\/hcyy11112026-behind-cylinder-for-opening-rack-support-4-980x471.webp 980w, https:\/\/www.hydraulic-cylinders.net\/wp-content\/uploads\/2025\/02\/hcyy11112026-behind-cylinder-for-opening-rack-support-4-480x231.webp 480w\" sizes=\"(min-width: 0px) and (max-width: 480px) 480px, (min-width: 481px) and (max-width: 980px) 980px, (min-width: 981px) and (max-width: 1280px) 1280px, (min-width: 1281px) 1475px, 100vw\" \/> <img loading=\"lazy\" decoding=\"async\" class=\"alignnone size-full wp-image-17138\" src=\"https:\/\/www.hydraulic-cylinders.net\/wp-content\/uploads\/2025\/02\/hcyy11112026-behind-cylinder-for-opening-rack-support-5.webp\" alt=\"\" width=\"1392\" height=\"690\" srcset=\"https:\/\/www.hydraulic-cylinders.net\/wp-content\/uploads\/2025\/02\/hcyy11112026-behind-cylinder-for-opening-rack-support-5.webp 1392w, https:\/\/www.hydraulic-cylinders.net\/wp-content\/uploads\/2025\/02\/hcyy11112026-behind-cylinder-for-opening-rack-support-5-1280x634.webp 1280w, https:\/\/www.hydraulic-cylinders.net\/wp-content\/uploads\/2025\/02\/hcyy11112026-behind-cylinder-for-opening-rack-support-5-980x486.webp 980w, https:\/\/www.hydraulic-cylinders.net\/wp-content\/uploads\/2025\/02\/hcyy11112026-behind-cylinder-for-opening-rack-support-5-480x238.webp 480w\" sizes=\"(min-width: 0px) and (max-width: 480px) 480px, (min-width: 481px) and (max-width: 980px) 980px, (min-width: 981px) and (max-width: 1280px) 1280px, (min-width: 1281px) 1392px, 100vw\" \/><\/h1>\n<h2><strong>Cylinderserie f\u00f6r lastbilskranar:<\/strong><\/h2>\n<h2><img loading=\"lazy\" decoding=\"async\" class=\"alignnone size-full wp-image-17123\" src=\"https:\/\/www.hydraulic-cylinders.net\/wp-content\/uploads\/2025\/02\/cylinder-series-for-truck-cranes-2.webp\" alt=\"\" width=\"1240\" height=\"825\" srcset=\"https:\/\/www.hydraulic-cylinders.net\/wp-content\/uploads\/2025\/02\/cylinder-series-for-truck-cranes-2.webp 1240w, https:\/\/www.hydraulic-cylinders.net\/wp-content\/uploads\/2025\/02\/cylinder-series-for-truck-cranes-2-980x652.webp 980w, https:\/\/www.hydraulic-cylinders.net\/wp-content\/uploads\/2025\/02\/cylinder-series-for-truck-cranes-2-480x319.webp 480w\" sizes=\"(min-width: 0px) and (max-width: 480px) 480px, (min-width: 481px) and (max-width: 980px) 980px, (min-width: 981px) 1240px, 100vw\" \/><\/h2>\n<h2><strong>Viktiga funktioner hos HCYY11112026 bakom cylindern f\u00f6r \u00f6ppningsst\u00e4llst\u00f6d f\u00f6r lastbilskranar:<\/strong><\/h2>\n<h4><strong>H\u00f6g lastkapacitet<\/strong><\/h4>\n<p>De <strong>HCYY11112026<\/strong> \u00e4r noggrant konstruerad f\u00f6r att b\u00e4ra betydande vikter, vilket g\u00f6r den till ett p\u00e5litligt val f\u00f6r tunga lyft. Denna cylinder \u00e4r konstruerad med avancerade tekniska tekniker och s\u00e4kerst\u00e4ller att \u00e4ven de mest kr\u00e4vande lasterna hanteras med l\u00e4tthet. Operat\u00f6rerna kan lita p\u00e5 dess styrka och stabilitet, vilket f\u00f6rb\u00e4ttrar den totala produktiviteten och s\u00e4kerheten under arbetet.<\/p>\n<h4><strong>H\u00e5llbar konstruktion<\/strong><\/h4>\n<p>HCYY11112026-cylindern \u00e4r tillverkad av h\u00f6gkvalitativa material och \u00e4r byggd f\u00f6r att motst\u00e5 p\u00e5frestningarna vid frekvent anv\u00e4ndning. Dess robusta design minimerar slitage, vilket s\u00e4kerst\u00e4ller l\u00e5ng livsl\u00e4ngd och minskar behovet av frekventa byten. Denna h\u00e5llbarhet leder till l\u00e4gre underh\u00e5llskostnader och \u00f6kad drifttid, vilket g\u00f6r den till en smart investering f\u00f6r alla kranoperationer.<\/p>\n<h4><strong>Korrosionsbest\u00e4ndighet<\/strong><\/h4>\n<p>Utrustad med en specialbel\u00e4ggning erbjuder HCYY11112026 exceptionellt skydd mot rost och korrosion. Denna egenskap \u00e4r s\u00e4rskilt f\u00f6rdelaktig i kr\u00e4vande milj\u00f6er, s\u00e5som de som uts\u00e4tts f\u00f6r fukt eller starka kemikalier. Genom att bibeh\u00e5lla sin integritet \u00f6ver tid s\u00e4kerst\u00e4ller cylindern konsekvent prestanda och tillf\u00f6rlitlighet, \u00e4ven under de tuffaste f\u00f6rh\u00e5llandena.<\/p>\n<h4><strong>Precisionsteknik<\/strong><\/h4>\n<p>HCYY11112026 \u00e4r tillverkad enligt exakta specifikationer och garanterar optimal kompatibilitet med ett brett utbud av lastbilskranmodeller. Denna precisionsteknik s\u00e4kerst\u00e4ller inte bara perfekt passform utan f\u00f6rb\u00e4ttrar \u00e4ven kranens totala effektivitet. Operat\u00f6rer kan tryggt integrera denna cylinder i sina befintliga system, i vetskap om att den kommer att fungera s\u00f6ml\u00f6st.<\/p>\n<h4><strong>Enkel installation<\/strong><\/h4>\n<p>HCYY11112026 har en snabb och enkel installation, vilket minimerar driftstopp under installationen. Tydliga riktlinjer och anv\u00e4ndarv\u00e4nliga funktioner g\u00f6r det m\u00f6jligt f\u00f6r operat\u00f6rer att integrera cylindern i sina kransystem utan problem. Denna enkla installation inneb\u00e4r att kranarna snabbt kan \u00e5terg\u00e5 till drift, vilket maximerar produktiviteten p\u00e5 arbetsplatsen.<\/p>\n<p>De <strong>HCYY11112026 Bakom cylindern<\/strong> Den utm\u00e4rker sig som en h\u00f6gpresterande komponent som avsev\u00e4rt f\u00f6rb\u00e4ttrar lastbilskranens drift. Dess h\u00f6ga lastkapacitet, h\u00e5llbara konstruktion, korrosionsbest\u00e4ndighet, precisionsteknik och enkla installation g\u00f6r den till ett exceptionellt val f\u00f6r alla lyftuppgifter. Att investera i denna cylinder \u00f6kar inte bara effektiviteten utan f\u00f6rb\u00e4ttrar \u00e4ven s\u00e4kerheten och tillf\u00f6rlitligheten, vilket g\u00f6r den till en oumb\u00e4rlig tillg\u00e5ng f\u00f6r moderna kranoperationer.<\/p>\n<h2><strong>Hur f\u00f6rb\u00e4ttrar Hcyy11112026 bakom cylindern stabiliteten hos lastbilskranar under lyftoperationer?<\/strong><\/h2>\n<p>De <strong>HCYY11112026 Bakom cylindern<\/strong> spelar en avg\u00f6rande roll f\u00f6r att f\u00f6rb\u00e4ttra stabiliteten hos lastbilskranar under lyftoperationer genom flera viktiga mekanismer:<\/p>\n<h4><strong>1. Viktf\u00f6rdelning<\/strong><\/h4>\n<p>Cylindern \u00e4r expertkonstruerad f\u00f6r att m\u00f6jligg\u00f6ra j\u00e4mn viktf\u00f6rdelning \u00f6ver kranens ram. Genom att f\u00f6rdela lasten mer j\u00e4mnt f\u00f6rhindrar den \u00f6verdriven belastning p\u00e5 en enskild punkt. Denna balanserade lasthantering \u00e4r avg\u00f6rande vid hantering av tunga eller oj\u00e4mnt f\u00f6rdelade laster, vilket minskar risken f\u00f6r strukturella fel och f\u00f6rb\u00e4ttrar den \u00f6vergripande s\u00e4kerheten.<\/p>\n<h4><strong>2. Strukturell f\u00f6rst\u00e4rkning<\/strong><\/h4>\n<p>Genom att ge ett stabilt st\u00f6d f\u00f6r den \u00f6ppningsbara hyllan f\u00f6rst\u00e4rker HCYY11112026 kranens \u00f6vergripande struktur. Denna extra f\u00f6rst\u00e4rkning minimerar b\u00f6jning och b\u00f6jning, vilket kan uppst\u00e5 vid tunga lyft. Som ett resultat f\u00f6rblir kranen stabil och s\u00e4ker, vilket avsev\u00e4rt minskar sannolikheten f\u00f6r olyckor under drift.<\/p>\n<h4><strong>3. St\u00f6td\u00e4mpning<\/strong><\/h4>\n<p>En av de mest framst\u00e5ende egenskaperna hos HCYY11112026 \u00e4r dess f\u00f6rm\u00e5ga att absorbera st\u00f6tar och vibrationer som kan uppst\u00e5 vid lyft. Denna st\u00f6td\u00e4mpning minskar p\u00e5verkan p\u00e5 kranens struktur, vilket bidrar till smidigare drift. Genom att mildra pl\u00f6tsliga st\u00f6tar hj\u00e4lper cylindern till att bibeh\u00e5lla stabiliteten, s\u00e4rskilt vid man\u00f6vrering eller ompositionering av tunga laster.<\/p>\n<h4><strong>4. F\u00f6rb\u00e4ttrad kontroll<\/strong><\/h4>\n<p>Med sitt p\u00e5litliga st\u00f6d g\u00f6r cylindern det m\u00f6jligt f\u00f6r operat\u00f6rer att utf\u00f6ra exakta r\u00f6relser vid lyft. Denna f\u00f6rb\u00e4ttrade kontroll \u00e4r s\u00e4rskilt f\u00f6rdelaktig i komplexa lyftscenarier d\u00e4r noggrannhet \u00e4r av st\u00f6rsta vikt. Genom att bibeh\u00e5lla stabiliteten minskar HCYY11112026 risken f\u00f6r att tippa eller tappa balansen, vilket s\u00e4kerst\u00e4ller att operat\u00f6rerna kan utf\u00f6ra uppgifter s\u00e4kert och effektivt.<\/p>\n<h4><strong>5. S\u00e4kerhetsgaranti<\/strong><\/h4>\n<p>Stabilitet \u00e4r synonymt med s\u00e4kerhet vid kranoperationer. HCYY11112026 minskar risken f\u00f6r olyckor avsev\u00e4rt genom att uppr\u00e4tth\u00e5lla en stabil lyftmilj\u00f6. Genom att minimera risken f\u00f6r tippning, svajning eller ov\u00e4ntade r\u00f6relser skapas en s\u00e4krare arbetsmilj\u00f6 f\u00f6r b\u00e5de operat\u00f6rer och \u00e5sk\u00e5dare. Denna garanti g\u00f6r att teamen kan fokusera p\u00e5 sina uppgifter utan st\u00e4ndig oro f\u00f6r potentiella faror.<\/p>\n<p>Sammanfattningsvis, den <strong>HCYY11112026 Bakom cylindern<\/strong> \u00e4r en oumb\u00e4rlig komponent som avsev\u00e4rt f\u00f6rb\u00e4ttrar stabiliteten hos lastbilskranar under lyftoperationer. Genom effektiv viktf\u00f6rdelning, strukturell f\u00f6rst\u00e4rkning, st\u00f6td\u00e4mpning, f\u00f6rb\u00e4ttrad kontroll och \u00f6kad s\u00e4kerhet \u00f6kar denna cylinder inte bara driftseffektiviteten utan fr\u00e4mjar ocks\u00e5 en s\u00e4krare arbetsmilj\u00f6. Att investera i HCYY11112026 \u00e4r ett strategiskt val f\u00f6r alla verksamheter som vill f\u00f6rb\u00e4ttra tillf\u00f6rlitligheten och s\u00e4kerheten hos sin lyftutrustning.<\/p>\n<h2><strong>Produktionsomr\u00e5de f\u00f6r gaffeltruckcylinder:<\/strong><\/h2>\n<h2><img loading=\"lazy\" decoding=\"async\" class=\"alignnone size-full wp-image-16972\" src=\"https:\/\/www.hydraulic-cylinders.net\/wp-content\/uploads\/2025\/01\/hydraulic-cylinder-factory-1-scaled.webp\" alt=\"\" width=\"2016\" height=\"2560\" srcset=\"https:\/\/www.hydraulic-cylinders.net\/wp-content\/uploads\/2025\/01\/hydraulic-cylinder-factory-1-scaled.webp 2016w, https:\/\/www.hydraulic-cylinders.net\/wp-content\/uploads\/2025\/01\/hydraulic-cylinder-factory-1-1280x1625.webp 1280w, https:\/\/www.hydraulic-cylinders.net\/wp-content\/uploads\/2025\/01\/hydraulic-cylinder-factory-1-980x1244.webp 980w, https:\/\/www.hydraulic-cylinders.net\/wp-content\/uploads\/2025\/01\/hydraulic-cylinder-factory-1-480x610.webp 480w\" sizes=\"(min-width: 0px) and (max-width: 480px) 480px, (min-width: 481px) and (max-width: 980px) 980px, (min-width: 981px) and (max-width: 1280px) 1280px, (min-width: 1281px) 2016px, 100vw\" \/><\/h2>\n<p>Vi har en toppmodern oberoende FoU-plattform dedikerad till montering, vilket s\u00e4kerst\u00e4ller innovation och kvalitet i v\u00e5ra tillverkningsprocesser. V\u00e5r verkstad f\u00f6r produktion av gaffeltruckcylindrar har fyra halvautomatiska monteringslinjer f\u00f6r lyftcylindrar och en helautomatisk monteringslinje f\u00f6r tippcylindrar, tillsammans utformade f\u00f6r att producera upp till en miljon enheter \u00e5rligen.<\/p>\n<p>Dessutom \u00e4r v\u00e5r specialiserade cylinderverkstad utrustad med halvautomatiska reng\u00f6rings- och monteringssystem skr\u00e4ddarsydda f\u00f6r olika specifikationer, med en \u00e5rlig produktionskapacitet p\u00e5 200 000 enheter. Vi anv\u00e4nder v\u00e4lk\u00e4nd CNC-utrustning, fleroperationsmaskiner och specialverktyg f\u00f6r h\u00f6gprecisionsbearbetning av cylinder. V\u00e5r anl\u00e4ggning inkluderar \u00e4ven avancerade robotsvetsmaskiner, automatiska reng\u00f6ringssystem och helautomatiska cylindermonterings- och m\u00e5lningslinjer. Med \u00f6ver 300 viktiga utrustningsdelar i drift optimerar vi resursallokeringen och s\u00e4kerst\u00e4ller effektiv anv\u00e4ndning, samtidigt som vi uppfyller str\u00e4nga precisions- och kvalitetsstandarder.<\/p>\n<p>V\u00e5r bearbetningsverkstad har specialanpassade svarvcentra f\u00f6r styrskenor, bearbetningscentra, h\u00f6ghastighetsh\u00f6nsmaskiner, svetsrobotar och annan viktig utrustning. Denna uppst\u00e4llning g\u00f6r det m\u00f6jligt f\u00f6r oss att hantera bearbetning av cylinderr\u00f6r med en maximal innerdiameter p\u00e5 400 mm och l\u00e4ngder p\u00e5 upp till 6 meter, vilket ytterligare f\u00f6rb\u00e4ttrar v\u00e5r produktionskapacitet.<\/p>\n<h2><img loading=\"lazy\" decoding=\"async\" class=\"alignnone size-full wp-image-16973\" src=\"https:\/\/www.hydraulic-cylinders.net\/wp-content\/uploads\/2025\/01\/hydraulic-cylinder-factory-2-scaled.webp\" alt=\"\" width=\"2011\" height=\"2560\" srcset=\"https:\/\/www.hydraulic-cylinders.net\/wp-content\/uploads\/2025\/01\/hydraulic-cylinder-factory-2-scaled.webp 2011w, https:\/\/www.hydraulic-cylinders.net\/wp-content\/uploads\/2025\/01\/hydraulic-cylinder-factory-2-1280x1629.webp 1280w, https:\/\/www.hydraulic-cylinders.net\/wp-content\/uploads\/2025\/01\/hydraulic-cylinder-factory-2-980x1248.webp 980w, https:\/\/www.hydraulic-cylinders.net\/wp-content\/uploads\/2025\/01\/hydraulic-cylinder-factory-2-480x611.webp 480w\" sizes=\"(min-width: 0px) and (max-width: 480px) 480px, (min-width: 481px) and (max-width: 980px) 980px, (min-width: 981px) and (max-width: 1280px) 1280px, (min-width: 1281px) 2011px, 100vw\" \/><\/h2>\n<p>Vi driver en helautomatisk vattenbaserad f\u00e4rglinje speciellt utformad f\u00f6r sm\u00e5 och medelstora cylindrar, med automatiserade lastnings-, lossnings- och sprutrobotar. Detta toppmoderna system har en produktionskapacitet p\u00e5 4 000 enheter per skift. Dessutom har vi en halvautomatisk m\u00e5lningslinje f\u00f6r storskaliga cylindrar, driven av en kedjedrift, med en designkapacitet p\u00e5 60 l\u00e5dor per skift.<\/p>\n<p>F\u00f6r att f\u00f6rb\u00e4ttra produkternas prestanda och bef\u00e4sta v\u00e5rt ledarskap inom hydraulcylinderbranschen har vi samarbetat med ZJIMEE f\u00f6r att etablera ett omfattande prestandalaboratorium dedikerat till hydraulcylindrar, ventiler och pumpar. Detta avancerade laboratorium anv\u00e4nder datorst\u00f6dd testning med elektrohydraulisk teknik, vilket m\u00f6jligg\u00f6r f\u00f6rinst\u00e4llda testf\u00f6rh\u00e5llanden som f\u00f6rb\u00e4ttrar noggrannhet och systemm\u00e5ngsidighet. Den automatiserade datainsamlingsprocessen anv\u00e4nder sensorer f\u00f6r att samla in utdata, s\u00e5som internt l\u00e4ckage och lasteffektivitet, som sedan bearbetas av en dator och omvandlas till standardenheter (ml\/min%).<\/p>\n<p>F\u00f6r att s\u00e4kerst\u00e4lla s\u00e4kerheten i v\u00e5ra hydrauliska system implementerar vi dessutom tillst\u00e5nds\u00f6vervakning f\u00f6r viktiga prestandaparametrar, inklusive oljetemperatur, v\u00e4tskeniv\u00e5 och filterenhetens status. V\u00e5rt testst\u00e4ll f\u00f6r hydraulcylindrar kan bed\u00f6ma \"lasteffektivitet\" och \"internt l\u00e4ckage\" genom exakta avl\u00e4sningar. Det \u00e4r ocks\u00e5 utrustat med ett m\u00e4tinstrument med gitterlinjal som uppfyller nationella standarder, vilket s\u00e4kerst\u00e4ller att alla testkrav f\u00f6r hydraulcylindrar uppfylls.<\/p>\n<p>&nbsp;<\/p>","protected":false},"excerpt":{"rendered":"<p>HCYY11112026 Behind Cylinder For Opening Rack Support For Truck Cranes The HCYY11112026 Behind Cylinder is a vital component specifically designed for truck cranes, providing robust support for the opening rack. This high-performance cylinder significantly enhances the crane&#8217;s stability and operational efficiency during lifting tasks, making it an invaluable asset across various industrial applications. With its [&hellip;]<\/p>","protected":false},"featured_media":17139,"comment_status":"open","ping_status":"closed","template":"","meta":{"_et_pb_use_builder":"","_et_pb_old_content":"","_et_gb_content_width":""},"product_brand":[],"product_cat":[1514,1549,1376],"product_tag":[],"class_list":{"0":"post-17133","1":"product","2":"type-product","3":"status-publish","4":"has-post-thumbnail","6":"product_cat-mobile-crane-hydraulic-cylinders","7":"product_cat-single-acting-hydraulic-cylinder","8":"product_cat-hydraulic-cylinder","10":"first","11":"instock","12":"shipping-taxable","13":"product-type-simple"},"amp_enabled":true,"_links":{"self":[{"href":"https:\/\/www.hydraulic-cylinders.net\/sv\/wp-json\/wp\/v2\/product\/17133","targetHints":{"allow":["GET"]}}],"collection":[{"href":"https:\/\/www.hydraulic-cylinders.net\/sv\/wp-json\/wp\/v2\/product"}],"about":[{"href":"https:\/\/www.hydraulic-cylinders.net\/sv\/wp-json\/wp\/v2\/types\/product"}],"replies":[{"embeddable":true,"href":"https:\/\/www.hydraulic-cylinders.net\/sv\/wp-json\/wp\/v2\/comments?post=17133"}],"wp:featuredmedia":[{"embeddable":true,"href":"https:\/\/www.hydraulic-cylinders.net\/sv\/wp-json\/wp\/v2\/media\/17139"}],"wp:attachment":[{"href":"https:\/\/www.hydraulic-cylinders.net\/sv\/wp-json\/wp\/v2\/media?parent=17133"}],"wp:term":[{"taxonomy":"product_brand","embeddable":true,"href":"https:\/\/www.hydraulic-cylinders.net\/sv\/wp-json\/wp\/v2\/product_brand?post=17133"},{"taxonomy":"product_cat","embeddable":true,"href":"https:\/\/www.hydraulic-cylinders.net\/sv\/wp-json\/wp\/v2\/product_cat?post=17133"},{"taxonomy":"product_tag","embeddable":true,"href":"https:\/\/www.hydraulic-cylinders.net\/sv\/wp-json\/wp\/v2\/product_tag?post=17133"}],"curies":[{"name":"wp","href":"https:\/\/api.w.org\/{rel}","templated":true}]}}