{"id":17147,"date":"2025-02-07T06:47:22","date_gmt":"2025-02-07T06:47:22","guid":{"rendered":"https:\/\/www.hydraulic-cylinders.net\/?post_type=product&#038;p=17147"},"modified":"2025-04-15T05:52:21","modified_gmt":"2025-04-15T05:52:21","slug":"wind-power-series-cylinders","status":"publish","type":"product","link":"https:\/\/www.hydraulic-cylinders.net\/sv\/produkt\/wind-power-series-cylinders\/","title":{"rendered":"Vindkraftsseriens cylindrar"},"content":{"rendered":"<h1 style=\"text-align: center;\"><strong>Vindkraftsseriens cylindrar<\/strong><\/h1>\n<h1 style=\"text-align: center;\">\u00a0<img loading=\"lazy\" decoding=\"async\" class=\"alignnone size-full wp-image-17149\" src=\"https:\/\/www.hydraulic-cylinders.net\/wp-content\/uploads\/2025\/02\/wind_power_series_cylinders-1-removebg-preview.webp\" alt=\"\" width=\"644\" height=\"644\" srcset=\"https:\/\/www.hydraulic-cylinders.net\/wp-content\/uploads\/2025\/02\/wind_power_series_cylinders-1-removebg-preview.webp 644w, https:\/\/www.hydraulic-cylinders.net\/wp-content\/uploads\/2025\/02\/wind_power_series_cylinders-1-removebg-preview-480x480.webp 480w\" sizes=\"(min-width: 0px) and (max-width: 480px) 480px, (min-width: 481px) 644px, 100vw\" \/><\/h1>\n<p>De <strong>Vindkraftsseriens cylindrar<\/strong> \u00e4r specifikt konstruerade f\u00f6r vindkraftssektorn och levererar p\u00e5litlig och effektiv prestanda inom olika till\u00e4mpningar. Dessa cylindrar spelar en viktig roll i att styra de mekanismer som utnyttjar vindkraft, vilket avsev\u00e4rt f\u00f6rb\u00e4ttrar vindkraftverkens effektivitet. De \u00e4r precisionstillverkade och byggda f\u00f6r att motst\u00e5 branschens p\u00e5frestningar och uppfyller de h\u00f6ga kraven inom detta snabbt v\u00e4xande omr\u00e5de.<\/p>\n<p>Wind Power-seriens cylindrar erbjuder en kombination av h\u00e5llbarhet, effektivitet och anv\u00e4ndarv\u00e4nlighet och \u00e4r ett p\u00e5litligt val f\u00f6r vindkraftsapplikationer. Deras h\u00f6ga lastkapacitet och korrosionsbest\u00e4ndiga egenskaper g\u00f6r dem idealiska f\u00f6r de kr\u00e4vande milj\u00f6erna vid vindkraftverksdrift. Genom att f\u00f6lja rekommenderade anv\u00e4ndnings- och underh\u00e5llspraxis kan operat\u00f6rer s\u00e4kerst\u00e4lla att dessa cylindrar bibeh\u00e5ller optimal prestanda i \u00e5ratal. Att investera i dessa cylindrar f\u00f6rb\u00e4ttrar inte bara tillf\u00f6rlitligheten hos vindkraftssystem utan st\u00f6der ocks\u00e5 en h\u00e5llbar framtid.<\/p>\n<h2><strong>Parameter f\u00f6r vindkraftscylindrar:<\/strong><\/h2>\n<h2><img loading=\"lazy\" decoding=\"async\" class=\"alignnone size-full wp-image-17148\" style=\"color: #666666; font-size: 14px;\" src=\"https:\/\/www.hydraulic-cylinders.net\/wp-content\/uploads\/2025\/02\/wind-power-series-cylinders-2.webp\" alt=\"\" width=\"1394\" height=\"731\" srcset=\"https:\/\/www.hydraulic-cylinders.net\/wp-content\/uploads\/2025\/02\/wind-power-series-cylinders-2.webp 1394w, https:\/\/www.hydraulic-cylinders.net\/wp-content\/uploads\/2025\/02\/wind-power-series-cylinders-2-1280x671.webp 1280w, https:\/\/www.hydraulic-cylinders.net\/wp-content\/uploads\/2025\/02\/wind-power-series-cylinders-2-980x514.webp 980w, https:\/\/www.hydraulic-cylinders.net\/wp-content\/uploads\/2025\/02\/wind-power-series-cylinders-2-480x252.webp 480w\" sizes=\"(min-width: 0px) and (max-width: 480px) 480px, (min-width: 481px) and (max-width: 980px) 980px, (min-width: 981px) and (max-width: 1280px) 1280px, (min-width: 1281px) 1394px, 100vw\" \/><\/h2>\n<p>\u00b7Cylinderl\u00e4ge: HCYY11112028<br \/>\n\u00b7 Arbetstryck: 16 MPa<br \/>\n\u00b7 Maximalt motst\u00e5ndstryck: 25 MPa<br \/>\n\u00b7 Cylinderr\u00f6rets diameter: 100 mm<br \/>\n\u00b7Kolvst\u00e5ngsdiameter: 50 mm<br \/>\n\u00b7 Stiftdiameter: 150 mm<br \/>\n\u00b7Tripp: 80 mm<br \/>\n\u00b7 Cylinderl\u00e4ngd: 855 mm<br \/>\n\u00b7Vikt: 140 kg<\/p>\n<h2><strong>Viktiga funktioner hos Wind Power-seriens cylindrar:<\/strong><\/h2>\n<h4><strong>H\u00f6g lastkapacitet<\/strong><\/h4>\n<p>Wind Power-seriens cylindrar utm\u00e4rker sig i att klara av betydande belastningar, vilket \u00e4r avg\u00f6rande f\u00f6r de kr\u00e4vande till\u00e4mpningar som finns inom vindkraft. Deras robusta design s\u00e4kerst\u00e4ller att de kan fungera tillf\u00f6rlitligt under utmanande f\u00f6rh\u00e5llanden, s\u00e5som starka vindar eller extremt v\u00e4der. Denna f\u00f6rm\u00e5ga f\u00f6rb\u00e4ttrar inte bara vindturbinernas effektivitet utan inger ocks\u00e5 f\u00f6rtroende hos operat\u00f6rerna, i vetskapen om att deras utrustning kan hantera betydande vikt utan att kompromissa med s\u00e4kerhet eller prestanda.<\/p>\n<h4><strong>H\u00e5llbar konstruktion<\/strong><\/h4>\n<p>Dessa cylindrar \u00e4r tillverkade av h\u00f6gkvalitativa material och konstruerade f\u00f6r att motst\u00e5 slitage \u00f6ver tid. Deras h\u00e5llbara konstruktion minskar behovet av frekventa byten avsev\u00e4rt, vilket g\u00f6r dem till ett kostnadseffektivt val f\u00f6r l\u00e5ngvarig drift. Oavsett om de uts\u00e4tts f\u00f6r h\u00e5rda milj\u00f6f\u00f6rh\u00e5llanden eller den dagliga anv\u00e4ndningens p\u00e5frestningar, bibeh\u00e5ller cylindrarna sin integritet, vilket s\u00e4kerst\u00e4ller att vindkraftsystemen fungerar smidigt och effektivt.<\/p>\n<h4><strong>Korrosionsbest\u00e4ndighet<\/strong><\/h4>\n<p>Cylindrarna \u00e4r utrustade med en specialbel\u00e4ggning och st\u00e5r starkt mot rost och milj\u00f6skador. Denna korrosionsbest\u00e4ndighet \u00e4r s\u00e4rskilt viktig f\u00f6r utomhusapplikationer, d\u00e4r exponering f\u00f6r fukt, salt och andra h\u00e5rda element kan leda till f\u00f6rs\u00e4mring. Genom att skydda cylindrarna fr\u00e5n korrosion f\u00f6rl\u00e4nger denna funktion inte bara deras livsl\u00e4ngd utan minimerar \u00e4ven underh\u00e5llsarbetet, vilket g\u00f6r att operat\u00f6rerna kan fokusera p\u00e5 att maximera energiproduktionen.<\/p>\n<h4><strong>Precisionsteknik<\/strong><\/h4>\n<p>Wind Power-seriens cylindrar \u00e4r tillverkade enligt exakta specifikationer och garanterar s\u00f6ml\u00f6s kompatibilitet med en m\u00e4ngd olika vindturbinmodeller. Denna precisionsteknik m\u00f6jligg\u00f6r enkel installation och integration i befintliga system, vilket minskar risken f\u00f6r driftsproblem. Med dessa cylindrar kan operat\u00f6rerna k\u00e4nna sig trygga i vetskapen om att de anv\u00e4nder komponenter som \u00e4r utformade f\u00f6r att fungera optimalt inom deras specifika turbinsystem.<\/p>\n<h4><strong>Enkel installation<\/strong><\/h4>\n<p>Cylindrarna \u00e4r utformade med anv\u00e4ndarv\u00e4nlighet i \u00e5tanke och m\u00f6jligg\u00f6r snabb och problemfri installation. Deras intuitiva design minimerar driftstopp under installationen, vilket g\u00f6r det m\u00f6jligt f\u00f6r operat\u00f6rer att snabbt f\u00e5 ig\u00e5ng sina system. Denna enkla installation f\u00f6rb\u00e4ttrar inte bara driftseffektiviteten utan m\u00f6jligg\u00f6r ocks\u00e5 snabbare respons p\u00e5 underh\u00e5llsbehov, vilket s\u00e4kerst\u00e4ller att vindkraftssystem f\u00f6rblir produktiva hela tiden.<\/p>\n<p>Genom att betona dessa egenskaper levererar HCYY11112028-cylindrarna i vindkraftsserien exceptionell prestanda som m\u00f6ter de st\u00e4ndigt f\u00f6r\u00e4nderliga kraven inom vindkraftssektorn.<\/p>\n<h2><strong>Hur f\u00f6rb\u00e4ttrar korrosionsbest\u00e4ndigheten hos vindkraftcylindrar deras prestanda i utomhusmilj\u00f6er?<\/strong><\/h2>\n<p>Absolut! H\u00e4r \u00e4r en mer engagerande och detaljerad utforskning av hur korrosionsbest\u00e4ndigheten hos Wind Power-seriens cylindrar f\u00f6rb\u00e4ttrar deras prestanda i utomhusmilj\u00f6er:<\/p>\n<h4><strong>1. Livsl\u00e4ngd<\/strong><\/h4>\n<p>Den specialiserade korrosionsbest\u00e4ndiga bel\u00e4ggningen p\u00e5 cylindrarna fungerar som en formidabel barri\u00e4r mot rost och f\u00f6rslitning. Detta skyddande lager \u00e4r s\u00e4rskilt v\u00e4rdefullt i milj\u00f6er d\u00e4r fukt, saltst\u00e4nk och temperaturfluktuationer \u00e4r vanliga. Genom att avsev\u00e4rt f\u00f6rl\u00e4nga cylindrarnas livsl\u00e4ngd kan operat\u00f6rerna njuta av den sinnesro som kommer av att veta att deras investering kommer att h\u00e5lla i l\u00e4ngden, vilket m\u00f6jligg\u00f6r l\u00e5ngvarig och oavbruten drift ute i f\u00e4lt.<\/p>\n<h4><strong>2. Minskat underh\u00e5ll<\/strong><\/h4>\n<p>En av de framst\u00e5ende f\u00f6rdelarna med korrosionsbest\u00e4ndighet \u00e4r den betydande minskningen av underh\u00e5llsbehovet. Eftersom cylindrarna \u00e4r mindre ben\u00e4gna att rosta och slita kan operat\u00f6rerna l\u00e4gga f\u00e4rre resurser \u2013 b\u00e5de tid och pengar \u2013 p\u00e5 underh\u00e5ll. Denna effektivitet inneb\u00e4r att underh\u00e5llsteam kan fokusera p\u00e5 andra kritiska aspekter av vindturbinernas drift, vilket \u00f6kar den totala produktiviteten. Som ett resultat kan vindkraftsystemet fungera smidigare och maximera energiproduktionen utan st\u00e4ndig oro f\u00f6r komponentfel.<\/p>\n<h4><strong>3. Konsekvent prestanda<\/strong><\/h4>\n<p>Korrosion kan f\u00f6rsvaga material med tiden, vilket leder till oregelbundenheter i driften som kan st\u00f6ra energiproduktionen. Cylindrarna, f\u00f6rst\u00e4rkta mot korrosion, bibeh\u00e5ller sin strukturella integritet och prestandastandarder, \u00e4ven under de mest utmanande utomhusf\u00f6rh\u00e5llandena. Denna tillf\u00f6rlitlighet s\u00e4kerst\u00e4ller att turbinerna fungerar effektivt, vilket resulterar i optimal energiproduktion. Operat\u00f6rerna kan f\u00f6rv\u00e4nta sig j\u00e4mn prestanda, vilket \u00e4r avg\u00f6rande f\u00f6r att m\u00f6ta energibehovet och uppn\u00e5 h\u00e5llbarhetsm\u00e5l.<\/p>\n<h4><strong>4. S\u00e4kerhet<\/strong><\/h4>\n<p>S\u00e4kerhet \u00e4r av st\u00f6rsta vikt i alla industriella milj\u00f6er, och risken f\u00f6r haveri p\u00e5 grund av korrosion \u00e4r en oro som inte kan f\u00f6rbises. Cylindrarna hj\u00e4lper till att minska dessa risker genom att bibeh\u00e5lla sin styrka och funktionalitet i tuffa milj\u00f6er. Genom att f\u00f6rhindra korrosionsrelaterade haverier bidrar dessa cylindrar till en s\u00e4krare driftsmilj\u00f6 f\u00f6r b\u00e5de personal och utrustning. Denna betoning p\u00e5 s\u00e4kerhet fr\u00e4mjar en kultur av tillf\u00f6rlitlighet och f\u00f6rtroende inom vindkraftssektorn.<\/p>\n<h4><strong>5. Kostnadseffektivitet<\/strong><\/h4>\n<p>Att investera i korrosionsbest\u00e4ndiga cylindrar handlar inte bara om omedelbar prestanda; det handlar om l\u00e5ngsiktig ekonomisk f\u00f6rsiktighet. Cylindrarnas h\u00e5llbarhet och minskade underh\u00e5llsbehov leder till betydande kostnadsbesparingar \u00f6ver tid. Operat\u00f6rer kan undvika kostnaderna f\u00f6rknippade med frekventa utbyten och reparationer, vilket m\u00f6jligg\u00f6r en b\u00e4ttre f\u00f6rdelning av budgetresurser. Denna kostnadseffektivitet g\u00f6r dessa cylindrar till ett attraktivt alternativ f\u00f6r f\u00f6retag som vill optimera sina driftsbudgetar samtidigt som de s\u00e4kerst\u00e4ller tillf\u00f6rlitlig energiproduktion.<\/p>\n<p>Sammanfattningsvis \u00e4r korrosionsbest\u00e4ndigheten hos Wind Power-cylindrar mer \u00e4n bara en egenskap \u2013 det \u00e4r en viktig egenskap som f\u00f6rb\u00e4ttrar livsl\u00e4ngden, minskar underh\u00e5llet, s\u00e4kerst\u00e4ller j\u00e4mn prestanda, fr\u00e4mjar s\u00e4kerheten och ger kostnadseffektivitet. Dessa f\u00f6rdelar bidrar tillsammans till en mer effektiv och h\u00e5llbar metod f\u00f6r att utnyttja vindenergi, vilket g\u00f6r dessa cylindrar till ett oumb\u00e4rligt val i branschen.<\/p>\n<h2><strong>Produktionsomr\u00e5de f\u00f6r gaffeltruckcylinder:<\/strong><\/h2>\n<h2><img loading=\"lazy\" decoding=\"async\" class=\"alignnone size-full wp-image-16972\" src=\"https:\/\/www.hydraulic-cylinders.net\/wp-content\/uploads\/2025\/01\/hydraulic-cylinder-factory-1-scaled.webp\" alt=\"\" width=\"2016\" height=\"2560\" srcset=\"https:\/\/www.hydraulic-cylinders.net\/wp-content\/uploads\/2025\/01\/hydraulic-cylinder-factory-1-scaled.webp 2016w, https:\/\/www.hydraulic-cylinders.net\/wp-content\/uploads\/2025\/01\/hydraulic-cylinder-factory-1-1280x1625.webp 1280w, https:\/\/www.hydraulic-cylinders.net\/wp-content\/uploads\/2025\/01\/hydraulic-cylinder-factory-1-980x1244.webp 980w, https:\/\/www.hydraulic-cylinders.net\/wp-content\/uploads\/2025\/01\/hydraulic-cylinder-factory-1-480x610.webp 480w\" sizes=\"(min-width: 0px) and (max-width: 480px) 480px, (min-width: 481px) and (max-width: 980px) 980px, (min-width: 981px) and (max-width: 1280px) 1280px, (min-width: 1281px) 2016px, 100vw\" \/><\/h2>\n<p>Vi har en toppmodern oberoende FoU-plattform dedikerad till montering, vilket s\u00e4kerst\u00e4ller innovation och kvalitet i v\u00e5ra tillverkningsprocesser. V\u00e5r verkstad f\u00f6r produktion av gaffeltruckcylindrar har fyra halvautomatiska monteringslinjer f\u00f6r lyftcylindrar och en helautomatisk monteringslinje f\u00f6r tippcylindrar, tillsammans utformade f\u00f6r att producera upp till en miljon enheter \u00e5rligen.<\/p>\n<p>Dessutom \u00e4r v\u00e5r specialiserade cylinderverkstad utrustad med halvautomatiska reng\u00f6rings- och monteringssystem skr\u00e4ddarsydda f\u00f6r olika specifikationer, med en \u00e5rlig produktionskapacitet p\u00e5 200 000 enheter. Vi anv\u00e4nder v\u00e4lk\u00e4nd CNC-utrustning, fleroperationsmaskiner och specialverktyg f\u00f6r h\u00f6gprecisionsbearbetning av cylinder. V\u00e5r anl\u00e4ggning inkluderar \u00e4ven avancerade robotsvetsmaskiner, automatiska reng\u00f6ringssystem och helautomatiska cylindermonterings- och m\u00e5lningslinjer. Med \u00f6ver 300 viktiga utrustningsdelar i drift optimerar vi resursallokeringen och s\u00e4kerst\u00e4ller effektiv anv\u00e4ndning, samtidigt som vi uppfyller str\u00e4nga precisions- och kvalitetsstandarder.<\/p>\n<p>V\u00e5r bearbetningsverkstad har specialanpassade svarvcentra f\u00f6r styrskenor, bearbetningscentra, h\u00f6ghastighetsh\u00f6nsmaskiner, svetsrobotar och annan viktig utrustning. Denna uppst\u00e4llning g\u00f6r det m\u00f6jligt f\u00f6r oss att hantera bearbetning av cylinderr\u00f6r med en maximal innerdiameter p\u00e5 400 mm och l\u00e4ngder p\u00e5 upp till 6 meter, vilket ytterligare f\u00f6rb\u00e4ttrar v\u00e5r produktionskapacitet.<\/p>\n<h2><img loading=\"lazy\" decoding=\"async\" class=\"alignnone size-full wp-image-16973\" src=\"https:\/\/www.hydraulic-cylinders.net\/wp-content\/uploads\/2025\/01\/hydraulic-cylinder-factory-2-scaled.webp\" alt=\"\" width=\"2011\" height=\"2560\" srcset=\"https:\/\/www.hydraulic-cylinders.net\/wp-content\/uploads\/2025\/01\/hydraulic-cylinder-factory-2-scaled.webp 2011w, https:\/\/www.hydraulic-cylinders.net\/wp-content\/uploads\/2025\/01\/hydraulic-cylinder-factory-2-1280x1629.webp 1280w, https:\/\/www.hydraulic-cylinders.net\/wp-content\/uploads\/2025\/01\/hydraulic-cylinder-factory-2-980x1248.webp 980w, https:\/\/www.hydraulic-cylinders.net\/wp-content\/uploads\/2025\/01\/hydraulic-cylinder-factory-2-480x611.webp 480w\" sizes=\"(min-width: 0px) and (max-width: 480px) 480px, (min-width: 481px) and (max-width: 980px) 980px, (min-width: 981px) and (max-width: 1280px) 1280px, (min-width: 1281px) 2011px, 100vw\" \/><\/h2>\n<p>Vi driver en helautomatisk vattenbaserad f\u00e4rglinje speciellt utformad f\u00f6r sm\u00e5 och medelstora cylindrar, med automatiserade lastnings-, lossnings- och sprutrobotar. Detta toppmoderna system har en produktionskapacitet p\u00e5 4 000 enheter per skift. Dessutom har vi en halvautomatisk m\u00e5lningslinje f\u00f6r storskaliga cylindrar, driven av en kedjedrift, med en designkapacitet p\u00e5 60 l\u00e5dor per skift.<\/p>\n<p>F\u00f6r att f\u00f6rb\u00e4ttra produkternas prestanda och bef\u00e4sta v\u00e5rt ledarskap inom hydraulcylinderbranschen har vi samarbetat med ZJIMEE f\u00f6r att etablera ett omfattande prestandalaboratorium dedikerat till hydraulcylindrar, ventiler och pumpar. Detta avancerade laboratorium anv\u00e4nder datorst\u00f6dd testning med elektrohydraulisk teknik, vilket m\u00f6jligg\u00f6r f\u00f6rinst\u00e4llda testf\u00f6rh\u00e5llanden som f\u00f6rb\u00e4ttrar noggrannhet och systemm\u00e5ngsidighet. Den automatiserade datainsamlingsprocessen anv\u00e4nder sensorer f\u00f6r att samla in utdata, s\u00e5som internt l\u00e4ckage och lasteffektivitet, som sedan bearbetas av en dator och omvandlas till standardenheter (ml\/min%).<\/p>\n<p>F\u00f6r att s\u00e4kerst\u00e4lla s\u00e4kerheten i v\u00e5ra hydrauliska system implementerar vi dessutom tillst\u00e5nds\u00f6vervakning f\u00f6r viktiga prestandaparametrar, inklusive oljetemperatur, v\u00e4tskeniv\u00e5 och filterenhetens status. V\u00e5rt testst\u00e4ll f\u00f6r hydraulcylindrar kan bed\u00f6ma \"lasteffektivitet\" och \"internt l\u00e4ckage\" genom exakta avl\u00e4sningar. Det \u00e4r ocks\u00e5 utrustat med ett m\u00e4tinstrument med gitterlinjal som uppfyller nationella standarder, vilket s\u00e4kerst\u00e4ller att alla testkrav f\u00f6r hydraulcylindrar uppfylls.<\/p>\n<p>&nbsp;<\/p>","protected":false},"excerpt":{"rendered":"<p>Wind Power Series Cylinders \u00a0 The Wind Power Series Cylinders are specifically engineered for the wind energy sector, delivering reliable and efficient performance across various applications. These cylinders play a vital role in controlling the mechanisms that harness wind energy, significantly enhancing the efficiency and effectiveness of wind turbines. Crafted with precision and built to [&hellip;]<\/p>","protected":false},"featured_media":17150,"comment_status":"open","ping_status":"closed","template":"","meta":{"_et_pb_use_builder":"","_et_pb_old_content":"","_et_gb_content_width":""},"product_brand":[],"product_cat":[1552,1513,1376],"product_tag":[],"class_list":{"0":"post-17147","1":"product","2":"type-product","3":"status-publish","4":"has-post-thumbnail","6":"product_cat-stainless-steel-hydraulic-cylinder","7":"product_cat-wind-turbine-hydraulic-cylinders","8":"product_cat-hydraulic-cylinder","10":"first","11":"instock","12":"shipping-taxable","13":"product-type-simple"},"amp_enabled":true,"_links":{"self":[{"href":"https:\/\/www.hydraulic-cylinders.net\/sv\/wp-json\/wp\/v2\/product\/17147","targetHints":{"allow":["GET"]}}],"collection":[{"href":"https:\/\/www.hydraulic-cylinders.net\/sv\/wp-json\/wp\/v2\/product"}],"about":[{"href":"https:\/\/www.hydraulic-cylinders.net\/sv\/wp-json\/wp\/v2\/types\/product"}],"replies":[{"embeddable":true,"href":"https:\/\/www.hydraulic-cylinders.net\/sv\/wp-json\/wp\/v2\/comments?post=17147"}],"wp:featuredmedia":[{"embeddable":true,"href":"https:\/\/www.hydraulic-cylinders.net\/sv\/wp-json\/wp\/v2\/media\/17150"}],"wp:attachment":[{"href":"https:\/\/www.hydraulic-cylinders.net\/sv\/wp-json\/wp\/v2\/media?parent=17147"}],"wp:term":[{"taxonomy":"product_brand","embeddable":true,"href":"https:\/\/www.hydraulic-cylinders.net\/sv\/wp-json\/wp\/v2\/product_brand?post=17147"},{"taxonomy":"product_cat","embeddable":true,"href":"https:\/\/www.hydraulic-cylinders.net\/sv\/wp-json\/wp\/v2\/product_cat?post=17147"},{"taxonomy":"product_tag","embeddable":true,"href":"https:\/\/www.hydraulic-cylinders.net\/sv\/wp-json\/wp\/v2\/product_tag?post=17147"}],"curies":[{"name":"wp","href":"https:\/\/api.w.org\/{rel}","templated":true}]}}