{"id":1724,"date":"2023-10-12T03:00:38","date_gmt":"2023-10-12T03:00:38","guid":{"rendered":"https:\/\/hydraulic-cylinders.net\/?post_type=product&#038;p=1724"},"modified":"2025-04-11T02:53:46","modified_gmt":"2025-04-11T02:53:46","slug":"equipment-roller-press-cement-cylinder","status":"publish","type":"product","link":"https:\/\/www.hydraulic-cylinders.net\/sv\/produkt\/equipment-roller-press-cement-cylinder\/","title":{"rendered":"Utrustning Rullpress Cementcylinder"},"content":{"rendered":"<h1 style=\"text-align: center;\"><strong>Utrustning Rullpress Cementcylinder<\/strong><\/h1>\n<p><img loading=\"lazy\" decoding=\"async\" class=\"aligncenter wp-image-1726\" src=\"https:\/\/hydraulic-cylinders.net\/wp-content\/uploads\/2023\/10\/roller-press-cylinder-1-300x300.webp\" alt=\"\" width=\"400\" height=\"400\" \/><\/p>\n<p>Cementcylindern f\u00f6r rullpressen \u00e4r en viktig komponent i cementproduktionen och \u00e4r speciellt utformad f\u00f6r att \u00f6ka effektiviteten och produktiviteten i tillverkningsanl\u00e4ggningar. Dess exceptionella egenskaper och robusta konstruktion g\u00f6r den oumb\u00e4rlig f\u00f6r effektiv drift av rullpressmaskiner.<\/p>\n<p>With its high-pressure resistance, precision manufacturing, and advanced sealing technology, the equipment roller press cement cylinder ensures reliable and efficient performance. You can maximize the cylinder&#8217;s performance and longevity by adhering to recommended usage methods and maintenance practices. This not only enhances the efficiency of your cement operations but also contributes to overall productivity and profitability.<\/p>\n<h2><strong>Cementutrustningsvalspresscylinderparameter:<\/strong><\/h2>\n<table border=\"1\" cellspacing=\"0\" cellpadding=\"0\">\n<tbody>\n<tr>\n<td>Produktnamn<\/td>\n<td>Utrustning Rullpress Cementcylinder<\/td>\n<\/tr>\n<tr>\n<td>Drag:<\/td>\n<td>Se till att kl\u00e4mhuvudet \u00e4r i mittenposition<\/td>\n<\/tr>\n<tr>\n<td>Borrdiameter:<\/td>\n<td>200 mm\uff5e700 mm<\/td>\n<\/tr>\n<tr>\n<td>St\u00e5ngdiameter:<\/td>\n<td>130 mm\uff5e500 mm<br \/>\nSlagl\u00e4ngd: \u2264500 mm<\/td>\n<\/tr>\n<tr>\n<td>Tryckkraft:<\/td>\n<td>Max 5387KN<br \/>\n(Cylinderdiameter 700 mm\/tryck 14 MPa)<\/td>\n<\/tr>\n<tr>\n<td>Cementutrustningsvalspresscylinderapplikationer:<\/td>\n<td>Cementutrustning<\/td>\n<\/tr>\n<\/tbody>\n<\/table>\n<div><\/div>\n<div class=\"txtboxR\">\n<div class=\"txtboxL\">\n<div class=\"txtboxL\">\n<div class=\"txtboxL\">\n<div class=\"txtboxL\">\n<div class=\"txtboxL\">\n<div class=\"txtboxL\">\n<div class=\"youhangitem\">\n<div class=\"youhangitem3\">\n<div class=\"txtbox clearfix\">\n<div class=\"txtboxL\"><strong>Drag: <\/strong>Ge dragkrafts-\/kontrollrullgap<\/div>\n<div class=\"txtboxL\"><strong>Specifikation:<\/strong><\/div>\n<div class=\"txtboxR\"><strong>Borrdiameter:<\/strong> 200 mm\uff5e700 mm<br \/>\n<strong>St\u00e5ngdiameter:<\/strong> 130 mm\uff5e500 mm<br \/>\n<strong>Stroke:<\/strong> \u2264500 mm<\/div>\n<div class=\"txtboxL\"><strong>Tryckkraft: <\/strong>Max 5387KN<br \/>\n(Cylinderdiameter 700 mm\/tryck 14 MPa)<\/div>\n<\/div>\n<\/div>\n<\/div>\n<\/div>\n<\/div>\n<\/div>\n<div><\/div>\n<div><strong style=\"color: #333333; font-size: 26px;\">Cementutrustningsvalspresscylinder Viktiga egenskaper:<\/strong><\/div>\n<\/div>\n<\/div>\n<\/div>\n<\/div>\n<h3><strong>Robust konstruktion<\/strong><\/h3>\n<p>Cementcylindern \u00e4r tillverkad av h\u00f6gkvalitativa material, vilket garanterar exceptionell h\u00e5llbarhet och livsl\u00e4ngd \u00e4ven i cementfabrikernas kr\u00e4vande milj\u00f6er. Dess robusta design g\u00f6r att den kan hantera tunga belastningar samtidigt som optimal prestanda bibeh\u00e5lls under kontinuerlig drift.<\/p>\n<h3><strong>H\u00f6gt tryckmotst\u00e5nd<\/strong><\/h3>\n<p>Denna cylinder \u00e4r speciellt konstruerad f\u00f6r h\u00f6gtrycksapplikationer och utm\u00e4rker sig under de intensiva f\u00f6rh\u00e5llanden som \u00e4r typiska f\u00f6r cementvalspressar. Den hanterar effektivt de betydande krafter som genereras vid malning och krossning av r\u00e5material, vilket s\u00e4kerst\u00e4ller tillf\u00f6rlitlig och effektiv drift.<\/p>\n<h3><strong>Precisionstillverkning<\/strong><\/h3>\n<p>Varje rullpresscylinder i cementutrustning \u00e4r noggrant tillverkad f\u00f6r att uppn\u00e5 exakta dimensioner och sn\u00e4va toleranser. Denna precisionsniv\u00e5 m\u00f6jligg\u00f6r smidig och exakt r\u00f6relse, vilket avsev\u00e4rt f\u00f6rb\u00e4ttrar rullpressmaskinens prestanda och utg\u00e5ng.<\/p>\n<h3><strong>Avancerad t\u00e4tningsteknik<\/strong><\/h3>\n<p>Med den senaste t\u00e4tningstekniken f\u00f6rhindrar denna cylinder effektivt l\u00e4ckage av hydraulv\u00e4tska. Den p\u00e5litliga t\u00e4tningsmekanismen minimerar inte bara stillest\u00e5ndstider utan minskar \u00e4ven underh\u00e5llskostnaderna, vilket \u00f6kar den totala effektiviteten i cementproduktionsprocessen.<\/p>\n<h2><strong>Elektrisk ugn <\/strong><strong> Cylinderfabrik:<\/strong><\/h2>\n<p><img loading=\"lazy\" decoding=\"async\" class=\"alignnone wp-image-1697 size-full\" src=\"https:\/\/hydraulic-cylinders.net\/wp-content\/uploads\/2023\/10\/filter-press-cylinder-1.webp\" alt=\"\" width=\"1418\" height=\"946\" srcset=\"https:\/\/hydraulic-cylinders.net\/wp-content\/uploads\/2023\/10\/filter-press-cylinder-1.webp 1418w, https:\/\/hydraulic-cylinders.net\/wp-content\/uploads\/2023\/10\/filter-press-cylinder-1-1280x854.webp 1280w, https:\/\/hydraulic-cylinders.net\/wp-content\/uploads\/2023\/10\/filter-press-cylinder-1-980x654.webp 980w, https:\/\/hydraulic-cylinders.net\/wp-content\/uploads\/2023\/10\/filter-press-cylinder-1-480x320.webp 480w\" sizes=\"(min-width: 0px) and (max-width: 480px) 480px, (min-width: 481px) and (max-width: 980px) 980px, (min-width: 981px) and (max-width: 1280px) 1280px, (min-width: 1281px) 1418px, 100vw\" \/><\/p>\n<h2><strong>Anv\u00e4ndningsmetod f\u00f6r cementutrustningsrullpresscylinder<\/strong><strong>:<\/strong><\/h2>\n<h3><strong>Installation<\/strong><\/h3>\n<p>B\u00f6rja med att f\u00f6lja tillverkarens anvisningar f\u00f6r att installera den s\u00e4kert <strong>utrustning rullpress cementcylinder<\/strong> p\u00e5 rullpressmaskinen. S\u00e4kerst\u00e4ll korrekt uppriktning och fasts\u00e4ttning f\u00f6r att garantera stabil och s\u00e4ker drift.<\/p>\n<h3><strong>Hydraulisk anslutning<\/strong><\/h3>\n<p>Anslut sedan cylindern till valspressens hydraulsystem med l\u00e4mpliga hydraulkopplingar och slangar. Det \u00e4r viktigt att kontrollera att alla anslutningar \u00e4r s\u00e4kra och fria fr\u00e5n l\u00e4ckor f\u00f6r att bibeh\u00e5lla systemets integritet.<\/p>\n<h3><strong>Systemkalibrering<\/strong><\/h3>\n<p><img loading=\"lazy\" decoding=\"async\" class=\"size-full wp-image-8207 aligncenter\" src=\"https:\/\/www.hydraulic-cylinders.net\/wp-content\/uploads\/2023\/10\/hydraulic-system.webp\" alt=\"\" width=\"800\" height=\"450\" srcset=\"https:\/\/www.hydraulic-cylinders.net\/wp-content\/uploads\/2023\/10\/hydraulic-system.webp 800w, https:\/\/www.hydraulic-cylinders.net\/wp-content\/uploads\/2023\/10\/hydraulic-system-480x270.webp 480w\" sizes=\"(min-width: 0px) and (max-width: 480px) 480px, (min-width: 481px) 800px, 100vw\" \/><\/p>\n<p>Kalibrera hydraulsystemet f\u00f6r att s\u00e4kerst\u00e4lla optimal prestanda fr\u00e5n <strong>utrustning rullpress cementcylinder<\/strong>Justera tryckinst\u00e4llningarna och fl\u00f6deshastigheterna enligt tillverkarens rekommendationer f\u00f6r att uppn\u00e5 \u00f6nskade driftsparametrar.<\/p>\n<h3><strong>Drift och kontroll<\/strong><\/h3>\n<p>Aktivera hydraulsystemet f\u00f6r att starta driften av valspressmaskinen. <strong>utrustning rullpress cementcylinder<\/strong> kommer att samverka med pressrullarna och ut\u00f6va den kraft som kr\u00e4vs f\u00f6r att effektivt mala och krossa r\u00e5material. Anv\u00e4nd kontrollpanelen eller gr\u00e4nssnittet f\u00f6r att \u00f6vervaka och justera cylinderns position, tryck och hastighet, vilket s\u00e4kerst\u00e4ller exakt och effektiv drift.<\/p>\n<h2 id=\"the-pasted-async\"><strong>Hur f\u00f6rb\u00e4ttrar rullpresscementcylindrar effektiviteten i cementproduktion?<\/strong><\/h2>\n<h3 id=\"the-pasted-async\"><strong>F\u00f6rb\u00e4ttrad materialslipning<\/strong><\/h3>\n<p><strong>H\u00f6gtryckstill\u00e4mpning:<\/strong> Cylindrarna applicerar ett betydande tryck p\u00e5 r\u00e5materialen, vilket bidrar till att bryta ner partiklarna mer effektivt \u00e4n konventionella malningsmetoder. Denna process resulterar i en finare produkt som f\u00f6rb\u00e4ttrar kvaliteten p\u00e5 den slutliga cementen.<br \/>\n<strong>F\u00f6rb\u00e4ttrad partikelf\u00f6rdelning:<\/strong> Malningsverkan skapar en mer enhetlig partikelstorleksf\u00f6rdelning, vilket \u00e4r avg\u00f6rande f\u00f6r att uppn\u00e5 konsekventa cementegenskaper.<\/p>\n<h3><strong>Minskad energif\u00f6rbrukning<\/strong><\/h3>\n<p><strong>L\u00e4gre energikostnader:<\/strong> Tack vare sin effektiva malningsf\u00f6rm\u00e5ga f\u00f6rbrukar dessa cylindrar mindre energi, vilket minskar driftskostnaderna. Energibesparingarna kan bli betydande \u00f6ver l\u00e5nga produktionsserier.<br \/>\n<strong>Mindre slitage p\u00e5 utrustning:<\/strong> Effektiv malning minskar belastningen p\u00e5 andra komponenter i produktionslinjen, vilket leder till l\u00e4gre energibehov f\u00f6r den totala driften.<\/p>\n<h3><strong>Kontinuerlig drift<\/strong><\/h3>\n<p><strong>Robust design:<\/strong> Cementcylindrar f\u00f6r rullpressar \u00e4r byggda f\u00f6r att motst\u00e5 tuffa f\u00f6rh\u00e5llanden och kan anv\u00e4ndas kontinuerligt utan frekventa haverier. Denna l\u00e5nga livsl\u00e4ngd \u00e4r avg\u00f6rande f\u00f6r att uppr\u00e4tth\u00e5lla h\u00f6ga produktionshastigheter.<br \/>\n<strong>Minimerad driftstopp:<\/strong> Med mindre frekvent underh\u00e5llsbehov och m\u00f6jligheten att k\u00f6ra kontinuerligt minskas produktionsstoppen avsev\u00e4rt, vilket m\u00f6jligg\u00f6r en mer j\u00e4mn produktion.<\/p>\n<h3><strong>Precisionskontroll<\/strong><\/h3>\n<p><img loading=\"lazy\" decoding=\"async\" class=\"size-full wp-image-8213 aligncenter\" src=\"https:\/\/www.hydraulic-cylinders.net\/wp-content\/uploads\/2023\/10\/Hydraulic-Cylinder-for-Cement-Roller.webp\" alt=\"\" width=\"550\" height=\"550\" srcset=\"https:\/\/www.hydraulic-cylinders.net\/wp-content\/uploads\/2023\/10\/Hydraulic-Cylinder-for-Cement-Roller.webp 550w, https:\/\/www.hydraulic-cylinders.net\/wp-content\/uploads\/2023\/10\/Hydraulic-Cylinder-for-Cement-Roller-480x480.webp 480w\" sizes=\"(min-width: 0px) and (max-width: 480px) 480px, (min-width: 481px) 550px, 100vw\" \/><\/p>\n<p><strong>Skr\u00e4ddarsydd bearbetning:<\/strong> Operat\u00f6rer kan justera parametrar som tryck och fl\u00f6deshastigheter f\u00f6r att passa specifika material och produktionskrav. Denna flexibilitet hj\u00e4lper till att optimera malningsprocessen f\u00f6r olika typer av cement.<br \/>\n<strong>Kvalitetskonsekvens:<\/strong> Noggrann kontroll \u00f6ver malningsprocessen s\u00e4kerst\u00e4ller att cementens kvalitet f\u00f6rblir j\u00e4mn, vilket \u00e4r avg\u00f6rande f\u00f6r att uppfylla branschstandarder och kundernas f\u00f6rv\u00e4ntningar.<\/p>\n<h3><strong>Rymdeffektivitet<\/strong><\/h3>\n<p><strong>Kompakt design:<\/strong> Det mindre fotavtrycket hos rullpresscylindrar j\u00e4mf\u00f6rt med traditionella kvarnar m\u00f6jligg\u00f6r effektivare anv\u00e4ndning av utrymmet i produktionsanl\u00e4ggningen. Detta kan leda till b\u00e4ttre arbetsfl\u00f6de och processintegration.<br \/>\n<strong>Flexibla layouter:<\/strong> Deras design m\u00f6jligg\u00f6r flexibilitet i fabrikslayouter, vilket g\u00f6r det m\u00f6jligt f\u00f6r tillverkare att anpassa sig till f\u00f6r\u00e4ndrade produktionsbehov eller expandera utan betydande strukturella f\u00f6r\u00e4ndringar.<\/p>\n<h3><strong>Milj\u00f6f\u00f6rdelar<\/strong><\/h3>\n<p><strong>L\u00e4gre koldioxidutsl\u00e4pp:<\/strong> Genom att f\u00f6rbruka mindre energi och f\u00f6rb\u00e4ttra effektiviteten i malningsprocessen bidrar cementcylindrar i rullpressar till l\u00e4gre koldioxidutsl\u00e4pp i samband med cementproduktion.<br \/>\n<strong>Resursbesparing:<\/strong> Effektiv bearbetning inneb\u00e4r mindre r\u00e5varuspill, vilket st\u00f6der mer h\u00e5llbara produktionsmetoder.<\/p>\n<h3><strong>Integration med modern teknik<\/strong><\/h3>\n<p><strong>Automatisering och \u00f6vervakning:<\/strong> M\u00e5nga moderna valspressar har avancerade \u00f6vervaknings- och styrsystem som m\u00f6jligg\u00f6r dataanalys och justeringar i realtid. Denna integration f\u00f6rb\u00e4ttrar den operativa effektiviteten och responsen p\u00e5 produktionsbehov.<br \/>\n<strong>Kompatibilitet med andra tekniker:<\/strong> Dessa cylindrar kan enkelt integreras i befintliga produktionslinjer, vilket m\u00f6jligg\u00f6r uppgraderingar utan fullst\u00e4ndiga system\u00f6versyner.<\/p>\n<h2><strong>Fabrikens kapacitet och kapacitet:<\/strong><\/h2>\n<h3><strong>(1) Montering<\/strong><\/h3>\n<p>V\u00e5r anl\u00e4ggning har en f\u00f6rstklassig oberoende forsknings- och utvecklingsplattform f\u00f6r montering av hydraulcylindrar. Vi driver fyra halvautomatiska monteringslinjer f\u00f6r lyftcylindrar och en helautomatisk monteringslinje f\u00f6r tiltcylindrar, med en imponerande \u00e5rlig produktionskapacitet p\u00e5 1 miljon cylindrar.<img loading=\"lazy\" decoding=\"async\" class=\"aligncenter wp-image-626\" src=\"https:\/\/hydraulic-cylinders.net\/wp-content\/uploads\/2023\/08\/hydraulic-cylinder-product-1-300x158.webp\" alt=\"\" width=\"500\" height=\"263\" srcset=\"https:\/\/hydraulic-cylinders.net\/wp-content\/uploads\/2023\/08\/hydraulic-cylinder-product-1-300x158.webp 500w, https:\/\/hydraulic-cylinders.net\/wp-content\/uploads\/2023\/08\/hydraulic-cylinder-product-1-480x252.webp 480w\" sizes=\"(min-width: 0px) and (max-width: 480px) 480px, (min-width: 481px) 500px, 100vw\" \/><\/p>\n<p>I v\u00e5r specialiserade cylinderverkstad anv\u00e4nder vi ett halvautomatiskt reng\u00f6ringssystem f\u00f6r montering, utformat f\u00f6r olika specifikationer och kapabelt att producera 200 000 cylindrar \u00e5rligen. V\u00e5r verkstad \u00e4r utrustad med avancerad CNC-bearbetningsutrustning, ett fleroperationscenter, h\u00f6gprecisionsverktyg f\u00f6r cylinderbearbetning, robotsvetsmaskiner, automatiska reng\u00f6ringssystem och en automatiserad cylindermonteringslinje. Dessutom har vi en helautomatiserad produktionslinje f\u00f6r m\u00e5lning.<\/p>\n<p>Med \u00f6ver 300 delar kritisk utrustning s\u00e4kerst\u00e4ller v\u00e5r optimala resursallokering att vi uppfyller de strikta noggrannhets- och kvalitetsstandarder som v\u00e5ra kunder st\u00e4ller. Detta engagemang f\u00f6r effektivitet och precision positionerar oss som ledande inom hydraulcylinderbranschen.<\/p>\n<p><img loading=\"lazy\" decoding=\"async\" class=\"aligncenter wp-image-627\" src=\"https:\/\/hydraulic-cylinders.net\/wp-content\/uploads\/2023\/08\/hydraulic-cylinder-product-2-300x189.webp\" alt=\"\" width=\"500\" height=\"315\" srcset=\"https:\/\/hydraulic-cylinders.net\/wp-content\/uploads\/2023\/08\/hydraulic-cylinder-product-2-300x189.webp 500w, https:\/\/hydraulic-cylinders.net\/wp-content\/uploads\/2023\/08\/hydraulic-cylinder-product-2-480x302.webp 480w\" sizes=\"(min-width: 0px) and (max-width: 480px) 480px, (min-width: 481px) 500px, 100vw\" \/><\/p>\n<h3><strong>(2) Maskinbearbetning<\/strong><\/h3>\n<p>V\u00e5r bearbetningsverkstad har toppmodern utrustning, inklusive en specialanpassad svarvcentral f\u00f6r lutande r\u00e4ls, en precisionsbearbetningscentral, en h\u00f6ghastighetsh\u00f6nsmaskin och avancerade svetsrobotar. Denna sofistikerade konfiguration g\u00f6r det m\u00f6jligt f\u00f6r oss att effektivt bearbeta cylinderr\u00f6r med en maximal innerdiameter p\u00e5 400 mm och en l\u00e4ngd p\u00e5 upp till 6 meter.<\/p>\n<p><img loading=\"lazy\" decoding=\"async\" class=\"wp-image-628 size-large aligncenter\" src=\"https:\/\/hydraulic-cylinders.net\/wp-content\/uploads\/2023\/08\/hydraulic-cylinder-product-3-1024x391.webp\" alt=\"\" width=\"1024\" height=\"391\" srcset=\"https:\/\/hydraulic-cylinders.net\/wp-content\/uploads\/2023\/08\/hydraulic-cylinder-product-3-980x374.webp 980w, https:\/\/hydraulic-cylinders.net\/wp-content\/uploads\/2023\/08\/hydraulic-cylinder-product-3-480x183.webp 480w\" sizes=\"(min-width: 0px) and (max-width: 480px) 480px, (min-width: 481px) and (max-width: 980px) 980px, (min-width: 981px) 1024px, 100vw\" \/><\/p>\n<p>Med v\u00e5r banbrytande teknik s\u00e4kerst\u00e4ller vi h\u00f6gkvalitativ bearbetning som m\u00f6ter de olika behoven inom tillverkning av hydraulcylindrar.<\/p>\n<h3><strong>(3) Svetsning<\/strong><\/h3>\n<p><img loading=\"lazy\" decoding=\"async\" class=\"wp-image-629 size-large aligncenter\" src=\"https:\/\/hydraulic-cylinders.net\/wp-content\/uploads\/2023\/08\/hydraulic-cylinder-product-4-1024x510.webp\" alt=\"\" width=\"1024\" height=\"510\" srcset=\"https:\/\/hydraulic-cylinders.net\/wp-content\/uploads\/2023\/08\/hydraulic-cylinder-product-4-980x488.webp 980w, https:\/\/hydraulic-cylinders.net\/wp-content\/uploads\/2023\/08\/hydraulic-cylinder-product-4-480x239.webp 480w\" sizes=\"(min-width: 0px) and (max-width: 480px) 480px, (min-width: 481px) and (max-width: 980px) 980px, (min-width: 981px) 1024px, 100vw\" \/><\/p>\n<h3><strong>(4) M\u00e5lning och ytbehandling<\/strong><\/h3>\n<p><img loading=\"lazy\" decoding=\"async\" class=\"wp-image-630 aligncenter\" src=\"https:\/\/hydraulic-cylinders.net\/wp-content\/uploads\/2023\/08\/hydraulic-cylinder-product-5-300x213.webp\" alt=\"\" width=\"500\" height=\"355\" \/><\/p>\n<p>V\u00e5r anl\u00e4ggning har avancerade automatiska vattenbaserade f\u00e4rgbel\u00e4ggningslinjer som \u00e4r speciellt utformade f\u00f6r sm\u00e5 och medelstora cylindrar. Dessa linjer anv\u00e4nder robotteknik f\u00f6r effektiv lastning, lossning och sprutning, vilket uppn\u00e5r en anm\u00e4rkningsv\u00e4rd produktionskapacitet p\u00e5 4 000 enheter per skift.<\/p>\n<p><img loading=\"lazy\" decoding=\"async\" class=\"wp-image-631 aligncenter\" src=\"https:\/\/hydraulic-cylinders.net\/wp-content\/uploads\/2023\/08\/hydraulic-cylinder-product-6-300x225.webp\" alt=\"\" width=\"500\" height=\"375\" srcset=\"https:\/\/hydraulic-cylinders.net\/wp-content\/uploads\/2023\/08\/hydraulic-cylinder-product-6-300x225.webp 500w, https:\/\/hydraulic-cylinders.net\/wp-content\/uploads\/2023\/08\/hydraulic-cylinder-product-6-480x360.webp 480w\" sizes=\"(min-width: 0px) and (max-width: 480px) 480px, (min-width: 481px) 500px, 100vw\" \/><\/p>\n<p>Dessutom driver vi en halvautomatisk f\u00e4rgproduktionslinje f\u00f6r stora cylindrar, driven av en robust sl\u00e4pkedja, med en konstruerad kapacitet p\u00e5 60 l\u00e5dor per skift. Denna kombination av automatisering och effektivitet s\u00e4kerst\u00e4ller h\u00f6gkvalitativa ytbehandlingar f\u00f6r alla v\u00e5ra hydraulcylindrar.<\/p>\n<h3><strong>(5) Testning<\/strong><\/h3>\n<p>Vi har f\u00f6rstklassiga inspektionsanl\u00e4ggningar och testb\u00e4ddar f\u00f6r att s\u00e4kerst\u00e4lla att cylinderns prestanda uppfyller kraven.<\/p>\n<p><img loading=\"lazy\" decoding=\"async\" class=\"wp-image-632 aligncenter\" src=\"https:\/\/hydraulic-cylinders.net\/wp-content\/uploads\/2023\/08\/hydraulic-cylinder-product-8-300x200.webp\" alt=\"\" width=\"389\" height=\"260\" \/><\/p>\n<p>Vi \u00e4r en v\u00e4lrenommerad tillverkare av <a href=\"https:\/\/hzpt.com\/mobile-machinery-hydraulic-cylinder\/\" target=\"_blank\" rel=\"noopener\">Hydrauliska cylindrar<\/a>, erk\u00e4nt som en av de b\u00e4sta i branschen. V\u00e5rt omfattande produktsortiment omfattar ett brett utbud av hydraulcylindrar skr\u00e4ddarsydda f\u00f6r att m\u00f6ta olika till\u00e4mpningar. F\u00f6rutom hydraulcylindrar erbjuder vi \u00e4ven h\u00f6gkvalitativa jordbruksv\u00e4xell\u00e5dor, vilket s\u00e4kerst\u00e4ller att v\u00e5ra kunder har tillg\u00e5ng till helt\u00e4ckande l\u00f6sningar f\u00f6r sina maskinbehov.<\/p>\n<p>Med ett engagemang f\u00f6r excellens har vi framg\u00e5ngsrikt exporterat v\u00e5ra produkter till kunder \u00f6ver hela v\u00e4rlden och skapat ett starkt rykte f\u00f6r \u00f6verl\u00e4gsen produktkvalitet och exceptionell eftermarknadsservice. V\u00e5rt engagemang f\u00f6r kundn\u00f6jdhet har positionerat oss som en p\u00e5litlig partner p\u00e5 b\u00e5de inhemska och internationella marknader.<\/p>\n<h2><strong>Varf\u00f6r v\u00e4lja oss?<\/strong><\/h2>\n<p><img loading=\"lazy\" decoding=\"async\" class=\"size-full wp-image-7201 aligncenter\" src=\"https:\/\/www.hydraulic-cylinders.net\/wp-content\/uploads\/2024\/09\/mining-dump-steering-cylinder-hydraulics-on-trucks-8.webp\" alt=\"\" width=\"1110\" height=\"735\" srcset=\"https:\/\/www.hydraulic-cylinders.net\/wp-content\/uploads\/2024\/09\/mining-dump-steering-cylinder-hydraulics-on-trucks-8.webp 1110w, https:\/\/www.hydraulic-cylinders.net\/wp-content\/uploads\/2024\/09\/mining-dump-steering-cylinder-hydraulics-on-trucks-8-980x649.webp 980w, https:\/\/www.hydraulic-cylinders.net\/wp-content\/uploads\/2024\/09\/mining-dump-steering-cylinder-hydraulics-on-trucks-8-480x318.webp 480w\" sizes=\"(min-width: 0px) and (max-width: 480px) 480px, (min-width: 481px) and (max-width: 980px) 980px, (min-width: 981px) 1110px, 100vw\" \/><\/p>\n<p><strong>Professionell expertis:<\/strong> V\u00e5rt team best\u00e5r av branschfolk med omfattande kunskap och erfarenhet av hydrauliska system, vilket s\u00e4kerst\u00e4ller att vi levererar produkter och tj\u00e4nster av h\u00f6gsta kvalitet.<\/p>\n<p><strong>Internationella certifieringar:<\/strong> Vi f\u00f6ljer strikta kvalitetsstandarder och innehar olika internationella certifieringar, vilket visar v\u00e5rt engagemang f\u00f6r att leverera p\u00e5litliga och s\u00e4kra hydrauliska l\u00f6sningar.<\/p>\n<p><strong>Anpassade l\u00f6sningar:<\/strong> Vi f\u00f6rst\u00e5r att varje kunds behov \u00e4r unika. D\u00e4rf\u00f6r erbjuder vi kundanpassade hydraulcylindrar och v\u00e4xell\u00e5dor skr\u00e4ddarsydda f\u00f6r att m\u00f6ta specifika krav.<\/p>\n<p><strong>Avancerad produktionsutrustning:<\/strong> V\u00e5ra toppmoderna tillverkningsanl\u00e4ggningar anv\u00e4nder den senaste tekniken och utrustningen, vilket g\u00f6r att vi kan producera h\u00f6gkvalitativa produkter effektivt.<\/p>\n<p><strong>Omfattande eftermarknadssupport:<\/strong> V\u00e5rt engagemang f\u00f6r v\u00e5ra kunder str\u00e4cker sig bortom f\u00f6rs\u00e4ljningen. Vi erbjuder kontinuerlig support och underh\u00e5llstj\u00e4nster f\u00f6r att s\u00e4kerst\u00e4lla optimal prestanda f\u00f6r v\u00e5ra produkter.<\/p>\n<p>Vi inbjuder kunder fr\u00e5n hela v\u00e4rlden att kontakta oss f\u00f6r aff\u00e4rsf\u00f6rhandlingar, informationsutbyte och samarbeten. Tillsammans kan vi uppn\u00e5 st\u00f6rre framg\u00e5ng inom hydraulikindustrin!<\/p>","protected":false},"excerpt":{"rendered":"<p>Equipment Roller Press Cement Cylinder The equipment roller press cement cylinder is a vital component in cement production, specifically designed to boost efficiency and productivity in manufacturing plants. Its exceptional characteristics and robust construction make it indispensable for effectively operating roller press machines. With its high-pressure resistance, precision manufacturing, and advanced sealing technology, the equipment [&hellip;]<\/p>","protected":false},"featured_media":1727,"comment_status":"open","ping_status":"closed","template":"","meta":{"_et_pb_use_builder":"","_et_pb_old_content":"","_et_gb_content_width":""},"product_brand":[],"product_cat":[1520,1549],"product_tag":[1380],"class_list":{"0":"post-1724","1":"product","2":"type-product","3":"status-publish","4":"has-post-thumbnail","6":"product_cat-concrete-equipment-hydraulic-cylinders","7":"product_cat-single-acting-hydraulic-cylinder","8":"product_tag-hydraulic-cylinder","10":"first","11":"instock","12":"shipping-taxable","13":"product-type-simple"},"amp_enabled":true,"_links":{"self":[{"href":"https:\/\/www.hydraulic-cylinders.net\/sv\/wp-json\/wp\/v2\/product\/1724","targetHints":{"allow":["GET"]}}],"collection":[{"href":"https:\/\/www.hydraulic-cylinders.net\/sv\/wp-json\/wp\/v2\/product"}],"about":[{"href":"https:\/\/www.hydraulic-cylinders.net\/sv\/wp-json\/wp\/v2\/types\/product"}],"replies":[{"embeddable":true,"href":"https:\/\/www.hydraulic-cylinders.net\/sv\/wp-json\/wp\/v2\/comments?post=1724"}],"wp:featuredmedia":[{"embeddable":true,"href":"https:\/\/www.hydraulic-cylinders.net\/sv\/wp-json\/wp\/v2\/media\/1727"}],"wp:attachment":[{"href":"https:\/\/www.hydraulic-cylinders.net\/sv\/wp-json\/wp\/v2\/media?parent=1724"}],"wp:term":[{"taxonomy":"product_brand","embeddable":true,"href":"https:\/\/www.hydraulic-cylinders.net\/sv\/wp-json\/wp\/v2\/product_brand?post=1724"},{"taxonomy":"product_cat","embeddable":true,"href":"https:\/\/www.hydraulic-cylinders.net\/sv\/wp-json\/wp\/v2\/product_cat?post=1724"},{"taxonomy":"product_tag","embeddable":true,"href":"https:\/\/www.hydraulic-cylinders.net\/sv\/wp-json\/wp\/v2\/product_tag?post=1724"}],"curies":[{"name":"wp","href":"https:\/\/api.w.org\/{rel}","templated":true}]}}