{"id":1731,"date":"2023-10-12T03:54:29","date_gmt":"2023-10-12T03:54:29","guid":{"rendered":"https:\/\/hydraulic-cylinders.net\/?post_type=product&#038;p=1731"},"modified":"2025-04-11T03:44:54","modified_gmt":"2025-04-11T03:44:54","slug":"cement-equipment-roll-over-cylinder","status":"publish","type":"product","link":"https:\/\/www.hydraulic-cylinders.net\/sv\/produkt\/cement-equipment-roll-over-cylinder\/","title":{"rendered":"Cementutrustningsrullcylinder"},"content":{"rendered":"<h1 style=\"text-align: center;\"><strong>Cementutrustningsrullcylinder<\/strong><\/h1>\n<p><img loading=\"lazy\" decoding=\"async\" class=\"aligncenter wp-image-1732\" src=\"https:\/\/hydraulic-cylinders.net\/wp-content\/uploads\/2023\/10\/roll-over-cylinder-1-300x300.webp\" alt=\"\" width=\"400\" height=\"400\" \/><\/p>\n<p>Cementutrustningens rullcylinder \u00e4r en viktig komponent i cementfabriker och \u00e4r utformad f\u00f6r att f\u00f6rb\u00e4ttra s\u00e4kerhet och effektivitet vid olika materialhanteringsoperationer. Denna specialiserade cylinder spelar en avg\u00f6rande roll i utrustning som cementblandare och betongbilar, vilket m\u00f6jligg\u00f6r kontrollerad tippning och rotation av trumman.<\/p>\n<p>Cementutrustningens rullcylinder \u00e4r avg\u00f6rande i cementfabriker och f\u00f6rb\u00e4ttrar s\u00e4kerhet och effektivitet vid materialhantering. Med sin robusta konstruktion, exakta kontroll, s\u00e4kerhetsfunktioner och kompakta design m\u00f6jligg\u00f6r denna cylinder kontrollerad tippning och rotation av cementblandare eller betongbilar. Genom att f\u00f6lja de rekommenderade anv\u00e4ndningsmetoderna och underh\u00e5llspraxisen kan du maximera prestandan och livsl\u00e4ngden hos cementutrustningens rullcylinder, vilket i slut\u00e4ndan f\u00f6rb\u00e4ttrar din cementtillverknings s\u00e4kerhet, produktivitet och l\u00f6nsamhet.<\/p>\n<p>Viktiga egenskaper f\u00f6r cementutrustnings rullcylinder:<\/p>\n<ol>\n<li>Robust konstruktion:<\/li>\n<\/ol>\n<ul>\n<li>Cementutrustningens rullcylinder \u00e4r byggd med h\u00f6gkvalitativa material f\u00f6r h\u00e5llbarhet och tillf\u00f6rlitlighet i kr\u00e4vande cementfabriksmilj\u00f6er.<\/li>\n<li>Den t\u00e5l tunga belastningar och p\u00e5frestningarna fr\u00e5n frekvent tippning och rotation utan att kompromissa med prestandan.<\/li>\n<\/ul>\n<ol start=\"2\">\n<li>Exakt kontroll:<\/li>\n<\/ol>\n<ul>\n<li>Denna cylinder \u00e4r konstruerad f\u00f6r att ge exakt kontroll \u00f6ver tippning och rotation av cementblandare eller betongbilar.<\/li>\n<li>Det g\u00f6r det m\u00f6jligt f\u00f6r operat\u00f6rer att bibeh\u00e5lla stabilitet och noggrannhet under materialutmatning, vilket bidrar till effektiv drift.<\/li>\n<\/ul>\n<ol start=\"3\">\n<li>S\u00e4kerhetsfunktioner:<\/li>\n<\/ol>\n<ul>\n<li>Cementutrustningens rullcylinder har s\u00e4kerhetsfunktioner som integrerade l\u00e5smekanismer eller s\u00e4kerhetsventiler f\u00f6r att f\u00f6rhindra oavsiktlig tippning eller rotation.<\/li>\n<li>Dessa funktioner ger ett extra skyddslager f\u00f6r operat\u00f6rer, utrustning och omgivande personal.<\/li>\n<\/ul>\n<ol start=\"4\">\n<li>Kompakt design:<\/li>\n<\/ol>\n<ul>\n<li>Cylinderns kompakta design s\u00e4kerst\u00e4ller s\u00f6ml\u00f6s integration i befintlig cementutrustning, vilket minimerar behovet av ytterligare modifieringar.<\/li>\n<li>Det optimerar utrymmesutnyttjandet och m\u00f6jligg\u00f6r effektiv drift i tr\u00e5nga utrymmen.<\/li>\n<\/ul>\n<h2><strong>Parameter f\u00f6r cementutrustningsrullcylinder:<\/strong><\/h2>\n<table border=\"1\" cellspacing=\"0\" cellpadding=\"0\">\n<tbody>\n<tr>\n<td>Produktnamn<\/td>\n<td>Cementutrustningsrullcylinder<\/td>\n<\/tr>\n<tr>\n<td>Drag:<\/td>\n<td>Lyftning och fall av drivrulle<\/td>\n<\/tr>\n<tr>\n<td>Borrdiameter:<\/td>\n<td>180 mm\uff5e320 mm<\/td>\n<\/tr>\n<tr>\n<td>St\u00e5ngdiameter:<\/td>\n<td>110 mm\uff5e170 mm<br \/>\nSlagl\u00e4ngd: \u22646000 mm<\/td>\n<\/tr>\n<tr>\n<td>Tryckkraft:<\/td>\n<td>Max 1688 kN<br \/>\n(Cylinderdiameter 320 mm\/tryck 21 MPa)<\/td>\n<\/tr>\n<tr>\n<td>Anv\u00e4ndningsomr\u00e5den f\u00f6r cementutrustningsrullcylinder:<\/td>\n<td>Cementutrustning<\/td>\n<\/tr>\n<\/tbody>\n<\/table>\n<div><\/div>\n<div>\n<div class=\"txtboxL\">\n<div class=\"txtboxL\">Drag:<\/div>\n<div class=\"txtboxR\">Lyftning och fall av drivrulle<\/div>\n<div class=\"txtboxL\">Specifikation:<\/div>\n<div class=\"txtboxR\">Borrdiameter: 180 mm ~ 320 mm<br \/>\nSt\u00e5ngdiameter: 110 mm ~ 170 mm<br \/>\nSlagl\u00e4ngd: \u22646000 mm<\/div>\n<div class=\"txtboxL\">Tryckkraft:<\/div>\n<div class=\"txtboxR\">Max 1688 kN<br \/>\n(Cylinderdiameter 320 mm\/tryck 21 MPa)<\/div>\n<\/div>\n<\/div>\n<h2><strong>Cementutrustning <\/strong><strong>Cylinderfabrik:<\/strong><\/h2>\n<p><img loading=\"lazy\" decoding=\"async\" class=\"alignnone wp-image-1734 size-full\" src=\"https:\/\/hydraulic-cylinders.net\/wp-content\/uploads\/2023\/10\/cement-equipment-cylinder-1.webp\" alt=\"\" width=\"1418\" height=\"946\" srcset=\"https:\/\/hydraulic-cylinders.net\/wp-content\/uploads\/2023\/10\/cement-equipment-cylinder-1.webp 1418w, https:\/\/hydraulic-cylinders.net\/wp-content\/uploads\/2023\/10\/cement-equipment-cylinder-1-1280x854.webp 1280w, https:\/\/hydraulic-cylinders.net\/wp-content\/uploads\/2023\/10\/cement-equipment-cylinder-1-980x654.webp 980w, https:\/\/hydraulic-cylinders.net\/wp-content\/uploads\/2023\/10\/cement-equipment-cylinder-1-480x320.webp 480w\" sizes=\"(min-width: 0px) and (max-width: 480px) 480px, (min-width: 481px) and (max-width: 980px) 980px, (min-width: 981px) and (max-width: 1280px) 1280px, (min-width: 1281px) 1418px, 100vw\" \/><\/p>\n<h2><strong>Anv\u00e4ndningsmetod f\u00f6r cementutrustningsrullcylinder<\/strong><strong>:<\/strong><\/h2>\n<ol>\n<li><strong>Installation:<\/strong><\/li>\n<\/ol>\n<ul>\n<li>F\u00f6lj tillverkarens riktlinjer f\u00f6r att s\u00e4kert montera cementutrustningens rullcylinder p\u00e5 cementblandaren eller betongbilen.<\/li>\n<li>S\u00e4kerst\u00e4ll korrekt uppriktning och fasts\u00e4ttning f\u00f6r s\u00e4ker och tillf\u00f6rlitlig drift.<\/li>\n<\/ul>\n<ol start=\"2\">\n<li><strong>Hydraulisk anslutning:<\/strong><\/li>\n<\/ol>\n<ul>\n<li>Anslut cylindern till utrustningens hydraulsystem med hj\u00e4lp av l\u00e4mpliga kopplingar och slangar.<\/li>\n<li>Kontrollera att alla hydrauliska anslutningar \u00e4r s\u00e4kra och fria fr\u00e5n l\u00e4ckor.<\/li>\n<\/ul>\n<ol start=\"3\">\n<li><strong>Drift och kontroll:<\/strong><\/li>\n<\/ol>\n<ul>\n<li>Aktivera hydraulsystemet f\u00f6r att aktivera cementutrustningens v\u00e4ltcylinder.<\/li>\n<li>Anv\u00e4nd kontrollpanelen eller gr\u00e4nssnittet f\u00f6r att man\u00f6vrera cylindern och kontrollera trummans tippning och rotation.<\/li>\n<li>F\u00f6lj tillverkarens instruktioner och rekommenderade metoder f\u00f6r s\u00e4ker och effektiv drift.<\/li>\n<\/ul>\n<h2><strong>Hur tar man bort den hydrauliska kopplingsledningen fr\u00e5n huvudcylindern?<\/strong><\/h2>\n<p>Att ta bort den hydrauliska kopplingsledningen fr\u00e5n huvudcylindern kr\u00e4ver noggrant utf\u00f6rande f\u00f6r att undvika att skada komponenterna eller orsaka l\u00e4ckage. H\u00e4r \u00e4r en steg-f\u00f6r-steg-guide f\u00f6r hur man tar bort en hydraulisk kopplingsledning fr\u00e5n huvudcylindern:<\/p>\n<ol>\n<li><strong>Samla de n\u00f6dv\u00e4ndiga verktygen:<\/strong>\n<ul>\n<li>Skyddshandskar och skyddsglas\u00f6gon<\/li>\n<li>Skiftnycklar eller linjeskiftnycklar (l\u00e4mplig storlek f\u00f6r kopplingarna)<\/li>\n<li>F\u00e5nga upp en kastrull eller beh\u00e5llare f\u00f6r att samla upp spilld v\u00e4tska<\/li>\n<li>Rena trasor eller handdukar<\/li>\n<\/ul>\n<\/li>\n<li><strong>S\u00e4kerst\u00e4ll s\u00e4kerhets\u00e5tg\u00e4rder:<\/strong>\n<ul>\n<li>Ta p\u00e5 dig skyddshandskar och skyddsglas\u00f6gon f\u00f6r att skydda dig mot eventuella faror.<\/li>\n<li>Se till att motorn \u00e4r avst\u00e4ngd och att fordonet \u00e4r i park- eller neutrall\u00e4ge med parkeringsbromsen \u00e5tdragen.<\/li>\n<\/ul>\n<\/li>\n<li><strong>Lokalisera huvudcylindern:<\/strong>\n<ul>\n<li>Huvudcylindern f\u00f6r den hydrauliska kopplingen \u00e4r vanligtvis placerad n\u00e4ra brandv\u00e4ggen p\u00e5 f\u00f6rarsidan av motorrummet.<\/li>\n<li>Identifiera kopplingsledningen som \u00e4r ansluten till huvudcylindern. Den har kopplingar i b\u00e5da \u00e4ndar.<\/li>\n<\/ul>\n<\/li>\n<li><strong>F\u00f6rbered dig f\u00f6r v\u00e4tskel\u00e4ckage:<\/strong>\n<ul>\n<li>Placera en uppsamlingsk\u00e4rl eller beh\u00e5llare under huvudcylindern och kopplingsledningen f\u00f6r att samla upp eventuell v\u00e4tska som kan l\u00e4cka under demonteringsprocessen.<\/li>\n<li>Ha rena trasor eller handdukar i n\u00e4rheten f\u00f6r att torka upp eventuella spill.<\/li>\n<\/ul>\n<\/li>\n<li><strong>Lossa kopplingarna:<\/strong>\n<ul>\n<li>Anv\u00e4nd l\u00e4mplig skiftnyckel eller ledningsnyckel f\u00f6r att lossa kopplingarna i b\u00e5da \u00e4ndar av kopplingsledningen.<\/li>\n<li>Vrid nyckeln moturs f\u00f6r att lossa, men var f\u00f6rsiktig s\u00e5 att du inte \u00f6verdrar eller tvingar \u00e5t kopplingarna, eftersom de kan vara \u00f6mt\u00e5liga.<\/li>\n<\/ul>\n<\/li>\n<li><strong>Ta bort raden:<\/strong>\n<ul>\n<li>N\u00e4r kopplingarna har lossats, skruva f\u00f6rsiktigt loss dem f\u00f6r hand tills de lossnar helt fr\u00e5n huvudcylindern.<\/li>\n<li>Var beredd p\u00e5 att lite kvarvarande v\u00e4tska kan droppa fr\u00e5n ledningen och kopplingarna n\u00e4r de tas bort.<\/li>\n<\/ul>\n<\/li>\n<li><strong>Kontrollera ledningen och kopplingarna:<\/strong>\n<ul>\n<li>Unders\u00f6k kopplingsledningen och kopplingarna f\u00f6r tecken p\u00e5 skador, slitage eller l\u00e4ckage.<\/li>\n<li>Om n\u00e5gra problem uppt\u00e4cks rekommenderas att byta ut ledningen eller kopplingarna innan ominstallation.<\/li>\n<\/ul>\n<\/li>\n<li><strong>T\u00e4ta huvudcylindern:<\/strong>\n<ul>\n<li>F\u00f6r att f\u00f6rhindra att luft eller skr\u00e4p kommer in i huvudcylindern, t\u00e4ck den \u00f6ppna porten med en ren trasa eller ett lock.<\/li>\n<\/ul>\n<\/li>\n<li><strong>Kassera v\u00e4tskan p\u00e5 r\u00e4tt s\u00e4tt:<\/strong>\n<ul>\n<li>Kassera den uppsamlade v\u00e4tskan enligt lokala f\u00f6reskrifter eller l\u00e4mna den till en l\u00e4mplig \u00e5tervinningscentral.<\/li>\n<\/ul>\n<\/li>\n<\/ol>\n<h2><strong>Fabrikens kapacitet och kapacitet:<\/strong><\/h2>\n<h3>(1) Montering<\/h3>\n<p>Vi har en f\u00f6rstklassig oberoende forsknings- och utvecklingsplattform. Verkstaden f\u00f6r tillverkning av hydraulcylindrar har fyra halvautomatiska monteringslinjer f\u00f6r lyftcylindrar och en automatisk monteringslinje f\u00f6r tiltcylindrar, med en planerad \u00e5rlig produktionskapacitet p\u00e5 1 miljon enheter. Specialcylinderverkstaden \u00e4r utrustad med olika specifikationer f\u00f6r ett halvautomatiskt reng\u00f6ringsmonteringssystem med en planerad \u00e5rlig produktionskapacitet p\u00e5 200 000 och utrustad med k\u00e4nd CNC-bearbetningsutrustning, ett fleroperationscenter, en specialutrustning f\u00f6r h\u00f6gprecisionscylindrar, en robotsvetsmaskin, en automatisk reng\u00f6ringsmaskin, en automatisk cylindermonteringsmaskin och en automatisk produktionslinje f\u00f6r m\u00e5lning. Befintlig kritisk utrustning p\u00e5 mer \u00e4n 300 set (set). Optimal allokering och effektiv anv\u00e4ndning av utrustningsresurser s\u00e4kerst\u00e4ller produkternas noggrannhetskrav och uppfyller produkternas h\u00f6ga kvalitetsbehov.<\/p>\n<p><img loading=\"lazy\" decoding=\"async\" class=\"alignnone wp-image-626\" src=\"https:\/\/hydraulic-cylinders.net\/wp-content\/uploads\/2023\/08\/hydraulic-cylinder-product-1-300x158.webp\" alt=\"\" width=\"495\" height=\"260\" srcset=\"https:\/\/hydraulic-cylinders.net\/wp-content\/uploads\/2023\/08\/hydraulic-cylinder-product-1-300x158.webp 495w, https:\/\/hydraulic-cylinders.net\/wp-content\/uploads\/2023\/08\/hydraulic-cylinder-product-1-480x252.webp 480w\" sizes=\"(min-width: 0px) and (max-width: 480px) 480px, (min-width: 481px) 495px, 100vw\" \/> <img loading=\"lazy\" decoding=\"async\" class=\"alignnone wp-image-627\" src=\"https:\/\/hydraulic-cylinders.net\/wp-content\/uploads\/2023\/08\/hydraulic-cylinder-product-2-300x189.webp\" alt=\"\" width=\"413\" height=\"260\" \/><\/p>\n<h3>(2) Maskinbearbetning<\/h3>\n<p>Bearbetningsverkstaden \u00e4r utrustad med en specialanpassad svarvcentral f\u00f6r lutande r\u00e4ls, bearbetningscenter, h\u00f6ghastighetsh\u00f6nsmaskin, svetsrobot och annan relaterad utrustning, som kan hantera bearbetning av cylinderr\u00f6r med en maximal innerdiameter p\u00e5 400 mm och en maximal l\u00e4ngd p\u00e5 6 meter.<\/p>\n<p><img loading=\"lazy\" decoding=\"async\" class=\"alignnone wp-image-628 size-large\" src=\"https:\/\/hydraulic-cylinders.net\/wp-content\/uploads\/2023\/08\/hydraulic-cylinder-product-3-1024x391.webp\" alt=\"\" width=\"1024\" height=\"391\" srcset=\"https:\/\/hydraulic-cylinders.net\/wp-content\/uploads\/2023\/08\/hydraulic-cylinder-product-3-980x374.webp 980w, https:\/\/hydraulic-cylinders.net\/wp-content\/uploads\/2023\/08\/hydraulic-cylinder-product-3-480x183.webp 480w\" sizes=\"(min-width: 0px) and (max-width: 480px) 480px, (min-width: 481px) and (max-width: 980px) 980px, (min-width: 981px) 1024px, 100vw\" \/><\/p>\n<h3>(3) Svetsning<\/h3>\n<p><img loading=\"lazy\" decoding=\"async\" class=\"alignnone wp-image-629 size-large\" src=\"https:\/\/hydraulic-cylinders.net\/wp-content\/uploads\/2023\/08\/hydraulic-cylinder-product-4-1024x510.webp\" alt=\"\" width=\"1024\" height=\"510\" srcset=\"https:\/\/hydraulic-cylinders.net\/wp-content\/uploads\/2023\/08\/hydraulic-cylinder-product-4-980x488.webp 980w, https:\/\/hydraulic-cylinders.net\/wp-content\/uploads\/2023\/08\/hydraulic-cylinder-product-4-480x239.webp 480w\" sizes=\"(min-width: 0px) and (max-width: 480px) 480px, (min-width: 481px) and (max-width: 980px) 980px, (min-width: 981px) 1024px, 100vw\" \/><\/p>\n<h3>(4) M\u00e5lning och ytbehandling<\/h3>\n<p>Med sm\u00e5 och medelstora cylindriska automatiska vattenbaserade f\u00e4rgbel\u00e4ggningslinjer, f\u00f6r att uppn\u00e5 automatisk robotlastning och lossning samt automatisk sprutning, \u00e4r den designade kapaciteten 4000 stycken per skift;<br \/>\nVi har \u00e4ven en halvautomatisk f\u00e4rgproduktionslinje f\u00f6r stora cylindrar som drivs av en sl\u00e4pkedja, med en designkapacitet p\u00e5 60 l\u00e5dor per skift.<\/p>\n<p><img loading=\"lazy\" decoding=\"async\" class=\"alignnone wp-image-630\" src=\"https:\/\/hydraulic-cylinders.net\/wp-content\/uploads\/2023\/08\/hydraulic-cylinder-product-5-300x213.webp\" alt=\"\" width=\"366\" height=\"260\" \/> <img loading=\"lazy\" decoding=\"async\" class=\"alignnone wp-image-631\" src=\"https:\/\/hydraulic-cylinders.net\/wp-content\/uploads\/2023\/08\/hydraulic-cylinder-product-6-300x225.webp\" alt=\"\" width=\"347\" height=\"260\" \/><\/p>\n<h3>(5) Testning<\/h3>\n<p>Vi har f\u00f6rstklassiga inspektionsanl\u00e4ggningar och testb\u00e4ddar f\u00f6r att s\u00e4kerst\u00e4lla att cylinderns prestanda uppfyller kraven.<\/p>\n<p><img loading=\"lazy\" decoding=\"async\" class=\"alignnone wp-image-632\" src=\"https:\/\/hydraulic-cylinders.net\/wp-content\/uploads\/2023\/08\/hydraulic-cylinder-product-8-300x200.webp\" alt=\"\" width=\"389\" height=\"260\" \/><\/p>\n<p>&nbsp;<\/p>\n<p>&nbsp;<\/p>\n<p>Vi \u00e4r en av de b\u00e4sta tillverkarna av hydraulcylindrar. Vi kan erbjuda ett helt\u00e4ckande utbud av hydraulcylindrar. Vi tillhandah\u00e5ller \u00e4ven motsvarande <a href=\"https:\/\/hzpt.com\/agricultural-pto-gearbox\/\" target=\"_blank\" rel=\"noopener\">jordbruksv\u00e4xell\u00e5dor<\/a>Vi har exporterat v\u00e5ra produkter till kunder \u00f6ver hela v\u00e4rlden och f\u00e5tt ett gott rykte tack vare v\u00e5r \u00f6verl\u00e4gsna produktkvalitet och kundservice. Vi v\u00e4lkomnar kunder b\u00e5de hemma och utomlands att kontakta oss f\u00f6r att f\u00f6rhandla aff\u00e4rer, utbyta information och <a href=\"https:\/\/www.hydraulic-cylinders.net\/sv\/contact-us\/\">samarbeta med oss<\/a>!<\/p>","protected":false},"excerpt":{"rendered":"<p>Cement Equipment Roll Over Cylinder The cement equipment roll over cylinder is an essential component in cement plants, designed to enhance safety and efficiency during various material handling operations. This specialized cylinder plays a critical role in equipment such as cement mixers and concrete trucks, allowing for controlled tipping and rotation of the drum. The [&hellip;]<\/p>","protected":false},"featured_media":1733,"comment_status":"open","ping_status":"closed","template":"","meta":{"_et_pb_use_builder":"","_et_pb_old_content":"","_et_gb_content_width":""},"product_brand":[],"product_cat":[1520,1550],"product_tag":[1380],"class_list":{"0":"post-1731","1":"product","2":"type-product","3":"status-publish","4":"has-post-thumbnail","6":"product_cat-concrete-equipment-hydraulic-cylinders","7":"product_cat-double-acting-hydraulic-cylinder","8":"product_tag-hydraulic-cylinder","10":"first","11":"instock","12":"shipping-taxable","13":"product-type-simple"},"amp_enabled":true,"_links":{"self":[{"href":"https:\/\/www.hydraulic-cylinders.net\/sv\/wp-json\/wp\/v2\/product\/1731","targetHints":{"allow":["GET"]}}],"collection":[{"href":"https:\/\/www.hydraulic-cylinders.net\/sv\/wp-json\/wp\/v2\/product"}],"about":[{"href":"https:\/\/www.hydraulic-cylinders.net\/sv\/wp-json\/wp\/v2\/types\/product"}],"replies":[{"embeddable":true,"href":"https:\/\/www.hydraulic-cylinders.net\/sv\/wp-json\/wp\/v2\/comments?post=1731"}],"wp:featuredmedia":[{"embeddable":true,"href":"https:\/\/www.hydraulic-cylinders.net\/sv\/wp-json\/wp\/v2\/media\/1733"}],"wp:attachment":[{"href":"https:\/\/www.hydraulic-cylinders.net\/sv\/wp-json\/wp\/v2\/media?parent=1731"}],"wp:term":[{"taxonomy":"product_brand","embeddable":true,"href":"https:\/\/www.hydraulic-cylinders.net\/sv\/wp-json\/wp\/v2\/product_brand?post=1731"},{"taxonomy":"product_cat","embeddable":true,"href":"https:\/\/www.hydraulic-cylinders.net\/sv\/wp-json\/wp\/v2\/product_cat?post=1731"},{"taxonomy":"product_tag","embeddable":true,"href":"https:\/\/www.hydraulic-cylinders.net\/sv\/wp-json\/wp\/v2\/product_tag?post=1731"}],"curies":[{"name":"wp","href":"https:\/\/api.w.org\/{rel}","templated":true}]}}