{"id":17320,"date":"2025-03-06T08:23:45","date_gmt":"2025-03-06T08:23:45","guid":{"rendered":"https:\/\/www.hydraulic-cylinders.net\/?post_type=product&#038;p=17320"},"modified":"2025-04-11T05:27:14","modified_gmt":"2025-04-11T05:27:14","slug":"zg-series-hydraulic-cylinders-for-harvesting-machinery","status":"publish","type":"product","link":"https:\/\/www.hydraulic-cylinders.net\/sv\/produkt\/zg-series-hydraulic-cylinders-for-harvesting-machinery\/","title":{"rendered":"ZG-seriens hydraulcylindrar f\u00f6r sk\u00f6rdemaskiner"},"content":{"rendered":"<h1 style=\"text-align: center;\"><strong>ZG-seriens hydraulcylindrar f\u00f6r sk\u00f6rdemaskiner\u00a0<img loading=\"lazy\" decoding=\"async\" class=\"alignnone wp-image-17302\" src=\"https:\/\/www.hydraulic-cylinders.net\/wp-content\/uploads\/2025\/03\/Zg-And-Hsg-Series-Hydraulic-Cylinders-For-Harvesting-Machinery-2.webp\" alt=\"\" width=\"500\" height=\"500\" \/><br \/>\n<\/strong><\/h1>\n<p>ZG-seriens hydraulcylindrar \u00e4r specifikt utformade f\u00f6r att f\u00f6rb\u00e4ttra effektiviteten och prestandan hos sk\u00f6rdemaskiner. Dessa cylindrar spelar en viktig roll i olika jordbrukstill\u00e4mpningar och m\u00f6jligg\u00f6r exakt styrning och kraftfull drift som \u00e4r avg\u00f6rande f\u00f6r modernt jordbruk. Med fokus p\u00e5 tillf\u00f6rlitlighet och h\u00e5llbarhet m\u00f6ter ZG-serien jordbrukssektorns kr\u00e4vande behov och s\u00e4kerst\u00e4ller att sk\u00f6rdemaskinerna arbetar smidigt och effektivt.<\/p>\n<p>ZG-seriens hydraulcylindrar f\u00f6r sk\u00f6rdemaskiner erbjuder en p\u00e5litlig och effektiv l\u00f6sning f\u00f6r moderna jordbruksbehov. Med sin h\u00f6ga lastkapacitet, robusta konstruktion och avancerade t\u00e4tningsteknik f\u00f6rb\u00e4ttrar dessa cylindrar sk\u00f6rdeutrustningens prestanda. Genom att f\u00f6lja rekommenderade anv\u00e4ndnings- och underh\u00e5llspraxis kan f\u00f6rare s\u00e4kerst\u00e4lla att deras maskiner fungerar optimalt, vilket bidrar till framg\u00e5ngsrika sk\u00f6rdar och f\u00f6rb\u00e4ttrad produktivitet p\u00e5 f\u00e4ltet. Att investera i ZG-seriens hydraulcylindrar inneb\u00e4r att v\u00e4lja h\u00e5llbarhet, effektivitet och precision f\u00f6r din jordbruksverksamhet.<\/p>\n<h2><strong>ZG-seriens hydraulcylindrar f\u00f6r sk\u00f6rdemaskiner Parametrar:<\/strong><\/h2>\n<h1 style=\"text-align: center;\"><strong><img loading=\"lazy\" decoding=\"async\" class=\"alignnone size-full wp-image-17300\" src=\"https:\/\/www.hydraulic-cylinders.net\/wp-content\/uploads\/2025\/03\/Zg-And-Hsg-Series-Hydraulic-Cylinders-For-Harvesting-Machinery-parameter.webp\" alt=\"\" width=\"2265\" height=\"607\" srcset=\"https:\/\/www.hydraulic-cylinders.net\/wp-content\/uploads\/2025\/03\/Zg-And-Hsg-Series-Hydraulic-Cylinders-For-Harvesting-Machinery-parameter.webp 2265w, https:\/\/www.hydraulic-cylinders.net\/wp-content\/uploads\/2025\/03\/Zg-And-Hsg-Series-Hydraulic-Cylinders-For-Harvesting-Machinery-parameter-1280x343.webp 1280w, https:\/\/www.hydraulic-cylinders.net\/wp-content\/uploads\/2025\/03\/Zg-And-Hsg-Series-Hydraulic-Cylinders-For-Harvesting-Machinery-parameter-980x263.webp 980w, https:\/\/www.hydraulic-cylinders.net\/wp-content\/uploads\/2025\/03\/Zg-And-Hsg-Series-Hydraulic-Cylinders-For-Harvesting-Machinery-parameter-480x129.webp 480w\" sizes=\"(min-width: 0px) and (max-width: 480px) 480px, (min-width: 481px) and (max-width: 980px) 980px, (min-width: 981px) and (max-width: 1280px) 1280px, (min-width: 1281px) 2265px, 100vw\" \/><\/strong><\/h1>\n<h2><strong>ZG-seriens hydraulcylindrar f\u00f6r sk\u00f6rdemaskiner Viktiga funktioner:<\/strong><\/h2>\n<h4><strong>H\u00f6g lastkapacitet<\/strong><\/h4>\n<p>ZG-seriens hydraulcylindrar \u00e4r noggrant konstruerade f\u00f6r att hantera stora laster, vilket g\u00f6r dem viktiga f\u00f6r sk\u00f6rdemaskiner. Denna imponerande lastkapacitet g\u00f6r det m\u00f6jligt f\u00f6r f\u00f6rare att lyfta och man\u00f6vrera tunga komponenter med l\u00e4tthet, vilket avsev\u00e4rt f\u00f6rb\u00e4ttrar driftseffektiviteten. Som ett resultat kan uppgifter som tidigare kr\u00e4vde avsev\u00e4rd tid och anstr\u00e4ngning nu utf\u00f6ras snabbt och effektivt. Oavsett om det g\u00e4ller stora gr\u00f6dor eller omfattande sk\u00f6rdeutrustning, ger dessa cylindrar f\u00f6rare m\u00f6jlighet att maximera produktiviteten och effektivisera sitt arbetsfl\u00f6de.<\/p>\n<h4><strong>Robust konstruktion<\/strong><\/h4>\n<p>ZG-seriens cylindrar \u00e4r tillverkade av h\u00f6gkvalitativa material och har exceptionell h\u00e5llbarhet, vilket g\u00f6r att de klarar av p\u00e5frestningarna i kr\u00e4vande jordbruksmilj\u00f6er. Deras robusta design motst\u00e5r slitage och s\u00e4kerst\u00e4ller l\u00e5ng livsl\u00e4ngd \u00e4ven vid h\u00e5rd anv\u00e4ndning. Denna motst\u00e5ndskraft leder till minskade underh\u00e5llsbehov, vilket g\u00f6r att f\u00f6rarna kan fokusera p\u00e5 sitt arbete snarare \u00e4n frekventa reparationer. Genom att investera i dessa h\u00e5llbara cylindrar kan anv\u00e4ndarna f\u00f6rv\u00e4nta sig en l\u00e5ng livsl\u00e4ngd f\u00f6r sin sk\u00f6rdeutrustning, vilket i slut\u00e4ndan leder till l\u00e4gre driftskostnader och \u00f6kad tillf\u00f6rlitlighet i f\u00e4lt.<\/p>\n<h4><strong>Precisionsteknik<\/strong><\/h4>\n<p>Varje hydraulcylinder i ZG-serien genomg\u00e5r en noggrann tillverkningsprocess som prioriterar precision. Denna noggrannhet resulterar i exakta dimensioner och optimal hydraulisk prestanda, vilket \u00e4r avg\u00f6rande f\u00f6r effektiv drift. Med precis konstruktion m\u00f6jligg\u00f6r dessa cylindrar j\u00e4mnare r\u00f6relser och b\u00e4ttre kontroll under sk\u00f6rdearbeten. F\u00f6rare kan utf\u00f6ra invecklade man\u00f6vrar med tillf\u00f6rsikt, vilket g\u00f6r sk\u00f6rdeprocessen inte bara mer effektiv utan ocks\u00e5 mer \u00e4ndam\u00e5lsenlig. Denna precisionsniv\u00e5 f\u00f6rb\u00e4ttrar den totala produktiviteten och s\u00e4kerst\u00e4ller att varje uppgift utf\u00f6rs enligt h\u00f6gsta standard.<\/p>\n<h4><strong>M\u00e5ngsidig kompatibilitet<\/strong><\/h4>\n<p>ZG-seriens cylindrar \u00e4r konstruerade med m\u00e5ngsidighet i \u00e5tanke, vilket g\u00f6r att de kan passa en m\u00e4ngd olika modeller av sk\u00f6rdemaskiner. Denna kompatibilitet g\u00f6r integrationen i befintlig utrustning s\u00f6ml\u00f6s och enkel. F\u00f6rare uppskattar flexibiliteten att anv\u00e4nda dessa cylindrar inom olika jordbrukstill\u00e4mpningar utan behov av omfattande modifieringar. Denna anpassningsf\u00f6rm\u00e5ga f\u00f6renklar inte bara driften utan f\u00f6rb\u00e4ttrar ocks\u00e5 sk\u00f6rdemaskinernas \u00f6vergripande funktionalitet, vilket g\u00f6r ZG-serien till ett idealiskt val f\u00f6r olika jordbruksbehov.<\/p>\n<h4><strong>Avancerad t\u00e4tningsteknik<\/strong><\/h4>\n<p>Utrustade med toppmodern t\u00e4tningsteknik minimerar ZG-seriens hydraulcylindrar effektivt l\u00e4ckor och minskar risken f\u00f6r f\u00f6rlust av hydraulv\u00e4tska. Denna innovativa funktion f\u00f6rb\u00e4ttrar inte bara effektiviteten utan s\u00e4nker \u00e4ven underh\u00e5llskostnaderna avsev\u00e4rt. Genom att f\u00f6rhindra l\u00e4ckor s\u00e4kerst\u00e4ller dessa cylindrar att hydraulsystemet fungerar med maximal prestanda, vilket g\u00f6r att f\u00f6rarna kan fokusera p\u00e5 sina uppgifter utan att bli distraherade av potentiella fel. Den avancerade t\u00e4tningstekniken bidrar till en mer tillf\u00f6rlitlig och produktiv arbetsmilj\u00f6, vilket i slut\u00e4ndan gynnar den \u00f6vergripande jordbruksverksamheten.<\/p>\n<p>ZG-seriens hydraulcylindrar utm\u00e4rker sig inom jordbrukssektorn och kombinerar h\u00f6g lastkapacitet, robust konstruktion, precisionsteknik, m\u00e5ngsidig kompatibilitet och avancerad t\u00e4tningsteknik. Dessa funktioner f\u00f6rb\u00e4ttrar inte bara sk\u00f6rdemaskinernas prestanda utan bidrar ocks\u00e5 till en mer effektiv och tillf\u00f6rlitlig jordbruksupplevelse. Genom att v\u00e4lja ZG-seriens cylindrar utrustar sig f\u00f6rarna med de verktyg som kr\u00e4vs f\u00f6r att lyckas i dagens kr\u00e4vande jordbrukslandskap.<\/p>\n<h2><strong>ZG-seriens hydraulcylindrar f\u00f6r sk\u00f6rdemaskiner Anv\u00e4ndning:<\/strong><\/h2>\n<h1 style=\"text-align: center;\"><strong><img loading=\"lazy\" decoding=\"async\" class=\"alignnone size-full wp-image-17301\" src=\"https:\/\/www.hydraulic-cylinders.net\/wp-content\/uploads\/2025\/03\/Zg-And-Hsg-Series-Hydraulic-Cylinders-For-Harvesting-Machinery-1.webp\" alt=\"\" width=\"2481\" height=\"685\" srcset=\"https:\/\/www.hydraulic-cylinders.net\/wp-content\/uploads\/2025\/03\/Zg-And-Hsg-Series-Hydraulic-Cylinders-For-Harvesting-Machinery-1.webp 2481w, https:\/\/www.hydraulic-cylinders.net\/wp-content\/uploads\/2025\/03\/Zg-And-Hsg-Series-Hydraulic-Cylinders-For-Harvesting-Machinery-1-1280x353.webp 1280w, https:\/\/www.hydraulic-cylinders.net\/wp-content\/uploads\/2025\/03\/Zg-And-Hsg-Series-Hydraulic-Cylinders-For-Harvesting-Machinery-1-980x271.webp 980w, https:\/\/www.hydraulic-cylinders.net\/wp-content\/uploads\/2025\/03\/Zg-And-Hsg-Series-Hydraulic-Cylinders-For-Harvesting-Machinery-1-480x133.webp 480w\" sizes=\"(min-width: 0px) and (max-width: 480px) 480px, (min-width: 481px) and (max-width: 980px) 980px, (min-width: 981px) and (max-width: 1280px) 1280px, (min-width: 1281px) 2481px, 100vw\" \/><\/strong><\/h1>\n<h2><strong>ZG-seriens hydraulcylindrar f\u00f6r sk\u00f6rdemaskiner Anv\u00e4ndningsmetod:<\/strong><\/h2>\n<p>Att anv\u00e4nda HSG-seriens hydraulcylindrar \u00e4r en enkel process, vilket g\u00f6r dem tillg\u00e4ngliga och anv\u00e4ndarv\u00e4nliga f\u00f6r operat\u00f6rer inom byggbranschen. H\u00e4r \u00e4r en detaljerad titt p\u00e5 de ing\u00e5ende stegen:<\/p>\n<h4><strong>Installation<\/strong><\/h4>\n<p>Installationen av HSG-seriens hydraulcylindrar \u00e4r konstruerad f\u00f6r att vara problemfri. Varje cylinder har standardkopplingar som m\u00f6jligg\u00f6r snabb och s\u00e4ker installation p\u00e5 olika byggmaskiner. Operat\u00f6rer kan enkelt justera och montera cylindrarna utan behov av specialverktyg eller omfattande utbildning. Denna enkla installation minimerar stillest\u00e5ndstiden, vilket g\u00f6r att maskinerna kan \u00e5terg\u00e5 till arbetet snabbt och effektivt.<\/p>\n<h4><strong>Hydraulisk anslutning<\/strong><\/h4>\n<p>N\u00e4r den \u00e4r installerad \u00e4r n\u00e4sta steg att ansluta hydraulledningarna till cylindern. Det \u00e4r viktigt att s\u00e4kerst\u00e4lla att hydraulv\u00e4tskan fl\u00f6dar i r\u00e4tt riktning f\u00f6r att uppn\u00e5 \u00f6nskade r\u00f6relser. Tydlig m\u00e4rkning och f\u00e4rgkodade anslutningar f\u00f6renklar denna process, vilket g\u00f6r att operat\u00f6rerna kan g\u00f6ra anslutningarna med tillf\u00f6rsikt. En korrekt hydraulisk anslutning maximerar prestandan och s\u00e4kerst\u00e4ller att cylindrarna fungerar smidigt och responsivt, vilket \u00e4r avg\u00f6rande f\u00f6r exakt kontroll under drift.<\/p>\n<h4><strong>Drift<\/strong><\/h4>\n<p>Med HSG-seriens hydraulcylindrar s\u00e4kert installerade och anslutna kan operat\u00f6rerna nu ta kontroll \u00f6ver maskinerna. Med hj\u00e4lp av hydraulsystemet kan de utf\u00f6ra en m\u00e4ngd olika r\u00f6relser, fr\u00e5n att lyfta tunga laster till komplicerade man\u00f6vrar. De intuitiva reglagen m\u00f6jligg\u00f6r finjusteringar, vilket g\u00f6r att operat\u00f6rerna kan utf\u00f6ra uppgifter med precision och effektivitet. Oavsett om det g\u00e4ller att h\u00f6ja, s\u00e4nka eller luta, ger dessa cylindrar den respons som beh\u00f6vs f\u00f6r att effektivt hantera utmaningarna inom byggarbete.<\/p>\n<h4><strong>\u00d6vervakning<\/strong><\/h4>\n<p>F\u00f6r att s\u00e4kerst\u00e4lla optimal prestanda \u00e4r regelbunden \u00f6vervakning av hydraulsystemet avg\u00f6rande. Operat\u00f6rer b\u00f6r regelbundet kontrollera hydraulv\u00e4tskeniv\u00e5er och tryck. Denna proaktiva metod hj\u00e4lper till att identifiera eventuella problem innan de eskalerar, vilket s\u00e4kerst\u00e4ller att maskinen fungerar med maximal effektivitet. Att h\u00e5lla koll p\u00e5 dessa parametrar f\u00f6rl\u00e4nger inte bara hydraulcylindrarnas livsl\u00e4ngd utan f\u00f6rb\u00e4ttrar ocks\u00e5 den \u00f6vergripande s\u00e4kerheten p\u00e5 arbetsplatsen. Genom att uppr\u00e4tth\u00e5lla vaksamhet kan operat\u00f6rerna s\u00e4kerst\u00e4lla att deras utrustning f\u00f6rblir tillf\u00f6rlitlig och redo f\u00f6r insats hela tiden.<\/p>\n<p>HSG-seriens hydraulcylindrar erbjuder en anv\u00e4ndarv\u00e4nlig upplevelse, fr\u00e5n installation till drift och underh\u00e5ll. Deras enkla anv\u00e4ndningsmetod g\u00f6r det m\u00f6jligt f\u00f6r byggproffs att maximera produktivitet och effektivitet, vilket s\u00e4kerst\u00e4ller att de kan ta itu med alla projekt med tillf\u00f6rsikt. Genom att v\u00e4lja HSG investerar operat\u00f6rer i en p\u00e5litlig hydraulisk l\u00f6sning som f\u00f6renklar deras arbetsfl\u00f6de samtidigt som den levererar enast\u00e5ende prestanda.<\/p>\n<h2><strong>Testutrustning:<\/strong><\/h2>\n<p><strong><img loading=\"lazy\" decoding=\"async\" class=\"alignnone size-full wp-image-17293\" src=\"https:\/\/www.hydraulic-cylinders.net\/wp-content\/uploads\/2025\/03\/test-equipment.webp-2.webp\" alt=\"\" width=\"1932\" height=\"1741\" srcset=\"https:\/\/www.hydraulic-cylinders.net\/wp-content\/uploads\/2025\/03\/test-equipment.webp-2.webp 1932w, https:\/\/www.hydraulic-cylinders.net\/wp-content\/uploads\/2025\/03\/test-equipment.webp-2-1280x1153.webp 1280w, https:\/\/www.hydraulic-cylinders.net\/wp-content\/uploads\/2025\/03\/test-equipment.webp-2-980x883.webp 980w, https:\/\/www.hydraulic-cylinders.net\/wp-content\/uploads\/2025\/03\/test-equipment.webp-2-480x433.webp 480w\" sizes=\"(min-width: 0px) and (max-width: 480px) 480px, (min-width: 481px) and (max-width: 980px) 980px, (min-width: 981px) and (max-width: 1280px) 1280px, (min-width: 1281px) 1932px, 100vw\" \/><\/strong><\/p>\n<ul>\n<li>1: Saltspraytestkammare<\/li>\n<li>2: Kemisk analys<\/li>\n<li>3: Dragprovningsmaskin<\/li>\n<li>4: Rockwell-h\u00e5rdhetsm\u00e4tare<\/li>\n<li>5: Renhetstestmaskin<\/li>\n<li>6: TH110 Rebound-h\u00e5rdhetsm\u00e4tare<\/li>\n<li>7: Bel\u00e4ggningstjockleksm\u00e4tare<\/li>\n<li>8: Pendelslagprov<\/li>\n<\/ul>\n<p><img loading=\"lazy\" decoding=\"async\" class=\"alignnone size-full wp-image-17292\" src=\"https:\/\/www.hydraulic-cylinders.net\/wp-content\/uploads\/2025\/03\/test-equipment.webp-1.webp\" alt=\"\" width=\"1600\" height=\"1216\" srcset=\"https:\/\/www.hydraulic-cylinders.net\/wp-content\/uploads\/2025\/03\/test-equipment.webp-1.webp 1600w, https:\/\/www.hydraulic-cylinders.net\/wp-content\/uploads\/2025\/03\/test-equipment.webp-1-1280x973.webp 1280w, https:\/\/www.hydraulic-cylinders.net\/wp-content\/uploads\/2025\/03\/test-equipment.webp-1-980x745.webp 980w, https:\/\/www.hydraulic-cylinders.net\/wp-content\/uploads\/2025\/03\/test-equipment.webp-1-480x365.webp 480w\" sizes=\"(min-width: 0px) and (max-width: 480px) 480px, (min-width: 481px) and (max-width: 980px) 980px, (min-width: 981px) and (max-width: 1280px) 1280px, (min-width: 1281px) 1600px, 100vw\" \/><\/p>\n<p>V\u00e5rt f\u00f6retag anser att kvalitet \u00e4r grunden f\u00f6r v\u00e5r framg\u00e5ng. F\u00f6r att uppr\u00e4tth\u00e5lla detta \u00e5tagande har vi investerat i toppmodern test- och laboratorieutrustning f\u00f6r hemmabruk, med st\u00f6d av ett team av h\u00f6gkvalificerade yrkesm\u00e4n inom vetenskap och teknik.<\/p>\n<p>Vi uppr\u00e4tth\u00e5ller ett rigor\u00f6st kvalitetsledningssystem som f\u00f6ljer branschstandarder, vilket s\u00e4kerst\u00e4ller att varje parti produkter vi producerar uppfyller de h\u00f6gsta kvalitetskriterierna. Genom att standardisera v\u00e5r verksamhet och kontinuerligt \u00f6vervaka v\u00e5ra processer s\u00e4kerst\u00e4ller vi att v\u00e5ra kunder endast f\u00e5r det b\u00e4sta.<\/p>\n<p>Detta orubbliga engagemang f\u00f6r kvalitet \u00f6kar inte bara v\u00e5ra produkters tillf\u00f6rlitlighet utan bygger ocks\u00e5 f\u00f6rtroende och n\u00f6jdhet bland v\u00e5ra kunder. Vi tror att genom att prioritera excellens i alla aspekter av v\u00e5r produktion bidrar vi till v\u00e5ra partners och hela branschens framg\u00e5ng. Tillsammans str\u00e4var vi efter innovation och kvalitet som varar \u00f6ver tid.<\/p>\n<h2><strong>Produktionsplats f\u00f6r hydraulcylindrar:<\/strong><\/h2>\n<p>V\u00e5rt f\u00f6retag \u00e4r en ledande tillverkare specialiserad p\u00e5 hydraulcylindrar, med st\u00f6d av v\u00e5r egen oberoende forskning, utveckling och designkapacitet. Med en toppmodern anl\u00e4ggning som rymmer \u00f6ver 170 allm\u00e4nna verktygsmaskiner, CNC-maskiner, fleroperationsmaskiner, svetsutrustning och specialiserade test- och inspektionsverktyg, \u00e4r vi v\u00e4l rustade f\u00f6r att m\u00f6ta olika industriella krav.<\/p>\n<p>Genom \u00e5ratal av ackumulerad teknisk expertis och processf\u00f6rfining har vi etablerat en mogen produktionsprocess som s\u00f6ml\u00f6st integrerar forskning och utveckling med tillverkning. Denna integration har blivit v\u00e5r viktigaste konkurrensf\u00f6rdel, vilket g\u00f6r det m\u00f6jligt f\u00f6r oss att designa och producera ett brett utbud av hydraulcylindrar anpassade f\u00f6r att m\u00f6ta specifika kundkrav.<\/p>\n<p>V\u00e5ra produkter anv\u00e4nds i stor utstr\u00e4ckning inom olika sektorer, inklusive jordbruksmaskiner, byggutrustning, fordon, v\u00e4gteknik och specialmaskiner. Vi \u00e4r stolta \u00f6ver att st\u00f6dja ett flertal OEM-tillverkare, inklusive Bonong Xingda, Bojin Hummer, Jilin Ruifeng, Debang Dawei, Shandong Yineng Heavy Industry, Tai'an Modern Heavy Industry och Shifeng Group, bland andra.<\/p>\n<p><img loading=\"lazy\" decoding=\"async\" class=\"alignnone size-full wp-image-17290\" src=\"https:\/\/www.hydraulic-cylinders.net\/wp-content\/uploads\/2025\/03\/production-site-1.webp\" alt=\"\" width=\"1971\" height=\"2253\" srcset=\"https:\/\/www.hydraulic-cylinders.net\/wp-content\/uploads\/2025\/03\/production-site-1.webp 1971w, https:\/\/www.hydraulic-cylinders.net\/wp-content\/uploads\/2025\/03\/production-site-1-1280x1463.webp 1280w, https:\/\/www.hydraulic-cylinders.net\/wp-content\/uploads\/2025\/03\/production-site-1-980x1120.webp 980w, https:\/\/www.hydraulic-cylinders.net\/wp-content\/uploads\/2025\/03\/production-site-1-480x549.webp 480w\" sizes=\"(min-width: 0px) and (max-width: 480px) 480px, (min-width: 481px) and (max-width: 980px) 980px, (min-width: 981px) and (max-width: 1280px) 1280px, (min-width: 1281px) 1971px, 100vw\" \/><\/p>\n<p>Vi \u00e4r dedikerade till att erbjuda exceptionell service genom en stark kvalitetspolicy som prioriterar kontinuerlig innovation inom forskning och utveckling, ledning, kvalitetskontroll och kundservice. V\u00e5rt engagemang f\u00f6r kvalitet har erk\u00e4nts med ISO\/TS16949-certifiering, vilket s\u00e4kerst\u00e4ller att vi inte bara uppfyller utan konsekvent \u00f6vertr\u00e4ffar v\u00e5ra kunders f\u00f6rv\u00e4ntningar.<\/p>\n<p>Fram\u00f6ver kommer vi att forts\u00e4tta utveckla v\u00e5r teknologi och bredda v\u00e5r kapacitet, med str\u00e4van att alltid leverera produkter och tj\u00e4nster av h\u00f6gsta kvalitet till v\u00e5ra kunder. Tillsammans skapar vi ett arv av spetskompetens inom hydraulcylinderbranschen.<\/p>\n<p><strong>\u00a0<\/strong><\/p>","protected":false},"excerpt":{"rendered":"<p>ZG Series Hydraulic Cylinders For Harvesting Machinery\u00a0 The ZG Series Hydraulic Cylinders are specifically designed to enhance the efficiency and performance of harvesting machinery. These cylinders play a vital role in various agricultural applications, enabling precise control and powerful operation essential for modern farming. With a focus on reliability and durability, the ZG Series meets [&hellip;]<\/p>","protected":false},"featured_media":17312,"comment_status":"open","ping_status":"closed","template":"","meta":{"_et_pb_use_builder":"","_et_pb_old_content":"","_et_gb_content_width":""},"product_brand":[],"product_cat":[1550,1528,1376],"product_tag":[],"class_list":{"0":"post-17320","1":"product","2":"type-product","3":"status-publish","4":"has-post-thumbnail","6":"product_cat-double-acting-hydraulic-cylinder","7":"product_cat-harvesting-machinery-hydraulic-cylinders","8":"product_cat-hydraulic-cylinder","10":"first","11":"instock","12":"shipping-taxable","13":"product-type-simple"},"amp_enabled":true,"_links":{"self":[{"href":"https:\/\/www.hydraulic-cylinders.net\/sv\/wp-json\/wp\/v2\/product\/17320","targetHints":{"allow":["GET"]}}],"collection":[{"href":"https:\/\/www.hydraulic-cylinders.net\/sv\/wp-json\/wp\/v2\/product"}],"about":[{"href":"https:\/\/www.hydraulic-cylinders.net\/sv\/wp-json\/wp\/v2\/types\/product"}],"replies":[{"embeddable":true,"href":"https:\/\/www.hydraulic-cylinders.net\/sv\/wp-json\/wp\/v2\/comments?post=17320"}],"wp:featuredmedia":[{"embeddable":true,"href":"https:\/\/www.hydraulic-cylinders.net\/sv\/wp-json\/wp\/v2\/media\/17312"}],"wp:attachment":[{"href":"https:\/\/www.hydraulic-cylinders.net\/sv\/wp-json\/wp\/v2\/media?parent=17320"}],"wp:term":[{"taxonomy":"product_brand","embeddable":true,"href":"https:\/\/www.hydraulic-cylinders.net\/sv\/wp-json\/wp\/v2\/product_brand?post=17320"},{"taxonomy":"product_cat","embeddable":true,"href":"https:\/\/www.hydraulic-cylinders.net\/sv\/wp-json\/wp\/v2\/product_cat?post=17320"},{"taxonomy":"product_tag","embeddable":true,"href":"https:\/\/www.hydraulic-cylinders.net\/sv\/wp-json\/wp\/v2\/product_tag?post=17320"}],"curies":[{"name":"wp","href":"https:\/\/api.w.org\/{rel}","templated":true}]}}