{"id":17331,"date":"2025-03-07T07:38:49","date_gmt":"2025-03-07T07:38:49","guid":{"rendered":"https:\/\/www.hydraulic-cylinders.net\/?post_type=product&#038;p=17331"},"modified":"2025-04-11T03:05:13","modified_gmt":"2025-04-11T03:05:13","slug":"main-and-auxiliary-lifting-cylinders-for-no-tillage-machines","status":"publish","type":"product","link":"https:\/\/www.hydraulic-cylinders.net\/sv\/produkt\/main-and-auxiliary-lifting-cylinders-for-no-tillage-machines\/","title":{"rendered":"Huvud- och hj\u00e4lplyftcylindrar f\u00f6r maskiner utan jordbearbetning"},"content":{"rendered":"<h1 style=\"text-align: center;\"><strong>Huvud- och hj\u00e4lplyftcylindrar f\u00f6r maskiner utan jordbearbetning<img loading=\"lazy\" decoding=\"async\" class=\"alignnone wp-image-17286\" src=\"https:\/\/www.hydraulic-cylinders.net\/wp-content\/uploads\/2025\/03\/main-and-auxiliary-lifting-cylinders-1-1.webp\" alt=\"\" width=\"500\" height=\"500\" \/> \u00a0<\/strong><\/h1>\n<p>Huvud- och hj\u00e4lplyftcylindrar spelar en avg\u00f6rande roll f\u00f6r effektiv drift av jordbearbetningsmaskiner och f\u00f6rb\u00e4ttrar deras prestanda avsev\u00e4rt i olika jordbruksuppgifter. Dessa hydraulcylindrar ger exceptionell effektivitet vid lyftning och s\u00e4nkning av viktiga komponenter, vilket s\u00e4kerst\u00e4ller smidig och tillf\u00f6rlitlig funktion under kritiska operationer som plantering, g\u00f6dsling och gr\u00f6dhantering.<\/p>\n<p>Dessa lyftcylindrar \u00e4r konstruerade f\u00f6r b\u00e5de h\u00e5llbarhet och precision och \u00e4r byggda f\u00f6r att klara av p\u00e5frestningarna i kr\u00e4vande jordbruksmilj\u00f6er. Deras robusta konstruktion minimerar slitage, vilket ger lantbrukare utrustning som klarar utmaningarna med jordbearbetning utan jordbearbetning. Precisionskonstruktionen hos dessa cylindrar m\u00f6jligg\u00f6r noggrann kontroll \u00f6ver maskinernas r\u00f6relser, vilket g\u00f6r det m\u00f6jligt f\u00f6r f\u00f6rare att g\u00f6ra finjusteringar och optimera positioneringen av redskap.<\/p>\n<p>Genom att integrera huvud- och hj\u00e4lplyftcylindrar i sin utrustning kan lantbrukare avsev\u00e4rt f\u00f6rb\u00e4ttra den \u00f6vergripande funktionaliteten hos sina jordbearbetningsmaskiner. Denna integration f\u00f6rb\u00e4ttrar driftseffektiviteten och m\u00f6jligg\u00f6r s\u00f6ml\u00f6sa \u00f6verg\u00e5ngar mellan olika uppgifter, vilket minskar stillest\u00e5ndstid och \u00f6kar produktiviteten. Som ett resultat kan lantbrukare tryggt anamma moderna jordbruksmetoder, i vetskap om att deras utrustning \u00e4r utrustad med avancerad hydraulteknik som \u00e4r utformad f\u00f6r att m\u00f6ta kraven inom modernt jordbruk.<\/p>\n<h2><strong>Huvud- och hj\u00e4lplyftcylindrar f\u00f6r maskiner utan jordbearbetning Parameter:<\/strong><\/h2>\n<h1 style=\"text-align: center;\"><strong><img loading=\"lazy\" decoding=\"async\" class=\"alignnone size-full wp-image-17283\" src=\"https:\/\/www.hydraulic-cylinders.net\/wp-content\/uploads\/2025\/03\/hydraulic-cylinders-for-no-tillage-machines-parameter-1.webp\" alt=\"\" width=\"2237\" height=\"1271\" srcset=\"https:\/\/www.hydraulic-cylinders.net\/wp-content\/uploads\/2025\/03\/hydraulic-cylinders-for-no-tillage-machines-parameter-1.webp 2237w, https:\/\/www.hydraulic-cylinders.net\/wp-content\/uploads\/2025\/03\/hydraulic-cylinders-for-no-tillage-machines-parameter-1-1280x727.webp 1280w, https:\/\/www.hydraulic-cylinders.net\/wp-content\/uploads\/2025\/03\/hydraulic-cylinders-for-no-tillage-machines-parameter-1-980x557.webp 980w, https:\/\/www.hydraulic-cylinders.net\/wp-content\/uploads\/2025\/03\/hydraulic-cylinders-for-no-tillage-machines-parameter-1-480x273.webp 480w\" sizes=\"(min-width: 0px) and (max-width: 480px) 480px, (min-width: 481px) and (max-width: 980px) 980px, (min-width: 981px) and (max-width: 1280px) 1280px, (min-width: 1281px) 2237px, 100vw\" \/><\/strong><\/h1>\n<h2><strong>Huvud- och hj\u00e4lplyftcylindrar f\u00f6r maskiner utan jordbearbetningstill\u00e4mpning:<\/strong><\/h2>\n<p><img loading=\"lazy\" decoding=\"async\" class=\"alignnone size-full wp-image-17282\" src=\"https:\/\/www.hydraulic-cylinders.net\/wp-content\/uploads\/2025\/03\/hydraulic-cylinders-for-no-tillage-machines-application-1.webp\" alt=\"\" width=\"2273\" height=\"976\" srcset=\"https:\/\/www.hydraulic-cylinders.net\/wp-content\/uploads\/2025\/03\/hydraulic-cylinders-for-no-tillage-machines-application-1.webp 2273w, https:\/\/www.hydraulic-cylinders.net\/wp-content\/uploads\/2025\/03\/hydraulic-cylinders-for-no-tillage-machines-application-1-1280x550.webp 1280w, https:\/\/www.hydraulic-cylinders.net\/wp-content\/uploads\/2025\/03\/hydraulic-cylinders-for-no-tillage-machines-application-1-980x421.webp 980w, https:\/\/www.hydraulic-cylinders.net\/wp-content\/uploads\/2025\/03\/hydraulic-cylinders-for-no-tillage-machines-application-1-480x206.webp 480w\" sizes=\"(min-width: 0px) and (max-width: 480px) 480px, (min-width: 481px) and (max-width: 980px) 980px, (min-width: 981px) and (max-width: 1280px) 1280px, (min-width: 1281px) 2273px, 100vw\" \/><\/p>\n<h2><strong>Huvud- och hj\u00e4lplyftcylindrar f\u00f6r maskiner utan jordbearbetning. Viktiga funktioner:<\/strong><\/h2>\n<h4><strong>1. Robust konstruktion<\/strong><\/h4>\n<p>Dessa lyftcylindrar \u00e4r tillverkade av premiummaterial och utformade f\u00f6r att klara av utmaningarna i kr\u00e4vande jordbruksmilj\u00f6er. Deras exceptionella slitstyrka s\u00e4kerst\u00e4ller l\u00e5ng livsl\u00e4ngd, vilket avsev\u00e4rt minskar behovet av frekventa byten. Denna h\u00e5llbarhet leder till kostnadsbesparingar \u00f6ver tid och f\u00f6rb\u00e4ttrar den \u00f6vergripande tillf\u00f6rlitligheten hos maskiner f\u00f6r jordbearbetning, vilket g\u00f6r att lantbrukare kan koncentrera sig p\u00e5 sitt arbete utan att oroa sig f\u00f6r utrustningsfel.<\/p>\n<h4><strong>2. H\u00f6g lastkapacitet<\/strong><\/h4>\n<p>Dessa cylindrar \u00e4r konstruerade f\u00f6r att hantera betydande vikt och levererar den kraft som kr\u00e4vs f\u00f6r att lyfta tung utrustning effektivt. Deras imponerande lastkapacitet g\u00f6r det m\u00f6jligt f\u00f6r lantbrukare att utf\u00f6ra \u00e4ven de mest kr\u00e4vande jordbruksuppgifterna utan att kompromissa med prestandan. Denna tillf\u00f6rlitlighet \u00f6kar produktiviteten och g\u00f6r det m\u00f6jligt f\u00f6r lantbrukare att hantera st\u00f6rre f\u00e4lt och mer komplicerade operationer med l\u00e4tthet.<\/p>\n<h4><strong>3. Smidig drift<\/strong><\/h4>\n<p>Med en avancerad hydraulisk design minimerar dessa cylindrar friktion, vilket resulterar i s\u00f6ml\u00f6sa lyft- och s\u00e4nkningsr\u00f6relser. Denna smidiga drift f\u00f6rb\u00e4ttrar den totala effektiviteten och g\u00f6r det m\u00f6jligt f\u00f6r f\u00f6rarna att bibeh\u00e5lla exakt kontroll \u00f6ver sin utrustning. Med minskade st\u00f6tar och vibrationer kan lantbrukare uppn\u00e5 st\u00f6rre noggrannhet i sina uppgifter, vilket leder till f\u00f6rb\u00e4ttrad gr\u00f6dhantering och h\u00f6gre avkastning.<\/p>\n<h4><strong>4. M\u00e5ngsidig kompatibilitet<\/strong><\/h4>\n<p>Dessa lyftcylindrar \u00e4r konstruerade f\u00f6r kompatibilitet med ett brett utbud av jordbearbetningsmaskiner och erbjuder m\u00e5ngsidiga l\u00f6sningar f\u00f6r olika jordbrukstill\u00e4mpningar. Deras f\u00f6rm\u00e5ga att integreras s\u00f6ml\u00f6st med befintlig utrustning inneb\u00e4r att lantbrukare kan uppgradera sina maskiner utan omfattande modifieringar. Denna flexibilitet m\u00f6jligg\u00f6r skr\u00e4ddarsydda l\u00f6sningar som uppfyller specifika driftskrav.<\/p>\n<h4><strong>5. Anv\u00e4ndarv\u00e4nlig installation<\/strong><\/h4>\n<p>Dessa cylindrar \u00e4r konstruerade f\u00f6r enkel installation, vilket avsev\u00e4rt minskar stillest\u00e5ndstiden och g\u00f6r det m\u00f6jligt f\u00f6r lantbrukare att \u00e5terg\u00e5 till arbetet snabbt. Den enkla installationsprocessen s\u00e4kerst\u00e4ller att \u00e4ven de med begr\u00e4nsad teknisk expertis kan installera dem utan problem. Denna bekv\u00e4mlighet effektiviserar driften och f\u00f6rb\u00e4ttrar den totala produktiviteten p\u00e5 g\u00e5rden.<\/p>\n<p>By selecting these high-performance lifting cylinders, farmers can improve the efficiency and reliability of their equipment, paving the way for more productive and successful agricultural operations. Embracing these advanced hydraulic solutions empowers farmers to adapt to modern farming practices and meet the challenges of today&#8217;s agricultural landscape.<\/p>\n<h2><strong>Huvud- och hj\u00e4lplyftcylindrar f\u00f6r maskiner utan jordbearbetning Till\u00e4mplig modell:<\/strong><\/h2>\n<h1 style=\"text-align: center;\"><strong><img loading=\"lazy\" decoding=\"async\" class=\"alignnone size-full wp-image-17284\" src=\"https:\/\/www.hydraulic-cylinders.net\/wp-content\/uploads\/2025\/03\/hydraulic-cylinders-for-no-tillage-machines-2.webp\" alt=\"\" width=\"2312\" height=\"600\" srcset=\"https:\/\/www.hydraulic-cylinders.net\/wp-content\/uploads\/2025\/03\/hydraulic-cylinders-for-no-tillage-machines-2.webp 2312w, https:\/\/www.hydraulic-cylinders.net\/wp-content\/uploads\/2025\/03\/hydraulic-cylinders-for-no-tillage-machines-2-1280x332.webp 1280w, https:\/\/www.hydraulic-cylinders.net\/wp-content\/uploads\/2025\/03\/hydraulic-cylinders-for-no-tillage-machines-2-980x254.webp 980w, https:\/\/www.hydraulic-cylinders.net\/wp-content\/uploads\/2025\/03\/hydraulic-cylinders-for-no-tillage-machines-2-480x125.webp 480w\" sizes=\"(min-width: 0px) and (max-width: 480px) 480px, (min-width: 481px) and (max-width: 980px) 980px, (min-width: 981px) and (max-width: 1280px) 1280px, (min-width: 1281px) 2312px, 100vw\" \/><\/strong><\/h1>\n<h2><strong>Hur f\u00f6rb\u00e4ttrar huvud- och hj\u00e4lplyftcylindrar effektiviteten i jordbruksuppgifter?<\/strong><\/h2>\n<p>Huvud- och hj\u00e4lplyftcylindrar \u00e4r banbrytande inom jordbruket och ger en m\u00e4ngd f\u00f6rdelar som avsev\u00e4rt f\u00f6rb\u00e4ttrar effektiviteten i olika uppgifter. H\u00e4r \u00e4r en n\u00e4rmare titt p\u00e5 hur dessa hydrauliska underverk g\u00f6r skillnad:<\/p>\n<h4><strong>F\u00f6rb\u00e4ttrad lasthantering<\/strong>:<\/h4>\n<p>Dessa cylindrar \u00e4r konstruerade f\u00f6r att hantera betydande vikter, vilket g\u00f6r att lantbrukare kan lyfta tung utrustning utan anstr\u00e4ngning. Det betyder att man slipper k\u00e4mpa med otympliga verktyg eller riskera att skada utrustningen. Med f\u00f6rm\u00e5gan att ta sig an kr\u00e4vande uppgifter kan lantbrukare arbeta smartare, inte h\u00e5rdare, vilket s\u00e4kerst\u00e4ller att varje operation l\u00f6per smidigt och effektivt.<\/p>\n<h4><strong>S\u00f6ml\u00f6s drift<\/strong>:<\/h4>\n<p>Tack vare sin avancerade hydrauliska design ger dessa cylindrar exceptionellt smidiga lyft- och s\u00e4nkningsr\u00f6relser. Genom att minimera friktion minskar de st\u00f6tar och vibrationer, vilket ger f\u00f6rarna exakt kontroll \u00f6ver sina maskiner. Denna s\u00f6ml\u00f6sa drift f\u00f6rb\u00e4ttrar inte bara noggrannheten utan g\u00f6r ocks\u00e5 att hela processen k\u00e4nns mer intuitiv, vilket g\u00f6r att lantbrukarna kan fokusera p\u00e5 uppgiften utan distraktioner.<\/p>\n<h4><strong>M\u00e5ngsidighet<\/strong>:<\/h4>\n<p>En av de mest framst\u00e5ende egenskaperna hos dessa lyftcylindrar \u00e4r deras kompatibilitet med en m\u00e4ngd olika maskiner f\u00f6r jordbearbetning. Denna m\u00e5ngsidighet inneb\u00e4r att lantbrukare enkelt kan integrera dem i sina befintliga anl\u00e4ggningar, vilket g\u00f6r uppgraderingar enkla utan behov av omfattande modifieringar. Denna flexibilitet g\u00f6r det m\u00f6jligt f\u00f6r lantbrukare att skr\u00e4ddarsy sin utrustning f\u00f6r att m\u00f6ta specifika driftsbehov och enkelt anpassa sig till olika gr\u00f6dor och f\u00e4ltf\u00f6rh\u00e5llanden.<\/p>\n<h4><strong>Minskad driftstopp<\/strong>:<\/h4>\n<p>Tid \u00e4r pengar inom jordbruket, och dessa cylindrar \u00e4r utformade med det i \u00e5tanke. Deras anv\u00e4ndarv\u00e4nliga installationsprocess m\u00f6jligg\u00f6r snabb installation och underh\u00e5ll, vilket minimerar stillest\u00e5ndstiden. Jordbrukare kan komma tillbaka till arbetet snabbare och s\u00e4kerst\u00e4lla att de f\u00e5r ut det mesta av varje arbetstimme under kritiska planterings- och sk\u00f6rdes\u00e4songer.<\/p>\n<h4><strong>F\u00f6rb\u00e4ttrad produktivitet<\/strong>:<\/h4>\n<p>Genom att effektivisera verksamheten och m\u00f6jligg\u00f6ra exakt hantering av flera uppgifter \u00f6kar dessa lyftcylindrar den totala produktiviteten avsev\u00e4rt. Jordbrukare kan t\u00e4cka st\u00f6rre omr\u00e5den och hantera mer komplexa operationer effektivt, vilket leder till b\u00e4ttre gr\u00f6dhantering och f\u00f6rb\u00e4ttrade avkastningar. Detta f\u00f6rb\u00e4ttrar inte bara l\u00f6nsamheten utan g\u00f6r det ocks\u00e5 m\u00f6jligt f\u00f6r jordbrukare att anamma moderna metoder med tillf\u00f6rsikt.<\/p>\n<p>Sammanfattningsvis \u00e4r huvud- och hj\u00e4lplyftcylindrar viktiga verktyg som f\u00f6r\u00e4ndrar jordbruksverksamheten. Genom att f\u00f6rb\u00e4ttra lasthanteringen, s\u00e4kerst\u00e4lla smidig drift, erbjuda m\u00e5ngsidighet, minska stillest\u00e5ndstid och \u00f6ka produktiviteten, ger de jordbrukare m\u00f6jlighet att arbeta mer effektivt och h\u00e5llbart. Att anv\u00e4nda dessa tekniker \u00f6ppnar upp nya m\u00f6jligheter till framg\u00e5ng i det st\u00e4ndigt f\u00f6r\u00e4nderliga jordbrukslandskapet.<\/p>\n<h2><strong>Testutrustning:<\/strong><\/h2>\n<p><strong><img loading=\"lazy\" decoding=\"async\" class=\"alignnone size-full wp-image-17293\" src=\"https:\/\/www.hydraulic-cylinders.net\/wp-content\/uploads\/2025\/03\/test-equipment.webp-2.webp\" alt=\"\" width=\"1932\" height=\"1741\" srcset=\"https:\/\/www.hydraulic-cylinders.net\/wp-content\/uploads\/2025\/03\/test-equipment.webp-2.webp 1932w, https:\/\/www.hydraulic-cylinders.net\/wp-content\/uploads\/2025\/03\/test-equipment.webp-2-1280x1153.webp 1280w, https:\/\/www.hydraulic-cylinders.net\/wp-content\/uploads\/2025\/03\/test-equipment.webp-2-980x883.webp 980w, https:\/\/www.hydraulic-cylinders.net\/wp-content\/uploads\/2025\/03\/test-equipment.webp-2-480x433.webp 480w\" sizes=\"(min-width: 0px) and (max-width: 480px) 480px, (min-width: 481px) and (max-width: 980px) 980px, (min-width: 981px) and (max-width: 1280px) 1280px, (min-width: 1281px) 1932px, 100vw\" \/><\/strong><\/p>\n<ul>\n<li>1: Saltspraytestkammare<\/li>\n<li>2: Kemisk analys<\/li>\n<li>3: Dragprovningsmaskin<\/li>\n<li>4: Rockwell-h\u00e5rdhetsm\u00e4tare<\/li>\n<li>5: Renhetstestmaskin<\/li>\n<li>6: TH110 Rebound-h\u00e5rdhetsm\u00e4tare<\/li>\n<li>7: Bel\u00e4ggningstjockleksm\u00e4tare<\/li>\n<li>8: Pendelslagprov<\/li>\n<\/ul>\n<p><img loading=\"lazy\" decoding=\"async\" class=\"alignnone size-full wp-image-17292\" src=\"https:\/\/www.hydraulic-cylinders.net\/wp-content\/uploads\/2025\/03\/test-equipment.webp-1.webp\" alt=\"\" width=\"1600\" height=\"1216\" srcset=\"https:\/\/www.hydraulic-cylinders.net\/wp-content\/uploads\/2025\/03\/test-equipment.webp-1.webp 1600w, https:\/\/www.hydraulic-cylinders.net\/wp-content\/uploads\/2025\/03\/test-equipment.webp-1-1280x973.webp 1280w, https:\/\/www.hydraulic-cylinders.net\/wp-content\/uploads\/2025\/03\/test-equipment.webp-1-980x745.webp 980w, https:\/\/www.hydraulic-cylinders.net\/wp-content\/uploads\/2025\/03\/test-equipment.webp-1-480x365.webp 480w\" sizes=\"(min-width: 0px) and (max-width: 480px) 480px, (min-width: 481px) and (max-width: 980px) 980px, (min-width: 981px) and (max-width: 1280px) 1280px, (min-width: 1281px) 1600px, 100vw\" \/><\/p>\n<p>V\u00e5rt f\u00f6retag anser att kvalitet \u00e4r grunden f\u00f6r v\u00e5r framg\u00e5ng. F\u00f6r att uppr\u00e4tth\u00e5lla detta \u00e5tagande har vi investerat i toppmodern test- och laboratorieutrustning f\u00f6r hemmabruk, med st\u00f6d av ett team av h\u00f6gkvalificerade yrkesm\u00e4n inom vetenskap och teknik.<\/p>\n<p>Vi uppr\u00e4tth\u00e5ller ett rigor\u00f6st kvalitetsledningssystem som f\u00f6ljer branschstandarder, vilket s\u00e4kerst\u00e4ller att varje parti produkter vi producerar uppfyller de h\u00f6gsta kvalitetskriterierna. Genom att standardisera v\u00e5r verksamhet och kontinuerligt \u00f6vervaka v\u00e5ra processer s\u00e4kerst\u00e4ller vi att v\u00e5ra kunder endast f\u00e5r det b\u00e4sta.<\/p>\n<p>Detta orubbliga engagemang f\u00f6r kvalitet \u00f6kar inte bara v\u00e5ra produkters tillf\u00f6rlitlighet utan bygger ocks\u00e5 f\u00f6rtroende och n\u00f6jdhet bland v\u00e5ra kunder. Vi tror att genom att prioritera excellens i alla aspekter av v\u00e5r produktion bidrar vi till v\u00e5ra partners och hela branschens framg\u00e5ng. Tillsammans str\u00e4var vi efter innovation och kvalitet som varar \u00f6ver tid.<\/p>\n<h2><strong>Produktionsplats f\u00f6r hydraulcylindrar:<\/strong><\/h2>\n<p>V\u00e5rt f\u00f6retag \u00e4r en ledande tillverkare specialiserad p\u00e5 hydraulcylindrar, med st\u00f6d av v\u00e5r egen oberoende forskning, utveckling och designkapacitet. Med en toppmodern anl\u00e4ggning som rymmer \u00f6ver 170 allm\u00e4nna verktygsmaskiner, CNC-maskiner, fleroperationsmaskiner, svetsutrustning och specialiserade test- och inspektionsverktyg, \u00e4r vi v\u00e4l rustade f\u00f6r att m\u00f6ta olika industriella krav.<\/p>\n<p>Genom \u00e5ratal av ackumulerad teknisk expertis och processf\u00f6rfining har vi etablerat en mogen produktionsprocess som s\u00f6ml\u00f6st integrerar forskning och utveckling med tillverkning. Denna integration har blivit v\u00e5r viktigaste konkurrensf\u00f6rdel, vilket g\u00f6r det m\u00f6jligt f\u00f6r oss att designa och producera ett brett utbud av hydraulcylindrar anpassade f\u00f6r att m\u00f6ta specifika kundkrav.<\/p>\n<p>V\u00e5ra produkter anv\u00e4nds i stor utstr\u00e4ckning inom olika sektorer, inklusive jordbruksmaskiner, byggutrustning, fordon, v\u00e4gteknik och specialmaskiner. Vi \u00e4r stolta \u00f6ver att st\u00f6dja ett flertal OEM-tillverkare, inklusive Bonong Xingda, Bojin Hummer, Jilin Ruifeng, Debang Dawei, Shandong Yineng Heavy Industry, Tai'an Modern Heavy Industry och Shifeng Group, bland andra.<\/p>\n<p><img loading=\"lazy\" decoding=\"async\" class=\"alignnone size-full wp-image-17290\" src=\"https:\/\/www.hydraulic-cylinders.net\/wp-content\/uploads\/2025\/03\/production-site-1.webp\" alt=\"\" width=\"1971\" height=\"2253\" srcset=\"https:\/\/www.hydraulic-cylinders.net\/wp-content\/uploads\/2025\/03\/production-site-1.webp 1971w, https:\/\/www.hydraulic-cylinders.net\/wp-content\/uploads\/2025\/03\/production-site-1-1280x1463.webp 1280w, https:\/\/www.hydraulic-cylinders.net\/wp-content\/uploads\/2025\/03\/production-site-1-980x1120.webp 980w, https:\/\/www.hydraulic-cylinders.net\/wp-content\/uploads\/2025\/03\/production-site-1-480x549.webp 480w\" sizes=\"(min-width: 0px) and (max-width: 480px) 480px, (min-width: 481px) and (max-width: 980px) 980px, (min-width: 981px) and (max-width: 1280px) 1280px, (min-width: 1281px) 1971px, 100vw\" \/><\/p>\n<p>Vi \u00e4r dedikerade till att erbjuda exceptionell service genom en stark kvalitetspolicy som prioriterar kontinuerlig innovation inom forskning och utveckling, ledning, kvalitetskontroll och kundservice. V\u00e5rt engagemang f\u00f6r kvalitet har erk\u00e4nts med ISO\/TS16949-certifiering, vilket s\u00e4kerst\u00e4ller att vi inte bara uppfyller utan konsekvent \u00f6vertr\u00e4ffar v\u00e5ra kunders f\u00f6rv\u00e4ntningar.<\/p>\n<p>Fram\u00f6ver kommer vi att forts\u00e4tta utveckla v\u00e5r teknologi och bredda v\u00e5r kapacitet, med str\u00e4van att alltid leverera produkter och tj\u00e4nster av h\u00f6gsta kvalitet till v\u00e5ra kunder. Tillsammans skapar vi ett arv av spetskompetens inom hydraulcylinderbranschen.<\/p>","protected":false},"excerpt":{"rendered":"<p>Main And Auxiliary Lifting Cylinders For No Tillage Machines \u00a0 Main and auxiliary lifting cylinders play a crucial role in the effective operation of no-tillage machines, significantly enhancing their performance in various agricultural tasks. These hydraulic cylinders deliver exceptional efficiency in lifting and lowering essential components, ensuring smooth and reliable functionality during critical operations such [&hellip;]<\/p>","protected":false},"featured_media":17308,"comment_status":"open","ping_status":"closed","template":"","meta":{"_et_pb_use_builder":"","_et_pb_old_content":"","_et_gb_content_width":""},"product_brand":[],"product_cat":[1530,1549,1376],"product_tag":[],"class_list":{"0":"post-17331","1":"product","2":"type-product","3":"status-publish","4":"has-post-thumbnail","6":"product_cat-no-tillage-machinery-hydraulic-cylinders","7":"product_cat-single-acting-hydraulic-cylinder","8":"product_cat-hydraulic-cylinder","10":"first","11":"instock","12":"shipping-taxable","13":"product-type-simple"},"amp_enabled":true,"_links":{"self":[{"href":"https:\/\/www.hydraulic-cylinders.net\/sv\/wp-json\/wp\/v2\/product\/17331","targetHints":{"allow":["GET"]}}],"collection":[{"href":"https:\/\/www.hydraulic-cylinders.net\/sv\/wp-json\/wp\/v2\/product"}],"about":[{"href":"https:\/\/www.hydraulic-cylinders.net\/sv\/wp-json\/wp\/v2\/types\/product"}],"replies":[{"embeddable":true,"href":"https:\/\/www.hydraulic-cylinders.net\/sv\/wp-json\/wp\/v2\/comments?post=17331"}],"wp:featuredmedia":[{"embeddable":true,"href":"https:\/\/www.hydraulic-cylinders.net\/sv\/wp-json\/wp\/v2\/media\/17308"}],"wp:attachment":[{"href":"https:\/\/www.hydraulic-cylinders.net\/sv\/wp-json\/wp\/v2\/media?parent=17331"}],"wp:term":[{"taxonomy":"product_brand","embeddable":true,"href":"https:\/\/www.hydraulic-cylinders.net\/sv\/wp-json\/wp\/v2\/product_brand?post=17331"},{"taxonomy":"product_cat","embeddable":true,"href":"https:\/\/www.hydraulic-cylinders.net\/sv\/wp-json\/wp\/v2\/product_cat?post=17331"},{"taxonomy":"product_tag","embeddable":true,"href":"https:\/\/www.hydraulic-cylinders.net\/sv\/wp-json\/wp\/v2\/product_tag?post=17331"}],"curies":[{"name":"wp","href":"https:\/\/api.w.org\/{rel}","templated":true}]}}