{"id":17332,"date":"2025-03-07T07:58:20","date_gmt":"2025-03-07T07:58:20","guid":{"rendered":"https:\/\/www.hydraulic-cylinders.net\/?post_type=product&#038;p=17332"},"modified":"2025-04-11T05:31:12","modified_gmt":"2025-04-11T05:31:12","slug":"bi-directional-scriber-cylinder-for-no-tillage-machines","status":"publish","type":"product","link":"https:\/\/www.hydraulic-cylinders.net\/sv\/produkt\/bi-directional-scriber-cylinder-for-no-tillage-machines\/","title":{"rendered":"Dubbelriktad ritscylinder f\u00f6r maskiner utan jordbearbetning"},"content":{"rendered":"<h1 style=\"text-align: center;\"><strong>Dubbelriktad ritscylinder f\u00f6r maskiner utan jordbearbetning<br \/>\n<img loading=\"lazy\" decoding=\"async\" class=\"alignnone wp-image-17269\" src=\"https:\/\/www.hydraulic-cylinders.net\/wp-content\/uploads\/2025\/03\/bi-directional-scriber-cylinder-1.webp\" alt=\"\" width=\"500\" height=\"499\" srcset=\"https:\/\/www.hydraulic-cylinders.net\/wp-content\/uploads\/2025\/03\/bi-directional-scriber-cylinder-1.webp 500w, https:\/\/www.hydraulic-cylinders.net\/wp-content\/uploads\/2025\/03\/bi-directional-scriber-cylinder-1-480x479.webp 480w\" sizes=\"(min-width: 0px) and (max-width: 480px) 480px, (min-width: 481px) 500px, 100vw\" \/><br \/>\n<\/strong><\/h1>\n<p>Den dubbelriktade ritscylindern \u00e4r en avg\u00f6rande komponent f\u00f6r maskiner utan jordbearbetning och f\u00f6rb\u00e4ttrar deras effektivitet avsev\u00e4rt vid jordbearbetning och plantering. Denna innovativa cylinder m\u00f6jligg\u00f6r exakt och m\u00e5ngsidig jordhantering, vilket g\u00f6r det m\u00f6jligt f\u00f6r jordbrukare att skapa optimala planteringsf\u00f6rh\u00e5llanden samtidigt som jordstrukturen bevaras. Genom att utnyttja avancerad hydraulteknik f\u00f6rb\u00e4ttrar den dubbelriktade ritscylindern driftseffektiviteten och maximerar sk\u00f6rdarna.<\/p>\n<p>Som ett viktigt verktyg f\u00f6r moderna metoder utan jordbearbetning f\u00f6rb\u00e4ttrar den dubbelriktade ritscylindern precisionen och effektiviteten i jordhanteringen. Dess robusta konstruktion, dubbelriktade funktionalitet och enkla installation g\u00f6r det m\u00f6jligt f\u00f6r jordbrukare att uppr\u00e4tth\u00e5lla ideala planteringsf\u00f6rh\u00e5llanden med minimal jordst\u00f6rning. Genom att f\u00f6lja korrekta riktlinjer f\u00f6r anv\u00e4ndning och underh\u00e5ll kan anv\u00e4ndarna s\u00e4kerst\u00e4lla tillf\u00f6rlitlig prestanda, vilket resulterar i h\u00f6gre sk\u00f6rdar och framg\u00e5ngsrika jordbruksresultat. Att investera i en dubbelriktad ritscylinder \u00e4r ett smart beslut f\u00f6r alla jordbruksf\u00f6retag som vill \u00f6ka produktiviteten och fr\u00e4mja h\u00e5llbara metoder.<\/p>\n<h2><strong>Dubbelriktad ritscylinder f\u00f6r maskiner utan jordbearbetning Parameter:<\/strong><\/h2>\n<h1 style=\"text-align: center;\"><strong><img loading=\"lazy\" decoding=\"async\" class=\"alignnone size-full wp-image-17283\" src=\"https:\/\/www.hydraulic-cylinders.net\/wp-content\/uploads\/2025\/03\/hydraulic-cylinders-for-no-tillage-machines-parameter-1.webp\" alt=\"\" width=\"2237\" height=\"1271\" srcset=\"https:\/\/www.hydraulic-cylinders.net\/wp-content\/uploads\/2025\/03\/hydraulic-cylinders-for-no-tillage-machines-parameter-1.webp 2237w, https:\/\/www.hydraulic-cylinders.net\/wp-content\/uploads\/2025\/03\/hydraulic-cylinders-for-no-tillage-machines-parameter-1-1280x727.webp 1280w, https:\/\/www.hydraulic-cylinders.net\/wp-content\/uploads\/2025\/03\/hydraulic-cylinders-for-no-tillage-machines-parameter-1-980x557.webp 980w, https:\/\/www.hydraulic-cylinders.net\/wp-content\/uploads\/2025\/03\/hydraulic-cylinders-for-no-tillage-machines-parameter-1-480x273.webp 480w\" sizes=\"(min-width: 0px) and (max-width: 480px) 480px, (min-width: 481px) and (max-width: 980px) 980px, (min-width: 981px) and (max-width: 1280px) 1280px, (min-width: 1281px) 2237px, 100vw\" \/><\/strong><\/h1>\n<h2><strong>Dubbelriktad ritscylinder f\u00f6r maskiner utan jordbearbetning Anv\u00e4ndning:<\/strong><\/h2>\n<p><img loading=\"lazy\" decoding=\"async\" class=\"alignnone size-full wp-image-17282\" src=\"https:\/\/www.hydraulic-cylinders.net\/wp-content\/uploads\/2025\/03\/hydraulic-cylinders-for-no-tillage-machines-application-1.webp\" alt=\"\" width=\"2273\" height=\"976\" srcset=\"https:\/\/www.hydraulic-cylinders.net\/wp-content\/uploads\/2025\/03\/hydraulic-cylinders-for-no-tillage-machines-application-1.webp 2273w, https:\/\/www.hydraulic-cylinders.net\/wp-content\/uploads\/2025\/03\/hydraulic-cylinders-for-no-tillage-machines-application-1-1280x550.webp 1280w, https:\/\/www.hydraulic-cylinders.net\/wp-content\/uploads\/2025\/03\/hydraulic-cylinders-for-no-tillage-machines-application-1-980x421.webp 980w, https:\/\/www.hydraulic-cylinders.net\/wp-content\/uploads\/2025\/03\/hydraulic-cylinders-for-no-tillage-machines-application-1-480x206.webp 480w\" sizes=\"(min-width: 0px) and (max-width: 480px) 480px, (min-width: 481px) and (max-width: 980px) 980px, (min-width: 981px) and (max-width: 1280px) 1280px, (min-width: 1281px) 2273px, 100vw\" \/><\/p>\n<h2><strong>Dubbelriktad ritscylinder f\u00f6r maskiner utan jordbearbetning. Viktiga funktioner:<\/strong><\/h2>\n<h4><strong>M\u00e5ngsidig drift i tv\u00e5 riktningar<\/strong><\/h4>\n<p>Den dubbelriktade ritscylindern \u00e4r konstruerad f\u00f6r effektiv r\u00f6relse i b\u00e5da riktningarna, vilket g\u00f6r det m\u00f6jligt f\u00f6r f\u00f6rare att enkelt anpassa sig till olika f\u00e4ltf\u00f6rh\u00e5llanden. Oavsett om det g\u00e4ller att navigera i sluttningar, oj\u00e4mn terr\u00e4ng eller tr\u00e5nga utrymmen, f\u00f6rb\u00e4ttrar denna dubbelriktade kapacitet man\u00f6vrerbarheten och den totala effektiviteten. Som ett resultat kan lantbrukare t\u00e4cka mer mark p\u00e5 kortare tid och bibeh\u00e5lla h\u00f6ga produktivitetsniv\u00e5er \u00e4ven i kr\u00e4vande jordbruksmilj\u00f6er.<\/p>\n<h4><strong>Exceptionell precision<\/strong><\/h4>\n<p>Utrustad med ett avancerat hydraulsystem ger den dubbelriktade ritscylindern anm\u00e4rkningsv\u00e4rd precision i att kontrollera b\u00e5de djup och vinkel. Denna noggrannhet \u00e4r avg\u00f6rande f\u00f6r effektiv fr\u00f6placering, vilket s\u00e4kerst\u00e4ller att fr\u00f6na s\u00e5s p\u00e5 optimalt djup f\u00f6r groning. Dessutom f\u00f6rb\u00e4ttrar exakta justeringar jordluftningen, vilket \u00e4r avg\u00f6rande f\u00f6r en sund rotutveckling. Denna noggrannhet f\u00f6rb\u00e4ttrar den \u00f6vergripande kvaliteten p\u00e5 planteringsprocessen, vilket leder till b\u00e4ttre sk\u00f6rderesultat och \u00f6kade avkastningar.<\/p>\n<h4><strong>H\u00e5llbar konstruktion<\/strong><\/h4>\n<p>Den dubbelriktade ritscylindern \u00e4r tillverkad av h\u00f6gkvalitativa material och konstruerad f\u00f6r att klara av tuffa jordbruksf\u00f6rh\u00e5llanden. Dess robusta design \u00e4r slitstark och ger p\u00e5litlig prestanda under hela jordbrukss\u00e4songen. Denna h\u00e5llbarhet minskar behovet av frekventa byten, vilket sparar b\u00e5de tid och pengar f\u00f6r lantbrukare. Med fokus p\u00e5 livsl\u00e4ngd g\u00f6r cylindern det m\u00f6jligt f\u00f6r odlare att koncentrera sig p\u00e5 sina gr\u00f6dor utan att beh\u00f6va oroa sig f\u00f6r utrustningsfel.<\/p>\n<h4><strong>Anv\u00e4ndarv\u00e4nlig installation<\/strong><\/h4>\n<p>Den dubbelriktade ritscylindern \u00e4r utformad med bekv\u00e4mlighet i \u00e5tanke och har en enkel installationsprocess. Lantbrukare kan enkelt integrera den i sina befintliga jordbearbetningsmaskiner utan omfattande modifieringar. Denna enkla installation minimerar stillest\u00e5ndstiden, vilket g\u00f6r att lantbrukare snabbt kan \u00e5teruppta sin verksamhet. Med mindre tid som l\u00e4ggs p\u00e5 installation kan lantbrukare fokusera p\u00e5 att maximera produktiviteten och uppfylla sina jordbruksscheman.<\/p>\n<h4><strong>Minimal jordst\u00f6rning<\/strong><\/h4>\n<p>Utformningen av den dubbelriktade ritscylindern minskar markst\u00f6rningar avsev\u00e4rt under drift. Genom att bevara markstrukturen och fuktniv\u00e5erna fr\u00e4mjar denna funktion b\u00e4ttre rotutveckling och \u00f6vergripande gr\u00f6dh\u00e4lsa. Dessutom bidrar minskad markst\u00f6rning till att bibeh\u00e5lla nyttiga mikroorganismer, vilket bidrar till f\u00f6rb\u00e4ttrad jordb\u00f6rdighet. Denna noggranna tillv\u00e4gag\u00e5ngss\u00e4tt f\u00f6r jordhantering st\u00f6der h\u00e5llbara jordbruksmetoder och s\u00e4kerst\u00e4ller markens l\u00e5ngsiktiga livskraft.<\/p>\n<p>Sammanfattningsvis utm\u00e4rker sig den dubbelriktade ritscylindern med sin m\u00e5ngsidiga dubbelriktade drift, exceptionella precision, h\u00e5llbara konstruktion, anv\u00e4ndarv\u00e4nliga installation och minimala markst\u00f6rning. Var och en av dessa funktioner f\u00f6rb\u00e4ttrar jordbruksupplevelsen och g\u00f6r den till ett oumb\u00e4rligt verktyg f\u00f6r moderna jordbruksmetoder.<\/p>\n<h2><strong>Dubbelriktad ritscylinder f\u00f6r maskiner utan jordbearbetning Till\u00e4mplig modell:<\/strong><\/h2>\n<h1 style=\"text-align: center;\"><strong><img loading=\"lazy\" decoding=\"async\" class=\"alignnone size-full wp-image-17284\" src=\"https:\/\/www.hydraulic-cylinders.net\/wp-content\/uploads\/2025\/03\/hydraulic-cylinders-for-no-tillage-machines-2.webp\" alt=\"\" width=\"2312\" height=\"600\" srcset=\"https:\/\/www.hydraulic-cylinders.net\/wp-content\/uploads\/2025\/03\/hydraulic-cylinders-for-no-tillage-machines-2.webp 2312w, https:\/\/www.hydraulic-cylinders.net\/wp-content\/uploads\/2025\/03\/hydraulic-cylinders-for-no-tillage-machines-2-1280x332.webp 1280w, https:\/\/www.hydraulic-cylinders.net\/wp-content\/uploads\/2025\/03\/hydraulic-cylinders-for-no-tillage-machines-2-980x254.webp 980w, https:\/\/www.hydraulic-cylinders.net\/wp-content\/uploads\/2025\/03\/hydraulic-cylinders-for-no-tillage-machines-2-480x125.webp 480w\" sizes=\"(min-width: 0px) and (max-width: 480px) 480px, (min-width: 481px) and (max-width: 980px) 980px, (min-width: 981px) and (max-width: 1280px) 1280px, (min-width: 1281px) 2312px, 100vw\" \/><\/strong><\/h1>\n<h2><strong>Hur f\u00f6rb\u00e4ttrar den dubbelriktade ritscylinderns dubbelriktade drift jordbrukets effektivitet?<\/strong><\/h2>\n<p>Den dubbelriktade ritscylinderns drift f\u00f6rb\u00e4ttrar jordbrukseffektiviteten avsev\u00e4rt genom flera viktiga f\u00f6rdelar:<\/p>\n<h4><strong>\u00d6kad man\u00f6vrerbarhet<\/strong>:<\/h4>\n<p>M\u00f6jligheten att f\u00f6rflytta sig b\u00e5de fram\u00e5t och bak\u00e5t g\u00f6r att f\u00f6rarna enkelt kan navigera i olika terr\u00e4nger. Denna flexibilitet \u00e4r s\u00e4rskilt f\u00f6rdelaktig p\u00e5 f\u00e4lt med sluttningar, oj\u00e4mna ytor eller tr\u00e5nga utrymmen d\u00e4r traditionell utrustning som arbetar i en riktning kan ha problem. Genom att minska behovet av st\u00e4ndig ompositionering kan lantbrukare uppr\u00e4tth\u00e5lla ett stabilt arbetsfl\u00f6de och s\u00e4kerst\u00e4lla att varje centimeter av f\u00e4ltet hanteras effektivt.<\/p>\n<h4><strong>Tidsbesparingar<\/strong>:<\/h4>\n<p>Med dubbelriktningsfunktion kan lantbrukare t\u00e4cka mer mark p\u00e5 kortare tid. Denna funktion minimerar tiden som l\u00e4ggs p\u00e5 sv\u00e4ngar och justeringar, vilket m\u00f6jligg\u00f6r kontinuerlig drift. Som ett resultat minskas den totala tiden f\u00f6r jordberedning och planteringsuppgifter avsev\u00e4rt, vilket g\u00f6r att lantbrukarna kan slutf\u00f6ra sitt arbete mer effektivt och avs\u00e4tta tid f\u00f6r andra viktiga jordbruksaktiviteter.<\/p>\n<h4><strong>F\u00f6rb\u00e4ttrad produktivitet<\/strong>:<\/h4>\n<p>Den s\u00f6ml\u00f6sa \u00f6verg\u00e5ngen mellan olika riktningar underl\u00e4ttar arbetsfl\u00f6den och minskar avbrott. Denna effektivitet \u00e4r avg\u00f6rande under h\u00f6gs\u00e4songer n\u00e4r varje \u00f6gonblick r\u00e4knas. Genom att maximera effektiviteten i varje k\u00f6rning genom f\u00e4ltet kan lantbrukare uppn\u00e5 h\u00f6gre produktionsniv\u00e5er, vilket s\u00e4kerst\u00e4ller att de m\u00f6ter planteringsfristerna och optimerar sk\u00f6rdarna.<\/p>\n<h4><strong>F\u00f6rb\u00e4ttrad markhantering<\/strong>:<\/h4>\n<p>Utformningen av den dubbelriktade ritscylindern minimerar markst\u00f6rningar under drift, vilket \u00e4r avg\u00f6rande f\u00f6r att bibeh\u00e5lla jordens h\u00e4lsa. Genom att bevara jordens struktur och fuktniv\u00e5er fr\u00e4mjar denna funktion b\u00e4ttre rotutveckling och gr\u00f6dans \u00f6vergripande vitalitet. Dessutom bidrar minskad markst\u00f6rning till att bibeh\u00e5lla nyttiga mikroorganismer i jorden, vilket bidrar till f\u00f6rb\u00e4ttrad b\u00f6rdighet och h\u00e5llbara jordbruksmetoder.<\/p>\n<p>Sammanfattningsvis effektiviserar den dubbelriktade ritscylinderns dubbelriktningsdrift inte bara jordbruksprocesser utan st\u00f6der \u00e4ven b\u00e4ttre markhantering, vilket leder till f\u00f6rb\u00e4ttrad produktivitet och l\u00e5ngsiktig h\u00e5llbarhet i jordbruksmetoder.<\/p>\n<h2><strong>Testutrustning:<\/strong><\/h2>\n<p><strong><img loading=\"lazy\" decoding=\"async\" class=\"alignnone size-full wp-image-17293\" src=\"https:\/\/www.hydraulic-cylinders.net\/wp-content\/uploads\/2025\/03\/test-equipment.webp-2.webp\" alt=\"\" width=\"1932\" height=\"1741\" srcset=\"https:\/\/www.hydraulic-cylinders.net\/wp-content\/uploads\/2025\/03\/test-equipment.webp-2.webp 1932w, https:\/\/www.hydraulic-cylinders.net\/wp-content\/uploads\/2025\/03\/test-equipment.webp-2-1280x1153.webp 1280w, https:\/\/www.hydraulic-cylinders.net\/wp-content\/uploads\/2025\/03\/test-equipment.webp-2-980x883.webp 980w, https:\/\/www.hydraulic-cylinders.net\/wp-content\/uploads\/2025\/03\/test-equipment.webp-2-480x433.webp 480w\" sizes=\"(min-width: 0px) and (max-width: 480px) 480px, (min-width: 481px) and (max-width: 980px) 980px, (min-width: 981px) and (max-width: 1280px) 1280px, (min-width: 1281px) 1932px, 100vw\" \/><\/strong><\/p>\n<ul>\n<li>1: Saltspraytestkammare<\/li>\n<li>2: Kemisk analys<\/li>\n<li>3: Dragprovningsmaskin<\/li>\n<li>4: Rockwell-h\u00e5rdhetsm\u00e4tare<\/li>\n<li>5: Renhetstestmaskin<\/li>\n<li>6: TH110 Rebound-h\u00e5rdhetsm\u00e4tare<\/li>\n<li>7: Bel\u00e4ggningstjockleksm\u00e4tare<\/li>\n<li>8: Pendelslagprov<\/li>\n<\/ul>\n<p><img loading=\"lazy\" decoding=\"async\" class=\"alignnone size-full wp-image-17292\" src=\"https:\/\/www.hydraulic-cylinders.net\/wp-content\/uploads\/2025\/03\/test-equipment.webp-1.webp\" alt=\"\" width=\"1600\" height=\"1216\" srcset=\"https:\/\/www.hydraulic-cylinders.net\/wp-content\/uploads\/2025\/03\/test-equipment.webp-1.webp 1600w, https:\/\/www.hydraulic-cylinders.net\/wp-content\/uploads\/2025\/03\/test-equipment.webp-1-1280x973.webp 1280w, https:\/\/www.hydraulic-cylinders.net\/wp-content\/uploads\/2025\/03\/test-equipment.webp-1-980x745.webp 980w, https:\/\/www.hydraulic-cylinders.net\/wp-content\/uploads\/2025\/03\/test-equipment.webp-1-480x365.webp 480w\" sizes=\"(min-width: 0px) and (max-width: 480px) 480px, (min-width: 481px) and (max-width: 980px) 980px, (min-width: 981px) and (max-width: 1280px) 1280px, (min-width: 1281px) 1600px, 100vw\" \/><\/p>\n<p>V\u00e5rt f\u00f6retag anser att kvalitet \u00e4r grunden f\u00f6r v\u00e5r framg\u00e5ng. F\u00f6r att uppr\u00e4tth\u00e5lla detta \u00e5tagande har vi investerat i toppmodern test- och laboratorieutrustning f\u00f6r hemmabruk, med st\u00f6d av ett team av h\u00f6gkvalificerade yrkesm\u00e4n inom vetenskap och teknik.<\/p>\n<p>Vi uppr\u00e4tth\u00e5ller ett rigor\u00f6st kvalitetsledningssystem som f\u00f6ljer branschstandarder, vilket s\u00e4kerst\u00e4ller att varje parti produkter vi producerar uppfyller de h\u00f6gsta kvalitetskriterierna. Genom att standardisera v\u00e5r verksamhet och kontinuerligt \u00f6vervaka v\u00e5ra processer s\u00e4kerst\u00e4ller vi att v\u00e5ra kunder endast f\u00e5r det b\u00e4sta.<\/p>\n<p>Detta orubbliga engagemang f\u00f6r kvalitet \u00f6kar inte bara v\u00e5ra produkters tillf\u00f6rlitlighet utan bygger ocks\u00e5 f\u00f6rtroende och n\u00f6jdhet bland v\u00e5ra kunder. Vi tror att genom att prioritera excellens i alla aspekter av v\u00e5r produktion bidrar vi till v\u00e5ra partners och hela branschens framg\u00e5ng. Tillsammans str\u00e4var vi efter innovation och kvalitet som varar \u00f6ver tid.<\/p>\n<h2><strong>Produktionsplats f\u00f6r hydraulcylindrar:<\/strong><\/h2>\n<p>V\u00e5rt f\u00f6retag \u00e4r en ledande tillverkare specialiserad p\u00e5 hydraulcylindrar, med st\u00f6d av v\u00e5r egen oberoende forskning, utveckling och designkapacitet. Med en toppmodern anl\u00e4ggning som rymmer \u00f6ver 170 allm\u00e4nna verktygsmaskiner, CNC-maskiner, fleroperationsmaskiner, svetsutrustning och specialiserade test- och inspektionsverktyg, \u00e4r vi v\u00e4l rustade f\u00f6r att m\u00f6ta olika industriella krav.<\/p>\n<p>Genom \u00e5ratal av ackumulerad teknisk expertis och processf\u00f6rfining har vi etablerat en mogen produktionsprocess som s\u00f6ml\u00f6st integrerar forskning och utveckling med tillverkning. Denna integration har blivit v\u00e5r viktigaste konkurrensf\u00f6rdel, vilket g\u00f6r det m\u00f6jligt f\u00f6r oss att designa och producera ett brett utbud av hydraulcylindrar anpassade f\u00f6r att m\u00f6ta specifika kundkrav.<\/p>\n<p>V\u00e5ra produkter anv\u00e4nds i stor utstr\u00e4ckning inom olika sektorer, inklusive jordbruksmaskiner, byggutrustning, fordon, v\u00e4gteknik och specialmaskiner. Vi \u00e4r stolta \u00f6ver att st\u00f6dja ett flertal OEM-tillverkare, inklusive Bonong Xingda, Bojin Hummer, Jilin Ruifeng, Debang Dawei, Shandong Yineng Heavy Industry, Tai'an Modern Heavy Industry och Shifeng Group, bland andra.<\/p>\n<p><img loading=\"lazy\" decoding=\"async\" class=\"alignnone size-full wp-image-17290\" src=\"https:\/\/www.hydraulic-cylinders.net\/wp-content\/uploads\/2025\/03\/production-site-1.webp\" alt=\"\" width=\"1971\" height=\"2253\" srcset=\"https:\/\/www.hydraulic-cylinders.net\/wp-content\/uploads\/2025\/03\/production-site-1.webp 1971w, https:\/\/www.hydraulic-cylinders.net\/wp-content\/uploads\/2025\/03\/production-site-1-1280x1463.webp 1280w, https:\/\/www.hydraulic-cylinders.net\/wp-content\/uploads\/2025\/03\/production-site-1-980x1120.webp 980w, https:\/\/www.hydraulic-cylinders.net\/wp-content\/uploads\/2025\/03\/production-site-1-480x549.webp 480w\" sizes=\"(min-width: 0px) and (max-width: 480px) 480px, (min-width: 481px) and (max-width: 980px) 980px, (min-width: 981px) and (max-width: 1280px) 1280px, (min-width: 1281px) 1971px, 100vw\" \/><\/p>\n<p>Vi \u00e4r dedikerade till att erbjuda exceptionell service genom en stark kvalitetspolicy som prioriterar kontinuerlig innovation inom forskning och utveckling, ledning, kvalitetskontroll och kundservice. V\u00e5rt engagemang f\u00f6r kvalitet har erk\u00e4nts med ISO\/TS16949-certifiering, vilket s\u00e4kerst\u00e4ller att vi inte bara uppfyller utan konsekvent \u00f6vertr\u00e4ffar v\u00e5ra kunders f\u00f6rv\u00e4ntningar.<\/p>\n<p>Fram\u00f6ver kommer vi att forts\u00e4tta utveckla v\u00e5r teknologi och bredda v\u00e5r kapacitet, med str\u00e4van att alltid leverera produkter och tj\u00e4nster av h\u00f6gsta kvalitet till v\u00e5ra kunder. Tillsammans skapar vi ett arv av spetskompetens inom hydraulcylinderbranschen.<\/p>\n<p><strong>\u00a0<\/strong><\/p>","protected":false},"excerpt":{"rendered":"<p>BI-Directional Scriber Cylinder For No Tillage Machines The BI-Directional Scriber Cylinder is a crucial component for no-tillage machines, significantly enhancing their effectiveness in soil preparation and planting. This innovative cylinder allows for precise and versatile soil management, enabling farmers to create optimal planting conditions while preserving the soil structure. By leveraging advanced hydraulic technology, the [&hellip;]<\/p>","protected":false},"featured_media":17303,"comment_status":"open","ping_status":"closed","template":"","meta":{"_et_pb_use_builder":"","_et_pb_old_content":"","_et_gb_content_width":""},"product_brand":[],"product_cat":[1550,1530,1376],"product_tag":[],"class_list":{"0":"post-17332","1":"product","2":"type-product","3":"status-publish","4":"has-post-thumbnail","6":"product_cat-double-acting-hydraulic-cylinder","7":"product_cat-no-tillage-machinery-hydraulic-cylinders","8":"product_cat-hydraulic-cylinder","10":"first","11":"instock","12":"shipping-taxable","13":"product-type-simple"},"amp_enabled":true,"_links":{"self":[{"href":"https:\/\/www.hydraulic-cylinders.net\/sv\/wp-json\/wp\/v2\/product\/17332","targetHints":{"allow":["GET"]}}],"collection":[{"href":"https:\/\/www.hydraulic-cylinders.net\/sv\/wp-json\/wp\/v2\/product"}],"about":[{"href":"https:\/\/www.hydraulic-cylinders.net\/sv\/wp-json\/wp\/v2\/types\/product"}],"replies":[{"embeddable":true,"href":"https:\/\/www.hydraulic-cylinders.net\/sv\/wp-json\/wp\/v2\/comments?post=17332"}],"wp:featuredmedia":[{"embeddable":true,"href":"https:\/\/www.hydraulic-cylinders.net\/sv\/wp-json\/wp\/v2\/media\/17303"}],"wp:attachment":[{"href":"https:\/\/www.hydraulic-cylinders.net\/sv\/wp-json\/wp\/v2\/media?parent=17332"}],"wp:term":[{"taxonomy":"product_brand","embeddable":true,"href":"https:\/\/www.hydraulic-cylinders.net\/sv\/wp-json\/wp\/v2\/product_brand?post=17332"},{"taxonomy":"product_cat","embeddable":true,"href":"https:\/\/www.hydraulic-cylinders.net\/sv\/wp-json\/wp\/v2\/product_cat?post=17332"},{"taxonomy":"product_tag","embeddable":true,"href":"https:\/\/www.hydraulic-cylinders.net\/sv\/wp-json\/wp\/v2\/product_tag?post=17332"}],"curies":[{"name":"wp","href":"https:\/\/api.w.org\/{rel}","templated":true}]}}