{"id":17333,"date":"2025-03-07T07:52:56","date_gmt":"2025-03-07T07:52:56","guid":{"rendered":"https:\/\/www.hydraulic-cylinders.net\/?post_type=product&#038;p=17333"},"modified":"2025-04-11T03:04:59","modified_gmt":"2025-04-11T03:04:59","slug":"main-and-auxiliary-lifting-spring-cylinders-for-no-tillage-machines","status":"publish","type":"product","link":"https:\/\/www.hydraulic-cylinders.net\/sv\/produkt\/main-and-auxiliary-lifting-spring-cylinders-for-no-tillage-machines\/","title":{"rendered":"Huvud- och hj\u00e4lplyftfj\u00e4dercylindrar f\u00f6r maskiner utan jordbearbetning"},"content":{"rendered":"<h1 style=\"text-align: center;\"><strong>Huvud- och hj\u00e4lplyftfj\u00e4dercylindrar f\u00f6r maskiner utan jordbearbetning<br \/>\n<img loading=\"lazy\" decoding=\"async\" class=\"alignnone wp-image-17289\" src=\"https:\/\/www.hydraulic-cylinders.net\/wp-content\/uploads\/2025\/03\/main-and-auxiliary-lifting-spring-cylinder-1-1.webp\" alt=\"\" width=\"500\" height=\"500\" srcset=\"https:\/\/www.hydraulic-cylinders.net\/wp-content\/uploads\/2025\/03\/main-and-auxiliary-lifting-spring-cylinder-1-1.webp 500w, https:\/\/www.hydraulic-cylinders.net\/wp-content\/uploads\/2025\/03\/main-and-auxiliary-lifting-spring-cylinder-1-1-480x480.webp 480w\" sizes=\"(min-width: 0px) and (max-width: 480px) 480px, (min-width: 481px) 500px, 100vw\" \/><br \/>\n<\/strong><\/h1>\n<p>Huvud- och hj\u00e4lplyftcylindrar \u00e4r viktiga komponenter i maskiner f\u00f6r jordbearbetning, skickligt utformade f\u00f6r att f\u00f6rb\u00e4ttra b\u00e5de funktionalitet och effektivitet. Dessa hydraulcylindrar m\u00f6jligg\u00f6r exakt lyftning och s\u00e4nkning av utrustning, vilket s\u00e4kerst\u00e4ller s\u00f6ml\u00f6s drift under kritiska jordbruksuppgifter. Med sin robusta konstruktion och avancerade teknik \u00e4r de avg\u00f6rande i modernt jordbruk och bidrar till b\u00e4ttre jordhantering och \u00f6kade sk\u00f6rdar.<\/p>\n<p>Dessa lyftande fj\u00e4dercylindrar \u00e4r avg\u00f6rande f\u00f6r effektiv prestanda hos maskiner f\u00f6r jordbearbetning. Deras imponerande lastkapacitet, h\u00e5llbara design och smidiga drift \u00f6kar jordbrukets effektivitet avsev\u00e4rt. N\u00e4r jordbrukare f\u00f6ljer korrekt anv\u00e4ndning och underh\u00e5ll kan de lita p\u00e5 att dessa cylindrar fungerar tillf\u00f6rlitligt, vilket leder till f\u00f6rb\u00e4ttrad produktivitet och framg\u00e5ngsrika jordbruksresultat. Att investera i h\u00f6gkvalitativa lyftande fj\u00e4dercylindrar \u00e4r ett smart val f\u00f6r alla fram\u00e5tt\u00e4nkande jordbruksverksamheter.<\/p>\n<h2><strong>Huvud- och hj\u00e4lplyftcylindrar f\u00f6r maskiner utan jordbearbetning Maskinparameter:<\/strong><\/h2>\n<h1 style=\"text-align: center;\"><strong><img loading=\"lazy\" decoding=\"async\" class=\"alignnone size-full wp-image-17283\" src=\"https:\/\/www.hydraulic-cylinders.net\/wp-content\/uploads\/2025\/03\/hydraulic-cylinders-for-no-tillage-machines-parameter-1.webp\" alt=\"\" width=\"2237\" height=\"1271\" srcset=\"https:\/\/www.hydraulic-cylinders.net\/wp-content\/uploads\/2025\/03\/hydraulic-cylinders-for-no-tillage-machines-parameter-1.webp 2237w, https:\/\/www.hydraulic-cylinders.net\/wp-content\/uploads\/2025\/03\/hydraulic-cylinders-for-no-tillage-machines-parameter-1-1280x727.webp 1280w, https:\/\/www.hydraulic-cylinders.net\/wp-content\/uploads\/2025\/03\/hydraulic-cylinders-for-no-tillage-machines-parameter-1-980x557.webp 980w, https:\/\/www.hydraulic-cylinders.net\/wp-content\/uploads\/2025\/03\/hydraulic-cylinders-for-no-tillage-machines-parameter-1-480x273.webp 480w\" sizes=\"(min-width: 0px) and (max-width: 480px) 480px, (min-width: 481px) and (max-width: 980px) 980px, (min-width: 981px) and (max-width: 1280px) 1280px, (min-width: 1281px) 2237px, 100vw\" \/><\/strong><\/h1>\n<h2><strong>Huvud- och hj\u00e4lplyftfj\u00e4dercylindrar f\u00f6r maskiner utan jordbearbetningstill\u00e4mpning:<\/strong><\/h2>\n<p><img loading=\"lazy\" decoding=\"async\" class=\"alignnone size-full wp-image-17282\" src=\"https:\/\/www.hydraulic-cylinders.net\/wp-content\/uploads\/2025\/03\/hydraulic-cylinders-for-no-tillage-machines-application-1.webp\" alt=\"\" width=\"2273\" height=\"976\" srcset=\"https:\/\/www.hydraulic-cylinders.net\/wp-content\/uploads\/2025\/03\/hydraulic-cylinders-for-no-tillage-machines-application-1.webp 2273w, https:\/\/www.hydraulic-cylinders.net\/wp-content\/uploads\/2025\/03\/hydraulic-cylinders-for-no-tillage-machines-application-1-1280x550.webp 1280w, https:\/\/www.hydraulic-cylinders.net\/wp-content\/uploads\/2025\/03\/hydraulic-cylinders-for-no-tillage-machines-application-1-980x421.webp 980w, https:\/\/www.hydraulic-cylinders.net\/wp-content\/uploads\/2025\/03\/hydraulic-cylinders-for-no-tillage-machines-application-1-480x206.webp 480w\" sizes=\"(min-width: 0px) and (max-width: 480px) 480px, (min-width: 481px) and (max-width: 980px) 980px, (min-width: 981px) and (max-width: 1280px) 1280px, (min-width: 1281px) 2273px, 100vw\" \/><\/p>\n<h2><strong>Huvud- och hj\u00e4lplyftfj\u00e4dercylindrar f\u00f6r maskiner utan jordbearbetning. Viktiga funktioner:<\/strong><\/h2>\n<h4><strong>Exceptionell lastkapacitet<\/strong><\/h4>\n<p>Dessa lyftcylindrar \u00e4r konstruerade f\u00f6r att hantera betydande vikter och ger den kraft som kr\u00e4vs f\u00f6r att lyfta tunga jordbruksredskap utan anstr\u00e4ngning. Denna imponerande lastkapacitet g\u00f6r det m\u00f6jligt f\u00f6r lantbrukare att ta sig an kr\u00e4vande uppgifter med tillf\u00f6rsikt, vilket \u00f6kar effektiviteten och m\u00f6jligg\u00f6r hantering av st\u00f6rre f\u00e4lt och mer komplexa operationer.<\/p>\n<h4><strong>Robust m\u00e5ngsidighet<\/strong><\/h4>\n<p>Dessa cylindrar \u00e4r utformade f\u00f6r att vara kompatibla med ett brett utbud av jordbearbetningsmaskiner och erbjuder anm\u00e4rkningsv\u00e4rd m\u00e5ngsidighet f\u00f6r olika jordbrukstill\u00e4mpningar. Deras f\u00f6rm\u00e5ga att integreras s\u00f6ml\u00f6st med befintlig utrustning inneb\u00e4r att lantbrukare kan uppgradera sina maskiner utan besv\u00e4ret med omfattande modifieringar. Denna anpassningsf\u00f6rm\u00e5ga fr\u00e4mjar skr\u00e4ddarsydda l\u00f6sningar som m\u00f6ter specifika driftsbehov, vilket i slut\u00e4ndan \u00f6kar den totala produktiviteten.<\/p>\n<h4><strong>Smidig och effektiv drift<\/strong><\/h4>\n<p>Den avancerade hydrauliska konstruktionen hos dessa cylindrar minimerar friktion, vilket resulterar i smidiga och kontrollerade lyft- och s\u00e4nkningsr\u00f6relser. Denna funktion f\u00f6rb\u00e4ttrar inte bara driftseffektiviteten utan g\u00f6r det ocks\u00e5 m\u00f6jligt f\u00f6r lantbrukare att utf\u00f6ra sina uppgifter med st\u00f6rre precision. Den s\u00f6ml\u00f6sa driften bidrar till f\u00f6rb\u00e4ttrat arbetsfl\u00f6de, b\u00e4ttre jordhantering och optimal gr\u00f6dplacering.<\/p>\n<h4><strong>H\u00e5llbar konstruktion<\/strong><\/h4>\n<p>Dessa lyftande fj\u00e4dercylindrar \u00e4r tillverkade av h\u00f6gkvalitativa material och byggda f\u00f6r att klara av utmaningarna i tuffa jordbruksmilj\u00f6er. Deras robusta konstruktion motst\u00e5r slitage, vilket s\u00e4kerst\u00e4ller l\u00e5ngvarig prestanda \u00e4ven under kr\u00e4vande f\u00f6rh\u00e5llanden. Denna h\u00e5llbarhet minskar antalet byten, vilket g\u00f6r att lantbrukarna kan koncentrera sig p\u00e5 sitt arbete snarare \u00e4n underh\u00e5ll av utrustningen.<\/p>\n<h4><strong>Enkel installation<\/strong><\/h4>\n<p>Dessa lyftande fj\u00e4dercylindrar \u00e4r utformade med anv\u00e4ndarv\u00e4nlighet i \u00e5tanke och m\u00f6jligg\u00f6r enkel installation, vilket minimerar driftstopp under installationen. Lantbrukare kan snabbt och effektivt integrera dessa cylindrar i sin verksamhet och komma tillbaka till arbetet utan f\u00f6rseningar. Denna enkla installation hj\u00e4lper till att optimera produktiviteten redan fr\u00e5n b\u00f6rjan.<\/p>\n<p>Genom att v\u00e4lja dessa h\u00f6gpresterande lyftande fj\u00e4dercylindrar kan lantbrukare avsev\u00e4rt f\u00f6rb\u00e4ttra sina maskiner f\u00f6r jordbearbetning, vilket s\u00e4kerst\u00e4ller tillf\u00f6rlitlig drift och f\u00f6rb\u00e4ttrad jordbrukseffektivitet. Att investera i kvalitetskomponenter leder till en mer produktiv och framg\u00e5ngsrik lantbruksupplevelse, vilket banar v\u00e4g f\u00f6r en ljusare jordbruksframtid.<\/p>\n<h2><strong>Huvud- och hj\u00e4lplyftfj\u00e4dercylindrar f\u00f6r maskiner utan jordbearbetning Till\u00e4mplig modell:<\/strong><\/h2>\n<h1 style=\"text-align: center;\"><strong><img loading=\"lazy\" decoding=\"async\" class=\"alignnone size-full wp-image-17284\" src=\"https:\/\/www.hydraulic-cylinders.net\/wp-content\/uploads\/2025\/03\/hydraulic-cylinders-for-no-tillage-machines-2.webp\" alt=\"\" width=\"2312\" height=\"600\" srcset=\"https:\/\/www.hydraulic-cylinders.net\/wp-content\/uploads\/2025\/03\/hydraulic-cylinders-for-no-tillage-machines-2.webp 2312w, https:\/\/www.hydraulic-cylinders.net\/wp-content\/uploads\/2025\/03\/hydraulic-cylinders-for-no-tillage-machines-2-1280x332.webp 1280w, https:\/\/www.hydraulic-cylinders.net\/wp-content\/uploads\/2025\/03\/hydraulic-cylinders-for-no-tillage-machines-2-980x254.webp 980w, https:\/\/www.hydraulic-cylinders.net\/wp-content\/uploads\/2025\/03\/hydraulic-cylinders-for-no-tillage-machines-2-480x125.webp 480w\" sizes=\"(min-width: 0px) and (max-width: 480px) 480px, (min-width: 481px) and (max-width: 980px) 980px, (min-width: 981px) and (max-width: 1280px) 1280px, (min-width: 1281px) 2312px, 100vw\" \/><\/strong><\/h1>\n<h2><strong>Huvud- och hj\u00e4lplyftfj\u00e4dercylindrar f\u00f6r maskiner utan jordbearbetning Anv\u00e4ndningsmetod:<\/strong><\/h2>\n<p><img loading=\"lazy\" decoding=\"async\" class=\"aligncenter wp-image-1044961\" src=\"https:\/\/images.hzpt.com\/2025\/03\/main-and-auxiliary-lifting-spring-cylinder-installation-1.webp\" alt=\"\" width=\"500\" height=\"575\" \/><\/p>\n<p>F\u00f6r att maximera effektiviteten hos huvud- och hj\u00e4lplyftfj\u00e4dercylindrar, \u00f6verv\u00e4g dessa viktiga steg:<\/p>\n<h4><strong>1. Installation<\/strong><\/h4>\n<p>B\u00f6rja med att installera lyftfj\u00e4dercylindrarna i strikt enlighet med tillverkarens riktlinjer. Korrekt installation \u00e4r avg\u00f6rande f\u00f6r att uppn\u00e5 optimal prestanda. Ta dig tid att s\u00e4kra alla anslutningar f\u00f6r att f\u00f6rhindra l\u00e4ckage, vilket kan orsaka ineffektivitet och potentiella skador. Se till att cylindrarna \u00e4r korrekt justerade, s\u00e5 att de kan fungera smidigt i jordbearbetningsmaskinen. En v\u00e4l installerad cylinder f\u00f6rb\u00e4ttrar inte bara funktionaliteten utan f\u00f6rb\u00e4ttrar ocks\u00e5 utrustningens \u00f6vergripande s\u00e4kerhet.<\/p>\n<h4><strong>2. Inspektion av hydraulsystemet<\/strong><\/h4>\n<p>Innan du p\u00e5b\u00f6rjar n\u00e5gon operation, utf\u00f6r en noggrann inspektion av hydraulsystemet. Kontrollera hydraulv\u00e4tskeniv\u00e5erna f\u00f6r att bekr\u00e4fta att de ligger inom det rekommenderade intervallet, eftersom otillr\u00e4cklig v\u00e4tska kan f\u00f6rs\u00e4mra prestandan och leda till systemfel. Unders\u00f6k slangar och kopplingar f\u00f6r tecken p\u00e5 slitage, sprickor eller l\u00e4ckor. Att uppr\u00e4tth\u00e5lla korrekt hydraultryck \u00e4r avg\u00f6rande f\u00f6r effektiv lyftning och s\u00e4kerst\u00e4ller att maskinen fungerar optimalt. Regelbundna inspektioner rekommenderas f\u00f6r att uppt\u00e4cka potentiella problem tidigt.<\/p>\n<h4><strong>3. Engagemang<\/strong><\/h4>\n<p>Efter installation och inspektion, aktivera hydraulsystemet f\u00f6r att lyfta eller s\u00e4nka komponenterna i jordbearbetningsmaskinen. Anv\u00e4nd man\u00f6verspakarna noggrant, vilket m\u00f6jligg\u00f6r gradvisa och exakta r\u00f6relser. Denna noggranna metod m\u00f6jligg\u00f6r exakta justeringar baserat p\u00e5 varierande f\u00e4ltf\u00f6rh\u00e5llanden, s\u00e5som terr\u00e4ngf\u00f6r\u00e4ndringar eller gr\u00f6dans h\u00f6jd. Smidig inkoppling av hydraulsystemet f\u00f6rb\u00e4ttrar inte bara effektiviteten utan f\u00f6rb\u00e4ttrar \u00e4ven den \u00f6vergripande jordhanteringen.<\/p>\n<h4><strong>4. Prestanda\u00f6vervakning<\/strong><\/h4>\n<p>H\u00e5ll noga koll p\u00e5 lyftcylindrarnas prestanda under arbetet. Lyssna regelbundet efter ovanliga ljud, s\u00e5som slipande ljud eller \u00f6verdrivet buller, och var uppm\u00e4rksam p\u00e5 tecken p\u00e5 motst\u00e5nd vid lyftning och s\u00e4nkning. Dessa indikatorer kan tyda p\u00e5 underh\u00e5llsbehov eller mekaniska problem. Att uppt\u00e4cka problem tidigt m\u00f6jligg\u00f6r snabba reparationer, vilket hj\u00e4lper till att undvika kostsamma driftstopp och s\u00e4kerst\u00e4ller att maskinerna f\u00f6rblir i optimalt skick. Genom att vara vaksamma kan lantbrukare f\u00f6rl\u00e4nga livsl\u00e4ngden och tillf\u00f6rlitligheten hos sina lyftfj\u00e4dercylindrar.<\/p>\n<p>Genom att f\u00f6lja dessa steg kan anv\u00e4ndarna s\u00e4kerst\u00e4lla att deras huvud- och hj\u00e4lplyftcylindrar fungerar effektivt, vilket leder till f\u00f6rb\u00e4ttrad produktivitet och framg\u00e5ngsrika jordbruksresultat.<\/p>\n<h2><strong>Testutrustning:<\/strong><\/h2>\n<p><strong><img loading=\"lazy\" decoding=\"async\" class=\"alignnone size-full wp-image-17293\" src=\"https:\/\/www.hydraulic-cylinders.net\/wp-content\/uploads\/2025\/03\/test-equipment.webp-2.webp\" alt=\"\" width=\"1932\" height=\"1741\" srcset=\"https:\/\/www.hydraulic-cylinders.net\/wp-content\/uploads\/2025\/03\/test-equipment.webp-2.webp 1932w, https:\/\/www.hydraulic-cylinders.net\/wp-content\/uploads\/2025\/03\/test-equipment.webp-2-1280x1153.webp 1280w, https:\/\/www.hydraulic-cylinders.net\/wp-content\/uploads\/2025\/03\/test-equipment.webp-2-980x883.webp 980w, https:\/\/www.hydraulic-cylinders.net\/wp-content\/uploads\/2025\/03\/test-equipment.webp-2-480x433.webp 480w\" sizes=\"(min-width: 0px) and (max-width: 480px) 480px, (min-width: 481px) and (max-width: 980px) 980px, (min-width: 981px) and (max-width: 1280px) 1280px, (min-width: 1281px) 1932px, 100vw\" \/><\/strong><\/p>\n<ul>\n<li>1: Saltspraytestkammare<\/li>\n<li>2: Kemisk analys<\/li>\n<li>3: Dragprovningsmaskin<\/li>\n<li>4: Rockwell-h\u00e5rdhetsm\u00e4tare<\/li>\n<li>5: Renhetstestmaskin<\/li>\n<li>6: TH110 Rebound-h\u00e5rdhetsm\u00e4tare<\/li>\n<li>7: Bel\u00e4ggningstjockleksm\u00e4tare<\/li>\n<li>8: Pendelslagprov<\/li>\n<\/ul>\n<p><img loading=\"lazy\" decoding=\"async\" class=\"alignnone size-full wp-image-17292\" src=\"https:\/\/www.hydraulic-cylinders.net\/wp-content\/uploads\/2025\/03\/test-equipment.webp-1.webp\" alt=\"\" width=\"1600\" height=\"1216\" srcset=\"https:\/\/www.hydraulic-cylinders.net\/wp-content\/uploads\/2025\/03\/test-equipment.webp-1.webp 1600w, https:\/\/www.hydraulic-cylinders.net\/wp-content\/uploads\/2025\/03\/test-equipment.webp-1-1280x973.webp 1280w, https:\/\/www.hydraulic-cylinders.net\/wp-content\/uploads\/2025\/03\/test-equipment.webp-1-980x745.webp 980w, https:\/\/www.hydraulic-cylinders.net\/wp-content\/uploads\/2025\/03\/test-equipment.webp-1-480x365.webp 480w\" sizes=\"(min-width: 0px) and (max-width: 480px) 480px, (min-width: 481px) and (max-width: 980px) 980px, (min-width: 981px) and (max-width: 1280px) 1280px, (min-width: 1281px) 1600px, 100vw\" \/><\/p>\n<p>V\u00e5rt f\u00f6retag anser att kvalitet \u00e4r grunden f\u00f6r v\u00e5r framg\u00e5ng. F\u00f6r att uppr\u00e4tth\u00e5lla detta \u00e5tagande har vi investerat i toppmodern test- och laboratorieutrustning f\u00f6r hemmabruk, med st\u00f6d av ett team av h\u00f6gkvalificerade yrkesm\u00e4n inom vetenskap och teknik.<\/p>\n<p>Vi uppr\u00e4tth\u00e5ller ett rigor\u00f6st kvalitetsledningssystem som f\u00f6ljer branschstandarder, vilket s\u00e4kerst\u00e4ller att varje parti produkter vi producerar uppfyller de h\u00f6gsta kvalitetskriterierna. Genom att standardisera v\u00e5r verksamhet och kontinuerligt \u00f6vervaka v\u00e5ra processer s\u00e4kerst\u00e4ller vi att v\u00e5ra kunder endast f\u00e5r det b\u00e4sta.<\/p>\n<p>Detta orubbliga engagemang f\u00f6r kvalitet \u00f6kar inte bara v\u00e5ra produkters tillf\u00f6rlitlighet utan bygger ocks\u00e5 f\u00f6rtroende och n\u00f6jdhet bland v\u00e5ra kunder. Vi tror att genom att prioritera excellens i alla aspekter av v\u00e5r produktion bidrar vi till v\u00e5ra partners och hela branschens framg\u00e5ng. Tillsammans str\u00e4var vi efter innovation och kvalitet som varar \u00f6ver tid.<\/p>\n<h2><strong>Produktionsplats f\u00f6r hydraulcylindrar:<\/strong><\/h2>\n<p>V\u00e5rt f\u00f6retag \u00e4r en ledande tillverkare specialiserad p\u00e5 hydraulcylindrar, med st\u00f6d av v\u00e5r egen oberoende forskning, utveckling och designkapacitet. Med en toppmodern anl\u00e4ggning som rymmer \u00f6ver 170 allm\u00e4nna verktygsmaskiner, CNC-maskiner, fleroperationsmaskiner, svetsutrustning och specialiserade test- och inspektionsverktyg, \u00e4r vi v\u00e4l rustade f\u00f6r att m\u00f6ta olika industriella krav.<\/p>\n<p>Genom \u00e5ratal av ackumulerad teknisk expertis och processf\u00f6rfining har vi etablerat en mogen produktionsprocess som s\u00f6ml\u00f6st integrerar forskning och utveckling med tillverkning. Denna integration har blivit v\u00e5r viktigaste konkurrensf\u00f6rdel, vilket g\u00f6r det m\u00f6jligt f\u00f6r oss att designa och producera ett brett utbud av hydraulcylindrar anpassade f\u00f6r att m\u00f6ta specifika kundkrav.<\/p>\n<p>V\u00e5ra produkter anv\u00e4nds i stor utstr\u00e4ckning inom olika sektorer, inklusive jordbruksmaskiner, byggutrustning, fordon, v\u00e4gteknik och specialmaskiner. Vi \u00e4r stolta \u00f6ver att st\u00f6dja ett flertal OEM-tillverkare, inklusive Bonong Xingda, Bojin Hummer, Jilin Ruifeng, Debang Dawei, Shandong Yineng Heavy Industry, Tai'an Modern Heavy Industry och Shifeng Group, bland andra.<\/p>\n<p><img loading=\"lazy\" decoding=\"async\" class=\"alignnone size-full wp-image-17290\" src=\"https:\/\/www.hydraulic-cylinders.net\/wp-content\/uploads\/2025\/03\/production-site-1.webp\" alt=\"\" width=\"1971\" height=\"2253\" srcset=\"https:\/\/www.hydraulic-cylinders.net\/wp-content\/uploads\/2025\/03\/production-site-1.webp 1971w, https:\/\/www.hydraulic-cylinders.net\/wp-content\/uploads\/2025\/03\/production-site-1-1280x1463.webp 1280w, https:\/\/www.hydraulic-cylinders.net\/wp-content\/uploads\/2025\/03\/production-site-1-980x1120.webp 980w, https:\/\/www.hydraulic-cylinders.net\/wp-content\/uploads\/2025\/03\/production-site-1-480x549.webp 480w\" sizes=\"(min-width: 0px) and (max-width: 480px) 480px, (min-width: 481px) and (max-width: 980px) 980px, (min-width: 981px) and (max-width: 1280px) 1280px, (min-width: 1281px) 1971px, 100vw\" \/><\/p>\n<p>Vi \u00e4r dedikerade till att erbjuda exceptionell service genom en stark kvalitetspolicy som prioriterar kontinuerlig innovation inom forskning och utveckling, ledning, kvalitetskontroll och kundservice. V\u00e5rt engagemang f\u00f6r kvalitet har erk\u00e4nts med ISO\/TS16949-certifiering, vilket s\u00e4kerst\u00e4ller att vi inte bara uppfyller utan konsekvent \u00f6vertr\u00e4ffar v\u00e5ra kunders f\u00f6rv\u00e4ntningar.<\/p>\n<p>Fram\u00f6ver kommer vi att forts\u00e4tta utveckla v\u00e5r teknologi och bredda v\u00e5r kapacitet, med str\u00e4van att alltid leverera produkter och tj\u00e4nster av h\u00f6gsta kvalitet till v\u00e5ra kunder. Tillsammans skapar vi ett arv av spetskompetens inom hydraulcylinderbranschen.<\/p>\n<p><strong>\u00a0<\/strong><\/p>","protected":false},"excerpt":{"rendered":"<p>Main And Auxiliary Lifting Spring Cylinders For No Tillage Machines Main and auxiliary lifting spring cylinders are essential components of no-tillage machines, skillfully designed to enhance both functionality and efficiency. These hydraulic cylinders enable precise lifting and lowering of equipment, ensuring seamless operation during critical agricultural tasks. With their robust construction and advanced engineering, they [&hellip;]<\/p>","protected":false},"featured_media":17335,"comment_status":"open","ping_status":"closed","template":"","meta":{"_et_pb_use_builder":"","_et_pb_old_content":"","_et_gb_content_width":""},"product_brand":[],"product_cat":[1530,1549,1376],"product_tag":[],"class_list":{"0":"post-17333","1":"product","2":"type-product","3":"status-publish","4":"has-post-thumbnail","6":"product_cat-no-tillage-machinery-hydraulic-cylinders","7":"product_cat-single-acting-hydraulic-cylinder","8":"product_cat-hydraulic-cylinder","10":"first","11":"instock","12":"shipping-taxable","13":"product-type-simple"},"amp_enabled":true,"_links":{"self":[{"href":"https:\/\/www.hydraulic-cylinders.net\/sv\/wp-json\/wp\/v2\/product\/17333","targetHints":{"allow":["GET"]}}],"collection":[{"href":"https:\/\/www.hydraulic-cylinders.net\/sv\/wp-json\/wp\/v2\/product"}],"about":[{"href":"https:\/\/www.hydraulic-cylinders.net\/sv\/wp-json\/wp\/v2\/types\/product"}],"replies":[{"embeddable":true,"href":"https:\/\/www.hydraulic-cylinders.net\/sv\/wp-json\/wp\/v2\/comments?post=17333"}],"wp:featuredmedia":[{"embeddable":true,"href":"https:\/\/www.hydraulic-cylinders.net\/sv\/wp-json\/wp\/v2\/media\/17335"}],"wp:attachment":[{"href":"https:\/\/www.hydraulic-cylinders.net\/sv\/wp-json\/wp\/v2\/media?parent=17333"}],"wp:term":[{"taxonomy":"product_brand","embeddable":true,"href":"https:\/\/www.hydraulic-cylinders.net\/sv\/wp-json\/wp\/v2\/product_brand?post=17333"},{"taxonomy":"product_cat","embeddable":true,"href":"https:\/\/www.hydraulic-cylinders.net\/sv\/wp-json\/wp\/v2\/product_cat?post=17333"},{"taxonomy":"product_tag","embeddable":true,"href":"https:\/\/www.hydraulic-cylinders.net\/sv\/wp-json\/wp\/v2\/product_tag?post=17333"}],"curies":[{"name":"wp","href":"https:\/\/api.w.org\/{rel}","templated":true}]}}