{"id":17336,"date":"2025-03-07T08:15:05","date_gmt":"2025-03-07T08:15:05","guid":{"rendered":"https:\/\/www.hydraulic-cylinders.net\/?post_type=product&#038;p=17336"},"modified":"2025-04-11T03:04:56","modified_gmt":"2025-04-11T03:04:56","slug":"unidirectional-scriber-cylinder-for-no-tillage-machines","status":"publish","type":"product","link":"https:\/\/www.hydraulic-cylinders.net\/sv\/produkt\/unidirectional-scriber-cylinder-for-no-tillage-machines\/","title":{"rendered":"Enriktad ritscylinder f\u00f6r maskiner utan jordbearbetning"},"content":{"rendered":"<h1 style=\"text-align: center;\"><strong>Enriktad ritscylinder f\u00f6r maskiner utan jordbearbetning<\/strong><\/h1>\n<h1 style=\"text-align: center;\"><strong><img loading=\"lazy\" decoding=\"async\" class=\"alignnone wp-image-17299\" src=\"https:\/\/www.hydraulic-cylinders.net\/wp-content\/uploads\/2025\/03\/unidirectional-scriber-cylinder-1.webp\" alt=\"\" width=\"500\" height=\"521\" srcset=\"https:\/\/www.hydraulic-cylinders.net\/wp-content\/uploads\/2025\/03\/unidirectional-scriber-cylinder-1.webp 500w, https:\/\/www.hydraulic-cylinders.net\/wp-content\/uploads\/2025\/03\/unidirectional-scriber-cylinder-1-480x500.webp 480w\" sizes=\"(min-width: 0px) and (max-width: 480px) 480px, (min-width: 481px) 500px, 100vw\" \/><br \/>\n<\/strong><\/h1>\n<p>Den enriktade ritscylindern \u00e4r en viktig komponent som \u00e4r speciellt konstruerad f\u00f6r maskiner utan jordbearbetning. Detta innovativa verktyg f\u00f6rb\u00e4ttrar jordbearbetning och planteringsprocesser avsev\u00e4rt, vilket g\u00f6r det m\u00f6jligt f\u00f6r jordbrukare att skapa optimala planteringsf\u00f6rh\u00e5llanden med st\u00f6rre effektivitet. Genom att minimera jordst\u00f6rningar spelar den enriktade ritscylindern en avg\u00f6rande roll f\u00f6r att bevara jordstrukturen och fuktniv\u00e5erna, vilket \u00e4r avg\u00f6rande f\u00f6r att fr\u00e4mja en sund gr\u00f6dotillv\u00e4xt. Dess avancerade design och funktionalitet g\u00f6r den till en v\u00e4rdefull tillg\u00e5ng i moderna jordbruksmetoder.<\/p>\n<p>Som ett oumb\u00e4rligt verktyg f\u00f6r jordbearbetning f\u00f6rb\u00e4ttrar den enriktade ritscylindern b\u00e5de precision och effektivitet i jordhanteringen. Dess robusta konstruktion garanterar h\u00e5llbarhet, medan den enkla installationsprocessen m\u00f6jligg\u00f6r snabb integration i befintliga maskiner. Genom att minska markst\u00f6rningar st\u00f6der den h\u00e5llbara jordbruksmetoder och hj\u00e4lper lantbrukare att uppn\u00e5 ideala planteringsf\u00f6rh\u00e5llanden.<\/p>\n<p>Att f\u00f6lja korrekta riktlinjer f\u00f6r anv\u00e4ndning och underh\u00e5ll s\u00e4kerst\u00e4ller tillf\u00f6rlitlig prestanda, vilket i slut\u00e4ndan leder till f\u00f6rb\u00e4ttrade sk\u00f6rdar och framg\u00e5ngsrika jordbruksresultat. Att investera i en enriktad ritscylinder \u00e4r ett klokt beslut f\u00f6r alla jordbruksverksamheter som syftar till att \u00f6ka produktiviteten och driftseffektiviteten.<\/p>\n<h2><strong>Enriktad ritscylinder f\u00f6r maskiner utan jordbearbetning Parameter:<\/strong><\/h2>\n<h1 style=\"text-align: center;\"><strong><img loading=\"lazy\" decoding=\"async\" class=\"alignnone size-full wp-image-17283\" src=\"https:\/\/www.hydraulic-cylinders.net\/wp-content\/uploads\/2025\/03\/hydraulic-cylinders-for-no-tillage-machines-parameter-1.webp\" alt=\"\" width=\"2237\" height=\"1271\" srcset=\"https:\/\/www.hydraulic-cylinders.net\/wp-content\/uploads\/2025\/03\/hydraulic-cylinders-for-no-tillage-machines-parameter-1.webp 2237w, https:\/\/www.hydraulic-cylinders.net\/wp-content\/uploads\/2025\/03\/hydraulic-cylinders-for-no-tillage-machines-parameter-1-1280x727.webp 1280w, https:\/\/www.hydraulic-cylinders.net\/wp-content\/uploads\/2025\/03\/hydraulic-cylinders-for-no-tillage-machines-parameter-1-980x557.webp 980w, https:\/\/www.hydraulic-cylinders.net\/wp-content\/uploads\/2025\/03\/hydraulic-cylinders-for-no-tillage-machines-parameter-1-480x273.webp 480w\" sizes=\"(min-width: 0px) and (max-width: 480px) 480px, (min-width: 481px) and (max-width: 980px) 980px, (min-width: 981px) and (max-width: 1280px) 1280px, (min-width: 1281px) 2237px, 100vw\" \/><\/strong><\/h1>\n<h2><strong>Enriktad ritscylinder f\u00f6r maskiner utan jordbearbetningstill\u00e4mpning:<\/strong><\/h2>\n<p><img loading=\"lazy\" decoding=\"async\" class=\"alignnone size-full wp-image-17282\" src=\"https:\/\/www.hydraulic-cylinders.net\/wp-content\/uploads\/2025\/03\/hydraulic-cylinders-for-no-tillage-machines-application-1.webp\" alt=\"\" width=\"2273\" height=\"976\" srcset=\"https:\/\/www.hydraulic-cylinders.net\/wp-content\/uploads\/2025\/03\/hydraulic-cylinders-for-no-tillage-machines-application-1.webp 2273w, https:\/\/www.hydraulic-cylinders.net\/wp-content\/uploads\/2025\/03\/hydraulic-cylinders-for-no-tillage-machines-application-1-1280x550.webp 1280w, https:\/\/www.hydraulic-cylinders.net\/wp-content\/uploads\/2025\/03\/hydraulic-cylinders-for-no-tillage-machines-application-1-980x421.webp 980w, https:\/\/www.hydraulic-cylinders.net\/wp-content\/uploads\/2025\/03\/hydraulic-cylinders-for-no-tillage-machines-application-1-480x206.webp 480w\" sizes=\"(min-width: 0px) and (max-width: 480px) 480px, (min-width: 481px) and (max-width: 980px) 980px, (min-width: 981px) and (max-width: 1280px) 1280px, (min-width: 1281px) 2273px, 100vw\" \/><\/p>\n<h2><strong>Enriktad ritscylinder f\u00f6r maskiner utan jordbearbetning. Viktiga funktioner:<\/strong><\/h2>\n<h4><strong>Str\u00f6mlinjeformad drift i en riktning<\/strong><\/h4>\n<p>Den enriktade designen hos ritscylindern underl\u00e4ttar effektiv r\u00f6relse i en riktning, vilket g\u00f6r den s\u00e4rskilt effektiv f\u00f6r enkla planterings- och jordhanteringsuppgifter. Denna fokuserade drift f\u00f6renklar anv\u00e4ndarupplevelsen och g\u00f6r det m\u00f6jligt f\u00f6r operat\u00f6rerna att koncentrera sig p\u00e5 att uppn\u00e5 konsekventa och exakta resultat. Genom att minska komplexiteten i man\u00f6vreringen kan lantbrukare \u00f6ka produktiviteten, uppr\u00e4tth\u00e5lla ett stabilt arbetsfl\u00f6de och minimera risken f\u00f6r driftsfel.<\/p>\n<h4><strong>Robust och p\u00e5litlig konstruktion<\/strong><\/h4>\n<p>Den enriktade ritscylindern \u00e4r tillverkad av f\u00f6rstklassiga material och konstruerad f\u00f6r att klara av utmaningarna i tuffa jordbruksmilj\u00f6er. Dess robusta konstruktion motst\u00e5r slitage och s\u00e4kerst\u00e4ller p\u00e5litlig prestanda under hela jordbrukss\u00e4songen. Denna h\u00e5llbarhet inneb\u00e4r f\u00e4rre reparationer och utbyten, vilket g\u00f6r att lantbrukare kan spara b\u00e5de tid och pengar samtidigt som de f\u00e5r tillg\u00e5ng till ett p\u00e5litligt verktyg. Den h\u00e5llbara designen inger f\u00f6rtroende i vetskapen om att den kan m\u00f6ta de dagliga kraven inom jordbruksverksamhet.<\/p>\n<h4><strong>F\u00f6rb\u00e4ttrad precision och kontroll<\/strong><\/h4>\n<p>Utrustad med ett avancerat hydraulsystem ger den enriktade ritscylindern exceptionell precision i hanteringen av b\u00e5de djup och vinkel. Denna funktion g\u00f6r det m\u00f6jligt f\u00f6r f\u00f6rare att g\u00f6ra exakta justeringar skr\u00e4ddarsydda f\u00f6r specifika jordf\u00f6rh\u00e5llanden och gr\u00f6dans behov. S\u00e5dan precision \u00e4r avg\u00f6rande f\u00f6r optimal fr\u00f6placering, vilket s\u00e4kerst\u00e4ller att fr\u00f6na s\u00e5s p\u00e5 det ideala djupet f\u00f6r effektiv groning. F\u00f6rb\u00e4ttrad jordluftning fr\u00e5n exakta justeringar st\u00f6der ytterligare en robust gr\u00f6dutveckling, vilket leder till friskare plantor och \u00f6kade avkastningar.<\/p>\n<h4><strong>Enkel installation<\/strong><\/h4>\n<p>Den enriktade ritscylindern \u00e4r utformad med anv\u00e4ndarv\u00e4nlighet i \u00e5tanke och har en enkel installationsprocess. Lantbrukare kan s\u00f6ml\u00f6st integrera den i sina befintliga jordbearbetningsmaskiner med minimal anstr\u00e4ngning eller teknisk expertis. Denna anv\u00e4ndarv\u00e4nliga aspekt minskar driftstopp avsev\u00e4rt, vilket g\u00f6r att jordbruksverksamheten kan \u00e5terupptas snabbt utan f\u00f6rseningar. Genom att minimera installationstiden kan lantbrukare fokusera p\u00e5 att maximera produktiviteten och anpassa sig till de dynamiska kraven i sina jordbruksscheman.<\/p>\n<h4><strong>Minimal jordst\u00f6rning<\/strong><\/h4>\n<p>Den innovativa designen hos den enriktade ritscylindern minimerar effektivt markst\u00f6rningar under drift. Genom att bevara viktig jordstruktur och fukthalt fr\u00e4mjar denna funktion b\u00e4ttre rotutveckling, vilket \u00e4r avg\u00f6rande f\u00f6r gr\u00f6dans h\u00e4lsa. Dessutom bidrar minskad markst\u00f6rning till att bibeh\u00e5lla nyttiga mikroorganismer i jorden, vilket f\u00f6rb\u00e4ttrar jordens b\u00f6rdighet. Denna genomt\u00e4nkta metod f\u00f6r jordhantering st\u00f6der h\u00e5llbara jordbruksmetoder och f\u00f6rb\u00e4ttrar gr\u00f6dans h\u00e4lsa, vilket leder till \u00f6kad avkastning och l\u00e5ngsiktig jordbruksframg\u00e5ng.<\/p>\n<p>Sammanfattningsvis utm\u00e4rker sig den enriktade ritscylindern med sin str\u00f6mlinjeformade enriktade drift, robusta konstruktion, f\u00f6rb\u00e4ttrade precision, enkla installation och minimala jordst\u00f6rning. Dessa funktioner g\u00f6r den till ett ov\u00e4rderligt verktyg f\u00f6r moderna jordbruksmetoder, vilket ger jordbrukare m\u00f6jlighet att uppn\u00e5 effektiv och \u00e4ndam\u00e5lsenlig jordhantering, vilket i slut\u00e4ndan leder till friskare gr\u00f6dor och f\u00f6rb\u00e4ttrad produktivitet.<\/p>\n<h2><strong>Enriktad ritscylinder f\u00f6r maskiner utan jordbearbetning Till\u00e4mplig modell:<\/strong><\/h2>\n<h1 style=\"text-align: center;\"><strong><img loading=\"lazy\" decoding=\"async\" class=\"alignnone size-full wp-image-17284\" src=\"https:\/\/www.hydraulic-cylinders.net\/wp-content\/uploads\/2025\/03\/hydraulic-cylinders-for-no-tillage-machines-2.webp\" alt=\"\" width=\"2312\" height=\"600\" srcset=\"https:\/\/www.hydraulic-cylinders.net\/wp-content\/uploads\/2025\/03\/hydraulic-cylinders-for-no-tillage-machines-2.webp 2312w, https:\/\/www.hydraulic-cylinders.net\/wp-content\/uploads\/2025\/03\/hydraulic-cylinders-for-no-tillage-machines-2-1280x332.webp 1280w, https:\/\/www.hydraulic-cylinders.net\/wp-content\/uploads\/2025\/03\/hydraulic-cylinders-for-no-tillage-machines-2-980x254.webp 980w, https:\/\/www.hydraulic-cylinders.net\/wp-content\/uploads\/2025\/03\/hydraulic-cylinders-for-no-tillage-machines-2-480x125.webp 480w\" sizes=\"(min-width: 0px) and (max-width: 480px) 480px, (min-width: 481px) and (max-width: 980px) 980px, (min-width: 981px) and (max-width: 1280px) 1280px, (min-width: 1281px) 2312px, 100vw\" \/><\/strong><\/h1>\n<h2><strong>Hur f\u00f6rb\u00e4ttrar den enriktade ritscylindern markh\u00e4lsan under plantering?<\/strong><\/h2>\n<p>Den enriktade ritscylindern f\u00f6rb\u00e4ttrar jordens h\u00e4lsa under plantering genom flera viktiga mekanismer:<\/p>\n<h4><strong>Minskad jordst\u00f6rning<\/strong>:<\/h4>\n<p>Dess specialdesign minimerar st\u00f6rningar i jordstrukturen och bevarar jordlagrens naturliga arrangemang. Denna bevarande\u00e5tg\u00e4rd f\u00f6rhindrar kompaktering, vilket g\u00f6r att r\u00f6tter l\u00e4ttare kan tr\u00e4nga in. Genom att bibeh\u00e5lla dessa lagers integritet s\u00e4kerst\u00e4ller cylindern att viktiga n\u00e4rings\u00e4mnen och fukt beh\u00e5lls i jorden, vilket skapar en mer gynnsam milj\u00f6 f\u00f6r v\u00e4xttillv\u00e4xt.<\/p>\n<h4><strong>Fuktretention<\/strong>:<\/h4>\n<p>Genom att begr\u00e4nsa markst\u00f6rningar hj\u00e4lper den enriktade ritscylindern till att bibeh\u00e5lla fuktniv\u00e5er som \u00e4r avg\u00f6rande f\u00f6r fr\u00f6groning och tidig v\u00e4xtutveckling. Detta \u00e4r s\u00e4rskilt viktigt under torra f\u00f6rh\u00e5llanden, d\u00e4r fuktf\u00f6rlust kan hindra gr\u00f6dans etablering. F\u00f6rm\u00e5gan att bibeh\u00e5lla fukt st\u00f6der inte bara den initiala tillv\u00e4xten utan f\u00f6rb\u00e4ttrar ocks\u00e5 v\u00e4xtens motst\u00e5ndskraft mot torkstress senare under v\u00e4xts\u00e4songen.<\/p>\n<h4><strong>F\u00f6rb\u00e4ttrad mikrobiell aktivitet<\/strong>:<\/h4>\n<p>Cylinderns design g\u00f6r att nyttiga mikroorganismer i jorden kan frodas genom att minimera st\u00f6rningar i deras livsmilj\u00f6. Friska mikrobiella populationer spelar en viktig roll i att bryta ner organiskt material, \u00e5teranv\u00e4nda n\u00e4rings\u00e4mnen och f\u00f6rb\u00e4ttra jordens b\u00f6rdighet. Genom att fr\u00e4mja ett robust mikrobiellt samh\u00e4lle bidrar den enriktade ritscylindern till f\u00f6rb\u00e4ttrad n\u00e4ringstillg\u00e5ng, vilket st\u00f6der starkare och h\u00e4lsosammare gr\u00f6dor.<\/p>\n<h4><strong>Fr\u00e4mjar rotutveckling<\/strong>:<\/h4>\n<p>Genom att skapa en stabil jordmilj\u00f6 fr\u00e4mjar den enriktade ritscylindern b\u00e4ttre rottillv\u00e4xt och utveckling. Djupa och omfattande rotsystem \u00e4r avg\u00f6rande f\u00f6r tillg\u00e5ng till vatten och n\u00e4rings\u00e4mnen, vilket \u00e4r avg\u00f6rande f\u00f6r v\u00e4xth\u00e4lsan. F\u00f6rb\u00e4ttrad rotutveckling f\u00f6rb\u00e4ttrar ocks\u00e5 v\u00e4xtens f\u00f6rm\u00e5ga att motst\u00e5 milj\u00f6p\u00e5frestningar, s\u00e5som torka eller n\u00e4ringsbrist, vilket leder till mer robusta gr\u00f6dor.<\/p>\n<h4><strong>Jordluftning<\/strong>:<\/h4>\n<p>Cylinderns exakta justeringar underl\u00e4ttar optimal fr\u00f6placering och f\u00f6rb\u00e4ttrar jordluftningen. Tillr\u00e4cklig luftning \u00e4r avg\u00f6rande f\u00f6r rotrespiration och jordens ekosystems allm\u00e4nna h\u00e4lsa. Genom att fr\u00e4mja b\u00e4ttre luftcirkulation i jorden st\u00f6der den enriktade ritscylindern en h\u00e4lsosam rottillv\u00e4xt och f\u00f6rb\u00e4ttrar aktiviteten hos nyttiga jordorganismer, vilket ytterligare bidrar till ett blomstrande jordbruksekosystem.<\/p>\n<p>Sammanfattningsvis spelar den enriktade ritscylindern en viktig roll f\u00f6r att f\u00f6rb\u00e4ttra markens h\u00e4lsa under plantering genom att minska markst\u00f6rningar, beh\u00e5lla fukt, fr\u00e4mja mikrobiell aktivitet, gynna rotutveckling och f\u00f6rb\u00e4ttra jordluftningen. Dessa kombinerade f\u00f6rdelar leder till friskare jordar, f\u00f6rb\u00e4ttrade sk\u00f6rdar och h\u00e5llbara jordbruksmetoder.<\/p>\n<h2><strong>Testutrustning:<\/strong><\/h2>\n<p><strong><img loading=\"lazy\" decoding=\"async\" class=\"alignnone size-full wp-image-17293\" src=\"https:\/\/www.hydraulic-cylinders.net\/wp-content\/uploads\/2025\/03\/test-equipment.webp-2.webp\" alt=\"\" width=\"1932\" height=\"1741\" srcset=\"https:\/\/www.hydraulic-cylinders.net\/wp-content\/uploads\/2025\/03\/test-equipment.webp-2.webp 1932w, https:\/\/www.hydraulic-cylinders.net\/wp-content\/uploads\/2025\/03\/test-equipment.webp-2-1280x1153.webp 1280w, https:\/\/www.hydraulic-cylinders.net\/wp-content\/uploads\/2025\/03\/test-equipment.webp-2-980x883.webp 980w, https:\/\/www.hydraulic-cylinders.net\/wp-content\/uploads\/2025\/03\/test-equipment.webp-2-480x433.webp 480w\" sizes=\"(min-width: 0px) and (max-width: 480px) 480px, (min-width: 481px) and (max-width: 980px) 980px, (min-width: 981px) and (max-width: 1280px) 1280px, (min-width: 1281px) 1932px, 100vw\" \/><\/strong><\/p>\n<ul>\n<li>1: Saltspraytestkammare<\/li>\n<li>2: Kemisk analys<\/li>\n<li>3: Dragprovningsmaskin<\/li>\n<li>4: Rockwell-h\u00e5rdhetsm\u00e4tare<\/li>\n<li>5: Renhetstestmaskin<\/li>\n<li>6: TH110 Rebound-h\u00e5rdhetsm\u00e4tare<\/li>\n<li>7: Bel\u00e4ggningstjockleksm\u00e4tare<\/li>\n<li>8: Pendelslagprov<\/li>\n<\/ul>\n<p><img loading=\"lazy\" decoding=\"async\" class=\"alignnone size-full wp-image-17292\" src=\"https:\/\/www.hydraulic-cylinders.net\/wp-content\/uploads\/2025\/03\/test-equipment.webp-1.webp\" alt=\"\" width=\"1600\" height=\"1216\" srcset=\"https:\/\/www.hydraulic-cylinders.net\/wp-content\/uploads\/2025\/03\/test-equipment.webp-1.webp 1600w, https:\/\/www.hydraulic-cylinders.net\/wp-content\/uploads\/2025\/03\/test-equipment.webp-1-1280x973.webp 1280w, https:\/\/www.hydraulic-cylinders.net\/wp-content\/uploads\/2025\/03\/test-equipment.webp-1-980x745.webp 980w, https:\/\/www.hydraulic-cylinders.net\/wp-content\/uploads\/2025\/03\/test-equipment.webp-1-480x365.webp 480w\" sizes=\"(min-width: 0px) and (max-width: 480px) 480px, (min-width: 481px) and (max-width: 980px) 980px, (min-width: 981px) and (max-width: 1280px) 1280px, (min-width: 1281px) 1600px, 100vw\" \/><\/p>\n<p>V\u00e5rt f\u00f6retag anser att kvalitet \u00e4r grunden f\u00f6r v\u00e5r framg\u00e5ng. F\u00f6r att uppr\u00e4tth\u00e5lla detta \u00e5tagande har vi investerat i toppmodern test- och laboratorieutrustning f\u00f6r hemmabruk, med st\u00f6d av ett team av h\u00f6gkvalificerade yrkesm\u00e4n inom vetenskap och teknik.<\/p>\n<p>Vi uppr\u00e4tth\u00e5ller ett rigor\u00f6st kvalitetsledningssystem som f\u00f6ljer branschstandarder, vilket s\u00e4kerst\u00e4ller att varje parti produkter vi producerar uppfyller de h\u00f6gsta kvalitetskriterierna. Genom att standardisera v\u00e5r verksamhet och kontinuerligt \u00f6vervaka v\u00e5ra processer s\u00e4kerst\u00e4ller vi att v\u00e5ra kunder endast f\u00e5r det b\u00e4sta.<\/p>\n<p>Detta orubbliga engagemang f\u00f6r kvalitet \u00f6kar inte bara v\u00e5ra produkters tillf\u00f6rlitlighet utan bygger ocks\u00e5 f\u00f6rtroende och n\u00f6jdhet bland v\u00e5ra kunder. Vi tror att genom att prioritera excellens i alla aspekter av v\u00e5r produktion bidrar vi till v\u00e5ra partners och hela branschens framg\u00e5ng. Tillsammans str\u00e4var vi efter innovation och kvalitet som varar \u00f6ver tid.<\/p>\n<h2><strong>Produktionsplats f\u00f6r hydraulcylindrar:<\/strong><\/h2>\n<p>V\u00e5rt f\u00f6retag \u00e4r en ledande tillverkare specialiserad p\u00e5 hydraulcylindrar, med st\u00f6d av v\u00e5r egen oberoende forskning, utveckling och designkapacitet. Med en toppmodern anl\u00e4ggning som rymmer \u00f6ver 170 allm\u00e4nna verktygsmaskiner, CNC-maskiner, fleroperationsmaskiner, svetsutrustning och specialiserade test- och inspektionsverktyg, \u00e4r vi v\u00e4l rustade f\u00f6r att m\u00f6ta olika industriella krav.<\/p>\n<p>Genom \u00e5ratal av ackumulerad teknisk expertis och processf\u00f6rfining har vi etablerat en mogen produktionsprocess som s\u00f6ml\u00f6st integrerar forskning och utveckling med tillverkning. Denna integration har blivit v\u00e5r viktigaste konkurrensf\u00f6rdel, vilket g\u00f6r det m\u00f6jligt f\u00f6r oss att designa och producera ett brett utbud av hydraulcylindrar anpassade f\u00f6r att m\u00f6ta specifika kundkrav.<\/p>\n<p>V\u00e5ra produkter anv\u00e4nds i stor utstr\u00e4ckning inom olika sektorer, inklusive jordbruksmaskiner, byggutrustning, fordon, v\u00e4gteknik och specialmaskiner. Vi \u00e4r stolta \u00f6ver att st\u00f6dja ett flertal OEM-tillverkare, inklusive Bonong Xingda, Bojin Hummer, Jilin Ruifeng, Debang Dawei, Shandong Yineng Heavy Industry, Tai'an Modern Heavy Industry och Shifeng Group, bland andra.<\/p>\n<p><img loading=\"lazy\" decoding=\"async\" class=\"alignnone size-full wp-image-17290\" src=\"https:\/\/www.hydraulic-cylinders.net\/wp-content\/uploads\/2025\/03\/production-site-1.webp\" alt=\"\" width=\"1971\" height=\"2253\" srcset=\"https:\/\/www.hydraulic-cylinders.net\/wp-content\/uploads\/2025\/03\/production-site-1.webp 1971w, https:\/\/www.hydraulic-cylinders.net\/wp-content\/uploads\/2025\/03\/production-site-1-1280x1463.webp 1280w, https:\/\/www.hydraulic-cylinders.net\/wp-content\/uploads\/2025\/03\/production-site-1-980x1120.webp 980w, https:\/\/www.hydraulic-cylinders.net\/wp-content\/uploads\/2025\/03\/production-site-1-480x549.webp 480w\" sizes=\"(min-width: 0px) and (max-width: 480px) 480px, (min-width: 481px) and (max-width: 980px) 980px, (min-width: 981px) and (max-width: 1280px) 1280px, (min-width: 1281px) 1971px, 100vw\" \/><\/p>\n<p>Vi \u00e4r dedikerade till att erbjuda exceptionell service genom en stark kvalitetspolicy som prioriterar kontinuerlig innovation inom forskning och utveckling, ledning, kvalitetskontroll och kundservice. V\u00e5rt engagemang f\u00f6r kvalitet har erk\u00e4nts med ISO\/TS16949-certifiering, vilket s\u00e4kerst\u00e4ller att vi inte bara uppfyller utan konsekvent \u00f6vertr\u00e4ffar v\u00e5ra kunders f\u00f6rv\u00e4ntningar.<\/p>\n<p>Fram\u00f6ver kommer vi att forts\u00e4tta utveckla v\u00e5r teknologi och bredda v\u00e5r kapacitet, med str\u00e4van att alltid leverera produkter och tj\u00e4nster av h\u00f6gsta kvalitet till v\u00e5ra kunder. Tillsammans skapar vi ett arv av spetskompetens inom hydraulcylinderbranschen.<\/p>","protected":false},"excerpt":{"rendered":"<p>Unidirectional Scriber Cylinder For No Tillage Machines The Unidirectional Scriber Cylinder is an essential component specifically engineered for no-tillage machines. This innovative tool significantly improves soil preparation and planting processes, enabling farmers to create optimal planting conditions with greater efficiency. By minimizing soil disruption, the Unidirectional Scriber Cylinder plays a crucial role in preserving soil [&hellip;]<\/p>","protected":false},"featured_media":17311,"comment_status":"open","ping_status":"closed","template":"","meta":{"_et_pb_use_builder":"","_et_pb_old_content":"","_et_gb_content_width":""},"product_brand":[],"product_cat":[1530,1549,1376],"product_tag":[],"class_list":{"0":"post-17336","1":"product","2":"type-product","3":"status-publish","4":"has-post-thumbnail","6":"product_cat-no-tillage-machinery-hydraulic-cylinders","7":"product_cat-single-acting-hydraulic-cylinder","8":"product_cat-hydraulic-cylinder","10":"first","11":"instock","12":"shipping-taxable","13":"product-type-simple"},"amp_enabled":true,"_links":{"self":[{"href":"https:\/\/www.hydraulic-cylinders.net\/sv\/wp-json\/wp\/v2\/product\/17336","targetHints":{"allow":["GET"]}}],"collection":[{"href":"https:\/\/www.hydraulic-cylinders.net\/sv\/wp-json\/wp\/v2\/product"}],"about":[{"href":"https:\/\/www.hydraulic-cylinders.net\/sv\/wp-json\/wp\/v2\/types\/product"}],"replies":[{"embeddable":true,"href":"https:\/\/www.hydraulic-cylinders.net\/sv\/wp-json\/wp\/v2\/comments?post=17336"}],"wp:featuredmedia":[{"embeddable":true,"href":"https:\/\/www.hydraulic-cylinders.net\/sv\/wp-json\/wp\/v2\/media\/17311"}],"wp:attachment":[{"href":"https:\/\/www.hydraulic-cylinders.net\/sv\/wp-json\/wp\/v2\/media?parent=17336"}],"wp:term":[{"taxonomy":"product_brand","embeddable":true,"href":"https:\/\/www.hydraulic-cylinders.net\/sv\/wp-json\/wp\/v2\/product_brand?post=17336"},{"taxonomy":"product_cat","embeddable":true,"href":"https:\/\/www.hydraulic-cylinders.net\/sv\/wp-json\/wp\/v2\/product_cat?post=17336"},{"taxonomy":"product_tag","embeddable":true,"href":"https:\/\/www.hydraulic-cylinders.net\/sv\/wp-json\/wp\/v2\/product_tag?post=17336"}],"curies":[{"name":"wp","href":"https:\/\/api.w.org\/{rel}","templated":true}]}}