{"id":1739,"date":"2023-10-12T07:42:24","date_gmt":"2023-10-12T07:42:24","guid":{"rendered":"https:\/\/hydraulic-cylinders.net\/?post_type=product&#038;p=1739"},"modified":"2025-04-11T02:57:02","modified_gmt":"2025-04-11T02:57:02","slug":"injection-molding-machine-shooting-cylinder","status":"publish","type":"product","link":"https:\/\/www.hydraulic-cylinders.net\/sv\/produkt\/injection-molding-machine-shooting-cylinder\/","title":{"rendered":"Formsprutningsmaskin Skjutcylinder"},"content":{"rendered":"<h1 style=\"text-align: center;\"><strong>Formsprutningsmaskin Skjutcylinder<\/strong><\/h1>\n<p><img loading=\"lazy\" decoding=\"async\" class=\"aligncenter wp-image-1740\" src=\"https:\/\/hydraulic-cylinders.net\/wp-content\/uploads\/2023\/10\/shooting-cylinder-1-300x300.webp\" alt=\"\" width=\"400\" height=\"400\" \/><\/p>\n<p>Formsprutningsmaskinens skjutcylinder \u00e4r en avg\u00f6rande komponent i formsprutningsprocesser f\u00f6r plast och \u00e4r utformad f\u00f6r att f\u00f6rb\u00e4ttra precision, effektivitet och tillf\u00f6rlitlighet. Denna specialiserade cylinder \u00e4r avg\u00f6rande i formsprutningsfasen, d\u00e4r sm\u00e4lt plastmaterial sprutas in i en form f\u00f6r att forma \u00f6nskade produkter.<\/p>\n<p>Formsprutningsmaskinens skjutcylinder \u00e4r avg\u00f6rande vid formsprutning av plast, eftersom den m\u00f6jligg\u00f6r exakt och effektiv injektion av sm\u00e4lt plast i formar. Med sin robusta konstruktion, precisa kontroll, snabba drift och h\u00f6ga insprutningstryckskapacitet s\u00e4kerst\u00e4ller denna cylinder exakt och repeterbar gjutning av plastkomponenter. Genom att f\u00f6lja rekommenderade anv\u00e4ndningsmetoder och underh\u00e5llspraxis kan tillverkare maximera prestandan och livsl\u00e4ngden hos formsprutningsmaskinens skjutcylinder, vilket i slut\u00e4ndan f\u00f6rb\u00e4ttrar precisionen, effektiviteten och kvaliteten vid formsprutning av plast.<\/p>\n<p>Formsprutningsmaskinens skjutcylinders viktigaste egenskaper:<\/p>\n<ol>\n<li>Robust konstruktion:<\/li>\n<\/ol>\n<ul>\n<li>Formsprutningsmaskinens skjutcylinder har en robust konstruktion med h\u00f6gkvalitativa material, vilket s\u00e4kerst\u00e4ller h\u00e5llbarhet och livsl\u00e4ngd i kr\u00e4vande tillverkningsmilj\u00f6er.<\/li>\n<li>Den t\u00e5l h\u00f6gt tryck och repetitiva r\u00f6relser och bibeh\u00e5ller j\u00e4mn prestanda under l\u00e5nga produktionscykler.<\/li>\n<\/ul>\n<ol start=\"2\">\n<li>Exakt kontroll:<\/li>\n<\/ol>\n<ul>\n<li>Denna cylinder \u00e4r utformad f\u00f6r att ge exakt kontroll \u00f6ver injektionsprocessen, vilket m\u00f6jligg\u00f6r noggrann och repeterbar gjutning av plastkomponenter.<\/li>\n<li>Det m\u00f6jligg\u00f6r finjustering av injektionshastighet, tryck och volym, vilket f\u00f6rb\u00e4ttrar detaljkvaliteten och minskar svinn.<\/li>\n<\/ul>\n<ol start=\"3\">\n<li>Snabb och effektiv drift:<\/li>\n<\/ol>\n<ul>\n<li>Formsprutningsmaskinens skjutcylinder m\u00f6jligg\u00f6r snabba injektionscykler, vilket minimerar produktionstiden och \u00f6kar den totala produktiviteten.<\/li>\n<li>Det s\u00e4kerst\u00e4ller snabb och exakt leverans av sm\u00e4lt plast in i formh\u00e5lan, vilket f\u00f6rb\u00e4ttrar effektiviteten i formsprutningsprocessen.<\/li>\n<\/ul>\n<ol start=\"4\">\n<li>H\u00f6gt insprutningstryck:<\/li>\n<\/ol>\n<ul>\n<li>Denna cylinder \u00e4r konstruerad f\u00f6r att motst\u00e5 och leverera h\u00f6ga injektionstryck som kr\u00e4vs f\u00f6r gjutning av komplexa och detaljerade plastdelar.<\/li>\n<li>Det s\u00e4kerst\u00e4ller en konsekvent och j\u00e4mn tryckapplicering, vilket resulterar i j\u00e4mn fyllning av formen och optimal detaljkvalitet.<\/li>\n<\/ul>\n<h2><strong>Formsprutningsmaskinens skjutcylinderparameter:<\/strong><\/h2>\n<table border=\"1\" cellspacing=\"0\" cellpadding=\"0\">\n<tbody>\n<tr>\n<td>Produktnamn<\/td>\n<td>Formsprutningsmaskin Skjutcylinder<\/td>\n<\/tr>\n<tr>\n<td>Drag:<\/td>\n<td>K\u00f6r skjutstationen f\u00f6r att f\u00f6rflytta sig<\/td>\n<\/tr>\n<tr>\n<td>Borrdiameter:<\/td>\n<td>63 mm\uff5e140 mm<\/td>\n<\/tr>\n<tr>\n<td>St\u00e5ngdiameter:<\/td>\n<td>36 mm\uff5e90 mm<br \/>\nSlagl\u00e4ngd \u22641500 mm<\/td>\n<\/tr>\n<tr>\n<td>Tryckkraft:<\/td>\n<td>Maximalt 384 kN<br \/>\n(Borrdiameter: 140 mm\/tryck 25 MPa)<\/td>\n<\/tr>\n<tr>\n<td>Anv\u00e4ndningsomr\u00e5den:<\/td>\n<td>Formsprutningsmaskin<\/td>\n<\/tr>\n<\/tbody>\n<\/table>\n<div><\/div>\n<div>\n<div class=\"txtboxL\">\n<div class=\"txtboxL\">\n<div class=\"txtboxL\">\n<div class=\"txtboxL\">Drag:<\/div>\n<div class=\"txtboxR\">K\u00f6r skjutstationen f\u00f6r att f\u00f6rflytta sig<\/div>\n<div class=\"txtboxL\">Specifikation:<\/div>\n<div class=\"txtboxR\">Borrdiameter: 63 mm ~ 140 mm<br \/>\nSt\u00e5ngdiameter: 36 mm ~ 90 mm<br \/>\nSlagl\u00e4ngd \u22641500 mm<\/div>\n<div class=\"txtboxL\">Tryckkraft:<\/div>\n<div class=\"txtboxR\">Maximalt 384 kN<br \/>\n(Borrdiameter: 140 mm\/tryck 25 MPa)<\/div>\n<\/div>\n<\/div>\n<\/div>\n<\/div>\n<h2><strong>Cementutrustning <\/strong><strong>Cylinderfabrik:<\/strong><\/h2>\n<p><img loading=\"lazy\" decoding=\"async\" class=\"alignnone wp-image-1734 size-full\" src=\"https:\/\/hydraulic-cylinders.net\/wp-content\/uploads\/2023\/10\/cement-equipment-cylinder-1.webp\" alt=\"\" width=\"1418\" height=\"946\" srcset=\"https:\/\/hydraulic-cylinders.net\/wp-content\/uploads\/2023\/10\/cement-equipment-cylinder-1.webp 1418w, https:\/\/hydraulic-cylinders.net\/wp-content\/uploads\/2023\/10\/cement-equipment-cylinder-1-1280x854.webp 1280w, https:\/\/hydraulic-cylinders.net\/wp-content\/uploads\/2023\/10\/cement-equipment-cylinder-1-980x654.webp 980w, https:\/\/hydraulic-cylinders.net\/wp-content\/uploads\/2023\/10\/cement-equipment-cylinder-1-480x320.webp 480w\" sizes=\"(min-width: 0px) and (max-width: 480px) 480px, (min-width: 481px) and (max-width: 980px) 980px, (min-width: 981px) and (max-width: 1280px) 1280px, (min-width: 1281px) 1418px, 100vw\" \/><\/p>\n<h2><strong>Anv\u00e4ndningsmetod f\u00f6r formsprutningsmaskinens skjutcylinder<\/strong><strong>:<\/strong><\/h2>\n<ol>\n<li><strong>Installation:<\/strong><\/li>\n<\/ol>\n<ul>\n<li>Follow the manufacturer&#8217;s guidelines to install the injection molding machine shooting cylinder securely into the injection molding machine.<\/li>\n<li>Ensure proper alignment and attachment to the machine&#8217;s injection unit, allowing smooth operation during the injection process.<\/li>\n<\/ul>\n<ol start=\"2\">\n<li><strong>Justera injektionsparametrar:<\/strong><\/li>\n<\/ol>\n<ul>\n<li>Utilize the machine&#8217;s control panel or interface to adjust injection parameters, such as injection speed, pressure, and volume.<\/li>\n<li>Refer to the machine&#8217;s operating manual for specific guidelines on setting the appropriate parameters based on the desired part specifications and material characteristics.<\/li>\n<\/ul>\n<ol start=\"3\">\n<li><strong>Materialf\u00f6rberedelse:<\/strong><\/li>\n<\/ol>\n<ul>\n<li>F\u00f6rv\u00e4rm och f\u00f6rbered plastmaterialet, se till att det \u00e4r i sm\u00e4lt tillst\u00e5nd och klart f\u00f6r injektion.<\/li>\n<li>Load the prepared material into the machine&#8217;s hopper or material feeding system, ensuring a consistent supply for the injection process.<\/li>\n<\/ul>\n<ol start=\"4\">\n<li><strong>M\u00f6gelf\u00f6rberedelse:<\/strong><\/li>\n<\/ol>\n<ul>\n<li>St\u00e4ll in formen i formsprutningsmaskinen och se till att den \u00e4r korrekt uppriktad och fastkl\u00e4md.<\/li>\n<li>Connect the mold to the injection molding machine shooting cylinder&#8217;s nozzle, allowing precise and controlled injection into the mold cavity.<\/li>\n<\/ul>\n<ol start=\"5\">\n<li><strong>Injektionsprocess:<\/strong><\/li>\n<\/ol>\n<ul>\n<li>Aktivera formsprutningsmaskinen och starta formsprutningsprocessen.<\/li>\n<li>Formsprutningsmaskinens skjutcylinder levererar snabbt sm\u00e4lt plast in i formh\u00e5ligheten och fyller den med precision och j\u00e4mnhet.<\/li>\n<li>Efter injektionen, l\u00e5t plasten svalna och stelna tillr\u00e4ckligt l\u00e4nge innan du \u00f6ppnar formen.<\/li>\n<\/ul>\n<h2><strong>Hur tar man is\u00e4r en hydraulcylinder?<\/strong><\/h2>\n<p>Att ta is\u00e4r en hydraulcylinder kr\u00e4ver noggrann och systematisk demontering f\u00f6r att s\u00e4kerst\u00e4lla komponenternas integritet och s\u00e4ker \u00e5termontering. H\u00e4r \u00e4r en allm\u00e4n steg-f\u00f6r-steg-guide f\u00f6r hur man demonterar en hydraulcylinder:<\/p>\n<ol>\n<li><strong>S\u00e4kerhets\u00e5tg\u00e4rder:<\/strong>\n<ul>\n<li>Innan demonteringsprocessen p\u00e5b\u00f6rjas, se till att hydraulsystemet \u00e4r tryckl\u00f6st och avst\u00e4ngt. Detta f\u00f6rhindrar oavsiktlig r\u00f6relse eller v\u00e4tskeutsl\u00e4pp.<\/li>\n<li>Anv\u00e4nd l\u00e4mplig personlig skyddsutrustning, s\u00e5som handskar och skyddsglas\u00f6gon, f\u00f6r att skydda dig mot faror.<\/li>\n<\/ul>\n<\/li>\n<li><strong>Identifiera och dokumentera:<\/strong>\n<ul>\n<li>Take note of the cylinder&#8217;s orientation, mounting details, and other relevant information before disassembly. This will facilitate reassembly later.<\/li>\n<\/ul>\n<\/li>\n<li><strong>S\u00e4kra cylindern:<\/strong>\n<ul>\n<li>Anv\u00e4nd en l\u00e4mplig arbetsb\u00e4nk eller ett skruvst\u00e4d f\u00f6r att s\u00e4kra cylindern i ett stabilt l\u00e4ge under demonteringen.<\/li>\n<\/ul>\n<\/li>\n<li><strong>Ta bort externa komponenter:<\/strong>\n<ul>\n<li>B\u00f6rja med att ta bort alla externa komponenter som \u00e4r f\u00e4sta p\u00e5 cylindern, s\u00e5som monteringsf\u00e4sten, gaffelbultar eller l\u00e5sringar.<\/li>\n<\/ul>\n<\/li>\n<li><strong>T\u00f6m hydraulv\u00e4tskan:<\/strong>\n<ul>\n<li>Placera en l\u00e4mplig beh\u00e5llare under cylindern f\u00f6r att samla upp eventuell hydraulv\u00e4tska som kan rinna ut.<\/li>\n<li>Lossa hydraulv\u00e4tskebeh\u00e5llarens plugg eller koppling s\u00e5 att v\u00e4tskan kan rinna ut helt.<\/li>\n<\/ul>\n<\/li>\n<li><strong>Ta bort cylinder\u00e4ndk\u00e5porna:<\/strong>\n<ul>\n<li>Lokalisera \u00e4ndk\u00e5porna p\u00e5 cylindern. Dessa \u00e4r vanligtvis bultade eller g\u00e4ngade p\u00e5 cylinderr\u00f6ret.<\/li>\n<li>Anv\u00e4nd l\u00e4mpliga verktyg, s\u00e5som skiftnycklar eller hylsnyckelsatser, f\u00f6r att f\u00f6rsiktigt ta bort \u00e4ndk\u00e5porna.<\/li>\n<li>N\u00e4r du tar bort varje \u00e4ndk\u00e5pa, var beredd p\u00e5 eventuell kvarvarande hydraulv\u00e4tska eller tryckavlastning.<\/li>\n<\/ul>\n<\/li>\n<li><strong>Dra ut kolven:<\/strong>\n<ul>\n<li>N\u00e4r \u00e4ndk\u00e5porna \u00e4r borttagna b\u00f6r kolven nu vara \u00e5tkomlig.<\/li>\n<li>Tryck f\u00f6rsiktigt p\u00e5 ena \u00e4nden av kolvst\u00e5ngen f\u00f6r att b\u00f6rja skjuta ut kolven ur cylinderr\u00f6ret.<\/li>\n<li>Dra l\u00e5ngsamt och j\u00e4mnt ut kolven ur cylinderr\u00f6ret och var noga med att inte skada n\u00e5gra interna komponenter eller t\u00e4tningar.<\/li>\n<\/ul>\n<\/li>\n<li><strong>Inspektera och reng\u00f6r:<\/strong>\n<ul>\n<li>Kontrollera noggrant alla demonterade komponenter f\u00f6r tecken p\u00e5 slitage, skador eller kontaminering.<\/li>\n<li>Reng\u00f6r varje komponent med ett l\u00e4mpligt reng\u00f6ringsmedel och en luddfri trasa f\u00f6r att avl\u00e4gsna smuts, skr\u00e4p eller rester av hydraulv\u00e4tska.<\/li>\n<\/ul>\n<\/li>\n<li><strong>Byt ut t\u00e4tningar och O-ringar:<\/strong>\n<ul>\n<li>Om n\u00e5gra t\u00e4tningar eller O-ringar visar tecken p\u00e5 slitage eller skador rekommenderas det att byta ut dem mot nya f\u00f6r att s\u00e4kerst\u00e4lla korrekt t\u00e4tning och f\u00f6rhindra framtida l\u00e4ckor.<\/li>\n<\/ul>\n<\/li>\n<li><strong>\u00c5termontering:<\/strong><\/li>\n<\/ol>\n<ul>\n<li>F\u00f6r att montera tillbaka hydraulcylindern, f\u00f6lj demonteringsstegen i omv\u00e4nd ordning.<\/li>\n<li>Sm\u00f6rj alla t\u00e4tningar och O-ringar med hydraulv\u00e4tska eller ett kompatibelt sm\u00f6rjmedel f\u00f6re \u00e5termontering.<\/li>\n<li>Se till att alla komponenter \u00e4r korrekt justerade och \u00e5tdragna enligt tillverkarens specifikationer.<\/li>\n<\/ul>\n<h2><strong>Fabrikens kapacitet och kapacitet:<\/strong><\/h2>\n<h3>(1) Montering<\/h3>\n<p>Vi har en f\u00f6rstklassig oberoende forsknings- och utvecklingsplattform. Verkstaden f\u00f6r tillverkning av hydraulcylindrar har fyra halvautomatiska monteringslinjer f\u00f6r lyftcylindrar och en automatisk monteringslinje f\u00f6r tiltcylindrar, med en planerad \u00e5rlig produktionskapacitet p\u00e5 1 miljon enheter. Specialcylinderverkstaden \u00e4r utrustad med olika specifikationer f\u00f6r ett halvautomatiskt reng\u00f6ringsmonteringssystem med en planerad \u00e5rlig produktionskapacitet p\u00e5 200 000 och utrustad med k\u00e4nd CNC-bearbetningsutrustning, ett fleroperationscenter, en specialutrustning f\u00f6r h\u00f6gprecisionscylindrar, en robotsvetsmaskin, en automatisk reng\u00f6ringsmaskin, en automatisk cylindermonteringsmaskin och en automatisk produktionslinje f\u00f6r m\u00e5lning. Befintlig kritisk utrustning p\u00e5 mer \u00e4n 300 set (set). Optimal allokering och effektiv anv\u00e4ndning av utrustningsresurser s\u00e4kerst\u00e4ller produkternas noggrannhetskrav och uppfyller produkternas h\u00f6ga kvalitetsbehov.<\/p>\n<p><img loading=\"lazy\" decoding=\"async\" class=\"alignnone wp-image-626\" src=\"https:\/\/hydraulic-cylinders.net\/wp-content\/uploads\/2023\/08\/hydraulic-cylinder-product-1-300x158.webp\" alt=\"\" width=\"495\" height=\"260\" srcset=\"https:\/\/hydraulic-cylinders.net\/wp-content\/uploads\/2023\/08\/hydraulic-cylinder-product-1-300x158.webp 495w, https:\/\/hydraulic-cylinders.net\/wp-content\/uploads\/2023\/08\/hydraulic-cylinder-product-1-480x252.webp 480w\" sizes=\"(min-width: 0px) and (max-width: 480px) 480px, (min-width: 481px) 495px, 100vw\" \/> <img loading=\"lazy\" decoding=\"async\" class=\"alignnone wp-image-627\" src=\"https:\/\/hydraulic-cylinders.net\/wp-content\/uploads\/2023\/08\/hydraulic-cylinder-product-2-300x189.webp\" alt=\"\" width=\"413\" height=\"260\" \/><\/p>\n<h3>(2) Maskinbearbetning<\/h3>\n<p>Bearbetningsverkstaden \u00e4r utrustad med en specialanpassad svarvcentral f\u00f6r lutande r\u00e4ls, bearbetningscenter, h\u00f6ghastighetsh\u00f6nsmaskin, svetsrobot och annan relaterad utrustning, som kan hantera bearbetning av cylinderr\u00f6r med en maximal innerdiameter p\u00e5 400 mm och en maximal l\u00e4ngd p\u00e5 6 meter.<\/p>\n<p><img loading=\"lazy\" decoding=\"async\" class=\"alignnone wp-image-628 size-large\" src=\"https:\/\/hydraulic-cylinders.net\/wp-content\/uploads\/2023\/08\/hydraulic-cylinder-product-3-1024x391.webp\" alt=\"\" width=\"1024\" height=\"391\" srcset=\"https:\/\/hydraulic-cylinders.net\/wp-content\/uploads\/2023\/08\/hydraulic-cylinder-product-3-980x374.webp 980w, https:\/\/hydraulic-cylinders.net\/wp-content\/uploads\/2023\/08\/hydraulic-cylinder-product-3-480x183.webp 480w\" sizes=\"(min-width: 0px) and (max-width: 480px) 480px, (min-width: 481px) and (max-width: 980px) 980px, (min-width: 981px) 1024px, 100vw\" \/><\/p>\n<h3>(3) Svetsning<\/h3>\n<p><img loading=\"lazy\" decoding=\"async\" class=\"alignnone wp-image-629 size-large\" src=\"https:\/\/hydraulic-cylinders.net\/wp-content\/uploads\/2023\/08\/hydraulic-cylinder-product-4-1024x510.webp\" alt=\"\" width=\"1024\" height=\"510\" srcset=\"https:\/\/hydraulic-cylinders.net\/wp-content\/uploads\/2023\/08\/hydraulic-cylinder-product-4-980x488.webp 980w, https:\/\/hydraulic-cylinders.net\/wp-content\/uploads\/2023\/08\/hydraulic-cylinder-product-4-480x239.webp 480w\" sizes=\"(min-width: 0px) and (max-width: 480px) 480px, (min-width: 481px) and (max-width: 980px) 980px, (min-width: 981px) 1024px, 100vw\" \/><\/p>\n<h3>(4) M\u00e5lning och ytbehandling<\/h3>\n<p>Med sm\u00e5 och medelstora cylindriska automatiska vattenbaserade f\u00e4rgbel\u00e4ggningslinjer, f\u00f6r att uppn\u00e5 automatisk robotlastning och lossning samt automatisk sprutning, \u00e4r den designade kapaciteten 4000 stycken per skift;<br \/>\nVi har \u00e4ven en halvautomatisk f\u00e4rgproduktionslinje f\u00f6r stora cylindrar som drivs av en sl\u00e4pkedja, med en designkapacitet p\u00e5 60 l\u00e5dor per skift.<\/p>\n<p><img loading=\"lazy\" decoding=\"async\" class=\"alignnone wp-image-630\" src=\"https:\/\/hydraulic-cylinders.net\/wp-content\/uploads\/2023\/08\/hydraulic-cylinder-product-5-300x213.webp\" alt=\"\" width=\"366\" height=\"260\" \/> <img loading=\"lazy\" decoding=\"async\" class=\"alignnone wp-image-631\" src=\"https:\/\/hydraulic-cylinders.net\/wp-content\/uploads\/2023\/08\/hydraulic-cylinder-product-6-300x225.webp\" alt=\"\" width=\"347\" height=\"260\" \/><\/p>\n<h3>(5) Testning<\/h3>\n<p>Vi har f\u00f6rstklassiga inspektionsanl\u00e4ggningar och testb\u00e4ddar f\u00f6r att s\u00e4kerst\u00e4lla att cylinderns prestanda uppfyller kraven.<\/p>\n<p><img loading=\"lazy\" decoding=\"async\" class=\"alignnone wp-image-632\" src=\"https:\/\/hydraulic-cylinders.net\/wp-content\/uploads\/2023\/08\/hydraulic-cylinder-product-8-300x200.webp\" alt=\"\" width=\"389\" height=\"260\" \/><\/p>\n<p>&nbsp;<\/p>\n<p>&nbsp;<\/p>\n<p>Vi \u00e4r en av de b\u00e4sta tillverkarna av hydraulcylindrar. Vi kan erbjuda ett helt\u00e4ckande utbud av hydraulcylindrar. Vi tillhandah\u00e5ller \u00e4ven motsvarande <a href=\"https:\/\/hzpt.com\/agricultural-pto-gearbox\/\" target=\"_blank\" rel=\"noopener\">jordbruksv\u00e4xell\u00e5dor<\/a>Vi har exporterat v\u00e5ra produkter till kunder \u00f6ver hela v\u00e4rlden och f\u00e5tt ett gott rykte tack vare v\u00e5r \u00f6verl\u00e4gsna produktkvalitet och kundservice. Vi v\u00e4lkomnar kunder b\u00e5de hemma och utomlands att kontakta oss f\u00f6r att f\u00f6rhandla aff\u00e4rer, utbyta information och <a href=\"https:\/\/www.hydraulic-cylinders.net\/sv\/contact-us\/\">samarbeta med oss<\/a>!<\/p>","protected":false},"excerpt":{"rendered":"<p>Injection Molding Machine Shooting Cylinder The injection molding machine shooting cylinder is a crucial component in plastic injection molding processes and is designed to enhance precision, efficiency, and reliability. This specialized cylinder is pivotal in the injection phase, where molten plastic material is injected into a mold to form desired products. The injection molding machine [&hellip;]<\/p>","protected":false},"featured_media":1741,"comment_status":"open","ping_status":"closed","template":"","meta":{"_et_pb_use_builder":"","_et_pb_old_content":"","_et_gb_content_width":""},"product_brand":[],"product_cat":[1523,1549,1376],"product_tag":[1380],"class_list":{"0":"post-1739","1":"product","2":"type-product","3":"status-publish","4":"has-post-thumbnail","6":"product_cat-injection-molding-hydraulic-cylinders","7":"product_cat-single-acting-hydraulic-cylinder","8":"product_cat-hydraulic-cylinder","9":"product_tag-hydraulic-cylinder","11":"first","12":"instock","13":"shipping-taxable","14":"product-type-simple"},"amp_enabled":true,"_links":{"self":[{"href":"https:\/\/www.hydraulic-cylinders.net\/sv\/wp-json\/wp\/v2\/product\/1739","targetHints":{"allow":["GET"]}}],"collection":[{"href":"https:\/\/www.hydraulic-cylinders.net\/sv\/wp-json\/wp\/v2\/product"}],"about":[{"href":"https:\/\/www.hydraulic-cylinders.net\/sv\/wp-json\/wp\/v2\/types\/product"}],"replies":[{"embeddable":true,"href":"https:\/\/www.hydraulic-cylinders.net\/sv\/wp-json\/wp\/v2\/comments?post=1739"}],"wp:featuredmedia":[{"embeddable":true,"href":"https:\/\/www.hydraulic-cylinders.net\/sv\/wp-json\/wp\/v2\/media\/1741"}],"wp:attachment":[{"href":"https:\/\/www.hydraulic-cylinders.net\/sv\/wp-json\/wp\/v2\/media?parent=1739"}],"wp:term":[{"taxonomy":"product_brand","embeddable":true,"href":"https:\/\/www.hydraulic-cylinders.net\/sv\/wp-json\/wp\/v2\/product_brand?post=1739"},{"taxonomy":"product_cat","embeddable":true,"href":"https:\/\/www.hydraulic-cylinders.net\/sv\/wp-json\/wp\/v2\/product_cat?post=1739"},{"taxonomy":"product_tag","embeddable":true,"href":"https:\/\/www.hydraulic-cylinders.net\/sv\/wp-json\/wp\/v2\/product_tag?post=1739"}],"curies":[{"name":"wp","href":"https:\/\/api.w.org\/{rel}","templated":true}]}}