{"id":1742,"date":"2023-10-12T07:55:54","date_gmt":"2023-10-12T07:55:54","guid":{"rendered":"https:\/\/hydraulic-cylinders.net\/?post_type=product&#038;p=1742"},"modified":"2025-04-11T02:56:56","modified_gmt":"2025-04-11T02:56:56","slug":"injection-molding-machine-ejection-cylinder","status":"publish","type":"product","link":"https:\/\/www.hydraulic-cylinders.net\/sv\/produkt\/injection-molding-machine-ejection-cylinder\/","title":{"rendered":"Utkastningscylinder f\u00f6r formsprutningsmaskin"},"content":{"rendered":"<h1 style=\"text-align: center;\"><strong>Utkastningscylinder f\u00f6r formsprutningsmaskin<\/strong><\/h1>\n<p><img loading=\"lazy\" decoding=\"async\" class=\"wp-image-1744 aligncenter\" src=\"https:\/\/hydraulic-cylinders.net\/wp-content\/uploads\/2023\/10\/ejection-cylinder-1-300x300.webp\" alt=\"\" width=\"400\" height=\"400\" \/><\/p>\n<p>Utmatningscylindern i en formsprutningsmaskin \u00e4r en viktig komponent i formsprutningsprocessen f\u00f6r plast, utformad f\u00f6r att f\u00f6rb\u00e4ttra effektivitet och precision genom att underl\u00e4tta utmatningen av gjutna delar fr\u00e5n formh\u00e5lan. Denna specialiserade cylinder spelar en avg\u00f6rande roll i det sista steget av formsprutningscykeln och s\u00e4kerst\u00e4ller ett smidigt och effektivt avl\u00e4gsnande av gjutna delar fr\u00e5n formen.<\/p>\n<p>Formsprutningsmaskinens utmatningscylinder \u00e4r en viktig komponent vid formsprutning av plast, vilket m\u00f6jligg\u00f6r effektiv och exakt utmatning av gjutna delar fr\u00e5n formh\u00e5lan. Denna cylinder s\u00e4kerst\u00e4ller tillf\u00f6rlitliga och optimerade utmatningsprocesser med sin robusta konstruktion, exakta utmatningskontroll, snabba drift och justerbara slagl\u00e4ngd. Genom att f\u00f6lja rekommenderade anv\u00e4ndningsmetoder och underh\u00e5llspraxis kan tillverkare maximera prestandan och livsl\u00e4ngden hos formsprutningsmaskinens utmatningscylinder, vilket i slut\u00e4ndan f\u00f6rb\u00e4ttrar effektiviteten, precisionen och den \u00f6vergripande kvaliteten hos formsprutningsoperationerna f\u00f6r plast.<\/p>\n<p>Viktiga egenskaper f\u00f6r utst\u00f6tningscylinder f\u00f6r formsprutningsmaskin:<\/p>\n<ol>\n<li>Robust konstruktion:<\/li>\n<\/ol>\n<ul>\n<li>Formsprutningsmaskinens utst\u00f6tningscylinder \u00e4r tillverkad av h\u00f6gkvalitativa material, vilket s\u00e4kerst\u00e4ller h\u00e5llbarhet och livsl\u00e4ngd \u00e4ven i kr\u00e4vande produktionsmilj\u00f6er.<\/li>\n<li>Den \u00e4r konstruerad f\u00f6r att motst\u00e5 h\u00f6ga utkastkrafter och repetitiva r\u00f6relser, och bibeh\u00e5ller j\u00e4mn prestanda under l\u00e4ngre anv\u00e4ndningsperioder.<\/li>\n<\/ul>\n<ol start=\"2\">\n<li>Exakt utkastningskontroll:<\/li>\n<\/ol>\n<ul>\n<li>Denna cylinder ger exakt kontroll \u00f6ver utst\u00f6tningsprocessen, vilket m\u00f6jligg\u00f6r noggrann och repeterbar utst\u00f6tning av gjutna delar.<\/li>\n<li>Det m\u00f6jligg\u00f6r anpassning av utst\u00f6tningshastighet, kraft och slagl\u00e4ngd, vilket s\u00e4kerst\u00e4ller optimal borttagning av delar utan att orsaka skador.<\/li>\n<\/ul>\n<ol start=\"3\">\n<li>Snabb och effektiv drift:<\/li>\n<\/ol>\n<ul>\n<li>Formsprutningsmaskinens utmatningscylinder m\u00f6jligg\u00f6r snabba utmatningscykler, vilket minimerar produktionstiden och \u00f6kar den totala produktiviteten.<\/li>\n<li>Det s\u00e4kerst\u00e4ller snabb och tillf\u00f6rlitlig utst\u00f6tning av gjutna delar, vilket minskar stillest\u00e5ndstiden och m\u00f6jligg\u00f6r snabbare gjutcykel.<\/li>\n<\/ul>\n<ol start=\"4\">\n<li>Justerbar slagl\u00e4ngd:<\/li>\n<\/ol>\n<ul>\n<li>Denna cylinder erbjuder justerbar slagl\u00e4ngd f\u00f6r att passa formkonstruktioner och delstorlekar.<\/li>\n<li>Det m\u00f6jligg\u00f6r flexibilitet vid utst\u00f6tning, vilket s\u00e4kerst\u00e4ller att delarna st\u00f6ts ut med l\u00e4mpligt avst\u00e5nd och frig\u00e5ng fr\u00e5n formen.<\/li>\n<\/ul>\n<h2><strong>Parameter f\u00f6r utst\u00f6tningscylinder f\u00f6r formsprutningsmaskin:<\/strong><\/h2>\n<table border=\"1\" cellspacing=\"0\" cellpadding=\"0\">\n<tbody>\n<tr>\n<td>Produktnamn<\/td>\n<td>Utkastningscylinder f\u00f6r formsprutningsmaskin<\/td>\n<\/tr>\n<tr>\n<td>Drag:<\/td>\n<td>Mata ut produkten som bildats i formen<\/td>\n<\/tr>\n<tr>\n<td>Borrdiameter:<\/td>\n<td>\u00a090 mm\uff5e220 mm<\/td>\n<\/tr>\n<tr>\n<td>St\u00e5ngdiameter:<\/td>\n<td>50 mm\uff5e140 mm<br \/>\nSlagl\u00e4ngd \u2264600 mm<\/td>\n<\/tr>\n<tr>\n<td>Tryckkraft:<\/td>\n<td>Maximalt 760 kN<br \/>\n(Borrdiameter: 220 mm\/tryck 10 MPa)<\/td>\n<\/tr>\n<tr>\n<td>Anv\u00e4ndningsomr\u00e5den:<\/td>\n<td>Formsprutningsmaskin<\/td>\n<\/tr>\n<\/tbody>\n<\/table>\n<div><\/div>\n<div>\n<div class=\"txtboxL\">\n<div class=\"txtboxL\">\n<div class=\"txtboxL\">\n<div class=\"txtboxL\">\n<div class=\"txtboxL\">Drag:<\/div>\n<div class=\"txtboxR\">Mata ut produkten som bildats i formen<\/div>\n<div class=\"txtboxL\">Specifikation:<\/div>\n<div class=\"txtboxR\">Borrdiameter: 90 mm ~ 220 mm<br \/>\nSt\u00e5ngdiameter: 50 mm ~ 140 mm<br \/>\nSlagl\u00e4ngd \u2264600 mm<\/div>\n<div class=\"txtboxL\">Tryckkraft:<\/div>\n<div class=\"txtboxR\">Maximalt 760 kN<br \/>\n(Borrdiameter: 220 mm\/tryck 10 MPa)<\/div>\n<\/div>\n<\/div>\n<\/div>\n<\/div>\n<\/div>\n<h2><strong>Cementutrustning <\/strong><strong>Cylinderfabrik:<\/strong><\/h2>\n<p><img loading=\"lazy\" decoding=\"async\" class=\"alignnone wp-image-1734 size-full\" src=\"https:\/\/hydraulic-cylinders.net\/wp-content\/uploads\/2023\/10\/cement-equipment-cylinder-1.webp\" alt=\"\" width=\"1418\" height=\"946\" srcset=\"https:\/\/hydraulic-cylinders.net\/wp-content\/uploads\/2023\/10\/cement-equipment-cylinder-1.webp 1418w, https:\/\/hydraulic-cylinders.net\/wp-content\/uploads\/2023\/10\/cement-equipment-cylinder-1-1280x854.webp 1280w, https:\/\/hydraulic-cylinders.net\/wp-content\/uploads\/2023\/10\/cement-equipment-cylinder-1-980x654.webp 980w, https:\/\/hydraulic-cylinders.net\/wp-content\/uploads\/2023\/10\/cement-equipment-cylinder-1-480x320.webp 480w\" sizes=\"(min-width: 0px) and (max-width: 480px) 480px, (min-width: 481px) and (max-width: 980px) 980px, (min-width: 981px) and (max-width: 1280px) 1280px, (min-width: 1281px) 1418px, 100vw\" \/><\/p>\n<h2><strong>Anv\u00e4ndningsmetod f\u00f6r utst\u00f6tningscylinder f\u00f6r formsprutningsmaskin<\/strong><strong>:<\/strong><\/h2>\n<ol>\n<li><strong>Installation:<\/strong><\/li>\n<\/ol>\n<ul>\n<li>F\u00f6lj tillverkarens anvisningar f\u00f6r att montera formsprutningsmaskinens utkastningscylinder ordentligt p\u00e5 formsprutningsmaskinen.<\/li>\n<li>S\u00e4kerst\u00e4ll korrekt inriktning och fasts\u00e4ttning p\u00e5 maskinens utkastningsenhet, s\u00e5 att utkastningen fungerar smidigt.<\/li>\n<\/ul>\n<ol start=\"2\">\n<li><strong>Justera utst\u00f6tningsparametrar:<\/strong><\/li>\n<\/ol>\n<ul>\n<li>Anv\u00e4nd maskinens kontrollpanel eller gr\u00e4nssnitt f\u00f6r att justera utst\u00f6tningsparametrar, s\u00e5som hastighet, kraft och slagl\u00e4ngd.<\/li>\n<li>Se maskinens bruksanvisning f\u00f6r specifika riktlinjer f\u00f6r inst\u00e4llning av l\u00e4mpliga parametrar baserat p\u00e5 delspecifikationer och formkrav.<\/li>\n<\/ul>\n<ol start=\"3\">\n<li><strong>M\u00f6gelf\u00f6rberedelse:<\/strong><\/li>\n<\/ol>\n<ul>\n<li>St\u00e4ll in formen i formsprutningsmaskinen och se till att den \u00e4r korrekt uppriktad och fastkl\u00e4md.<\/li>\n<li>F\u00e4st utst\u00f6tningskomponenterna, s\u00e5som utst\u00f6tningsstift eller utst\u00f6tningsplattor, p\u00e5 formen f\u00f6r att s\u00e4kerst\u00e4lla s\u00e4ker och tillf\u00f6rlitlig utst\u00f6tning.<\/li>\n<\/ul>\n<ol start=\"4\">\n<li><strong>Utst\u00f6tningsprocess:<\/strong><\/li>\n<\/ol>\n<ul>\n<li>Initiera utst\u00f6tningsprocessen genom att aktivera formsprutningsmaskinen.<\/li>\n<li>Formsprutningsmaskinens utmatningscylinder str\u00e4cker snabbt ut utmatningskomponenterna och trycker ut de gjutna delarna ur formh\u00e5ligheten.<\/li>\n<li>S\u00e4kerst\u00e4ll att utkastningsslagets l\u00e4ngd \u00e4r justerat f\u00f6r att mata ut delarna med \u00f6nskat spelrum och utan att orsaka n\u00e5gra skador.<\/li>\n<\/ul>\n<h2><strong>Hur fungerar en hydraulcylinder?<\/strong><\/h2>\n<p>En hydraulcylinder \u00e4r en mekanisk anordning som anv\u00e4nder hydraulv\u00e4tska f\u00f6r att generera kraft och underl\u00e4tta linj\u00e4r r\u00f6relse. Den fungerar genom att \u00f6verf\u00f6ra tryck genom en innesluten v\u00e4tska f\u00f6r att producera mekanisk effekt. H\u00e4r \u00e4r en f\u00f6renklad f\u00f6rklaring av hur en hydraulcylinder fungerar:<\/p>\n<ol>\n<li><strong>Grundl\u00e4ggande komponenter:<\/strong>\n<ul>\n<li>Cylinderr\u00f6r: Hydraulcylinderns huvuddel rymmer kolven och andra interna komponenter.<\/li>\n<li>Kolv: En cylindrisk komponent som delar cylinderr\u00f6ret i tv\u00e5 kammare.<\/li>\n<li>Kolvst\u00e5ng: Ansluten till kolven str\u00e4cker den sig utanf\u00f6r cylinderr\u00f6ret och \u00f6verf\u00f6r den genererade kraften.<\/li>\n<li>T\u00e4tningar f\u00f6rhindrar l\u00e4ckage av hydraulv\u00e4tska mellan kolven och cylinderr\u00f6ret, vilket s\u00e4kerst\u00e4ller effektiv drift.<\/li>\n<\/ul>\n<\/li>\n<li><strong>Hydrauliskt system:<\/strong>\n<ul>\n<li>Det hydrauliska systemet best\u00e5r av en pump, styrventiler, hydraulv\u00e4tska (vanligtvis olja) och anslutningsr\u00f6r.<\/li>\n<li>Hydraulpumpen trycks\u00e4tter v\u00e4tskan och skapar hydraulisk energi som kan anv\u00e4ndas f\u00f6r att generera kraft.<\/li>\n<\/ul>\n<\/li>\n<li><strong>Tv\u00e5 kammare:<\/strong>\n<ul>\n<li>Hydraulcylindern har tv\u00e5 kammare: st\u00e5ngsidan (eller trycksidan) och motsatt sida (eller retursidan).<\/li>\n<li>St\u00e5ngsidan \u00e4r ansluten till hydraulpumpen, medan den motsatta sidan \u00e4r ansluten till en beh\u00e5llare eller returledning.<\/li>\n<\/ul>\n<\/li>\n<li><strong>Drift:<\/strong>\n<ul>\n<li>N\u00e4r hydraulv\u00e4tskan pumpas in i kolvens kammare p\u00e5 kolvens sida, applicerar den tryck p\u00e5 kolven, vilket f\u00e5r den att r\u00f6ra sig ut\u00e5t.<\/li>\n<li>N\u00e4r kolven r\u00f6r sig trycker den p\u00e5 st\u00e5ngen, vilket genererar en linj\u00e4r kraft.<\/li>\n<li>Samtidigt \u00e5terv\u00e4nder hydraulv\u00e4tskan fr\u00e5n den motsatta sidokammaren till beh\u00e5llaren eller genom returledningen.<\/li>\n<\/ul>\n<\/li>\n<li><strong>Riktningskontroll:<\/strong>\n<ul>\n<li>Hydraulcylinderns r\u00f6relseriktning styrs med hj\u00e4lp av riktningsventiler.<\/li>\n<li>Dessa ventiler reglerar fl\u00f6det av hydraulv\u00e4tska till l\u00e4mplig kammare och best\u00e4mmer kolvens r\u00f6relseriktning.<\/li>\n<\/ul>\n<\/li>\n<li><strong>Kraft- och hastighetskontroll:<\/strong>\n<ul>\n<li>Kraften som genereras av hydraulcylindern beror p\u00e5 det hydrauliska trycket och kolvens effektiva area.<\/li>\n<li>Genom att justera det hydrauliska trycket kan kraftuttaget styras.<\/li>\n<li>Cylinderns r\u00f6relsehastighet kan regleras genom att justera fl\u00f6deshastigheten f\u00f6r hydraulv\u00e4tska in i eller ut ur cylindern.<\/li>\n<\/ul>\n<\/li>\n<li><strong>Anv\u00e4ndningsomr\u00e5den:<\/strong>\n<ul>\n<li>Hydraulcylindrar anv\u00e4nds i olika till\u00e4mpningar som kr\u00e4ver linj\u00e4r kraft och r\u00f6relse, s\u00e5som byggutrustning, materialhanteringsmaskiner, tillverkningssystem och fordon.<\/li>\n<li>De anv\u00e4nds ofta f\u00f6r lyft-, skjut-, drag-, b\u00f6j- och positioneringsapplikationer.<\/li>\n<\/ul>\n<\/li>\n<\/ol>\n<h2><strong>Fabrikens kapacitet och kapacitet:<\/strong><\/h2>\n<h3>(1) Montering<\/h3>\n<p>Vi har en f\u00f6rstklassig oberoende forsknings- och utvecklingsplattform. Verkstaden f\u00f6r tillverkning av hydraulcylindrar har fyra halvautomatiska monteringslinjer f\u00f6r lyftcylindrar och en automatisk monteringslinje f\u00f6r tiltcylindrar, med en planerad \u00e5rlig produktionskapacitet p\u00e5 1 miljon enheter. Specialcylinderverkstaden \u00e4r utrustad med olika specifikationer f\u00f6r ett halvautomatiskt reng\u00f6ringsmonteringssystem med en planerad \u00e5rlig produktionskapacitet p\u00e5 200 000 och utrustad med k\u00e4nd CNC-bearbetningsutrustning, ett fleroperationscenter, en specialutrustning f\u00f6r h\u00f6gprecisionscylindrar, en robotsvetsmaskin, en automatisk reng\u00f6ringsmaskin, en automatisk cylindermonteringsmaskin och en automatisk produktionslinje f\u00f6r m\u00e5lning. Befintlig kritisk utrustning p\u00e5 mer \u00e4n 300 set (set). Optimal allokering och effektiv anv\u00e4ndning av utrustningsresurser s\u00e4kerst\u00e4ller produkternas noggrannhetskrav och uppfyller produkternas h\u00f6ga kvalitetsbehov.<\/p>\n<p><img loading=\"lazy\" decoding=\"async\" class=\"alignnone wp-image-626\" src=\"https:\/\/hydraulic-cylinders.net\/wp-content\/uploads\/2023\/08\/hydraulic-cylinder-product-1-300x158.webp\" alt=\"\" width=\"495\" height=\"260\" srcset=\"https:\/\/hydraulic-cylinders.net\/wp-content\/uploads\/2023\/08\/hydraulic-cylinder-product-1-300x158.webp 495w, https:\/\/hydraulic-cylinders.net\/wp-content\/uploads\/2023\/08\/hydraulic-cylinder-product-1-480x252.webp 480w\" sizes=\"(min-width: 0px) and (max-width: 480px) 480px, (min-width: 481px) 495px, 100vw\" \/> <img loading=\"lazy\" decoding=\"async\" class=\"alignnone wp-image-627\" src=\"https:\/\/hydraulic-cylinders.net\/wp-content\/uploads\/2023\/08\/hydraulic-cylinder-product-2-300x189.webp\" alt=\"\" width=\"413\" height=\"260\" \/><\/p>\n<h3>(2) Maskinbearbetning<\/h3>\n<p>Bearbetningsverkstaden \u00e4r utrustad med en specialanpassad svarvcentral f\u00f6r lutande r\u00e4ls, bearbetningscenter, h\u00f6ghastighetsh\u00f6nsmaskin, svetsrobot och annan relaterad utrustning, som kan hantera bearbetning av cylinderr\u00f6r med en maximal innerdiameter p\u00e5 400 mm och en maximal l\u00e4ngd p\u00e5 6 meter.<\/p>\n<p><img loading=\"lazy\" decoding=\"async\" class=\"alignnone wp-image-628 size-large\" src=\"https:\/\/hydraulic-cylinders.net\/wp-content\/uploads\/2023\/08\/hydraulic-cylinder-product-3-1024x391.webp\" alt=\"\" width=\"1024\" height=\"391\" srcset=\"https:\/\/hydraulic-cylinders.net\/wp-content\/uploads\/2023\/08\/hydraulic-cylinder-product-3-980x374.webp 980w, https:\/\/hydraulic-cylinders.net\/wp-content\/uploads\/2023\/08\/hydraulic-cylinder-product-3-480x183.webp 480w\" sizes=\"(min-width: 0px) and (max-width: 480px) 480px, (min-width: 481px) and (max-width: 980px) 980px, (min-width: 981px) 1024px, 100vw\" \/><\/p>\n<h3>(3) Svetsning<\/h3>\n<p><img loading=\"lazy\" decoding=\"async\" class=\"alignnone wp-image-629 size-large\" src=\"https:\/\/hydraulic-cylinders.net\/wp-content\/uploads\/2023\/08\/hydraulic-cylinder-product-4-1024x510.webp\" alt=\"\" width=\"1024\" height=\"510\" srcset=\"https:\/\/hydraulic-cylinders.net\/wp-content\/uploads\/2023\/08\/hydraulic-cylinder-product-4-980x488.webp 980w, https:\/\/hydraulic-cylinders.net\/wp-content\/uploads\/2023\/08\/hydraulic-cylinder-product-4-480x239.webp 480w\" sizes=\"(min-width: 0px) and (max-width: 480px) 480px, (min-width: 481px) and (max-width: 980px) 980px, (min-width: 981px) 1024px, 100vw\" \/><\/p>\n<h3>(4) M\u00e5lning och ytbehandling<\/h3>\n<p>Med sm\u00e5 och medelstora cylindriska automatiska vattenbaserade f\u00e4rgbel\u00e4ggningslinjer, f\u00f6r att uppn\u00e5 automatisk robotlastning och lossning samt automatisk sprutning, \u00e4r den designade kapaciteten 4000 stycken per skift;<br \/>\nVi har \u00e4ven en halvautomatisk f\u00e4rgproduktionslinje f\u00f6r stora cylindrar som drivs av en sl\u00e4pkedja, med en designkapacitet p\u00e5 60 l\u00e5dor per skift.<\/p>\n<p><img loading=\"lazy\" decoding=\"async\" class=\"alignnone wp-image-630\" src=\"https:\/\/hydraulic-cylinders.net\/wp-content\/uploads\/2023\/08\/hydraulic-cylinder-product-5-300x213.webp\" alt=\"\" width=\"366\" height=\"260\" \/> <img loading=\"lazy\" decoding=\"async\" class=\"alignnone wp-image-631\" src=\"https:\/\/hydraulic-cylinders.net\/wp-content\/uploads\/2023\/08\/hydraulic-cylinder-product-6-300x225.webp\" alt=\"\" width=\"347\" height=\"260\" \/><\/p>\n<h3>(5) Testning<\/h3>\n<p>Vi har f\u00f6rstklassiga inspektionsanl\u00e4ggningar och testb\u00e4ddar f\u00f6r att s\u00e4kerst\u00e4lla att cylinderns prestanda uppfyller kraven.<\/p>\n<p><img loading=\"lazy\" decoding=\"async\" class=\"alignnone wp-image-632\" src=\"https:\/\/hydraulic-cylinders.net\/wp-content\/uploads\/2023\/08\/hydraulic-cylinder-product-8-300x200.webp\" alt=\"\" width=\"389\" height=\"260\" \/><\/p>\n<p>&nbsp;<\/p>\n<p>&nbsp;<\/p>\n<p>Vi \u00e4r en av de b\u00e4sta tillverkarna av hydraulcylindrar. Vi kan erbjuda ett helt\u00e4ckande utbud av hydraulcylindrar. Vi tillhandah\u00e5ller \u00e4ven motsvarande <a href=\"https:\/\/hzpt.com\/agricultural-pto-gearbox\/\" target=\"_blank\" rel=\"noopener\">jordbruksv\u00e4xell\u00e5dor<\/a>Vi har exporterat v\u00e5ra produkter till kunder \u00f6ver hela v\u00e4rlden och f\u00e5tt ett gott rykte tack vare v\u00e5r \u00f6verl\u00e4gsna produktkvalitet och kundservice. Vi v\u00e4lkomnar kunder b\u00e5de hemma och utomlands att kontakta oss f\u00f6r att f\u00f6rhandla aff\u00e4rer, utbyta information och <a href=\"https:\/\/www.hydraulic-cylinders.net\/sv\/contact-us\/\">samarbeta med oss<\/a>!<\/p>","protected":false},"excerpt":{"rendered":"<p>Injection Molding Machine Ejection Cylinder The injection molding machine ejection cylinder is a vital component in the plastic injection molding process, designed to improve efficiency and precision by facilitating the ejection of molded parts from the mold cavity. This specialized cylinder plays a crucial role in the final stage of the injection molding cycle, ensuring [&hellip;]<\/p>","protected":false},"featured_media":1745,"comment_status":"open","ping_status":"closed","template":"","meta":{"_et_pb_use_builder":"","_et_pb_old_content":"","_et_gb_content_width":""},"product_brand":[],"product_cat":[1523,1549,1376],"product_tag":[1380],"class_list":{"0":"post-1742","1":"product","2":"type-product","3":"status-publish","4":"has-post-thumbnail","6":"product_cat-injection-molding-hydraulic-cylinders","7":"product_cat-single-acting-hydraulic-cylinder","8":"product_cat-hydraulic-cylinder","9":"product_tag-hydraulic-cylinder","11":"first","12":"instock","13":"shipping-taxable","14":"product-type-simple"},"amp_enabled":true,"_links":{"self":[{"href":"https:\/\/www.hydraulic-cylinders.net\/sv\/wp-json\/wp\/v2\/product\/1742","targetHints":{"allow":["GET"]}}],"collection":[{"href":"https:\/\/www.hydraulic-cylinders.net\/sv\/wp-json\/wp\/v2\/product"}],"about":[{"href":"https:\/\/www.hydraulic-cylinders.net\/sv\/wp-json\/wp\/v2\/types\/product"}],"replies":[{"embeddable":true,"href":"https:\/\/www.hydraulic-cylinders.net\/sv\/wp-json\/wp\/v2\/comments?post=1742"}],"wp:featuredmedia":[{"embeddable":true,"href":"https:\/\/www.hydraulic-cylinders.net\/sv\/wp-json\/wp\/v2\/media\/1745"}],"wp:attachment":[{"href":"https:\/\/www.hydraulic-cylinders.net\/sv\/wp-json\/wp\/v2\/media?parent=1742"}],"wp:term":[{"taxonomy":"product_brand","embeddable":true,"href":"https:\/\/www.hydraulic-cylinders.net\/sv\/wp-json\/wp\/v2\/product_brand?post=1742"},{"taxonomy":"product_cat","embeddable":true,"href":"https:\/\/www.hydraulic-cylinders.net\/sv\/wp-json\/wp\/v2\/product_cat?post=1742"},{"taxonomy":"product_tag","embeddable":true,"href":"https:\/\/www.hydraulic-cylinders.net\/sv\/wp-json\/wp\/v2\/product_tag?post=1742"}],"curies":[{"name":"wp","href":"https:\/\/api.w.org\/{rel}","templated":true}]}}