{"id":1749,"date":"2023-10-12T08:32:32","date_gmt":"2023-10-12T08:32:32","guid":{"rendered":"https:\/\/hydraulic-cylinders.net\/?post_type=product&#038;p=1749"},"modified":"2025-04-11T03:49:34","modified_gmt":"2025-04-11T03:49:34","slug":"injection-molding-machine-reciprocating-cylinder","status":"publish","type":"product","link":"https:\/\/www.hydraulic-cylinders.net\/sv\/produkt\/injection-molding-machine-reciprocating-cylinder\/","title":{"rendered":"Formsprutningsmaskin fram- och \u00e5terg\u00e5ende cylinder"},"content":{"rendered":"<h1 style=\"text-align: center;\"><strong>Formsprutningsmaskin fram- och \u00e5terg\u00e5ende cylinder<\/strong><\/h1>\n<p><img loading=\"lazy\" decoding=\"async\" class=\"aligncenter wp-image-1750\" src=\"https:\/\/hydraulic-cylinders.net\/wp-content\/uploads\/2023\/10\/reciprocating-cylinder-1-300x300.webp\" alt=\"\" width=\"400\" height=\"400\" \/><\/p>\n<p>Formsprutningsmaskinens fram- och \u00e5terg\u00e5ende cylinder \u00e4r en avg\u00f6rande komponent i formsprutningsprocessen f\u00f6r plast. Denna specialiserade cylinder \u00e4r utformad f\u00f6r att underl\u00e4tta formsprutningsenhetens fram- och \u00e5terg\u00e5ende r\u00f6relse, vilket \u00e4r avg\u00f6rande f\u00f6r att s\u00e4kerst\u00e4lla exakt och effektiv produktion.<\/p>\n<p>The injection molding machine reciprocating cylinder is a critical component in plastic injection molding, enabling the injection unit&#8217;s precise and efficient reciprocating motion. This cylinder ensures reliable and optimized injection unit movements with its robust construction, particular reciprocating motion, fast operation, and adjustable stroke length and force. By following the recommended usage methods and maintenance practices, manufacturers can maximize the injection molding machine&#8217;s reciprocating cylinder&#8217;s performance and longevity, ultimately improving the precision, efficiency, and overall quality of plastic injection molding operations.<\/p>\n<p>Viktiga egenskaper f\u00f6r formsprutningsmaskinens fram- och \u00e5terg\u00e5ende cylinder:<\/p>\n<ol>\n<li>Robust konstruktion:<\/li>\n<\/ol>\n<ul>\n<li>Formsprutningsmaskinens fram- och \u00e5terg\u00e5ende cylinder \u00e4r konstruerad av h\u00f6gkvalitativa material, vilket s\u00e4kerst\u00e4ller h\u00e5llbarhet och livsl\u00e4ngd \u00e4ven i kr\u00e4vande produktionsmilj\u00f6er.<\/li>\n<li>Den \u00e4r konstruerad f\u00f6r att motst\u00e5 h\u00f6ga krafter och repetitiva r\u00f6relser, och bibeh\u00e5ller j\u00e4mn prestanda under l\u00e4ngre anv\u00e4ndningsperioder.<\/li>\n<\/ul>\n<ol start=\"2\">\n<li>Exakt fram- och \u00e5terg\u00e5ende r\u00f6relse:<\/li>\n<\/ol>\n<ul>\n<li>Denna cylinder ger exakt kontroll \u00f6ver injektionsenhetens fram- och \u00e5terg\u00e5ende r\u00f6relse, vilket s\u00e4kerst\u00e4ller korrekt positionering och inriktning.<\/li>\n<li>Det m\u00f6jligg\u00f6r anpassning av fram- och \u00e5terg\u00e5ende hastighet, vilket m\u00f6jligg\u00f6r optimerade produktionscykler och minimerar delfel.<\/li>\n<\/ul>\n<ol start=\"3\">\n<li>Snabb och effektiv drift:<\/li>\n<\/ol>\n<ul>\n<li>Formsprutningsmaskinens fram- och \u00e5terg\u00e5ende cylinder m\u00f6jligg\u00f6r snabba fram- och \u00e5terg\u00e5ende r\u00f6relser, vilket minskar produktionstiden och \u00f6kar den totala produktiviteten.<\/li>\n<li>Det s\u00e4kerst\u00e4ller snabb och tillf\u00f6rlitlig r\u00f6relse av injektionsenheten, vilket m\u00f6jligg\u00f6r snabbare injektionscykler och maximerar produktionsutg\u00e5ngen.<\/li>\n<\/ul>\n<ol start=\"4\">\n<li>Justerbar slagl\u00e4ngd och kraft:<\/li>\n<\/ol>\n<ul>\n<li>Denna cylinder erbjuder justerbar slagl\u00e4ngd och kraft f\u00f6r att passa olika injektionsenhetsstorlekar och detaljkrav.<\/li>\n<li>Det m\u00f6jligg\u00f6r flexibilitet i injektionsenhetens drift, vilket s\u00e4kerst\u00e4ller optimal plasticering och injektion utan att orsaka skador.<\/li>\n<\/ul>\n<h2><strong>Parameter f\u00f6r fram- och \u00e5terg\u00e5ende cylinder f\u00f6r formsprutningsmaskin:<\/strong><\/h2>\n<table border=\"1\" cellspacing=\"0\" cellpadding=\"0\">\n<tbody>\n<tr>\n<td>Produktnamn<\/td>\n<td>Formsprutningsmaskin fram- och \u00e5terg\u00e5ende cylinder<\/td>\n<\/tr>\n<tr>\n<td>Drag:<\/td>\n<td>Snabb formskiftning, \u00e4ven kallad formskiftningscylinder<\/td>\n<\/tr>\n<tr>\n<td>Borrdiameter:<\/td>\n<td>\u00a063 mm\uff5e180 mm<\/td>\n<\/tr>\n<tr>\n<td>St\u00e5ngdiameter:<\/td>\n<td>\u00a045 mm\uff5e125 mm<br \/>\nSlagl\u00e4ngd \u22644000 mm<\/td>\n<\/tr>\n<tr>\n<td>Tryckkraft:<\/td>\n<td>Maximalt 407 kN<br \/>\n(Borrdiameter: 180 mm\/tryck 16 MPa)<\/td>\n<\/tr>\n<tr>\n<td>Anv\u00e4ndningsomr\u00e5den:<\/td>\n<td>Formsprutningsmaskin<\/td>\n<\/tr>\n<\/tbody>\n<\/table>\n<div><\/div>\n<div>\n<div class=\"txtboxL\">\n<div class=\"txtboxL\">\n<div class=\"txtboxL\">\n<div class=\"txtboxL\">\n<div class=\"txtboxL\">\n<div class=\"txtboxL\">\n<div class=\"txtboxL\">Drag:<\/div>\n<div class=\"txtboxR\">Snabb formskiftning, \u00e4ven kallad formskiftningscylinder<\/div>\n<div class=\"txtboxL\">Specifikation:<\/div>\n<div class=\"txtboxR\">Borrdiameter: 63 mm ~ 180 mm<br \/>\nSt\u00e5ngdiameter: 45 mm ~ 125 mm<br \/>\nSlagl\u00e4ngd \u22644000 mm<\/div>\n<div class=\"txtboxL\">Tryckkraft:<\/div>\n<div class=\"txtboxR\">Maximalt 407 kN<br \/>\n(Borrdiameter: 180 mm\/tryck 16 MPa)<\/div>\n<\/div>\n<\/div>\n<\/div>\n<\/div>\n<\/div>\n<\/div>\n<\/div>\n<h2><strong>Cementutrustning <\/strong><strong>Cylinderfabrik:<\/strong><\/h2>\n<p><img loading=\"lazy\" decoding=\"async\" class=\"alignnone wp-image-1734 size-full\" src=\"https:\/\/hydraulic-cylinders.net\/wp-content\/uploads\/2023\/10\/cement-equipment-cylinder-1.webp\" alt=\"\" width=\"1418\" height=\"946\" srcset=\"https:\/\/hydraulic-cylinders.net\/wp-content\/uploads\/2023\/10\/cement-equipment-cylinder-1.webp 1418w, https:\/\/hydraulic-cylinders.net\/wp-content\/uploads\/2023\/10\/cement-equipment-cylinder-1-1280x854.webp 1280w, https:\/\/hydraulic-cylinders.net\/wp-content\/uploads\/2023\/10\/cement-equipment-cylinder-1-980x654.webp 980w, https:\/\/hydraulic-cylinders.net\/wp-content\/uploads\/2023\/10\/cement-equipment-cylinder-1-480x320.webp 480w\" sizes=\"(min-width: 0px) and (max-width: 480px) 480px, (min-width: 481px) and (max-width: 980px) 980px, (min-width: 981px) and (max-width: 1280px) 1280px, (min-width: 1281px) 1418px, 100vw\" \/><\/p>\n<h2><strong>Anv\u00e4ndningsmetod f\u00f6r formsprutningsmaskinens fram- och \u00e5terg\u00e5ende cylinder<\/strong><strong>:<\/strong><\/h2>\n<ol>\n<li><strong>Installation:<\/strong><\/li>\n<\/ol>\n<ul>\n<li>Follow the manufacturer&#8217;s guidelines to securely install the injection molding machine reciprocating cylinder onto the\u00a0machine.<\/li>\n<li>Ensure proper alignment and attachment to the machine&#8217;s reciprocating mechanism, allowing smooth operation during molding.<\/li>\n<\/ul>\n<ol start=\"2\">\n<li><strong>Justera fram- och \u00e5terg\u00e5ende parametrar:<\/strong><\/li>\n<\/ol>\n<ul>\n<li>Utilize the machine&#8217;s control panel or interface to adjust reciprocating parameters like speed, stroke length, and force.<\/li>\n<li>Refer to the machine&#8217;s operating manual for specific guidelines on setting the appropriate parameters based on the injection unit design and part specifications.<\/li>\n<\/ul>\n<ol start=\"3\">\n<li><strong>M\u00f6gelf\u00f6rberedelse:<\/strong><\/li>\n<\/ol>\n<ul>\n<li>St\u00e4ll in formen i formsprutningsmaskinen och se till att den \u00e4r korrekt uppriktad och fastkl\u00e4md.<\/li>\n<li>F\u00e4st injektionsenheten p\u00e5 formen, vilket s\u00e4kerst\u00e4ller en s\u00e4ker och tillf\u00f6rlitlig anslutning, vilket m\u00f6jligg\u00f6r exakt plasticering och injektion.<\/li>\n<\/ul>\n<ol start=\"4\">\n<li><strong>Fram- och \u00e5terg\u00e5ende r\u00f6relse:<\/strong><\/li>\n<\/ol>\n<ul>\n<li>Starta gjutningsprocessen genom att aktivera formsprutningsmaskinen.<\/li>\n<li>Formsprutningsmaskinens fram- och \u00e5terg\u00e5ende cylinder styr formsprutningsenhetens fram- och \u00e5terg\u00e5ende r\u00f6relse, vilket s\u00e4kerst\u00e4ller exakta och smidiga r\u00f6relser.<\/li>\n<li>S\u00e4kerst\u00e4ll att slagl\u00e4ngden och kraften \u00e4r justerade f\u00f6r att uppn\u00e5 \u00f6nskad fram- och \u00e5terg\u00e5ende r\u00f6relse utan att orsaka n\u00e5gra skador.<\/li>\n<\/ul>\n<h2><strong>Hur man renoverar en hydraulcylinder?<\/strong><\/h2>\n<ol>\n<li><strong>Demontering:<\/strong>\n<ul>\n<li>B\u00f6rja med att ta bort hydraulcylindern fr\u00e5n utrustningen eller maskinen.<\/li>\n<li>Koppla f\u00f6rsiktigt bort alla hydraulledningar eller kopplingar som \u00e4r anslutna till cylindern.<\/li>\n<li>Take note of the cylinder&#8217;s orientation and position for reassembly.<\/li>\n<\/ul>\n<\/li>\n<li><strong>Dr\u00e4neringsv\u00e4tska:<\/strong>\n<ul>\n<li>Placera en l\u00e4mplig beh\u00e5llare under cylindern f\u00f6r att samla upp eventuell kvarvarande hydraulv\u00e4tska.<\/li>\n<li>Dra ut eller dra in cylindern helt f\u00f6r att l\u00e5ta v\u00e4tskan rinna av helt.<\/li>\n<\/ul>\n<\/li>\n<li><strong>Ta bort \u00e4ndk\u00e5porna:<\/strong>\n<ul>\n<li>Lokalisera \u00e4ndk\u00e5porna p\u00e5 cylindern.<\/li>\n<li>Beroende p\u00e5 cylinderkonstruktionen kan du beh\u00f6va ta bort f\u00e4stbultar, sn\u00e4ppringar eller andra f\u00e4stelement f\u00f6r att lossa \u00e4ndk\u00e5porna.<\/li>\n<li>Knacka f\u00f6rsiktigt p\u00e5 \u00e4ndk\u00e5porna med en gummiklubba om de har fastnat, var f\u00f6rsiktig s\u00e5 att du inte skadar n\u00e5gra komponenter.<\/li>\n<\/ul>\n<\/li>\n<li><strong>Utdragskolv och st\u00e5ng:<\/strong>\n<ul>\n<li>N\u00e4r \u00e4ndk\u00e5porna har tagits bort, skjut f\u00f6rsiktigt ut kolv- och st\u00e5ngenheten.<\/li>\n<li>Observera orienteringen och placeringen av t\u00e4tningar, lager och andra komponenter.<\/li>\n<\/ul>\n<\/li>\n<li><strong>Inspektera komponenter:<\/strong>\n<ul>\n<li>Kontrollera noggrant alla komponenter f\u00f6r slitage, skador eller tecken p\u00e5 l\u00e4ckage.<\/li>\n<li>Kontrollera kolv, st\u00e5ng, cylinderlopp, t\u00e4tningar, lager och andra delar f\u00f6r eventuella problem som kan beh\u00f6va bytas ut.<\/li>\n<\/ul>\n<\/li>\n<li><strong>Byt ut t\u00e4tningar och komponenter:<\/strong>\n<ul>\n<li>Byt ut slitna eller skadade t\u00e4tningar, lager eller andra komponenter mot nya som \u00e4r kompatibla med cylindern.<\/li>\n<li>S\u00e4kerst\u00e4ll att t\u00e4tningar och komponenter \u00e4r ordentligt sm\u00f6rjda f\u00f6re installation.<\/li>\n<\/ul>\n<\/li>\n<li><strong>\u00c5termontering:<\/strong>\n<ul>\n<li>S\u00e4tt f\u00f6rsiktigt tillbaka kolv- och st\u00e5ngenheten i cylinderloppet.<\/li>\n<li>Applicera ett l\u00e4mpligt monteringssm\u00f6rjmedel f\u00f6r att underl\u00e4tta monteringsprocessen.<\/li>\n<li>Rikta in \u00e4ndk\u00e5porna och montera alla n\u00f6dv\u00e4ndiga f\u00e4stelement. Se till att korrekta \u00e5tdragningsmoment f\u00f6ljs.<\/li>\n<\/ul>\n<\/li>\n<li><strong>Testa och installera om:<\/strong>\n<ul>\n<li>N\u00e4r cylindern \u00e4r monterad igen, g\u00f6r en noggrann inspektion f\u00f6r att s\u00e4kerst\u00e4lla att alla komponenter \u00e4r korrekt installerade och justerade.<\/li>\n<li>\u00c5teranslut alla hydrauliska ledningar eller kopplingar som kopplades bort under demonteringsprocessen.<\/li>\n<li>Testa den renoverade hydraulcylindern f\u00f6r korrekt funktion och l\u00e4ckage.<\/li>\n<li>Om cylindern fungerar korrekt, installera den igen i utrustningen eller maskinen.<\/li>\n<\/ul>\n<\/li>\n<\/ol>\n<h2><strong>Fabrikens kapacitet och kapacitet:<\/strong><\/h2>\n<h3>(1) Montering<\/h3>\n<p>Vi har en f\u00f6rstklassig oberoende forsknings- och utvecklingsplattform. Verkstaden f\u00f6r tillverkning av hydraulcylindrar har fyra halvautomatiska monteringslinjer f\u00f6r lyftcylindrar och en automatisk monteringslinje f\u00f6r tiltcylindrar, med en planerad \u00e5rlig produktionskapacitet p\u00e5 1 miljon enheter. Specialcylinderverkstaden \u00e4r utrustad med olika specifikationer f\u00f6r ett halvautomatiskt reng\u00f6ringsmonteringssystem med en planerad \u00e5rlig produktionskapacitet p\u00e5 200 000 och utrustad med k\u00e4nd CNC-bearbetningsutrustning, ett fleroperationscenter, en specialutrustning f\u00f6r h\u00f6gprecisionscylindrar, en robotsvetsmaskin, en automatisk reng\u00f6ringsmaskin, en automatisk cylindermonteringsmaskin och en automatisk produktionslinje f\u00f6r m\u00e5lning. Befintlig kritisk utrustning p\u00e5 mer \u00e4n 300 set (set). Optimal allokering och effektiv anv\u00e4ndning av utrustningsresurser s\u00e4kerst\u00e4ller produkternas noggrannhetskrav och uppfyller produkternas h\u00f6ga kvalitetsbehov.<\/p>\n<p><img loading=\"lazy\" decoding=\"async\" class=\"alignnone wp-image-626\" src=\"https:\/\/hydraulic-cylinders.net\/wp-content\/uploads\/2023\/08\/hydraulic-cylinder-product-1-300x158.webp\" alt=\"\" width=\"495\" height=\"260\" srcset=\"https:\/\/hydraulic-cylinders.net\/wp-content\/uploads\/2023\/08\/hydraulic-cylinder-product-1-300x158.webp 495w, https:\/\/hydraulic-cylinders.net\/wp-content\/uploads\/2023\/08\/hydraulic-cylinder-product-1-480x252.webp 480w\" sizes=\"(min-width: 0px) and (max-width: 480px) 480px, (min-width: 481px) 495px, 100vw\" \/> <img loading=\"lazy\" decoding=\"async\" class=\"alignnone wp-image-627\" src=\"https:\/\/hydraulic-cylinders.net\/wp-content\/uploads\/2023\/08\/hydraulic-cylinder-product-2-300x189.webp\" alt=\"\" width=\"413\" height=\"260\" \/><\/p>\n<h3>(2) Maskinbearbetning<\/h3>\n<p>Bearbetningsverkstaden \u00e4r utrustad med en specialanpassad svarvcentral f\u00f6r lutande r\u00e4ls, bearbetningscenter, h\u00f6ghastighetsh\u00f6nsmaskin, svetsrobot och annan relaterad utrustning, som kan hantera bearbetning av cylinderr\u00f6r med en maximal innerdiameter p\u00e5 400 mm och en maximal l\u00e4ngd p\u00e5 6 meter.<\/p>\n<p><img loading=\"lazy\" decoding=\"async\" class=\"alignnone wp-image-628 size-large\" src=\"https:\/\/hydraulic-cylinders.net\/wp-content\/uploads\/2023\/08\/hydraulic-cylinder-product-3-1024x391.webp\" alt=\"\" width=\"1024\" height=\"391\" srcset=\"https:\/\/hydraulic-cylinders.net\/wp-content\/uploads\/2023\/08\/hydraulic-cylinder-product-3-980x374.webp 980w, https:\/\/hydraulic-cylinders.net\/wp-content\/uploads\/2023\/08\/hydraulic-cylinder-product-3-480x183.webp 480w\" sizes=\"(min-width: 0px) and (max-width: 480px) 480px, (min-width: 481px) and (max-width: 980px) 980px, (min-width: 981px) 1024px, 100vw\" \/><\/p>\n<h3>(3) Svetsning<\/h3>\n<p><img loading=\"lazy\" decoding=\"async\" class=\"alignnone wp-image-629 size-large\" src=\"https:\/\/hydraulic-cylinders.net\/wp-content\/uploads\/2023\/08\/hydraulic-cylinder-product-4-1024x510.webp\" alt=\"\" width=\"1024\" height=\"510\" srcset=\"https:\/\/hydraulic-cylinders.net\/wp-content\/uploads\/2023\/08\/hydraulic-cylinder-product-4-980x488.webp 980w, https:\/\/hydraulic-cylinders.net\/wp-content\/uploads\/2023\/08\/hydraulic-cylinder-product-4-480x239.webp 480w\" sizes=\"(min-width: 0px) and (max-width: 480px) 480px, (min-width: 481px) and (max-width: 980px) 980px, (min-width: 981px) 1024px, 100vw\" \/><\/p>\n<h3>(4) M\u00e5lning och ytbehandling<\/h3>\n<p>Med sm\u00e5 och medelstora cylindriska automatiska vattenbaserade f\u00e4rgbel\u00e4ggningslinjer, f\u00f6r att uppn\u00e5 automatisk robotlastning och lossning samt automatisk sprutning, \u00e4r den designade kapaciteten 4000 stycken per skift;<br \/>\nVi har \u00e4ven en halvautomatisk f\u00e4rgproduktionslinje f\u00f6r stora cylindrar som drivs av en sl\u00e4pkedja, med en designkapacitet p\u00e5 60 l\u00e5dor per skift.<\/p>\n<p><img loading=\"lazy\" decoding=\"async\" class=\"alignnone wp-image-630\" src=\"https:\/\/hydraulic-cylinders.net\/wp-content\/uploads\/2023\/08\/hydraulic-cylinder-product-5-300x213.webp\" alt=\"\" width=\"366\" height=\"260\" \/> <img loading=\"lazy\" decoding=\"async\" class=\"alignnone wp-image-631\" src=\"https:\/\/hydraulic-cylinders.net\/wp-content\/uploads\/2023\/08\/hydraulic-cylinder-product-6-300x225.webp\" alt=\"\" width=\"347\" height=\"260\" \/><\/p>\n<h3>(5) Testning<\/h3>\n<p>Vi har f\u00f6rstklassiga inspektionsanl\u00e4ggningar och testb\u00e4ddar f\u00f6r att s\u00e4kerst\u00e4lla att cylinderns prestanda uppfyller kraven.<\/p>\n<p><img loading=\"lazy\" decoding=\"async\" class=\"alignnone wp-image-632\" src=\"https:\/\/hydraulic-cylinders.net\/wp-content\/uploads\/2023\/08\/hydraulic-cylinder-product-8-300x200.webp\" alt=\"\" width=\"389\" height=\"260\" \/><\/p>\n<p>&nbsp;<\/p>\n<p>&nbsp;<\/p>\n<p>Vi \u00e4r en av de b\u00e4sta tillverkarna av hydraulcylindrar. Vi kan erbjuda ett helt\u00e4ckande utbud av hydraulcylindrar. Vi tillhandah\u00e5ller \u00e4ven motsvarande <a href=\"https:\/\/hzpt.com\/agricultural-pto-gearbox\/\" target=\"_blank\" rel=\"noopener\">jordbruksv\u00e4xell\u00e5dor<\/a>Vi har exporterat v\u00e5ra produkter till kunder \u00f6ver hela v\u00e4rlden och f\u00e5tt ett gott rykte tack vare v\u00e5r \u00f6verl\u00e4gsna produktkvalitet och kundservice. Vi v\u00e4lkomnar kunder b\u00e5de hemma och utomlands att kontakta oss f\u00f6r att f\u00f6rhandla aff\u00e4rer, utbyta information och <a href=\"https:\/\/www.hydraulic-cylinders.net\/sv\/contact-us\/\">samarbeta med oss<\/a>!<\/p>","protected":false},"excerpt":{"rendered":"<p>Injection Molding Machine Reciprocating Cylinder The injection molding machine reciprocating cylinder is a crucial component in the plastic injection molding process. This specialized cylinder is designed to facilitate the reciprocating movement of the injection unit, which is vital in ensuring precise and efficient production. The injection molding machine reciprocating cylinder is a critical component in [&hellip;]<\/p>","protected":false},"featured_media":1751,"comment_status":"open","ping_status":"closed","template":"","meta":{"_et_pb_use_builder":"","_et_pb_old_content":"","_et_gb_content_width":""},"product_brand":[],"product_cat":[1550,1523,1376],"product_tag":[1380],"class_list":{"0":"post-1749","1":"product","2":"type-product","3":"status-publish","4":"has-post-thumbnail","6":"product_cat-double-acting-hydraulic-cylinder","7":"product_cat-injection-molding-hydraulic-cylinders","8":"product_cat-hydraulic-cylinder","9":"product_tag-hydraulic-cylinder","11":"first","12":"instock","13":"shipping-taxable","14":"product-type-simple"},"amp_enabled":true,"_links":{"self":[{"href":"https:\/\/www.hydraulic-cylinders.net\/sv\/wp-json\/wp\/v2\/product\/1749","targetHints":{"allow":["GET"]}}],"collection":[{"href":"https:\/\/www.hydraulic-cylinders.net\/sv\/wp-json\/wp\/v2\/product"}],"about":[{"href":"https:\/\/www.hydraulic-cylinders.net\/sv\/wp-json\/wp\/v2\/types\/product"}],"replies":[{"embeddable":true,"href":"https:\/\/www.hydraulic-cylinders.net\/sv\/wp-json\/wp\/v2\/comments?post=1749"}],"wp:featuredmedia":[{"embeddable":true,"href":"https:\/\/www.hydraulic-cylinders.net\/sv\/wp-json\/wp\/v2\/media\/1751"}],"wp:attachment":[{"href":"https:\/\/www.hydraulic-cylinders.net\/sv\/wp-json\/wp\/v2\/media?parent=1749"}],"wp:term":[{"taxonomy":"product_brand","embeddable":true,"href":"https:\/\/www.hydraulic-cylinders.net\/sv\/wp-json\/wp\/v2\/product_brand?post=1749"},{"taxonomy":"product_cat","embeddable":true,"href":"https:\/\/www.hydraulic-cylinders.net\/sv\/wp-json\/wp\/v2\/product_cat?post=1749"},{"taxonomy":"product_tag","embeddable":true,"href":"https:\/\/www.hydraulic-cylinders.net\/sv\/wp-json\/wp\/v2\/product_tag?post=1749"}],"curies":[{"name":"wp","href":"https:\/\/api.w.org\/{rel}","templated":true}]}}