{"id":17554,"date":"2025-03-17T07:34:13","date_gmt":"2025-03-17T07:34:13","guid":{"rendered":"https:\/\/www.hydraulic-cylinders.net\/?post_type=product&#038;p=17554"},"modified":"2025-04-11T03:15:35","modified_gmt":"2025-04-11T03:15:35","slug":"side-shift-hydraulic-cylinders-for-small-forklift","status":"publish","type":"product","link":"https:\/\/www.hydraulic-cylinders.net\/sv\/produkt\/side-shift-hydraulic-cylinders-for-small-forklift\/","title":{"rendered":"Sidof\u00f6rskjutningshydraulcylindrar f\u00f6r liten gaffeltruck"},"content":{"rendered":"<h1 style=\"text-align: center;\"><strong>Sidof\u00f6rskjutningshydraulcylindrar f\u00f6r sm\u00e5 gaffeltruckar<\/strong><\/h1>\n<p><img loading=\"lazy\" decoding=\"async\" class=\"aligncenter wp-image-17556\" src=\"https:\/\/www.hydraulic-cylinders.net\/wp-content\/uploads\/2025\/03\/side-shift-hydraulic-cylinders-for-small-toongae-forklift.webp\" alt=\"Sidof\u00f6rskjutningshydraulcylinder f\u00f6r sm\u00e5 gaffeltruckar\" width=\"500\" height=\"500\" srcset=\"https:\/\/www.hydraulic-cylinders.net\/wp-content\/uploads\/2025\/03\/side-shift-hydraulic-cylinders-for-small-toongae-forklift.webp 500w, https:\/\/www.hydraulic-cylinders.net\/wp-content\/uploads\/2025\/03\/side-shift-hydraulic-cylinders-for-small-toongae-forklift-480x480.webp 480w\" sizes=\"(min-width: 0px) and (max-width: 480px) 480px, (min-width: 481px) 500px, 100vw\" \/><\/p>\n<p>V\u00e5ra hydraulcylindrar f\u00f6r sidof\u00f6rskjutning \u00e4r konstruerade f\u00f6r att ge exakt positionering av last i sidled, vilket g\u00f6r dem idealiska f\u00f6r sm\u00e5 gaffeltruckar som arbetar i tr\u00e5nga utrymmen. Med en robust design och enkel installation f\u00f6rb\u00e4ttrar dessa cylindrar effektiviteten och s\u00e4kerheten vid materialhanteringsuppgifter.<\/p>\n<p><span class=\"break-words bg-yellow-50\">Sidof\u00f6rskjutningshydraulcylindrar \u00e4r oumb\u00e4rliga f\u00f6r att f\u00f6rb\u00e4ttra funktionaliteten och effekten hos sm\u00e5 gaffeltruckar.<\/span>\u00a0<span class=\"break-words bg-yellow-50\">Dessa specialiserade delar underl\u00e4ttar horisontell f\u00f6rflyttning av laster, vilket g\u00f6r det m\u00f6jligt f\u00f6r operat\u00f6rer att positionera varor exakt utan att beh\u00f6va ompositionera sj\u00e4lva gaffeltrucken.<\/span>\u00a0<span class=\"break-words bg-yellow-50\">Denna funktion \u00e4r s\u00e4rskilt f\u00f6rdelaktig i tr\u00e5nga utrymmen, eftersom den f\u00f6renklar materialhanteringsuppgifter och \u00f6kar den totala effektiviteten.<\/span><\/p>\n<p><span class=\"break-words bg-yellow-50\">F\u00f6r sm\u00e5 gaffeltruckar representerar hydraulcylindrar f\u00f6r sidof\u00f6rskjutning ett betydande framsteg som avsev\u00e4rt f\u00f6rb\u00e4ttrar b\u00e5de effektivitet och s\u00e4kerhet.<\/span>\u00a0<span class=\"break-words bg-yellow-50\">Deras f\u00f6rm\u00e5ga att s\u00e4kerst\u00e4lla korrekt lastplacering och f\u00f6rb\u00e4ttrad man\u00f6vrerbarhet g\u00f6r dem till en viktig f\u00f6rb\u00e4ttring f\u00f6r alla gaffeltruckssystem.<\/span>\u00a0<span class=\"break-words\">Genom att f\u00f6lja regelbundna underh\u00e5llsrutiner och korrekta driftsrutiner kan anv\u00e4ndare s\u00e4kerst\u00e4lla att dessa hydrauliska delar bibeh\u00e5ller stabil och p\u00e5litlig prestanda, vilket resulterar i h\u00f6gre produktivitet och f\u00e4rre st\u00f6rningar.<\/span>\u00a0<span class=\"break-words\">Att v\u00e4lja hydraulcylindrar f\u00f6r sidof\u00f6rskjutning \u00e4r ett strategiskt drag f\u00f6r att f\u00f6rb\u00e4ttra dina gaffeltrucksoperationer.<\/span><\/p>\n<h2><strong>Liten gaffeltruck hydraulcylinderserie:\u00a0<\/strong><\/h2>\n<h2><img loading=\"lazy\" decoding=\"async\" class=\"aligncenter wp-image-17558 size-full\" src=\"https:\/\/www.hydraulic-cylinders.net\/wp-content\/uploads\/2025\/03\/forklift-hydraulic-cylinder-construction.webp\" alt=\"liten gaffeltruck hydraulcylinder\" width=\"640\" height=\"358\" srcset=\"https:\/\/www.hydraulic-cylinders.net\/wp-content\/uploads\/2025\/03\/forklift-hydraulic-cylinder-construction.webp 640w, https:\/\/www.hydraulic-cylinders.net\/wp-content\/uploads\/2025\/03\/forklift-hydraulic-cylinder-construction-480x269.webp 480w\" sizes=\"(min-width: 0px) and (max-width: 480px) 480px, (min-width: 481px) 640px, 100vw\" \/><\/h2>\n<h2><strong>Sidof\u00f6rskjutningshydraulcylindrar f\u00f6r liten gaffeltruck <\/strong><strong>Tekniska specifikationer<\/strong><strong>:<\/strong><\/h2>\n<p><strong>Fungera:<\/strong> Anv\u00e4nds f\u00f6r att uppn\u00e5 total v\u00e4nster- och h\u00f6gerr\u00f6relse av gaffeln<br \/>\n<strong>Cylinderdiameter:<\/strong> 50mm<br \/>\n<strong>St\u00e5ngdiameter:<\/strong> 25mm<br \/>\n<strong>Resa:<\/strong> 200 mm<br \/>\n<strong>Maximalt tryck i mpa:<\/strong> 17,5 MPa<br \/>\n<strong>Maximal dragkraft KN:<\/strong> 34 kn<\/p>\n<h2><strong>Viktiga funktioner hos <\/strong><strong>Sidof\u00f6rskjutningshydraulcylindrar f\u00f6r liten gaffeltruck<\/strong><strong>:<\/strong><\/h2>\n<h3><strong>1. Precisionskontroll<\/strong><\/h3>\n<p><strong>Ut\u00f6kat inneh\u00e5ll<\/strong>:<br \/>\nV\u00e5ra hydraulcylindrar f\u00f6r gaffeltruckar \u00e4r konstruerade f\u00f6r att leverera <strong>exakt noggrannhet<\/strong>\u00a0in load positioning. Whether you&#8217;re working in narrow warehouse aisles or confined construction sites, these cylinders allow operators to\u00a0<strong>justera laster i sidled<\/strong>\u00a0utan att hela gaffeltrucken beh\u00f6ver flyttas. Denna funktion sparar inte bara tid utan minimerar ocks\u00e5 risken f\u00f6r produktskador orsakade av on\u00f6diga r\u00f6relser. Med smidiga och responsiva kontroller kan f\u00f6rare uppn\u00e5\u00a0<strong>precision p\u00e5 millimeterniv\u00e5<\/strong>, vilket s\u00e4kerst\u00e4ller att varje last placeras exakt d\u00e4r den ska vara.<\/p>\n<h3><strong>2. H\u00e5llbar konstruktion<\/strong><\/h3>\n<p><strong>Ut\u00f6kat inneh\u00e5ll<\/strong>:<br \/>\nV\u00e5ra hydraulcylindrar f\u00f6r sidof\u00f6rskjutning \u00e4r konstruerade f\u00f6r att klara de tuffaste arbetsf\u00f6rh\u00e5llandena.\u00a0<strong>h\u00f6gkvalitativa material<\/strong>, inklusive f\u00f6rst\u00e4rkt st\u00e5l och korrosionsbest\u00e4ndiga bel\u00e4ggningar. Varje cylinder genomg\u00e5r rigor\u00f6sa tester f\u00f6r att s\u00e4kerst\u00e4lla att den klarar\u00a0<strong>tunga laster<\/strong>\u00a0och\u00a0<strong>frekvent anv\u00e4ndning<\/strong>\u00a0utan att kompromissa med prestandan. Den robusta designen s\u00e4kerst\u00e4ller en\u00a0<strong>l\u00e5ng livsl\u00e4ngd<\/strong>, \u00e4ven i kr\u00e4vande milj\u00f6er som byggarbetsplatser eller tillverkningsanl\u00e4ggningar.<\/p>\n<h3><strong>3. Enkel installation<\/strong><\/h3>\n<p><strong>Ut\u00f6kat inneh\u00e5ll<\/strong>:<br \/>\nV\u00e5ra hydraulcylindrar f\u00f6r sidof\u00f6rskjutning \u00e4r utformade med anv\u00e4ndarv\u00e4nlighet i \u00e5tanke och\u00a0<strong>helt kompatibel<\/strong> med sm\u00e5 gaffeltruckar. Installationsprocessen \u00e4r enkel och kr\u00e4ver <strong>minimala verktyg och driftstopp<\/strong>Detaljerade instruktioner och f\u00f6rborrade monteringspunkter g\u00f6r det enkelt f\u00f6r tekniker att snabbt montera cylindrarna, vilket s\u00e4kerst\u00e4ller att din gaffeltruck \u00e4r tillbaka i drift p\u00e5 nolltid. Dessutom \u00e4r v\u00e5ra hydraulcylindrar f\u00f6r gaffeltruckar utformade f\u00f6r att integreras s\u00f6ml\u00f6st med befintliga hydraulsystem, vilket eliminerar behovet av kostsamma modifieringar.<\/p>\n<h3><strong>4. S\u00e4kerhetsfunktioner<\/strong><\/h3>\n<p><strong>Ut\u00f6kat inneh\u00e5ll<\/strong>:<br \/>\nS\u00e4kerhet \u00e4r h\u00f6gsta prioritet vid materialhantering, och v\u00e5ra hydraulcylindrar f\u00f6r sidof\u00f6rskjutning \u00e4r utformade f\u00f6r att f\u00f6rb\u00e4ttra b\u00e5da.\u00a0<strong>operat\u00f6rss\u00e4kerhet<\/strong>\u00a0och\u00a0<strong>effektivitet p\u00e5 arbetsplatsen<\/strong>Genom att m\u00f6jligg\u00f6ra exakt sidor\u00f6relse minskar dessa cylindrar behovet av riskfyllda man\u00f6vrer i tr\u00e5nga utrymmen, vilket avsev\u00e4rt minskar risken f\u00f6r olyckor. Den ergonomiska designen minimerar ocks\u00e5\u00a0<strong>operat\u00f6rstr\u00f6tthet<\/strong>, vilket m\u00f6jligg\u00f6r l\u00e4ngre och mer produktiva arbetspass. Dessutom \u00e4r cylindrarna utrustade med\u00a0<strong>s\u00e4kerhetsventiler<\/strong>\u00a0f\u00f6r att f\u00f6rhindra \u00f6verbelastning och s\u00e4kerst\u00e4lla stabil drift under tunga belastningar.<\/p>\n<h3><strong>5. Kostnadseffektiv<\/strong><\/h3>\n<p><strong>Ut\u00f6kat inneh\u00e5ll<\/strong>:<br \/>\nV\u00e5ra hydraulcylindrar f\u00f6r sidof\u00f6rskjutning \u00e4r konstruerade f\u00f6r att vara\u00a0<strong>l\u00e5gt underh\u00e5llsbehov<\/strong>\u00a0och\u00a0<strong>mycket tillf\u00f6rlitlig<\/strong>, vilket hj\u00e4lper dig att spara p\u00e5 driftskostnader \u00f6ver tid. Anv\u00e4ndningen av premiummaterial och avancerade tillverkningstekniker s\u00e4kerst\u00e4ller att cylindrarna kr\u00e4ver\u00a0<strong>minimalt underh\u00e5ll<\/strong>, medan deras h\u00e5llbarhet minskar frekvensen av utbyten. Dessutom kan den f\u00f6rb\u00e4ttrade effektiviteten och precisionen de ger leda till\u00a0<strong>betydande kostnadsbesparingar<\/strong>\u00a0in labor and material handling. By investing in our cylinders, you&#8217;re not just purchasing a product\u2014you&#8217;re investing in\u00a0<strong>l\u00e5ngsiktig driftseffektivitet<\/strong>.<\/p>\n<h2><strong>Sidof\u00f6rskjutningshydraulcylindrar f\u00f6r liten gaffeltruck <\/strong><strong>Anv\u00e4ndningsfall:<\/strong><\/h2>\n<p><img loading=\"lazy\" decoding=\"async\" class=\"alignnone wp-image-17572 size-full\" src=\"https:\/\/www.hydraulic-cylinders.net\/wp-content\/uploads\/2025\/03\/Side-shift-cylinder-in-action-on-a-small-Toongae-forklift.webp\" alt=\"Sidof\u00f6rskjutningscylinder i aktion p\u00e5 en liten gaffeltruck\" width=\"2320\" height=\"1340\" srcset=\"https:\/\/www.hydraulic-cylinders.net\/wp-content\/uploads\/2025\/03\/Side-shift-cylinder-in-action-on-a-small-Toongae-forklift.webp 2320w, https:\/\/www.hydraulic-cylinders.net\/wp-content\/uploads\/2025\/03\/Side-shift-cylinder-in-action-on-a-small-Toongae-forklift-1280x739.webp 1280w, https:\/\/www.hydraulic-cylinders.net\/wp-content\/uploads\/2025\/03\/Side-shift-cylinder-in-action-on-a-small-Toongae-forklift-980x566.webp 980w, https:\/\/www.hydraulic-cylinders.net\/wp-content\/uploads\/2025\/03\/Side-shift-cylinder-in-action-on-a-small-Toongae-forklift-480x277.webp 480w\" sizes=\"(min-width: 0px) and (max-width: 480px) 480px, (min-width: 481px) and (max-width: 980px) 980px, (min-width: 981px) and (max-width: 1280px) 1280px, (min-width: 1281px) 2320px, 100vw\" \/><\/p>\n<ul>\n<li><strong>Magasinering<\/strong>Perfekt f\u00f6r smala g\u00e5ngar och h\u00f6gdensitetsf\u00f6rvaring.<\/li>\n<li><strong>Konstruktion<\/strong>Idealisk f\u00f6r exakt materialplacering p\u00e5 arbetsplatser.<\/li>\n<li><strong>Tillverkning<\/strong>\u00d6kar effektiviteten i monteringslinjen.<\/li>\n<\/ul>\n<h3><strong>Hur fungerar hydraulcylindrar med sidof\u00f6rskjutning?<\/strong><\/h3>\n<p>Hydraulcylindrar f\u00f6r sidof\u00f6rskjutning fungerar med hj\u00e4lp av <strong>hydrauliskt tryck<\/strong>\u00a0to move the forklift&#8217;s carriage laterally. When the operator activates the control lever, hydraulic fluid is pumped into the cylinder, pushing the piston and causing the carriage to shift left or right. This lateral movement allows for\u00a0<strong>exakt lastpositionering<\/strong>\u00a0utan att beh\u00f6va flytta hela gaffeltrucken. Systemet \u00e4r utformat f\u00f6r att vara\u00a0<strong>smidig och responsiv<\/strong>, vilket s\u00e4kerst\u00e4ller minimal anstr\u00e4ngning fr\u00e5n operat\u00f6ren samtidigt som noggrannheten maximeras.<\/p>\n<p><strong>Viktiga komponenter<\/strong>:<\/p>\n<ul>\n<li><strong>Cylinderr\u00f6r<\/strong>Inneh\u00e5ller kolven och hydraulv\u00e4tskan.<\/li>\n<li><strong>Kolvst\u00e5ng<\/strong>\u00d6verf\u00f6r kraft f\u00f6r att flytta vagnen.<\/li>\n<li><strong>Hydrauliska t\u00e4tningar<\/strong>F\u00f6rhindra v\u00e4tskel\u00e4ckage och s\u00e4kerst\u00e4lla effektiv drift.<\/li>\n<li><strong>Kontrollventil<\/strong>Reglerar fl\u00f6det av hydraulv\u00e4tska f\u00f6r exakt r\u00f6relse.<\/li>\n<\/ul>\n<h2><strong>Produktionsomr\u00e5de f\u00f6r gaffeltruckcylinder:<\/strong><\/h2>\n<h2><img loading=\"lazy\" decoding=\"async\" class=\"alignnone size-full wp-image-16972\" src=\"https:\/\/www.hydraulic-cylinders.net\/wp-content\/uploads\/2025\/01\/hydraulic-cylinder-factory-1-scaled.webp\" alt=\"\" width=\"2016\" height=\"2560\" srcset=\"https:\/\/www.hydraulic-cylinders.net\/wp-content\/uploads\/2025\/01\/hydraulic-cylinder-factory-1-scaled.webp 2016w, https:\/\/www.hydraulic-cylinders.net\/wp-content\/uploads\/2025\/01\/hydraulic-cylinder-factory-1-1280x1625.webp 1280w, https:\/\/www.hydraulic-cylinders.net\/wp-content\/uploads\/2025\/01\/hydraulic-cylinder-factory-1-980x1244.webp 980w, https:\/\/www.hydraulic-cylinders.net\/wp-content\/uploads\/2025\/01\/hydraulic-cylinder-factory-1-480x610.webp 480w\" sizes=\"(min-width: 0px) and (max-width: 480px) 480px, (min-width: 481px) and (max-width: 980px) 980px, (min-width: 981px) and (max-width: 1280px) 1280px, (min-width: 1281px) 2016px, 100vw\" \/><\/h2>\n<p>Vi har en f\u00f6rstklassig oberoende FoU-plattform f\u00f6r montering. Verkstaden f\u00f6r tillverkning av gaffeltruckcylindrar har fyra halvautomatiska monteringslinjer f\u00f6r lyftcylindrar och en helautomatisk monteringslinje f\u00f6r tippcylindrar med en planerad \u00e5rlig produktionskapacitet p\u00e5 en miljon stycken. Specialcylinderverkstaden har halvautomatiska reng\u00f6rings- och monteringssystem med olika specifikationer med en planerad \u00e5rlig produktionskapacitet p\u00e5 200 000 stycken. Den \u00e4r utrustad med CNC-bearbetningsutrustning av k\u00e4nda m\u00e4rkesm\u00e4rken, fleroperationscentra, specialutrustning f\u00f6r h\u00f6gprecisionscylindrar, robotsvetsmaskiner, automatiska reng\u00f6ringsmaskiner, automatiska cylindermonteringsmaskiner och automatiska f\u00e4rgproduktionslinjer. Vi har mer \u00e4n 300 upps\u00e4ttningar nyckelutrustning i drift. Optimerad allokering och effektiv anv\u00e4ndning av utrustningsresurser s\u00e4kerst\u00e4ller produkternas precisionskrav och uppfyller produkternas h\u00f6ga kvalitetskrav.<\/p>\n<p>Bearbetningsverkstaden \u00e4r utrustad med specialtillverkade svarvcentra f\u00f6r tiltstyrningsskenor, bearbetningscentra, h\u00f6ghastighetsh\u00f6nsmaskiner, svetsrobotar och annan relevant utrustning, som kan hantera bearbetning av cylinderr\u00f6r med en maximal innerdiameter p\u00e5 400 mm och en maximal l\u00e4ngd p\u00e5 6 meter.<\/p>\n<h2><img loading=\"lazy\" decoding=\"async\" class=\"alignnone size-full wp-image-16973\" src=\"https:\/\/www.hydraulic-cylinders.net\/wp-content\/uploads\/2025\/01\/hydraulic-cylinder-factory-2-scaled.webp\" alt=\"\" width=\"2011\" height=\"2560\" srcset=\"https:\/\/www.hydraulic-cylinders.net\/wp-content\/uploads\/2025\/01\/hydraulic-cylinder-factory-2-scaled.webp 2011w, https:\/\/www.hydraulic-cylinders.net\/wp-content\/uploads\/2025\/01\/hydraulic-cylinder-factory-2-1280x1629.webp 1280w, https:\/\/www.hydraulic-cylinders.net\/wp-content\/uploads\/2025\/01\/hydraulic-cylinder-factory-2-980x1248.webp 980w, https:\/\/www.hydraulic-cylinders.net\/wp-content\/uploads\/2025\/01\/hydraulic-cylinder-factory-2-480x611.webp 480w\" sizes=\"(min-width: 0px) and (max-width: 480px) 480px, (min-width: 481px) and (max-width: 980px) 980px, (min-width: 981px) and (max-width: 1280px) 1280px, (min-width: 1281px) 2011px, 100vw\" \/><\/h2>\n<p>Vi har en helautomatisk vattenbaserad f\u00e4rglinje f\u00f6r sm\u00e5 och medelstora cylindrar, som m\u00f6jligg\u00f6r automatisk lastning och lossning samt automatiska sprutrobotar med en konstruerad produktionskapacitet p\u00e5 4000 platser per skift. Vi har ytterligare en halvautomatisk m\u00e5lningslinje f\u00f6r storskaliga cylindrar som drivs av en sl\u00e4pkedja, och den konstruerade kapaciteten \u00e4r 60 l\u00e5dor per skift.<\/p>\n<p>F\u00f6r att ytterligare f\u00f6rb\u00e4ttra produkternas prestanda och etablera en ledande position f\u00f6r v\u00e5ra hydraulcylindrar i branschen har v\u00e5rt f\u00f6retag och zjimee gemensamt etablerat ett omfattande prestandalaboratorium f\u00f6r hydraulcylindrar, hydraulventiler och hydraulpumpar. Labbet utf\u00f6r datorst\u00f6dd testning med elektrohydraulisk teknik, testf\u00f6rh\u00e5llandena f\u00f6rinst\u00e4lls av en dator vilket f\u00f6rb\u00e4ttrar testnoggrannheten och systemets m\u00e5ngsidighet, samt de experimentella data.<\/p>\n<p>Den automatiska insamlingen sker genom anv\u00e4ndning av sensorer, och utdata, s\u00e5som internt l\u00e4ckage och lasteffektivitet hos cylindern eller ventilen, bearbetas direkt av datorn och konverteras till standardenheter (ml\/min%). Samtidigt, f\u00f6r att s\u00e4kerst\u00e4lla hydraulsystemets arbetss\u00e4kerhet, utf\u00f6rs tillst\u00e5nds\u00f6vervakningsfunktionen f\u00f6r viktiga prestandaparametrar som \"oljetemperatur\u00f6vervakning, v\u00e4tskeniv\u00e5\u00f6vervakning, filterenhets\u00f6vervakning\" etc. Bland dessa kan hydraulcylinderns testb\u00e4nk testa prestandan hos \"lasten\".<br \/>\neffektivitet \"och\" internt l\u00e4ckage\" genom avl\u00e4sningar. Samtidigt \u00e4r den utrustad med ett gitterlinjalm\u00e4tinstrument som uppfyller kraven f\u00f6r alla testartiklar av hydraulcylinderprodukter enligt den nationella standarden.<\/p>\n<h3><strong>FAQ-sektion:<\/strong><\/h3>\n<p><strong>F: \u00c4r dessa cylindrar kompatibla med alla gaffeltrucksmodeller?<\/strong><br \/>\nA: Ja, de \u00e4r specifikt utformade f\u00f6r sm\u00e5 gaffeltruckar. Kontrollera modellnumret f\u00f6r kompatibilitet.<\/p>\n<p><strong>F: Vad \u00e4r garantiperioden?<\/strong><br \/>\nA: Vi erbjuder 2 \u00e5rs garanti p\u00e5 alla hydraulcylindrar f\u00f6r sidof\u00f6rskjutning.<\/p>\n<p><strong>F: Kan jag montera cylindern sj\u00e4lv?<\/strong><br \/>\nA: Ja, cylindrarna levereras med en l\u00e4ttf\u00f6rst\u00e5elig installationsguide. Professionell installation rekommenderas dock f\u00f6r optimal prestanda.<\/p>","protected":false},"excerpt":{"rendered":"<p>Side Shift Hydraulic Cylinders For Small Forklifts Our side shift hydraulic cylinders are engineered to provide precise lateral load positioning, making them ideal for small forklifts operating in confined spaces. With a robust design and easy installation, these cylinders enhance efficiency and safety in material handling tasks. Side shift hydraulic cylinders are indispensable for enhancing [&hellip;]<\/p>","protected":false},"featured_media":17557,"comment_status":"open","ping_status":"closed","template":"","meta":{"_et_pb_use_builder":"","_et_pb_old_content":"","_et_gb_content_width":""},"product_brand":[],"product_cat":[1484,1550],"product_tag":[],"class_list":{"0":"post-17554","1":"product","2":"type-product","3":"status-publish","4":"has-post-thumbnail","6":"product_cat-forklift-hydraulic-cylinders","7":"product_cat-double-acting-hydraulic-cylinder","9":"first","10":"instock","11":"shipping-taxable","12":"product-type-simple"},"amp_enabled":true,"_links":{"self":[{"href":"https:\/\/www.hydraulic-cylinders.net\/sv\/wp-json\/wp\/v2\/product\/17554","targetHints":{"allow":["GET"]}}],"collection":[{"href":"https:\/\/www.hydraulic-cylinders.net\/sv\/wp-json\/wp\/v2\/product"}],"about":[{"href":"https:\/\/www.hydraulic-cylinders.net\/sv\/wp-json\/wp\/v2\/types\/product"}],"replies":[{"embeddable":true,"href":"https:\/\/www.hydraulic-cylinders.net\/sv\/wp-json\/wp\/v2\/comments?post=17554"}],"wp:featuredmedia":[{"embeddable":true,"href":"https:\/\/www.hydraulic-cylinders.net\/sv\/wp-json\/wp\/v2\/media\/17557"}],"wp:attachment":[{"href":"https:\/\/www.hydraulic-cylinders.net\/sv\/wp-json\/wp\/v2\/media?parent=17554"}],"wp:term":[{"taxonomy":"product_brand","embeddable":true,"href":"https:\/\/www.hydraulic-cylinders.net\/sv\/wp-json\/wp\/v2\/product_brand?post=17554"},{"taxonomy":"product_cat","embeddable":true,"href":"https:\/\/www.hydraulic-cylinders.net\/sv\/wp-json\/wp\/v2\/product_cat?post=17554"},{"taxonomy":"product_tag","embeddable":true,"href":"https:\/\/www.hydraulic-cylinders.net\/sv\/wp-json\/wp\/v2\/product_tag?post=17554"}],"curies":[{"name":"wp","href":"https:\/\/api.w.org\/{rel}","templated":true}]}}