{"id":17579,"date":"2025-03-18T05:32:03","date_gmt":"2025-03-18T05:32:03","guid":{"rendered":"https:\/\/www.hydraulic-cylinders.net\/?post_type=product&#038;p=17579"},"modified":"2025-04-11T03:15:32","modified_gmt":"2025-04-11T03:15:32","slug":"side-shift-hydraulic-cylinders-large-forklift","status":"publish","type":"product","link":"https:\/\/www.hydraulic-cylinders.net\/sv\/produkt\/side-shift-hydraulic-cylinders-large-forklift\/","title":{"rendered":"Sidof\u00f6rskjutningshydraulcylindrar f\u00f6r stor gaffeltruck"},"content":{"rendered":"<h1 style=\"text-align: center;\"><strong>Sidof\u00f6rskjutningshydraulcylindrar f\u00f6r stor gaffeltruck<\/strong><\/h1>\n<p>S\u00f6ker p\u00e5litlig och effektiv\u00a0<strong>Sidof\u00f6rskjutningshydraulcylindrar f\u00f6r stora gaffeltruckar<\/strong>V\u00e5r h\u00f6gpresterande\u00a0<strong>Hydraulcylindrar f\u00f6r sidof\u00f6rskjutning av gaffeltruckar<\/strong>\u00a0\u00e4r utformade f\u00f6r att m\u00f6ta kraven fr\u00e5n kompakta gaffeltruckar och erbjuder exakt sidof\u00f6rskjutning f\u00f6r f\u00f6rb\u00e4ttrad man\u00f6vrerbarhet i tr\u00e5nga utrymmen. Byggda med\u00a0<strong>h\u00e5llbar konstruktion<\/strong>, dessa cylindrar s\u00e4kerst\u00e4ller l\u00e5ngvarig prestanda \u00e4ven under de tuffaste arbetsf\u00f6rh\u00e5llandena.<\/p>\n<p>Oavsett om du beh\u00f6ver\u00a0<strong>Kompakta sidof\u00f6rskjutningscylindrar f\u00f6r gaffeltruckar<\/strong>\u00a0F\u00f6r l\u00e4ttare arbeten eller prisv\u00e4rda l\u00f6sningar f\u00f6r din fordonsflotta \u00e4r v\u00e5ra produkter\u00a0<strong>l\u00e4tt att installera och underh\u00e5lla<\/strong>vilket avsev\u00e4rt minskar stillest\u00e5ndstiden och \u00f6kar produktiviteten. V\u00e4lj bland\u00a0<strong>b\u00e4sta hydraulcylindrar f\u00f6r stora gaffeltruckar<\/strong>\u00a0som kombinerar kvalitet, h\u00e5llbarhet och \u00f6verkomliga priser.<\/p>\n<p>Uppgradera din gaffeltruck idag med v\u00e5r\u00a0<strong>slitstarka hydraulcylindrar f\u00f6r sidof\u00f6rskjutning f\u00f6r l\u00e4tta gaffeltruckar<\/strong>\u00a0och upplev o\u00f6vertr\u00e4ffad effektivitet och tillf\u00f6rlitlighet!<\/p>\n<h1 style=\"text-align: center;\"><img loading=\"lazy\" decoding=\"async\" class=\"alignnone wp-image-17586\" src=\"https:\/\/www.hydraulic-cylinders.net\/wp-content\/uploads\/2025\/03\/Side-shift-hydraulic-cylinders-for-large-forklift-1.webp\" alt=\"Sidof\u00f6rskjutningshydraulcylinder f\u00f6r liten gaffeltruck\" width=\"500\" height=\"500\" srcset=\"https:\/\/www.hydraulic-cylinders.net\/wp-content\/uploads\/2025\/03\/Side-shift-hydraulic-cylinders-for-large-forklift-1.webp 500w, https:\/\/www.hydraulic-cylinders.net\/wp-content\/uploads\/2025\/03\/Side-shift-hydraulic-cylinders-for-large-forklift-1-480x480.webp 480w\" sizes=\"(min-width: 0px) and (max-width: 480px) 480px, (min-width: 481px) 500px, 100vw\" \/><\/h1>\n<p style=\"text-align: center;\"><strong>Sidof\u00f6rskjutningscylinder f\u00f6r stor gaffeltruck<\/strong><\/p>\n<h2><strong>Sidof\u00f6rskjutningshydraulcylindrar f\u00f6r stor gaffeltruck <\/strong><strong>Tekniska specifikationer<\/strong><strong>:<\/strong><\/h2>\n<p><strong>Fungera:<\/strong> Anv\u00e4nds f\u00f6r att uppn\u00e5 total v\u00e4nster- och h\u00f6gerr\u00f6relse av gaffeln<br \/>\n<strong>Cylinderdiameter:<\/strong> 70mm\u2013120mm<br \/>\n<strong>St\u00e5ngdiameter:<\/strong> 30mm\u201360mm<br \/>\n<strong>Resa:<\/strong> 300 mm\u20131025 mm<br \/>\n<strong>Maximalt tryck:<\/strong> 21 MPa<br \/>\n<strong>Maximal dragkraft:<\/strong> 238 kn<\/p>\n<h2><strong>Stor gaffeltruck hydraulcylinderserie:\u00a0<\/strong><\/h2>\n<h2><img loading=\"lazy\" decoding=\"async\" class=\"alignnone size-full wp-image-17582\" src=\"https:\/\/www.hydraulic-cylinders.net\/wp-content\/uploads\/2025\/03\/large-forklift-hydraulic-cylinder-construction.webp\" alt=\"\" width=\"1100\" height=\"615\" srcset=\"https:\/\/www.hydraulic-cylinders.net\/wp-content\/uploads\/2025\/03\/large-forklift-hydraulic-cylinder-construction.webp 1100w, https:\/\/www.hydraulic-cylinders.net\/wp-content\/uploads\/2025\/03\/large-forklift-hydraulic-cylinder-construction-980x548.webp 980w, https:\/\/www.hydraulic-cylinders.net\/wp-content\/uploads\/2025\/03\/large-forklift-hydraulic-cylinder-construction-480x268.webp 480w\" sizes=\"(min-width: 0px) and (max-width: 480px) 480px, (min-width: 481px) and (max-width: 980px) 980px, (min-width: 981px) 1100px, 100vw\" \/><\/h2>\n<h2><strong>Viktiga funktioner hos\u00a0<\/strong><strong>Sidof\u00f6rskjutningshydraulcylindrar f\u00f6r <\/strong><strong>Stor <\/strong><strong>Gaffeltruck<\/strong><strong>:<\/strong><\/h2>\n<p>V\u00e5r\u00a0<strong>Sidof\u00f6rskjutningshydraulcylindrar f\u00f6r stora gaffeltruckar<\/strong>\u00a0\u00e4r konstruerade f\u00f6r att leverera exceptionell prestanda och tillf\u00f6rlitlighet i de mest kr\u00e4vande industriella milj\u00f6erna. H\u00e4r \u00e4r vad som g\u00f6r att de sticker ut:<\/p>\n<ul>\n<li><strong>Exakt sidof\u00f6rskjutning<\/strong>Dessa cylindrar \u00e4r speciellt utformade f\u00f6r stora gaffeltruckar och ger noggrann och smidig sidof\u00f6rskjutning, vilket f\u00f6rb\u00e4ttrar man\u00f6vrerbarhet och effektivitet vid tunga operationer.<\/li>\n<li><strong>H\u00e5llbar konstruktion<\/strong>Byggd med h\u00f6gkvalitativa material, v\u00e5r\u00a0<strong>Hydraulcylindrar f\u00f6r sidof\u00f6rskjutning av stora gaffeltruckar<\/strong>\u00a0\u00e4r konstruerade f\u00f6r att motst\u00e5 extrema f\u00f6rh\u00e5llanden, vilket s\u00e4kerst\u00e4ller l\u00e5ngvarig prestanda och minimalt slitage.<\/li>\n<li><strong>Enkel installation och underh\u00e5ll<\/strong>Med en anv\u00e4ndarv\u00e4nlig design, dessa\u00a0<strong>Sidof\u00f6rskjutningscylindrar f\u00f6r tunga gaffeltruckar<\/strong>\u00a0\u00e4r snabba att installera och enkla att underh\u00e5lla, vilket minskar stillest\u00e5ndstiden och maximerar produktiviteten.<\/li>\n<li><strong>Optimerad f\u00f6r kr\u00e4vande anv\u00e4ndning<\/strong>Dessa cylindrar \u00e4r skr\u00e4ddarsydda f\u00f6r stora gaffeltruckar och perfekta f\u00f6r industriella till\u00e4mpningar, med o\u00f6vertr\u00e4ffad styrka och tillf\u00f6rlitlighet.<\/li>\n<li><strong>Kostnadseffektiv l\u00f6sning<\/strong>Som en av de mest\u00a0<strong>Prisv\u00e4rda sidof\u00f6rskjutningscylindrar f\u00f6r tunga gaffeltruckar<\/strong>, v\u00e5ra produkter erbjuder exceptionellt v\u00e4rde utan att kompromissa med kvaliteten.<\/li>\n<\/ul>\n<p>Uppgradera din stora gaffeltruck med v\u00e5r\u00a0<strong>Sidof\u00f6rskjutningshydraulcylindrar f\u00f6r stora gaffeltruckar<\/strong>\u00a0och upplev \u00f6verl\u00e4gsen prestanda, h\u00e5llbarhet och anv\u00e4ndarv\u00e4nlighet!<\/p>\n<h2><strong>Anv\u00e4ndningsfall: Hydraulcylindrar f\u00f6r sidof\u00f6rskjutning f\u00f6r stora gaffeltruckar:<\/strong><\/h2>\n<p>V\u00e5r\u00a0<strong>Sidof\u00f6rskjutningshydraulcylindrar f\u00f6r stora gaffeltruckar<\/strong>\u00a0\u00e4r utformade f\u00f6r att m\u00f6ta kraven fr\u00e5n tunga industriella applikationer. H\u00e4r \u00e4r n\u00e5gra viktiga anv\u00e4ndningsomr\u00e5den d\u00e4r dessa cylindrar utm\u00e4rker sig:<\/p>\n<h3><strong>1. Lagerverksamhet<\/strong><\/h3>\n<p><img loading=\"lazy\" decoding=\"async\" class=\"alignnone size-full wp-image-17583\" src=\"https:\/\/www.hydraulic-cylinders.net\/wp-content\/uploads\/2025\/03\/heavy-duty-forklift-side-shift-cylinder-application.webp\" alt=\"Sidof\u00f6rskjutningshydraulcylinder f\u00f6r stor gaffeltruck i lager\" width=\"2320\" height=\"1340\" srcset=\"https:\/\/www.hydraulic-cylinders.net\/wp-content\/uploads\/2025\/03\/heavy-duty-forklift-side-shift-cylinder-application.webp 2320w, https:\/\/www.hydraulic-cylinders.net\/wp-content\/uploads\/2025\/03\/heavy-duty-forklift-side-shift-cylinder-application-1280x739.webp 1280w, https:\/\/www.hydraulic-cylinders.net\/wp-content\/uploads\/2025\/03\/heavy-duty-forklift-side-shift-cylinder-application-980x566.webp 980w, https:\/\/www.hydraulic-cylinders.net\/wp-content\/uploads\/2025\/03\/heavy-duty-forklift-side-shift-cylinder-application-480x277.webp 480w\" sizes=\"(min-width: 0px) and (max-width: 480px) 480px, (min-width: 481px) and (max-width: 980px) 980px, (min-width: 981px) and (max-width: 1280px) 1280px, (min-width: 1281px) 2320px, 100vw\" \/><\/p>\n<ul>\n<li><strong>Exakt sidof\u00f6rskjutning<\/strong>I hektiska lagerlokaler, v\u00e5ra\u00a0<strong>Hydraulcylindrar f\u00f6r sidof\u00f6rskjutning av stora gaffeltruckar<\/strong>\u00a0g\u00f6r det m\u00f6jligt f\u00f6r operat\u00f6rer att man\u00f6vrera tunga laster med precision, \u00e4ven i smala g\u00e5ngar och tr\u00e5nga utrymmen.<\/li>\n<li><strong>F\u00f6rb\u00e4ttrad effektivitet<\/strong>Genom att f\u00f6rb\u00e4ttra gaffeltruckens smidighet hj\u00e4lper dessa cylindrar till att effektivisera lastnings- och lossningsprocesser, vilket minskar driftstopp.<\/li>\n<\/ul>\n<h3><strong>2. Byggarbetsplatser<\/strong><\/h3>\n<ul>\n<li><strong>H\u00e5llbar konstruktion<\/strong>Byggd f\u00f6r att klara tuffa f\u00f6rh\u00e5llanden, v\u00e5r\u00a0<strong>Sidof\u00f6rskjutningscylindrar f\u00f6r tunga gaffeltruckar<\/strong>\u00a0\u00e4r perfekta f\u00f6r byggarbetsplatser d\u00e4r utrustning uts\u00e4tts f\u00f6r damm, skr\u00e4p och tunga belastningar.<\/li>\n<li><strong>Tillf\u00f6rlitlig prestanda<\/strong>Dessa cylindrar s\u00e4kerst\u00e4ller j\u00e4mn prestanda, \u00e4ven vid hantering av skrymmande material som st\u00e5lbalkar eller betongblock.<\/li>\n<\/ul>\n<h3><strong>3. Tillverkningsanl\u00e4ggningar<\/strong><\/h3>\n<ul>\n<li><strong>Enkel installation och underh\u00e5ll<\/strong>I tillverkningsmilj\u00f6er, d\u00e4r stillest\u00e5ndstid kan vara kostsam, \u00e4r v\u00e5ra sidof\u00f6rskjutningscylindrar snabba att installera och enkla att underh\u00e5lla, vilket s\u00e4kerst\u00e4ller minimala st\u00f6rningar i produktionsscheman.<\/li>\n<li><strong>F\u00f6rb\u00e4ttrad s\u00e4kerhet<\/strong>Den exakta styrningen som dessa cylindrar erbjuder minskar risken f\u00f6r olyckor vid f\u00f6rflyttning av tunga maskiner eller material.<\/li>\n<\/ul>\n<h3><strong>4. Logistik- och distributionscentraler<\/strong><\/h3>\n<ul>\n<li><strong>Kraftig kapacitet<\/strong>V\u00e5r\u00a0<strong>Sidof\u00f6rskjutningshydraulcylindrar f\u00f6r stora gaffeltruckar<\/strong>\u00a0\u00e4r idealiska f\u00f6r hantering av pallar, containrar och \u00f6verdimensionerade laster i distributionscentraler med h\u00f6g volym.<\/li>\n<li><strong>Kostnadseffektiv l\u00f6sning<\/strong>Genom att f\u00f6rb\u00e4ttra gaffeltruckarnas effektivitet och minska underh\u00e5llsbehovet bidrar dessa cylindrar till att s\u00e4nka driftskostnaderna \u00f6ver tid.<\/li>\n<\/ul>\n<h4><strong>5. Hamnar och varv<\/strong><\/h4>\n<ul>\n<li><strong>L\u00e5ngvarig prestanda<\/strong>Dessa cylindrar \u00e4r konstruerade f\u00f6r tung anv\u00e4ndning och \u00e4r perfekta f\u00f6r hamnoperationer d\u00e4r gaffeltruckar st\u00e4ndigt flyttar stora containrar och tung last.<\/li>\n<li><strong>V\u00e4derbest\u00e4ndig design<\/strong>Den h\u00e5llbara konstruktionen s\u00e4kerst\u00e4ller p\u00e5litlig prestanda i utomhusmilj\u00f6er, \u00e4ven i kr\u00e4vande v\u00e4derf\u00f6rh\u00e5llanden.<\/li>\n<\/ul>\n<h4><strong>6. \u00c5tervinning och avfallshantering<\/strong><\/h4>\n<ul>\n<li><strong>Robust och p\u00e5litlig<\/strong>V\u00e5r\u00a0<strong>Sidof\u00f6rskjutningscylindrar f\u00f6r tunga gaffeltruckar<\/strong>\u00a0\u00e4r byggda f\u00f6r att hantera p\u00e5frestningarna i \u00e5tervinningsanl\u00e4ggningar, d\u00e4r gaffeltruckar flyttar tunga balar med \u00e5tervinningsbart material.<\/li>\n<li><strong>Minskad driftstopp<\/strong>Enkla underh\u00e5lls- och reparationsfunktioner s\u00e4kerst\u00e4ller att utrustningen f\u00f6rblir funktionsduglig, \u00e4ven i kr\u00e4vande avfallshanteringsmilj\u00f6er.<\/li>\n<\/ul>\n<h2><strong>Varf\u00f6r v\u00e4lja v\u00e5ra sidof\u00f6rskjutna hydraulcylindrar?<\/strong><\/h2>\n<p>N\u00e4r det g\u00e4ller\u00a0<strong>gaffeltrucktillbeh\u00f6r<\/strong>, v\u00e5r\u00a0<strong>Sidof\u00f6rskjutningshydraulcylindrar f\u00f6r stora gaffeltruckar<\/strong>\u00a0\u00e4r banbrytande. Dessa cylindrar \u00e4r utformade f\u00f6r att optimera prestanda och effektivitet och \u00e4r det perfekta tillskottet till din tunga utrustning.<\/p>\n<ul>\n<li><strong>Exakt sidof\u00f6rskjutning<\/strong>Dessa cylindrar \u00e4r konstruerade f\u00f6r stora gaffeltruckar och ger smidig och exakt sidof\u00f6rskjutning, vilket g\u00f6r dem idealiska f\u00f6r hantering av tunga laster i tr\u00e5nga utrymmen.<\/li>\n<li><strong>H\u00e5llbar konstruktion<\/strong>Byggd f\u00f6r att h\u00e5lla, v\u00e5r\u00a0<strong>Hydraulcylindrar f\u00f6r sidof\u00f6rskjutning av stora gaffeltruckar<\/strong>\u00a0\u00e4r tillverkade av h\u00f6gkvalitativa material, vilket s\u00e4kerst\u00e4ller p\u00e5litlig prestanda \u00e4ven i de tuffaste industriella milj\u00f6erna.<\/li>\n<li><strong>Enkel installation och underh\u00e5ll<\/strong>Dessa \u00e4r utformade med anv\u00e4ndarv\u00e4nlighet i \u00e5tanke\u00a0<strong>Sidof\u00f6rskjutningscylindrar f\u00f6r tunga gaffeltruckar<\/strong>\u00a0\u00e4r snabba att installera och enkla att underh\u00e5lla, vilket minskar driftstopp och h\u00e5ller din verksamhet ig\u00e5ng smidigt.<\/li>\n<\/ul>\n<p>Letar du efter tunga gaffeltruckcylindrar? Kolla in v\u00e5ra <a href=\"https:\/\/www.hydraulic-cylinders.net\/sv\/forklift-hydraulic-cylinder\/\">Kraftiga hydraulcylindrar<\/a>.<\/p>\n<h3><strong>Perfekt f\u00f6r underh\u00e5ll och reparation av gaffeltruckar<\/strong><\/h3>\n<p>Oavsett om du utf\u00f6r rutinm\u00e4ssiga aktiviteter\u00a0<strong>gaffeltruckunderh\u00e5ll<\/strong>\u00a0eller beh\u00f6ver en p\u00e5litlig l\u00f6sning f\u00f6r\u00a0<strong>reparation av hydraulcylindrar<\/strong>V\u00e5ra sidof\u00f6rskjutningscylindrar \u00e4r utformade f\u00f6r att minimera st\u00f6rningar och f\u00f6rl\u00e4nga livsl\u00e4ngden p\u00e5 din utrustning. Deras robusta design s\u00e4kerst\u00e4ller att de kan hantera kraven fr\u00e5n kr\u00e4vande applikationer, vilket g\u00f6r dem till ett kostnadseffektivt val f\u00f6r industriell verksamhet.<\/p>\n<h2><strong>Produktionsomr\u00e5de f\u00f6r gaffeltruckcylinder:<\/strong><\/h2>\n<h2><img loading=\"lazy\" decoding=\"async\" class=\"alignnone size-full wp-image-16972\" src=\"https:\/\/www.hydraulic-cylinders.net\/wp-content\/uploads\/2025\/01\/hydraulic-cylinder-factory-1-scaled.webp\" sizes=\"(min-width: 0px) and (max-width: 480px) 480px, (min-width: 481px) and (max-width: 980px) 980px, (min-width: 981px) and (max-width: 1280px) 1280px, (min-width: 1281px) 2016px, 100vw\" srcset=\"https:\/\/www.hydraulic-cylinders.net\/wp-content\/uploads\/2025\/01\/hydraulic-cylinder-factory-1-scaled.webp 2016w, https:\/\/www.hydraulic-cylinders.net\/wp-content\/uploads\/2025\/01\/hydraulic-cylinder-factory-1-1280x1625.webp 1280w, https:\/\/www.hydraulic-cylinders.net\/wp-content\/uploads\/2025\/01\/hydraulic-cylinder-factory-1-980x1244.webp 980w, https:\/\/www.hydraulic-cylinders.net\/wp-content\/uploads\/2025\/01\/hydraulic-cylinder-factory-1-480x610.webp 480w\" alt=\"\" width=\"2016\" height=\"2560\" \/><\/h2>\n<p>Vi har en f\u00f6rstklassig oberoende FoU-plattform f\u00f6r montering. Verkstaden f\u00f6r tillverkning av gaffeltruckcylindrar har fyra halvautomatiska monteringslinjer f\u00f6r lyftcylindrar och en helautomatisk monteringslinje f\u00f6r tippcylindrar med en planerad \u00e5rlig produktionskapacitet p\u00e5 en miljon stycken. Specialcylinderverkstaden har halvautomatiska reng\u00f6rings- och monteringssystem med olika specifikationer med en planerad \u00e5rlig produktionskapacitet p\u00e5 200 000 stycken. Den \u00e4r utrustad med CNC-bearbetningsutrustning av k\u00e4nda m\u00e4rkesm\u00e4rken, fleroperationscentra, specialutrustning f\u00f6r h\u00f6gprecisionscylindrar, robotsvetsmaskiner, automatiska reng\u00f6ringsmaskiner, automatiska cylindermonteringsmaskiner och automatiska f\u00e4rgproduktionslinjer. Vi har mer \u00e4n 300 upps\u00e4ttningar nyckelutrustning i drift. Optimerad allokering och effektiv anv\u00e4ndning av utrustningsresurser s\u00e4kerst\u00e4ller produkternas precisionskrav och uppfyller produkternas h\u00f6ga kvalitetskrav.<\/p>\n<p>Bearbetningsverkstaden \u00e4r utrustad med specialtillverkade svarvcentra f\u00f6r tiltstyrningsskenor, bearbetningscentra, h\u00f6ghastighetsh\u00f6nsmaskiner, svetsrobotar och annan relevant utrustning, som kan hantera bearbetning av cylinderr\u00f6r med en maximal innerdiameter p\u00e5 400 mm och en maximal l\u00e4ngd p\u00e5 6 meter.<\/p>\n<h2><img loading=\"lazy\" decoding=\"async\" class=\"alignnone size-full wp-image-16973\" src=\"https:\/\/www.hydraulic-cylinders.net\/wp-content\/uploads\/2025\/01\/hydraulic-cylinder-factory-2-scaled.webp\" sizes=\"(min-width: 0px) and (max-width: 480px) 480px, (min-width: 481px) and (max-width: 980px) 980px, (min-width: 981px) and (max-width: 1280px) 1280px, (min-width: 1281px) 2011px, 100vw\" srcset=\"https:\/\/www.hydraulic-cylinders.net\/wp-content\/uploads\/2025\/01\/hydraulic-cylinder-factory-2-scaled.webp 2011w, https:\/\/www.hydraulic-cylinders.net\/wp-content\/uploads\/2025\/01\/hydraulic-cylinder-factory-2-1280x1629.webp 1280w, https:\/\/www.hydraulic-cylinders.net\/wp-content\/uploads\/2025\/01\/hydraulic-cylinder-factory-2-980x1248.webp 980w, https:\/\/www.hydraulic-cylinders.net\/wp-content\/uploads\/2025\/01\/hydraulic-cylinder-factory-2-480x611.webp 480w\" alt=\"\" width=\"2011\" height=\"2560\" \/><\/h2>\n<p>Vi har en helautomatisk vattenbaserad f\u00e4rglinje f\u00f6r sm\u00e5 och medelstora cylindrar, som m\u00f6jligg\u00f6r automatisk lastning och lossning samt automatiska sprutrobotar med en konstruerad produktionskapacitet p\u00e5 4000 platser per skift. Vi har ytterligare en halvautomatisk m\u00e5lningslinje f\u00f6r storskaliga cylindrar som drivs av en sl\u00e4pkedja, och den konstruerade kapaciteten \u00e4r 60 l\u00e5dor per skift.<\/p>\n<p>F\u00f6r att ytterligare f\u00f6rb\u00e4ttra produkternas prestanda och etablera en ledande position f\u00f6r v\u00e5ra hydraulcylindrar i branschen har v\u00e5rt f\u00f6retag och zjimee gemensamt etablerat ett omfattande prestandalaboratorium f\u00f6r hydraulcylindrar, hydraulventiler och hydraulpumpar. Labbet utf\u00f6r datorst\u00f6dd testning med elektrohydraulisk teknik, testf\u00f6rh\u00e5llandena f\u00f6rinst\u00e4lls av en dator vilket f\u00f6rb\u00e4ttrar testnoggrannheten och systemets m\u00e5ngsidighet, samt de experimentella data.<\/p>\n<p>Den automatiska insamlingen sker genom anv\u00e4ndning av sensorer, och utdata, s\u00e5som internt l\u00e4ckage och lasteffektivitet hos cylindern eller ventilen, bearbetas direkt av datorn och konverteras till standardenheter (ml\/min%). Samtidigt, f\u00f6r att s\u00e4kerst\u00e4lla hydraulsystemets arbetss\u00e4kerhet, utf\u00f6rs tillst\u00e5nds\u00f6vervakningsfunktionen f\u00f6r viktiga prestandaparametrar som \"oljetemperatur\u00f6vervakning, v\u00e4tskeniv\u00e5\u00f6vervakning, filterenhets\u00f6vervakning\" etc. Bland dessa kan hydraulcylinderns testb\u00e4nk testa prestandan hos \"lasten\".<br \/>\neffektivitet \"och\" internt l\u00e4ckage\" genom avl\u00e4sningar. Samtidigt \u00e4r den utrustad med ett gitterlinjalm\u00e4tinstrument som uppfyller kraven f\u00f6r alla testartiklar av hydraulcylinderprodukter enligt den nationella standarden.<\/p>\n<h3><strong>FAQ-sektion:<\/strong><\/h3>\n<p><strong>F: Vilka \u00e4r de viktigaste egenskaperna hos sidof\u00f6rskjutna hydraulcylindrar f\u00f6r stora gaffeltruckar?<\/strong><br \/>\nA: V\u00e5ra hydraulcylindrar f\u00f6r sidof\u00f6rskjutning \u00e4r konstruerade f\u00f6r stora gaffeltruckar och erbjuder exakt sidof\u00f6rskjutning, h\u00e5llbar konstruktion f\u00f6r l\u00e5ngvarig prestanda och enkel installation f\u00f6r att minska stillest\u00e5ndstiden.<\/p>\n<p><strong>F: Klarar dessa cylindrar kr\u00e4vande applikationer?<\/strong><br \/>\nA: Ja, dessa cylindrar \u00e4r specifikt utformade f\u00f6r kr\u00e4vande anv\u00e4ndning, vilket g\u00f6r dem idealiska f\u00f6r industriella milj\u00f6er som byggarbetsplatser, lager och hamnar.<\/p>\n<p><strong>F: \u00c4r dessa hydraulcylindrar enkla att installera?<\/strong><br \/>\nA: Absolut! V\u00e5ra sidof\u00f6rskjutningscylindrar \u00e4r konstruerade f\u00f6r snabb och problemfri installation, vilket minimerar driftstopp och s\u00e4kerst\u00e4ller att din gaffeltruck snabbt \u00e4r tillbaka i drift.<\/p>\n<p>&nbsp;<\/p>","protected":false},"excerpt":{"rendered":"<p>Side Shift Hydraulic Cylinders For Large Forklift Looking for reliable and efficient\u00a0Side Shift Hydraulic Cylinders for Large Forklifts? Our high-performance\u00a0Hydraulic Cylinders for Forklift Side Shifting\u00a0are designed to meet the demands of compact forklifts, offering precise side shifting for enhanced maneuverability in tight spaces. Built with\u00a0durable construction, these cylinders ensure long-lasting performance even in the toughest [&hellip;]<\/p>","protected":false},"featured_media":17581,"comment_status":"open","ping_status":"closed","template":"","meta":{"_et_pb_use_builder":"","_et_pb_old_content":"","_et_gb_content_width":""},"product_brand":[],"product_cat":[1550,1484,1376],"product_tag":[],"class_list":{"0":"post-17579","1":"product","2":"type-product","3":"status-publish","4":"has-post-thumbnail","6":"product_cat-double-acting-hydraulic-cylinder","7":"product_cat-forklift-hydraulic-cylinders","8":"product_cat-hydraulic-cylinder","10":"first","11":"instock","12":"shipping-taxable","13":"product-type-simple"},"amp_enabled":true,"_links":{"self":[{"href":"https:\/\/www.hydraulic-cylinders.net\/sv\/wp-json\/wp\/v2\/product\/17579","targetHints":{"allow":["GET"]}}],"collection":[{"href":"https:\/\/www.hydraulic-cylinders.net\/sv\/wp-json\/wp\/v2\/product"}],"about":[{"href":"https:\/\/www.hydraulic-cylinders.net\/sv\/wp-json\/wp\/v2\/types\/product"}],"replies":[{"embeddable":true,"href":"https:\/\/www.hydraulic-cylinders.net\/sv\/wp-json\/wp\/v2\/comments?post=17579"}],"wp:featuredmedia":[{"embeddable":true,"href":"https:\/\/www.hydraulic-cylinders.net\/sv\/wp-json\/wp\/v2\/media\/17581"}],"wp:attachment":[{"href":"https:\/\/www.hydraulic-cylinders.net\/sv\/wp-json\/wp\/v2\/media?parent=17579"}],"wp:term":[{"taxonomy":"product_brand","embeddable":true,"href":"https:\/\/www.hydraulic-cylinders.net\/sv\/wp-json\/wp\/v2\/product_brand?post=17579"},{"taxonomy":"product_cat","embeddable":true,"href":"https:\/\/www.hydraulic-cylinders.net\/sv\/wp-json\/wp\/v2\/product_cat?post=17579"},{"taxonomy":"product_tag","embeddable":true,"href":"https:\/\/www.hydraulic-cylinders.net\/sv\/wp-json\/wp\/v2\/product_tag?post=17579"}],"curies":[{"name":"wp","href":"https:\/\/api.w.org\/{rel}","templated":true}]}}