{"id":1758,"date":"2023-10-13T03:29:58","date_gmt":"2023-10-13T03:29:58","guid":{"rendered":"https:\/\/hydraulic-cylinders.net\/?post_type=product&#038;p=1758"},"modified":"2025-04-15T05:55:27","modified_gmt":"2025-04-15T05:55:27","slug":"cutter-suction-dredger-piling-cylinder","status":"publish","type":"product","link":"https:\/\/www.hydraulic-cylinders.net\/sv\/produkt\/cutter-suction-dredger-piling-cylinder\/","title":{"rendered":"Sk\u00e4rsugsmuddringsmaskin p\u00e5lcylinder"},"content":{"rendered":"<h1 style=\"text-align: center;\"><strong>Sk\u00e4rsugsmuddringsmaskin p\u00e5lcylinder<\/strong><\/h1>\n<p><img loading=\"lazy\" decoding=\"async\" class=\"aligncenter wp-image-1759\" src=\"https:\/\/hydraulic-cylinders.net\/wp-content\/uploads\/2023\/10\/cutter-suction-dredger-piling-cylinder-1-300x300.webp\" alt=\"\" width=\"400\" height=\"400\" \/><\/p>\n<p>Sugmudderverkets p\u00e5lcylinder \u00e4r en kraftfull och m\u00e5ngsidig hydraulisk anordning som \u00e4r speciellt utformad f\u00f6r marina byggprojekt. Med sin robusta konstruktion och h\u00f6gpresterande kapacitet \u00e4r denna p\u00e5lcylinder en nyckelkomponent i moderna muddringsoperationer.<\/p>\n<p>Sugmudderverkets p\u00e5lcylinder \u00e4r en p\u00e5litlig och m\u00e5ngsidig hydraulisk anordning som avsev\u00e4rt f\u00f6rb\u00e4ttrar marina byggprojekt. Med sin robusta konstruktion, justerbara slagl\u00e4ngd och kraftfulla hydraulsystem levererar den exakta och effektiva p\u00e5lningsoperationer. Genom att f\u00f6lja korrekta anv\u00e4ndningsmetoder och utf\u00f6ra regelbundet underh\u00e5ll kan anv\u00e4ndare maximera livsl\u00e4ngden och prestandan hos denna viktiga komponent f\u00f6r mudderverk. Investera i en p\u00e5lcylinder f\u00f6r mudderverk och upplev f\u00f6rb\u00e4ttrad produktivitet och noggrannhet i dina marina byggprojekt.<\/p>\n<p>Sk\u00e4rsugsmudderverks p\u00e5lningscylinder Viktiga egenskaper:<\/p>\n<ol>\n<li>Robust konstruktion: Sugmudderverkets p\u00e5lcylinder \u00e4r byggd f\u00f6r att klara de kr\u00e4vande f\u00f6rh\u00e5llandena i marina milj\u00f6er. Tillverkad av h\u00f6gkvalitativa material uppvisar den utm\u00e4rkt motst\u00e5ndskraft mot korrosion, n\u00f6tning och st\u00f6tar, vilket garanterar l\u00e5ngvarig h\u00e5llbarhet.<\/li>\n<li>Hydraulisk kraft: Utrustad med ett h\u00f6gpresterande hydraulsystem levererar denna p\u00e5lningscylinder imponerande kraft och precision. Den \u00f6verf\u00f6r effektivt hydraulisk energi f\u00f6r att driva p\u00e5lningsoperationen, vilket resulterar i f\u00f6rb\u00e4ttrad produktivitet och noggrannhet.<\/li>\n<li>Justerbar slagl\u00e4ngd: P\u00e5lcylindern erbjuder flexibiliteten att justera slagl\u00e4ngden enligt projektets specifika krav. Denna anpassningsf\u00f6rm\u00e5ga m\u00f6jligg\u00f6r exakt kontroll \u00f6ver p\u00e5lningsdjupet, vilket tillgodoser olika behov inom marin konstruktion.<\/li>\n<\/ol>\n<h2><strong>Sk\u00e4rsugsmuddringsmaskinens p\u00e5lningscylinderparameter:<\/strong><\/h2>\n<table border=\"1\" cellspacing=\"0\" cellpadding=\"0\">\n<tbody>\n<tr>\n<td>Produktnamn<\/td>\n<td>Sk\u00e4rsugsmudderverks resecylinder<\/td>\n<\/tr>\n<tr>\n<td>Drag:<\/td>\n<td>\u00c4r det viktigaste verkst\u00e4llande elementet i den r\u00f6rliga mekanismen hos mudderverket<\/td>\n<\/tr>\n<tr>\n<td>Borrdiameter:<\/td>\n<td>Upp till 480 mm<\/td>\n<\/tr>\n<tr>\n<td>St\u00e5ngdiameter:<\/td>\n<td>Upp till 360 mm<br \/>\nSlagl\u00e4ngd upp till 9400 mm<\/td>\n<\/tr>\n<tr>\n<td>Tryck:<\/td>\n<td>upp till 32 MPa<\/td>\n<\/tr>\n<tr>\n<td>Tryckkraft:<\/td>\n<td>Maximalt 2900 kN<\/td>\n<\/tr>\n<tr>\n<td>Anv\u00e4ndningsomr\u00e5den:<\/td>\n<td>Sk\u00e4rsugsmudderverk<\/td>\n<\/tr>\n<\/tbody>\n<\/table>\n<div><\/div>\n<div>\n<div class=\"txtboxL\">\n<div class=\"txtboxL\">\n<div class=\"txtboxL\">\n<div class=\"txtboxL\">\n<div class=\"txtboxL\">\n<div class=\"txtboxL\">\n<div class=\"txtboxL\">\n<div class=\"txtboxL\">Drag:<\/div>\n<div class=\"txtboxR\">\u00c4r det viktigaste verkst\u00e4llande elementet i den r\u00f6rliga mekanismen hos mudderverket<\/div>\n<div class=\"txtboxL\">Specifikation:<\/div>\n<div class=\"txtboxR\">Borrdiameter: upp till 480 mm<br \/>\nSt\u00e5ngdiameter: upp till 360 mm<br \/>\nSlagl\u00e4ngd upp till 9400 mm<\/div>\n<div class=\"txtboxL\">Tryck:<\/div>\n<div class=\"txtboxR\">upp till 32 MPa<\/div>\n<div class=\"txtboxL\">Tryckkraft:<\/div>\n<div class=\"txtboxR\">Maximalt 2900 kN<\/div>\n<\/div>\n<\/div>\n<\/div>\n<\/div>\n<\/div>\n<\/div>\n<\/div>\n<\/div>\n<h2><strong>Anv\u00e4ndning av mudderverkssk\u00e4r-sugcylindrar:<\/strong><\/h2>\n<p><img loading=\"lazy\" decoding=\"async\" class=\"alignnone wp-image-1757 size-full\" src=\"https:\/\/hydraulic-cylinders.net\/wp-content\/uploads\/2023\/10\/dredger-tank-cylinder-1.webp\" alt=\"\" width=\"600\" height=\"400\" srcset=\"https:\/\/hydraulic-cylinders.net\/wp-content\/uploads\/2023\/10\/dredger-tank-cylinder-1.webp 600w, https:\/\/hydraulic-cylinders.net\/wp-content\/uploads\/2023\/10\/dredger-tank-cylinder-1-480x320.webp 480w\" sizes=\"(min-width: 0px) and (max-width: 480px) 480px, (min-width: 481px) 600px, 100vw\" \/><\/p>\n<h2><strong>Anv\u00e4ndningsmetod f\u00f6r cutter sugdredger p\u00e5lcylinder<\/strong><strong>:<\/strong><\/h2>\n<ul>\n<li><strong>F\u00f6rberedelse:<\/strong> Innan p\u00e5lningsarbetet p\u00e5b\u00f6rjas, se till att alla s\u00e4kerhetsprotokoll f\u00f6ljs. Inspektera p\u00e5lningscylindern, dess anslutningar och hydraulsystemet f\u00f6r tecken p\u00e5 skador eller l\u00e4ckage. Bekr\u00e4fta att den hydrauliska kraftk\u00e4llan \u00e4r korrekt ansluten och fungerar.<\/li>\n<li><strong>Positionering:<\/strong> Placera mudderverkets p\u00e5lcylinder p\u00e5 \u00f6nskad plats f\u00f6r p\u00e5lning. Rikta in den i f\u00f6rh\u00e5llande till m\u00e5lomr\u00e5det och s\u00e4kerst\u00e4ll korrekt stabilitet och st\u00f6d.<\/li>\n<li><strong>F\u00f6rbindelse:<\/strong> Anslut p\u00e5lcylindern till den hydrauliska kraftk\u00e4llan med kompatibla kopplingar och slangar. Kontrollera att l\u00e4nkarna \u00e4r s\u00e4kra och l\u00e4ckagefria.<\/li>\n<li><strong>Justera slagl\u00e4ngd:<\/strong> Set the desired stroke length on the piling cylinder, considering the depth required for the piling operation. Adjust the stroke length using the provided controls or mechanisms, following the manufacturer&#8217;s instructions.<\/li>\n<li><strong>P\u00e5lningsoperation:<\/strong> Aktivera den hydrauliska kraftk\u00e4llan f\u00f6r att starta p\u00e5lningsoperationen. Mudderverkets p\u00e5lningscylinder kommer att tvinga p\u00e5larna ner i havsbotten eller flodb\u00e4dden. \u00d6vervaka processen noggrant och s\u00e4kerst\u00e4ll att \u00f6nskat djup och noggrannhet uppn\u00e5s.<\/li>\n<\/ul>\n<h2><strong>Hur man packar om en hydraulcylinder?<\/strong><\/h2>\n<p>Repacking a hydraulic cylinder involves replacing the seals and other components to restore its functionality and prevent leaks. Here&#8217;s a general guide on how to repack a hydraulic cylinder:<\/p>\n<ol>\n<li><strong>S\u00e4kerhets\u00e5tg\u00e4rder:<\/strong>\n<ul>\n<li>Se till att hydraulsystemet \u00e4r tryckl\u00f6st och att cylindern \u00e4r helt utf\u00e4lld.<\/li>\n<li>F\u00f6lj korrekta procedurer f\u00f6r l\u00e5sning\/m\u00e4rkning f\u00f6r att f\u00f6rhindra oavsiktlig aktivering av systemet.<\/li>\n<\/ul>\n<\/li>\n<li><strong>Demontering av cylinder:<\/strong>\n<ul>\n<li>Koppla bort alla hydraulslangar eller kopplingar som \u00e4r anslutna till cylindern.<\/li>\n<li>Ta bort alla f\u00e4stsprintar eller bultar som h\u00e5ller fast cylindern vid utrustningen.<\/li>\n<li>Skjut eller man\u00f6vrera f\u00f6rsiktigt ut cylindern ur dess monteringsf\u00e4sten eller anslutningar.<\/li>\n<\/ul>\n<\/li>\n<li><strong>Demontering:<\/strong>\n<ul>\n<li>Placera cylindern p\u00e5 en ren arbetsyta.<\/li>\n<li>Ta bort cylinderns \u00e4ndk\u00e5pa\/\u00e4ndk\u00e5por med l\u00e4mpliga verktyg, s\u00e5som skiftnycklar eller hylsnyckelsatser.<\/li>\n<li>Observera komponenternas ordning och orientering n\u00e4r du demonterar dem.<\/li>\n<li>Ta bort kolven, st\u00e5ngen och t\u00e4tningarna fr\u00e5n cylindercylindern.<\/li>\n<\/ul>\n<\/li>\n<li><strong>Byte av t\u00e4tning:<\/strong>\n<ul>\n<li>Kontrollera de gamla t\u00e4tningarna f\u00f6r skador eller slitage och byt ut dem mot nya av samma storlek och typ.<\/li>\n<li>Sm\u00f6rj de nya t\u00e4tningarna med hydraulolja innan de monteras.<\/li>\n<li>S\u00e4tt f\u00f6rsiktigt in de nya t\u00e4tningarna i sina sp\u00e5r och se till att de sitter korrekt.<\/li>\n<\/ul>\n<\/li>\n<li><strong>Komponentinspektion och reng\u00f6ring:<\/strong>\n<ul>\n<li>Inspektera kolven, st\u00e5ngen och andra komponenter f\u00f6r tecken p\u00e5 skador eller slitage.<\/li>\n<li>Reng\u00f6r alla delar noggrant med ett l\u00e4mpligt reng\u00f6ringsmedel f\u00f6r att avl\u00e4gsna smuts, skr\u00e4p och rester av hydraulv\u00e4tska.<\/li>\n<li>Se till att alla ytor \u00e4r torra innan \u00e5termontering.<\/li>\n<\/ul>\n<\/li>\n<li><strong>\u00c5termontering:<\/strong>\n<ul>\n<li>Montera tillbaka kolven, st\u00e5ngen och t\u00e4tningarna i cylindercylindern i r\u00e4tt ordning och riktning.<\/li>\n<li>Applicera ett tunt lager hydraulolja p\u00e5 t\u00e4tningarna och andra kontaktytor.<\/li>\n<li>Carefully reattach the end cap(s) and tighten them securely to the manufacturer&#8217;s specifications.<\/li>\n<li>Se till att alla g\u00e4ngade anslutningar \u00e4r korrekt justerade och \u00e5tdragna.<\/li>\n<\/ul>\n<\/li>\n<li><strong>\u00c5termontering av cylinder:<\/strong>\n<ul>\n<li>Skjut eller man\u00f6vrera den \u00e5termonterade cylindern tillbaka i dess monteringsf\u00e4sten eller anslutningar.<\/li>\n<li>S\u00e4tt tillbaka eventuella f\u00e4ststift eller bultar f\u00f6r att h\u00e5lla cylindern p\u00e5 plats.<\/li>\n<li>Anslut hydraulslangarna eller kopplingarna till cylindern igen och se till att de \u00e4r korrekt uppriktade och \u00e5tdragna.<\/li>\n<\/ul>\n<\/li>\n<li><strong>Testning och inspektion:<\/strong>\n<ul>\n<li>\u00c5tertrycks\u00e4tt hydraulsystemet och kontrollera om det finns n\u00e5gra l\u00e4ckor eller onormal funktion.<\/li>\n<li>Dra ut och dra in cylindern helt f\u00f6r att s\u00e4kerst\u00e4lla smidig r\u00f6relse och korrekt funktion.<\/li>\n<li>Kontrollera cylindern och dess anslutningar f\u00f6r eventuella l\u00e4ckor eller andra problem.<\/li>\n<\/ul>\n<\/li>\n<\/ol>\n<h2><strong>Fabrikens kapacitet och kapacitet:<\/strong><\/h2>\n<h3>(1) Montering<\/h3>\n<p>Vi har en f\u00f6rstklassig oberoende forsknings- och utvecklingsplattform. Verkstaden f\u00f6r tillverkning av hydraulcylindrar har fyra halvautomatiska monteringslinjer f\u00f6r lyftcylindrar och en automatisk monteringslinje f\u00f6r tiltcylindrar, med en planerad \u00e5rlig produktionskapacitet p\u00e5 1 miljon enheter. Specialcylinderverkstaden \u00e4r utrustad med olika specifikationer f\u00f6r ett halvautomatiskt reng\u00f6ringsmonteringssystem med en planerad \u00e5rlig produktionskapacitet p\u00e5 200 000 och utrustad med k\u00e4nd CNC-bearbetningsutrustning, ett fleroperationscenter, en specialutrustning f\u00f6r h\u00f6gprecisionscylindrar, en robotsvetsmaskin, en automatisk reng\u00f6ringsmaskin, en automatisk cylindermonteringsmaskin och en automatisk produktionslinje f\u00f6r m\u00e5lning. Befintlig kritisk utrustning p\u00e5 mer \u00e4n 300 set (set). Optimal allokering och effektiv anv\u00e4ndning av utrustningsresurser s\u00e4kerst\u00e4ller produkternas noggrannhetskrav och uppfyller produkternas h\u00f6ga kvalitetsbehov.<\/p>\n<p><img loading=\"lazy\" decoding=\"async\" class=\"alignnone wp-image-626\" src=\"https:\/\/hydraulic-cylinders.net\/wp-content\/uploads\/2023\/08\/hydraulic-cylinder-product-1-300x158.webp\" alt=\"\" width=\"495\" height=\"260\" srcset=\"https:\/\/hydraulic-cylinders.net\/wp-content\/uploads\/2023\/08\/hydraulic-cylinder-product-1-300x158.webp 495w, https:\/\/hydraulic-cylinders.net\/wp-content\/uploads\/2023\/08\/hydraulic-cylinder-product-1-480x252.webp 480w\" sizes=\"(min-width: 0px) and (max-width: 480px) 480px, (min-width: 481px) 495px, 100vw\" \/> <img loading=\"lazy\" decoding=\"async\" class=\"alignnone wp-image-627\" src=\"https:\/\/hydraulic-cylinders.net\/wp-content\/uploads\/2023\/08\/hydraulic-cylinder-product-2-300x189.webp\" alt=\"\" width=\"413\" height=\"260\" \/><\/p>\n<h3>(2) Maskinbearbetning<\/h3>\n<p>Bearbetningsverkstaden \u00e4r utrustad med en specialanpassad svarvcentral f\u00f6r lutande r\u00e4ls, bearbetningscenter, h\u00f6ghastighetsh\u00f6nsmaskin, svetsrobot och annan relaterad utrustning, som kan hantera bearbetning av cylinderr\u00f6r med en maximal innerdiameter p\u00e5 400 mm och en maximal l\u00e4ngd p\u00e5 6 meter.<\/p>\n<p><img loading=\"lazy\" decoding=\"async\" class=\"alignnone wp-image-628 size-large\" src=\"https:\/\/hydraulic-cylinders.net\/wp-content\/uploads\/2023\/08\/hydraulic-cylinder-product-3-1024x391.webp\" alt=\"\" width=\"1024\" height=\"391\" srcset=\"https:\/\/hydraulic-cylinders.net\/wp-content\/uploads\/2023\/08\/hydraulic-cylinder-product-3-980x374.webp 980w, https:\/\/hydraulic-cylinders.net\/wp-content\/uploads\/2023\/08\/hydraulic-cylinder-product-3-480x183.webp 480w\" sizes=\"(min-width: 0px) and (max-width: 480px) 480px, (min-width: 481px) and (max-width: 980px) 980px, (min-width: 981px) 1024px, 100vw\" \/><\/p>\n<h3>(3) Svetsning<\/h3>\n<p><img loading=\"lazy\" decoding=\"async\" class=\"alignnone wp-image-629 size-large\" src=\"https:\/\/hydraulic-cylinders.net\/wp-content\/uploads\/2023\/08\/hydraulic-cylinder-product-4-1024x510.webp\" alt=\"\" width=\"1024\" height=\"510\" srcset=\"https:\/\/hydraulic-cylinders.net\/wp-content\/uploads\/2023\/08\/hydraulic-cylinder-product-4-980x488.webp 980w, https:\/\/hydraulic-cylinders.net\/wp-content\/uploads\/2023\/08\/hydraulic-cylinder-product-4-480x239.webp 480w\" sizes=\"(min-width: 0px) and (max-width: 480px) 480px, (min-width: 481px) and (max-width: 980px) 980px, (min-width: 981px) 1024px, 100vw\" \/><\/p>\n<h3>(4) M\u00e5lning och ytbehandling<\/h3>\n<p>Med sm\u00e5 och medelstora cylindriska automatiska vattenbaserade f\u00e4rgbel\u00e4ggningslinjer, f\u00f6r att uppn\u00e5 automatisk robotlastning och lossning samt automatisk sprutning, \u00e4r den designade kapaciteten 4000 stycken per skift;<br \/>\nVi har \u00e4ven en halvautomatisk f\u00e4rgproduktionslinje f\u00f6r stora cylindrar som drivs av en sl\u00e4pkedja, med en designkapacitet p\u00e5 60 l\u00e5dor per skift.<\/p>\n<p><img loading=\"lazy\" decoding=\"async\" class=\"alignnone wp-image-630\" src=\"https:\/\/hydraulic-cylinders.net\/wp-content\/uploads\/2023\/08\/hydraulic-cylinder-product-5-300x213.webp\" alt=\"\" width=\"366\" height=\"260\" \/> <img loading=\"lazy\" decoding=\"async\" class=\"alignnone wp-image-631\" src=\"https:\/\/hydraulic-cylinders.net\/wp-content\/uploads\/2023\/08\/hydraulic-cylinder-product-6-300x225.webp\" alt=\"\" width=\"347\" height=\"260\" \/><\/p>\n<h3>(5) Testning<\/h3>\n<p>Vi har f\u00f6rstklassiga inspektionsanl\u00e4ggningar och testb\u00e4ddar f\u00f6r att s\u00e4kerst\u00e4lla att cylinderns prestanda uppfyller kraven.<\/p>\n<p><img loading=\"lazy\" decoding=\"async\" class=\"alignnone wp-image-632\" src=\"https:\/\/hydraulic-cylinders.net\/wp-content\/uploads\/2023\/08\/hydraulic-cylinder-product-8-300x200.webp\" alt=\"\" width=\"389\" height=\"260\" \/><\/p>\n<p>&nbsp;<\/p>\n<p>&nbsp;<\/p>\n<p>Vi \u00e4r en av de b\u00e4sta tillverkarna av hydraulcylindrar. Vi kan erbjuda ett helt\u00e4ckande utbud av hydraulcylindrar. Vi tillhandah\u00e5ller \u00e4ven motsvarande <a href=\"https:\/\/hzpt.com\/agricultural-pto-gearbox\/\" target=\"_blank\" rel=\"noopener\">jordbruksv\u00e4xell\u00e5dor<\/a>Vi har exporterat v\u00e5ra produkter till kunder \u00f6ver hela v\u00e4rlden och f\u00e5tt ett gott rykte tack vare v\u00e5r \u00f6verl\u00e4gsna produktkvalitet och kundservice. Vi v\u00e4lkomnar kunder b\u00e5de hemma och utomlands att kontakta oss f\u00f6r att f\u00f6rhandla aff\u00e4rer, utbyta information och <a href=\"https:\/\/www.hydraulic-cylinders.net\/sv\/contact-us\/\">samarbeta med oss<\/a>!<\/p>","protected":false},"excerpt":{"rendered":"<p>Cutter Suction Dredger Piling Cylinder The cutter suction dredger piling cylinder is a powerful and versatile hydraulic device designed specifically for marine construction projects. With its robust construction and high-performance capabilities, this piling cylinder is a key component in modern dredging operations. The cutter suction dredger piling cylinder is a reliable and versatile hydraulic device [&hellip;]<\/p>","protected":false},"featured_media":1760,"comment_status":"open","ping_status":"closed","template":"","meta":{"_et_pb_use_builder":"","_et_pb_old_content":"","_et_gb_content_width":""},"product_brand":[],"product_cat":[1535,1549,1552,1376],"product_tag":[1380],"class_list":{"0":"post-1758","1":"product","2":"type-product","3":"status-publish","4":"has-post-thumbnail","6":"product_cat-dredger-hydraulic-cylinders","7":"product_cat-single-acting-hydraulic-cylinder","8":"product_cat-stainless-steel-hydraulic-cylinder","9":"product_cat-hydraulic-cylinder","10":"product_tag-hydraulic-cylinder","12":"first","13":"instock","14":"shipping-taxable","15":"product-type-simple"},"amp_enabled":true,"_links":{"self":[{"href":"https:\/\/www.hydraulic-cylinders.net\/sv\/wp-json\/wp\/v2\/product\/1758","targetHints":{"allow":["GET"]}}],"collection":[{"href":"https:\/\/www.hydraulic-cylinders.net\/sv\/wp-json\/wp\/v2\/product"}],"about":[{"href":"https:\/\/www.hydraulic-cylinders.net\/sv\/wp-json\/wp\/v2\/types\/product"}],"replies":[{"embeddable":true,"href":"https:\/\/www.hydraulic-cylinders.net\/sv\/wp-json\/wp\/v2\/comments?post=1758"}],"wp:featuredmedia":[{"embeddable":true,"href":"https:\/\/www.hydraulic-cylinders.net\/sv\/wp-json\/wp\/v2\/media\/1760"}],"wp:attachment":[{"href":"https:\/\/www.hydraulic-cylinders.net\/sv\/wp-json\/wp\/v2\/media?parent=1758"}],"wp:term":[{"taxonomy":"product_brand","embeddable":true,"href":"https:\/\/www.hydraulic-cylinders.net\/sv\/wp-json\/wp\/v2\/product_brand?post=1758"},{"taxonomy":"product_cat","embeddable":true,"href":"https:\/\/www.hydraulic-cylinders.net\/sv\/wp-json\/wp\/v2\/product_cat?post=1758"},{"taxonomy":"product_tag","embeddable":true,"href":"https:\/\/www.hydraulic-cylinders.net\/sv\/wp-json\/wp\/v2\/product_tag?post=1758"}],"curies":[{"name":"wp","href":"https:\/\/api.w.org\/{rel}","templated":true}]}}