{"id":17589,"date":"2025-03-18T06:09:41","date_gmt":"2025-03-18T06:09:41","guid":{"rendered":"https:\/\/www.hydraulic-cylinders.net\/?post_type=product&#038;p=17589"},"modified":"2025-04-11T01:44:55","modified_gmt":"2025-04-11T01:44:55","slug":"lift-hydraulic-cylinders-for-large-forklift","status":"publish","type":"product","link":"https:\/\/www.hydraulic-cylinders.net\/sv\/produkt\/lift-hydraulic-cylinders-for-large-forklift\/","title":{"rendered":"Lyft hydraulcylindrar f\u00f6r stor gaffeltruck"},"content":{"rendered":"<h1 style=\"text-align: center;\"><strong>Lyft hydraulcylindrar f\u00f6r stor gaffeltruck<\/strong><\/h1>\n<p>Lyftcylindrar \u00e4r viktiga komponenter i stora gaffeltruckar, vilket g\u00f6r att de kan utf\u00f6ra viktiga lyft- och s\u00e4nkfunktioner. Dessa cylindrar ger den kraft som kr\u00e4vs f\u00f6r att hantera tunga laster effektivt, vilket s\u00e4kerst\u00e4ller smidig drift i olika industriella milj\u00f6er. Med robust design och h\u00f6g prestanda f\u00f6rb\u00e4ttrar lyftcylindrar produktiviteten och s\u00e4kerheten vid materialhantering.<\/p>\n<p>Att investera i h\u00f6gkvalitativa lyftcylindrar f\u00f6r stora gaffeltruckar f\u00f6rb\u00e4ttrar driftseffektiviteten och s\u00e4kerheten avsev\u00e4rt. Genom att f\u00f6rst\u00e5 deras funktioner, korrekt anv\u00e4ndning och underh\u00e5llskrav kan operat\u00f6rer s\u00e4kerst\u00e4lla att dessa cylindrar ger j\u00e4mn prestanda och l\u00e5ng livsl\u00e4ngd. Med r\u00e4tt lyftcylindrar kan f\u00f6retag optimera sina materialhanteringsprocesser, vilket leder till \u00f6kad produktivitet och minskad stillest\u00e5ndstid.<\/p>\n<h1 style=\"text-align: center;\"><img loading=\"lazy\" decoding=\"async\" class=\"alignnone wp-image-17590\" src=\"https:\/\/www.hydraulic-cylinders.net\/wp-content\/uploads\/2025\/03\/Lift-hydraulic-cylinders-for-large-forklift.jpg\" alt=\"\" width=\"500\" height=\"500\" srcset=\"https:\/\/www.hydraulic-cylinders.net\/wp-content\/uploads\/2025\/03\/Lift-hydraulic-cylinders-for-large-forklift.jpg 500w, https:\/\/www.hydraulic-cylinders.net\/wp-content\/uploads\/2025\/03\/Lift-hydraulic-cylinders-for-large-forklift-480x480.jpg 480w\" sizes=\"(min-width: 0px) and (max-width: 480px) 480px, (min-width: 481px) 500px, 100vw\" \/><\/h1>\n<p style=\"text-align: center;\"><strong>Lyft hydraulcylindrar f\u00f6r stor gaffeltruck<\/strong><\/p>\n<h2><strong>Stor gaffeltruck hydraulcylinderserie:\u00a0<\/strong><\/h2>\n<h2><img loading=\"lazy\" decoding=\"async\" class=\"alignnone size-full wp-image-17582\" src=\"https:\/\/www.hydraulic-cylinders.net\/wp-content\/uploads\/2025\/03\/large-forklift-hydraulic-cylinder-construction.webp\" alt=\"\" width=\"1100\" height=\"615\" srcset=\"https:\/\/www.hydraulic-cylinders.net\/wp-content\/uploads\/2025\/03\/large-forklift-hydraulic-cylinder-construction.webp 1100w, https:\/\/www.hydraulic-cylinders.net\/wp-content\/uploads\/2025\/03\/large-forklift-hydraulic-cylinder-construction-980x548.webp 980w, https:\/\/www.hydraulic-cylinders.net\/wp-content\/uploads\/2025\/03\/large-forklift-hydraulic-cylinder-construction-480x268.webp 480w\" sizes=\"(min-width: 0px) and (max-width: 480px) 480px, (min-width: 481px) and (max-width: 980px) 980px, (min-width: 981px) 1100px, 100vw\" \/><\/h2>\n<h2><strong>Lyfthydraulcylindrar f\u00f6r stor gaffeltruck f\u00f6r stor gaffeltruck <\/strong><strong>Tekniska specifikationer<\/strong><strong>:<\/strong><\/h2>\n<p><strong>Fungera:<\/strong> F\u00f6r att uppn\u00e5 lyft- och s\u00e4nkfunktionen hos gantryt<br \/>\n<strong>Cylinderdiameter:<\/strong> 65mm\u2013190mm<br \/>\n<strong>St\u00e5ngdiameter:<\/strong> 50mm\u2013160mm<br \/>\n<strong>Resa:<\/strong> 100 mm\u20133490 mm<br \/>\n<strong>Maximalt tryck:<\/strong> 21 MPa<br \/>\n<strong>Maximal dragkraft:<\/strong> 596 kn<\/p>\n<h2><strong>Viktiga funktioner hos lyfthydraulcylindrar f\u00f6r stora gaffeltruckar<\/strong><strong>:<\/strong><\/h2>\n<ul>\n<li><strong>H\u00f6g lastkapacitet<\/strong>Dessa hydraulcylindrar \u00e4r konstruerade f\u00f6r att b\u00e4ra betydande vikter, vilket g\u00f6r dem idealiska f\u00f6r tunga till\u00e4mpningar. Deras robusta design s\u00e4kerst\u00e4ller tillf\u00f6rlitlig drift \u00e4ven under extrema belastningar, vilket g\u00f6r att gaffeltruckar kan hantera stora pallar och material med tillf\u00f6rsikt. Denna f\u00f6rm\u00e5ga f\u00f6rb\u00e4ttrar arbetsplatsens effektivitet avsev\u00e4rt genom att minimera risken f\u00f6r driftst\u00f6rningar under kr\u00e4vande uppgifter.<\/li>\n<li><strong>H\u00e5llbar konstruktion<\/strong>Dessa hydraulcylindrar \u00e4r tillverkade av h\u00f6gkvalitativa material och byggda f\u00f6r att klara tuffa arbetsmilj\u00f6er. Deras motst\u00e5ndskraft mot slitage, korrosion och utmattning f\u00f6rl\u00e4nger cylinderns livsl\u00e4ngd, vilket minskar behovet av frekventa byten. Denna h\u00e5llbarhet leder till l\u00e4gre underh\u00e5llskostnader och \u00f6kad drifttid, vilket g\u00f6r dem till en smart investering f\u00f6r all industriell verksamhet.<\/li>\n<li><strong>M\u00e5ngsidiga storlekar<\/strong>Dessa hydraulcylindrar finns i en m\u00e4ngd olika diametrar och slagl\u00e4ngder och kan anpassas f\u00f6r att m\u00f6ta de specifika behoven hos olika gaffeltruckmodeller och till\u00e4mpningar. Denna m\u00e5ngsidighet s\u00e4kerst\u00e4ller att de s\u00f6ml\u00f6st kan integreras i olika system, vilket ger flexibilitet f\u00f6r f\u00f6retag som hanterar olika laster och material.<\/li>\n<li><strong>Effektiv prestanda<\/strong>Dessa hydraulcylindrar \u00e4r konstruerade f\u00f6r optimal funktionalitet och m\u00f6jligg\u00f6r snabba lyft- och s\u00e4nknings\u00e5tg\u00e4rder. Denna effektivitet minimerar cykeltiderna, vilket g\u00f6r att operat\u00f6rerna kan slutf\u00f6ra uppgifter snabbare och mer effektivt. F\u00f6rb\u00e4ttrat arbetsfl\u00f6de \u00f6kar inte bara produktiviteten utan f\u00f6rb\u00e4ttrar \u00e4ven gaffeltruckens totala driftseffektivitet, vilket g\u00f6r den till en viktig tillg\u00e5ng vid materialhantering.<\/li>\n<li><strong>H\u00f6ga tryckklassningar<\/strong>Dessa cylindrar kan arbeta vid f\u00f6rh\u00f6jt tryck och s\u00e4kerst\u00e4ller effektiv dragkraft och stabilitet under lyftoperationer. Deras h\u00f6ga tryckklassning m\u00f6jligg\u00f6r s\u00e4ker hantering av tunga laster utan att kompromissa med prestandan. Denna tillf\u00f6rlitlighet \u00e4r avg\u00f6rande f\u00f6r att uppr\u00e4tth\u00e5lla s\u00e4kerhetsstandarder p\u00e5 arbetsplatsen och ger operat\u00f6rerna sinnesro n\u00e4r de arbetar med tunga material.<\/li>\n<\/ul>\n<h2><strong>Anv\u00e4ndningsfall f\u00f6r lyfthydraulcylindrar f\u00f6r stora gaffeltruckar:<\/strong><\/h2>\n<h3><strong>1. Lagerh\u00e5llning och distribution<\/strong><\/h3>\n<p>I lagerlokaler \u00e4r stora gaffeltruckar utrustade med hydraulcylindrar avg\u00f6rande f\u00f6r stapling och h\u00e4mtning av tunga pallar. Dessa cylindrar m\u00f6jligg\u00f6r snabb lyftning och s\u00e4nkning, vilket g\u00f6r det m\u00f6jligt f\u00f6r operat\u00f6rer att effektivt hantera lager och optimera lagerutrymmet. De underl\u00e4ttar snabba lastnings- och lossningsprocesser, vilket avsev\u00e4rt f\u00f6rb\u00e4ttrar den totala produktiviteten.<\/p>\n<h3><strong>2. Byggarbetsplatser<\/strong><\/h3>\n<p>P\u00e5 byggarbetsplatser spelar hydraulcylindrar f\u00f6r lyft en avg\u00f6rande roll f\u00f6r att flytta tunga material som st\u00e5lbalkar, betongblock och utrustning. Deras h\u00f6ga lastkapacitet g\u00f6r att gaffeltruckar kan lyfta stora vikter s\u00e4kert, vilket s\u00e4kerst\u00e4ller att material levereras till r\u00e4tt plats utan dr\u00f6jsm\u00e5l. Denna funktion f\u00f6rb\u00e4ttrar arbetsfl\u00f6det och st\u00f6der snabb projektavslutning.<\/p>\n<h3><strong>3. Tillverkningsanl\u00e4ggningar<\/strong><\/h3>\n<p>I tillverkningsmilj\u00f6er hj\u00e4lper stora gaffeltruckar med hydrauliska lyftcylindrar till att transportera r\u00e5material och f\u00e4rdiga produkter mellan olika delar av anl\u00e4ggningen. Dessa cylindrar m\u00f6jligg\u00f6r exakt lastpositionering, vilket \u00e4r avg\u00f6rande f\u00f6r monteringslinjer och kvalitetskontrollprocesser. Deras effektiva prestanda minskar cykeltiderna och \u00f6kar den totala tillverkningseffektiviteten.<\/p>\n<h3><strong>4. \u00c5tervinning och avfallshantering<\/strong><\/h3>\n<p>Lyftcylindrar \u00e4r avg\u00f6rande vid \u00e5tervinning och avfallshantering, d\u00e4r stora gaffeltruckar anv\u00e4nds f\u00f6r att hantera tunga beh\u00e5llare och containrar. Dessa cylindrar g\u00f6r det m\u00f6jligt f\u00f6r operat\u00f6rer att lyfta och man\u00f6vrera skrymmande avfallsmaterial p\u00e5 ett s\u00e4kert s\u00e4tt, vilket effektiviserar sorteringen och bearbetningen av \u00e5tervinningsbart material. Denna effektivitet bidrar till ett mer organiserat och effektivt avfallshanteringssystem.<\/p>\n<h3><strong>5. Jordbruk<\/strong><\/h3>\n<p>Inom jordbruksmilj\u00f6er anv\u00e4nds stora gaffeltruckar med hydrauliska lyftcylindrar f\u00f6r att transportera tunga laster som h\u00f6balar, foder och utrustning. M\u00f6jligheten att enkelt lyfta och s\u00e4nka dessa laster g\u00f6r det m\u00f6jligt f\u00f6r lantbrukare att hantera sin verksamhet mer effektivt, vilket s\u00e4kerst\u00e4ller snabba leveranser och effektiv resursanv\u00e4ndning.<\/p>\n<p>Letar du efter tunga gaffeltruckcylindrar? Kolla in v\u00e5ra <a href=\"https:\/\/www.hydraulic-cylinders.net\/sv\/forklift-hydraulic-cylinder\/\">Kraftiga hydraulcylindrar<\/a>.<\/p>\n<h2><strong>Produktionsomr\u00e5de f\u00f6r gaffeltruckcylinder:<\/strong><\/h2>\n<h2><img loading=\"lazy\" decoding=\"async\" class=\"alignnone size-full wp-image-16972\" src=\"https:\/\/www.hydraulic-cylinders.net\/wp-content\/uploads\/2025\/01\/hydraulic-cylinder-factory-1-scaled.webp\" sizes=\"(min-width: 0px) and (max-width: 480px) 480px, (min-width: 481px) and (max-width: 980px) 980px, (min-width: 981px) and (max-width: 1280px) 1280px, (min-width: 1281px) 2016px, 100vw\" srcset=\"https:\/\/www.hydraulic-cylinders.net\/wp-content\/uploads\/2025\/01\/hydraulic-cylinder-factory-1-scaled.webp 2016w, https:\/\/www.hydraulic-cylinders.net\/wp-content\/uploads\/2025\/01\/hydraulic-cylinder-factory-1-1280x1625.webp 1280w, https:\/\/www.hydraulic-cylinders.net\/wp-content\/uploads\/2025\/01\/hydraulic-cylinder-factory-1-980x1244.webp 980w, https:\/\/www.hydraulic-cylinders.net\/wp-content\/uploads\/2025\/01\/hydraulic-cylinder-factory-1-480x610.webp 480w\" alt=\"\" width=\"2016\" height=\"2560\" \/><\/h2>\n<p>Vi har en f\u00f6rstklassig oberoende FoU-plattform f\u00f6r montering. Verkstaden f\u00f6r tillverkning av gaffeltruckcylindrar har fyra halvautomatiska monteringslinjer f\u00f6r lyftcylindrar och en helautomatisk monteringslinje f\u00f6r tippcylindrar med en planerad \u00e5rlig produktionskapacitet p\u00e5 en miljon stycken. Specialcylinderverkstaden har halvautomatiska reng\u00f6rings- och monteringssystem med olika specifikationer med en planerad \u00e5rlig produktionskapacitet p\u00e5 200 000 stycken. Den \u00e4r utrustad med CNC-bearbetningsutrustning av k\u00e4nda m\u00e4rkesm\u00e4rken, fleroperationscentra, specialutrustning f\u00f6r h\u00f6gprecisionscylindrar, robotsvetsmaskiner, automatiska reng\u00f6ringsmaskiner, automatiska cylindermonteringsmaskiner och automatiska f\u00e4rgproduktionslinjer. Vi har mer \u00e4n 300 upps\u00e4ttningar nyckelutrustning i drift. Optimerad allokering och effektiv anv\u00e4ndning av utrustningsresurser s\u00e4kerst\u00e4ller produkternas precisionskrav och uppfyller produkternas h\u00f6ga kvalitetskrav.<\/p>\n<p>Bearbetningsverkstaden \u00e4r utrustad med specialtillverkade svarvcentra f\u00f6r tiltstyrningsskenor, bearbetningscentra, h\u00f6ghastighetsh\u00f6nsmaskiner, svetsrobotar och annan relevant utrustning, som kan hantera bearbetning av cylinderr\u00f6r med en maximal innerdiameter p\u00e5 400 mm och en maximal l\u00e4ngd p\u00e5 6 meter.<\/p>\n<h2><img loading=\"lazy\" decoding=\"async\" class=\"alignnone size-full wp-image-16973\" src=\"https:\/\/www.hydraulic-cylinders.net\/wp-content\/uploads\/2025\/01\/hydraulic-cylinder-factory-2-scaled.webp\" sizes=\"(min-width: 0px) and (max-width: 480px) 480px, (min-width: 481px) and (max-width: 980px) 980px, (min-width: 981px) and (max-width: 1280px) 1280px, (min-width: 1281px) 2011px, 100vw\" srcset=\"https:\/\/www.hydraulic-cylinders.net\/wp-content\/uploads\/2025\/01\/hydraulic-cylinder-factory-2-scaled.webp 2011w, https:\/\/www.hydraulic-cylinders.net\/wp-content\/uploads\/2025\/01\/hydraulic-cylinder-factory-2-1280x1629.webp 1280w, https:\/\/www.hydraulic-cylinders.net\/wp-content\/uploads\/2025\/01\/hydraulic-cylinder-factory-2-980x1248.webp 980w, https:\/\/www.hydraulic-cylinders.net\/wp-content\/uploads\/2025\/01\/hydraulic-cylinder-factory-2-480x611.webp 480w\" alt=\"\" width=\"2011\" height=\"2560\" \/><\/h2>\n<p>Vi har en helautomatisk vattenbaserad f\u00e4rglinje f\u00f6r sm\u00e5 och medelstora cylindrar, som m\u00f6jligg\u00f6r automatisk lastning och lossning samt automatiska sprutrobotar med en konstruerad produktionskapacitet p\u00e5 4000 platser per skift. Vi har ytterligare en halvautomatisk m\u00e5lningslinje f\u00f6r storskaliga cylindrar som drivs av en sl\u00e4pkedja, och den konstruerade kapaciteten \u00e4r 60 l\u00e5dor per skift.<\/p>\n<p>F\u00f6r att ytterligare f\u00f6rb\u00e4ttra produkternas prestanda och etablera en ledande position f\u00f6r v\u00e5ra hydraulcylindrar i branschen har v\u00e5rt f\u00f6retag och zjimee gemensamt etablerat ett omfattande prestandalaboratorium f\u00f6r hydraulcylindrar, hydraulventiler och hydraulpumpar. Labbet utf\u00f6r datorst\u00f6dd testning med elektrohydraulisk teknik, testf\u00f6rh\u00e5llandena f\u00f6rinst\u00e4lls av en dator vilket f\u00f6rb\u00e4ttrar testnoggrannheten och systemets m\u00e5ngsidighet, samt de experimentella data.<\/p>\n<p>Den automatiska insamlingen sker genom anv\u00e4ndning av sensorer, och utdata, s\u00e5som internt l\u00e4ckage och lasteffektivitet hos cylindern eller ventilen, bearbetas direkt av datorn och konverteras till standardenheter (ml\/min%). Samtidigt, f\u00f6r att s\u00e4kerst\u00e4lla hydraulsystemets arbetss\u00e4kerhet, utf\u00f6rs tillst\u00e5nds\u00f6vervakningsfunktionen f\u00f6r viktiga prestandaparametrar som \"oljetemperatur\u00f6vervakning, v\u00e4tskeniv\u00e5\u00f6vervakning, filterenhets\u00f6vervakning\" etc. Bland dessa kan hydraulcylinderns testb\u00e4nk testa prestandan hos \"lasten\".<br \/>\neffektivitet \"och\" internt l\u00e4ckage\" genom avl\u00e4sningar. Samtidigt \u00e4r den utrustad med ett gitterlinjalm\u00e4tinstrument som uppfyller kraven f\u00f6r alla testartiklar av hydraulcylinderprodukter enligt den nationella standarden.<\/p>\n<p>&nbsp;<\/p>","protected":false},"excerpt":{"rendered":"<p>Lift Hydraulic Cylinders For Large Forklift Lift hydraulic cylinders are crucial components in large forklifts, enabling them to perform essential lifting and lowering functions. These cylinders provide the necessary power to handle heavy loads efficiently, ensuring smooth operations in various industrial settings. With robust design and high performance, lift hydraulic cylinders enhance productivity and safety [&hellip;]<\/p>","protected":false},"featured_media":17591,"comment_status":"open","ping_status":"closed","template":"","meta":{"_et_pb_use_builder":"","_et_pb_old_content":"","_et_gb_content_width":""},"product_brand":[],"product_cat":[1484,1549],"product_tag":[],"class_list":{"0":"post-17589","1":"product","2":"type-product","3":"status-publish","4":"has-post-thumbnail","6":"product_cat-forklift-hydraulic-cylinders","7":"product_cat-single-acting-hydraulic-cylinder","9":"first","10":"instock","11":"shipping-taxable","12":"product-type-simple"},"amp_enabled":true,"_links":{"self":[{"href":"https:\/\/www.hydraulic-cylinders.net\/sv\/wp-json\/wp\/v2\/product\/17589","targetHints":{"allow":["GET"]}}],"collection":[{"href":"https:\/\/www.hydraulic-cylinders.net\/sv\/wp-json\/wp\/v2\/product"}],"about":[{"href":"https:\/\/www.hydraulic-cylinders.net\/sv\/wp-json\/wp\/v2\/types\/product"}],"replies":[{"embeddable":true,"href":"https:\/\/www.hydraulic-cylinders.net\/sv\/wp-json\/wp\/v2\/comments?post=17589"}],"wp:featuredmedia":[{"embeddable":true,"href":"https:\/\/www.hydraulic-cylinders.net\/sv\/wp-json\/wp\/v2\/media\/17591"}],"wp:attachment":[{"href":"https:\/\/www.hydraulic-cylinders.net\/sv\/wp-json\/wp\/v2\/media?parent=17589"}],"wp:term":[{"taxonomy":"product_brand","embeddable":true,"href":"https:\/\/www.hydraulic-cylinders.net\/sv\/wp-json\/wp\/v2\/product_brand?post=17589"},{"taxonomy":"product_cat","embeddable":true,"href":"https:\/\/www.hydraulic-cylinders.net\/sv\/wp-json\/wp\/v2\/product_cat?post=17589"},{"taxonomy":"product_tag","embeddable":true,"href":"https:\/\/www.hydraulic-cylinders.net\/sv\/wp-json\/wp\/v2\/product_tag?post=17589"}],"curies":[{"name":"wp","href":"https:\/\/api.w.org\/{rel}","templated":true}]}}