{"id":17596,"date":"2025-03-18T06:28:26","date_gmt":"2025-03-18T06:28:26","guid":{"rendered":"https:\/\/www.hydraulic-cylinders.net\/?post_type=product&#038;p=17596"},"modified":"2025-04-11T01:44:52","modified_gmt":"2025-04-11T01:44:52","slug":"lifting-hydraulic-cylinders-storage-handling-vehicles","status":"publish","type":"product","link":"https:\/\/www.hydraulic-cylinders.net\/sv\/produkt\/lifting-hydraulic-cylinders-storage-handling-vehicles\/","title":{"rendered":"Lyft av hydraulcylindrar f\u00f6r f\u00f6rvaring och hantering av fordon"},"content":{"rendered":"<h1 style=\"text-align: center;\"><strong>Lyft av hydraulcylindrar f\u00f6r f\u00f6rvaring och hantering av fordon<\/strong><\/h1>\n<p>Lyftcylindrar \u00e4r viktiga komponenter i lager- och hanteringsfordon och m\u00f6jligg\u00f6r effektiv lyftning och s\u00e4nkning av tunga laster. Dessa cylindrar omvandlar hydraultryck till mekanisk kraft, vilket ger den kraft som kr\u00e4vs f\u00f6r att utf\u00f6ra en m\u00e4ngd olika uppgifter i lager, distributionscentraler och tillverkningsanl\u00e4ggningar. Deras tillf\u00f6rlitlighet och effektivitet g\u00f6r dem avg\u00f6rande f\u00f6r att optimera materialhanteringsoperationer.<\/p>\n<p>Lyftcylindrar \u00e4r avg\u00f6rande f\u00f6r effektiv drift av lager- och hanteringsfordon. Deras robusta konstruktion, h\u00f6ga lastkapacitet och smidiga drift g\u00f6r dem oumb\u00e4rliga i olika industriella till\u00e4mpningar. Genom att f\u00f6rst\u00e5 deras funktioner, korrekta anv\u00e4ndningsmetoder och underh\u00e5llskrav kan operat\u00f6rer maximera prestandan och s\u00e4kerheten hos sin lyftutrustning, vilket i slut\u00e4ndan \u00f6kar produktiviteten vid materialhanteringsuppgifter. Att investera i h\u00f6gkvalitativa lyftcylindrar s\u00e4kerst\u00e4ller tillf\u00f6rlitlig och effektiv drift, vilket \u00e4r avg\u00f6rande f\u00f6r framg\u00e5ng i alla f\u00f6retag.<\/p>\n<h1 style=\"text-align: center;\"><img loading=\"lazy\" decoding=\"async\" class=\"alignnone wp-image-17598\" src=\"https:\/\/www.hydraulic-cylinders.net\/wp-content\/uploads\/2025\/03\/Lifting-hydraulic-cylinders-for-Storage-and-handling-vehicle.jpg\" alt=\"\" width=\"500\" height=\"500\" srcset=\"https:\/\/www.hydraulic-cylinders.net\/wp-content\/uploads\/2025\/03\/Lifting-hydraulic-cylinders-for-Storage-and-handling-vehicle.jpg 500w, https:\/\/www.hydraulic-cylinders.net\/wp-content\/uploads\/2025\/03\/Lifting-hydraulic-cylinders-for-Storage-and-handling-vehicle-480x480.jpg 480w\" sizes=\"(min-width: 0px) and (max-width: 480px) 480px, (min-width: 481px) 500px, 100vw\" \/><\/h1>\n<p style=\"text-align: center;\"><strong>Lyft av hydraulcylindrar f\u00f6r f\u00f6rvaring och hantering av fordon<\/strong><\/p>\n<h2><strong>Lyft av hydraulcylindrar f\u00f6r f\u00f6rvaring och hantering av fordon <\/strong><strong>Tekniska specifikationer<\/strong><strong>:<\/strong><\/h2>\n<p><strong>Fungera:<\/strong> Anv\u00e4nds f\u00f6r att uppn\u00e5 total v\u00e4nster- och h\u00f6gerr\u00f6relse av gaffeln<br \/>\n<strong>Cylinderdiameter:<\/strong> 70mm\u2013120mm<br \/>\n<strong>St\u00e5ngdiameter:<\/strong> 30mm\u201360mm<br \/>\n<strong>Resa:<\/strong> 300 mm\u20131025 mm<br \/>\n<strong>Maximalt tryck:<\/strong> 21 MPa<br \/>\n<strong>Maximal dragkraft:<\/strong> 238 kn<\/p>\n<h2><strong>Hydraulcylinderserie f\u00f6r f\u00f6rvaring och hantering av fordon:\u00a0<\/strong><\/h2>\n<h2><img loading=\"lazy\" decoding=\"async\" class=\"aligncenter wp-image-17600 size-full\" src=\"https:\/\/www.hydraulic-cylinders.net\/wp-content\/uploads\/2025\/03\/Storage-and-handling-vehicle-hydraulic-cylinders-construction.webp\" alt=\"\" width=\"640\" height=\"358\" srcset=\"https:\/\/www.hydraulic-cylinders.net\/wp-content\/uploads\/2025\/03\/Storage-and-handling-vehicle-hydraulic-cylinders-construction.webp 640w, https:\/\/www.hydraulic-cylinders.net\/wp-content\/uploads\/2025\/03\/Storage-and-handling-vehicle-hydraulic-cylinders-construction-480x269.webp 480w\" sizes=\"(min-width: 0px) and (max-width: 480px) 480px, (min-width: 481px) 640px, 100vw\" \/><\/h2>\n<h2><strong>Viktiga funktioner f\u00f6r att lyfta hydraulcylindrar f\u00f6r f\u00f6rvaring och hantering av fordon<\/strong><strong>:<\/strong><\/h2>\n<ul>\n<li><strong>H\u00f6g lastkapacitet:<\/strong> Lyftcylindrar \u00e4r konstruerade f\u00f6r att b\u00e4ra betydande vikter, vilket s\u00e4kerst\u00e4ller s\u00e4ker och effektiv drift \u00e4ven under de mest utmanande f\u00f6rh\u00e5llandena. Denna f\u00f6rm\u00e5ga \u00e4r avg\u00f6rande f\u00f6r att effektivt flytta stora pallar, containrar och tung utrustning, vilket g\u00f6r dem oumb\u00e4rliga i lager och distributionscentraler. Genom att ge tillf\u00f6rlitlig lyftkraft f\u00f6rb\u00e4ttrar dessa cylindrar den totala produktiviteten och s\u00e4kerheten p\u00e5 jobbet.<\/li>\n<li><strong>H\u00e5llbar konstruktion:<\/strong> Lyftcylindrar av h\u00f6gh\u00e5llfast material \u00e4r konstruerade f\u00f6r att t\u00e5la tuff anv\u00e4ndning och slitage. Deras robusta konstruktion f\u00f6rl\u00e4nger inte bara deras livsl\u00e4ngd utan minskar ocks\u00e5 behovet av frekventa byten, vilket g\u00f6r dem till en kostnadseffektiv l\u00f6sning f\u00f6r f\u00f6retag som \u00e4r beroende av tunga lyft. Att investera i h\u00e5llbara cylindrar inneb\u00e4r mindre driftstopp och l\u00e4gre underh\u00e5llskostnader, vilket bidrar till en effektivare drift.<\/li>\n<li><strong>Smidig drift:<\/strong> Det hydrauliska systemet i dessa cylindrar ger smidiga och j\u00e4mna lyftr\u00f6relser, vilket avsev\u00e4rt minimerar st\u00f6tar och vibrationer under drift. Denna smidighet \u00f6kar s\u00e4kerheten genom att ge b\u00e4ttre laststabilitet, vilket minskar risken f\u00f6r olyckor eller skador p\u00e5 gods. Operat\u00f6rer kan lita p\u00e5 att dessa cylindrar utf\u00f6r uppgifter med precision och s\u00e4kerst\u00e4ller att laster hanteras varsamt och effektivt.<\/li>\n<li><strong>Kompakt design:<\/strong> Lyftcylindrar har en kompakt design som m\u00f6jligg\u00f6r s\u00f6ml\u00f6s integration i olika typer av lager- och hanteringsfordon. Denna platsbesparande design maximerar fordonets smidighet och g\u00f6r det m\u00f6jligt att navigera i tr\u00e5nga utrymmen med l\u00e4tthet. F\u00f6rare drar nytta av en str\u00f6mlinjeformad installation som f\u00f6rb\u00e4ttrar den totala effektiviteten och m\u00f6jligg\u00f6r snabbare respons i snabba milj\u00f6er.<\/li>\n<li><strong>M\u00e5ngsidiga till\u00e4mpningar:<\/strong> Dessa hydraulcylindrar \u00e4r kompatibla med en m\u00e4ngd olika fordonstyper, inklusive gaffeltruckar, palllyftar och hydrauliska lyftar. Denna m\u00e5ngsidighet g\u00f6r dem l\u00e4mpliga f\u00f6r olika branscher, fr\u00e5n logistik och tillverkning till bygg och jordbruk. Deras f\u00f6rm\u00e5ga att anpassa sig till olika utrustningsbehov inneb\u00e4r att f\u00f6retag kan standardisera sina komponenter, vilket f\u00f6renklar underh\u00e5llet och f\u00f6rb\u00e4ttrar driftseffektiviteten.<\/li>\n<\/ul>\n<h2><strong>Anv\u00e4ndningsfall f\u00f6r att lyfta hydraulcylindrar f\u00f6r f\u00f6rvaring och hantering av fordon<\/strong><strong>:<\/strong><\/h2>\n<p>Lyftcylindrar f\u00f6r hydraulik \u00e4r avg\u00f6rande f\u00f6r effektiv drift av lager- och hanteringsfordon. Deras f\u00f6rm\u00e5ga att lyfta och s\u00e4nka tunga laster smidigt och s\u00e4kert g\u00f6r dem viktiga i olika industriella till\u00e4mpningar. H\u00e4r \u00e4r n\u00e5gra viktiga anv\u00e4ndningsomr\u00e5den:<\/p>\n<h4>1. <strong>Lagerverksamhet<\/strong><\/h4>\n<p>I lager \u00e4r lyftcylindrar avg\u00f6rande f\u00f6r att flytta och stapla pallar. De g\u00f6r det m\u00f6jligt f\u00f6r gaffeltruckar och palllyftare att lyfta tunga laster till h\u00f6ga hyllor, vilket optimerar vertikalt lagringsutrymme och underl\u00e4ttar \u00e5tkomst till lagret.<\/p>\n<h4>2. <strong>Lastning och lossning<\/strong><\/h4>\n<p>Vid lastning eller lossning av lastbilar ger dessa cylindrar den kraft som kr\u00e4vs f\u00f6r att h\u00f6ja och s\u00e4nka last effektivt. Denna funktion minskar tiden som l\u00e4ggs p\u00e5 dessa uppgifter och minimerar risken f\u00f6r skador p\u00e5 gods.<\/p>\n<h4>3. <strong>Tillverkningsanl\u00e4ggningar<\/strong><\/h4>\n<p>I tillverkningsmilj\u00f6er hj\u00e4lper lyftande hydraulcylindrar till att transportera komponenter mellan olika produktionssteg. De m\u00f6jligg\u00f6r exakt positionering av material, vilket f\u00f6rb\u00e4ttrar arbetsfl\u00f6det och produktiviteten p\u00e5 monteringslinjer.<\/p>\n<h4>4. <strong>Byggarbetsplatser<\/strong><\/h4>\n<p>P\u00e5 byggarbetsplatser \u00e4r dessa cylindrar viktiga f\u00f6r att lyfta tunga material som balkar, betongblock och utrustning. De m\u00f6jligg\u00f6r korrekt placering av laster, vilket f\u00f6rb\u00e4ttrar s\u00e4kerheten och effektiviteten under byggarbeten.<\/p>\n<h4>5. <strong>Bilindustrin<\/strong><\/h4>\n<p>Lyftcylindrar anv\u00e4nds i monteringslinjer f\u00f6r fordon f\u00f6r att lyfta fordon eller komponenter under tillverkning och reparationer. Deras f\u00f6rm\u00e5ga att ge stabila lyft g\u00f6r dem idealiska f\u00f6r uppgifter som kr\u00e4ver precision.<\/p>\n<p>Letar du efter tunga gaffeltruckcylindrar? Kolla in v\u00e5ra <a href=\"https:\/\/www.hydraulic-cylinders.net\/sv\/forklift-hydraulic-cylinder\/\">Kraftiga hydraulcylindrar<\/a>.<\/p>\n<h2><strong>Produktionsomr\u00e5de f\u00f6r gaffeltruckcylinder:<\/strong><\/h2>\n<h2><img loading=\"lazy\" decoding=\"async\" class=\"alignnone size-full wp-image-16972\" src=\"https:\/\/www.hydraulic-cylinders.net\/wp-content\/uploads\/2025\/01\/hydraulic-cylinder-factory-1-scaled.webp\" sizes=\"(min-width: 0px) and (max-width: 480px) 480px, (min-width: 481px) and (max-width: 980px) 980px, (min-width: 981px) and (max-width: 1280px) 1280px, (min-width: 1281px) 2016px, 100vw\" srcset=\"https:\/\/www.hydraulic-cylinders.net\/wp-content\/uploads\/2025\/01\/hydraulic-cylinder-factory-1-scaled.webp 2016w, https:\/\/www.hydraulic-cylinders.net\/wp-content\/uploads\/2025\/01\/hydraulic-cylinder-factory-1-1280x1625.webp 1280w, https:\/\/www.hydraulic-cylinders.net\/wp-content\/uploads\/2025\/01\/hydraulic-cylinder-factory-1-980x1244.webp 980w, https:\/\/www.hydraulic-cylinders.net\/wp-content\/uploads\/2025\/01\/hydraulic-cylinder-factory-1-480x610.webp 480w\" alt=\"\" width=\"2016\" height=\"2560\" \/><\/h2>\n<p>Vi har en f\u00f6rstklassig oberoende FoU-plattform f\u00f6r montering. Verkstaden f\u00f6r tillverkning av gaffeltruckcylindrar har fyra halvautomatiska monteringslinjer f\u00f6r lyftcylindrar och en helautomatisk monteringslinje f\u00f6r tippcylindrar med en planerad \u00e5rlig produktionskapacitet p\u00e5 en miljon stycken. Specialcylinderverkstaden har halvautomatiska reng\u00f6rings- och monteringssystem med olika specifikationer med en planerad \u00e5rlig produktionskapacitet p\u00e5 200 000 stycken. Den \u00e4r utrustad med CNC-bearbetningsutrustning av k\u00e4nda m\u00e4rkesm\u00e4rken, fleroperationscentra, specialutrustning f\u00f6r h\u00f6gprecisionscylindrar, robotsvetsmaskiner, automatiska reng\u00f6ringsmaskiner, automatiska cylindermonteringsmaskiner och automatiska f\u00e4rgproduktionslinjer. Vi har mer \u00e4n 300 upps\u00e4ttningar nyckelutrustning i drift. Optimerad allokering och effektiv anv\u00e4ndning av utrustningsresurser s\u00e4kerst\u00e4ller produkternas precisionskrav och uppfyller produkternas h\u00f6ga kvalitetskrav.<\/p>\n<p>Bearbetningsverkstaden \u00e4r utrustad med specialtillverkade svarvcentra f\u00f6r tiltstyrningsskenor, bearbetningscentra, h\u00f6ghastighetsh\u00f6nsmaskiner, svetsrobotar och annan relevant utrustning, som kan hantera bearbetning av cylinderr\u00f6r med en maximal innerdiameter p\u00e5 400 mm och en maximal l\u00e4ngd p\u00e5 6 meter.<\/p>\n<h2><img loading=\"lazy\" decoding=\"async\" class=\"alignnone size-full wp-image-16973\" src=\"https:\/\/www.hydraulic-cylinders.net\/wp-content\/uploads\/2025\/01\/hydraulic-cylinder-factory-2-scaled.webp\" sizes=\"(min-width: 0px) and (max-width: 480px) 480px, (min-width: 481px) and (max-width: 980px) 980px, (min-width: 981px) and (max-width: 1280px) 1280px, (min-width: 1281px) 2011px, 100vw\" srcset=\"https:\/\/www.hydraulic-cylinders.net\/wp-content\/uploads\/2025\/01\/hydraulic-cylinder-factory-2-scaled.webp 2011w, https:\/\/www.hydraulic-cylinders.net\/wp-content\/uploads\/2025\/01\/hydraulic-cylinder-factory-2-1280x1629.webp 1280w, https:\/\/www.hydraulic-cylinders.net\/wp-content\/uploads\/2025\/01\/hydraulic-cylinder-factory-2-980x1248.webp 980w, https:\/\/www.hydraulic-cylinders.net\/wp-content\/uploads\/2025\/01\/hydraulic-cylinder-factory-2-480x611.webp 480w\" alt=\"\" width=\"2011\" height=\"2560\" \/><\/h2>\n<p>Vi har en helautomatisk vattenbaserad f\u00e4rglinje f\u00f6r sm\u00e5 och medelstora cylindrar, som m\u00f6jligg\u00f6r automatisk lastning och lossning samt automatiska sprutrobotar med en konstruerad produktionskapacitet p\u00e5 4000 platser per skift. Vi har ytterligare en halvautomatisk m\u00e5lningslinje f\u00f6r storskaliga cylindrar som drivs av en sl\u00e4pkedja, och den konstruerade kapaciteten \u00e4r 60 l\u00e5dor per skift.<\/p>\n<p>F\u00f6r att ytterligare f\u00f6rb\u00e4ttra produkternas prestanda och etablera en ledande position f\u00f6r v\u00e5ra hydraulcylindrar i branschen har v\u00e5rt f\u00f6retag och zjimee gemensamt etablerat ett omfattande prestandalaboratorium f\u00f6r hydraulcylindrar, hydraulventiler och hydraulpumpar. Labbet utf\u00f6r datorst\u00f6dd testning med elektrohydraulisk teknik, testf\u00f6rh\u00e5llandena f\u00f6rinst\u00e4lls av en dator vilket f\u00f6rb\u00e4ttrar testnoggrannheten och systemets m\u00e5ngsidighet, samt de experimentella data.<\/p>\n<p>Den automatiska insamlingen sker genom anv\u00e4ndning av sensorer, och utdata, s\u00e5som internt l\u00e4ckage och lasteffektivitet hos cylindern eller ventilen, bearbetas direkt av datorn och konverteras till standardenheter (ml\/min%). Samtidigt, f\u00f6r att s\u00e4kerst\u00e4lla hydraulsystemets arbetss\u00e4kerhet, utf\u00f6rs tillst\u00e5nds\u00f6vervakningsfunktionen f\u00f6r viktiga prestandaparametrar som \"oljetemperatur\u00f6vervakning, v\u00e4tskeniv\u00e5\u00f6vervakning, filterenhets\u00f6vervakning\" etc. Bland dessa kan hydraulcylinderns testb\u00e4nk testa prestandan hos \"lasten\".<br \/>\neffektivitet \"och\" internt l\u00e4ckage\" genom avl\u00e4sningar. Samtidigt \u00e4r den utrustad med ett gitterlinjalm\u00e4tinstrument som uppfyller kraven f\u00f6r alla testartiklar av hydraulcylinderprodukter enligt den nationella standarden.<\/p>\n<p>&nbsp;<\/p>","protected":false},"excerpt":{"rendered":"<p>Lifting Hydraulic Cylinders for Storage and Handling Vehicles Lifting hydraulic cylinders are essential components in storage and handling vehicles, enabling efficient lifting and lowering of heavy loads. These cylinders convert hydraulic pressure into mechanical force, providing the power necessary to perform a variety of tasks in warehouses, distribution centers, and manufacturing facilities. Their reliability and [&hellip;]<\/p>","protected":false},"featured_media":17599,"comment_status":"open","ping_status":"closed","template":"","meta":{"_et_pb_use_builder":"","_et_pb_old_content":"","_et_gb_content_width":""},"product_brand":[],"product_cat":[1484,1549],"product_tag":[],"class_list":{"0":"post-17596","1":"product","2":"type-product","3":"status-publish","4":"has-post-thumbnail","6":"product_cat-forklift-hydraulic-cylinders","7":"product_cat-single-acting-hydraulic-cylinder","9":"first","10":"instock","11":"shipping-taxable","12":"product-type-simple"},"amp_enabled":true,"_links":{"self":[{"href":"https:\/\/www.hydraulic-cylinders.net\/sv\/wp-json\/wp\/v2\/product\/17596","targetHints":{"allow":["GET"]}}],"collection":[{"href":"https:\/\/www.hydraulic-cylinders.net\/sv\/wp-json\/wp\/v2\/product"}],"about":[{"href":"https:\/\/www.hydraulic-cylinders.net\/sv\/wp-json\/wp\/v2\/types\/product"}],"replies":[{"embeddable":true,"href":"https:\/\/www.hydraulic-cylinders.net\/sv\/wp-json\/wp\/v2\/comments?post=17596"}],"wp:featuredmedia":[{"embeddable":true,"href":"https:\/\/www.hydraulic-cylinders.net\/sv\/wp-json\/wp\/v2\/media\/17599"}],"wp:attachment":[{"href":"https:\/\/www.hydraulic-cylinders.net\/sv\/wp-json\/wp\/v2\/media?parent=17596"}],"wp:term":[{"taxonomy":"product_brand","embeddable":true,"href":"https:\/\/www.hydraulic-cylinders.net\/sv\/wp-json\/wp\/v2\/product_brand?post=17596"},{"taxonomy":"product_cat","embeddable":true,"href":"https:\/\/www.hydraulic-cylinders.net\/sv\/wp-json\/wp\/v2\/product_cat?post=17596"},{"taxonomy":"product_tag","embeddable":true,"href":"https:\/\/www.hydraulic-cylinders.net\/sv\/wp-json\/wp\/v2\/product_tag?post=17596"}],"curies":[{"name":"wp","href":"https:\/\/api.w.org\/{rel}","templated":true}]}}