{"id":17601,"date":"2025-03-18T06:41:02","date_gmt":"2025-03-18T06:41:02","guid":{"rendered":"https:\/\/www.hydraulic-cylinders.net\/?post_type=product&#038;p=17601"},"modified":"2025-04-11T01:44:49","modified_gmt":"2025-04-11T01:44:49","slug":"lifting-hydraulic-cylinders-of-pallet-stacker-truck","status":"publish","type":"product","link":"https:\/\/www.hydraulic-cylinders.net\/sv\/produkt\/lifting-hydraulic-cylinders-of-pallet-stacker-truck\/","title":{"rendered":"Lyfta hydraulcylindrar p\u00e5 pallstaplare"},"content":{"rendered":"<h1 style=\"text-align: center;\"><strong>Lyfta hydraulcylindrar p\u00e5 pallstaplare<\/strong><\/h1>\n<p>Lyftcylindrar \u00e4r viktiga komponenter i pallstaplare och m\u00f6jligg\u00f6r effektiv lyftning och s\u00e4nkning av tunga laster. Dessa cylindrar omvandlar hydraultryck till mekanisk kraft, vilket ger den kraft som kr\u00e4vs f\u00f6r att hantera pallar och andra material med l\u00e4tthet. Deras tillf\u00f6rlitlighet och robusta design g\u00f6r dem avg\u00f6rande f\u00f6r att optimera lagerdriften och \u00f6ka produktiviteten.<\/p>\n<p>Lyftcylindrar \u00e4r avg\u00f6rande f\u00f6r effektiv drift av pallstaplare. Deras h\u00f6ga lastkapacitet, h\u00e5llbara konstruktion och smidiga drift g\u00f6r dem oumb\u00e4rliga i olika industriella till\u00e4mpningar. Genom att f\u00f6rst\u00e5 deras funktioner, korrekta anv\u00e4ndningsmetoder och underh\u00e5llskrav kan operat\u00f6rer maximera prestandan och s\u00e4kerheten hos sin utrustning, vilket i slut\u00e4ndan \u00f6kar produktiviteten vid materialhanteringsuppgifter. Att investera i h\u00f6gkvalitativa lyftcylindrar s\u00e4kerst\u00e4ller p\u00e5litlig och effektiv drift, vilket \u00e4r avg\u00f6rande f\u00f6r framg\u00e5ng i alla f\u00f6retag.<\/p>\n<h1 style=\"text-align: center;\"><img loading=\"lazy\" decoding=\"async\" class=\"alignnone wp-image-17603\" src=\"https:\/\/www.hydraulic-cylinders.net\/wp-content\/uploads\/2025\/03\/Lifting-hydraulic-cylinders-of-pallet-stacker-truck-scaled.webp\" alt=\"\" width=\"500\" height=\"500\" \/><\/h1>\n<p style=\"text-align: center;\"><strong>Lyfta hydraulcylindrar p\u00e5 pallstaplare<\/strong><\/p>\n<h2><strong>Lyfta hydraulcylindrar p\u00e5 pallstaplare\u00a0<\/strong><strong>Tekniska specifikationer<\/strong><strong>:<\/strong><\/h2>\n<p><strong>Fungera:<\/strong> F\u00f6r att uppn\u00e5 lyft- och s\u00e4nkfunktionen hos gantryt<br \/>\n<strong>Cylinderdiameter:<\/strong> 45 mm \u2013 56 mm<br \/>\n<strong>St\u00e5ngdiameter:<\/strong> 35 mm \u2013 40 mm<br \/>\n<strong>Resa:<\/strong> 500 mm \u2013 1950 mm<br \/>\n<strong>Maximalt tryck:<\/strong> 20 MPa<br \/>\n<strong>Maximal dragkraft:<\/strong> 493 kn<\/p>\n<h2><strong>Hydraulcylinder f\u00f6r pallstaplare:\u00a0<\/strong><\/h2>\n<h2><img loading=\"lazy\" decoding=\"async\" class=\"alignnone size-full wp-image-17605\" src=\"https:\/\/www.hydraulic-cylinders.net\/wp-content\/uploads\/2025\/03\/Hydraulic-cylinders-of-pallet-stacker-truck-construction.webp\" alt=\"Hydraulcylindrar f\u00f6r konstruktion av pallstaplare\" width=\"1100\" height=\"615\" srcset=\"https:\/\/www.hydraulic-cylinders.net\/wp-content\/uploads\/2025\/03\/Hydraulic-cylinders-of-pallet-stacker-truck-construction.webp 1100w, https:\/\/www.hydraulic-cylinders.net\/wp-content\/uploads\/2025\/03\/Hydraulic-cylinders-of-pallet-stacker-truck-construction-980x548.webp 980w, https:\/\/www.hydraulic-cylinders.net\/wp-content\/uploads\/2025\/03\/Hydraulic-cylinders-of-pallet-stacker-truck-construction-480x268.webp 480w\" sizes=\"(min-width: 0px) and (max-width: 480px) 480px, (min-width: 481px) and (max-width: 980px) 980px, (min-width: 981px) 1100px, 100vw\" \/><\/h2>\n<h2><strong>Viktiga funktioner f\u00f6r att lyfta hydraulcylindrar p\u00e5 pallstaplare<\/strong><strong>:<\/strong><\/h2>\n<ul>\n<li><strong>H\u00f6g lastkapacitet:<\/strong> Lyftcylindrar \u00e4r konstruerade f\u00f6r att b\u00e4ra betydande vikter och s\u00e4kerst\u00e4ller s\u00e4ker och effektiv drift, \u00e4ven under tunga belastningar. Denna f\u00f6rm\u00e5ga \u00e4r avg\u00f6rande f\u00f6r att f\u00f6rhindra arbetsplatsolyckor och f\u00f6rb\u00e4ttra materialhanteringens effektivitet.<\/li>\n<li><strong>H\u00e5llbar konstruktion:<\/strong> Tillverkade av h\u00f6gh\u00e5llfasta material, motst\u00e5r dessa cylindrar slitage och s\u00e4kerst\u00e4ller l\u00e5ngvarig prestanda. Deras robusta design minimerar risken f\u00f6r fel, vilket g\u00f6r dem till en kostnadseffektiv l\u00f6sning f\u00f6r f\u00f6retag som \u00e4r beroende av tunga lyft.<\/li>\n<li><strong>Smidig drift:<\/strong> Det hydrauliska systemet ger smidiga och j\u00e4mna lyftr\u00f6relser, vilket minskar st\u00f6tar och vibrationer. Denna funktion \u00f6kar s\u00e4kerheten och f\u00f6rb\u00e4ttrar laststabiliteten under drift, vilket m\u00f6jligg\u00f6r exakt hantering.<\/li>\n<li><strong>Kompakt design:<\/strong> Lyftcylindrar finns i kompakta storlekar, vilket underl\u00e4ttar enkel integration i olika modeller av pallstaplare. Denna design maximerar utrymmeseffektiviteten samtidigt som smidighet och man\u00f6vrerbarhet bibeh\u00e5lls.<\/li>\n<li><strong>M\u00e5ngsidiga till\u00e4mpningar:<\/strong> Dessa hydraulcylindrar \u00e4r kompatibla med flera typer av pallstaplare och passar f\u00f6r olika branscher, inklusive logistik, tillverkning och detaljhandel. Denna m\u00e5ngsidighet \u00f6kar deras anv\u00e4ndbarhet f\u00f6r olika operativa behov.<\/li>\n<\/ul>\n<h2><strong>Anv\u00e4ndningsfall f\u00f6r att lyfta hydraulcylindrar p\u00e5 pallstaplare<\/strong><strong>:<\/strong><\/h2>\n<p>Lyftcylindrar \u00e4r viktiga komponenter i pallstaplare, vilket g\u00f6r att de kan utf\u00f6ra en m\u00e4ngd olika viktiga uppgifter inom materialhantering och logistik. H\u00e4r \u00e4r n\u00e5gra viktiga anv\u00e4ndningsomr\u00e5den:<\/p>\n<h4>1. <strong>Lagerstapling och h\u00e4mtning<\/strong><\/h4>\n<p>Pallstaplare utrustade med hydrauliska lyftcylindrar staplar och h\u00e4mtar effektivt pallar fr\u00e5n h\u00f6ga lagerhyllor. Cylindrarna m\u00f6jligg\u00f6r smidig lyftning och s\u00e4nkning, vilket optimerar vertikalt lagerutrymme och underl\u00e4ttar snabb \u00e5tkomst till lagret.<\/p>\n<h4>2. <strong>Lastnings- och lossningsoperationer<\/strong><\/h4>\n<p>Vid lastning och lossning p\u00e5 distributionscentraler eller i butiker m\u00f6jligg\u00f6r dessa hydraulcylindrar exakt positionering av pallar. Denna funktion minskar risken f\u00f6r skador p\u00e5 varor och minimerar den tid som kr\u00e4vs f\u00f6r dessa operationer.<\/p>\n<h4>3. <strong>Orderplockning<\/strong><\/h4>\n<p>I milj\u00f6er d\u00e4r orderplockning \u00e4r n\u00f6dv\u00e4ndig kan pallstaplare med lyftande hydraulcylindrar h\u00f6ja gafflarna till l\u00e4mplig h\u00f6jd f\u00f6r att komma \u00e5t specifika artiklar. Denna funktion f\u00f6rb\u00e4ttrar effektiviteten och noggrannheten vid uppfyllandet av kundordrar.<\/p>\n<h4>4. <strong>Cross-Docking<\/strong><\/h4>\n<p>Vid cross-docking, d\u00e4r produkter \u00f6verf\u00f6rs direkt fr\u00e5n inkommande till utg\u00e5ende transport, m\u00f6jligg\u00f6r lyftande hydraulcylindrar snabb och effektiv f\u00f6rflyttning av pallar. Detta minskar hanteringstiderna och f\u00f6rb\u00e4ttrar den totala logistikeffektiviteten.<\/p>\n<h4>5. <strong>Materialhantering inom tillverkning<\/strong><\/h4>\n<p>I tillverkningsanl\u00e4ggningar transporterar pallstaplare ofta r\u00e5varor och f\u00e4rdiga varor. De lyftande hydraulcylindrarna g\u00f6r det m\u00f6jligt f\u00f6r truckarna att flytta tunga laster s\u00e4kert mellan olika produktionsomr\u00e5den, vilket uppr\u00e4tth\u00e5ller ett smidigt arbetsfl\u00f6de.<\/p>\n<p>Letar du efter tunga gaffeltruckcylindrar? Kolla in v\u00e5ra <a href=\"https:\/\/www.hydraulic-cylinders.net\/sv\/forklift-hydraulic-cylinder\/\">Kraftiga hydraulcylindrar<\/a>.<\/p>\n<h2><strong>Produktionsomr\u00e5de f\u00f6r gaffeltruckcylinder:<\/strong><\/h2>\n<h2><img loading=\"lazy\" decoding=\"async\" class=\"alignnone size-full wp-image-16972\" src=\"https:\/\/www.hydraulic-cylinders.net\/wp-content\/uploads\/2025\/01\/hydraulic-cylinder-factory-1-scaled.webp\" sizes=\"(min-width: 0px) and (max-width: 480px) 480px, (min-width: 481px) and (max-width: 980px) 980px, (min-width: 981px) and (max-width: 1280px) 1280px, (min-width: 1281px) 2016px, 100vw\" srcset=\"https:\/\/www.hydraulic-cylinders.net\/wp-content\/uploads\/2025\/01\/hydraulic-cylinder-factory-1-scaled.webp 2016w, https:\/\/www.hydraulic-cylinders.net\/wp-content\/uploads\/2025\/01\/hydraulic-cylinder-factory-1-1280x1625.webp 1280w, https:\/\/www.hydraulic-cylinders.net\/wp-content\/uploads\/2025\/01\/hydraulic-cylinder-factory-1-980x1244.webp 980w, https:\/\/www.hydraulic-cylinders.net\/wp-content\/uploads\/2025\/01\/hydraulic-cylinder-factory-1-480x610.webp 480w\" alt=\"\" width=\"2016\" height=\"2560\" \/><\/h2>\n<p>Vi har en f\u00f6rstklassig oberoende FoU-plattform f\u00f6r montering. Verkstaden f\u00f6r tillverkning av gaffeltruckcylindrar har fyra halvautomatiska monteringslinjer f\u00f6r lyftcylindrar och en helautomatisk monteringslinje f\u00f6r tippcylindrar med en planerad \u00e5rlig produktionskapacitet p\u00e5 en miljon stycken. Specialcylinderverkstaden har halvautomatiska reng\u00f6rings- och monteringssystem med olika specifikationer med en planerad \u00e5rlig produktionskapacitet p\u00e5 200 000 stycken. Den \u00e4r utrustad med CNC-bearbetningsutrustning av k\u00e4nda m\u00e4rkesm\u00e4rken, fleroperationscentra, specialutrustning f\u00f6r h\u00f6gprecisionscylindrar, robotsvetsmaskiner, automatiska reng\u00f6ringsmaskiner, automatiska cylindermonteringsmaskiner och automatiska f\u00e4rgproduktionslinjer. Vi har mer \u00e4n 300 upps\u00e4ttningar nyckelutrustning i drift. Optimerad allokering och effektiv anv\u00e4ndning av utrustningsresurser s\u00e4kerst\u00e4ller produkternas precisionskrav och uppfyller produkternas h\u00f6ga kvalitetskrav.<\/p>\n<p>Bearbetningsverkstaden \u00e4r utrustad med specialtillverkade svarvcentra f\u00f6r tiltstyrningsskenor, bearbetningscentra, h\u00f6ghastighetsh\u00f6nsmaskiner, svetsrobotar och annan relevant utrustning, som kan hantera bearbetning av cylinderr\u00f6r med en maximal innerdiameter p\u00e5 400 mm och en maximal l\u00e4ngd p\u00e5 6 meter.<\/p>\n<h2><img loading=\"lazy\" decoding=\"async\" class=\"alignnone size-full wp-image-16973\" src=\"https:\/\/www.hydraulic-cylinders.net\/wp-content\/uploads\/2025\/01\/hydraulic-cylinder-factory-2-scaled.webp\" sizes=\"(min-width: 0px) and (max-width: 480px) 480px, (min-width: 481px) and (max-width: 980px) 980px, (min-width: 981px) and (max-width: 1280px) 1280px, (min-width: 1281px) 2011px, 100vw\" srcset=\"https:\/\/www.hydraulic-cylinders.net\/wp-content\/uploads\/2025\/01\/hydraulic-cylinder-factory-2-scaled.webp 2011w, https:\/\/www.hydraulic-cylinders.net\/wp-content\/uploads\/2025\/01\/hydraulic-cylinder-factory-2-1280x1629.webp 1280w, https:\/\/www.hydraulic-cylinders.net\/wp-content\/uploads\/2025\/01\/hydraulic-cylinder-factory-2-980x1248.webp 980w, https:\/\/www.hydraulic-cylinders.net\/wp-content\/uploads\/2025\/01\/hydraulic-cylinder-factory-2-480x611.webp 480w\" alt=\"\" width=\"2011\" height=\"2560\" \/><\/h2>\n<p>Vi har en helautomatisk vattenbaserad f\u00e4rglinje f\u00f6r sm\u00e5 och medelstora cylindrar, som m\u00f6jligg\u00f6r automatisk lastning och lossning samt automatiska sprutrobotar med en konstruerad produktionskapacitet p\u00e5 4000 platser per skift. Vi har ytterligare en halvautomatisk m\u00e5lningslinje f\u00f6r storskaliga cylindrar som drivs av en sl\u00e4pkedja, och den konstruerade kapaciteten \u00e4r 60 l\u00e5dor per skift.<\/p>\n<p>F\u00f6r att ytterligare f\u00f6rb\u00e4ttra produkternas prestanda och etablera en ledande position f\u00f6r v\u00e5ra hydraulcylindrar i branschen har v\u00e5rt f\u00f6retag och zjimee gemensamt etablerat ett omfattande prestandalaboratorium f\u00f6r hydraulcylindrar, hydraulventiler och hydraulpumpar. Labbet utf\u00f6r datorst\u00f6dd testning med elektrohydraulisk teknik, testf\u00f6rh\u00e5llandena f\u00f6rinst\u00e4lls av en dator vilket f\u00f6rb\u00e4ttrar testnoggrannheten och systemets m\u00e5ngsidighet, samt de experimentella data.<\/p>\n<p>Den automatiska insamlingen sker genom anv\u00e4ndning av sensorer, och utdata, s\u00e5som internt l\u00e4ckage och lasteffektivitet hos cylindern eller ventilen, bearbetas direkt av datorn och konverteras till standardenheter (ml\/min%). Samtidigt, f\u00f6r att s\u00e4kerst\u00e4lla hydraulsystemets arbetss\u00e4kerhet, utf\u00f6rs tillst\u00e5nds\u00f6vervakningsfunktionen f\u00f6r viktiga prestandaparametrar som \"oljetemperatur\u00f6vervakning, v\u00e4tskeniv\u00e5\u00f6vervakning, filterenhets\u00f6vervakning\" etc. Bland dessa kan hydraulcylinderns testb\u00e4nk testa prestandan hos \"lasten\".<br \/>\neffektivitet \"och\" internt l\u00e4ckage\" genom avl\u00e4sningar. Samtidigt \u00e4r den utrustad med ett gitterlinjalm\u00e4tinstrument som uppfyller kraven f\u00f6r alla testartiklar av hydraulcylinderprodukter enligt den nationella standarden.<\/p>\n<p>&nbsp;<\/p>","protected":false},"excerpt":{"rendered":"<p>Lifting Hydraulic Cylinders of Pallet Stacker Truck Lifting hydraulic cylinders are essential components of pallet stacker trucks, enabling efficient lifting and lowering of heavy loads. These cylinders convert hydraulic pressure into mechanical force, providing the power necessary to handle pallets and other materials with ease. Their reliability and robust design make them crucial for optimizing [&hellip;]<\/p>","protected":false},"featured_media":17604,"comment_status":"open","ping_status":"closed","template":"","meta":{"_et_pb_use_builder":"","_et_pb_old_content":"","_et_gb_content_width":""},"product_brand":[],"product_cat":[1484,1549,1376],"product_tag":[],"class_list":{"0":"post-17601","1":"product","2":"type-product","3":"status-publish","4":"has-post-thumbnail","6":"product_cat-forklift-hydraulic-cylinders","7":"product_cat-single-acting-hydraulic-cylinder","8":"product_cat-hydraulic-cylinder","10":"first","11":"instock","12":"shipping-taxable","13":"product-type-simple"},"amp_enabled":true,"_links":{"self":[{"href":"https:\/\/www.hydraulic-cylinders.net\/sv\/wp-json\/wp\/v2\/product\/17601","targetHints":{"allow":["GET"]}}],"collection":[{"href":"https:\/\/www.hydraulic-cylinders.net\/sv\/wp-json\/wp\/v2\/product"}],"about":[{"href":"https:\/\/www.hydraulic-cylinders.net\/sv\/wp-json\/wp\/v2\/types\/product"}],"replies":[{"embeddable":true,"href":"https:\/\/www.hydraulic-cylinders.net\/sv\/wp-json\/wp\/v2\/comments?post=17601"}],"wp:featuredmedia":[{"embeddable":true,"href":"https:\/\/www.hydraulic-cylinders.net\/sv\/wp-json\/wp\/v2\/media\/17604"}],"wp:attachment":[{"href":"https:\/\/www.hydraulic-cylinders.net\/sv\/wp-json\/wp\/v2\/media?parent=17601"}],"wp:term":[{"taxonomy":"product_brand","embeddable":true,"href":"https:\/\/www.hydraulic-cylinders.net\/sv\/wp-json\/wp\/v2\/product_brand?post=17601"},{"taxonomy":"product_cat","embeddable":true,"href":"https:\/\/www.hydraulic-cylinders.net\/sv\/wp-json\/wp\/v2\/product_cat?post=17601"},{"taxonomy":"product_tag","embeddable":true,"href":"https:\/\/www.hydraulic-cylinders.net\/sv\/wp-json\/wp\/v2\/product_tag?post=17601"}],"curies":[{"name":"wp","href":"https:\/\/api.w.org\/{rel}","templated":true}]}}