{"id":17606,"date":"2025-03-18T06:59:19","date_gmt":"2025-03-18T06:59:19","guid":{"rendered":"https:\/\/www.hydraulic-cylinders.net\/?post_type=product&#038;p=17606"},"modified":"2025-04-11T01:44:46","modified_gmt":"2025-04-11T01:44:46","slug":"lift-hydraulic-cylinders-for-forward-moving-forklift","status":"publish","type":"product","link":"https:\/\/www.hydraulic-cylinders.net\/sv\/produkt\/lift-hydraulic-cylinders-for-forward-moving-forklift\/","title":{"rendered":"Lyft hydraulcylindrar f\u00f6r fram\u00e5tg\u00e5ende gaffeltruck"},"content":{"rendered":"<h1 style=\"text-align: center;\"><strong>Lyft hydraulcylindrar f\u00f6r fram\u00e5tg\u00e5ende gaffeltruck<\/strong><\/h1>\n<p>Lyftcylindrar \u00e4r viktiga komponenter i fram\u00e5tg\u00e5ende gaffeltruckar och ger den lyftkraft som kr\u00e4vs f\u00f6r att hantera tunga laster effektivt. Dessa cylindrar omvandlar hydraultryck till mekanisk kraft, vilket g\u00f6r att gaffeltruckar kan lyfta och s\u00e4nka laster med precision. Deras robusta design och tillf\u00f6rlitliga prestanda g\u00f6r dem oumb\u00e4rliga i olika industriella till\u00e4mpningar, vilket \u00f6kar produktiviteten och s\u00e4kerheten.<\/p>\n<p>Lyftcylindrar \u00e4r avg\u00f6rande f\u00f6r effektiv drift av fram\u00e5tg\u00e5ende gaffeltruckar. Deras h\u00f6ga lastkapacitet, h\u00e5llbara konstruktion och smidiga drift g\u00f6r dem oumb\u00e4rliga i olika industriella till\u00e4mpningar. Genom att f\u00f6rst\u00e5 deras funktioner, korrekta anv\u00e4ndningsmetoder och underh\u00e5llskrav kan operat\u00f6rer maximera prestandan och s\u00e4kerheten hos sin utrustning, vilket i slut\u00e4ndan \u00f6kar produktiviteten vid materialhanteringsuppgifter. Att investera i h\u00f6gkvalitativa lyftcylindrar s\u00e4kerst\u00e4ller p\u00e5litlig och effektiv drift, vilket \u00e4r avg\u00f6rande f\u00f6r framg\u00e5ng i alla f\u00f6retag.<\/p>\n<h1 style=\"text-align: center;\"><img loading=\"lazy\" decoding=\"async\" class=\"alignnone wp-image-17609\" src=\"https:\/\/www.hydraulic-cylinders.net\/wp-content\/uploads\/2025\/03\/Lift-hydraulic-cylinders-for-Forward-moving-forklift--scaled.webp\" alt=\"\" width=\"500\" height=\"500\" \/><\/h1>\n<p style=\"text-align: center;\"><strong>Lyfta hydraulcylindrar p\u00e5 pallstaplare<\/strong><\/p>\n<h2><strong>Lyft hydraulcylindrar f\u00f6r fram\u00e5tg\u00e5ende gaffeltruck <\/strong><strong>Tekniska specifikationer<\/strong><strong>:<\/strong><\/h2>\n<p><strong>Fungera:<\/strong> F\u00f6r att uppn\u00e5 lyft- och s\u00e4nkfunktionen hos gantryt<br \/>\n<strong>Cylinderdiameter:<\/strong> 45mm\u201375mm<br \/>\n<strong>St\u00e5ngdiameter:<\/strong> 45mm\u201365mm<br \/>\n<strong>Resa:<\/strong> 500 mm\u20133980 mm<br \/>\n<strong>Maximalt tryck:<\/strong> 21 MPa<br \/>\n<strong>Maximal dragkraft:<\/strong> 93 kn<\/p>\n<h2><strong>Fram\u00e5tg\u00e5ende gaffeltruckcylinderserie:\u00a0<\/strong><\/h2>\n<h2><img loading=\"lazy\" decoding=\"async\" class=\"alignnone size-full wp-image-17611\" src=\"https:\/\/www.hydraulic-cylinders.net\/wp-content\/uploads\/2025\/03\/Forward-moving-forklift-hydraulic-cylinders-construction.webp\" alt=\"Konstruktion av hydraulcylindrar f\u00f6r fram\u00e5tg\u00e5ende gaffeltruckar\" width=\"1100\" height=\"615\" srcset=\"https:\/\/www.hydraulic-cylinders.net\/wp-content\/uploads\/2025\/03\/Forward-moving-forklift-hydraulic-cylinders-construction.webp 1100w, https:\/\/www.hydraulic-cylinders.net\/wp-content\/uploads\/2025\/03\/Forward-moving-forklift-hydraulic-cylinders-construction-980x548.webp 980w, https:\/\/www.hydraulic-cylinders.net\/wp-content\/uploads\/2025\/03\/Forward-moving-forklift-hydraulic-cylinders-construction-480x268.webp 480w\" sizes=\"(min-width: 0px) and (max-width: 480px) 480px, (min-width: 481px) and (max-width: 980px) 980px, (min-width: 981px) 1100px, 100vw\" \/><\/h2>\n<h2><strong>Viktiga funktioner hos lyfthydraulcylindrar f\u00f6r fram\u00e5tg\u00e5ende gaffeltruckar<\/strong><strong>:<\/strong><\/h2>\n<ul>\n<li><strong>H\u00f6g lastkapacitet:<\/strong> Lyftcylindrar \u00e4r specifikt utformade f\u00f6r att hantera stora vikter och ger den styrka som kr\u00e4vs f\u00f6r att lyfta tunga laster p\u00e5 ett s\u00e4kert s\u00e4tt. Denna f\u00f6rm\u00e5ga \u00e4r avg\u00f6rande f\u00f6r att f\u00f6rhindra olyckor, eftersom den s\u00e4kerst\u00e4ller att gaffeltrucken arbetar inom sina lastgr\u00e4nser. Genom att underl\u00e4tta effektiv materialhantering \u00f6kar dessa cylindrar produktiviteten och minskar den tid som kr\u00e4vs f\u00f6r lyftuppgifter, vilket g\u00f6r att operat\u00f6rerna kan fokusera p\u00e5 andra viktiga aktiviteter.<\/li>\n<li><strong>H\u00e5llbar konstruktion:<\/strong> Lyftcylindrar \u00e4r tillverkade av h\u00f6gh\u00e5llfasta material och motst\u00e5r slitage \u00e4ven i de mest kr\u00e4vande milj\u00f6er. Deras robusta design garanterar inte bara l\u00e5ngvarig prestanda utan minimerar ocks\u00e5 risken f\u00f6r mekaniska fel avsev\u00e4rt. Denna h\u00e5llbarhet leder till l\u00e4gre underh\u00e5llskostnader och mindre driftstopp, vilket g\u00f6r dessa cylindrar till ett kostnadseffektivt val f\u00f6r f\u00f6retag som s\u00f6ker p\u00e5litlig utrustning som klarar den dagliga anv\u00e4ndningens p\u00e5frestningar.<\/li>\n<li><strong>Smidig drift:<\/strong> Det hydrauliska systemet i dessa cylindrar ger konsekventa och smidiga lyft- och s\u00e4nkningsr\u00f6relser, vilket \u00e4r avg\u00f6rande f\u00f6r att bibeh\u00e5lla lastens stabilitet. Genom att minimera st\u00f6tar och vibrationer under drift f\u00f6rb\u00e4ttrar lyftcylindrar s\u00e4kerheten f\u00f6r b\u00e5de operat\u00f6ren och omgivande personal. Denna smidiga drift bidrar ocks\u00e5 till b\u00e4ttre kontroll vid hantering av k\u00e4nsliga eller \u00f6mt\u00e5liga material, vilket s\u00e4kerst\u00e4ller att de f\u00f6rblir s\u00e4kra under hela lyftprocessen.<\/li>\n<li><strong>Kompakt design:<\/strong> Lyftcylindrar finns i en m\u00e4ngd olika storlekar f\u00f6r att passa olika gaffeltruckmodeller, vilket m\u00f6jligg\u00f6r s\u00f6ml\u00f6s integration i befintlig utrustning. Denna kompakta design kompromissar inte fordonets man\u00f6vrerbarhet, vilket g\u00f6r det m\u00f6jligt f\u00f6r f\u00f6rare att enkelt navigera i tr\u00e5nga utrymmen. Cylindrarnas anpassningsf\u00f6rm\u00e5ga s\u00e4kerst\u00e4ller att de kan anv\u00e4ndas i olika till\u00e4mpningar utan att kr\u00e4va betydande modifieringar av gaffeltrucken.<\/li>\n<li><strong>M\u00e5ngsidiga till\u00e4mpningar:<\/strong> Dessa hydraulcylindrar \u00e4r l\u00e4mpliga f\u00f6r en m\u00e4ngd olika branscher, inklusive logistik, tillverkning och bygg. Deras m\u00e5ngsidighet g\u00f6r dem anpassningsbara till olika operativa behov, fr\u00e5n stapling och h\u00e4mtning i lager till tunga lyft p\u00e5 byggarbetsplatser. Denna breda till\u00e4mpning g\u00f6r det m\u00f6jligt f\u00f6r f\u00f6retag att utnyttja hydraulcylindrar i flera olika milj\u00f6er, vilket optimerar sina materialhanteringsprocesser och f\u00f6rb\u00e4ttrar den totala effektiviteten.<\/li>\n<\/ul>\n<h2><strong>Anv\u00e4ndningsfall f\u00f6r lyfthydraulcylindrar f\u00f6r fram\u00e5tg\u00e5ende gaffeltruckar<\/strong><strong>:<\/strong><\/h2>\n<p>Lyftcylindrar spelar en avg\u00f6rande roll f\u00f6r att f\u00f6rb\u00e4ttra funktionaliteten och effektiviteten hos fram\u00e5tg\u00e5ende gaffeltruckar. H\u00e4r \u00e4r n\u00e5gra viktiga anv\u00e4ndningsomr\u00e5den som belyser deras betydelse inom olika branscher:<\/p>\n<h3>1. <strong>Lagerverksamhet<\/strong><\/h3>\n<p>I lagermilj\u00f6er g\u00f6r lyftcylindrar det m\u00f6jligt f\u00f6r gaffeltruckar att stapla och h\u00e4mta pallar i varierande h\u00f6jder. Denna funktion optimerar vertikalt lagringsutrymme och m\u00f6jligg\u00f6r snabb \u00e5tkomst till lager, vilket effektiviserar verksamheten och f\u00f6rb\u00e4ttrar den totala effektiviteten.<\/p>\n<h3>2. <strong>Lastning och lossning<\/strong><\/h3>\n<p>Lyftcylindrar underl\u00e4ttar lastning och lossning av gods fr\u00e5n lastbilar och containrar. Genom att l\u00e5ta gaffeltruckar h\u00f6ja och s\u00e4nka laster smidigt minimerar de risken f\u00f6r produktskador och minskar den tid som l\u00e4ggs p\u00e5 dessa uppgifter, vilket f\u00f6rb\u00e4ttrar den totala produktiviteten.<\/p>\n<h3>3. <strong>Orderplockning<\/strong><\/h3>\n<p>I milj\u00f6er d\u00e4r orderplockning \u00e4r avg\u00f6rande, g\u00f6r hydraulcylindrar det m\u00f6jligt f\u00f6r gaffeltruckar att positionera sig exakt p\u00e5 \u00f6nskad h\u00f6jd f\u00f6r att komma \u00e5t specifika artiklar. Denna funktion f\u00f6rb\u00e4ttrar noggrannheten vid orderhantering och \u00f6kar den totala driftseffektiviteten.<\/p>\n<h3>4. <strong>Cross-Docking<\/strong><\/h3>\n<p>Vid cross-docking, d\u00e4r produkter \u00f6verf\u00f6rs direkt fr\u00e5n inkommande till utg\u00e5ende transport, hj\u00e4lper lyftcylindrar till att flytta pallar snabbt och effektivt. Detta minskar hanteringstiden och s\u00e4kerst\u00e4ller ett smidigt fl\u00f6de av varor genom leveranskedjan.<\/p>\n<h3>5. <strong>Tillverkningsanl\u00e4ggningar<\/strong><\/h3>\n<p>I tillverkningsmilj\u00f6er hj\u00e4lper lyftcylindrar till att transportera r\u00e5material och f\u00e4rdiga produkter mellan olika produktionssteg. Deras f\u00f6rm\u00e5ga att lyfta tunga f\u00f6rem\u00e5l p\u00e5 ett s\u00e4kert s\u00e4tt f\u00f6rb\u00e4ttrar arbetsfl\u00f6det och produktiviteten p\u00e5 monteringslinjer.<\/p>\n<p>Letar du efter tunga gaffeltruckcylindrar? Kolla in v\u00e5ra <a href=\"https:\/\/www.hydraulic-cylinders.net\/sv\/forklift-hydraulic-cylinder\/\">Kraftiga hydraulcylindrar<\/a>.<\/p>\n<h2><strong>Produktionsomr\u00e5de f\u00f6r gaffeltruckcylinder:<\/strong><\/h2>\n<h2><img loading=\"lazy\" decoding=\"async\" class=\"alignnone size-full wp-image-16972\" src=\"https:\/\/www.hydraulic-cylinders.net\/wp-content\/uploads\/2025\/01\/hydraulic-cylinder-factory-1-scaled.webp\" sizes=\"(min-width: 0px) and (max-width: 480px) 480px, (min-width: 481px) and (max-width: 980px) 980px, (min-width: 981px) and (max-width: 1280px) 1280px, (min-width: 1281px) 2016px, 100vw\" srcset=\"https:\/\/www.hydraulic-cylinders.net\/wp-content\/uploads\/2025\/01\/hydraulic-cylinder-factory-1-scaled.webp 2016w, https:\/\/www.hydraulic-cylinders.net\/wp-content\/uploads\/2025\/01\/hydraulic-cylinder-factory-1-1280x1625.webp 1280w, https:\/\/www.hydraulic-cylinders.net\/wp-content\/uploads\/2025\/01\/hydraulic-cylinder-factory-1-980x1244.webp 980w, https:\/\/www.hydraulic-cylinders.net\/wp-content\/uploads\/2025\/01\/hydraulic-cylinder-factory-1-480x610.webp 480w\" alt=\"\" width=\"2016\" height=\"2560\" \/><\/h2>\n<p>Vi har en f\u00f6rstklassig oberoende FoU-plattform f\u00f6r montering. Verkstaden f\u00f6r tillverkning av gaffeltruckcylindrar har fyra halvautomatiska monteringslinjer f\u00f6r lyftcylindrar och en helautomatisk monteringslinje f\u00f6r tippcylindrar med en planerad \u00e5rlig produktionskapacitet p\u00e5 en miljon stycken. Specialcylinderverkstaden har halvautomatiska reng\u00f6rings- och monteringssystem med olika specifikationer med en planerad \u00e5rlig produktionskapacitet p\u00e5 200 000 stycken. Den \u00e4r utrustad med CNC-bearbetningsutrustning av k\u00e4nda m\u00e4rkesm\u00e4rken, fleroperationscentra, specialutrustning f\u00f6r h\u00f6gprecisionscylindrar, robotsvetsmaskiner, automatiska reng\u00f6ringsmaskiner, automatiska cylindermonteringsmaskiner och automatiska f\u00e4rgproduktionslinjer. Vi har mer \u00e4n 300 upps\u00e4ttningar nyckelutrustning i drift. Optimerad allokering och effektiv anv\u00e4ndning av utrustningsresurser s\u00e4kerst\u00e4ller produkternas precisionskrav och uppfyller produkternas h\u00f6ga kvalitetskrav.<\/p>\n<p>Bearbetningsverkstaden \u00e4r utrustad med specialtillverkade svarvcentra f\u00f6r tiltstyrningsskenor, bearbetningscentra, h\u00f6ghastighetsh\u00f6nsmaskiner, svetsrobotar och annan relevant utrustning, som kan hantera bearbetning av cylinderr\u00f6r med en maximal innerdiameter p\u00e5 400 mm och en maximal l\u00e4ngd p\u00e5 6 meter.<\/p>\n<h2><img loading=\"lazy\" decoding=\"async\" class=\"alignnone size-full wp-image-16973\" src=\"https:\/\/www.hydraulic-cylinders.net\/wp-content\/uploads\/2025\/01\/hydraulic-cylinder-factory-2-scaled.webp\" sizes=\"(min-width: 0px) and (max-width: 480px) 480px, (min-width: 481px) and (max-width: 980px) 980px, (min-width: 981px) and (max-width: 1280px) 1280px, (min-width: 1281px) 2011px, 100vw\" srcset=\"https:\/\/www.hydraulic-cylinders.net\/wp-content\/uploads\/2025\/01\/hydraulic-cylinder-factory-2-scaled.webp 2011w, https:\/\/www.hydraulic-cylinders.net\/wp-content\/uploads\/2025\/01\/hydraulic-cylinder-factory-2-1280x1629.webp 1280w, https:\/\/www.hydraulic-cylinders.net\/wp-content\/uploads\/2025\/01\/hydraulic-cylinder-factory-2-980x1248.webp 980w, https:\/\/www.hydraulic-cylinders.net\/wp-content\/uploads\/2025\/01\/hydraulic-cylinder-factory-2-480x611.webp 480w\" alt=\"\" width=\"2011\" height=\"2560\" \/><\/h2>\n<p>Vi har en helautomatisk vattenbaserad f\u00e4rglinje f\u00f6r sm\u00e5 och medelstora cylindrar, som m\u00f6jligg\u00f6r automatisk lastning och lossning samt automatiska sprutrobotar med en konstruerad produktionskapacitet p\u00e5 4000 platser per skift. Vi har ytterligare en halvautomatisk m\u00e5lningslinje f\u00f6r storskaliga cylindrar som drivs av en sl\u00e4pkedja, och den konstruerade kapaciteten \u00e4r 60 l\u00e5dor per skift.<\/p>\n<p>F\u00f6r att ytterligare f\u00f6rb\u00e4ttra produkternas prestanda och etablera en ledande position f\u00f6r v\u00e5ra hydraulcylindrar i branschen har v\u00e5rt f\u00f6retag och zjimee gemensamt etablerat ett omfattande prestandalaboratorium f\u00f6r hydraulcylindrar, hydraulventiler och hydraulpumpar. Labbet utf\u00f6r datorst\u00f6dd testning med elektrohydraulisk teknik, testf\u00f6rh\u00e5llandena f\u00f6rinst\u00e4lls av en dator vilket f\u00f6rb\u00e4ttrar testnoggrannheten och systemets m\u00e5ngsidighet, samt de experimentella data.<\/p>\n<p>Den automatiska insamlingen sker genom anv\u00e4ndning av sensorer, och utdata, s\u00e5som internt l\u00e4ckage och lasteffektivitet hos cylindern eller ventilen, bearbetas direkt av datorn och konverteras till standardenheter (ml\/min%). Samtidigt, f\u00f6r att s\u00e4kerst\u00e4lla hydraulsystemets arbetss\u00e4kerhet, utf\u00f6rs tillst\u00e5nds\u00f6vervakningsfunktionen f\u00f6r viktiga prestandaparametrar som \"oljetemperatur\u00f6vervakning, v\u00e4tskeniv\u00e5\u00f6vervakning, filterenhets\u00f6vervakning\" etc. Bland dessa kan hydraulcylinderns testb\u00e4nk testa prestandan hos \"lasten\".<br \/>\neffektivitet \"och\" internt l\u00e4ckage\" genom avl\u00e4sningar. Samtidigt \u00e4r den utrustad med ett gitterlinjalm\u00e4tinstrument som uppfyller kraven f\u00f6r alla testartiklar av hydraulcylinderprodukter enligt den nationella standarden.<\/p>","protected":false},"excerpt":{"rendered":"<p>Lift Hydraulic Cylinders For Forward Moving Forklift Lift hydraulic cylinders are essential components of forward moving forklifts, providing the necessary lifting power to handle heavy loads efficiently. These cylinders convert hydraulic pressure into mechanical force, enabling forklifts to raise and lower loads with precision. Their robust design and reliable performance make them indispensable in various [&hellip;]<\/p>","protected":false},"featured_media":17610,"comment_status":"open","ping_status":"closed","template":"","meta":{"_et_pb_use_builder":"","_et_pb_old_content":"","_et_gb_content_width":""},"product_brand":[],"product_cat":[1484,1549],"product_tag":[],"class_list":{"0":"post-17606","1":"product","2":"type-product","3":"status-publish","4":"has-post-thumbnail","6":"product_cat-forklift-hydraulic-cylinders","7":"product_cat-single-acting-hydraulic-cylinder","9":"first","10":"instock","11":"shipping-taxable","12":"product-type-simple"},"amp_enabled":true,"_links":{"self":[{"href":"https:\/\/www.hydraulic-cylinders.net\/sv\/wp-json\/wp\/v2\/product\/17606","targetHints":{"allow":["GET"]}}],"collection":[{"href":"https:\/\/www.hydraulic-cylinders.net\/sv\/wp-json\/wp\/v2\/product"}],"about":[{"href":"https:\/\/www.hydraulic-cylinders.net\/sv\/wp-json\/wp\/v2\/types\/product"}],"replies":[{"embeddable":true,"href":"https:\/\/www.hydraulic-cylinders.net\/sv\/wp-json\/wp\/v2\/comments?post=17606"}],"wp:featuredmedia":[{"embeddable":true,"href":"https:\/\/www.hydraulic-cylinders.net\/sv\/wp-json\/wp\/v2\/media\/17610"}],"wp:attachment":[{"href":"https:\/\/www.hydraulic-cylinders.net\/sv\/wp-json\/wp\/v2\/media?parent=17606"}],"wp:term":[{"taxonomy":"product_brand","embeddable":true,"href":"https:\/\/www.hydraulic-cylinders.net\/sv\/wp-json\/wp\/v2\/product_brand?post=17606"},{"taxonomy":"product_cat","embeddable":true,"href":"https:\/\/www.hydraulic-cylinders.net\/sv\/wp-json\/wp\/v2\/product_cat?post=17606"},{"taxonomy":"product_tag","embeddable":true,"href":"https:\/\/www.hydraulic-cylinders.net\/sv\/wp-json\/wp\/v2\/product_tag?post=17606"}],"curies":[{"name":"wp","href":"https:\/\/api.w.org\/{rel}","templated":true}]}}