{"id":17607,"date":"2025-03-18T07:49:55","date_gmt":"2025-03-18T07:49:55","guid":{"rendered":"https:\/\/www.hydraulic-cylinders.net\/?post_type=product&#038;p=17607"},"modified":"2025-04-11T03:15:23","modified_gmt":"2025-04-11T03:15:23","slug":"left-and-right-forward-extension-cylinders-for-forward-moving-forklift","status":"publish","type":"product","link":"https:\/\/www.hydraulic-cylinders.net\/sv\/produkt\/left-and-right-forward-extension-cylinders-for-forward-moving-forklift\/","title":{"rendered":"V\u00e4nster och h\u00f6ger fram\u00e5triktade f\u00f6rl\u00e4ngningscylindrar f\u00f6r fram\u00e5tg\u00e5ende gaffeltruck"},"content":{"rendered":"<h1 style=\"text-align: center;\"><strong>V\u00e4nster och h\u00f6ger fram\u00e5triktade f\u00f6rl\u00e4ngningscylindrar f\u00f6r fram\u00e5tg\u00e5ende gaffeltruck<\/strong><\/h1>\n<p>V\u00e4nster- och h\u00f6gerf\u00f6rl\u00e4ngningscylindrar \u00e4r viktiga komponenter f\u00f6r fram\u00e5tg\u00e5ende gaffeltruckar, vilket f\u00f6rb\u00e4ttrar deras driftseffektivitet och m\u00e5ngsidighet. Dessa hydraulcylindrar g\u00f6r det m\u00f6jligt f\u00f6r gaffeltruckar att ut\u00f6ka sin r\u00e4ckvidd, vilket g\u00f6r det l\u00e4ttare att hantera laster som \u00e4r placerade p\u00e5 st\u00f6rre avst\u00e5nd. Genom att f\u00f6rb\u00e4ttra gaffeltruckens f\u00f6rm\u00e5ga att man\u00f6vrera och lyfta spelar dessa f\u00f6rl\u00e4ngningscylindrar en avg\u00f6rande roll i olika materialhanteringsapplikationer, fr\u00e5n lager till byggarbetsplatser.<\/p>\n<p>V\u00e4nster- och h\u00f6gerf\u00f6rl\u00e4ngningscylindrar f\u00f6rb\u00e4ttrar funktionaliteten hos fram\u00e5tg\u00e5ende gaffeltruckar avsev\u00e4rt. Deras f\u00f6rm\u00e5ga att ge \u00f6kad r\u00e4ckvidd, i kombination med h\u00e5llbar konstruktion och smidig drift, g\u00f6r dem viktiga f\u00f6r olika materialhanteringsuppgifter. Genom att f\u00f6rst\u00e5 deras funktioner, korrekta anv\u00e4ndningsmetoder och underh\u00e5llskrav kan operat\u00f6rer maximera effektiviteten och s\u00e4kerheten i sin verksamhet. Att investera i h\u00f6gkvalitativa f\u00f6rl\u00e4ngningscylindrar s\u00e4kerst\u00e4ller tillf\u00f6rlitlig prestanda och f\u00f6rb\u00e4ttrad produktivitet, vilket bidrar till den \u00f6vergripande framg\u00e5ngen f\u00f6r alla f\u00f6retag som \u00e4r beroende av effektiva materialhanteringsl\u00f6sningar.<\/p>\n<h1 style=\"text-align: center;\"><img loading=\"lazy\" decoding=\"async\" class=\"alignnone wp-image-17613\" src=\"https:\/\/www.hydraulic-cylinders.net\/wp-content\/uploads\/2025\/03\/left-and-right-forward-extension-cylinder-1.webp\" alt=\"\" width=\"500\" height=\"500\" srcset=\"https:\/\/www.hydraulic-cylinders.net\/wp-content\/uploads\/2025\/03\/left-and-right-forward-extension-cylinder-1.webp 500w, https:\/\/www.hydraulic-cylinders.net\/wp-content\/uploads\/2025\/03\/left-and-right-forward-extension-cylinder-1-480x480.webp 480w\" sizes=\"(min-width: 0px) and (max-width: 480px) 480px, (min-width: 481px) 500px, 100vw\" \/><\/h1>\n<p style=\"text-align: center;\"><strong>V\u00e4nster och h\u00f6ger fram\u00e5triktade f\u00f6rl\u00e4ngningscylindrar f\u00f6r fram\u00e5tg\u00e5ende gaffeltruck<\/strong><\/p>\n<h2><strong>V\u00e4nster och h\u00f6ger fram\u00e5triktade f\u00f6rl\u00e4ngningscylindrar f\u00f6r fram\u00e5tg\u00e5ende gaffeltruck <\/strong><strong>Tekniska specifikationer<\/strong><strong>:<\/strong><\/h2>\n<div class=\"Message_messageTextContainer__w64Sc\">\n<div>\n<div class=\"Markdown_markdownContainer__Tz3HQ\">\n<p><strong>Fungera:<\/strong> F\u00f6r att uppn\u00e5 fram\u00e5t- och bak\u00e5tr\u00f6relse av gaffeln<br \/>\n<strong>Cylinderdiameter:<\/strong> 50mm<br \/>\n<strong>St\u00e5ngdiameter:<\/strong> 25mm<br \/>\n<strong>Resa:<\/strong> 101 mm\u2013112 mm<br \/>\n<strong>Maximalt tryck:<\/strong> 20 MPa<br \/>\n<strong>Maximal dragkraft:<\/strong> 39 kn<\/p>\n<\/div>\n<\/div>\n<\/div>\n<h2><strong>Fram\u00e5tg\u00e5ende gaffeltruckcylinderserie:\u00a0<\/strong><\/h2>\n<h2><img loading=\"lazy\" decoding=\"async\" class=\"alignnone size-full wp-image-17611\" src=\"https:\/\/www.hydraulic-cylinders.net\/wp-content\/uploads\/2025\/03\/Forward-moving-forklift-hydraulic-cylinders-construction.webp\" alt=\"Konstruktion av hydraulcylindrar f\u00f6r fram\u00e5tg\u00e5ende gaffeltruckar\" width=\"1100\" height=\"615\" srcset=\"https:\/\/www.hydraulic-cylinders.net\/wp-content\/uploads\/2025\/03\/Forward-moving-forklift-hydraulic-cylinders-construction.webp 1100w, https:\/\/www.hydraulic-cylinders.net\/wp-content\/uploads\/2025\/03\/Forward-moving-forklift-hydraulic-cylinders-construction-980x548.webp 980w, https:\/\/www.hydraulic-cylinders.net\/wp-content\/uploads\/2025\/03\/Forward-moving-forklift-hydraulic-cylinders-construction-480x268.webp 480w\" sizes=\"(min-width: 0px) and (max-width: 480px) 480px, (min-width: 481px) and (max-width: 980px) 980px, (min-width: 981px) 1100px, 100vw\" \/><\/h2>\n<h2><strong>Viktiga funktioner hos v\u00e4nster och h\u00f6ger fram\u00e5triktade f\u00f6rl\u00e4ngningscylindrar f\u00f6r fram\u00e5tg\u00e5ende gaffeltruckar<\/strong><strong>:<\/strong><\/h2>\n<ul>\n<li><strong>F\u00f6rb\u00e4ttrad r\u00e4ckvidd:<\/strong> V\u00e4nster- och h\u00f6gerf\u00f6rl\u00e4ngningscylindrar \u00f6kar gaffeltruckens r\u00e4ckvidd avsev\u00e4rt, vilket g\u00f6r att f\u00f6rare kan komma \u00e5t laster som \u00e4r placerade l\u00e4ngre bort. Denna \u00f6kade r\u00e4ckvidd \u00e4r s\u00e4rskilt f\u00f6rdelaktig vid lastnings- och lossningsuppgifter, d\u00e4r precision och effektivitet \u00e4r av st\u00f6rsta vikt. Genom att g\u00f6ra det m\u00f6jligt f\u00f6r f\u00f6rare att hantera material p\u00e5 st\u00f6rre avst\u00e5nd, effektiviserar dessa cylindrar arbetsfl\u00f6den, minskar tiden som l\u00e4ggs p\u00e5 varje uppgift och leder i slut\u00e4ndan till h\u00f6gre produktivitetsniv\u00e5er.<\/li>\n<li><strong>H\u00e5llbar konstruktion:<\/strong> Dessa f\u00f6rl\u00e4ngningscylindrar \u00e4r tillverkade av h\u00f6gh\u00e5llfasta material och utformade f\u00f6r att motst\u00e5 p\u00e5frestningarna vid tung anv\u00e4ndning. Deras robusta konstruktion garanterar inte bara exceptionell h\u00e5llbarhet utan f\u00f6rl\u00e4nger ocks\u00e5 deras livsl\u00e4ngd avsev\u00e4rt. Genom att minimera slitage minskar dessa cylindrar behovet av frekventa utbyten och reparationer, vilket leder till l\u00e4gre underh\u00e5llskostnader och f\u00f6rb\u00e4ttrad driftseffektivitet f\u00f6r f\u00f6retag.<\/li>\n<li><strong>Smidig drift:<\/strong> Det hydrauliska systemet som \u00e4r integrerat i v\u00e4nster och h\u00f6ger fr\u00e4mre f\u00f6rl\u00e4ngningscylindrar garanterar att f\u00f6rl\u00e4ngning och indragning sker smidigt och effektivt. Denna funktion minimerar st\u00f6tande r\u00f6relser under drift, vilket f\u00f6rb\u00e4ttrar lastens totala stabilitet. F\u00f6rarna drar nytta av f\u00f6rb\u00e4ttrad kontroll, vilket \u00e4r avg\u00f6rande vid hantering av \u00f6mt\u00e5liga eller tunga laster. Den smidiga driften bidrar ocks\u00e5 till en s\u00e4krare arbetsmilj\u00f6, vilket minskar risken f\u00f6r olyckor och skador.<\/li>\n<li><strong>Kompakt profil:<\/strong> Dessa f\u00f6rl\u00e4ngningscylindrar \u00e4r utformade med en kompakt profil som passar s\u00f6ml\u00f6st till olika gaffeltruckmodeller. Denna genomt\u00e4nkta design s\u00e4kerst\u00e4ller att cylindrarna inte hindrar gaffeltruckens man\u00f6vrerbarhet, vilket g\u00f6r att f\u00f6rarna enkelt kan navigera i tr\u00e5nga utrymmen. Oavsett om det g\u00e4ller tr\u00e5nga lager eller hektiska byggarbetsplatser, f\u00f6rb\u00e4ttrar cylindrarnas kompakta form gaffeltruckens m\u00e5ngsidighet och g\u00f6r att den kan fungera effektivt i olika milj\u00f6er.<\/li>\n<li><strong>M\u00e5ngsidiga till\u00e4mpningar:<\/strong> V\u00e4nster- och h\u00f6gerf\u00f6rl\u00e4ngningscylindrar \u00e4r l\u00e4mpliga f\u00f6r en m\u00e4ngd olika branscher, inklusive logistik, tillverkning och bygg. Deras anpassningsf\u00f6rm\u00e5ga till olika operativa behov g\u00f6r dem till ett v\u00e4rdefullt tillskott till alla truckflottor. Oavsett om de lyfter tunga material i en tillverkningsanl\u00e4ggning eller n\u00e5r h\u00f6ga staplar i ett lager, f\u00f6rb\u00e4ttrar dessa cylindrar truckens kapacitet och g\u00f6r den till ett oumb\u00e4rligt verktyg f\u00f6r effektiv materialhantering.<\/li>\n<\/ul>\n<h2><strong>Anv\u00e4ndningsfall f\u00f6r <\/strong><strong>V\u00e4nster och h\u00f6ger fram\u00e5triktade f\u00f6rl\u00e4ngningscylindrar f\u00f6r fram\u00e5tg\u00e5ende gaffeltruck<\/strong><strong>:<\/strong><\/h2>\n<p>V\u00e4nster- och h\u00f6gerf\u00f6rl\u00e4ngningscylindrar f\u00f6rb\u00e4ttrar funktionaliteten hos fram\u00e5tg\u00e5ende gaffeltruckar avsev\u00e4rt inom olika branscher. H\u00e4r \u00e4r n\u00e5gra viktiga anv\u00e4ndningsomr\u00e5den som belyser deras betydelse:<\/p>\n<h3>1. <strong>Lagerverksamhet<\/strong><\/h3>\n<p>I lagermilj\u00f6er g\u00f6r det m\u00f6jligt f\u00f6r gaffeltruckar att n\u00e5 pallar som lagras p\u00e5 st\u00f6rre h\u00f6jder eller avst\u00e5nd. Denna funktion m\u00f6jligg\u00f6r effektiv stapling och h\u00e4mtning av lager, vilket optimerar vertikalt utrymme och underl\u00e4ttar snabbare operationer.<\/p>\n<h3>2. <strong>Lastning och lossning<\/strong><\/h3>\n<p>Vid lastning och lossning av gods fr\u00e5n lastbilar eller fraktcontainrar ger dessa f\u00f6rl\u00e4ngningscylindrar den r\u00e4ckvidd som kr\u00e4vs f\u00f6r att hantera f\u00f6rem\u00e5l som \u00e4r placerade l\u00e4ngre bort. Denna funktion minimerar behovet av att ompositionera gaffeltrucken, vilket sparar tid och f\u00f6rb\u00e4ttrar arbetsfl\u00f6dets effektivitet.<\/p>\n<h3>3. <strong>Orderplockning<\/strong><\/h3>\n<p>I milj\u00f6er d\u00e4r orderplockning \u00e4r avg\u00f6rande, g\u00f6r v\u00e4nster- och h\u00f6gerf\u00f6rl\u00e4ngningscylindrar det m\u00f6jligt f\u00f6r gaffeltruckar att komma \u00e5t specifika artiklar som \u00e4r placerade p\u00e5 olika h\u00f6jder eller avst\u00e5nd. Denna precision f\u00f6rb\u00e4ttrar noggrannheten vid orderhantering och \u00f6kar den totala produktiviteten.<\/p>\n<h3>4. <strong>Cross-Docking<\/strong><\/h3>\n<p>Vid cross-docking, d\u00e4r varor \u00f6verf\u00f6rs direkt mellan inkommande och utg\u00e5ende leveranser, underl\u00e4ttar f\u00f6rl\u00e4ngningscylindrar snabb och effektiv f\u00f6rflyttning av pallar. Detta minskar hanteringstiden och s\u00e4kerst\u00e4ller ett smidigt materialfl\u00f6de genom leveranskedjan.<\/p>\n<h3>5. <strong>Byggarbetsplatser<\/strong><\/h3>\n<p>P\u00e5 byggarbetsplatser g\u00f6r dessa f\u00f6rl\u00e4ngningscylindrar det m\u00f6jligt f\u00f6r gaffeltruckar att lyfta och placera tunga material, s\u00e5som balkar och betongblock, p\u00e5 olika h\u00f6jder. Deras f\u00f6rm\u00e5ga att f\u00f6rl\u00e4nga r\u00e4ckvidden \u00f6kar s\u00e4kerheten och effektiviteten vid hantering av stora och otympliga laster.<\/p>\n<p>Letar du efter tunga gaffeltruckcylindrar? Kolla in v\u00e5ra <a href=\"https:\/\/www.hydraulic-cylinders.net\/sv\/forklift-hydraulic-cylinder\/\">Kraftiga hydraulcylindrar<\/a>.<\/p>\n<h2><strong>Produktionsomr\u00e5de f\u00f6r gaffeltruckcylinder:<\/strong><\/h2>\n<h2><img loading=\"lazy\" decoding=\"async\" class=\"alignnone size-full wp-image-16972\" src=\"https:\/\/www.hydraulic-cylinders.net\/wp-content\/uploads\/2025\/01\/hydraulic-cylinder-factory-1-scaled.webp\" sizes=\"(min-width: 0px) and (max-width: 480px) 480px, (min-width: 481px) and (max-width: 980px) 980px, (min-width: 981px) and (max-width: 1280px) 1280px, (min-width: 1281px) 2016px, 100vw\" srcset=\"https:\/\/www.hydraulic-cylinders.net\/wp-content\/uploads\/2025\/01\/hydraulic-cylinder-factory-1-scaled.webp 2016w, https:\/\/www.hydraulic-cylinders.net\/wp-content\/uploads\/2025\/01\/hydraulic-cylinder-factory-1-1280x1625.webp 1280w, https:\/\/www.hydraulic-cylinders.net\/wp-content\/uploads\/2025\/01\/hydraulic-cylinder-factory-1-980x1244.webp 980w, https:\/\/www.hydraulic-cylinders.net\/wp-content\/uploads\/2025\/01\/hydraulic-cylinder-factory-1-480x610.webp 480w\" alt=\"\" width=\"2016\" height=\"2560\" \/><\/h2>\n<p>Vi har en f\u00f6rstklassig oberoende FoU-plattform f\u00f6r montering. Verkstaden f\u00f6r tillverkning av gaffeltruckcylindrar har fyra halvautomatiska monteringslinjer f\u00f6r lyftcylindrar och en helautomatisk monteringslinje f\u00f6r tippcylindrar med en planerad \u00e5rlig produktionskapacitet p\u00e5 en miljon stycken. Specialcylinderverkstaden har halvautomatiska reng\u00f6rings- och monteringssystem med olika specifikationer med en planerad \u00e5rlig produktionskapacitet p\u00e5 200 000 stycken. Den \u00e4r utrustad med CNC-bearbetningsutrustning av k\u00e4nda m\u00e4rkesm\u00e4rken, fleroperationscentra, specialutrustning f\u00f6r h\u00f6gprecisionscylindrar, robotsvetsmaskiner, automatiska reng\u00f6ringsmaskiner, automatiska cylindermonteringsmaskiner och automatiska f\u00e4rgproduktionslinjer. Vi har mer \u00e4n 300 upps\u00e4ttningar nyckelutrustning i drift. Optimerad allokering och effektiv anv\u00e4ndning av utrustningsresurser s\u00e4kerst\u00e4ller produkternas precisionskrav och uppfyller produkternas h\u00f6ga kvalitetskrav.<\/p>\n<p>Bearbetningsverkstaden \u00e4r utrustad med specialtillverkade svarvcentra f\u00f6r tiltstyrningsskenor, bearbetningscentra, h\u00f6ghastighetsh\u00f6nsmaskiner, svetsrobotar och annan relevant utrustning, som kan hantera bearbetning av cylinderr\u00f6r med en maximal innerdiameter p\u00e5 400 mm och en maximal l\u00e4ngd p\u00e5 6 meter.<\/p>\n<h2><img loading=\"lazy\" decoding=\"async\" class=\"alignnone size-full wp-image-16973\" src=\"https:\/\/www.hydraulic-cylinders.net\/wp-content\/uploads\/2025\/01\/hydraulic-cylinder-factory-2-scaled.webp\" sizes=\"(min-width: 0px) and (max-width: 480px) 480px, (min-width: 481px) and (max-width: 980px) 980px, (min-width: 981px) and (max-width: 1280px) 1280px, (min-width: 1281px) 2011px, 100vw\" srcset=\"https:\/\/www.hydraulic-cylinders.net\/wp-content\/uploads\/2025\/01\/hydraulic-cylinder-factory-2-scaled.webp 2011w, https:\/\/www.hydraulic-cylinders.net\/wp-content\/uploads\/2025\/01\/hydraulic-cylinder-factory-2-1280x1629.webp 1280w, https:\/\/www.hydraulic-cylinders.net\/wp-content\/uploads\/2025\/01\/hydraulic-cylinder-factory-2-980x1248.webp 980w, https:\/\/www.hydraulic-cylinders.net\/wp-content\/uploads\/2025\/01\/hydraulic-cylinder-factory-2-480x611.webp 480w\" alt=\"\" width=\"2011\" height=\"2560\" \/><\/h2>\n<p>Vi har en helautomatisk vattenbaserad f\u00e4rglinje f\u00f6r sm\u00e5 och medelstora cylindrar, som m\u00f6jligg\u00f6r automatisk lastning och lossning samt automatiska sprutrobotar med en konstruerad produktionskapacitet p\u00e5 4000 platser per skift. Vi har ytterligare en halvautomatisk m\u00e5lningslinje f\u00f6r storskaliga cylindrar som drivs av en sl\u00e4pkedja, och den konstruerade kapaciteten \u00e4r 60 l\u00e5dor per skift.<\/p>\n<p>F\u00f6r att ytterligare f\u00f6rb\u00e4ttra produkternas prestanda och etablera en ledande position f\u00f6r v\u00e5ra hydraulcylindrar i branschen har v\u00e5rt f\u00f6retag och zjimee gemensamt etablerat ett omfattande prestandalaboratorium f\u00f6r hydraulcylindrar, hydraulventiler och hydraulpumpar. Labbet utf\u00f6r datorst\u00f6dd testning med elektrohydraulisk teknik, testf\u00f6rh\u00e5llandena f\u00f6rinst\u00e4lls av en dator vilket f\u00f6rb\u00e4ttrar testnoggrannheten och systemets m\u00e5ngsidighet, samt de experimentella data.<\/p>\n<p>Den automatiska insamlingen sker genom anv\u00e4ndning av sensorer, och utdata, s\u00e5som internt l\u00e4ckage och lasteffektivitet hos cylindern eller ventilen, bearbetas direkt av datorn och konverteras till standardenheter (ml\/min%). Samtidigt, f\u00f6r att s\u00e4kerst\u00e4lla hydraulsystemets arbetss\u00e4kerhet, utf\u00f6rs tillst\u00e5nds\u00f6vervakningsfunktionen f\u00f6r viktiga prestandaparametrar som \"oljetemperatur\u00f6vervakning, v\u00e4tskeniv\u00e5\u00f6vervakning, filterenhets\u00f6vervakning\" etc. Bland dessa kan hydraulcylinderns testb\u00e4nk testa prestandan hos \"lasten\".<br \/>\neffektivitet \"och\" internt l\u00e4ckage\" genom avl\u00e4sningar. Samtidigt \u00e4r den utrustad med ett gitterlinjalm\u00e4tinstrument som uppfyller kraven f\u00f6r alla testartiklar av hydraulcylinderprodukter enligt den nationella standarden.<\/p>","protected":false},"excerpt":{"rendered":"<p>Left and Right Forward Extension Cylinders for Forward Moving Forklift Left and right forward extension cylinders are vital components for forward moving forklifts, enhancing their operational efficiency and versatility. These hydraulic cylinders allow forklifts to extend their reach, making it easier to handle loads positioned at greater distances. By improving the forklift&#8217;s ability to maneuver [&hellip;]<\/p>","protected":false},"featured_media":17612,"comment_status":"open","ping_status":"closed","template":"","meta":{"_et_pb_use_builder":"","_et_pb_old_content":"","_et_gb_content_width":""},"product_brand":[],"product_cat":[1484,1550],"product_tag":[],"class_list":{"0":"post-17607","1":"product","2":"type-product","3":"status-publish","4":"has-post-thumbnail","6":"product_cat-forklift-hydraulic-cylinders","7":"product_cat-double-acting-hydraulic-cylinder","9":"first","10":"instock","11":"shipping-taxable","12":"product-type-simple"},"amp_enabled":true,"_links":{"self":[{"href":"https:\/\/www.hydraulic-cylinders.net\/sv\/wp-json\/wp\/v2\/product\/17607","targetHints":{"allow":["GET"]}}],"collection":[{"href":"https:\/\/www.hydraulic-cylinders.net\/sv\/wp-json\/wp\/v2\/product"}],"about":[{"href":"https:\/\/www.hydraulic-cylinders.net\/sv\/wp-json\/wp\/v2\/types\/product"}],"replies":[{"embeddable":true,"href":"https:\/\/www.hydraulic-cylinders.net\/sv\/wp-json\/wp\/v2\/comments?post=17607"}],"wp:featuredmedia":[{"embeddable":true,"href":"https:\/\/www.hydraulic-cylinders.net\/sv\/wp-json\/wp\/v2\/media\/17612"}],"wp:attachment":[{"href":"https:\/\/www.hydraulic-cylinders.net\/sv\/wp-json\/wp\/v2\/media?parent=17607"}],"wp:term":[{"taxonomy":"product_brand","embeddable":true,"href":"https:\/\/www.hydraulic-cylinders.net\/sv\/wp-json\/wp\/v2\/product_brand?post=17607"},{"taxonomy":"product_cat","embeddable":true,"href":"https:\/\/www.hydraulic-cylinders.net\/sv\/wp-json\/wp\/v2\/product_cat?post=17607"},{"taxonomy":"product_tag","embeddable":true,"href":"https:\/\/www.hydraulic-cylinders.net\/sv\/wp-json\/wp\/v2\/product_tag?post=17607"}],"curies":[{"name":"wp","href":"https:\/\/api.w.org\/{rel}","templated":true}]}}