{"id":1761,"date":"2023-10-13T05:50:50","date_gmt":"2023-10-13T05:50:50","guid":{"rendered":"https:\/\/hydraulic-cylinders.net\/?post_type=product&#038;p=1761"},"modified":"2025-04-15T05:55:24","modified_gmt":"2025-04-15T05:55:24","slug":"cutter-suction-dredger-inverted-pile-cylinder","status":"publish","type":"product","link":"https:\/\/www.hydraulic-cylinders.net\/sv\/produkt\/cutter-suction-dredger-inverted-pile-cylinder\/","title":{"rendered":"Sk\u00e4rsugsmudderverk inverterad p\u00e5lcylinder"},"content":{"rendered":"<h1 style=\"text-align: center;\"><strong>Sk\u00e4rsugsmudderverk inverterad p\u00e5lcylinder<\/strong><\/h1>\n<p><img loading=\"lazy\" decoding=\"async\" class=\"aligncenter wp-image-1763\" src=\"https:\/\/hydraulic-cylinders.net\/wp-content\/uploads\/2023\/10\/cutter-suction-dredger-inverted-pile-cylinder-1-300x300.webp\" alt=\"\" width=\"400\" height=\"400\" \/><\/p>\n<p>Den inverterade p\u00e5lcylindern f\u00f6r muddringssk\u00e4rare \u00e4r en banbrytande hydraulisk anordning som omvandlar marina byggprojekt. Med sin innovativa design och exceptionella prestanda \u00e4r denna cylinder avg\u00f6rande f\u00f6r moderna muddringsoperationer.<\/p>\n<p>Den inverterade p\u00e5lcylindern f\u00f6r mudderverk med sk\u00e4rsug har revolutionerat marin konstruktion genom att erbjuda exceptionell prestanda vid p\u00e5lningsoperationer. Dess inverterade design, h\u00f6ga tryckkapacitet och korrosionsbest\u00e4ndighet g\u00f6r den till en p\u00e5litlig och h\u00e5llbar hydraulisk anordning. Genom att f\u00f6lja korrekta anv\u00e4ndningsmetoder och utf\u00f6ra regelbundet underh\u00e5ll kan marinbyggnat\u00f6rer maximera effektiviteten och noggrannheten i sina projekt. Omfamna kraften hos den inverterade p\u00e5lcylindern f\u00f6r mudderverk med sk\u00e4rsug och upplev skillnaden den kan g\u00f6ra i dina marina konstruktionsprojekt.<\/p>\n<p>Sk\u00e4rsugsmudderverk Inverterad p\u00e5lcylinder Viktiga egenskaper:<\/p>\n<ul>\n<li>Inverterad design: Den inverterade p\u00e5lcylindern f\u00f6r mudderverket har en unik inverterad konfiguration, d\u00e4r kolvst\u00e5ngen str\u00e4cker sig ned\u00e5t fr\u00e5n cylindern. Denna design m\u00f6jligg\u00f6r effektiva och exakta p\u00e5lningsoperationer i marina milj\u00f6er.<\/li>\n<li>H\u00f6gtryckskapacitet: Denna cylinder \u00e4r konstruerad f\u00f6r att motst\u00e5 h\u00f6gtrycksf\u00f6rh\u00e5llanden, vilket s\u00e4kerst\u00e4ller tillf\u00f6rlitlig och robust prestanda \u00e4ven i kr\u00e4vande marina byggprojekt. Den levererar den kraft och kraft som kr\u00e4vs f\u00f6r att driva ner p\u00e5lar i havsbotten med exceptionell noggrannhet.<\/li>\n<li>Korrosionsbest\u00e4ndighet: Den inverterade p\u00e5lcylindern \u00e4r tillverkad av h\u00f6gkvalitativa material och uppvisar utm\u00e4rkt motst\u00e5ndskraft mot korrosion, rost och n\u00f6tning. Denna egenskap \u00f6kar dess h\u00e5llbarhet och g\u00f6r den l\u00e4mplig f\u00f6r l\u00e5ngvarig anv\u00e4ndning i tuffa marina f\u00f6rh\u00e5llanden.<\/li>\n<\/ul>\n<h2><strong>Parameter f\u00f6r inverterad h\u00f6gcylinder f\u00f6r sk\u00e4rsugsmudderverk:<\/strong><\/h2>\n<table border=\"1\" cellspacing=\"0\" cellpadding=\"0\">\n<tbody>\n<tr>\n<td>Produktnamn<\/td>\n<td>Sk\u00e4rsugsmudderverk inverterad p\u00e5lcylinder<\/td>\n<\/tr>\n<tr>\n<td>Drag:<\/td>\n<td>Tillhandah\u00e5ll tryck- och dragkraft f\u00f6r in- och utf\u00e4llning av st\u00e5lp\u00e5len<\/td>\n<\/tr>\n<tr>\n<td>Borrdiameter:<\/td>\n<td>Upp till 620 mm<\/td>\n<\/tr>\n<tr>\n<td>St\u00e5ngdiameter:<\/td>\n<td>Upp till 360 mm<br \/>\nSlagl\u00e4ngd upp till 5200 mm<\/td>\n<\/tr>\n<tr>\n<td>Tryck:<\/td>\n<td>upp till 32 MPa<\/td>\n<\/tr>\n<tr>\n<td>Tryckkraft:<\/td>\n<td>Maximalt 7500 kN<\/td>\n<\/tr>\n<tr>\n<td>Dragkraft:<\/td>\n<td>Maximalt 5000 kN<\/td>\n<\/tr>\n<tr>\n<td>Anv\u00e4ndningsomr\u00e5den:<\/td>\n<td>Sk\u00e4rsugsmudderverk<\/td>\n<\/tr>\n<\/tbody>\n<\/table>\n<div><\/div>\n<div>\n<div class=\"txtboxL\">Drag:<\/div>\n<div class=\"txtboxR\">Tillhandah\u00e5ll tryck- och dragkraft f\u00f6r in- och utf\u00e4llning av st\u00e5lp\u00e5len<\/div>\n<div class=\"txtboxL\">Specifikation:<\/div>\n<div class=\"txtboxR\">Borrdiameter: upp till 620 mm<br \/>\nSt\u00e5ngdiameter: upp till 360 mm<br \/>\nSlagl\u00e4ngd upp till 5200 mm<\/div>\n<div class=\"txtboxL\">Tryck:<\/div>\n<div class=\"txtboxR\">upp till 32 MPa<\/div>\n<div class=\"txtboxL\">Tryckkraft:<\/div>\n<div class=\"txtboxR\">Maximalt 7500 kN<\/div>\n<div class=\"txtboxL\">Dragkraft:<\/div>\n<div class=\"txtboxR\">Maximalt 5000 kN<\/div>\n<\/div>\n<h2><strong>Anv\u00e4ndning av mudderverkssk\u00e4r-sugcylindrar:<\/strong><\/h2>\n<p><img loading=\"lazy\" decoding=\"async\" class=\"alignnone wp-image-1757 size-full\" src=\"https:\/\/hydraulic-cylinders.net\/wp-content\/uploads\/2023\/10\/dredger-tank-cylinder-1.webp\" alt=\"\" width=\"600\" height=\"400\" srcset=\"https:\/\/hydraulic-cylinders.net\/wp-content\/uploads\/2023\/10\/dredger-tank-cylinder-1.webp 600w, https:\/\/hydraulic-cylinders.net\/wp-content\/uploads\/2023\/10\/dredger-tank-cylinder-1-480x320.webp 480w\" sizes=\"(min-width: 0px) and (max-width: 480px) 480px, (min-width: 481px) 600px, 100vw\" \/><\/p>\n<h2><strong>Anv\u00e4ndningsmetod f\u00f6r inverterad h\u00f6gcylinder f\u00f6r sk\u00e4rsugsmudderverk<\/strong><strong>:<\/strong><\/h2>\n<ul>\n<li><strong>F\u00f6rberedelse:<\/strong> Innan du anv\u00e4nder mudderverkets inverterade p\u00e5lcylinder, se till att alla s\u00e4kerhets\u00e5tg\u00e4rder \u00e4r vidtagna. G\u00f6r en visuell inspektion f\u00f6r att bekr\u00e4fta att cylindern och dess komponenter \u00e4r i gott skick, utan tecken p\u00e5 skador eller l\u00e4ckor.<\/li>\n<li><strong>Positionering:<\/strong> Placera cylindern p\u00e5 \u00f6nskad plats f\u00f6r p\u00e5lning. Se till att den \u00e4r ordentligt f\u00e4st vid mudderverket eller annan utrustning, vilket ger stabilitet och st\u00f6d under arbetet.<\/li>\n<li><strong>F\u00f6rbindelse:<\/strong> Anslut hydraulslangarna eller kopplingarna till l\u00e4mpliga portar p\u00e5 cylindern och den hydrauliska kraftk\u00e4llan. Kontrollera att l\u00e4nkarna \u00e4r s\u00e4kra, l\u00e4ckagefria och korrekt justerade.<\/li>\n<li><strong>Justera slagl\u00e4ngd:<\/strong> Adjust the stroke length of the cylinder according to the required piling depth. This can typically be done using the controls or mechanisms provided. Follow the manufacturer&#8217;s instructions to ensure precise adjustment.<\/li>\n<li><strong>P\u00e5lningsoperation:<\/strong> Aktivera den hydrauliska kraftk\u00e4llan f\u00f6r att starta p\u00e5lningsoperationen. Sugmudderverkets inverterade p\u00e5lcylinder kommer att ut\u00f6va kontrollerad kraft f\u00f6r att driva ner p\u00e5larna i havsbotten. \u00d6vervaka processen noggrant och s\u00e4kerst\u00e4ll att \u00f6nskat djup och noggrannhet uppn\u00e5s.<\/li>\n<\/ul>\n<h2><strong>Hur byter man t\u00e4tningar p\u00e5 en hydraulcylinder?<\/strong><\/h2>\n<p>Replacing seals on a hydraulic cylinder is a common maintenance task that helps restore its performance and prevent leaks. Here&#8217;s a step-by-step guide on how to replace seals on a hydraulic cylinder:<\/p>\n<ol>\n<li><strong>S\u00e4kerhets\u00e5tg\u00e4rder:<\/strong>\n<ul>\n<li>Se till att hydraulsystemet \u00e4r tryckl\u00f6st och att cylindern \u00e4r helt utf\u00e4lld.<\/li>\n<li>F\u00f6lj korrekta procedurer f\u00f6r l\u00e5sning\/m\u00e4rkning f\u00f6r att f\u00f6rhindra oavsiktlig aktivering av systemet.<\/li>\n<\/ul>\n<\/li>\n<li><strong>Demontering av cylinder:<\/strong>\n<ul>\n<li>Koppla bort alla hydraulslangar eller kopplingar som \u00e4r anslutna till cylindern.<\/li>\n<li>Ta bort alla f\u00e4stsprintar eller bultar som h\u00e5ller fast cylindern vid utrustningen.<\/li>\n<li>Skjut eller man\u00f6vrera f\u00f6rsiktigt ut cylindern ur dess monteringsf\u00e4sten eller anslutningar.<\/li>\n<\/ul>\n<\/li>\n<li><strong>T\u00e4tningsidentifiering:<\/strong>\n<ul>\n<li>Identify the types and sizes of the seals that need replacement. This information can be found in the cylinder&#8217;s documentation or by measuring the old seals.<\/li>\n<\/ul>\n<\/li>\n<li><strong>Demontering:<\/strong>\n<ul>\n<li>Placera cylindern p\u00e5 en ren arbetsyta.<\/li>\n<li>Ta bort cylinderns \u00e4ndk\u00e5pa\/\u00e4ndk\u00e5por med l\u00e4mpliga verktyg, s\u00e5som skiftnycklar eller hylsnyckelsatser.<\/li>\n<li>Ta f\u00f6rsiktigt bort kolven, st\u00e5ngen och de gamla packningarna fr\u00e5n cylindercylindern.<\/li>\n<li>Observera komponenternas ordning och orientering n\u00e4r du demonterar dem.<\/li>\n<\/ul>\n<\/li>\n<li><strong>Borttagning av t\u00e4tning:<\/strong>\n<ul>\n<li>Ta f\u00f6rsiktigt bort de gamla t\u00e4tningarna fr\u00e5n sina respektive sp\u00e5r med hj\u00e4lp av verktyg eller hackor f\u00f6r t\u00e4tningsborttagning.<\/li>\n<li>Var f\u00f6rsiktig s\u00e5 att du inte skadar cylinderloppet eller andra ytor under denna process.<\/li>\n<\/ul>\n<\/li>\n<li><strong>Reng\u00f6ring och inspektion:<\/strong>\n<ul>\n<li>Reng\u00f6r cylinderr\u00f6ret, kolven, st\u00e5ngen och andra komponenter med ett l\u00e4mpligt reng\u00f6ringsmedel f\u00f6r att avl\u00e4gsna smuts, skr\u00e4p och rester av hydraulv\u00e4tska.<\/li>\n<li>Inspektera alla delar f\u00f6r tecken p\u00e5 skador eller slitage, s\u00e5som repor, gropskador eller sprickor.<\/li>\n<li>Byt ut alla skadade eller slitna komponenter vid behov.<\/li>\n<\/ul>\n<\/li>\n<li><strong>Ny t\u00e4tningsinstallation:<\/strong>\n<ul>\n<li>Sm\u00f6rj de nya t\u00e4tningarna med hydraulolja innan de monteras.<\/li>\n<li>S\u00e4tt f\u00f6rsiktigt in de nya t\u00e4tningarna i sina respektive sp\u00e5r och se till att de sitter ordentligt.<\/li>\n<li>Anv\u00e4nd verktyg f\u00f6r t\u00e4tningsmontering eller l\u00e4mpliga improviserade metoder f\u00f6r att trycka t\u00e4tningarna j\u00e4mnt p\u00e5 plats.<\/li>\n<li>Var f\u00f6rsiktig s\u00e5 att du inte skadar t\u00e4tningarna under installationsprocessen.<\/li>\n<\/ul>\n<\/li>\n<li><strong>\u00c5termontering:<\/strong>\n<ul>\n<li>Montera tillbaka kolven, st\u00e5ngen och t\u00e4tningarna i cylindercylindern i r\u00e4tt ordning och riktning.<\/li>\n<li>Applicera ett tunt lager hydraulolja p\u00e5 t\u00e4tningarna och andra kontaktytor.<\/li>\n<li>Carefully reattach the end cap(s) and tighten them securely to the manufacturer&#8217;s specifications.<\/li>\n<li>Se till att alla g\u00e4ngade anslutningar \u00e4r korrekt justerade och \u00e5tdragna.<\/li>\n<\/ul>\n<\/li>\n<li><strong>\u00c5termontering av cylinder:<\/strong>\n<ul>\n<li>Skjut eller man\u00f6vrera den \u00e5termonterade cylindern tillbaka i dess monteringsf\u00e4sten eller anslutningar.<\/li>\n<li>S\u00e4tt tillbaka eventuella f\u00e4ststift eller bultar f\u00f6r att h\u00e5lla cylindern p\u00e5 plats.<\/li>\n<li>Anslut hydraulslangarna eller kopplingarna till cylindern igen och se till att de \u00e4r korrekt uppriktade och \u00e5tdragna.<\/li>\n<\/ul>\n<\/li>\n<li><strong>Testning och inspektion:<\/strong>\n<ul>\n<li>\u00c5tertrycks\u00e4tt hydraulsystemet och kontrollera om det finns n\u00e5gra l\u00e4ckor eller onormal funktion.<\/li>\n<li>Dra ut och dra in cylindern helt f\u00f6r att s\u00e4kerst\u00e4lla smidig r\u00f6relse och korrekt funktion.<\/li>\n<li>Inspektera cylindern och dess anslutningar f\u00f6r tecken p\u00e5 l\u00e4ckage eller andra problem.<\/li>\n<\/ul>\n<\/li>\n<\/ol>\n<h2><strong>Fabrikens kapacitet och kapacitet:<\/strong><\/h2>\n<h3>(1) Montering<\/h3>\n<p>Vi har en f\u00f6rstklassig oberoende forsknings- och utvecklingsplattform. Verkstaden f\u00f6r tillverkning av hydraulcylindrar har fyra halvautomatiska monteringslinjer f\u00f6r lyftcylindrar och en automatisk monteringslinje f\u00f6r tiltcylindrar, med en planerad \u00e5rlig produktionskapacitet p\u00e5 1 miljon enheter. Specialcylinderverkstaden \u00e4r utrustad med olika specifikationer f\u00f6r ett halvautomatiskt reng\u00f6ringsmonteringssystem med en planerad \u00e5rlig produktionskapacitet p\u00e5 200 000 och utrustad med k\u00e4nd CNC-bearbetningsutrustning, ett fleroperationscenter, en specialutrustning f\u00f6r h\u00f6gprecisionscylindrar, en robotsvetsmaskin, en automatisk reng\u00f6ringsmaskin, en automatisk cylindermonteringsmaskin och en automatisk produktionslinje f\u00f6r m\u00e5lning. Befintlig kritisk utrustning p\u00e5 mer \u00e4n 300 set (set). Optimal allokering och effektiv anv\u00e4ndning av utrustningsresurser s\u00e4kerst\u00e4ller produkternas noggrannhetskrav och uppfyller produkternas h\u00f6ga kvalitetsbehov.<\/p>\n<p><img loading=\"lazy\" decoding=\"async\" class=\"alignnone wp-image-626\" src=\"https:\/\/hydraulic-cylinders.net\/wp-content\/uploads\/2023\/08\/hydraulic-cylinder-product-1-300x158.webp\" alt=\"\" width=\"495\" height=\"260\" srcset=\"https:\/\/hydraulic-cylinders.net\/wp-content\/uploads\/2023\/08\/hydraulic-cylinder-product-1-300x158.webp 495w, https:\/\/hydraulic-cylinders.net\/wp-content\/uploads\/2023\/08\/hydraulic-cylinder-product-1-480x252.webp 480w\" sizes=\"(min-width: 0px) and (max-width: 480px) 480px, (min-width: 481px) 495px, 100vw\" \/> <img loading=\"lazy\" decoding=\"async\" class=\"alignnone wp-image-627\" src=\"https:\/\/hydraulic-cylinders.net\/wp-content\/uploads\/2023\/08\/hydraulic-cylinder-product-2-300x189.webp\" alt=\"\" width=\"413\" height=\"260\" \/><\/p>\n<h3>(2) Maskinbearbetning<\/h3>\n<p>Bearbetningsverkstaden \u00e4r utrustad med en specialanpassad svarvcentral f\u00f6r lutande r\u00e4ls, bearbetningscenter, h\u00f6ghastighetsh\u00f6nsmaskin, svetsrobot och annan relaterad utrustning, som kan hantera bearbetning av cylinderr\u00f6r med en maximal innerdiameter p\u00e5 400 mm och en maximal l\u00e4ngd p\u00e5 6 meter.<\/p>\n<p><img loading=\"lazy\" decoding=\"async\" class=\"alignnone wp-image-628 size-large\" src=\"https:\/\/hydraulic-cylinders.net\/wp-content\/uploads\/2023\/08\/hydraulic-cylinder-product-3-1024x391.webp\" alt=\"\" width=\"1024\" height=\"391\" srcset=\"https:\/\/hydraulic-cylinders.net\/wp-content\/uploads\/2023\/08\/hydraulic-cylinder-product-3-980x374.webp 980w, https:\/\/hydraulic-cylinders.net\/wp-content\/uploads\/2023\/08\/hydraulic-cylinder-product-3-480x183.webp 480w\" sizes=\"(min-width: 0px) and (max-width: 480px) 480px, (min-width: 481px) and (max-width: 980px) 980px, (min-width: 981px) 1024px, 100vw\" \/><\/p>\n<h3>(3) Svetsning<\/h3>\n<p><img loading=\"lazy\" decoding=\"async\" class=\"alignnone wp-image-629 size-large\" src=\"https:\/\/hydraulic-cylinders.net\/wp-content\/uploads\/2023\/08\/hydraulic-cylinder-product-4-1024x510.webp\" alt=\"\" width=\"1024\" height=\"510\" srcset=\"https:\/\/hydraulic-cylinders.net\/wp-content\/uploads\/2023\/08\/hydraulic-cylinder-product-4-980x488.webp 980w, https:\/\/hydraulic-cylinders.net\/wp-content\/uploads\/2023\/08\/hydraulic-cylinder-product-4-480x239.webp 480w\" sizes=\"(min-width: 0px) and (max-width: 480px) 480px, (min-width: 481px) and (max-width: 980px) 980px, (min-width: 981px) 1024px, 100vw\" \/><\/p>\n<h3>(4) M\u00e5lning och ytbehandling<\/h3>\n<p>Med sm\u00e5 och medelstora cylindriska automatiska vattenbaserade f\u00e4rgbel\u00e4ggningslinjer, f\u00f6r att uppn\u00e5 automatisk robotlastning och lossning samt automatisk sprutning, \u00e4r den designade kapaciteten 4000 stycken per skift;<br \/>\nVi har \u00e4ven en halvautomatisk f\u00e4rgproduktionslinje f\u00f6r stora cylindrar som drivs av en sl\u00e4pkedja, med en designkapacitet p\u00e5 60 l\u00e5dor per skift.<\/p>\n<p><img loading=\"lazy\" decoding=\"async\" class=\"alignnone wp-image-630\" src=\"https:\/\/hydraulic-cylinders.net\/wp-content\/uploads\/2023\/08\/hydraulic-cylinder-product-5-300x213.webp\" alt=\"\" width=\"366\" height=\"260\" \/> <img loading=\"lazy\" decoding=\"async\" class=\"alignnone wp-image-631\" src=\"https:\/\/hydraulic-cylinders.net\/wp-content\/uploads\/2023\/08\/hydraulic-cylinder-product-6-300x225.webp\" alt=\"\" width=\"347\" height=\"260\" \/><\/p>\n<h3>(5) Testning<\/h3>\n<p>Vi har f\u00f6rstklassiga inspektionsanl\u00e4ggningar och testb\u00e4ddar f\u00f6r att s\u00e4kerst\u00e4lla att cylinderns prestanda uppfyller kraven.<\/p>\n<p><img loading=\"lazy\" decoding=\"async\" class=\"alignnone wp-image-632\" src=\"https:\/\/hydraulic-cylinders.net\/wp-content\/uploads\/2023\/08\/hydraulic-cylinder-product-8-300x200.webp\" alt=\"\" width=\"389\" height=\"260\" \/><\/p>\n<p>&nbsp;<\/p>\n<p>&nbsp;<\/p>\n<p>Vi \u00e4r en av de b\u00e4sta tillverkarna av hydraulcylindrar. Vi kan erbjuda ett helt\u00e4ckande utbud av hydraulcylindrar. Vi tillhandah\u00e5ller \u00e4ven motsvarande <a href=\"https:\/\/hzpt.com\/agricultural-pto-gearbox\/\" target=\"_blank\" rel=\"noopener\">jordbruksv\u00e4xell\u00e5dor<\/a>Vi har exporterat v\u00e5ra produkter till kunder \u00f6ver hela v\u00e4rlden och f\u00e5tt ett gott rykte tack vare v\u00e5r \u00f6verl\u00e4gsna produktkvalitet och kundservice. Vi v\u00e4lkomnar kunder b\u00e5de hemma och utomlands att kontakta oss f\u00f6r att f\u00f6rhandla aff\u00e4rer, utbyta information och <a href=\"https:\/\/www.hydraulic-cylinders.net\/sv\/contact-us\/\">samarbeta med oss<\/a>!<\/p>","protected":false},"excerpt":{"rendered":"<p>Cutter Suction Dredger Inverted Pile Cylinder The cutter suction dredger inverted pile cylinder is a groundbreaking hydraulic device transforming marine construction projects. With its innovative design and exceptional performance, this cylinder is crucial to modern dredging operations. The cutter suction dredger inverted pile cylinder has revolutionized marine construction by offering exceptional performance in piling operations. [&hellip;]<\/p>","protected":false},"featured_media":1764,"comment_status":"open","ping_status":"closed","template":"","meta":{"_et_pb_use_builder":"","_et_pb_old_content":"","_et_gb_content_width":""},"product_brand":[],"product_cat":[1535,1549,1552,1376],"product_tag":[1380],"class_list":{"0":"post-1761","1":"product","2":"type-product","3":"status-publish","4":"has-post-thumbnail","6":"product_cat-dredger-hydraulic-cylinders","7":"product_cat-single-acting-hydraulic-cylinder","8":"product_cat-stainless-steel-hydraulic-cylinder","9":"product_cat-hydraulic-cylinder","10":"product_tag-hydraulic-cylinder","12":"first","13":"instock","14":"shipping-taxable","15":"product-type-simple"},"amp_enabled":true,"_links":{"self":[{"href":"https:\/\/www.hydraulic-cylinders.net\/sv\/wp-json\/wp\/v2\/product\/1761","targetHints":{"allow":["GET"]}}],"collection":[{"href":"https:\/\/www.hydraulic-cylinders.net\/sv\/wp-json\/wp\/v2\/product"}],"about":[{"href":"https:\/\/www.hydraulic-cylinders.net\/sv\/wp-json\/wp\/v2\/types\/product"}],"replies":[{"embeddable":true,"href":"https:\/\/www.hydraulic-cylinders.net\/sv\/wp-json\/wp\/v2\/comments?post=1761"}],"wp:featuredmedia":[{"embeddable":true,"href":"https:\/\/www.hydraulic-cylinders.net\/sv\/wp-json\/wp\/v2\/media\/1764"}],"wp:attachment":[{"href":"https:\/\/www.hydraulic-cylinders.net\/sv\/wp-json\/wp\/v2\/media?parent=1761"}],"wp:term":[{"taxonomy":"product_brand","embeddable":true,"href":"https:\/\/www.hydraulic-cylinders.net\/sv\/wp-json\/wp\/v2\/product_brand?post=1761"},{"taxonomy":"product_cat","embeddable":true,"href":"https:\/\/www.hydraulic-cylinders.net\/sv\/wp-json\/wp\/v2\/product_cat?post=1761"},{"taxonomy":"product_tag","embeddable":true,"href":"https:\/\/www.hydraulic-cylinders.net\/sv\/wp-json\/wp\/v2\/product_tag?post=1761"}],"curies":[{"name":"wp","href":"https:\/\/api.w.org\/{rel}","templated":true}]}}