{"id":1772,"date":"2023-10-13T06:29:47","date_gmt":"2023-10-13T06:29:47","guid":{"rendered":"https:\/\/hydraulic-cylinders.net\/?post_type=product&#038;p=1772"},"modified":"2025-04-15T05:54:57","modified_gmt":"2025-04-15T05:54:57","slug":"trailing-suction-dredger-mud-door-cylinder","status":"publish","type":"product","link":"https:\/\/www.hydraulic-cylinders.net\/sv\/produkt\/trailing-suction-dredger-mud-door-cylinder\/","title":{"rendered":"Sl\u00e4pande sugmudderverks lerd\u00f6rrcylinder"},"content":{"rendered":"<h1 style=\"text-align: center;\"><strong>Sl\u00e4pande sugmudderverks lerd\u00f6rrcylinder<\/strong><\/h1>\n<h1 style=\"text-align: center;\"><strong><img loading=\"lazy\" decoding=\"async\" class=\"alignnone wp-image-1774\" src=\"https:\/\/hydraulic-cylinders.net\/wp-content\/uploads\/2023\/10\/trailing-suction-dredger-mud-door-cylinder-1-1-300x300.webp\" alt=\"\" width=\"400\" height=\"400\" \/><\/strong><\/h1>\n<p>Den sl\u00e4pande sugmudderverkets slamportcylinder \u00e4r en viktig hydraulisk komponent som \u00e4r utformad f\u00f6r att f\u00f6rb\u00e4ttra effektiviteten och \u00e4ndam\u00e5lsenligheten vid muddringsarbeten. Denna cylinder spelar en avg\u00f6rande roll f\u00f6r att styra \u00f6ppningen och st\u00e4ngningen av slamportarna, vilket s\u00e4kerst\u00e4ller ett smidigt sedimentintag och -utlopp.<\/p>\n<p>Sl\u00e4pmudderverkets cylinder f\u00f6r slamport \u00e4r en avg\u00f6rande komponent f\u00f6r att optimera effektiviteten och produktiviteten vid muddringsarbeten. Med sin robusta konstruktion, exakta kontroll och s\u00e4kra st\u00e4ngning s\u00e4kerst\u00e4ller denna hydraulcylinder s\u00f6ml\u00f6st sedimentintag och -utmatning, vilket f\u00f6rb\u00e4ttrar den totala muddringseffektiviteten. Genom att f\u00f6lja korrekta anv\u00e4ndningsmetoder och regelbundna underh\u00e5llspraxis kan muddringsproffs maximera prestandan och livsl\u00e4ngden f\u00f6r denna exceptionella produkt. Omfamna kraften hos sl\u00e4pmudderverkets slamportcylinder och upplev skillnaden den kan g\u00f6ra i dina muddringsarbeten.<\/p>\n<p>Sl\u00e4psugsmudderverks mudd\u00f6rrcylinder Viktiga egenskaper:<\/p>\n<ol>\n<li>Robust konstruktion:<\/li>\n<\/ol>\n<ul>\n<li>Muddringscylindern \u00e4r konstruerad av h\u00f6gkvalitativa material, vilket s\u00e4kerst\u00e4ller h\u00e5llbarhet och livsl\u00e4ngd \u00e4ven under kr\u00e4vande muddringsf\u00f6rh\u00e5llanden.<br \/>\nDen \u00e4r konstruerad f\u00f6r att motst\u00e5 h\u00f6ga tryck, tuffa milj\u00f6er och konstant anv\u00e4ndning, och bibeh\u00e5ller j\u00e4mn prestanda under muddringsarbeten.<\/li>\n<\/ul>\n<ol start=\"2\">\n<li>Smidig drift:<\/li>\n<\/ol>\n<ul>\n<li>Denna cylinder erbjuder smidig och exakt drift, vilket m\u00f6jligg\u00f6r effektiv kontroll och justering av lerd\u00f6rrens \u00f6ppnings- och st\u00e4ngningsmekanismer.<\/li>\n<li>Det s\u00e4kerst\u00e4ller tillf\u00f6rlitlig och noggrann positionering av muddringsluckan, vilket underl\u00e4ttar optimal muddringsprestanda.<\/li>\n<\/ul>\n<ol start=\"3\">\n<li>Kraftfull aktivering:<\/li>\n<\/ol>\n<ul>\n<li>Lekd\u00f6rrscylindern ger kraftfulla man\u00f6vreringsm\u00f6jligheter, vilket m\u00f6jligg\u00f6r enkel \u00f6ppning och st\u00e4ngning av lekd\u00f6rren.<\/li>\n<li>Den levererar den kraft som kr\u00e4vs f\u00f6r att hantera stora volymer muddringsmassor, vilket s\u00e4kerst\u00e4ller effektiv inneslutning och utmatning under muddringsarbeten.<\/li>\n<\/ul>\n<ol start=\"4\">\n<li>Anpassningsbara parametrar:<\/li>\n<\/ol>\n<ul>\n<li>Denna cylinder m\u00f6jligg\u00f6r anpassningsbar justering av olika parametrar, s\u00e5som \u00f6ppnings- och st\u00e4ngningshastighet, slagl\u00e4ngd och driftstryck.<\/li>\n<li>Operat\u00f6rer kan skr\u00e4ddarsy cylinderns inst\u00e4llningar f\u00f6r att matcha de specifika muddringskraven, vilket optimerar effektiviteten och \u00e4ndam\u00e5lsenligheten i den \u00f6vergripande operationen.<\/li>\n<\/ul>\n<h2><strong>Parameter f\u00f6r sl\u00e4pande sugmudderverk f\u00f6r mudd\u00f6rr:<\/strong><\/h2>\n<table border=\"1\" cellspacing=\"0\" cellpadding=\"0\">\n<tbody>\n<tr>\n<td>Produktnamn<\/td>\n<td>Sl\u00e4pande sugmudderverks lerd\u00f6rrcylinder<\/td>\n<\/tr>\n<tr>\n<td>Drag:<\/td>\n<td>Dragkraft f\u00f6r att \u00f6ppna och st\u00e4nga lerd\u00f6rren, och kan utrustas med en f\u00f6rskjutningssensor efter behov<\/td>\n<\/tr>\n<tr>\n<td>Borrdiameter:<\/td>\n<td>400 mm<\/td>\n<\/tr>\n<tr>\n<td>St\u00e5ngdiameter:<\/td>\n<td>200 mm<br \/>\nSlagl\u00e4ngd: 1400 mm<\/td>\n<\/tr>\n<tr>\n<td>Tryck:<\/td>\n<td>upp till 32 MPa<\/td>\n<\/tr>\n<tr>\n<td>Dragkraft:<\/td>\n<td>Maximalt 2355 kN<\/td>\n<\/tr>\n<tr>\n<td>Anv\u00e4ndningsomr\u00e5den:<\/td>\n<td>Sl\u00e4psugande mudderverk<\/td>\n<\/tr>\n<\/tbody>\n<\/table>\n<div><\/div>\n<div>\n<div class=\"txtboxL\">\n<div class=\"txtboxL\">\n<div class=\"txtboxL\">Drag:<\/div>\n<div class=\"txtboxR\">Dragkraft f\u00f6r att \u00f6ppna och st\u00e4nga lerd\u00f6rren, och kan utrustas med en f\u00f6rskjutningssensor efter behov<\/div>\n<div class=\"txtboxL\">Specifikation:<\/div>\n<div class=\"txtboxR\">Borrdiameter: 400 mm<br \/>\nSt\u00e5ngdiameter: 200 mm<br \/>\nSlagl\u00e4ngd: 1400 mm<\/div>\n<div class=\"txtboxL\">Tryck:<\/div>\n<div class=\"txtboxR\">upp till 32 MPa<\/div>\n<div class=\"txtboxL\">Dragkraft:<\/div>\n<div class=\"txtboxR\">Maximalt 2355 kN<\/div>\n<\/div>\n<\/div>\n<\/div>\n<h2><strong>Anv\u00e4ndning av mudderverkssk\u00e4r-sugcylindrar:<\/strong><\/h2>\n<p><img loading=\"lazy\" decoding=\"async\" class=\"alignnone wp-image-1757 size-full\" src=\"https:\/\/hydraulic-cylinders.net\/wp-content\/uploads\/2023\/10\/dredger-tank-cylinder-1.webp\" alt=\"\" width=\"600\" height=\"400\" srcset=\"https:\/\/hydraulic-cylinders.net\/wp-content\/uploads\/2023\/10\/dredger-tank-cylinder-1.webp 600w, https:\/\/hydraulic-cylinders.net\/wp-content\/uploads\/2023\/10\/dredger-tank-cylinder-1-480x320.webp 480w\" sizes=\"(min-width: 0px) and (max-width: 480px) 480px, (min-width: 481px) 600px, 100vw\" \/><\/p>\n<h2><strong>Anv\u00e4ndningsmetod f\u00f6r sl\u00e4pande sugdredgers lerd\u00f6rrcylinder<\/strong><strong>:<\/strong><\/h2>\n<ol>\n<li><strong>Installation:<\/strong><\/li>\n<\/ol>\n<ul>\n<li>F\u00f6lj tillverkarens riktlinjer f\u00f6r att s\u00e4kert montera slamd\u00f6rrcylindern p\u00e5 sl\u00e4pmudderverket.<\/li>\n<li>S\u00e4kerst\u00e4ll korrekt inriktning och fasts\u00e4ttning p\u00e5 lerd\u00f6rren och tillh\u00f6rande komponenter, vilket m\u00f6jligg\u00f6r smidig och tillf\u00f6rlitlig drift.<\/li>\n<\/ul>\n<ol start=\"2\">\n<li><strong>Kontroll och justering:<\/strong><\/li>\n<\/ol>\n<ul>\n<li>Anv\u00e4nd mudderverkets styrsystem f\u00f6r att man\u00f6vrera och justera slamluckans cylinder.<\/li>\n<li>Styr \u00f6ppningen och st\u00e4ngningen av muddringsluckan med de avsedda reglagen, vilket m\u00f6jligg\u00f6r exakt kontroll \u00f6ver utmatningen av muddermaterialet.<\/li>\n<\/ul>\n<ol start=\"3\">\n<li><strong>Muddringsoperationer:<\/strong><\/li>\n<\/ol>\n<ul>\n<li>Aktivera muddringscylindern f\u00f6r att \u00f6ppna eller st\u00e4nga muddringsluckan efter behov under muddringsarbeten.<\/li>\n<li>Justera cylinderns parametrar, s\u00e5som hastighet och slagl\u00e4ngd, f\u00f6r att optimera muddringsprocessen och s\u00e4kerst\u00e4lla effektiv materialinneslutning och utmatning.<\/li>\n<\/ul>\n<h2><strong>Hur man kontrollerar hastigheten p\u00e5 en hydraulcylinder?<\/strong><\/h2>\n<p>En hydraulcylinder \u00e4r ett mekaniskt st\u00e4lldon som omvandlar hydrauliskt tryck till linj\u00e4r kraft och r\u00f6relse. Den best\u00e5r av en cylindrisk cylinder, en kolv, en kolvst\u00e5ng, t\u00e4tningar och portar f\u00f6r hydraulv\u00e4tska. H\u00e4r \u00e4r en sammanfattning av hur en hydraulcylinder fungerar:<\/p>\n<ol>\n<li><strong>Hydraulv\u00e4tsketillf\u00f6rsel:<\/strong> En hydraulcylinder \u00e4r ansluten till en hydraulisk kraftenhet eller pump som tillf\u00f6r trycksatt hydraulv\u00e4tska. V\u00e4tskan \u00e4r vanligtvis en oljebaserad hydraulv\u00e4tska.<\/li>\n<li><strong>Cylinderstruktur:<\/strong> Cylindern har en ih\u00e5lig cylindrisk cylinder med en kolv monterad inuti. Kolven delar cylindern i tv\u00e5 kammare: kolvst\u00e5ngskammaren och lockkammaren.<\/li>\n<li><strong>Tryckapplikation:<\/strong> Hydraulv\u00e4tskan leds in i en av cylinderkamrarna, antingen kolvst\u00e5ngs\u00e4nden eller cylinderlockskammaren, beroende p\u00e5 \u00f6nskad r\u00f6relseriktning.<\/li>\n<li><strong>Tryckskillnad:<\/strong> Den trycksatta hydraulv\u00e4tskan verkar p\u00e5 kolvens yta och skapar en kraft som driver kolven i den angivna riktningen. Tryckskillnaden mellan de tv\u00e5 kamrarna f\u00e5r kolven att r\u00f6ra sig.<\/li>\n<li><strong>Linj\u00e4r r\u00f6relse:<\/strong> N\u00e4r hydraulv\u00e4tskan trycker mot kolven, f\u00f6rl\u00e4ngs eller dras kolvst\u00e5ngen som \u00e4r f\u00e4st vid kolven linj\u00e4rt, beroende p\u00e5 v\u00e4tskefl\u00f6dets riktning. Denna linj\u00e4ra r\u00f6relse \u00f6verf\u00f6r kraft till lasten eller mekanismen som \u00e4r ansluten till kolvst\u00e5ngen.<\/li>\n<li><strong>T\u00e4tningsmekanism:<\/strong> Hydraulcylindern \u00e4r utrustad med t\u00e4tningar, s\u00e5som kolvt\u00e4tningar och kolvst\u00e5ngst\u00e4tningar, f\u00f6r att f\u00f6rhindra l\u00e4ckage av hydraulv\u00e4tska. Dessa t\u00e4tningar uppr\u00e4tth\u00e5ller trycket inuti cylindern och s\u00e4kerst\u00e4ller smidig drift genom att f\u00f6rhindra v\u00e4tskel\u00e4ckage.<\/li>\n<li><strong>Styrventiler:<\/strong> Styrventiler anv\u00e4nds f\u00f6r att styra hydraulv\u00e4tskans riktning och fl\u00f6de. Dessa ventiler styr fl\u00f6det av hydraulv\u00e4tska in i cylinderns l\u00e4mpliga kammare, vilket m\u00f6jligg\u00f6r kolvens f\u00f6rl\u00e4ngning eller indragning.<\/li>\n<li><strong>Tryckavlastning:<\/strong> F\u00f6r att styra hydraulcylinderns hastighet och kraft kan tryckavlastningsventiler eller fl\u00f6desreglerventiler integreras i hydraulsystemet. Dessa ventiler reglerar trycket och fl\u00f6det av hydraulv\u00e4tska, vilket f\u00f6rhindrar \u00f6verdriven tryckuppbyggnad och s\u00e4kerst\u00e4ller s\u00e4ker drift.<\/li>\n<li><strong>Ladda applikation:<\/strong> Kolvst\u00e5ngen p\u00e5 den hydrauliska cylindern \u00e4r ansluten till lasten eller mekanismen som kr\u00e4ver kraft eller r\u00f6relse. N\u00e4r kolven f\u00f6rl\u00e4ngs eller dras in \u00f6verf\u00f6rs den genererade kraften genom kolvst\u00e5ngen till lasten, vilket g\u00f6r att den kan r\u00f6ra sig eller ut\u00f6va kraft.<\/li>\n<\/ol>\n<h2><strong>Fabrikens kapacitet och kapacitet:<\/strong><\/h2>\n<h3>(1) Montering<\/h3>\n<p>Vi har en f\u00f6rstklassig oberoende forsknings- och utvecklingsplattform. Verkstaden f\u00f6r tillverkning av hydraulcylindrar har fyra halvautomatiska monteringslinjer f\u00f6r lyftcylindrar och en automatisk monteringslinje f\u00f6r tiltcylindrar, med en planerad \u00e5rlig produktionskapacitet p\u00e5 1 miljon enheter. Specialcylinderverkstaden \u00e4r utrustad med olika specifikationer f\u00f6r ett halvautomatiskt reng\u00f6ringsmonteringssystem med en planerad \u00e5rlig produktionskapacitet p\u00e5 200 000 och utrustad med k\u00e4nd CNC-bearbetningsutrustning, ett fleroperationscenter, en specialutrustning f\u00f6r h\u00f6gprecisionscylindrar, en robotsvetsmaskin, en automatisk reng\u00f6ringsmaskin, en automatisk cylindermonteringsmaskin och en automatisk produktionslinje f\u00f6r m\u00e5lning. Befintlig kritisk utrustning p\u00e5 mer \u00e4n 300 set (set). Optimal allokering och effektiv anv\u00e4ndning av utrustningsresurser s\u00e4kerst\u00e4ller produkternas noggrannhetskrav och uppfyller produkternas h\u00f6ga kvalitetsbehov.<\/p>\n<p><img loading=\"lazy\" decoding=\"async\" class=\"alignnone wp-image-626\" src=\"https:\/\/hydraulic-cylinders.net\/wp-content\/uploads\/2023\/08\/hydraulic-cylinder-product-1-300x158.webp\" alt=\"\" width=\"495\" height=\"260\" srcset=\"https:\/\/hydraulic-cylinders.net\/wp-content\/uploads\/2023\/08\/hydraulic-cylinder-product-1-300x158.webp 495w, https:\/\/hydraulic-cylinders.net\/wp-content\/uploads\/2023\/08\/hydraulic-cylinder-product-1-480x252.webp 480w\" sizes=\"(min-width: 0px) and (max-width: 480px) 480px, (min-width: 481px) 495px, 100vw\" \/> <img loading=\"lazy\" decoding=\"async\" class=\"alignnone wp-image-627\" src=\"https:\/\/hydraulic-cylinders.net\/wp-content\/uploads\/2023\/08\/hydraulic-cylinder-product-2-300x189.webp\" alt=\"\" width=\"413\" height=\"260\" \/><\/p>\n<h3>(2) Maskinbearbetning<\/h3>\n<p>Bearbetningsverkstaden \u00e4r utrustad med en specialanpassad svarvcentral f\u00f6r lutande r\u00e4ls, bearbetningscenter, h\u00f6ghastighetsh\u00f6nsmaskin, svetsrobot och annan relaterad utrustning, som kan hantera bearbetning av cylinderr\u00f6r med en maximal innerdiameter p\u00e5 400 mm och en maximal l\u00e4ngd p\u00e5 6 meter.<\/p>\n<p><img loading=\"lazy\" decoding=\"async\" class=\"alignnone wp-image-628 size-large\" src=\"https:\/\/hydraulic-cylinders.net\/wp-content\/uploads\/2023\/08\/hydraulic-cylinder-product-3-1024x391.webp\" alt=\"\" width=\"1024\" height=\"391\" srcset=\"https:\/\/hydraulic-cylinders.net\/wp-content\/uploads\/2023\/08\/hydraulic-cylinder-product-3-980x374.webp 980w, https:\/\/hydraulic-cylinders.net\/wp-content\/uploads\/2023\/08\/hydraulic-cylinder-product-3-480x183.webp 480w\" sizes=\"(min-width: 0px) and (max-width: 480px) 480px, (min-width: 481px) and (max-width: 980px) 980px, (min-width: 981px) 1024px, 100vw\" \/><\/p>\n<h3>(3) Svetsning<\/h3>\n<p><img loading=\"lazy\" decoding=\"async\" class=\"alignnone wp-image-629 size-large\" src=\"https:\/\/hydraulic-cylinders.net\/wp-content\/uploads\/2023\/08\/hydraulic-cylinder-product-4-1024x510.webp\" alt=\"\" width=\"1024\" height=\"510\" srcset=\"https:\/\/hydraulic-cylinders.net\/wp-content\/uploads\/2023\/08\/hydraulic-cylinder-product-4-980x488.webp 980w, https:\/\/hydraulic-cylinders.net\/wp-content\/uploads\/2023\/08\/hydraulic-cylinder-product-4-480x239.webp 480w\" sizes=\"(min-width: 0px) and (max-width: 480px) 480px, (min-width: 481px) and (max-width: 980px) 980px, (min-width: 981px) 1024px, 100vw\" \/><\/p>\n<h3>(4) M\u00e5lning och ytbehandling<\/h3>\n<p>Med sm\u00e5 och medelstora cylindriska automatiska vattenbaserade f\u00e4rgbel\u00e4ggningslinjer, f\u00f6r att uppn\u00e5 automatisk robotlastning och lossning samt automatisk sprutning, \u00e4r den designade kapaciteten 4000 stycken per skift;<br \/>\nVi har \u00e4ven en halvautomatisk f\u00e4rgproduktionslinje f\u00f6r stora cylindrar som drivs av en sl\u00e4pkedja, med en designkapacitet p\u00e5 60 l\u00e5dor per skift.<\/p>\n<p><img loading=\"lazy\" decoding=\"async\" class=\"alignnone wp-image-630\" src=\"https:\/\/hydraulic-cylinders.net\/wp-content\/uploads\/2023\/08\/hydraulic-cylinder-product-5-300x213.webp\" alt=\"\" width=\"366\" height=\"260\" \/> <img loading=\"lazy\" decoding=\"async\" class=\"alignnone wp-image-631\" src=\"https:\/\/hydraulic-cylinders.net\/wp-content\/uploads\/2023\/08\/hydraulic-cylinder-product-6-300x225.webp\" alt=\"\" width=\"347\" height=\"260\" \/><\/p>\n<h3>(5) Testning<\/h3>\n<p>Vi har f\u00f6rstklassiga inspektionsanl\u00e4ggningar och testb\u00e4ddar f\u00f6r att s\u00e4kerst\u00e4lla att cylinderns prestanda uppfyller kraven.<\/p>\n<p><img loading=\"lazy\" decoding=\"async\" class=\"alignnone wp-image-632\" src=\"https:\/\/hydraulic-cylinders.net\/wp-content\/uploads\/2023\/08\/hydraulic-cylinder-product-8-300x200.webp\" alt=\"\" width=\"389\" height=\"260\" \/><\/p>\n<p>&nbsp;<\/p>\n<p>&nbsp;<\/p>\n<p>Vi \u00e4r en av de b\u00e4sta tillverkarna av hydraulcylindrar. Vi kan erbjuda ett helt\u00e4ckande utbud av hydraulcylindrar. Vi tillhandah\u00e5ller \u00e4ven motsvarande <a href=\"https:\/\/hzpt.com\/agricultural-pto-gearbox\/\" target=\"_blank\" rel=\"noopener\">jordbruksv\u00e4xell\u00e5dor<\/a>Vi har exporterat v\u00e5ra produkter till kunder \u00f6ver hela v\u00e4rlden och f\u00e5tt ett gott rykte tack vare v\u00e5r \u00f6verl\u00e4gsna produktkvalitet och kundservice. Vi v\u00e4lkomnar kunder b\u00e5de hemma och utomlands att kontakta oss f\u00f6r att f\u00f6rhandla aff\u00e4rer, utbyta information och <a href=\"https:\/\/www.hydraulic-cylinders.net\/sv\/contact-us\/\">samarbeta med oss<\/a>!<\/p>","protected":false},"excerpt":{"rendered":"<p>Trailing Suction Dredger Mud Door Cylinder The trailing suction dredger mud door cylinder is a vital hydraulic component designed to improve the efficiency and effectiveness of dredging operations. This cylinder plays a crucial role in controlling the opening and closing of the mud doors, ensuring seamless sediment intake and discharge. The trailing suction dredger mud [&hellip;]<\/p>","protected":false},"featured_media":1773,"comment_status":"open","ping_status":"closed","template":"","meta":{"_et_pb_use_builder":"","_et_pb_old_content":"","_et_gb_content_width":""},"product_brand":[],"product_cat":[1550,1535,1552,1376],"product_tag":[1380],"class_list":{"0":"post-1772","1":"product","2":"type-product","3":"status-publish","4":"has-post-thumbnail","6":"product_cat-double-acting-hydraulic-cylinder","7":"product_cat-dredger-hydraulic-cylinders","8":"product_cat-stainless-steel-hydraulic-cylinder","9":"product_cat-hydraulic-cylinder","10":"product_tag-hydraulic-cylinder","12":"first","13":"instock","14":"shipping-taxable","15":"product-type-simple"},"amp_enabled":true,"_links":{"self":[{"href":"https:\/\/www.hydraulic-cylinders.net\/sv\/wp-json\/wp\/v2\/product\/1772","targetHints":{"allow":["GET"]}}],"collection":[{"href":"https:\/\/www.hydraulic-cylinders.net\/sv\/wp-json\/wp\/v2\/product"}],"about":[{"href":"https:\/\/www.hydraulic-cylinders.net\/sv\/wp-json\/wp\/v2\/types\/product"}],"replies":[{"embeddable":true,"href":"https:\/\/www.hydraulic-cylinders.net\/sv\/wp-json\/wp\/v2\/comments?post=1772"}],"wp:featuredmedia":[{"embeddable":true,"href":"https:\/\/www.hydraulic-cylinders.net\/sv\/wp-json\/wp\/v2\/media\/1773"}],"wp:attachment":[{"href":"https:\/\/www.hydraulic-cylinders.net\/sv\/wp-json\/wp\/v2\/media?parent=1772"}],"wp:term":[{"taxonomy":"product_brand","embeddable":true,"href":"https:\/\/www.hydraulic-cylinders.net\/sv\/wp-json\/wp\/v2\/product_brand?post=1772"},{"taxonomy":"product_cat","embeddable":true,"href":"https:\/\/www.hydraulic-cylinders.net\/sv\/wp-json\/wp\/v2\/product_cat?post=1772"},{"taxonomy":"product_tag","embeddable":true,"href":"https:\/\/www.hydraulic-cylinders.net\/sv\/wp-json\/wp\/v2\/product_tag?post=1772"}],"curies":[{"name":"wp","href":"https:\/\/api.w.org\/{rel}","templated":true}]}}