{"id":1775,"date":"2023-10-13T06:57:31","date_gmt":"2023-10-13T06:57:31","guid":{"rendered":"https:\/\/hydraulic-cylinders.net\/?post_type=product&#038;p=1775"},"modified":"2025-04-15T05:54:54","modified_gmt":"2025-04-15T05:54:54","slug":"trailing-suction-dredger-overflow-cylinder","status":"publish","type":"product","link":"https:\/\/www.hydraulic-cylinders.net\/sv\/produkt\/trailing-suction-dredger-overflow-cylinder\/","title":{"rendered":"\u00d6verfl\u00f6descylinder f\u00f6r sl\u00e4pande sugmudderverk"},"content":{"rendered":"<h1 style=\"text-align: center;\"><strong>\u00d6verfl\u00f6descylinder f\u00f6r sl\u00e4pande sugmudderverk<\/strong><\/h1>\n<h1 style=\"text-align: center;\"><img loading=\"lazy\" decoding=\"async\" class=\"alignnone wp-image-1776\" src=\"https:\/\/hydraulic-cylinders.net\/wp-content\/uploads\/2023\/10\/trailing-suction-dredger-overflow-cylinder-1-300x300.webp\" alt=\"\" width=\"400\" height=\"400\" \/><\/h1>\n<p>\u00d6verstr\u00f6mningscylindern f\u00f6r sl\u00e4psugmudderverk \u00e4r en viktig komponent i modern muddringsutrustning. Denna cylinder \u00e4r utformad f\u00f6r att optimera prestandan hos sl\u00e4psugmudderverk och spelar en avg\u00f6rande roll i hanteringen av \u00f6verstr\u00f6mningssystemet.<\/p>\n<p>\u00d6verstr\u00f6mningscylindern f\u00f6r sl\u00e4psugmudderverket \u00e4r en viktig komponent f\u00f6r att uppn\u00e5 effektiva muddringsoperationer. Med sin robusta konstruktion, exakta styrning, tillf\u00f6rlitliga man\u00f6vrering och anpassningsbara inst\u00e4llningar f\u00f6rb\u00e4ttrar denna cylinder den totala prestandan hos sl\u00e4psugmudderverk. Genom att f\u00f6lja de rekommenderade anv\u00e4ndningsmetoderna och underh\u00e5llspraxisen kan operat\u00f6rerna maximera \u00f6verstr\u00f6mningscylinderns prestanda och livsl\u00e4ngd, vilket i slut\u00e4ndan f\u00f6rb\u00e4ttrar effektiviteten och \u00e4ndam\u00e5lsenligheten i muddringsaktiviteterna.<\/p>\n<p>Viktiga egenskaper f\u00f6r \u00f6verfl\u00f6descylinder f\u00f6r sl\u00e4psugsmudderverk:<\/p>\n<ol>\n<li>Robust konstruktion:<\/li>\n<\/ol>\n<ul>\n<li>\u00d6verfyllnadscylindern \u00e4r byggd av h\u00f6gkvalitativa material, vilket s\u00e4kerst\u00e4ller h\u00e5llbarhet och l\u00e5ng livsl\u00e4ngd \u00e4ven i kr\u00e4vande muddringsmilj\u00f6er.<\/li>\n<li>Dess robusta konstruktion g\u00f6r att den t\u00e5l h\u00f6ga tryck, tuffa f\u00f6rh\u00e5llanden och konstant anv\u00e4ndning, och bibeh\u00e5ller j\u00e4mn prestanda under hela muddringsarbetet.<\/li>\n<\/ul>\n<ol start=\"2\">\n<li>Exakt kontroll:<\/li>\n<\/ol>\n<ul>\n<li>Denna cylinder erbjuder exakt kontroll \u00f6ver \u00f6verstr\u00f6mningssystemet, vilket m\u00f6jligg\u00f6r noggrann hantering av muddringsmaterialet.<\/li>\n<li>Det s\u00e4kerst\u00e4ller optimal kontroll och reglering av \u00f6verfl\u00f6desprocessen, vilket underl\u00e4ttar effektiv sedimentseparation och utmatning.<\/li>\n<\/ul>\n<ol start=\"3\">\n<li>Tillf\u00f6rlitlig aktivering:<\/li>\n<\/ol>\n<ul>\n<li>\u00d6verstr\u00f6mningscylindern ger tillf\u00f6rlitliga man\u00f6vreringsm\u00f6jligheter, vilket s\u00e4kerst\u00e4ller en smidig och j\u00e4mn drift av \u00f6verstr\u00f6mningssystemet.<\/li>\n<li>Den levererar den kraft som kr\u00e4vs f\u00f6r att kontrollera \u00f6verloppsportens r\u00f6relse, vilket s\u00e4kerst\u00e4ller effektiv hantering av fl\u00f6det av muddrat material.<\/li>\n<\/ul>\n<ol start=\"4\">\n<li>Anpassningsbara inst\u00e4llningar:<\/li>\n<\/ol>\n<ul>\n<li>Denna cylinder m\u00f6jligg\u00f6r anpassningsbar justering av olika parametrar, s\u00e5som \u00f6ppnings- och st\u00e4ngningshastighet, slagl\u00e4ngd och man\u00f6vreringstryck.<\/li>\n<li>Operat\u00f6rer kan skr\u00e4ddarsy dessa inst\u00e4llningar f\u00f6r att matcha specifika muddringskrav, vilket optimerar effektiviteten hos \u00f6verfl\u00f6dessystemet.<\/li>\n<\/ul>\n<h2><strong>Parameter f\u00f6r \u00f6verfl\u00f6descylinder f\u00f6r sl\u00e4pande sugmudderverk:<\/strong><\/h2>\n<table border=\"1\" cellspacing=\"0\" cellpadding=\"0\">\n<tbody>\n<tr>\n<td>Produktnamn<\/td>\n<td>\u00d6verfl\u00f6descylinder f\u00f6r sl\u00e4pande sugmudderverk<\/td>\n<\/tr>\n<tr>\n<td>Drag:<\/td>\n<td>Ge dragkraft f\u00f6r att lyfta avlastningsr\u00f6ret<\/td>\n<\/tr>\n<tr>\n<td>Borrdiameter:<\/td>\n<td>Upp till 280 mm<\/td>\n<\/tr>\n<tr>\n<td>St\u00e5ngdiameter:<\/td>\n<td>Upp till 180 mm<br \/>\nSlagl\u00e4ngd upp till 6000 mm<\/td>\n<\/tr>\n<tr>\n<td>Tryck:<\/td>\n<td>upp till 32 MPa<\/td>\n<\/tr>\n<tr>\n<td>Dragkraft:<\/td>\n<td>Maximalt 900 kN<\/td>\n<\/tr>\n<tr>\n<td>Anv\u00e4ndningsomr\u00e5den:<\/td>\n<td>Sl\u00e4psugande mudderverk<\/td>\n<\/tr>\n<\/tbody>\n<\/table>\n<div><\/div>\n<div>\n<div class=\"txtboxL\">\n<div class=\"txtboxL\">\n<div class=\"txtboxL\">\n<div class=\"txtboxL\">Drag:<\/div>\n<div class=\"txtboxR\">Ge dragkraft f\u00f6r att lyfta avlastningsr\u00f6ret<\/div>\n<div class=\"txtboxL\">Specifikation:<\/div>\n<div class=\"txtboxR\">Borrdiameter: upp till 280 mm<br \/>\nSt\u00e5ngdiameter: upp till 180 mm<br \/>\nSlagl\u00e4ngd upp till 6000 mm<\/div>\n<div class=\"txtboxL\">Tryck:<\/div>\n<div class=\"txtboxR\">upp till 32 MPa<\/div>\n<div class=\"txtboxL\">Dragkraft:<\/div>\n<div class=\"txtboxR\">Maximalt 900 kN<\/div>\n<\/div>\n<\/div>\n<\/div>\n<\/div>\n<h2><strong>Anv\u00e4ndning av mudderverkssk\u00e4r-sugcylindrar:<\/strong><\/h2>\n<p><img loading=\"lazy\" decoding=\"async\" class=\"alignnone wp-image-1757 size-full\" src=\"https:\/\/hydraulic-cylinders.net\/wp-content\/uploads\/2023\/10\/dredger-tank-cylinder-1.webp\" alt=\"\" width=\"600\" height=\"400\" srcset=\"https:\/\/hydraulic-cylinders.net\/wp-content\/uploads\/2023\/10\/dredger-tank-cylinder-1.webp 600w, https:\/\/hydraulic-cylinders.net\/wp-content\/uploads\/2023\/10\/dredger-tank-cylinder-1-480x320.webp 480w\" sizes=\"(min-width: 0px) and (max-width: 480px) 480px, (min-width: 481px) 600px, 100vw\" \/><\/p>\n<h2><strong>Anv\u00e4ndningsmetod f\u00f6r \u00f6verfl\u00f6descylinder f\u00f6r sl\u00e4pande sugdredge<\/strong><strong>:<\/strong><\/h2>\n<ol>\n<li><strong>Installation:<\/strong><\/li>\n<\/ol>\n<ul>\n<li>Follow the manufacturer&#8217;s guidelines to install the Overflow Cylinder securely onto the trailing suction dredger.<\/li>\n<li>S\u00e4kerst\u00e4ll korrekt inriktning och fasts\u00e4ttning av cylindern p\u00e5 \u00f6verstr\u00f6mningsspj\u00e4llet och tillh\u00f6rande komponenter, f\u00f6r att s\u00e4kerst\u00e4lla smidig och tillf\u00f6rlitlig drift.<\/li>\n<\/ul>\n<ol start=\"2\">\n<li><strong>Hantering av \u00f6verfl\u00f6dessystem:<\/strong><\/li>\n<\/ol>\n<ul>\n<li>Utilize the dredger&#8217;s control system to operate and manage the Overflow Cylinder.<\/li>\n<li>Styr \u00f6ppning och st\u00e4ngning av \u00f6verloppsporten med hj\u00e4lp av de avsedda reglagen, vilket m\u00f6jligg\u00f6r exakt kontroll \u00f6ver fl\u00f6det och utmatningen av muddermaterialet.<\/li>\n<\/ul>\n<ol start=\"3\">\n<li><strong>Muddringsoperationer:<\/strong><\/li>\n<\/ol>\n<ul>\n<li>Aktivera \u00f6verfyllningscylindern f\u00f6r att justera \u00f6verfyllningsspj\u00e4llets position efter behov under muddringsarbeten.<\/li>\n<li>Adjust the cylinder&#8217;s settings, such as speed and stroke length, to optimize the overflow process and ensure efficient sediment separation and discharge.<\/li>\n<\/ul>\n<h2><strong>Hur man demonterar en hydraulcylinder?<\/strong><\/h2>\n<p>Demontering av en hydraulcylinder kr\u00e4ver noggrann uppm\u00e4rksamhet och efterlevnad av korrekta procedurer f\u00f6r att s\u00e4kerst\u00e4lla s\u00e4ker och effektiv demontering. H\u00e4r \u00e4r en steg-f\u00f6r-steg-guide f\u00f6r hur man demonterar en hydraulcylinder:<\/p>\n<ol>\n<li><strong>Samla n\u00f6dv\u00e4ndiga verktyg och utrustning:<\/strong>\n<ul>\n<li>Skiftnycklar eller hylsnyckelsats<\/li>\n<li>Brykst\u00e5ng eller skruvmejsel<\/li>\n<li>Gummiklubba eller d\u00f6dslagshammare<\/li>\n<li>Rena trasor eller butikshanddukar<\/li>\n<li>Uppsamlingstr\u00e5g eller beh\u00e5llare f\u00f6r hydraulv\u00e4tska<\/li>\n<li>Skyddshandskar och skyddsglas\u00f6gon<\/li>\n<\/ul>\n<\/li>\n<li><strong>F\u00f6rbered arbetsomr\u00e5det:<\/strong>\n<ul>\n<li>Se till att du har en ren och organiserad arbetsyta med tillr\u00e4ckligt med utrymme f\u00f6r att l\u00e4gga ut de demonterade komponenterna.<\/li>\n<li>L\u00e4gg en absorberande matta eller oljeabsorberande material f\u00f6r att f\u00e5nga upp spilld hydraulv\u00e4tska.<\/li>\n<\/ul>\n<\/li>\n<li><strong>Avlasta hydraultrycket:<\/strong>\n<ul>\n<li>Innan demonteringsprocessen p\u00e5b\u00f6rjas, sl\u00e4pp ut det hydrauliska trycket fr\u00e5n cylindern. Detta kan g\u00f6ras genom att aktivera hydraulsystemets styrventil f\u00f6r att dra in cylindern helt.<\/li>\n<\/ul>\n<\/li>\n<li><strong>Ta bort kopplingar och anslutningar:<\/strong>\n<ul>\n<li>Lossa och ta f\u00f6rsiktigt bort alla kopplingar, kontakter eller hydraulslangar som \u00e4r f\u00e4sta p\u00e5 cylindern med hj\u00e4lp av skiftnycklar eller en hylsnyckelsats.<\/li>\n<li>H\u00e5ll koll p\u00e5 beslagen och deras motsvarande platser f\u00f6r \u00e5termontering.<\/li>\n<\/ul>\n<\/li>\n<li><strong>S\u00e4kra cylindern:<\/strong>\n<ul>\n<li>Se till att cylindern \u00e4r ordentligt st\u00f6ttad med hj\u00e4lp av en l\u00e4mplig arbetsb\u00e4nk eller ett skruvst\u00e4d f\u00f6r att f\u00f6rhindra att den faller eller rullar under demonteringen.<\/li>\n<\/ul>\n<\/li>\n<li><strong>Ta bort packningen eller \u00e4ndk\u00e5pan:<\/strong>\n<ul>\n<li>Glandringen eller \u00e4ndk\u00e5pan \u00e4r vanligtvis placerad vid cylinderns st\u00e5ng\u00e4nde.<\/li>\n<li>Anv\u00e4nd en skiftnyckel eller hylsnyckel f\u00f6r att lossa och ta bort f\u00e4stbultarna eller muttrarna.<\/li>\n<li>Om packboxen eller \u00e4ndlocket har fastnat kan du l\u00e4tt knacka p\u00e5 den med en gummiklubba eller slaghammare f\u00f6r att lossa den.<\/li>\n<li>N\u00e4r den \u00e4r l\u00f6s, ta f\u00f6rsiktigt bort packningen eller \u00e4ndlocket s\u00e5 att eventuell hydraulv\u00e4tska rinner ner i uppsamlingstr\u00e5get.<\/li>\n<\/ul>\n<\/li>\n<li><strong>Ta ut kolv- och st\u00e5ngaggregatet:<\/strong>\n<ul>\n<li>N\u00e4r packningen eller \u00e4ndk\u00e5pan \u00e4r borttagen kan du nu komma \u00e5t kolv- och st\u00e5ngenheten.<\/li>\n<li>Skjut f\u00f6rsiktigt ut kolv- och st\u00e5ngenheten ur cylindercylindern och se till att du har ett fast grepp f\u00f6r att f\u00f6rhindra att den faller eller skadas.<\/li>\n<li>Om enheten har fastnat kan du anv\u00e4nda en brytst\u00e5ng eller skruvmejsel f\u00f6r att f\u00f6rsiktigt applicera h\u00e4vst\u00e5ngseffekt och hj\u00e4lpa till att ta bort den.<\/li>\n<\/ul>\n<\/li>\n<li><strong>Inspektera och reng\u00f6r komponenterna:<\/strong>\n<ul>\n<li>N\u00e4r de \u00e4r demonterade, inspektera alla komponenter f\u00f6r tecken p\u00e5 slitage, skador eller kontaminering.<\/li>\n<li>Reng\u00f6r komponenterna noggrant med rena trasor eller handdukar och ta bort smuts, skr\u00e4p eller hydraulv\u00e4tska.<\/li>\n<li>Var noga med kolven, st\u00e5ngen, cylinderr\u00f6ret och t\u00e4tningarna.<\/li>\n<\/ul>\n<\/li>\n<li><strong>Byt ut eller reparera komponenter:<\/strong>\n<ul>\n<li>Om n\u00e5gra komponenter \u00e4r slitna eller skadade rekommenderas det att byta ut dem mot nya.<\/li>\n<li>Kontrollera t\u00e4tningarna f\u00f6r tecken p\u00e5 slitage och byt ut dem vid behov.<\/li>\n<li>Consult the manufacturer&#8217;s guidelines or seek professional advice if you are unsure about component replacement or repair.<\/li>\n<\/ul>\n<\/li>\n<li><strong>\u00c5termontering:<\/strong>\n<ul>\n<li>Follow the manufacturer&#8217;s instructions for reassembling the hydraulic cylinder.<\/li>\n<li>Applicera en l\u00e4mplig hydraulv\u00e4tska eller sm\u00f6rjmedel p\u00e5 t\u00e4tningarna och komponenterna vid \u00e5termontering.<\/li>\n<li>Se till att alla kopplingar och anslutningar \u00e4r \u00e5tdragna med angivna \u00e5tdragningsmoment.<\/li>\n<li>Dubbelkolla att komponenterna \u00e4r korrekt justerade och orienterade innan du slutf\u00f6r monteringen.<\/li>\n<\/ul>\n<\/li>\n<\/ol>\n<h2><strong>Fabrikens kapacitet och kapacitet:<\/strong><\/h2>\n<h3>(1) Montering<\/h3>\n<p>Vi har en f\u00f6rstklassig oberoende forsknings- och utvecklingsplattform. Verkstaden f\u00f6r tillverkning av hydraulcylindrar har fyra halvautomatiska monteringslinjer f\u00f6r lyftcylindrar och en automatisk monteringslinje f\u00f6r tiltcylindrar, med en planerad \u00e5rlig produktionskapacitet p\u00e5 1 miljon enheter. Specialcylinderverkstaden \u00e4r utrustad med olika specifikationer f\u00f6r ett halvautomatiskt reng\u00f6ringsmonteringssystem med en planerad \u00e5rlig produktionskapacitet p\u00e5 200 000 och utrustad med k\u00e4nd CNC-bearbetningsutrustning, ett fleroperationscenter, en specialutrustning f\u00f6r h\u00f6gprecisionscylindrar, en robotsvetsmaskin, en automatisk reng\u00f6ringsmaskin, en automatisk cylindermonteringsmaskin och en automatisk produktionslinje f\u00f6r m\u00e5lning. Befintlig kritisk utrustning p\u00e5 mer \u00e4n 300 set (set). Optimal allokering och effektiv anv\u00e4ndning av utrustningsresurser s\u00e4kerst\u00e4ller produkternas noggrannhetskrav och uppfyller produkternas h\u00f6ga kvalitetsbehov.<\/p>\n<p><img loading=\"lazy\" decoding=\"async\" class=\"alignnone wp-image-626\" src=\"https:\/\/hydraulic-cylinders.net\/wp-content\/uploads\/2023\/08\/hydraulic-cylinder-product-1-300x158.webp\" alt=\"\" width=\"495\" height=\"260\" srcset=\"https:\/\/hydraulic-cylinders.net\/wp-content\/uploads\/2023\/08\/hydraulic-cylinder-product-1-300x158.webp 495w, https:\/\/hydraulic-cylinders.net\/wp-content\/uploads\/2023\/08\/hydraulic-cylinder-product-1-480x252.webp 480w\" sizes=\"(min-width: 0px) and (max-width: 480px) 480px, (min-width: 481px) 495px, 100vw\" \/> <img loading=\"lazy\" decoding=\"async\" class=\"alignnone wp-image-627\" src=\"https:\/\/hydraulic-cylinders.net\/wp-content\/uploads\/2023\/08\/hydraulic-cylinder-product-2-300x189.webp\" alt=\"\" width=\"413\" height=\"260\" \/><\/p>\n<h3>(2) Maskinbearbetning<\/h3>\n<p>Bearbetningsverkstaden \u00e4r utrustad med en specialanpassad svarvcentral f\u00f6r lutande r\u00e4ls, bearbetningscenter, h\u00f6ghastighetsh\u00f6nsmaskin, svetsrobot och annan relaterad utrustning, som kan hantera bearbetning av cylinderr\u00f6r med en maximal innerdiameter p\u00e5 400 mm och en maximal l\u00e4ngd p\u00e5 6 meter.<\/p>\n<p><img loading=\"lazy\" decoding=\"async\" class=\"alignnone wp-image-628 size-large\" src=\"https:\/\/hydraulic-cylinders.net\/wp-content\/uploads\/2023\/08\/hydraulic-cylinder-product-3-1024x391.webp\" alt=\"\" width=\"1024\" height=\"391\" srcset=\"https:\/\/hydraulic-cylinders.net\/wp-content\/uploads\/2023\/08\/hydraulic-cylinder-product-3-980x374.webp 980w, https:\/\/hydraulic-cylinders.net\/wp-content\/uploads\/2023\/08\/hydraulic-cylinder-product-3-480x183.webp 480w\" sizes=\"(min-width: 0px) and (max-width: 480px) 480px, (min-width: 481px) and (max-width: 980px) 980px, (min-width: 981px) 1024px, 100vw\" \/><\/p>\n<h3>(3) Svetsning<\/h3>\n<p><img loading=\"lazy\" decoding=\"async\" class=\"alignnone wp-image-629 size-large\" src=\"https:\/\/hydraulic-cylinders.net\/wp-content\/uploads\/2023\/08\/hydraulic-cylinder-product-4-1024x510.webp\" alt=\"\" width=\"1024\" height=\"510\" srcset=\"https:\/\/hydraulic-cylinders.net\/wp-content\/uploads\/2023\/08\/hydraulic-cylinder-product-4-980x488.webp 980w, https:\/\/hydraulic-cylinders.net\/wp-content\/uploads\/2023\/08\/hydraulic-cylinder-product-4-480x239.webp 480w\" sizes=\"(min-width: 0px) and (max-width: 480px) 480px, (min-width: 481px) and (max-width: 980px) 980px, (min-width: 981px) 1024px, 100vw\" \/><\/p>\n<h3>(4) M\u00e5lning och ytbehandling<\/h3>\n<p>Med sm\u00e5 och medelstora cylindriska automatiska vattenbaserade f\u00e4rgbel\u00e4ggningslinjer, f\u00f6r att uppn\u00e5 automatisk robotlastning och lossning samt automatisk sprutning, \u00e4r den designade kapaciteten 4000 stycken per skift;<br \/>\nVi har \u00e4ven en halvautomatisk f\u00e4rgproduktionslinje f\u00f6r stora cylindrar som drivs av en sl\u00e4pkedja, med en designkapacitet p\u00e5 60 l\u00e5dor per skift.<\/p>\n<p><img loading=\"lazy\" decoding=\"async\" class=\"alignnone wp-image-630\" src=\"https:\/\/hydraulic-cylinders.net\/wp-content\/uploads\/2023\/08\/hydraulic-cylinder-product-5-300x213.webp\" alt=\"\" width=\"366\" height=\"260\" \/> <img loading=\"lazy\" decoding=\"async\" class=\"alignnone wp-image-631\" src=\"https:\/\/hydraulic-cylinders.net\/wp-content\/uploads\/2023\/08\/hydraulic-cylinder-product-6-300x225.webp\" alt=\"\" width=\"347\" height=\"260\" \/><\/p>\n<h3>(5) Testning<\/h3>\n<p>Vi har f\u00f6rstklassiga inspektionsanl\u00e4ggningar och testb\u00e4ddar f\u00f6r att s\u00e4kerst\u00e4lla att cylinderns prestanda uppfyller kraven.<\/p>\n<p><img loading=\"lazy\" decoding=\"async\" class=\"alignnone wp-image-632\" src=\"https:\/\/hydraulic-cylinders.net\/wp-content\/uploads\/2023\/08\/hydraulic-cylinder-product-8-300x200.webp\" alt=\"\" width=\"389\" height=\"260\" \/><\/p>\n<p>&nbsp;<\/p>\n<p>&nbsp;<\/p>\n<p>Vi \u00e4r en av de b\u00e4sta tillverkarna av hydraulcylindrar. Vi kan erbjuda ett helt\u00e4ckande utbud av hydraulcylindrar. Vi tillhandah\u00e5ller \u00e4ven motsvarande <a href=\"https:\/\/hzpt.com\/agricultural-pto-gearbox\/\" target=\"_blank\" rel=\"noopener\">jordbruksv\u00e4xell\u00e5dor<\/a>Vi har exporterat v\u00e5ra produkter till kunder \u00f6ver hela v\u00e4rlden och f\u00e5tt ett gott rykte tack vare v\u00e5r \u00f6verl\u00e4gsna produktkvalitet och kundservice. Vi v\u00e4lkomnar kunder b\u00e5de hemma och utomlands att kontakta oss f\u00f6r att f\u00f6rhandla aff\u00e4rer, utbyta information och <a href=\"https:\/\/www.hydraulic-cylinders.net\/sv\/contact-us\/\">samarbeta med oss<\/a>!<\/p>","protected":false},"excerpt":{"rendered":"<p>Trailing Suction Dredger Overflow Cylinder The trailing suction dredger overflow cylinder is a vital component in modern dredging equipment. Designed to optimize the performance of trailing suction dredgers, this cylinder plays a crucial role in managing the overflow system. The trailing suction dredger overflow cylinder is an essential component for achieving efficient and effective dredging [&hellip;]<\/p>","protected":false},"featured_media":1777,"comment_status":"open","ping_status":"closed","template":"","meta":{"_et_pb_use_builder":"","_et_pb_old_content":"","_et_gb_content_width":""},"product_brand":[],"product_cat":[1535,1549,1552,1376],"product_tag":[1380],"class_list":{"0":"post-1775","1":"product","2":"type-product","3":"status-publish","4":"has-post-thumbnail","6":"product_cat-dredger-hydraulic-cylinders","7":"product_cat-single-acting-hydraulic-cylinder","8":"product_cat-stainless-steel-hydraulic-cylinder","9":"product_cat-hydraulic-cylinder","10":"product_tag-hydraulic-cylinder","12":"first","13":"instock","14":"shipping-taxable","15":"product-type-simple"},"amp_enabled":true,"_links":{"self":[{"href":"https:\/\/www.hydraulic-cylinders.net\/sv\/wp-json\/wp\/v2\/product\/1775","targetHints":{"allow":["GET"]}}],"collection":[{"href":"https:\/\/www.hydraulic-cylinders.net\/sv\/wp-json\/wp\/v2\/product"}],"about":[{"href":"https:\/\/www.hydraulic-cylinders.net\/sv\/wp-json\/wp\/v2\/types\/product"}],"replies":[{"embeddable":true,"href":"https:\/\/www.hydraulic-cylinders.net\/sv\/wp-json\/wp\/v2\/comments?post=1775"}],"wp:featuredmedia":[{"embeddable":true,"href":"https:\/\/www.hydraulic-cylinders.net\/sv\/wp-json\/wp\/v2\/media\/1777"}],"wp:attachment":[{"href":"https:\/\/www.hydraulic-cylinders.net\/sv\/wp-json\/wp\/v2\/media?parent=1775"}],"wp:term":[{"taxonomy":"product_brand","embeddable":true,"href":"https:\/\/www.hydraulic-cylinders.net\/sv\/wp-json\/wp\/v2\/product_brand?post=1775"},{"taxonomy":"product_cat","embeddable":true,"href":"https:\/\/www.hydraulic-cylinders.net\/sv\/wp-json\/wp\/v2\/product_cat?post=1775"},{"taxonomy":"product_tag","embeddable":true,"href":"https:\/\/www.hydraulic-cylinders.net\/sv\/wp-json\/wp\/v2\/product_tag?post=1775"}],"curies":[{"name":"wp","href":"https:\/\/api.w.org\/{rel}","templated":true}]}}