{"id":1835,"date":"2023-10-17T05:41:23","date_gmt":"2023-10-17T05:41:23","guid":{"rendered":"https:\/\/hydraulic-cylinders.net\/?post_type=product&#038;p=1835"},"modified":"2025-04-15T05:43:01","modified_gmt":"2025-04-15T05:43:01","slug":"empty-container-stacker-oil-steering-cylinder","status":"publish","type":"product","link":"https:\/\/www.hydraulic-cylinders.net\/sv\/produkt\/empty-container-stacker-oil-steering-cylinder\/","title":{"rendered":"Tom containerstaplare f\u00f6r oljestyrning"},"content":{"rendered":"<h1 style=\"text-align: center;\"><strong>Tom containerstaplare f\u00f6r oljestyrning<\/strong><\/h1>\n<h1 style=\"text-align: center;\"><img loading=\"lazy\" decoding=\"async\" class=\"alignnone wp-image-1836\" src=\"https:\/\/hydraulic-cylinders.net\/wp-content\/uploads\/2023\/10\/steering-cylinder-1-4-300x300.webp\" alt=\"\" width=\"400\" height=\"400\" \/><\/h1>\n<p>Oljestyrcylindern f\u00f6r tomcontainerstaplare \u00e4r en kritisk komponent utformad f\u00f6r att f\u00f6rb\u00e4ttra man\u00f6vrerbarheten och kontrollen av tomcontainerstaplare. Denna hydraulcylinder spelar en avg\u00f6rande roll i styrmekanismen, vilket g\u00f6r det m\u00f6jligt f\u00f6r operat\u00f6rer att navigera enkelt och exakt i kr\u00e4vande containerhanteringsmilj\u00f6er. Med sina avancerade funktioner, h\u00e5llbara konstruktion och exakta kontrollfunktioner \u00e4r oljestyrcylindern f\u00f6r tomcontainerstaplare avg\u00f6rande f\u00f6r f\u00f6retag som vill optimera sin containerhanteringseffektivitet och produktivitet.<\/p>\n<p>Styrcylindern f\u00f6r tomcontainerstaplare \u00e4r en viktig komponent f\u00f6r att optimera containerhanteringen, s\u00e4rskilt i styrmekanismen f\u00f6r tomcontainerstaplare. Med f\u00f6rb\u00e4ttrad man\u00f6vrerbarhet, exakt kontroll, h\u00e5llbar konstruktion och smidig drift g\u00f6r denna cylinder det m\u00f6jligt f\u00f6r operat\u00f6rer att navigera snabbt och exakt i kr\u00e4vande containerhanteringsmilj\u00f6er. F\u00f6retag kan maximera prestandan, livsl\u00e4ngden och s\u00e4kerheten f\u00f6r sin containerhantering genom att f\u00f6lja de rekommenderade anv\u00e4ndningsmetoderna och implementera regelbundet underh\u00e5ll. Med styrcylindern f\u00f6r tomcontainerstaplare kan f\u00f6retag f\u00f6rb\u00e4ttra produktiviteten, effektivisera processer och s\u00e4kerst\u00e4lla effektiv f\u00f6rflyttning av containrar i den kr\u00e4vande containerhanteringsbranschen.<\/p>\n<p>Tom containerstaplare f\u00f6r oljestyrcylinder, viktiga egenskaper:<\/p>\n<ul>\n<li>F\u00f6rb\u00e4ttrad man\u00f6vrerbarhet: Oljestyrcylindern f\u00f6rb\u00e4ttrar man\u00f6vrerbarheten hos tomcontainerstaplare avsev\u00e4rt. Den m\u00f6jligg\u00f6r exakt sv\u00e4ng- och styrkontroll, vilket g\u00f6r att f\u00f6rare enkelt kan navigera i tr\u00e5nga utrymmen, h\u00f6rn och hinder. Denna f\u00f6rb\u00e4ttrade man\u00f6vrerbarhet leder till \u00f6kad driftseffektivitet och minskad stillest\u00e5ndstid.<\/li>\n<li>Exakt kontroll: Styrcylindern f\u00f6r tomcontainerstaplaren ger exakt kontroll \u00f6ver styrmekanismen. F\u00f6rarna kan justera styrvinkeln exakt, vilket m\u00f6jligg\u00f6r smidiga och specifika riktningsf\u00f6r\u00e4ndringar. Denna exakta kontroll s\u00e4kerst\u00e4ller optimal positionering och uppriktning under containerhantering.<\/li>\n<li>H\u00e5llbar konstruktion: Styrcylindern \u00e4r konstruerad med h\u00f6gkvalitativa material och robust teknik, vilket s\u00e4kerst\u00e4ller h\u00e5llbarhet och tillf\u00f6rlitlighet under kr\u00e4vande arbetsf\u00f6rh\u00e5llanden. Den \u00e4r konstruerad f\u00f6r att motst\u00e5 tunga belastningar, upprepad anv\u00e4ndning och exponering f\u00f6r tuffa milj\u00f6er, vilket minimerar underh\u00e5llsbehov och maximerar drifttiden.<\/li>\n<li>Smidig drift: Cylinderns hydraulsystem ger en smidig och j\u00e4mn styrning. Det minimerar vibrationer, st\u00f6tar och ryckiga r\u00f6relser, vilket f\u00f6rb\u00e4ttrar f\u00f6rarkomforten och minskar tr\u00f6tthet under l\u00e5ngvariga processer. Den smidiga driften f\u00f6rb\u00e4ttrar ocks\u00e5 s\u00e4kerheten och minskar risken f\u00f6r olyckor eller skador p\u00e5 containrar.<\/li>\n<\/ul>\n<h2><strong>Parameter f\u00f6r styrcylinder f\u00f6r tom containerstaplare:<\/strong><\/h2>\n<table border=\"1\" cellspacing=\"0\" cellpadding=\"0\">\n<tbody>\n<tr>\n<td>Produktnamn<\/td>\n<td>Styrcylinder f\u00f6r tom containerstaplare<\/td>\n<\/tr>\n<tr>\n<td>Drag:<\/td>\n<td>Justera staplarens d\u00e4ckriktning<\/td>\n<\/tr>\n<tr>\n<td>Borrdiameter:<\/td>\n<td>80 mm\uff5e200 mm<\/td>\n<\/tr>\n<tr>\n<td>St\u00e5ngdiameter:<\/td>\n<td>60 mm\uff5e100 mm<br \/>\nSlagl\u00e4ngd \u22649500 mm<\/td>\n<\/tr>\n<tr>\n<td>Tryck:<\/td>\n<td>Maximalt 25 MPa<\/td>\n<\/tr>\n<tr>\n<td>Anv\u00e4ndningsomr\u00e5den:<\/td>\n<td>Tom containerstaplare<\/td>\n<\/tr>\n<\/tbody>\n<\/table>\n<h2><strong>Applikation f\u00f6r tom containerstaplare f\u00f6r oljecylinder:<\/strong><\/h2>\n<p><img loading=\"lazy\" decoding=\"async\" class=\"alignnone wp-image-1831 size-full\" src=\"https:\/\/hydraulic-cylinders.net\/wp-content\/uploads\/2023\/10\/empty-container-stacker-oil-cylinder-1.webp\" alt=\"\" width=\"1418\" height=\"946\" srcset=\"https:\/\/hydraulic-cylinders.net\/wp-content\/uploads\/2023\/10\/empty-container-stacker-oil-cylinder-1.webp 1418w, https:\/\/hydraulic-cylinders.net\/wp-content\/uploads\/2023\/10\/empty-container-stacker-oil-cylinder-1-1280x854.webp 1280w, https:\/\/hydraulic-cylinders.net\/wp-content\/uploads\/2023\/10\/empty-container-stacker-oil-cylinder-1-980x654.webp 980w, https:\/\/hydraulic-cylinders.net\/wp-content\/uploads\/2023\/10\/empty-container-stacker-oil-cylinder-1-480x320.webp 480w\" sizes=\"(min-width: 0px) and (max-width: 480px) 480px, (min-width: 481px) and (max-width: 980px) 980px, (min-width: 981px) and (max-width: 1280px) 1280px, (min-width: 1281px) 1418px, 100vw\" \/><\/p>\n<h2><strong>Anv\u00e4ndningsmetod f\u00f6r styrcylinder f\u00f6r tom containerstaplare<\/strong><strong>:<\/strong><\/h2>\n<ol>\n<li><strong>Installation:<\/strong>\u00a0 Montera styrcylindern f\u00f6r den tomma containerstaplaren p\u00e5 den avsedda platsen i styrmekanismen p\u00e5 den tomma containerstaplaren. Se tillverkarens riktlinjer och specifikationer f\u00f6r korrekt uppriktning, montering och anslutningsprocedurer. S\u00e4kerst\u00e4ll s\u00e4ker och solid installation f\u00f6r att garantera optimal prestanda.<\/li>\n<li><strong>Hydrauliska anslutningar:<\/strong> Anslut cylindern till hydraulsystemet p\u00e5 den tomma containerstaplaren enligt tillverkarens rekommendationer. Se till att hydraulledningarna \u00e4r korrekt dragna och att anslutningarna \u00e4r s\u00e4kra. F\u00f6r att s\u00e4kerst\u00e4lla s\u00e4ker och effektiv drift, f\u00f6lj de angivna slangstorlekarna, kopplingarna och tryckklassningarna.<\/li>\n<li><strong>Kontroll och drift:<\/strong> Styrcylindern styrs vanligtvis via tomcontainerstaplarens befintliga styrsystem. F\u00f6rare kan anv\u00e4nda kontrollkonsolen eller kontrollpanelen f\u00f6r att aktivera hydraulkretsen och justera styrvinkeln. F\u00f6lj tillverkarens instruktioner och rekommenderade styrprocedurer f\u00f6r s\u00e4ker och exakt styrning.<\/li>\n<\/ol>\n<h2><strong>Hur fungerar en enkelverkande hydraulcylinder?<\/strong><\/h2>\n<p>En enkelverkande hydraulcylinder, \u00e4ven k\u00e4nd som en env\u00e4gscylinder, \u00e4r en typ av hydrauliskt st\u00e4lldon som genererar kraft och r\u00f6relse i en riktning. Den f\u00f6rlitar sig p\u00e5 hydrauliskt tryck f\u00f6r att f\u00f6rl\u00e4nga cylindern och anv\u00e4nder externa krafter, s\u00e5som gravitation eller fj\u00e4drar, f\u00f6r att dra in den. S\u00e5 h\u00e4r fungerar en enkelverkande hydraulcylinder:<\/p>\n<ol>\n<li><strong>Konstruktion:<\/strong> En enkelverkande hydraulcylinder best\u00e5r av ett cylindriskt hus, en kolv, en st\u00e5ng och hydraulv\u00e4tska. Kolven delar upp cylindern i en tryck- eller arbetskammare och en returkammare.<\/li>\n<li><strong>F\u00f6rl\u00e4ngningsslag:<\/strong> N\u00e4r hydraultryck appliceras p\u00e5 tryckkammaren verkar det p\u00e5 kolven och trycker den i en riktning. Denna kraft f\u00f6rl\u00e4nger kolvst\u00e5ngen och genererar en linj\u00e4r r\u00f6relse. Hydraulv\u00e4tskan i returkammaren f\u00f6rskjuts och fl\u00f6dar tillbaka in i hydraulbeh\u00e5llaren.<\/li>\n<li><strong>Indragningsslag:<\/strong> Till skillnad fr\u00e5n dubbelverkande cylindrar som anv\u00e4nder hydraultryck f\u00f6r ut- och indragning, \u00e4r en enkelverkande hydraulcylinder beroende av externa krafter f\u00f6r indragning. N\u00e4r det hydrauliska trycket sl\u00e4pps verkar den externa kraften, s\u00e5som gravitation eller en fj\u00e4der, p\u00e5 kolvst\u00e5ngen, vilket f\u00e5r den att dras in i cylindern.<\/li>\n<li><strong>Kontroll och drift:<\/strong> Hydraultrycket och fl\u00f6deshastigheten styrs av ventiler som styrs via ett styrsystem. Genom att justera ventilinst\u00e4llningarna kan hastigheten och kraften p\u00e5 cylinderns utskjutande slagl\u00e4ngd styras.<\/li>\n<li><strong>Anv\u00e4ndningsomr\u00e5den:<\/strong> Enkelverkande hydraulcylindrar anv\u00e4nds ofta d\u00e4r kraft kr\u00e4vs i en riktning och d\u00e4r externa krafter kan \u00e5stadkomma indragning. De anv\u00e4nds ofta i scenarier som lyfttill\u00e4mpningar, d\u00e4r lastens vikt eller gravitationen hj\u00e4lper till vid indragningsprocessen.<\/li>\n<li><strong>Underh\u00e5ll:<\/strong> Regelbundet underh\u00e5ll av den enkelverkande hydraulcylindern inkluderar kontroll av l\u00e4ckor, inspektion av t\u00e4tningar och packningar samt att ventiler och styrsystem fungerar korrekt. Korrekt filtrering och regelbundet v\u00e4tskebyte \u00e4r ocks\u00e5 viktigt f\u00f6r att bibeh\u00e5lla optimal prestanda och f\u00f6rhindra kontaminering.<\/li>\n<\/ol>\n<h2><strong>Fabrikens kapacitet och kapacitet:<\/strong><\/h2>\n<h3>(1) Montering<\/h3>\n<p>Vi har en f\u00f6rstklassig oberoende forsknings- och utvecklingsplattform. Verkstaden f\u00f6r tillverkning av hydraulcylindrar har fyra halvautomatiska monteringslinjer f\u00f6r lyftcylindrar och en automatisk monteringslinje f\u00f6r tiltcylindrar, med en planerad \u00e5rlig produktionskapacitet p\u00e5 1 miljon enheter. Specialcylinderverkstaden \u00e4r utrustad med olika specifikationer f\u00f6r ett halvautomatiskt reng\u00f6ringsmonteringssystem med en planerad \u00e5rlig produktionskapacitet p\u00e5 200 000 och utrustad med k\u00e4nd CNC-bearbetningsutrustning, ett fleroperationscenter, en specialutrustning f\u00f6r h\u00f6gprecisionscylindrar, en robotsvetsmaskin, en automatisk reng\u00f6ringsmaskin, en automatisk cylindermonteringsmaskin och en automatisk produktionslinje f\u00f6r m\u00e5lning. Befintlig kritisk utrustning p\u00e5 mer \u00e4n 300 set (set). Optimal allokering och effektiv anv\u00e4ndning av utrustningsresurser s\u00e4kerst\u00e4ller produkternas noggrannhetskrav och uppfyller produkternas h\u00f6ga kvalitetsbehov.<\/p>\n<p><img loading=\"lazy\" decoding=\"async\" class=\"alignnone wp-image-626\" src=\"https:\/\/hydraulic-cylinders.net\/wp-content\/uploads\/2023\/08\/hydraulic-cylinder-product-1-300x158.webp\" alt=\"\" width=\"495\" height=\"260\" srcset=\"https:\/\/hydraulic-cylinders.net\/wp-content\/uploads\/2023\/08\/hydraulic-cylinder-product-1-300x158.webp 495w, https:\/\/hydraulic-cylinders.net\/wp-content\/uploads\/2023\/08\/hydraulic-cylinder-product-1-480x252.webp 480w\" sizes=\"(min-width: 0px) and (max-width: 480px) 480px, (min-width: 481px) 495px, 100vw\" \/> <img loading=\"lazy\" decoding=\"async\" class=\"alignnone wp-image-627\" src=\"https:\/\/hydraulic-cylinders.net\/wp-content\/uploads\/2023\/08\/hydraulic-cylinder-product-2-300x189.webp\" alt=\"\" width=\"413\" height=\"260\" \/><\/p>\n<h3>(2) Maskinbearbetning<\/h3>\n<p>Bearbetningsverkstaden \u00e4r utrustad med en specialanpassad svarvcentral f\u00f6r lutande r\u00e4ls, bearbetningscenter, h\u00f6ghastighetsh\u00f6nsmaskin, svetsrobot och annan relaterad utrustning, som kan hantera bearbetning av cylinderr\u00f6r med en maximal innerdiameter p\u00e5 400 mm och en maximal l\u00e4ngd p\u00e5 6 meter.<\/p>\n<p><img loading=\"lazy\" decoding=\"async\" class=\"alignnone wp-image-628 size-large\" src=\"https:\/\/hydraulic-cylinders.net\/wp-content\/uploads\/2023\/08\/hydraulic-cylinder-product-3-1024x391.webp\" alt=\"\" width=\"1024\" height=\"391\" srcset=\"https:\/\/hydraulic-cylinders.net\/wp-content\/uploads\/2023\/08\/hydraulic-cylinder-product-3-980x374.webp 980w, https:\/\/hydraulic-cylinders.net\/wp-content\/uploads\/2023\/08\/hydraulic-cylinder-product-3-480x183.webp 480w\" sizes=\"(min-width: 0px) and (max-width: 480px) 480px, (min-width: 481px) and (max-width: 980px) 980px, (min-width: 981px) 1024px, 100vw\" \/><\/p>\n<h3>(3) Svetsning<\/h3>\n<p><img loading=\"lazy\" decoding=\"async\" class=\"alignnone wp-image-629 size-large\" src=\"https:\/\/hydraulic-cylinders.net\/wp-content\/uploads\/2023\/08\/hydraulic-cylinder-product-4-1024x510.webp\" alt=\"\" width=\"1024\" height=\"510\" srcset=\"https:\/\/hydraulic-cylinders.net\/wp-content\/uploads\/2023\/08\/hydraulic-cylinder-product-4-980x488.webp 980w, https:\/\/hydraulic-cylinders.net\/wp-content\/uploads\/2023\/08\/hydraulic-cylinder-product-4-480x239.webp 480w\" sizes=\"(min-width: 0px) and (max-width: 480px) 480px, (min-width: 481px) and (max-width: 980px) 980px, (min-width: 981px) 1024px, 100vw\" \/><\/p>\n<h3>(4) M\u00e5lning och ytbehandling<\/h3>\n<p>Med sm\u00e5 och medelstora cylindriska automatiska vattenbaserade f\u00e4rgbel\u00e4ggningslinjer, f\u00f6r att uppn\u00e5 automatisk robotlastning och lossning samt automatisk sprutning, \u00e4r den designade kapaciteten 4000 stycken per skift;<br \/>\nVi har \u00e4ven en halvautomatisk f\u00e4rgproduktionslinje f\u00f6r stora cylindrar som drivs av en sl\u00e4pkedja, med en designkapacitet p\u00e5 60 l\u00e5dor per skift.<\/p>\n<p><img loading=\"lazy\" decoding=\"async\" class=\"alignnone wp-image-630\" src=\"https:\/\/hydraulic-cylinders.net\/wp-content\/uploads\/2023\/08\/hydraulic-cylinder-product-5-300x213.webp\" alt=\"\" width=\"366\" height=\"260\" \/> <img loading=\"lazy\" decoding=\"async\" class=\"alignnone wp-image-631\" src=\"https:\/\/hydraulic-cylinders.net\/wp-content\/uploads\/2023\/08\/hydraulic-cylinder-product-6-300x225.webp\" alt=\"\" width=\"347\" height=\"260\" \/><\/p>\n<h3>(5) Testning<\/h3>\n<p>Vi har f\u00f6rstklassiga inspektionsanl\u00e4ggningar och testb\u00e4ddar f\u00f6r att s\u00e4kerst\u00e4lla att cylinderns prestanda uppfyller kraven.<\/p>\n<p><img loading=\"lazy\" decoding=\"async\" class=\"alignnone wp-image-632\" src=\"https:\/\/hydraulic-cylinders.net\/wp-content\/uploads\/2023\/08\/hydraulic-cylinder-product-8-300x200.webp\" alt=\"\" width=\"389\" height=\"260\" \/><\/p>\n<p>&nbsp;<\/p>\n<p>&nbsp;<\/p>\n<p>Vi \u00e4r en av de b\u00e4sta tillverkarna av hydraulcylindrar. Vi kan erbjuda ett helt\u00e4ckande utbud av hydraulcylindrar. Vi tillhandah\u00e5ller \u00e4ven motsvarande <a href=\"https:\/\/hzpt.com\/agricultural-pto-gearbox\/\" target=\"_blank\" rel=\"noopener\">jordbruksv\u00e4xell\u00e5dor<\/a>Vi har exporterat v\u00e5ra produkter till kunder \u00f6ver hela v\u00e4rlden och f\u00e5tt ett gott rykte tack vare v\u00e5r \u00f6verl\u00e4gsna produktkvalitet och kundservice. Vi v\u00e4lkomnar kunder b\u00e5de hemma och utomlands att kontakta oss f\u00f6r att f\u00f6rhandla aff\u00e4rer, utbyta information och <a href=\"https:\/\/www.hydraulic-cylinders.net\/sv\/contact-us\/\">samarbeta med oss<\/a>!<\/p>\n<p>&nbsp;<\/p>\n<p>&nbsp;<\/p>","protected":false},"excerpt":{"rendered":"<p>Empty Container Stacker Oil Steering Cylinder The empty container stacker oil steering cylinder is a critical component designed to improve the maneuverability and control of empty container stackers. This hydraulic cylinder plays a crucial role in the steering mechanism, allowing operators to navigate easily and accurately in demanding container handling environments. With its advanced features, [&hellip;]<\/p>","protected":false},"featured_media":1837,"comment_status":"open","ping_status":"closed","template":"","meta":{"_et_pb_use_builder":"","_et_pb_old_content":"","_et_gb_content_width":""},"product_brand":[],"product_cat":[1550,1516,1552],"product_tag":[1380],"class_list":{"0":"post-1835","1":"product","2":"type-product","3":"status-publish","4":"has-post-thumbnail","6":"product_cat-double-acting-hydraulic-cylinder","7":"product_cat-stacker-reclaimer-hydraulic-cylinders","8":"product_cat-stainless-steel-hydraulic-cylinder","9":"product_tag-hydraulic-cylinder","11":"first","12":"instock","13":"shipping-taxable","14":"product-type-simple"},"amp_enabled":true,"_links":{"self":[{"href":"https:\/\/www.hydraulic-cylinders.net\/sv\/wp-json\/wp\/v2\/product\/1835","targetHints":{"allow":["GET"]}}],"collection":[{"href":"https:\/\/www.hydraulic-cylinders.net\/sv\/wp-json\/wp\/v2\/product"}],"about":[{"href":"https:\/\/www.hydraulic-cylinders.net\/sv\/wp-json\/wp\/v2\/types\/product"}],"replies":[{"embeddable":true,"href":"https:\/\/www.hydraulic-cylinders.net\/sv\/wp-json\/wp\/v2\/comments?post=1835"}],"wp:featuredmedia":[{"embeddable":true,"href":"https:\/\/www.hydraulic-cylinders.net\/sv\/wp-json\/wp\/v2\/media\/1837"}],"wp:attachment":[{"href":"https:\/\/www.hydraulic-cylinders.net\/sv\/wp-json\/wp\/v2\/media?parent=1835"}],"wp:term":[{"taxonomy":"product_brand","embeddable":true,"href":"https:\/\/www.hydraulic-cylinders.net\/sv\/wp-json\/wp\/v2\/product_brand?post=1835"},{"taxonomy":"product_cat","embeddable":true,"href":"https:\/\/www.hydraulic-cylinders.net\/sv\/wp-json\/wp\/v2\/product_cat?post=1835"},{"taxonomy":"product_tag","embeddable":true,"href":"https:\/\/www.hydraulic-cylinders.net\/sv\/wp-json\/wp\/v2\/product_tag?post=1835"}],"curies":[{"name":"wp","href":"https:\/\/api.w.org\/{rel}","templated":true}]}}