{"id":1838,"date":"2023-10-17T06:03:15","date_gmt":"2023-10-17T06:03:15","guid":{"rendered":"https:\/\/hydraulic-cylinders.net\/?post_type=product&#038;p=1838"},"modified":"2025-04-15T05:42:58","modified_gmt":"2025-04-15T05:42:58","slug":"empty-container-stacker-oil-side-shift-cylinder","status":"publish","type":"product","link":"https:\/\/www.hydraulic-cylinders.net\/sv\/produkt\/empty-container-stacker-oil-side-shift-cylinder\/","title":{"rendered":"Tom containerstaplare f\u00f6r oljesida f\u00f6rskjutningscylinder"},"content":{"rendered":"<h1 style=\"text-align: center;\"><strong>Tom containerstaplare f\u00f6r oljesida f\u00f6rskjutningscylinder<\/strong><\/h1>\n<h1 style=\"text-align: center;\"><img loading=\"lazy\" decoding=\"async\" class=\"alignnone wp-image-1839\" src=\"https:\/\/hydraulic-cylinders.net\/wp-content\/uploads\/2023\/10\/side-shift-cylinder-1-300x300.webp\" alt=\"\" width=\"400\" height=\"400\" \/><\/h1>\n<p>Sidof\u00f6rskjutningscylindern f\u00f6r tomcontainerstaplare \u00e4r en viktig komponent utformad f\u00f6r att f\u00f6rb\u00e4ttra m\u00e5ngsidigheten och effektiviteten hos tomcontainerstaplare. Denna hydraulcylinder m\u00f6jligg\u00f6r exakt sidof\u00f6rskjutning av containrar, vilket g\u00f6r det m\u00f6jligt f\u00f6r operat\u00f6rer att positionera dem snabbt och exakt. Med sina avancerade funktioner, robusta konstruktion och s\u00f6ml\u00f6sa kontrollfunktioner \u00e4r sidof\u00f6rskjutningscylindern f\u00f6r tomcontainerstaplare ett oumb\u00e4rligt verktyg f\u00f6r f\u00f6retag som vill optimera sin containerhantering.<\/p>\n<p>Sidof\u00f6rskjutningscylindern f\u00f6r tomcontainerstaplare \u00e4r avg\u00f6rande f\u00f6r att optimera containerhanteringen, s\u00e4rskilt i tomcontainerstaplare. Med sin enkla sidof\u00f6rskjutning, m\u00e5ngsidiga hanteringskapacitet, robusta konstruktion och exakta kontroll ger denna cylinder operat\u00f6rerna m\u00f6jlighet att positionera containrar snabbt och exakt. Genom att f\u00f6lja de rekommenderade anv\u00e4ndningsmetoderna och implementera regelbundna underh\u00e5llspraxis kan f\u00f6retag maximera prestandan, livsl\u00e4ngden och s\u00e4kerheten f\u00f6r sin containerhantering. Med sidof\u00f6rskjutningscylindern f\u00f6r tomcontainerstaplare kan f\u00f6retag f\u00f6rb\u00e4ttra produktiviteten, effektivisera processer och s\u00e4kerst\u00e4lla effektiv och exakt containerpositionering i den kr\u00e4vande containerhanteringsbranschen.<\/p>\n<p>Tom containerstaplare f\u00f6r oljesidof\u00f6rskjutningscylinder, viktiga egenskaper:<\/p>\n<ul>\n<li>Enkel sidof\u00f6rskjutning: Oljecylindern f\u00f6r sidof\u00f6rskjutning m\u00f6jligg\u00f6r enkel sidof\u00f6rskjutning av containrar, vilket ger operat\u00f6rerna exakt kontroll \u00f6ver containerpositioneringen. Den g\u00f6r det m\u00f6jligt f\u00f6r dem att enkelt justera containrarnas sidol\u00e4ge och tillgodose olika lastnings- och lossningskrav. Denna enkla sidof\u00f6rskjutningsfunktion minskar hanteringstiden, minimerar risken f\u00f6r kollisioner och f\u00f6rb\u00e4ttrar den totala driftseffektiviteten.<\/li>\n<li>M\u00e5ngsidig hantering: Sidof\u00f6rskjutningscylindern f\u00f6r tomcontainerstaplare f\u00f6rb\u00e4ttrar m\u00e5ngsidigheten hos tomcontainerstaplare genom att de kan hantera containrar i olika storlekar och former. Med m\u00f6jligheten att justera containerns position kan operat\u00f6rerna anpassa sig till varierande containerdimensioner, vilket s\u00e4kerst\u00e4ller en s\u00e4ker passform och minimerar risken f\u00f6r skador under hantering.<\/li>\n<li>Robust konstruktion: Sidof\u00f6rskjutningscylindern \u00e4r konstruerad med h\u00f6gkvalitativa material och robust konstruktion, vilket s\u00e4kerst\u00e4ller h\u00e5llbarhet och tillf\u00f6rlitlighet i kr\u00e4vande arbetsf\u00f6rh\u00e5llanden. Den \u00e4r konstruerad f\u00f6r att motst\u00e5 tunga belastningar, frekventa r\u00f6relser och exponering f\u00f6r tuffa milj\u00f6er, vilket minimerar underh\u00e5llsbehov och maximerar drifttiden.<\/li>\n<li>Exakt kontroll: Sidof\u00f6rskjutningscylindern f\u00f6r den tomma containerstaplaren ger exakt kontroll \u00f6ver driften. Operat\u00f6rer kan exakt justera containerns sidol\u00e4ge, vilket m\u00f6jligg\u00f6r smidig och exakt inriktning med annan utrustning eller f\u00f6rvaringsplatser. Denna exakta kontroll s\u00e4kerst\u00e4ller effektiv och s\u00e4ker containerhantering, vilket minskar risken f\u00f6r olyckor eller skador.<\/li>\n<\/ul>\n<h2><strong>Parameter f\u00f6r tom containerstaplare f\u00f6r oljesida:<\/strong><\/h2>\n<table border=\"1\" cellspacing=\"0\" cellpadding=\"0\">\n<tbody>\n<tr>\n<td>Produktnamn<\/td>\n<td>Sidof\u00f6rskjutningscylinder f\u00f6r tom containerstaplare<\/td>\n<\/tr>\n<tr>\n<td>Drag:<\/td>\n<td>Uppt\u00e4ck v\u00e4nster- och h\u00f6gersidig f\u00f6rskjutning av redskapet<\/td>\n<\/tr>\n<tr>\n<td>Borrdiameter:<\/td>\n<td>80 mm\uff5e120 mm<\/td>\n<\/tr>\n<tr>\n<td>St\u00e5ngdiameter:<\/td>\n<td>50 mm\uff5e65 mm<br \/>\nSlagl\u00e4ngd \u22641500 mm<\/td>\n<\/tr>\n<tr>\n<td>Tryck:<\/td>\n<td>Maximalt 25 MPa<\/td>\n<\/tr>\n<tr>\n<td>Anv\u00e4ndningsomr\u00e5den:<\/td>\n<td>Tom containerstaplare<\/td>\n<\/tr>\n<\/tbody>\n<\/table>\n<h2><strong>Applikation f\u00f6r tom containerstaplare f\u00f6r oljecylinder:<\/strong><\/h2>\n<p><img loading=\"lazy\" decoding=\"async\" class=\"alignnone wp-image-1831 size-full\" src=\"https:\/\/hydraulic-cylinders.net\/wp-content\/uploads\/2023\/10\/empty-container-stacker-oil-cylinder-1.webp\" alt=\"\" width=\"1418\" height=\"946\" srcset=\"https:\/\/hydraulic-cylinders.net\/wp-content\/uploads\/2023\/10\/empty-container-stacker-oil-cylinder-1.webp 1418w, https:\/\/hydraulic-cylinders.net\/wp-content\/uploads\/2023\/10\/empty-container-stacker-oil-cylinder-1-1280x854.webp 1280w, https:\/\/hydraulic-cylinders.net\/wp-content\/uploads\/2023\/10\/empty-container-stacker-oil-cylinder-1-980x654.webp 980w, https:\/\/hydraulic-cylinders.net\/wp-content\/uploads\/2023\/10\/empty-container-stacker-oil-cylinder-1-480x320.webp 480w\" sizes=\"(min-width: 0px) and (max-width: 480px) 480px, (min-width: 481px) and (max-width: 980px) 980px, (min-width: 981px) and (max-width: 1280px) 1280px, (min-width: 1281px) 1418px, 100vw\" \/><\/p>\n<h2><strong>Anv\u00e4ndningsmetod f\u00f6r tom containerstaplare f\u00f6r oljesidskiftcylinder<\/strong><strong>:<\/strong><\/h2>\n<ul>\n<li><strong>Installation:<\/strong>\u00a0 Montera sidof\u00f6rskjutningscylindern f\u00f6r den tomma containerstaplaren p\u00e5 den avsedda platsen i containerstaplaren. F\u00f6lj tillverkarens riktlinjer och specifikationer f\u00f6r korrekt uppriktning, montering och anslutning. S\u00e4kerst\u00e4ll s\u00e4ker och korrekt installation f\u00f6r att garantera optimal prestanda.<\/li>\n<li><strong>Hydrauliska anslutningar:<\/strong> Anslut cylindern till hydraulsystemet p\u00e5 den tomma containerstaplaren enligt tillverkarens rekommendationer. Se till att hydraulledningarna \u00e4r korrekt dragna och att anslutningarna \u00e4r s\u00e4kra. F\u00f6r att s\u00e4kerst\u00e4lla s\u00e4ker och effektiv drift, f\u00f6lj de angivna slangstorlekarna, kopplingarna och tryckklassningarna.<\/li>\n<li><strong>Kontroll och drift:<\/strong> Sidof\u00f6rskjutningscylindern styrs vanligtvis via den tomma containerstaplarens befintliga styrsystem. Operat\u00f6rer kan anv\u00e4nda kontrollkonsolen eller kontrollpanelen f\u00f6r att aktivera hydraulkretsen och justera containerns laterala position. F\u00f6lj tillverkarens instruktioner och rekommendera s\u00e4kra och exakta sidof\u00f6rskjutningsprocedurer.<\/li>\n<\/ul>\n<h2><strong>Hur fungerar en teleskopisk hydraulcylinder?<\/strong><\/h2>\n<p>En teleskopisk hydraulcylinder, \u00e4ven k\u00e4nd som en flerstegs hydraulcylinder, \u00e4r en typ av hydrauliskt st\u00e4lldon som best\u00e5r av flera steg eller sektioner som \u00e4r inb\u00e4ddade i varandra. Denna design m\u00f6jligg\u00f6r en l\u00e4ngre slagl\u00e4ngd samtidigt som den bibeh\u00e5ller en kompakt totalstorlek. S\u00e5 h\u00e4r fungerar en teleskopisk hydraulcylinder:<\/p>\n<ol>\n<li><strong>Konstruktion:<\/strong> En teleskopisk hydraulcylinder best\u00e5r av en serie cylindriska r\u00f6r som kallas steg, d\u00e4r varje steg successivt minskar i diameter. Stegen \u00e4r sammankopplade med mellanliggande st\u00e4nger, och det viktigaste steget kallas vanligtvis prim\u00e4r- eller bassteget.<\/li>\n<li><strong>F\u00f6rl\u00e4ngningsslag:<\/strong> N\u00e4r hydrauliskt tryck appliceras p\u00e5 bassteget verkar det p\u00e5 kolven och trycker den och de anslutna mellanliggande st\u00e4ngerna fram\u00e5t. Denna initiala r\u00f6relse f\u00f6rl\u00e4nger det f\u00f6rsta steget. Hydraulv\u00e4tskan tvingas fr\u00e5n bassteget in i det f\u00f6rsta steget, vilket skapar en tryckskillnad.<\/li>\n<li><strong>Sekventiell f\u00f6rl\u00e4ngning:<\/strong> N\u00e4r det f\u00f6rsta steget str\u00e4cks ut trycker den mellanliggande st\u00e5ngen som \u00e4r f\u00e4st vid det mot det andra steget, vilket f\u00e5r det att v\u00e4xa. Denna sekventiella f\u00f6rl\u00e4ngning forts\u00e4tter n\u00e4r varje efterf\u00f6ljande steg r\u00f6r sig mot n\u00e4sta tills \u00f6nskad slagl\u00e4ngd uppn\u00e5s.<\/li>\n<li><strong>Indragningsslag:<\/strong> Det hydrauliska trycket frig\u00f6rs f\u00f6r att dra in den teleskopiska cylindern, vilket g\u00f6r att det inre trycket utj\u00e4mnas. Indragningen uppn\u00e5s vanligtvis genom externa krafter s\u00e5som gravitation, fj\u00e4drar eller lastinducerat tryck. N\u00e4r trycket utj\u00e4mnas dras stegen in i omv\u00e4nd ordning, d\u00e4r varje steg glider tillbaka in i det f\u00f6reg\u00e5ende tills cylindern \u00e4r helt indragen.<\/li>\n<li><strong>Kontroll och drift:<\/strong> Hydraultrycket och fl\u00f6deshastigheten styrs av ventiler som styrs via ett styrsystem. Genom att justera ventilinst\u00e4llningarna kan hastigheten och kraften f\u00f6r teleskopcylinderns ut- och indragning bibeh\u00e5llas.<\/li>\n<li><strong>Anv\u00e4ndningsomr\u00e5den:<\/strong> Teleskopiska hydraulcylindrar anv\u00e4nds ofta d\u00e4r l\u00e5ng slagl\u00e4ngd kr\u00e4vs i ett kompakt utrymme. De anv\u00e4nds ofta inom bygg-, materialhanterings- och transportindustrin, d\u00e4r kombinationen av l\u00e5ng r\u00e4ckvidd och kompakt storlek \u00e4r avg\u00f6rande.<\/li>\n<li><strong>Underh\u00e5ll:<\/strong> Regelbundet underh\u00e5ll av en teleskopisk hydraulcylinder inkluderar kontroll av l\u00e4ckor, inspektion av t\u00e4tningar och packningar samt att ventiler och styrsystem fungerar korrekt. Korrekt sm\u00f6rjning minimerar friktion mellan stegen och fr\u00e4mjar smidig drift. Regelbunden reng\u00f6ring och borttagning av skr\u00e4p \u00e4r ocks\u00e5 viktigt f\u00f6r att f\u00f6rhindra skador p\u00e5 stegen och bibeh\u00e5lla optimal prestanda.<\/li>\n<\/ol>\n<h2><strong>Fabrikens kapacitet och kapacitet:<\/strong><\/h2>\n<h3>(1) Montering<\/h3>\n<p>Vi har en f\u00f6rstklassig oberoende forsknings- och utvecklingsplattform. Verkstaden f\u00f6r tillverkning av hydraulcylindrar har fyra halvautomatiska monteringslinjer f\u00f6r lyftcylindrar och en automatisk monteringslinje f\u00f6r tiltcylindrar, med en planerad \u00e5rlig produktionskapacitet p\u00e5 1 miljon enheter. Specialcylinderverkstaden \u00e4r utrustad med olika specifikationer f\u00f6r ett halvautomatiskt reng\u00f6ringsmonteringssystem med en planerad \u00e5rlig produktionskapacitet p\u00e5 200 000 och utrustad med k\u00e4nd CNC-bearbetningsutrustning, ett fleroperationscenter, en specialutrustning f\u00f6r h\u00f6gprecisionscylindrar, en robotsvetsmaskin, en automatisk reng\u00f6ringsmaskin, en automatisk cylindermonteringsmaskin och en automatisk produktionslinje f\u00f6r m\u00e5lning. Befintlig kritisk utrustning p\u00e5 mer \u00e4n 300 set (set). Optimal allokering och effektiv anv\u00e4ndning av utrustningsresurser s\u00e4kerst\u00e4ller produkternas noggrannhetskrav och uppfyller produkternas h\u00f6ga kvalitetsbehov.<\/p>\n<p><img loading=\"lazy\" decoding=\"async\" class=\"alignnone wp-image-626\" src=\"https:\/\/hydraulic-cylinders.net\/wp-content\/uploads\/2023\/08\/hydraulic-cylinder-product-1-300x158.webp\" alt=\"\" width=\"495\" height=\"260\" srcset=\"https:\/\/hydraulic-cylinders.net\/wp-content\/uploads\/2023\/08\/hydraulic-cylinder-product-1-300x158.webp 495w, https:\/\/hydraulic-cylinders.net\/wp-content\/uploads\/2023\/08\/hydraulic-cylinder-product-1-480x252.webp 480w\" sizes=\"(min-width: 0px) and (max-width: 480px) 480px, (min-width: 481px) 495px, 100vw\" \/> <img loading=\"lazy\" decoding=\"async\" class=\"alignnone wp-image-627\" src=\"https:\/\/hydraulic-cylinders.net\/wp-content\/uploads\/2023\/08\/hydraulic-cylinder-product-2-300x189.webp\" alt=\"\" width=\"413\" height=\"260\" \/><\/p>\n<h3>(2) Maskinbearbetning<\/h3>\n<p>Bearbetningsverkstaden \u00e4r utrustad med en specialanpassad svarvcentral f\u00f6r lutande r\u00e4ls, bearbetningscenter, h\u00f6ghastighetsh\u00f6nsmaskin, svetsrobot och annan relaterad utrustning, som kan hantera bearbetning av cylinderr\u00f6r med en maximal innerdiameter p\u00e5 400 mm och en maximal l\u00e4ngd p\u00e5 6 meter.<\/p>\n<p><img loading=\"lazy\" decoding=\"async\" class=\"alignnone wp-image-628 size-large\" src=\"https:\/\/hydraulic-cylinders.net\/wp-content\/uploads\/2023\/08\/hydraulic-cylinder-product-3-1024x391.webp\" alt=\"\" width=\"1024\" height=\"391\" srcset=\"https:\/\/hydraulic-cylinders.net\/wp-content\/uploads\/2023\/08\/hydraulic-cylinder-product-3-980x374.webp 980w, https:\/\/hydraulic-cylinders.net\/wp-content\/uploads\/2023\/08\/hydraulic-cylinder-product-3-480x183.webp 480w\" sizes=\"(min-width: 0px) and (max-width: 480px) 480px, (min-width: 481px) and (max-width: 980px) 980px, (min-width: 981px) 1024px, 100vw\" \/><\/p>\n<h3>(3) Svetsning<\/h3>\n<p><img loading=\"lazy\" decoding=\"async\" class=\"alignnone wp-image-629 size-large\" src=\"https:\/\/hydraulic-cylinders.net\/wp-content\/uploads\/2023\/08\/hydraulic-cylinder-product-4-1024x510.webp\" alt=\"\" width=\"1024\" height=\"510\" srcset=\"https:\/\/hydraulic-cylinders.net\/wp-content\/uploads\/2023\/08\/hydraulic-cylinder-product-4-980x488.webp 980w, https:\/\/hydraulic-cylinders.net\/wp-content\/uploads\/2023\/08\/hydraulic-cylinder-product-4-480x239.webp 480w\" sizes=\"(min-width: 0px) and (max-width: 480px) 480px, (min-width: 481px) and (max-width: 980px) 980px, (min-width: 981px) 1024px, 100vw\" \/><\/p>\n<h3>(4) M\u00e5lning och ytbehandling<\/h3>\n<p>Med sm\u00e5 och medelstora cylindriska automatiska vattenbaserade f\u00e4rgbel\u00e4ggningslinjer, f\u00f6r att uppn\u00e5 automatisk robotlastning och lossning samt automatisk sprutning, \u00e4r den designade kapaciteten 4000 stycken per skift;<br \/>\nVi har \u00e4ven en halvautomatisk f\u00e4rgproduktionslinje f\u00f6r stora cylindrar som drivs av en sl\u00e4pkedja, med en designkapacitet p\u00e5 60 l\u00e5dor per skift.<\/p>\n<p><img loading=\"lazy\" decoding=\"async\" class=\"alignnone wp-image-630\" src=\"https:\/\/hydraulic-cylinders.net\/wp-content\/uploads\/2023\/08\/hydraulic-cylinder-product-5-300x213.webp\" alt=\"\" width=\"366\" height=\"260\" \/> <img loading=\"lazy\" decoding=\"async\" class=\"alignnone wp-image-631\" src=\"https:\/\/hydraulic-cylinders.net\/wp-content\/uploads\/2023\/08\/hydraulic-cylinder-product-6-300x225.webp\" alt=\"\" width=\"347\" height=\"260\" \/><\/p>\n<h3>(5) Testning<\/h3>\n<p>Vi har f\u00f6rstklassiga inspektionsanl\u00e4ggningar och testb\u00e4ddar f\u00f6r att s\u00e4kerst\u00e4lla att cylinderns prestanda uppfyller kraven.<\/p>\n<p><img loading=\"lazy\" decoding=\"async\" class=\"alignnone wp-image-632\" src=\"https:\/\/hydraulic-cylinders.net\/wp-content\/uploads\/2023\/08\/hydraulic-cylinder-product-8-300x200.webp\" alt=\"\" width=\"389\" height=\"260\" \/><\/p>\n<p>&nbsp;<\/p>\n<p>&nbsp;<\/p>\n<p>Vi \u00e4r en av de b\u00e4sta tillverkarna av hydraulcylindrar. Vi kan erbjuda ett helt\u00e4ckande utbud av hydraulcylindrar. Vi tillhandah\u00e5ller \u00e4ven motsvarande <a href=\"https:\/\/hzpt.com\/agricultural-pto-gearbox\/\" target=\"_blank\" rel=\"noopener\">jordbruksv\u00e4xell\u00e5dor<\/a>Vi har exporterat v\u00e5ra produkter till kunder \u00f6ver hela v\u00e4rlden och f\u00e5tt ett gott rykte tack vare v\u00e5r \u00f6verl\u00e4gsna produktkvalitet och kundservice. Vi v\u00e4lkomnar kunder b\u00e5de hemma och utomlands att kontakta oss f\u00f6r att f\u00f6rhandla aff\u00e4rer, utbyta information och <a href=\"https:\/\/www.hydraulic-cylinders.net\/sv\/contact-us\/\">samarbeta med oss<\/a>!<\/p>\n<p>&nbsp;<\/p>\n<p>&nbsp;<\/p>","protected":false},"excerpt":{"rendered":"<p>Empty Container Stacker Oil Side Shift Cylinder The empty container stacker oil side shift cylinder is a crucial component designed to enhance the versatility and efficiency of empty container stackers. This hydraulic cylinder enables precise side shifting of containers, allowing operators to position them quickly and accurately. With its advanced features, robust construction, and seamless [&hellip;]<\/p>","protected":false},"featured_media":1840,"comment_status":"open","ping_status":"closed","template":"","meta":{"_et_pb_use_builder":"","_et_pb_old_content":"","_et_gb_content_width":""},"product_brand":[],"product_cat":[1550,1516,1552],"product_tag":[1380],"class_list":{"0":"post-1838","1":"product","2":"type-product","3":"status-publish","4":"has-post-thumbnail","6":"product_cat-double-acting-hydraulic-cylinder","7":"product_cat-stacker-reclaimer-hydraulic-cylinders","8":"product_cat-stainless-steel-hydraulic-cylinder","9":"product_tag-hydraulic-cylinder","11":"first","12":"instock","13":"shipping-taxable","14":"product-type-simple"},"amp_enabled":true,"_links":{"self":[{"href":"https:\/\/www.hydraulic-cylinders.net\/sv\/wp-json\/wp\/v2\/product\/1838","targetHints":{"allow":["GET"]}}],"collection":[{"href":"https:\/\/www.hydraulic-cylinders.net\/sv\/wp-json\/wp\/v2\/product"}],"about":[{"href":"https:\/\/www.hydraulic-cylinders.net\/sv\/wp-json\/wp\/v2\/types\/product"}],"replies":[{"embeddable":true,"href":"https:\/\/www.hydraulic-cylinders.net\/sv\/wp-json\/wp\/v2\/comments?post=1838"}],"wp:featuredmedia":[{"embeddable":true,"href":"https:\/\/www.hydraulic-cylinders.net\/sv\/wp-json\/wp\/v2\/media\/1840"}],"wp:attachment":[{"href":"https:\/\/www.hydraulic-cylinders.net\/sv\/wp-json\/wp\/v2\/media?parent=1838"}],"wp:term":[{"taxonomy":"product_brand","embeddable":true,"href":"https:\/\/www.hydraulic-cylinders.net\/sv\/wp-json\/wp\/v2\/product_brand?post=1838"},{"taxonomy":"product_cat","embeddable":true,"href":"https:\/\/www.hydraulic-cylinders.net\/sv\/wp-json\/wp\/v2\/product_cat?post=1838"},{"taxonomy":"product_tag","embeddable":true,"href":"https:\/\/www.hydraulic-cylinders.net\/sv\/wp-json\/wp\/v2\/product_tag?post=1838"}],"curies":[{"name":"wp","href":"https:\/\/api.w.org\/{rel}","templated":true}]}}