{"id":1848,"date":"2023-10-17T07:33:15","date_gmt":"2023-10-17T07:33:15","guid":{"rendered":"https:\/\/hydraulic-cylinders.net\/?post_type=product&#038;p=1848"},"modified":"2025-04-15T05:42:48","modified_gmt":"2025-04-15T05:42:48","slug":"reach-stacker-steering-cylinder","status":"publish","type":"product","link":"https:\/\/www.hydraulic-cylinders.net\/sv\/produkt\/reach-stacker-steering-cylinder\/","title":{"rendered":"Styrcylinder f\u00f6r reachstacker"},"content":{"rendered":"<h1 style=\"text-align: center;\"><strong>Styrcylinder f\u00f6r reachstacker<\/strong><\/h1>\n<h1 style=\"text-align: center;\"><img loading=\"lazy\" decoding=\"async\" class=\"alignnone wp-image-1849\" src=\"https:\/\/hydraulic-cylinders.net\/wp-content\/uploads\/2023\/10\/steering-cylinder-1-6-300x300.webp\" alt=\"\" width=\"400\" height=\"400\" \/><\/h1>\n<p>Reachstackerns styrcylinder \u00e4r en viktig hydraulisk komponent som \u00e4r utformad f\u00f6r att optimera kontroll och man\u00f6vrerbarhet hos reachstackers vid materialhantering. Denna specialcylinder m\u00f6jligg\u00f6r smidig och exakt styrning, vilket g\u00f6r att f\u00f6rare kan navigera i tr\u00e5nga utrymmen och hantera tunga laster med l\u00e4tthet. Med sina exceptionella funktioner, robusta konstruktion och tillf\u00f6rlitliga prestanda revolutionerar reachstackerns styrcylinder effektiviteten och produktiviteten i materialhanteringsprocesser.<\/p>\n<p>Reachstackerns styrcylinder \u00e4r banbrytande inom materialhantering och erbjuder f\u00f6rb\u00e4ttrad kontroll, man\u00f6vrerbarhet och effektivitet. Med sina exceptionella styrfunktioner, h\u00f6ga lastb\u00e4rande kapacitet och optimala energieffektivitet ger denna cylinder operat\u00f6rerna m\u00f6jlighet att navigera reachstackers med l\u00e4tthet, vilket \u00f6kar produktiviteten och s\u00e4kerheten. Genom att f\u00f6lja de rekommenderade anv\u00e4ndningsmetoderna och implementera regelbundet underh\u00e5ll kan f\u00f6retag maximera prestandan, livsl\u00e4ngden och tillf\u00f6rlitligheten hos sina reachstacker-operationer. Reachstackerns styrcylinder \u00e4r en v\u00e4rdefull investering f\u00f6r alla materialhanteringsflottor, vilket m\u00f6jligg\u00f6r exakt kontroll, effektiv man\u00f6vrering och smidig drift i den konkurrensutsatta materialhanteringsbranschen.<\/p>\n<p>Reachstackerns styrcylinders viktigaste egenskaper:<\/p>\n<ul>\n<li>F\u00f6rb\u00e4ttrad styrning: Reachstackerns styrcylinder erbjuder exceptionell styrning, vilket g\u00f6r det m\u00f6jligt f\u00f6r f\u00f6rare att navigera reachstackers exakt. Den s\u00e4kerst\u00e4ller smidig och responsiv styrning, vilket underl\u00e4ttar korrekt positionering av containrar och effektiv man\u00f6vrering i tr\u00e5nga utrymmen. F\u00f6rare kan tryggt navigera komplexa layouter, vilket f\u00f6rb\u00e4ttrar produktiviteten och minskar risken f\u00f6r olyckor eller skador.<\/li>\n<li>H\u00f6g b\u00e4rf\u00f6rm\u00e5ga: Denna cylinder \u00e4r konstruerad f\u00f6r att motst\u00e5 tunga belastningar som uppst\u00e5r vid materialhantering. Den \u00e4r konstruerad med robusta material och robust konstruktion, vilket g\u00f6r att den klarar p\u00e5frestningarna i kr\u00e4vande applikationer. Reach Stacker-styrcylindern s\u00e4kerst\u00e4ller stabilitet och tillf\u00f6rlitlighet, \u00e4ven vid man\u00f6vrering av stora containrar eller transport av betydande laster, vilket f\u00f6rb\u00e4ttrar s\u00e4kerhet och prestanda.<\/li>\n<li>Optimal effektivitet: Reachstackerns styrcylinder bidrar till den totala driftseffektiviteten genom att minimera energif\u00f6rlusten under styrman\u00f6vrer. Den har avancerad hydraulteknik som minskar intern friktion, f\u00f6rb\u00e4ttrar energieffektiviteten och minskar str\u00f6mf\u00f6rbrukningen. Denna effektivitet leder till kostnadsbesparingar och f\u00f6rl\u00e4ngd livsl\u00e4ngd f\u00f6r utrustningen.<\/li>\n<\/ul>\n<h2><strong>Parameter f\u00f6r styrcylinder f\u00f6r reachstacker:<\/strong><\/h2>\n<table border=\"1\" cellspacing=\"0\" cellpadding=\"0\">\n<tbody>\n<tr>\n<td>Produktnamn<\/td>\n<td>Reach Stacker Luffing Cylinder<\/td>\n<\/tr>\n<tr>\n<td>Drag:<\/td>\n<td>Inse justeringen av kranens d\u00e4ckriktning<\/td>\n<\/tr>\n<tr>\n<td>Borrdiameter:<\/td>\n<td>80 mm\uff5e200 mm<\/td>\n<\/tr>\n<tr>\n<td>St\u00e5ngdiameter:<\/td>\n<td>60 mm\uff5e100 mm<br \/>\nSlagl\u00e4ngd \u22649500 mm<\/td>\n<\/tr>\n<tr>\n<td>Tryck:<\/td>\n<td>Maximalt 25 MPa<\/td>\n<\/tr>\n<tr>\n<td>Anv\u00e4ndningsomr\u00e5den:<\/td>\n<td>Reach Stacker<\/td>\n<\/tr>\n<\/tbody>\n<\/table>\n<h2><strong>Anv\u00e4ndning av reachstackercylinder:<\/strong><\/h2>\n<p><img loading=\"lazy\" decoding=\"async\" class=\"alignnone wp-image-1844 size-full\" src=\"https:\/\/hydraulic-cylinders.net\/wp-content\/uploads\/2023\/10\/reach-stacker-cylinder.webp\" alt=\"\" width=\"1418\" height=\"946\" srcset=\"https:\/\/hydraulic-cylinders.net\/wp-content\/uploads\/2023\/10\/reach-stacker-cylinder.webp 1418w, https:\/\/hydraulic-cylinders.net\/wp-content\/uploads\/2023\/10\/reach-stacker-cylinder-1280x854.webp 1280w, https:\/\/hydraulic-cylinders.net\/wp-content\/uploads\/2023\/10\/reach-stacker-cylinder-980x654.webp 980w, https:\/\/hydraulic-cylinders.net\/wp-content\/uploads\/2023\/10\/reach-stacker-cylinder-480x320.webp 480w\" sizes=\"(min-width: 0px) and (max-width: 480px) 480px, (min-width: 481px) and (max-width: 980px) 980px, (min-width: 981px) and (max-width: 1280px) 1280px, (min-width: 1281px) 1418px, 100vw\" \/><\/p>\n<h2><strong>Anv\u00e4ndningsmetod f\u00f6r reach stacker-styrcylinder<\/strong><strong>:<\/strong><\/h2>\n<p>Styrkontroll: F\u00f6r att effektivt anv\u00e4nda Reach Stackerns styrcylinder, f\u00f6lj dessa steg:<\/p>\n<p>a. Koppla in reachstackerns hydraulsystem och se till att hydraultrycket ligger inom det rekommenderade driftsomr\u00e5det.<br \/>\nb. Anv\u00e4nd reachstackerns styrreglage, s\u00e5som en ratt eller joystick, f\u00f6r att styra fordonets r\u00f6relse.<br \/>\nc. Reachstackerns styrcylinder kommer att reagera p\u00e5 f\u00f6rarens input och omvandla den till mjuka och exakta styrr\u00f6relser.<br \/>\nd. \u00d6vervaka reachstackerns riktning och justera styring\u00e5ngen f\u00f6r att uppn\u00e5 \u00f6nskad bana eller positionering.<\/p>\n<h2><strong>Hur tillverkas hydraulcylindrar?<\/strong><\/h2>\n<p>Hydraulcylindrar tillverkas vanligtvis med hj\u00e4lp av en systematisk process som involverar flera viktiga steg. \u00c4ven om detaljerna kan variera beroende p\u00e5 tillverkare och cylinderdesign, \u00e4r f\u00f6ljande en allm\u00e4n \u00f6versikt \u00f6ver hur hydraulcylindrar tillverkas:<\/p>\n<ol>\n<li><strong>Design och teknik:<\/strong>\n<ul>\n<li>Processen b\u00f6rjar med design- och konstruktionsfasen. Ingenj\u00f6rer och konstrukt\u00f6rer skapar detaljerade specifikationer med h\u00e4nsyn till lastkapacitet, slagl\u00e4ngd, driftstryck och milj\u00f6f\u00f6rh\u00e5llanden.<\/li>\n<\/ul>\n<\/li>\n<li><strong>Materialval:<\/strong>\n<ul>\n<li>N\u00e4r konstruktionen \u00e4r f\u00e4rdigst\u00e4lld v\u00e4ljs l\u00e4mpliga material baserat p\u00e5 till\u00e4mpningskraven. Vanliga material som anv\u00e4nds f\u00f6r hydraulcylindrar inkluderar h\u00f6gh\u00e5llfast st\u00e5l f\u00f6r cylinderr\u00f6r, kolv och st\u00e5ng, samt t\u00e4tningar och packningar tillverkade av elastomerer eller andra l\u00e4mpliga material.<\/li>\n<\/ul>\n<\/li>\n<li><strong>Produktion av cylinderfat:<\/strong>\n<ul>\n<li>Cylinderr\u00f6ret tillverkas vanligtvis genom en process som kallas hening. Hening inneb\u00e4r precisionsbearbetning av r\u00f6rets insida f\u00f6r att uppn\u00e5 en j\u00e4mn och exakt yta. Detta s\u00e4kerst\u00e4ller optimal t\u00e4tning och minskar friktion under drift.<\/li>\n<\/ul>\n<\/li>\n<li><strong>Kolv- och st\u00e5ngproduktion:<\/strong>\n<ul>\n<li>Kolven och st\u00e5ngen \u00e4r vanligtvis maskinbearbetade av h\u00f6gh\u00e5llfast st\u00e5l. CNC eller andra bearbetningstekniker anv\u00e4nds f\u00f6r att uppn\u00e5 exakta dimensioner och toleranser. Kolven kan ha sp\u00e5r f\u00f6r t\u00e4tningar, och st\u00e5ngen \u00e4r ofta h\u00e4rdad och kromad f\u00f6r h\u00e5llbarhet och slitstyrka.<\/li>\n<\/ul>\n<\/li>\n<li><strong>Montering:<\/strong>\n<ul>\n<li>Monteringsprocessen inneb\u00e4r att olika komponenter monteras ihop f\u00f6r att skapa hydraulcylindern. Detta inkluderar att s\u00e4tta in t\u00e4tningar, lager och andra n\u00f6dv\u00e4ndiga delar i cylindern, f\u00e4sta kolven och st\u00e5ngen och s\u00e4kra dem med l\u00e5sringar eller bultar.<\/li>\n<\/ul>\n<\/li>\n<li><strong>Ytbehandling och bel\u00e4ggning:<\/strong>\n<ul>\n<li>Beroende p\u00e5 till\u00e4mpning och milj\u00f6f\u00f6rh\u00e5llanden kan hydraulcylindern genomg\u00e5 ytbehandlingar och bel\u00e4ggningar f\u00f6r att f\u00f6rb\u00e4ttra korrosionsbest\u00e4ndighet och h\u00e5llbarhet. Detta kan inkludera galvanisering, m\u00e5lning eller applicering av specialbel\u00e4ggningar.<\/li>\n<\/ul>\n<\/li>\n<li><strong>Testning och kvalitetskontroll:<\/strong>\n<ul>\n<li>N\u00e4r monteringen \u00e4r klar genomg\u00e5r hydraulcylindrar rigor\u00f6sa tester f\u00f6r att uppfylla kvalitets- och prestandastandarder. Detta kan inkludera tryck-, l\u00e4ckage- och funktionstester f\u00f6r att verifiera korrekt funktion och tillf\u00f6rlitlighet.<\/li>\n<\/ul>\n<\/li>\n<li><strong>Slutbehandling och f\u00f6rpackning:<\/strong>\n<ul>\n<li>Efter att ha godk\u00e4nt kvalitetskontroller genomg\u00e5r hydraulcylindrarna slutliga ytbehandlingar, s\u00e5som reng\u00f6ring, gradning och kosmetiska f\u00f6rb\u00e4ttringar. De f\u00f6rpackas sedan noggrant f\u00f6r transport eller lagring, redo att installeras i hydraulsystem.<\/li>\n<\/ul>\n<\/li>\n<\/ol>\n<h2><strong>Fabrikens kapacitet och kapacitet:<\/strong><\/h2>\n<h3>(1) Montering<\/h3>\n<p>Vi har en f\u00f6rstklassig oberoende forsknings- och utvecklingsplattform. Verkstaden f\u00f6r tillverkning av hydraulcylindrar har fyra halvautomatiska monteringslinjer f\u00f6r lyftcylindrar och en automatisk monteringslinje f\u00f6r tiltcylindrar, med en planerad \u00e5rlig produktionskapacitet p\u00e5 1 miljon enheter. Specialcylinderverkstaden \u00e4r utrustad med olika specifikationer f\u00f6r ett halvautomatiskt reng\u00f6ringsmonteringssystem med en planerad \u00e5rlig produktionskapacitet p\u00e5 200 000 och utrustad med k\u00e4nd CNC-bearbetningsutrustning, ett fleroperationscenter, en specialutrustning f\u00f6r h\u00f6gprecisionscylindrar, en robotsvetsmaskin, en automatisk reng\u00f6ringsmaskin, en automatisk cylindermonteringsmaskin och en automatisk produktionslinje f\u00f6r m\u00e5lning. Befintlig kritisk utrustning p\u00e5 mer \u00e4n 300 set (set). Optimal allokering och effektiv anv\u00e4ndning av utrustningsresurser s\u00e4kerst\u00e4ller produkternas noggrannhetskrav och uppfyller produkternas h\u00f6ga kvalitetsbehov.<\/p>\n<p><img loading=\"lazy\" decoding=\"async\" class=\"alignnone wp-image-626\" src=\"https:\/\/hydraulic-cylinders.net\/wp-content\/uploads\/2023\/08\/hydraulic-cylinder-product-1-300x158.webp\" alt=\"\" width=\"495\" height=\"260\" srcset=\"https:\/\/hydraulic-cylinders.net\/wp-content\/uploads\/2023\/08\/hydraulic-cylinder-product-1-300x158.webp 495w, https:\/\/hydraulic-cylinders.net\/wp-content\/uploads\/2023\/08\/hydraulic-cylinder-product-1-480x252.webp 480w\" sizes=\"(min-width: 0px) and (max-width: 480px) 480px, (min-width: 481px) 495px, 100vw\" \/> <img loading=\"lazy\" decoding=\"async\" class=\"alignnone wp-image-627\" src=\"https:\/\/hydraulic-cylinders.net\/wp-content\/uploads\/2023\/08\/hydraulic-cylinder-product-2-300x189.webp\" alt=\"\" width=\"413\" height=\"260\" \/><\/p>\n<h3>(2) Maskinbearbetning<\/h3>\n<p>Bearbetningsverkstaden \u00e4r utrustad med en specialanpassad svarvcentral f\u00f6r lutande r\u00e4ls, bearbetningscenter, h\u00f6ghastighetsh\u00f6nsmaskin, svetsrobot och annan relaterad utrustning, som kan hantera bearbetning av cylinderr\u00f6r med en maximal innerdiameter p\u00e5 400 mm och en maximal l\u00e4ngd p\u00e5 6 meter.<\/p>\n<p><img loading=\"lazy\" decoding=\"async\" class=\"alignnone wp-image-628 size-large\" src=\"https:\/\/hydraulic-cylinders.net\/wp-content\/uploads\/2023\/08\/hydraulic-cylinder-product-3-1024x391.webp\" alt=\"\" width=\"1024\" height=\"391\" srcset=\"https:\/\/hydraulic-cylinders.net\/wp-content\/uploads\/2023\/08\/hydraulic-cylinder-product-3-980x374.webp 980w, https:\/\/hydraulic-cylinders.net\/wp-content\/uploads\/2023\/08\/hydraulic-cylinder-product-3-480x183.webp 480w\" sizes=\"(min-width: 0px) and (max-width: 480px) 480px, (min-width: 481px) and (max-width: 980px) 980px, (min-width: 981px) 1024px, 100vw\" \/><\/p>\n<h3>(3) Svetsning<\/h3>\n<p><img loading=\"lazy\" decoding=\"async\" class=\"alignnone wp-image-629 size-large\" src=\"https:\/\/hydraulic-cylinders.net\/wp-content\/uploads\/2023\/08\/hydraulic-cylinder-product-4-1024x510.webp\" alt=\"\" width=\"1024\" height=\"510\" srcset=\"https:\/\/hydraulic-cylinders.net\/wp-content\/uploads\/2023\/08\/hydraulic-cylinder-product-4-980x488.webp 980w, https:\/\/hydraulic-cylinders.net\/wp-content\/uploads\/2023\/08\/hydraulic-cylinder-product-4-480x239.webp 480w\" sizes=\"(min-width: 0px) and (max-width: 480px) 480px, (min-width: 481px) and (max-width: 980px) 980px, (min-width: 981px) 1024px, 100vw\" \/><\/p>\n<h3>(4) M\u00e5lning och ytbehandling<\/h3>\n<p>Med sm\u00e5 och medelstora cylindriska automatiska vattenbaserade f\u00e4rgbel\u00e4ggningslinjer, f\u00f6r att uppn\u00e5 automatisk robotlastning och lossning samt automatisk sprutning, \u00e4r den designade kapaciteten 4000 stycken per skift;<br \/>\nVi har \u00e4ven en halvautomatisk f\u00e4rgproduktionslinje f\u00f6r stora cylindrar som drivs av en sl\u00e4pkedja, med en designkapacitet p\u00e5 60 l\u00e5dor per skift.<\/p>\n<p><img loading=\"lazy\" decoding=\"async\" class=\"alignnone wp-image-630\" src=\"https:\/\/hydraulic-cylinders.net\/wp-content\/uploads\/2023\/08\/hydraulic-cylinder-product-5-300x213.webp\" alt=\"\" width=\"366\" height=\"260\" \/> <img loading=\"lazy\" decoding=\"async\" class=\"alignnone wp-image-631\" src=\"https:\/\/hydraulic-cylinders.net\/wp-content\/uploads\/2023\/08\/hydraulic-cylinder-product-6-300x225.webp\" alt=\"\" width=\"347\" height=\"260\" \/><\/p>\n<h3>(5) Testning<\/h3>\n<p>Vi har f\u00f6rstklassiga inspektionsanl\u00e4ggningar och testb\u00e4ddar f\u00f6r att s\u00e4kerst\u00e4lla att cylinderns prestanda uppfyller kraven.<\/p>\n<p><img loading=\"lazy\" decoding=\"async\" class=\"alignnone wp-image-632\" src=\"https:\/\/hydraulic-cylinders.net\/wp-content\/uploads\/2023\/08\/hydraulic-cylinder-product-8-300x200.webp\" alt=\"\" width=\"389\" height=\"260\" \/><\/p>\n<p>&nbsp;<\/p>\n<p>&nbsp;<\/p>\n<p>Vi \u00e4r en av de b\u00e4sta tillverkarna av hydraulcylindrar. Vi kan erbjuda ett helt\u00e4ckande utbud av hydraulcylindrar. Vi tillhandah\u00e5ller \u00e4ven motsvarande <a href=\"https:\/\/hzpt.com\/agricultural-pto-gearbox\/\" target=\"_blank\" rel=\"noopener\">jordbruksv\u00e4xell\u00e5dor<\/a>Vi har exporterat v\u00e5ra produkter till kunder \u00f6ver hela v\u00e4rlden och f\u00e5tt ett gott rykte tack vare v\u00e5r \u00f6verl\u00e4gsna produktkvalitet och kundservice. Vi v\u00e4lkomnar kunder b\u00e5de hemma och utomlands att kontakta oss f\u00f6r att f\u00f6rhandla aff\u00e4rer, utbyta information och <a href=\"https:\/\/www.hydraulic-cylinders.net\/sv\/contact-us\/\">samarbeta med oss<\/a>!<\/p>\n<p>&nbsp;<\/p>\n<p>&nbsp;<\/p>","protected":false},"excerpt":{"rendered":"<p>Reach Stacker Steering Cylinder The reach stacker steering cylinder is a vital hydraulic component designed to optimize control and maneuverability of reach stackers in material handling operations. This specialized cylinder enables smooth and precise steering, allowing operators to navigate tight spaces and handle heavy loads with ease. With its exceptional features, robust construction, and reliable [&hellip;]<\/p>","protected":false},"featured_media":1850,"comment_status":"open","ping_status":"closed","template":"","meta":{"_et_pb_use_builder":"","_et_pb_old_content":"","_et_gb_content_width":""},"product_brand":[],"product_cat":[1550,1516,1552],"product_tag":[1380],"class_list":{"0":"post-1848","1":"product","2":"type-product","3":"status-publish","4":"has-post-thumbnail","6":"product_cat-double-acting-hydraulic-cylinder","7":"product_cat-stacker-reclaimer-hydraulic-cylinders","8":"product_cat-stainless-steel-hydraulic-cylinder","9":"product_tag-hydraulic-cylinder","11":"first","12":"instock","13":"shipping-taxable","14":"product-type-simple"},"amp_enabled":true,"_links":{"self":[{"href":"https:\/\/www.hydraulic-cylinders.net\/sv\/wp-json\/wp\/v2\/product\/1848","targetHints":{"allow":["GET"]}}],"collection":[{"href":"https:\/\/www.hydraulic-cylinders.net\/sv\/wp-json\/wp\/v2\/product"}],"about":[{"href":"https:\/\/www.hydraulic-cylinders.net\/sv\/wp-json\/wp\/v2\/types\/product"}],"replies":[{"embeddable":true,"href":"https:\/\/www.hydraulic-cylinders.net\/sv\/wp-json\/wp\/v2\/comments?post=1848"}],"wp:featuredmedia":[{"embeddable":true,"href":"https:\/\/www.hydraulic-cylinders.net\/sv\/wp-json\/wp\/v2\/media\/1850"}],"wp:attachment":[{"href":"https:\/\/www.hydraulic-cylinders.net\/sv\/wp-json\/wp\/v2\/media?parent=1848"}],"wp:term":[{"taxonomy":"product_brand","embeddable":true,"href":"https:\/\/www.hydraulic-cylinders.net\/sv\/wp-json\/wp\/v2\/product_brand?post=1848"},{"taxonomy":"product_cat","embeddable":true,"href":"https:\/\/www.hydraulic-cylinders.net\/sv\/wp-json\/wp\/v2\/product_cat?post=1848"},{"taxonomy":"product_tag","embeddable":true,"href":"https:\/\/www.hydraulic-cylinders.net\/sv\/wp-json\/wp\/v2\/product_tag?post=1848"}],"curies":[{"name":"wp","href":"https:\/\/api.w.org\/{rel}","templated":true}]}}